





{"id":52645,"date":"2022-08-22T12:43:39","date_gmt":"2022-08-22T10:43:39","guid":{"rendered":"https:\/\/repliquemangacine.fr\/?post_type=product&#038;p=52645"},"modified":"2026-04-10T14:16:18","modified_gmt":"2026-04-10T12:16:18","slug":"schulterholster-m7","status":"publish","type":"product","link":"https:\/\/repliquemangacine.fr\/de\/holster-accessoires-western\/holster-depaule-m7\/","title":{"rendered":"M7 Schulterholster"},"content":{"rendered":"<h2>M7 US Schulterholster f\u00fcr Colt M1911A1<\/h2>\n<p>Den Anfang macht das Schulterholster M7, ein braunes Lederholster mit zwei Riemen, das in der US-Armee verwendet wurde. Es wurde w\u00e4hrend des Zweiten Weltkriegs von Piloten, Panzerfahrern und anderen Fahrzeugf\u00fchrern verwendet und war in sitzender Position leichter zu bedienen.<\/p>\n<p>Sie wurden bei anderen Soldaten beliebt, denen die dicke Lederklappe am Standard-H\u00fcftholster M1911-A1 nicht gefiel. Sie werden weiterhin von der US-Armee f\u00fcr die Pistole M9 hergestellt.<\/p>\n<p>Es muss betont werden, dass w\u00e4hrend des Zweiten Weltkriegs der <a href=\"https:\/\/www.secondeguerre.net\/articles\/armes\/us\/pi\/ar_colt1911a1.html\" target=\"_blank\" rel=\"noopener noreferrer\">Colt M1911A1<\/a> ist die Dienstpistole der US-Streitkr\u00e4fte. Dar\u00fcber hinaus wurden im Rahmen des Leih- und Pachtgesetzes zahlreiche Soldaten der Alliierten damit ausger\u00fcstet.<\/p>\n<p>Zusammenfassend l\u00e4sst sich sagen, dass dieses Holster ein unverzichtbares Accessoire f\u00fcr Ihre Colt M1911a1 ist.<\/p>\n<h2>Ihr M7 Schulterholster zum besten Preis.<\/h2>\n<p>Wir bieten Ihnen eine gro\u00dfe Auswahl an Militaria-Accessoires f\u00fcr Sammler.<\/p>\n<p>Zun\u00e4chst einmal,<\/p>\n<ul>\n<li>Die <a href=\"https:\/\/repliquemangacine.fr\/de\/militaria-material\/\">zubeh\u00f6r aus dem zweiten Weltkrieg<\/a> auf deutscher und US-amerikanischer Seite.<\/li>\n<li>Es gibt auch alle Nachbildungen von Waffen, wie das Gewehr <a href=\"https:\/\/repliquemangacine.fr\/de\/historische-waffen\/fusil-garand-m1\/\">M1 Garand<\/a>sondern auch das <a href=\"https:\/\/repliquemangacine.fr\/de\/darmsreproduktionen\/pistolet-mitrailleur-mp40-denix\/\">Mitralklappe MP40<\/a> der Marke Denix.<\/li>\n<li>Und viele andere, die es in unserem Online-Shop zu entdecken gibt!<\/li>\n<\/ul>\n<p>Deshalb ist dies eine gro\u00dfartige Geschenkidee f\u00fcr alle Liebhaber der Geschichte dieser Epoche.<\/p>\n<p>Abschlie\u00dfend k\u00f6nnen Sie den<strong>M7 Schulterholster<\/strong> f\u00fcr Ihre historischen Darstellungen. Aber in erster Linie ist es ein Sammler- und Dekorationsst\u00fcck. Dies vorausgesetzt, k\u00f6nnen Sie es problemlos verwenden.<\/p>\n<h2>Wie werden Ihre Sammelobjekte hergestellt?<\/h2>\n<p>Zun\u00e4chst einmal sind alle unsere Produkte von hoher Qualit\u00e4t und werden mit besonderer Sorgfalt hergestellt. Die Herstellung erfolgt zum Teil von Hand, um jedes noch so kleine Detail zu reproduzieren. Gr\u00f6\u00dfere Teile werden von pr\u00e4zisen Maschinen bearbeitet. Die Gravuren werden in der Regel mit einer Diamantspitze oder einem Laser ausgef\u00fchrt.<\/p>\n<p>Ihre <strong>M7 Schulterholster<\/strong> hergestellt, um jedes Detail genau zu reproduzieren. Um dem Erbe der originalen Meisterwerke gerecht zu werden. Der Schwerpunkt liegt darauf, qualitativ hochwertige Repliken herzustellen, die so historisch genau wie m\u00f6glich sind.<\/p>\n<p>Abschlie\u00dfend sei gesagt, dass unsere Repliken, die aus China, Spanien oder Indien importiert wurden, Sie in Erstaunen versetzen werden!<\/p>\n<p>R\u00e9plique Manga Cin\u00e9 ist ein franz\u00f6sisches Familienunternehmen.<\/p>","protected":false},"excerpt":{"rendered":"<p>Wundersch\u00f6ne Replik des M7 US ARMY Schulterholsters f\u00fcr Colt M1911A1 Kal. 45.<\/p>\n<ul>\n<li>Ganz aus Leder mit der Aufschrift \"US\" auf der Vorderseite.<\/li>\n<li>Komplett mit Schultergurt mit verschiebbarer Verst\u00e4rkung.<\/li>\n<li>Lasche zur Befestigung am G\u00fcrtel.<\/li>\n<li>Brustgurt.<\/li>\n<\/ul>","protected":false},"featured_media":52646,"template":"","meta":[],"product_brand":[896],"product_cat":[25,54,45,90,85,27],"product_tag":[],"class_list":{"0":"post-52645","1":"product","2":"type-product","3":"status-publish","4":"has-post-thumbnail","6":"product_brand-replique-manga-cine","7":"product_cat-armes-historiques","8":"product_cat-armes-accessoires-guerre-mondiale","9":"product_cat-holster-western-ceinturon","10":"product_cat-holster-accessoires-western","11":"product_cat-dagues-et-accessoires-seconde-guerre-mondiale-materiels-militaria","12":"product_cat-armes-et-accessoires-western","14":"first","15":"instock","16":"taxable","17":"shipping-taxable","18":"purchasable","19":"product-type-simple"},"yoast_head":"<!-- This site is optimized with the Yoast SEO plugin v27.5 - https:\/\/yoast.com\/product\/yoast-seo-wordpress\/ -->\n<title>Holster d&#039;\u00e9paule M7 pour Colt M1911A1 - R\u00e9plique Manga Cin\u00e9<\/title>\n<meta name=\"description\" content=\"Offrez-lui cet Holster d&#039;\u00e9paule M7 au meilleur prix - Tout en cuir Marron - Marqu\u00e9 US devant - Sangle d&#039;\u00e9paule - Patte de fixation au ceinturon.\" \/>\n<meta name=\"robots\" content=\"index, follow, max-snippet:-1, max-image-preview:large, max-video-preview:-1\" \/>\n<link rel=\"canonical\" href=\"https:\/\/repliquemangacine.fr\/de\/holster-westernzubehor\/schulterholster-m7\/\" \/>\n<meta property=\"og:locale\" content=\"de_DE\" \/>\n<meta property=\"og:type\" content=\"article\" \/>\n<meta property=\"og:title\" content=\"Holster d&#039;\u00e9paule M7 pour Colt M1911A1 - R\u00e9plique Manga Cin\u00e9\" \/>\n<meta property=\"og:description\" content=\"Offrez-lui cet Holster d&#039;\u00e9paule M7 au meilleur prix - Tout en cuir Marron - Marqu\u00e9 US devant - Sangle d&#039;\u00e9paule - Patte de fixation au ceinturon.\" \/>\n<meta property=\"og:url\" content=\"https:\/\/repliquemangacine.fr\/de\/holster-westernzubehor\/schulterholster-m7\/\" \/>\n<meta property=\"og:site_name\" content=\"R\u00e9plique Manga Cin\u00e9\" \/>\n<meta property=\"article:publisher\" content=\"https:\/\/www.facebook.com\/RepliqueMangaCine\" \/>\n<meta property=\"article:modified_time\" content=\"2026-04-10T12:16:18+00:00\" \/>\n<meta property=\"og:image\" content=\"https:\/\/repliquemangacine.fr\/wp-content\/uploads\/2023\/10\/holster-m7.jpg\" \/>\n\t<meta property=\"og:image:width\" content=\"500\" \/>\n\t<meta property=\"og:image:height\" content=\"500\" \/>\n\t<meta property=\"og:image:type\" content=\"image\/jpeg\" \/>\n<meta name=\"twitter:card\" content=\"summary_large_image\" \/>\n<meta name=\"twitter:label1\" content=\"Gesch\u00e4tzte Lesezeit\" \/>\n\t<meta name=\"twitter:data1\" content=\"2\u00a0Minuten\" \/>\n<script type=\"application\/ld+json\" class=\"yoast-schema-graph\">{\"@context\":\"https:\\\/\\\/schema.org\",\"@graph\":[{\"@type\":\"WebPage\",\"@id\":\"https:\\\/\\\/repliquemangacine.fr\\\/holster-accessoires-western\\\/holster-depaule-m7\\\/\",\"url\":\"https:\\\/\\\/repliquemangacine.fr\\\/holster-accessoires-western\\\/holster-depaule-m7\\\/\",\"name\":\"Holster d'\u00e9paule M7 pour Colt M1911A1 - R\u00e9plique Manga Cin\u00e9\",\"isPartOf\":{\"@id\":\"https:\\\/\\\/repliquemangacine.fr\\\/#website\"},\"primaryImageOfPage\":{\"@id\":\"https:\\\/\\\/repliquemangacine.fr\\\/holster-accessoires-western\\\/holster-depaule-m7\\\/#primaryimage\"},\"image\":{\"@id\":\"https:\\\/\\\/repliquemangacine.fr\\\/holster-accessoires-western\\\/holster-depaule-m7\\\/#primaryimage\"},\"thumbnailUrl\":\"https:\\\/\\\/repliquemangacine.fr\\\/wp-content\\\/uploads\\\/2023\\\/10\\\/holster-m7.jpg\",\"datePublished\":\"2022-08-22T10:43:39+00:00\",\"dateModified\":\"2026-04-10T12:16:18+00:00\",\"description\":\"Offrez-lui cet Holster d'\u00e9paule M7 au meilleur prix - Tout en cuir Marron - Marqu\u00e9 US devant - Sangle d'\u00e9paule - Patte de fixation au ceinturon.\",\"breadcrumb\":{\"@id\":\"https:\\\/\\\/repliquemangacine.fr\\\/holster-accessoires-western\\\/holster-depaule-m7\\\/#breadcrumb\"},\"inLanguage\":\"de\",\"potentialAction\":[{\"@type\":\"ReadAction\",\"target\":[\"https:\\\/\\\/repliquemangacine.fr\\\/holster-accessoires-western\\\/holster-depaule-m7\\\/\"]}]},{\"@type\":\"ImageObject\",\"inLanguage\":\"de\",\"@id\":\"https:\\\/\\\/repliquemangacine.fr\\\/holster-accessoires-western\\\/holster-depaule-m7\\\/#primaryimage\",\"url\":\"https:\\\/\\\/repliquemangacine.fr\\\/wp-content\\\/uploads\\\/2023\\\/10\\\/holster-m7.jpg\",\"contentUrl\":\"https:\\\/\\\/repliquemangacine.fr\\\/wp-content\\\/uploads\\\/2023\\\/10\\\/holster-m7.jpg\",\"width\":500,\"height\":500,\"caption\":\"Holster d'\u00e9paule M7\"},{\"@type\":\"BreadcrumbList\",\"@id\":\"https:\\\/\\\/repliquemangacine.fr\\\/holster-accessoires-western\\\/holster-depaule-m7\\\/#breadcrumb\",\"itemListElement\":[{\"@type\":\"ListItem\",\"position\":1,\"name\":\"Accueil\",\"item\":\"https:\\\/\\\/repliquemangacine.fr\\\/\"},{\"@type\":\"ListItem\",\"position\":2,\"name\":\"Produits\",\"item\":\"https:\\\/\\\/repliquemangacine.fr\\\/boutique\\\/\"},{\"@type\":\"ListItem\",\"position\":3,\"name\":\"Holster d&#8217;\u00e9paule M7\"}]},{\"@type\":\"WebSite\",\"@id\":\"https:\\\/\\\/repliquemangacine.fr\\\/#website\",\"url\":\"https:\\\/\\\/repliquemangacine.fr\\\/\",\"name\":\"R\u00e9plique Manga Cin\u00e9\",\"description\":\"\",\"publisher\":{\"@id\":\"https:\\\/\\\/repliquemangacine.fr\\\/#organization\"},\"potentialAction\":[{\"@type\":\"SearchAction\",\"target\":{\"@type\":\"EntryPoint\",\"urlTemplate\":\"https:\\\/\\\/repliquemangacine.fr\\\/?s={search_term_string}\"},\"query-input\":{\"@type\":\"PropertyValueSpecification\",\"valueRequired\":true,\"valueName\":\"search_term_string\"}}],\"inLanguage\":\"de\"},{\"@type\":\"Organization\",\"@id\":\"https:\\\/\\\/repliquemangacine.fr\\\/#organization\",\"name\":\"R\u00e9plique Manga Cin\u00e9\",\"url\":\"https:\\\/\\\/repliquemangacine.fr\\\/\",\"logo\":{\"@type\":\"ImageObject\",\"inLanguage\":\"de\",\"@id\":\"https:\\\/\\\/repliquemangacine.fr\\\/#\\\/schema\\\/logo\\\/image\\\/\",\"url\":\"https:\\\/\\\/repliquemangacine.fr\\\/wp-content\\\/uploads\\\/2023\\\/10\\\/RMC-500250.png\",\"contentUrl\":\"https:\\\/\\\/repliquemangacine.fr\\\/wp-content\\\/uploads\\\/2023\\\/10\\\/RMC-500250.png\",\"width\":500,\"height\":250,\"caption\":\"R\u00e9plique Manga Cin\u00e9\"},\"image\":{\"@id\":\"https:\\\/\\\/repliquemangacine.fr\\\/#\\\/schema\\\/logo\\\/image\\\/\"},\"sameAs\":[\"https:\\\/\\\/www.facebook.com\\\/RepliqueMangaCine\",\"https:\\\/\\\/www.instagram.com\\\/repliquemangacine.fr\\\/\"]}]}<\/script>\n<!-- \/ Yoast SEO plugin. -->","yoast_head_json":{"title":"M7 Schulterholster f\u00fcr Colt M1911A1 - R\u00e9plique Manga Cin\u00e9","description":"Schenken Sie ihm dieses M7 Schulterholster zum besten Preis - Vollst\u00e4ndig aus braunem Leder - US Markierung auf der Vorderseite - Schultergurt - Lasche zur Befestigung am G\u00fcrtel.","robots":{"index":"index","follow":"follow","max-snippet":"max-snippet:-1","max-image-preview":"max-image-preview:large","max-video-preview":"max-video-preview:-1"},"canonical":"https:\/\/repliquemangacine.fr\/de\/holster-westernzubehor\/schulterholster-m7\/","og_locale":"de_DE","og_type":"article","og_title":"Holster d'\u00e9paule M7 pour Colt M1911A1 - R\u00e9plique Manga Cin\u00e9","og_description":"Offrez-lui cet Holster d'\u00e9paule M7 au meilleur prix - Tout en cuir Marron - Marqu\u00e9 US devant - Sangle d'\u00e9paule - Patte de fixation au ceinturon.","og_url":"https:\/\/repliquemangacine.fr\/de\/holster-westernzubehor\/schulterholster-m7\/","og_site_name":"R\u00e9plique Manga Cin\u00e9","article_publisher":"https:\/\/www.facebook.com\/RepliqueMangaCine","article_modified_time":"2026-04-10T12:16:18+00:00","og_image":[{"width":500,"height":500,"url":"https:\/\/repliquemangacine.fr\/wp-content\/uploads\/2023\/10\/holster-m7.jpg","type":"image\/jpeg"}],"twitter_card":"summary_large_image","twitter_misc":{"Gesch\u00e4tzte Lesezeit":"2\u00a0Minuten"},"schema":{"@context":"https:\/\/schema.org","@graph":[{"@type":"WebPage","@id":"https:\/\/repliquemangacine.fr\/holster-accessoires-western\/holster-depaule-m7\/","url":"https:\/\/repliquemangacine.fr\/holster-accessoires-western\/holster-depaule-m7\/","name":"M7 Schulterholster f\u00fcr Colt M1911A1 - R\u00e9plique Manga Cin\u00e9","isPartOf":{"@id":"https:\/\/repliquemangacine.fr\/#website"},"primaryImageOfPage":{"@id":"https:\/\/repliquemangacine.fr\/holster-accessoires-western\/holster-depaule-m7\/#primaryimage"},"image":{"@id":"https:\/\/repliquemangacine.fr\/holster-accessoires-western\/holster-depaule-m7\/#primaryimage"},"thumbnailUrl":"https:\/\/repliquemangacine.fr\/wp-content\/uploads\/2023\/10\/holster-m7.jpg","datePublished":"2022-08-22T10:43:39+00:00","dateModified":"2026-04-10T12:16:18+00:00","description":"Schenken Sie ihm dieses M7 Schulterholster zum besten Preis - Vollst\u00e4ndig aus braunem Leder - US Markierung auf der Vorderseite - Schultergurt - Lasche zur Befestigung am G\u00fcrtel.","breadcrumb":{"@id":"https:\/\/repliquemangacine.fr\/holster-accessoires-western\/holster-depaule-m7\/#breadcrumb"},"inLanguage":"de","potentialAction":[{"@type":"ReadAction","target":["https:\/\/repliquemangacine.fr\/holster-accessoires-western\/holster-depaule-m7\/"]}]},{"@type":"ImageObject","inLanguage":"de","@id":"https:\/\/repliquemangacine.fr\/holster-accessoires-western\/holster-depaule-m7\/#primaryimage","url":"https:\/\/repliquemangacine.fr\/wp-content\/uploads\/2023\/10\/holster-m7.jpg","contentUrl":"https:\/\/repliquemangacine.fr\/wp-content\/uploads\/2023\/10\/holster-m7.jpg","width":500,"height":500,"caption":"Holster d'\u00e9paule M7"},{"@type":"BreadcrumbList","@id":"https:\/\/repliquemangacine.fr\/holster-accessoires-western\/holster-depaule-m7\/#breadcrumb","itemListElement":[{"@type":"ListItem","position":1,"name":"Accueil","item":"https:\/\/repliquemangacine.fr\/"},{"@type":"ListItem","position":2,"name":"Produits","item":"https:\/\/repliquemangacine.fr\/boutique\/"},{"@type":"ListItem","position":3,"name":"Holster d&#8217;\u00e9paule M7"}]},{"@type":"WebSite","@id":"https:\/\/repliquemangacine.fr\/#website","url":"https:\/\/repliquemangacine.fr\/","name":"R\u00e9plique Manga Cin\u00e9","description":"","publisher":{"@id":"https:\/\/repliquemangacine.fr\/#organization"},"potentialAction":[{"@type":"SearchAction","target":{"@type":"EntryPoint","urlTemplate":"https:\/\/repliquemangacine.fr\/?s={search_term_string}"},"query-input":{"@type":"PropertyValueSpecification","valueRequired":true,"valueName":"search_term_string"}}],"inLanguage":"de"},{"@type":"Organization","@id":"https:\/\/repliquemangacine.fr\/#organization","name":"R\u00e9plique Manga Cin\u00e9","url":"https:\/\/repliquemangacine.fr\/","logo":{"@type":"ImageObject","inLanguage":"de","@id":"https:\/\/repliquemangacine.fr\/#\/schema\/logo\/image\/","url":"https:\/\/repliquemangacine.fr\/wp-content\/uploads\/2023\/10\/RMC-500250.png","contentUrl":"https:\/\/repliquemangacine.fr\/wp-content\/uploads\/2023\/10\/RMC-500250.png","width":500,"height":250,"caption":"R\u00e9plique Manga Cin\u00e9"},"image":{"@id":"https:\/\/repliquemangacine.fr\/#\/schema\/logo\/image\/"},"sameAs":["https:\/\/www.facebook.com\/RepliqueMangaCine","https:\/\/www.instagram.com\/repliquemangacine.fr\/"]}]}},"_links":{"self":[{"href":"https:\/\/repliquemangacine.fr\/de\/wp-json\/wp\/v2\/product\/52645","targetHints":{"allow":["GET"]}}],"collection":[{"href":"https:\/\/repliquemangacine.fr\/de\/wp-json\/wp\/v2\/product"}],"about":[{"href":"https:\/\/repliquemangacine.fr\/de\/wp-json\/wp\/v2\/types\/product"}],"wp:featuredmedia":[{"embeddable":true,"href":"https:\/\/repliquemangacine.fr\/de\/wp-json\/wp\/v2\/media\/52646"}],"wp:attachment":[{"href":"https:\/\/repliquemangacine.fr\/de\/wp-json\/wp\/v2\/media?parent=52645"}],"wp:term":[{"taxonomy":"product_brand","embeddable":true,"href":"https:\/\/repliquemangacine.fr\/de\/wp-json\/wp\/v2\/product_brand?post=52645"},{"taxonomy":"product_cat","embeddable":true,"href":"https:\/\/repliquemangacine.fr\/de\/wp-json\/wp\/v2\/product_cat?post=52645"},{"taxonomy":"product_tag","embeddable":true,"href":"https:\/\/repliquemangacine.fr\/de\/wp-json\/wp\/v2\/product_tag?post=52645"}],"curies":[{"name":"wp","href":"https:\/\/api.w.org\/{rel}","templated":true}]}}