





{"id":52601,"date":"2022-08-19T16:04:17","date_gmt":"2022-08-19T14:04:17","guid":{"rendered":"https:\/\/repliquemangacine.fr\/?post_type=product&#038;p=52601"},"modified":"2026-02-02T14:10:14","modified_gmt":"2026-02-02T13:10:14","slug":"3-kunai-naruto","status":"publish","type":"product","link":"https:\/\/repliquemangacine.fr\/de\/couteaux-de-lancer-et-etoiles\/3-kunai-naruto\/","title":{"rendered":"Kunai Naruto"},"content":{"rendered":"<h2>Set aus 3 Kunai Naruto<\/h2>\n<p>Zu Beginn dieses Satzes von 3 <strong>Kunai Naruto<\/strong> wird mit Tragetasche geliefert.<\/p>\n<p>Eine <a href=\"https:\/\/naruto.fandom.com\/fr\/wiki\/Kuna\u00ef\" target=\"_blank\" rel=\"noopener noreferrer\">Kunai<\/a>Ein Shuriken ist eine Waffe, die von Ninjas h\u00e4ufig verwendet wird. Es handelt sich um eine Blankwaffe von durchschnittlich einer Handl\u00e4nge, die f\u00fcr Verletzungen im Nahkampf bestimmt ist, obwohl sie auch als Wurfwaffe verwendet werden kann.<\/p>\n<p>Es gibt verschiedene Kunai-Stile. Minato Namikaze verwendet Kunai mit drei Klingen, denen er ein spezielles Siegel f\u00fcr seine Sofort-Bewegungstechnik verpasst hat, was ihm den Spitznamen \"Gelber Blitz von Konoha\" eingebracht hat. W\u00e4hrend der letzten Pr\u00fcfung der Ch\u00fbnin-Auswahlpr\u00fcfung benutzte Kabuto ein ringloses Kunai, um ein Mitglied des Anbu zu t\u00f6ten.<\/p>\n<h2>Ihr 3er-Set Kunai Naruto zum besten Preis.<\/h2>\n<p>Wir bieten dir alle Spr\u00fcche deiner Lieblingscharaktere aus dem ber\u00fchmten Anime-Manga Naruto.<\/p>\n<p>Zun\u00e4chst einmal,<\/p>\n<ul>\n<li>Die Nachbildung des<a href=\"https:\/\/repliquemangacine.fr\/de\/naruto\/katana-sasuke-schwert-kusanagi\/\">Kusanagi-Schwert<\/a>Sasuke's wei\u00dfes Katana. Sie k\u00f6nnen die schwarze Version wiederfinden.<\/li>\n<li>Sowie die identische Nachbildung des <a href=\"https:\/\/repliquemangacine.fr\/de\/naruto\/kunai-despace-time-minato\/\">Raum-Zeit-Kunai<\/a> die Minato benutzt.<\/li>\n<li>Und viele andere, die es in unserem Online-Shop zu entdecken gibt!<\/li>\n<\/ul>\n<p>Deshalb sind hier einige tolle Geschenkideen f\u00fcr Naruto-Fans.<\/p>\n<p>Abschlie\u00dfend k\u00f6nnen Sie auch diesen Satz von 3 <strong>Kunai Naruto<\/strong> um Ihre Sammlung und Ihr Zuhause zu versch\u00f6nern. In erster Linie sind Kunai jedoch Sammler- und Dekorationsst\u00fccke.<\/p>\n<h2>Entdecken Sie unsere neuesten g\u00fcnstigen Naruto-Neuheiten<\/h2>\n<p>Immer auf der Suche nach Neuem und in dem Bestreben, Ihre W\u00fcnsche zu erf\u00fcllen, haben wir einige kleine Nuggets, die Sie demn\u00e4chst entdecken k\u00f6nnen!<\/p>\n<p>Zum Beispiel: Das gro\u00dfe Naruto Kunai mit seinem wei\u00dfen Griff. In K\u00fcrze werden wir Ihnen auch Naruto-Figuren vorstellen.<\/p>\n<p>R\u00e9plique Manga Cin\u00e9 ist ein franz\u00f6sisches Familienunternehmen.<\/p>\n<p><strong>Wir m\u00f6chten Sie darauf hinweisen, dass alle unsere Repliken Sammler- und Dekorationsobjekte sind. Sie k\u00f6nnen sie f\u00fcr historische Rekonstruktionen sowie f\u00fcr Cosplay-Paraden oder f\u00fcr Ihre Innendekoration verwenden. Daher ist es nicht m\u00f6glich, mit ihren Repliken \u00f6ffentliche Pl\u00e4tze zu betreten.<\/strong><\/p>","protected":false},"excerpt":{"rendered":"<p>Wundersch\u00f6nes Set aus 3 Naruto Kunai.<\/p>\n<ul>\n<li>Vollst\u00e4ndig aus einem St\u00fcck Stahl mit Gravur.<\/li>\n<li>Rotes Baumwollband f\u00fcr einen guten Halt in der Hand.<\/li>\n<li>Wird mit einem schwarzen Cordura-Etui geliefert, das an einem G\u00fcrtel befestigt werden kann.<\/li>\n<li>Gesamtl\u00e4nge jedes Kunai: 16cm<\/li>\n<\/ul>","protected":false},"featured_media":52602,"template":"","meta":[],"product_brand":[896],"product_cat":[894,108,23,42],"product_tag":[],"class_list":{"0":"post-52601","1":"product","2":"type-product","3":"status-publish","4":"has-post-thumbnail","6":"product_brand-replique-manga-cine","7":"product_cat-couteaux-de-lancer-et-etoiles","8":"product_cat-kunai-et-shuriken-naruto","9":"product_cat-repliques-manga-jeux-video","10":"product_cat-katana-goodies-naruto-kunai","12":"first","13":"instock","14":"taxable","15":"shipping-taxable","16":"purchasable","17":"product-type-simple"},"yoast_head":"<!-- This site is optimized with the Yoast SEO plugin v27.5 - https:\/\/yoast.com\/product\/yoast-seo-wordpress\/ -->\n<title>Kuna\u00ef Naruto - Produits d\u00e9riv\u00e9s Naruto - Boutique en ligne - RMC<\/title>\n<meta name=\"description\" content=\"Achetez vite ! Cet ensemble de 3 Kuna\u00ef Naruto au meilleur prix. Tout en m\u00e9tal - Pochette de transport - Longueur de chaque Kuna\u00ef : 16cm - Envoi 24\/48h\" \/>\n<meta name=\"robots\" content=\"index, follow, max-snippet:-1, max-image-preview:large, max-video-preview:-1\" \/>\n<link rel=\"canonical\" href=\"https:\/\/repliquemangacine.fr\/de\/wurfmesser-und-sterne\/3-kunai-naruto\/\" \/>\n<meta property=\"og:locale\" content=\"de_DE\" \/>\n<meta property=\"og:type\" content=\"article\" \/>\n<meta property=\"og:title\" content=\"Kuna\u00ef Naruto - Produits d\u00e9riv\u00e9s Naruto - Boutique en ligne - RMC\" \/>\n<meta property=\"og:description\" content=\"Achetez vite ! Cet ensemble de 3 Kuna\u00ef Naruto au meilleur prix. Tout en m\u00e9tal - Pochette de transport - Longueur de chaque Kuna\u00ef : 16cm - Envoi 24\/48h\" \/>\n<meta property=\"og:url\" content=\"https:\/\/repliquemangacine.fr\/de\/wurfmesser-und-sterne\/3-kunai-naruto\/\" \/>\n<meta property=\"og:site_name\" content=\"R\u00e9plique Manga Cin\u00e9\" \/>\n<meta property=\"article:publisher\" content=\"https:\/\/www.facebook.com\/RepliqueMangaCine\" \/>\n<meta property=\"article:modified_time\" content=\"2026-02-02T13:10:14+00:00\" \/>\n<meta property=\"og:image\" content=\"https:\/\/repliquemangacine.fr\/wp-content\/uploads\/2023\/10\/6652.jpg\" \/>\n\t<meta property=\"og:image:width\" content=\"500\" \/>\n\t<meta property=\"og:image:height\" content=\"500\" \/>\n\t<meta property=\"og:image:type\" content=\"image\/jpeg\" \/>\n<meta name=\"twitter:card\" content=\"summary_large_image\" \/>\n<meta name=\"twitter:label1\" content=\"Gesch\u00e4tzte Lesezeit\" \/>\n\t<meta name=\"twitter:data1\" content=\"2\u00a0Minuten\" \/>\n<script type=\"application\/ld+json\" class=\"yoast-schema-graph\">{\"@context\":\"https:\\\/\\\/schema.org\",\"@graph\":[{\"@type\":\"WebPage\",\"@id\":\"https:\\\/\\\/repliquemangacine.fr\\\/couteaux-de-lancer-et-etoiles\\\/3-kunai-naruto\\\/\",\"url\":\"https:\\\/\\\/repliquemangacine.fr\\\/couteaux-de-lancer-et-etoiles\\\/3-kunai-naruto\\\/\",\"name\":\"Kuna\u00ef Naruto - Produits d\u00e9riv\u00e9s Naruto - Boutique en ligne - RMC\",\"isPartOf\":{\"@id\":\"https:\\\/\\\/repliquemangacine.fr\\\/#website\"},\"primaryImageOfPage\":{\"@id\":\"https:\\\/\\\/repliquemangacine.fr\\\/couteaux-de-lancer-et-etoiles\\\/3-kunai-naruto\\\/#primaryimage\"},\"image\":{\"@id\":\"https:\\\/\\\/repliquemangacine.fr\\\/couteaux-de-lancer-et-etoiles\\\/3-kunai-naruto\\\/#primaryimage\"},\"thumbnailUrl\":\"https:\\\/\\\/repliquemangacine.fr\\\/wp-content\\\/uploads\\\/2023\\\/10\\\/6652.jpg\",\"datePublished\":\"2022-08-19T14:04:17+00:00\",\"dateModified\":\"2026-02-02T13:10:14+00:00\",\"description\":\"Achetez vite ! Cet ensemble de 3 Kuna\u00ef Naruto au meilleur prix. Tout en m\u00e9tal - Pochette de transport - Longueur de chaque Kuna\u00ef : 16cm - Envoi 24\\\/48h\",\"breadcrumb\":{\"@id\":\"https:\\\/\\\/repliquemangacine.fr\\\/couteaux-de-lancer-et-etoiles\\\/3-kunai-naruto\\\/#breadcrumb\"},\"inLanguage\":\"de\",\"potentialAction\":[{\"@type\":\"ReadAction\",\"target\":[\"https:\\\/\\\/repliquemangacine.fr\\\/couteaux-de-lancer-et-etoiles\\\/3-kunai-naruto\\\/\"]}]},{\"@type\":\"ImageObject\",\"inLanguage\":\"de\",\"@id\":\"https:\\\/\\\/repliquemangacine.fr\\\/couteaux-de-lancer-et-etoiles\\\/3-kunai-naruto\\\/#primaryimage\",\"url\":\"https:\\\/\\\/repliquemangacine.fr\\\/wp-content\\\/uploads\\\/2023\\\/10\\\/6652.jpg\",\"contentUrl\":\"https:\\\/\\\/repliquemangacine.fr\\\/wp-content\\\/uploads\\\/2023\\\/10\\\/6652.jpg\",\"width\":500,\"height\":500,\"caption\":\"3 Kuna\u00ef Naruto m\u00e9tal\"},{\"@type\":\"BreadcrumbList\",\"@id\":\"https:\\\/\\\/repliquemangacine.fr\\\/couteaux-de-lancer-et-etoiles\\\/3-kunai-naruto\\\/#breadcrumb\",\"itemListElement\":[{\"@type\":\"ListItem\",\"position\":1,\"name\":\"Accueil\",\"item\":\"https:\\\/\\\/repliquemangacine.fr\\\/\"},{\"@type\":\"ListItem\",\"position\":2,\"name\":\"Produits\",\"item\":\"https:\\\/\\\/repliquemangacine.fr\\\/boutique\\\/\"},{\"@type\":\"ListItem\",\"position\":3,\"name\":\"Kuna\u00ef Naruto\"}]},{\"@type\":\"WebSite\",\"@id\":\"https:\\\/\\\/repliquemangacine.fr\\\/#website\",\"url\":\"https:\\\/\\\/repliquemangacine.fr\\\/\",\"name\":\"R\u00e9plique Manga Cin\u00e9\",\"description\":\"\",\"publisher\":{\"@id\":\"https:\\\/\\\/repliquemangacine.fr\\\/#organization\"},\"potentialAction\":[{\"@type\":\"SearchAction\",\"target\":{\"@type\":\"EntryPoint\",\"urlTemplate\":\"https:\\\/\\\/repliquemangacine.fr\\\/?s={search_term_string}\"},\"query-input\":{\"@type\":\"PropertyValueSpecification\",\"valueRequired\":true,\"valueName\":\"search_term_string\"}}],\"inLanguage\":\"de\"},{\"@type\":\"Organization\",\"@id\":\"https:\\\/\\\/repliquemangacine.fr\\\/#organization\",\"name\":\"R\u00e9plique Manga Cin\u00e9\",\"url\":\"https:\\\/\\\/repliquemangacine.fr\\\/\",\"logo\":{\"@type\":\"ImageObject\",\"inLanguage\":\"de\",\"@id\":\"https:\\\/\\\/repliquemangacine.fr\\\/#\\\/schema\\\/logo\\\/image\\\/\",\"url\":\"https:\\\/\\\/repliquemangacine.fr\\\/wp-content\\\/uploads\\\/2023\\\/10\\\/RMC-500250.png\",\"contentUrl\":\"https:\\\/\\\/repliquemangacine.fr\\\/wp-content\\\/uploads\\\/2023\\\/10\\\/RMC-500250.png\",\"width\":500,\"height\":250,\"caption\":\"R\u00e9plique Manga Cin\u00e9\"},\"image\":{\"@id\":\"https:\\\/\\\/repliquemangacine.fr\\\/#\\\/schema\\\/logo\\\/image\\\/\"},\"sameAs\":[\"https:\\\/\\\/www.facebook.com\\\/RepliqueMangaCine\",\"https:\\\/\\\/www.instagram.com\\\/repliquemangacine.fr\\\/\"]}]}<\/script>\n<!-- \/ Yoast SEO plugin. -->","yoast_head_json":{"title":"Kuna\u00ef Naruto - Naruto-Merchandise - Online-Shop - RMC","description":"Kaufen Sie schnell! Dieses Set aus 3 Naruto Kunai zum besten Preis. Ganz aus Metall - Tragetasche - L\u00e4nge jedes Kunai: 16cm - Versand 24\/48h","robots":{"index":"index","follow":"follow","max-snippet":"max-snippet:-1","max-image-preview":"max-image-preview:large","max-video-preview":"max-video-preview:-1"},"canonical":"https:\/\/repliquemangacine.fr\/de\/wurfmesser-und-sterne\/3-kunai-naruto\/","og_locale":"de_DE","og_type":"article","og_title":"Kuna\u00ef Naruto - Produits d\u00e9riv\u00e9s Naruto - Boutique en ligne - RMC","og_description":"Achetez vite ! Cet ensemble de 3 Kuna\u00ef Naruto au meilleur prix. Tout en m\u00e9tal - Pochette de transport - Longueur de chaque Kuna\u00ef : 16cm - Envoi 24\/48h","og_url":"https:\/\/repliquemangacine.fr\/de\/wurfmesser-und-sterne\/3-kunai-naruto\/","og_site_name":"R\u00e9plique Manga Cin\u00e9","article_publisher":"https:\/\/www.facebook.com\/RepliqueMangaCine","article_modified_time":"2026-02-02T13:10:14+00:00","og_image":[{"width":500,"height":500,"url":"https:\/\/repliquemangacine.fr\/wp-content\/uploads\/2023\/10\/6652.jpg","type":"image\/jpeg"}],"twitter_card":"summary_large_image","twitter_misc":{"Gesch\u00e4tzte Lesezeit":"2\u00a0Minuten"},"schema":{"@context":"https:\/\/schema.org","@graph":[{"@type":"WebPage","@id":"https:\/\/repliquemangacine.fr\/couteaux-de-lancer-et-etoiles\/3-kunai-naruto\/","url":"https:\/\/repliquemangacine.fr\/couteaux-de-lancer-et-etoiles\/3-kunai-naruto\/","name":"Kuna\u00ef Naruto - Naruto-Merchandise - Online-Shop - RMC","isPartOf":{"@id":"https:\/\/repliquemangacine.fr\/#website"},"primaryImageOfPage":{"@id":"https:\/\/repliquemangacine.fr\/couteaux-de-lancer-et-etoiles\/3-kunai-naruto\/#primaryimage"},"image":{"@id":"https:\/\/repliquemangacine.fr\/couteaux-de-lancer-et-etoiles\/3-kunai-naruto\/#primaryimage"},"thumbnailUrl":"https:\/\/repliquemangacine.fr\/wp-content\/uploads\/2023\/10\/6652.jpg","datePublished":"2022-08-19T14:04:17+00:00","dateModified":"2026-02-02T13:10:14+00:00","description":"Kaufen Sie schnell! Dieses Set aus 3 Naruto Kunai zum besten Preis. Ganz aus Metall - Tragetasche - L\u00e4nge jedes Kunai: 16cm - Versand 24\/48h","breadcrumb":{"@id":"https:\/\/repliquemangacine.fr\/couteaux-de-lancer-et-etoiles\/3-kunai-naruto\/#breadcrumb"},"inLanguage":"de","potentialAction":[{"@type":"ReadAction","target":["https:\/\/repliquemangacine.fr\/couteaux-de-lancer-et-etoiles\/3-kunai-naruto\/"]}]},{"@type":"ImageObject","inLanguage":"de","@id":"https:\/\/repliquemangacine.fr\/couteaux-de-lancer-et-etoiles\/3-kunai-naruto\/#primaryimage","url":"https:\/\/repliquemangacine.fr\/wp-content\/uploads\/2023\/10\/6652.jpg","contentUrl":"https:\/\/repliquemangacine.fr\/wp-content\/uploads\/2023\/10\/6652.jpg","width":500,"height":500,"caption":"3 Kuna\u00ef Naruto m\u00e9tal"},{"@type":"BreadcrumbList","@id":"https:\/\/repliquemangacine.fr\/couteaux-de-lancer-et-etoiles\/3-kunai-naruto\/#breadcrumb","itemListElement":[{"@type":"ListItem","position":1,"name":"Accueil","item":"https:\/\/repliquemangacine.fr\/"},{"@type":"ListItem","position":2,"name":"Produits","item":"https:\/\/repliquemangacine.fr\/boutique\/"},{"@type":"ListItem","position":3,"name":"Kuna\u00ef Naruto"}]},{"@type":"WebSite","@id":"https:\/\/repliquemangacine.fr\/#website","url":"https:\/\/repliquemangacine.fr\/","name":"R\u00e9plique Manga Cin\u00e9","description":"","publisher":{"@id":"https:\/\/repliquemangacine.fr\/#organization"},"potentialAction":[{"@type":"SearchAction","target":{"@type":"EntryPoint","urlTemplate":"https:\/\/repliquemangacine.fr\/?s={search_term_string}"},"query-input":{"@type":"PropertyValueSpecification","valueRequired":true,"valueName":"search_term_string"}}],"inLanguage":"de"},{"@type":"Organization","@id":"https:\/\/repliquemangacine.fr\/#organization","name":"R\u00e9plique Manga Cin\u00e9","url":"https:\/\/repliquemangacine.fr\/","logo":{"@type":"ImageObject","inLanguage":"de","@id":"https:\/\/repliquemangacine.fr\/#\/schema\/logo\/image\/","url":"https:\/\/repliquemangacine.fr\/wp-content\/uploads\/2023\/10\/RMC-500250.png","contentUrl":"https:\/\/repliquemangacine.fr\/wp-content\/uploads\/2023\/10\/RMC-500250.png","width":500,"height":250,"caption":"R\u00e9plique Manga Cin\u00e9"},"image":{"@id":"https:\/\/repliquemangacine.fr\/#\/schema\/logo\/image\/"},"sameAs":["https:\/\/www.facebook.com\/RepliqueMangaCine","https:\/\/www.instagram.com\/repliquemangacine.fr\/"]}]}},"_links":{"self":[{"href":"https:\/\/repliquemangacine.fr\/de\/wp-json\/wp\/v2\/product\/52601","targetHints":{"allow":["GET"]}}],"collection":[{"href":"https:\/\/repliquemangacine.fr\/de\/wp-json\/wp\/v2\/product"}],"about":[{"href":"https:\/\/repliquemangacine.fr\/de\/wp-json\/wp\/v2\/types\/product"}],"wp:featuredmedia":[{"embeddable":true,"href":"https:\/\/repliquemangacine.fr\/de\/wp-json\/wp\/v2\/media\/52602"}],"wp:attachment":[{"href":"https:\/\/repliquemangacine.fr\/de\/wp-json\/wp\/v2\/media?parent=52601"}],"wp:term":[{"taxonomy":"product_brand","embeddable":true,"href":"https:\/\/repliquemangacine.fr\/de\/wp-json\/wp\/v2\/product_brand?post=52601"},{"taxonomy":"product_cat","embeddable":true,"href":"https:\/\/repliquemangacine.fr\/de\/wp-json\/wp\/v2\/product_cat?post=52601"},{"taxonomy":"product_tag","embeddable":true,"href":"https:\/\/repliquemangacine.fr\/de\/wp-json\/wp\/v2\/product_tag?post=52601"}],"curies":[{"name":"wp","href":"https:\/\/api.w.org\/{rel}","templated":true}]}}