





{"id":52588,"date":"2022-08-19T13:58:31","date_gmt":"2022-08-19T11:58:31","guid":{"rendered":"https:\/\/repliquemangacine.fr\/?post_type=product&#038;p=52588"},"modified":"2025-09-23T18:02:49","modified_gmt":"2025-09-23T16:02:49","slug":"lannister-rustung-60cm-game-of-thrones","status":"publish","type":"product","link":"https:\/\/repliquemangacine.fr\/de\/collectors-et-goodies-game-of-thrones\/armure-lannister-60cm-game-of-thrones\/","title":{"rendered":"Lannister-R\u00fcstung 60cm"},"content":{"rendered":"<h2>Mini Lannister-R\u00fcstung 60cm.<\/h2>\n<p>Zu Beginn wird die <strong>mini Lannister-R\u00fcstung<\/strong> 60cm ist bemerkenswert gut gemacht. Das Haus <a href=\"https:\/\/gameofthrones.fandom.com\/fr\/wiki\/Maison_Lannister\" target=\"_blank\" rel=\"noopener noreferrer\">Lannister<\/a> ist eines der gro\u00dfen H\u00e4user von Westeros. Sie regieren \u00fcber das weite Gebiet der Westlande von ihrem Sitz Casterly Rock aus, einer Burg, die \u00fcber Lannisport thront.<\/p>\n<p>Fahren wir mit den unumg\u00e4nglichen Mitgliedern der Lannisters fort:<\/p>\n<ul>\n<li>Lord Tywin Lannister. Lord von Casterly Rock<\/li>\n<li>Danach Cersei Lannister, K\u00f6nigin Regentin der Sieben K\u00f6nigslande<\/li>\n<li>So auch Jaime Lannister, genannt \"der K\u00f6nigsm\u00f6rder\", Lordkommandant der K\u00f6nigsgarde.<\/li>\n<li>Tywins zweiter Sohn und rechtm\u00e4\u00dfiger Erbe, Tyrion Lannister, genannt \"der Zwerg\".<\/li>\n<\/ul>\n<p>Das Motto der Lannisters lautet \"Je Rugis!\", ihr Wappen stellt einen L\u00f6wen dar. Ihr inoffizielles, ebenfalls bekanntes Motto lautet jedoch \"Ein Lannister zahlt immer seine Schulden\".<\/p>\n<h2>Ihre Lannister-Mini-R\u00fcstung zum besten Preis.<\/h2>\n<p>Wir bieten dir alle Spr\u00fcche deiner Lieblingscharaktere aus dieser Game Of Thrones-Serie.<\/p>\n<p>Zun\u00e4chst einmal,<\/p>\n<ul>\n<li>Die Nachbildung des<a href=\"https:\/\/repliquemangacine.fr\/de\/schwerter-game-of-thrones\/epee-needle-arya-stark-game-of-thrones-2\/\">Aryas Nadelschwert<\/a> Stark mit Scheide, gibt es auch mit Pr\u00e4sentationsplatte.<\/li>\n<li>Sowie die<a href=\"https:\/\/repliquemangacine.fr\/de\/game-of-thrones\/schwert-jon-snow-schwert-grose-kralle-der-eiserne-thron\/\">Schwert Gro\u00dfe Kralle<\/a> von Jon Snow in der r\u00f6mischen Version, aber auch in der Serienversion.<\/li>\n<li>Und viele andere, die es in unserem Online-Shop zu entdecken gibt!<\/li>\n<\/ul>\n<p>Deshalb gibt es hier tolle Geschenkideen f\u00fcr Fans von Game of Thrones.<\/p>\n<p>Abschlie\u00dfend k\u00f6nnen Sie auch diesen <strong>mini Lannister-R\u00fcstung<\/strong> 60cm, um Ihre Sammlung und Ihr Zuhause zu versch\u00f6nern. Vor allem aber ist er ein Sammlerst\u00fcck.<\/p>\n<h2>Unsere neuesten g\u00fcnstigen Game of Thrones-Neuheiten.<\/h2>\n<p>Unser Ziel ist es, Sie zufrieden zu stellen. Aus diesem Grund setzen wir alles daran, die von Ihnen gesuchten Sammlerst\u00fccke zu finden. Z\u00f6gern Sie also nicht, uns Ihre W\u00fcnsche und Anmerkungen mitzuteilen, damit wir das Abenteuer gemeinsam fortsetzen k\u00f6nnen!<\/p>\n<p>Zun\u00e4chst einmal,<\/p>\n<ul>\n<li>L'<a href=\"https:\/\/repliquemangacine.fr\/de\/game-of-thrones\/lannister-rustung-game-of-thrones-komplette-rustung\/\">Lannister-R\u00fcstung<\/a> in voller Gr\u00f6\u00dfe ganz aus gealtertem Stahl<\/li>\n<li>Sowie die Dracheneier von Daenerys HBO<\/li>\n<li>Es gibt auch die<a href=\"https:\/\/repliquemangacine.fr\/de\/sammlerstucke-und-game-of-thrones-goodies\/mug-chope-game-of-thrones\/\"> Game of Thrones-Becher<\/a><\/li>\n<\/ul>\n<p>Und viele andere, die es zu entdecken gilt!<\/p>\n<p>In K\u00fcrze werden wir das Vergn\u00fcgen haben, Ihnen Funko pop Figuren...<\/p>\n<p>R\u00e9plique Manga Cin\u00e9 ist ein franz\u00f6sisches Familienunternehmen.<\/p>\n<p>&nbsp;<\/p>","protected":false},"excerpt":{"rendered":"<p>Mini-R\u00fcstung der K\u00f6nigsgarde der Lannisters in Game of Thrones.<\/p>\n<ul>\n<li>Handgefertigt aus Stahl mit patiniertem Messingfinish.<\/li>\n<li>Lamellenf\u00f6rmige Schuppen aus Leder.<\/li>\n<li>Wird komplett mit Kopfh\u00f6rer und Halterung geliefert.<\/li>\n<li>St\u00e4nder aus poliertem Holz und Metallstab.<\/li>\n<li>H\u00f6he: 60 cm - Breite: 19 cm - Gewicht: 2,7 kg<\/li>\n<\/ul>","protected":false},"featured_media":52589,"template":"","meta":[],"product_brand":[896],"product_cat":[81,24,47],"product_tag":[],"class_list":{"0":"post-52588","1":"product","2":"type-product","3":"status-publish","4":"has-post-thumbnail","6":"product_brand-replique-manga-cine","7":"product_cat-collectors-et-goodies-game-of-thrones","8":"product_cat-films-series-tv-vente-de-katana-epee-et-produits-derives","9":"product_cat-game-of-thrones","11":"first","12":"instock","13":"taxable","14":"shipping-taxable","15":"purchasable","16":"product-type-simple"},"yoast_head":"<!-- This site is optimized with the Yoast SEO plugin v27.5 - https:\/\/yoast.com\/product\/yoast-seo-wordpress\/ -->\n<title>Armure Lannister 60cm - Game of Thrones - R\u00e9plique Manga Cin\u00e9<\/title>\n<meta name=\"description\" content=\"Superbe r\u00e9plique en taille mini de l&#039; Armure Lannister 60cm. Tout en m\u00e9tal recouvert de laiton. Les bandelettes sont en cuir. Livr\u00e9 avec son support.\" \/>\n<meta name=\"robots\" content=\"index, follow, max-snippet:-1, max-image-preview:large, max-video-preview:-1\" \/>\n<link rel=\"canonical\" href=\"https:\/\/repliquemangacine.fr\/de\/sammlerstucke-und-game-of-thrones-goodies\/lannister-rustung-60cm-game-of-thrones\/\" \/>\n<meta property=\"og:locale\" content=\"de_DE\" \/>\n<meta property=\"og:type\" content=\"article\" \/>\n<meta property=\"og:title\" content=\"Armure Lannister 60cm - Game of Thrones - R\u00e9plique Manga Cin\u00e9\" \/>\n<meta property=\"og:description\" content=\"Superbe r\u00e9plique en taille mini de l&#039; Armure Lannister 60cm. Tout en m\u00e9tal recouvert de laiton. Les bandelettes sont en cuir. Livr\u00e9 avec son support.\" \/>\n<meta property=\"og:url\" content=\"https:\/\/repliquemangacine.fr\/de\/sammlerstucke-und-game-of-thrones-goodies\/lannister-rustung-60cm-game-of-thrones\/\" \/>\n<meta property=\"og:site_name\" content=\"R\u00e9plique Manga Cin\u00e9\" \/>\n<meta property=\"article:publisher\" content=\"https:\/\/www.facebook.com\/RepliqueMangaCine\" \/>\n<meta property=\"article:modified_time\" content=\"2025-09-23T16:02:49+00:00\" \/>\n<meta property=\"og:image\" content=\"https:\/\/repliquemangacine.fr\/wp-content\/uploads\/2023\/10\/Armure-60cm-GOT.jpg\" \/>\n\t<meta property=\"og:image:width\" content=\"500\" \/>\n\t<meta property=\"og:image:height\" content=\"500\" \/>\n\t<meta property=\"og:image:type\" content=\"image\/jpeg\" \/>\n<meta name=\"twitter:card\" content=\"summary_large_image\" \/>\n<meta name=\"twitter:label1\" content=\"Gesch\u00e4tzte Lesezeit\" \/>\n\t<meta name=\"twitter:data1\" content=\"2\u00a0Minuten\" \/>\n<script type=\"application\/ld+json\" class=\"yoast-schema-graph\">{\"@context\":\"https:\\\/\\\/schema.org\",\"@graph\":[{\"@type\":\"WebPage\",\"@id\":\"https:\\\/\\\/repliquemangacine.fr\\\/de\\\/sammlerstucke-und-game-of-thrones-goodies\\\/lannister-rustung-60cm-game-of-thrones\\\/\",\"url\":\"https:\\\/\\\/repliquemangacine.fr\\\/de\\\/sammlerstucke-und-game-of-thrones-goodies\\\/lannister-rustung-60cm-game-of-thrones\\\/\",\"name\":\"Armure Lannister 60cm - Game of Thrones - R\u00e9plique Manga Cin\u00e9\",\"isPartOf\":{\"@id\":\"https:\\\/\\\/repliquemangacine.fr\\\/#website\"},\"primaryImageOfPage\":{\"@id\":\"https:\\\/\\\/repliquemangacine.fr\\\/de\\\/sammlerstucke-und-game-of-thrones-goodies\\\/lannister-rustung-60cm-game-of-thrones\\\/#primaryimage\"},\"image\":{\"@id\":\"https:\\\/\\\/repliquemangacine.fr\\\/de\\\/sammlerstucke-und-game-of-thrones-goodies\\\/lannister-rustung-60cm-game-of-thrones\\\/#primaryimage\"},\"thumbnailUrl\":\"https:\\\/\\\/repliquemangacine.fr\\\/wp-content\\\/uploads\\\/2023\\\/10\\\/Armure-60cm-GOT.jpg\",\"datePublished\":\"2022-08-19T11:58:31+00:00\",\"dateModified\":\"2025-09-23T16:02:49+00:00\",\"description\":\"Superbe r\u00e9plique en taille mini de l' Armure Lannister 60cm. Tout en m\u00e9tal recouvert de laiton. Les bandelettes sont en cuir. Livr\u00e9 avec son support.\",\"breadcrumb\":{\"@id\":\"https:\\\/\\\/repliquemangacine.fr\\\/de\\\/sammlerstucke-und-game-of-thrones-goodies\\\/lannister-rustung-60cm-game-of-thrones\\\/#breadcrumb\"},\"inLanguage\":\"de\",\"potentialAction\":[{\"@type\":\"ReadAction\",\"target\":[\"https:\\\/\\\/repliquemangacine.fr\\\/de\\\/sammlerstucke-und-game-of-thrones-goodies\\\/lannister-rustung-60cm-game-of-thrones\\\/\"]}]},{\"@type\":\"ImageObject\",\"inLanguage\":\"de\",\"@id\":\"https:\\\/\\\/repliquemangacine.fr\\\/de\\\/sammlerstucke-und-game-of-thrones-goodies\\\/lannister-rustung-60cm-game-of-thrones\\\/#primaryimage\",\"url\":\"https:\\\/\\\/repliquemangacine.fr\\\/wp-content\\\/uploads\\\/2023\\\/10\\\/Armure-60cm-GOT.jpg\",\"contentUrl\":\"https:\\\/\\\/repliquemangacine.fr\\\/wp-content\\\/uploads\\\/2023\\\/10\\\/Armure-60cm-GOT.jpg\",\"width\":500,\"height\":500,\"caption\":\"Armure Lannister 60cm compl\u00e8te\"},{\"@type\":\"BreadcrumbList\",\"@id\":\"https:\\\/\\\/repliquemangacine.fr\\\/de\\\/sammlerstucke-und-game-of-thrones-goodies\\\/lannister-rustung-60cm-game-of-thrones\\\/#breadcrumb\",\"itemListElement\":[{\"@type\":\"ListItem\",\"position\":1,\"name\":\"Accueil\",\"item\":\"https:\\\/\\\/repliquemangacine.fr\\\/\"},{\"@type\":\"ListItem\",\"position\":2,\"name\":\"Produits\",\"item\":\"https:\\\/\\\/repliquemangacine.fr\\\/boutique\\\/\"},{\"@type\":\"ListItem\",\"position\":3,\"name\":\"Armure Lannister 60cm\"}]},{\"@type\":\"WebSite\",\"@id\":\"https:\\\/\\\/repliquemangacine.fr\\\/#website\",\"url\":\"https:\\\/\\\/repliquemangacine.fr\\\/\",\"name\":\"R\u00e9plique Manga Cin\u00e9\",\"description\":\"\",\"publisher\":{\"@id\":\"https:\\\/\\\/repliquemangacine.fr\\\/#organization\"},\"potentialAction\":[{\"@type\":\"SearchAction\",\"target\":{\"@type\":\"EntryPoint\",\"urlTemplate\":\"https:\\\/\\\/repliquemangacine.fr\\\/?s={search_term_string}\"},\"query-input\":{\"@type\":\"PropertyValueSpecification\",\"valueRequired\":true,\"valueName\":\"search_term_string\"}}],\"inLanguage\":\"de\"},{\"@type\":\"Organization\",\"@id\":\"https:\\\/\\\/repliquemangacine.fr\\\/#organization\",\"name\":\"R\u00e9plique Manga Cin\u00e9\",\"url\":\"https:\\\/\\\/repliquemangacine.fr\\\/\",\"logo\":{\"@type\":\"ImageObject\",\"inLanguage\":\"de\",\"@id\":\"https:\\\/\\\/repliquemangacine.fr\\\/#\\\/schema\\\/logo\\\/image\\\/\",\"url\":\"https:\\\/\\\/repliquemangacine.fr\\\/wp-content\\\/uploads\\\/2023\\\/10\\\/RMC-500250.png\",\"contentUrl\":\"https:\\\/\\\/repliquemangacine.fr\\\/wp-content\\\/uploads\\\/2023\\\/10\\\/RMC-500250.png\",\"width\":500,\"height\":250,\"caption\":\"R\u00e9plique Manga Cin\u00e9\"},\"image\":{\"@id\":\"https:\\\/\\\/repliquemangacine.fr\\\/#\\\/schema\\\/logo\\\/image\\\/\"},\"sameAs\":[\"https:\\\/\\\/www.facebook.com\\\/RepliqueMangaCine\",\"https:\\\/\\\/www.instagram.com\\\/repliquemangacine.fr\\\/\"]}]}<\/script>\n<!-- \/ Yoast SEO plugin. -->","yoast_head_json":{"title":"Lannister-R\u00fcstung 60cm - Game of Thrones - R\u00e9plique Manga Cin\u00e9","description":"Wundersch\u00f6ne Replik der 60 cm gro\u00dfen Lannister-R\u00fcstung in Minigr\u00f6\u00dfe. Alle Teile sind aus Metall mit Messing beschichtet. Die B\u00e4nder sind aus Leder. Wird mit einem St\u00e4nder geliefert.","robots":{"index":"index","follow":"follow","max-snippet":"max-snippet:-1","max-image-preview":"max-image-preview:large","max-video-preview":"max-video-preview:-1"},"canonical":"https:\/\/repliquemangacine.fr\/de\/sammlerstucke-und-game-of-thrones-goodies\/lannister-rustung-60cm-game-of-thrones\/","og_locale":"de_DE","og_type":"article","og_title":"Armure Lannister 60cm - Game of Thrones - R\u00e9plique Manga Cin\u00e9","og_description":"Superbe r\u00e9plique en taille mini de l' Armure Lannister 60cm. Tout en m\u00e9tal recouvert de laiton. Les bandelettes sont en cuir. Livr\u00e9 avec son support.","og_url":"https:\/\/repliquemangacine.fr\/de\/sammlerstucke-und-game-of-thrones-goodies\/lannister-rustung-60cm-game-of-thrones\/","og_site_name":"R\u00e9plique Manga Cin\u00e9","article_publisher":"https:\/\/www.facebook.com\/RepliqueMangaCine","article_modified_time":"2025-09-23T16:02:49+00:00","og_image":[{"width":500,"height":500,"url":"https:\/\/repliquemangacine.fr\/wp-content\/uploads\/2023\/10\/Armure-60cm-GOT.jpg","type":"image\/jpeg"}],"twitter_card":"summary_large_image","twitter_misc":{"Gesch\u00e4tzte Lesezeit":"2\u00a0Minuten"},"schema":{"@context":"https:\/\/schema.org","@graph":[{"@type":"WebPage","@id":"https:\/\/repliquemangacine.fr\/de\/sammlerstucke-und-game-of-thrones-goodies\/lannister-rustung-60cm-game-of-thrones\/","url":"https:\/\/repliquemangacine.fr\/de\/sammlerstucke-und-game-of-thrones-goodies\/lannister-rustung-60cm-game-of-thrones\/","name":"Lannister-R\u00fcstung 60cm - Game of Thrones - R\u00e9plique Manga Cin\u00e9","isPartOf":{"@id":"https:\/\/repliquemangacine.fr\/#website"},"primaryImageOfPage":{"@id":"https:\/\/repliquemangacine.fr\/de\/sammlerstucke-und-game-of-thrones-goodies\/lannister-rustung-60cm-game-of-thrones\/#primaryimage"},"image":{"@id":"https:\/\/repliquemangacine.fr\/de\/sammlerstucke-und-game-of-thrones-goodies\/lannister-rustung-60cm-game-of-thrones\/#primaryimage"},"thumbnailUrl":"https:\/\/repliquemangacine.fr\/wp-content\/uploads\/2023\/10\/Armure-60cm-GOT.jpg","datePublished":"2022-08-19T11:58:31+00:00","dateModified":"2025-09-23T16:02:49+00:00","description":"Wundersch\u00f6ne Replik der 60 cm gro\u00dfen Lannister-R\u00fcstung in Minigr\u00f6\u00dfe. Alle Teile sind aus Metall mit Messing beschichtet. Die B\u00e4nder sind aus Leder. Wird mit einem St\u00e4nder geliefert.","breadcrumb":{"@id":"https:\/\/repliquemangacine.fr\/de\/sammlerstucke-und-game-of-thrones-goodies\/lannister-rustung-60cm-game-of-thrones\/#breadcrumb"},"inLanguage":"de","potentialAction":[{"@type":"ReadAction","target":["https:\/\/repliquemangacine.fr\/de\/sammlerstucke-und-game-of-thrones-goodies\/lannister-rustung-60cm-game-of-thrones\/"]}]},{"@type":"ImageObject","inLanguage":"de","@id":"https:\/\/repliquemangacine.fr\/de\/sammlerstucke-und-game-of-thrones-goodies\/lannister-rustung-60cm-game-of-thrones\/#primaryimage","url":"https:\/\/repliquemangacine.fr\/wp-content\/uploads\/2023\/10\/Armure-60cm-GOT.jpg","contentUrl":"https:\/\/repliquemangacine.fr\/wp-content\/uploads\/2023\/10\/Armure-60cm-GOT.jpg","width":500,"height":500,"caption":"Armure Lannister 60cm compl\u00e8te"},{"@type":"BreadcrumbList","@id":"https:\/\/repliquemangacine.fr\/de\/sammlerstucke-und-game-of-thrones-goodies\/lannister-rustung-60cm-game-of-thrones\/#breadcrumb","itemListElement":[{"@type":"ListItem","position":1,"name":"Accueil","item":"https:\/\/repliquemangacine.fr\/"},{"@type":"ListItem","position":2,"name":"Produits","item":"https:\/\/repliquemangacine.fr\/boutique\/"},{"@type":"ListItem","position":3,"name":"Armure Lannister 60cm"}]},{"@type":"WebSite","@id":"https:\/\/repliquemangacine.fr\/#website","url":"https:\/\/repliquemangacine.fr\/","name":"R\u00e9plique Manga Cin\u00e9","description":"","publisher":{"@id":"https:\/\/repliquemangacine.fr\/#organization"},"potentialAction":[{"@type":"SearchAction","target":{"@type":"EntryPoint","urlTemplate":"https:\/\/repliquemangacine.fr\/?s={search_term_string}"},"query-input":{"@type":"PropertyValueSpecification","valueRequired":true,"valueName":"search_term_string"}}],"inLanguage":"de"},{"@type":"Organization","@id":"https:\/\/repliquemangacine.fr\/#organization","name":"R\u00e9plique Manga Cin\u00e9","url":"https:\/\/repliquemangacine.fr\/","logo":{"@type":"ImageObject","inLanguage":"de","@id":"https:\/\/repliquemangacine.fr\/#\/schema\/logo\/image\/","url":"https:\/\/repliquemangacine.fr\/wp-content\/uploads\/2023\/10\/RMC-500250.png","contentUrl":"https:\/\/repliquemangacine.fr\/wp-content\/uploads\/2023\/10\/RMC-500250.png","width":500,"height":250,"caption":"R\u00e9plique Manga Cin\u00e9"},"image":{"@id":"https:\/\/repliquemangacine.fr\/#\/schema\/logo\/image\/"},"sameAs":["https:\/\/www.facebook.com\/RepliqueMangaCine","https:\/\/www.instagram.com\/repliquemangacine.fr\/"]}]}},"_links":{"self":[{"href":"https:\/\/repliquemangacine.fr\/de\/wp-json\/wp\/v2\/product\/52588","targetHints":{"allow":["GET"]}}],"collection":[{"href":"https:\/\/repliquemangacine.fr\/de\/wp-json\/wp\/v2\/product"}],"about":[{"href":"https:\/\/repliquemangacine.fr\/de\/wp-json\/wp\/v2\/types\/product"}],"wp:featuredmedia":[{"embeddable":true,"href":"https:\/\/repliquemangacine.fr\/de\/wp-json\/wp\/v2\/media\/52589"}],"wp:attachment":[{"href":"https:\/\/repliquemangacine.fr\/de\/wp-json\/wp\/v2\/media?parent=52588"}],"wp:term":[{"taxonomy":"product_brand","embeddable":true,"href":"https:\/\/repliquemangacine.fr\/de\/wp-json\/wp\/v2\/product_brand?post=52588"},{"taxonomy":"product_cat","embeddable":true,"href":"https:\/\/repliquemangacine.fr\/de\/wp-json\/wp\/v2\/product_cat?post=52588"},{"taxonomy":"product_tag","embeddable":true,"href":"https:\/\/repliquemangacine.fr\/de\/wp-json\/wp\/v2\/product_tag?post=52588"}],"curies":[{"name":"wp","href":"https:\/\/api.w.org\/{rel}","templated":true}]}}