





{"id":52565,"date":"2022-08-18T17:59:32","date_gmt":"2022-08-18T15:59:32","guid":{"rendered":"https:\/\/repliquemangacine.fr\/?post_type=product&#038;p=52565"},"modified":"2026-02-05T03:11:11","modified_gmt":"2026-02-05T02:11:11","slug":"katana-schmiede-beatrix-kill-bill","status":"publish","type":"product","link":"https:\/\/repliquemangacine.fr\/de\/katana-kill-bill\/katana-forge-beatrix-kill-bill\/","title":{"rendered":"Geschmiedetes Katana Beatrix"},"content":{"rendered":"<h2>Replik des geschmiedeten Katana Beatrix Kill Bill<\/h2>\n<p>Zu Beginn wird der <strong>Katana Geschmiedet Beatrix Kill Bill<\/strong>, auch bekannt als der <strong>Katana der Braut<\/strong>vom Meister geschmiedet <a href=\"https:\/\/www.nautiljon.com\/people\/hattori+hanzo.html\" target=\"_blank\" rel=\"noopener noreferrer\">Hattori Hanzo<\/a>.<\/p>\n<p>Nachdem sie vier Jahre lang im Koma gelegen hat, d\u00fcrstet Beatrix Kiddo nach Rache an dem Mann und seinem Killerteam und wird vor nichts zur\u00fcckschrecken, um Bill zu t\u00f6ten.<\/p>\n<p>Nachdem sie ihren K\u00f6rper gezwungen hat, sich aus dem Koma zu erholen. Beatrix bucht ein One-Way-Ticket nach Okinawa, um den legend\u00e4ren Schmied Hattori Hanz\u014d zu finden, der Bills Schwert hergestellt hat.<\/p>\n<p>Sie offenbart ihm, dass sie deshalb ein Katana ben\u00f6tigt, um ein bestimmtes \"Ungeziefer\" loszuwerden. Obwohl er geschworen hat, nie wieder ein Schwert herzustellen, willigt Hattori ein, ihm eines herzustellen.<\/p>\n<h2>Ihr geschmiedetes Katana Beatrix Kill Bill zum besten Preis.<\/h2>\n<p>Wir bieten Ihnen alle Spr\u00fcche, die in den Kill-Bill-Filmen von Quentin Tarentino verwendet werden.<\/p>\n<p>Zun\u00e4chst einmal,<\/p>\n<ul>\n<li>Die <a href=\"https:\/\/repliquemangacine.fr\/de\/kill-bill\/katana-kill-bill-beatrix\/\">Katana der Braut<\/a> in nicht-schneidender Ausf\u00fchrung.<\/li>\n<li>Es gibt auch den <a href=\"https:\/\/repliquemangacine.fr\/de\/kill-bill\/bill-katana\/\">Bills Katana<\/a> in nicht-schneidender Ausf\u00fchrung, existiert aber auch in schneidender Ausf\u00fchrung.<\/li>\n<li>Sowie das <a href=\"https:\/\/repliquemangacine.fr\/de\/katana-kill-bill\/bud-katana\/\">Buds Katana<\/a>Bills Bruder<\/li>\n<li>Und viele andere, die es in unserem Online-Shop zu entdecken gibt!<\/li>\n<\/ul>\n<p>Deshalb ist dies eine tolle Geschenkidee f\u00fcr alle Fans der Kill-Bill-Filme.<\/p>\n<p>Abschlie\u00dfend k\u00f6nnen Sie auch diesen <strong>Katana Geschmiedet Beatrix Kill Bill<\/strong> f\u00fcr Ihre Cosplay-Parade oder Ihre Themenabende. Vor allem aber ist das Katana der Braut auch ein Sammler- und Dekorationsst\u00fcck.<\/p>\n<h2>Wie pflegt man die Klinge seines Hattori Hanzo Katanas?<\/h2>\n<p>Katanas f\u00fcr Sammlungen und Dekorationen werden auf vereinfachte Weise hergestellt und zusammengebaut. Da sie zu Dekorationszwecken verwendet werden, fehlen ihnen die Sicherheitsmerkmale, die ein japanisches Schwert f\u00fcr Trainingszwecke aufweisen muss.<\/p>\n<p>Allerdings ist Ihr <strong>katana Geschmiedet Beatrix Kill Bill<\/strong> zu einer Stahlklinge, die gepflegt werden muss, damit sie nicht mit der Zeit abgenutzt wird. Denn wenn du dein Katana ausstellst, werden deine Freunde neugierig sein, die Klinge zu sehen und sie zu ber\u00fchren. Hier ist Vorsicht geboten, denn Sie sollten wissen, dass die S\u00e4ure der Finger dem Stahl unabh\u00e4ngig von seiner Qualit\u00e4t sehr schadet.<\/p>\n<p>Wenn dies jedoch passiert, keine Panik, Sie brauchen nur ein Tuch, das mit etwas \u00d6l befeuchtet ist, und wischen die Fingerabdr\u00fccke ab. Wenn Sie dies tun, werden Sie Ihr Schwert sehr lange behalten.<\/p>","protected":false},"excerpt":{"rendered":"<p>Replik des Katanas der Braut in Kill Bill, signiert von Fudoshin.<\/p>\n<ul>\n<li>Geschliffene und scharfe Klinge aus 1045er Stahl mit Gravur.<\/li>\n<li>Wache aus Metall.<\/li>\n<li>Griff mit schwarzem Ledergeflecht \u00fcberzogen.<\/li>\n<li>Schwarz lackierte Holzscheide mit Gravur.<\/li>\n<li>Goldene Umrandung befindet sich an der Seite der Scheide.<\/li>\n<li>Schutzh\u00fclle.<\/li>\n<li>Fudoshin Echtheitszertifikat.<\/li>\n<li>Signaturetikett Hattori Hanzo.<\/li>\n<li>L\u00e4nge der Klinge: 69 cm - Gesamtl\u00e4nge: 102 cm - Gewicht 1270 Grs<\/li>\n<\/ul>","protected":false},"featured_media":52566,"template":"","meta":[],"product_brand":[896],"product_cat":[66,24,26,38,71],"product_tag":[],"class_list":{"0":"post-52565","1":"product","2":"type-product","3":"status-publish","4":"has-post-thumbnail","6":"product_brand-replique-manga-cine","7":"product_cat-repliques-d-armes-films-et-series","8":"product_cat-films-series-tv-vente-de-katana-epee-et-produits-derives","9":"product_cat-katana-epee","10":"product_cat-katana-forge","11":"product_cat-katana-kill-bill","13":"first","14":"instock","15":"taxable","16":"shipping-taxable","17":"purchasable","18":"product-type-simple"},"yoast_head":"<!-- This site is optimized with the Yoast SEO plugin v27.5 - https:\/\/yoast.com\/product\/yoast-seo-wordpress\/ -->\n<title>Katana Forg\u00e9 B\u00e9atrix - Katana Kill Bill - R\u00e9plique Manga Cin\u00e9<\/title>\n<meta name=\"description\" content=\"Offrez-lui le Katana Forg\u00e9 B\u00e9atrix dans Kill Bill au meilleur prix - Lame Maru tranchante - Gravures Id\u00e9ogramme - Fourreau laqu\u00e9 - Longueur : 102 cm\" \/>\n<meta name=\"robots\" content=\"index, follow, max-snippet:-1, max-image-preview:large, max-video-preview:-1\" \/>\n<link rel=\"canonical\" href=\"https:\/\/repliquemangacine.fr\/de\/katana-kill-bill\/katana-schmiede-beatrix-kill-bill\/\" \/>\n<meta property=\"og:locale\" content=\"de_DE\" \/>\n<meta property=\"og:type\" content=\"article\" \/>\n<meta property=\"og:title\" content=\"Katana Forg\u00e9 B\u00e9atrix - Katana Kill Bill - R\u00e9plique Manga Cin\u00e9\" \/>\n<meta property=\"og:description\" content=\"Offrez-lui le Katana Forg\u00e9 B\u00e9atrix dans Kill Bill au meilleur prix - Lame Maru tranchante - Gravures Id\u00e9ogramme - Fourreau laqu\u00e9 - Longueur : 102 cm\" \/>\n<meta property=\"og:url\" content=\"https:\/\/repliquemangacine.fr\/de\/katana-kill-bill\/katana-schmiede-beatrix-kill-bill\/\" \/>\n<meta property=\"og:site_name\" content=\"R\u00e9plique Manga Cin\u00e9\" \/>\n<meta property=\"article:publisher\" content=\"https:\/\/www.facebook.com\/RepliqueMangaCine\" \/>\n<meta property=\"article:modified_time\" content=\"2026-02-05T02:11:11+00:00\" \/>\n<meta property=\"og:image\" content=\"https:\/\/repliquemangacine.fr\/wp-content\/uploads\/2023\/10\/k320.png\" \/>\n\t<meta property=\"og:image:width\" content=\"800\" \/>\n\t<meta property=\"og:image:height\" content=\"800\" \/>\n\t<meta property=\"og:image:type\" content=\"image\/png\" \/>\n<meta name=\"twitter:card\" content=\"summary_large_image\" \/>\n<meta name=\"twitter:label1\" content=\"Gesch\u00e4tzte Lesezeit\" \/>\n\t<meta name=\"twitter:data1\" content=\"2\u00a0Minuten\" \/>\n<script type=\"application\/ld+json\" class=\"yoast-schema-graph\">{\"@context\":\"https:\\\/\\\/schema.org\",\"@graph\":[{\"@type\":\"WebPage\",\"@id\":\"https:\\\/\\\/repliquemangacine.fr\\\/katana-kill-bill\\\/katana-forge-beatrix-kill-bill\\\/\",\"url\":\"https:\\\/\\\/repliquemangacine.fr\\\/katana-kill-bill\\\/katana-forge-beatrix-kill-bill\\\/\",\"name\":\"Katana Forg\u00e9 B\u00e9atrix - Katana Kill Bill - R\u00e9plique Manga Cin\u00e9\",\"isPartOf\":{\"@id\":\"https:\\\/\\\/repliquemangacine.fr\\\/#website\"},\"primaryImageOfPage\":{\"@id\":\"https:\\\/\\\/repliquemangacine.fr\\\/katana-kill-bill\\\/katana-forge-beatrix-kill-bill\\\/#primaryimage\"},\"image\":{\"@id\":\"https:\\\/\\\/repliquemangacine.fr\\\/katana-kill-bill\\\/katana-forge-beatrix-kill-bill\\\/#primaryimage\"},\"thumbnailUrl\":\"https:\\\/\\\/repliquemangacine.fr\\\/wp-content\\\/uploads\\\/2023\\\/10\\\/k320.png\",\"datePublished\":\"2022-08-18T15:59:32+00:00\",\"dateModified\":\"2026-02-05T02:11:11+00:00\",\"description\":\"Offrez-lui le Katana Forg\u00e9 B\u00e9atrix dans Kill Bill au meilleur prix - Lame Maru tranchante - Gravures Id\u00e9ogramme - Fourreau laqu\u00e9 - Longueur : 102 cm\",\"breadcrumb\":{\"@id\":\"https:\\\/\\\/repliquemangacine.fr\\\/katana-kill-bill\\\/katana-forge-beatrix-kill-bill\\\/#breadcrumb\"},\"inLanguage\":\"de\",\"potentialAction\":[{\"@type\":\"ReadAction\",\"target\":[\"https:\\\/\\\/repliquemangacine.fr\\\/katana-kill-bill\\\/katana-forge-beatrix-kill-bill\\\/\"]}]},{\"@type\":\"ImageObject\",\"inLanguage\":\"de\",\"@id\":\"https:\\\/\\\/repliquemangacine.fr\\\/katana-kill-bill\\\/katana-forge-beatrix-kill-bill\\\/#primaryimage\",\"url\":\"https:\\\/\\\/repliquemangacine.fr\\\/wp-content\\\/uploads\\\/2023\\\/10\\\/k320.png\",\"contentUrl\":\"https:\\\/\\\/repliquemangacine.fr\\\/wp-content\\\/uploads\\\/2023\\\/10\\\/k320.png\",\"width\":800,\"height\":800,\"caption\":\"Katana Forg\u00e9 B\u00e9atrix kill bill\"},{\"@type\":\"BreadcrumbList\",\"@id\":\"https:\\\/\\\/repliquemangacine.fr\\\/katana-kill-bill\\\/katana-forge-beatrix-kill-bill\\\/#breadcrumb\",\"itemListElement\":[{\"@type\":\"ListItem\",\"position\":1,\"name\":\"Accueil\",\"item\":\"https:\\\/\\\/repliquemangacine.fr\\\/\"},{\"@type\":\"ListItem\",\"position\":2,\"name\":\"Produits\",\"item\":\"https:\\\/\\\/repliquemangacine.fr\\\/boutique\\\/\"},{\"@type\":\"ListItem\",\"position\":3,\"name\":\"Katana Forg\u00e9 B\u00e9atrix\"}]},{\"@type\":\"WebSite\",\"@id\":\"https:\\\/\\\/repliquemangacine.fr\\\/#website\",\"url\":\"https:\\\/\\\/repliquemangacine.fr\\\/\",\"name\":\"R\u00e9plique Manga Cin\u00e9\",\"description\":\"\",\"publisher\":{\"@id\":\"https:\\\/\\\/repliquemangacine.fr\\\/#organization\"},\"potentialAction\":[{\"@type\":\"SearchAction\",\"target\":{\"@type\":\"EntryPoint\",\"urlTemplate\":\"https:\\\/\\\/repliquemangacine.fr\\\/?s={search_term_string}\"},\"query-input\":{\"@type\":\"PropertyValueSpecification\",\"valueRequired\":true,\"valueName\":\"search_term_string\"}}],\"inLanguage\":\"de\"},{\"@type\":\"Organization\",\"@id\":\"https:\\\/\\\/repliquemangacine.fr\\\/#organization\",\"name\":\"R\u00e9plique Manga Cin\u00e9\",\"url\":\"https:\\\/\\\/repliquemangacine.fr\\\/\",\"logo\":{\"@type\":\"ImageObject\",\"inLanguage\":\"de\",\"@id\":\"https:\\\/\\\/repliquemangacine.fr\\\/#\\\/schema\\\/logo\\\/image\\\/\",\"url\":\"https:\\\/\\\/repliquemangacine.fr\\\/wp-content\\\/uploads\\\/2023\\\/10\\\/RMC-500250.png\",\"contentUrl\":\"https:\\\/\\\/repliquemangacine.fr\\\/wp-content\\\/uploads\\\/2023\\\/10\\\/RMC-500250.png\",\"width\":500,\"height\":250,\"caption\":\"R\u00e9plique Manga Cin\u00e9\"},\"image\":{\"@id\":\"https:\\\/\\\/repliquemangacine.fr\\\/#\\\/schema\\\/logo\\\/image\\\/\"},\"sameAs\":[\"https:\\\/\\\/www.facebook.com\\\/RepliqueMangaCine\",\"https:\\\/\\\/www.instagram.com\\\/repliquemangacine.fr\\\/\"]}]}<\/script>\n<!-- \/ Yoast SEO plugin. -->","yoast_head_json":{"title":"Katana Geschmiedet Beatrix - Katana Kill Bill - R\u00e9plique Manga Cin\u00e9","description":"Bieten Sie ihr das Geschmiedete Katana Beatrix in Kill Bill zum besten Preis an - Scharfe Maru-Klinge - Ideogramm-Gravuren - Lackierte Scheide - L\u00e4nge: 102 cm","robots":{"index":"index","follow":"follow","max-snippet":"max-snippet:-1","max-image-preview":"max-image-preview:large","max-video-preview":"max-video-preview:-1"},"canonical":"https:\/\/repliquemangacine.fr\/de\/katana-kill-bill\/katana-schmiede-beatrix-kill-bill\/","og_locale":"de_DE","og_type":"article","og_title":"Katana Forg\u00e9 B\u00e9atrix - Katana Kill Bill - R\u00e9plique Manga Cin\u00e9","og_description":"Offrez-lui le Katana Forg\u00e9 B\u00e9atrix dans Kill Bill au meilleur prix - Lame Maru tranchante - Gravures Id\u00e9ogramme - Fourreau laqu\u00e9 - Longueur : 102 cm","og_url":"https:\/\/repliquemangacine.fr\/de\/katana-kill-bill\/katana-schmiede-beatrix-kill-bill\/","og_site_name":"R\u00e9plique Manga Cin\u00e9","article_publisher":"https:\/\/www.facebook.com\/RepliqueMangaCine","article_modified_time":"2026-02-05T02:11:11+00:00","og_image":[{"width":800,"height":800,"url":"https:\/\/repliquemangacine.fr\/wp-content\/uploads\/2023\/10\/k320.png","type":"image\/png"}],"twitter_card":"summary_large_image","twitter_misc":{"Gesch\u00e4tzte Lesezeit":"2\u00a0Minuten"},"schema":{"@context":"https:\/\/schema.org","@graph":[{"@type":"WebPage","@id":"https:\/\/repliquemangacine.fr\/katana-kill-bill\/katana-forge-beatrix-kill-bill\/","url":"https:\/\/repliquemangacine.fr\/katana-kill-bill\/katana-forge-beatrix-kill-bill\/","name":"Katana Geschmiedet Beatrix - Katana Kill Bill - R\u00e9plique Manga Cin\u00e9","isPartOf":{"@id":"https:\/\/repliquemangacine.fr\/#website"},"primaryImageOfPage":{"@id":"https:\/\/repliquemangacine.fr\/katana-kill-bill\/katana-forge-beatrix-kill-bill\/#primaryimage"},"image":{"@id":"https:\/\/repliquemangacine.fr\/katana-kill-bill\/katana-forge-beatrix-kill-bill\/#primaryimage"},"thumbnailUrl":"https:\/\/repliquemangacine.fr\/wp-content\/uploads\/2023\/10\/k320.png","datePublished":"2022-08-18T15:59:32+00:00","dateModified":"2026-02-05T02:11:11+00:00","description":"Bieten Sie ihr das Geschmiedete Katana Beatrix in Kill Bill zum besten Preis an - Scharfe Maru-Klinge - Ideogramm-Gravuren - Lackierte Scheide - L\u00e4nge: 102 cm","breadcrumb":{"@id":"https:\/\/repliquemangacine.fr\/katana-kill-bill\/katana-forge-beatrix-kill-bill\/#breadcrumb"},"inLanguage":"de","potentialAction":[{"@type":"ReadAction","target":["https:\/\/repliquemangacine.fr\/katana-kill-bill\/katana-forge-beatrix-kill-bill\/"]}]},{"@type":"ImageObject","inLanguage":"de","@id":"https:\/\/repliquemangacine.fr\/katana-kill-bill\/katana-forge-beatrix-kill-bill\/#primaryimage","url":"https:\/\/repliquemangacine.fr\/wp-content\/uploads\/2023\/10\/k320.png","contentUrl":"https:\/\/repliquemangacine.fr\/wp-content\/uploads\/2023\/10\/k320.png","width":800,"height":800,"caption":"Katana Forg\u00e9 B\u00e9atrix kill bill"},{"@type":"BreadcrumbList","@id":"https:\/\/repliquemangacine.fr\/katana-kill-bill\/katana-forge-beatrix-kill-bill\/#breadcrumb","itemListElement":[{"@type":"ListItem","position":1,"name":"Accueil","item":"https:\/\/repliquemangacine.fr\/"},{"@type":"ListItem","position":2,"name":"Produits","item":"https:\/\/repliquemangacine.fr\/boutique\/"},{"@type":"ListItem","position":3,"name":"Katana Forg\u00e9 B\u00e9atrix"}]},{"@type":"WebSite","@id":"https:\/\/repliquemangacine.fr\/#website","url":"https:\/\/repliquemangacine.fr\/","name":"R\u00e9plique Manga Cin\u00e9","description":"","publisher":{"@id":"https:\/\/repliquemangacine.fr\/#organization"},"potentialAction":[{"@type":"SearchAction","target":{"@type":"EntryPoint","urlTemplate":"https:\/\/repliquemangacine.fr\/?s={search_term_string}"},"query-input":{"@type":"PropertyValueSpecification","valueRequired":true,"valueName":"search_term_string"}}],"inLanguage":"de"},{"@type":"Organization","@id":"https:\/\/repliquemangacine.fr\/#organization","name":"R\u00e9plique Manga Cin\u00e9","url":"https:\/\/repliquemangacine.fr\/","logo":{"@type":"ImageObject","inLanguage":"de","@id":"https:\/\/repliquemangacine.fr\/#\/schema\/logo\/image\/","url":"https:\/\/repliquemangacine.fr\/wp-content\/uploads\/2023\/10\/RMC-500250.png","contentUrl":"https:\/\/repliquemangacine.fr\/wp-content\/uploads\/2023\/10\/RMC-500250.png","width":500,"height":250,"caption":"R\u00e9plique Manga Cin\u00e9"},"image":{"@id":"https:\/\/repliquemangacine.fr\/#\/schema\/logo\/image\/"},"sameAs":["https:\/\/www.facebook.com\/RepliqueMangaCine","https:\/\/www.instagram.com\/repliquemangacine.fr\/"]}]}},"_links":{"self":[{"href":"https:\/\/repliquemangacine.fr\/de\/wp-json\/wp\/v2\/product\/52565","targetHints":{"allow":["GET"]}}],"collection":[{"href":"https:\/\/repliquemangacine.fr\/de\/wp-json\/wp\/v2\/product"}],"about":[{"href":"https:\/\/repliquemangacine.fr\/de\/wp-json\/wp\/v2\/types\/product"}],"wp:featuredmedia":[{"embeddable":true,"href":"https:\/\/repliquemangacine.fr\/de\/wp-json\/wp\/v2\/media\/52566"}],"wp:attachment":[{"href":"https:\/\/repliquemangacine.fr\/de\/wp-json\/wp\/v2\/media?parent=52565"}],"wp:term":[{"taxonomy":"product_brand","embeddable":true,"href":"https:\/\/repliquemangacine.fr\/de\/wp-json\/wp\/v2\/product_brand?post=52565"},{"taxonomy":"product_cat","embeddable":true,"href":"https:\/\/repliquemangacine.fr\/de\/wp-json\/wp\/v2\/product_cat?post=52565"},{"taxonomy":"product_tag","embeddable":true,"href":"https:\/\/repliquemangacine.fr\/de\/wp-json\/wp\/v2\/product_tag?post=52565"}],"curies":[{"name":"wp","href":"https:\/\/api.w.org\/{rel}","templated":true}]}}