





{"id":52243,"date":"2022-08-06T15:48:02","date_gmt":"2022-08-06T13:48:02","guid":{"rendered":"https:\/\/repliquemangacine.fr\/?post_type=product&#038;p=52243"},"modified":"2026-04-19T02:08:58","modified_gmt":"2026-04-19T00:08:58","slug":"brook-epee-stock","status":"publish","type":"product","link":"https:\/\/repliquemangacine.fr\/de\/repliques-manga-jeux-video\/canne-epee-brook\/","title":{"rendered":"Schwertstock Brook"},"content":{"rendered":"<h2>Brooks Schwertstock in One Piece.<\/h2>\n<p>Zu Beginn wird die <strong>Stock Schwert von Brook<\/strong> wird in den meisten seiner Kampftechniken verwendet.<\/p>\n<p>Brook, auch bekannt als Brook der S\u00e4nger, ist der Musiker und (nach Zoro) der zweite Schwertk\u00e4mpfer der Strohhut-Besatzung. Er ist ein lebendes Skelett, das sie an Bord eines Geisterschiffs kennengelernt haben, nachdem sie ein mysteri\u00f6ses Fass gefunden hatten, das auf dem Ozean trieb.<\/p>\n<p>Erster Auftritt, <a href=\"https:\/\/onepiece.fandom.com\/fr\/wiki\/Brook\" target=\"_blank\" rel=\"noopener noreferrer\">Brook<\/a> hat das Aussehen eines Skeletts mit Afrofrisur - die Wurzeln sind tief in den Sch\u00e4del eingedrungen - und tr\u00e4gt anfangs schicke Kleidung, die durch die Zeit und die harten K\u00e4mpfe zerst\u00f6rt wurde.<\/p>\n<p>Bei den meisten seiner Kampftechniken benutzt er sein Stockschwert, wie :<\/p>\n<p>-Parade Wiegenlied: Brook nimmt seine Geige und benutzt seine Klinge als Bogen. Dadurch entsteht eine Musik, die seine Feinde (und auch einige seiner Freunde) einschl\u00e4fert.<\/p>\n<h2>Ihr Degenstock aus Brook zum besten Preis.<\/h2>\n<p>Wir bieten dir eine gro\u00dfe Auswahl an Spr\u00fcchen deiner Lieblingscharaktere aus One Piece.<\/p>\n<p>Zun\u00e4chst einmal,<\/p>\n<ul>\n<li>Das Katana <a href=\"https:\/\/repliquemangacine.fr\/de\/one-piece\/nidai-kitetsu-schwert-von-luffy-one-piece\/\">Nidai Kitetsu<\/a> von Luffy aus One Piece mit seinem atypischen Aussehen.<\/li>\n<li>Anschlie\u00dfend wird der neue <a href=\"https:\/\/repliquemangacine.fr\/de\/one-piece\/nidai-kitetsu-schwert-von-luffy-one-piece\/\">Katana von Zoro Enma<\/a> in seiner Luxusausf\u00fchrung.<\/li>\n<li>Und viele andere, die es in unserem Online-Shop zu entdecken gibt!<\/li>\n<\/ul>\n<p>Deshalb ist dies eine tolle Geschenkidee f\u00fcr alle One Piece-Fans.<\/p>\n<p>Abschlie\u00dfend k\u00f6nnen Sie La <strong>Stock Schwert von Brook<\/strong> bei Ihren Cosplay-Modenschauen oder Themenabenden. Es ist wichtig zu wissen, dass der Stock aus Brook vor allem ein Sammler- und Dekorationsst\u00fcck ist.<\/p>\n<h2>Unsere g\u00fcnstigen One Piece-Neuheiten<\/h2>\n<p>Da wir immer auf der Suche nach Neuem sind und Ihre W\u00fcnsche erf\u00fcllen wollen, haben wir einige kleine Nuggets f\u00fcr Sie, die Sie demn\u00e4chst entdecken k\u00f6nnen! In der Tat werden Sie auf Ihren Manga-Konventionen mit dem <a href=\"https:\/\/repliquemangacine.fr\/de\/katana-one-piece\/katana-raiu-shiliew-one-piece\/\">Katana von raiu Shiliew<\/a>. Au\u00dferdem wird es One Piece-Figuren sowie Wallscrolls Ihrer Lieblingscharaktere geben.<\/p>\n<p>R\u00e9plique Manga Cin\u00e9 ist ein franz\u00f6sisches Unternehmen.<\/p>\n<p><strong>Wir m\u00f6chten Sie darauf hinweisen, dass alle unsere Repliken Sammler- und Dekorationsobjekte sind. Sie k\u00f6nnen sie f\u00fcr historische Rekonstruktionen sowie f\u00fcr Cosplay-Paraden oder f\u00fcr Ihre Innendekoration verwenden. Daher ist es nicht m\u00f6glich, mit ihren Repliken \u00f6ffentliche Pl\u00e4tze zu betreten.<\/strong><\/p>\n<p>&nbsp;<\/p>","protected":false},"excerpt":{"rendered":"<p>Wundersch\u00f6ne Nachbildung des Stockschwerts, das Brook in One Piece benutzt.<\/p>\n<ul>\n<li>Stock ganz aus Metall, mit violettem Lack \u00fcberzogen.<\/li>\n<li>Klinge aus 440er Stahl.<\/li>\n<li>Das Schraubengewinde ist f\u00fcr eine gute Sicherheit relativ lang.<\/li>\n<li>Am Ende des Stocks befindet sich ein rutschfester Gummi, der f\u00fcr einen sicheren Halt beim Gehen sorgt.<\/li>\n<li>L\u00e4nge der Klinge: 62cm - Gesamtl\u00e4nge des geschlossenen Schwertstocks: 98cm<\/li>\n<\/ul>","protected":false},"featured_media":52244,"template":"","meta":[],"product_brand":[896],"product_cat":[123,23],"product_tag":[],"class_list":{"0":"post-52243","1":"product","2":"type-product","3":"status-publish","4":"has-post-thumbnail","6":"product_brand-replique-manga-cine","7":"product_cat-katana-en-metal-one-piece","8":"product_cat-repliques-manga-jeux-video","10":"first","11":"outofstock","12":"taxable","13":"shipping-taxable","14":"purchasable","15":"product-type-simple"},"yoast_head":"<!-- This site is optimized with the Yoast SEO plugin v27.5 - https:\/\/yoast.com\/product\/yoast-seo-wordpress\/ -->\n<title>Canne Ep\u00e9e de Brook - One Piece - Boutique en ligne - RMC<\/title>\n<meta name=\"description\" content=\"Commandez votre Canne Ep\u00e9e de Brook dans One Piece au meilleur prix. Tout en m\u00e9tal violet et laqu\u00e9. Lame acier - Longueur totale : 98 cm - Envoi 24\/48h\" \/>\n<meta name=\"robots\" content=\"index, follow, max-snippet:-1, max-image-preview:large, max-video-preview:-1\" \/>\n<link rel=\"canonical\" href=\"https:\/\/repliquemangacine.fr\/de\/repliken-manga-videospiele\/brook-epee-stock\/\" \/>\n<meta property=\"og:locale\" content=\"de_DE\" \/>\n<meta property=\"og:type\" content=\"article\" \/>\n<meta property=\"og:title\" content=\"Canne Ep\u00e9e de Brook - One Piece - Boutique en ligne - RMC\" \/>\n<meta property=\"og:description\" content=\"Commandez votre Canne Ep\u00e9e de Brook dans One Piece au meilleur prix. Tout en m\u00e9tal violet et laqu\u00e9. Lame acier - Longueur totale : 98 cm - Envoi 24\/48h\" \/>\n<meta property=\"og:url\" content=\"https:\/\/repliquemangacine.fr\/de\/repliken-manga-videospiele\/brook-epee-stock\/\" \/>\n<meta property=\"og:site_name\" content=\"R\u00e9plique Manga Cin\u00e9\" \/>\n<meta property=\"article:publisher\" content=\"https:\/\/www.facebook.com\/RepliqueMangaCine\" \/>\n<meta property=\"article:modified_time\" content=\"2026-04-19T00:08:58+00:00\" \/>\n<meta property=\"og:image\" content=\"https:\/\/repliquemangacine.fr\/wp-content\/uploads\/2023\/10\/canne-epee-one-piece.png\" \/>\n\t<meta property=\"og:image:width\" content=\"500\" \/>\n\t<meta property=\"og:image:height\" content=\"500\" \/>\n\t<meta property=\"og:image:type\" content=\"image\/png\" \/>\n<meta name=\"twitter:card\" content=\"summary_large_image\" \/>\n<meta name=\"twitter:label1\" content=\"Gesch\u00e4tzte Lesezeit\" \/>\n\t<meta name=\"twitter:data1\" content=\"3\u00a0Minuten\" \/>\n<script type=\"application\/ld+json\" class=\"yoast-schema-graph\">{\"@context\":\"https:\\\/\\\/schema.org\",\"@graph\":[{\"@type\":\"WebPage\",\"@id\":\"https:\\\/\\\/repliquemangacine.fr\\\/repliques-manga-jeux-video\\\/canne-epee-brook\\\/\",\"url\":\"https:\\\/\\\/repliquemangacine.fr\\\/repliques-manga-jeux-video\\\/canne-epee-brook\\\/\",\"name\":\"Canne Ep\u00e9e de Brook - One Piece - Boutique en ligne - RMC\",\"isPartOf\":{\"@id\":\"https:\\\/\\\/repliquemangacine.fr\\\/#website\"},\"primaryImageOfPage\":{\"@id\":\"https:\\\/\\\/repliquemangacine.fr\\\/repliques-manga-jeux-video\\\/canne-epee-brook\\\/#primaryimage\"},\"image\":{\"@id\":\"https:\\\/\\\/repliquemangacine.fr\\\/repliques-manga-jeux-video\\\/canne-epee-brook\\\/#primaryimage\"},\"thumbnailUrl\":\"https:\\\/\\\/repliquemangacine.fr\\\/wp-content\\\/uploads\\\/2023\\\/10\\\/canne-epee-one-piece.png\",\"datePublished\":\"2022-08-06T13:48:02+00:00\",\"dateModified\":\"2026-04-19T00:08:58+00:00\",\"description\":\"Commandez votre Canne Ep\u00e9e de Brook dans One Piece au meilleur prix. Tout en m\u00e9tal violet et laqu\u00e9. Lame acier - Longueur totale : 98 cm - Envoi 24\\\/48h\",\"breadcrumb\":{\"@id\":\"https:\\\/\\\/repliquemangacine.fr\\\/repliques-manga-jeux-video\\\/canne-epee-brook\\\/#breadcrumb\"},\"inLanguage\":\"de\",\"potentialAction\":[{\"@type\":\"ReadAction\",\"target\":[\"https:\\\/\\\/repliquemangacine.fr\\\/repliques-manga-jeux-video\\\/canne-epee-brook\\\/\"]}]},{\"@type\":\"ImageObject\",\"inLanguage\":\"de\",\"@id\":\"https:\\\/\\\/repliquemangacine.fr\\\/repliques-manga-jeux-video\\\/canne-epee-brook\\\/#primaryimage\",\"url\":\"https:\\\/\\\/repliquemangacine.fr\\\/wp-content\\\/uploads\\\/2023\\\/10\\\/canne-epee-one-piece.png\",\"contentUrl\":\"https:\\\/\\\/repliquemangacine.fr\\\/wp-content\\\/uploads\\\/2023\\\/10\\\/canne-epee-one-piece.png\",\"width\":500,\"height\":500,\"caption\":\"Canne Ep\u00e9e de Brook dans One Piece\"},{\"@type\":\"BreadcrumbList\",\"@id\":\"https:\\\/\\\/repliquemangacine.fr\\\/repliques-manga-jeux-video\\\/canne-epee-brook\\\/#breadcrumb\",\"itemListElement\":[{\"@type\":\"ListItem\",\"position\":1,\"name\":\"Accueil\",\"item\":\"https:\\\/\\\/repliquemangacine.fr\\\/\"},{\"@type\":\"ListItem\",\"position\":2,\"name\":\"Produits\",\"item\":\"https:\\\/\\\/repliquemangacine.fr\\\/boutique\\\/\"},{\"@type\":\"ListItem\",\"position\":3,\"name\":\"Canne \u00e9p\u00e9e Brook\"}]},{\"@type\":\"WebSite\",\"@id\":\"https:\\\/\\\/repliquemangacine.fr\\\/#website\",\"url\":\"https:\\\/\\\/repliquemangacine.fr\\\/\",\"name\":\"R\u00e9plique Manga Cin\u00e9\",\"description\":\"\",\"publisher\":{\"@id\":\"https:\\\/\\\/repliquemangacine.fr\\\/#organization\"},\"potentialAction\":[{\"@type\":\"SearchAction\",\"target\":{\"@type\":\"EntryPoint\",\"urlTemplate\":\"https:\\\/\\\/repliquemangacine.fr\\\/?s={search_term_string}\"},\"query-input\":{\"@type\":\"PropertyValueSpecification\",\"valueRequired\":true,\"valueName\":\"search_term_string\"}}],\"inLanguage\":\"de\"},{\"@type\":\"Organization\",\"@id\":\"https:\\\/\\\/repliquemangacine.fr\\\/#organization\",\"name\":\"R\u00e9plique Manga Cin\u00e9\",\"url\":\"https:\\\/\\\/repliquemangacine.fr\\\/\",\"logo\":{\"@type\":\"ImageObject\",\"inLanguage\":\"de\",\"@id\":\"https:\\\/\\\/repliquemangacine.fr\\\/#\\\/schema\\\/logo\\\/image\\\/\",\"url\":\"https:\\\/\\\/repliquemangacine.fr\\\/wp-content\\\/uploads\\\/2023\\\/10\\\/RMC-500250.png\",\"contentUrl\":\"https:\\\/\\\/repliquemangacine.fr\\\/wp-content\\\/uploads\\\/2023\\\/10\\\/RMC-500250.png\",\"width\":500,\"height\":250,\"caption\":\"R\u00e9plique Manga Cin\u00e9\"},\"image\":{\"@id\":\"https:\\\/\\\/repliquemangacine.fr\\\/#\\\/schema\\\/logo\\\/image\\\/\"},\"sameAs\":[\"https:\\\/\\\/www.facebook.com\\\/RepliqueMangaCine\",\"https:\\\/\\\/www.instagram.com\\\/repliquemangacine.fr\\\/\"]}]}<\/script>\n<!-- \/ Yoast SEO plugin. -->","yoast_head_json":{"title":"Brooks Schwert Rute - One Piece - Online-Shop - RMC","description":"Bestellen Sie Ihren Schwertstock von Brook in One Piece zum besten Preis. Ganz aus violettem, lackiertem Metall. Klinge aus Stahl - Gesamtl\u00e4nge: 98 cm - Versand 24\/48h","robots":{"index":"index","follow":"follow","max-snippet":"max-snippet:-1","max-image-preview":"max-image-preview:large","max-video-preview":"max-video-preview:-1"},"canonical":"https:\/\/repliquemangacine.fr\/de\/repliken-manga-videospiele\/brook-epee-stock\/","og_locale":"de_DE","og_type":"article","og_title":"Canne Ep\u00e9e de Brook - One Piece - Boutique en ligne - RMC","og_description":"Commandez votre Canne Ep\u00e9e de Brook dans One Piece au meilleur prix. Tout en m\u00e9tal violet et laqu\u00e9. Lame acier - Longueur totale : 98 cm - Envoi 24\/48h","og_url":"https:\/\/repliquemangacine.fr\/de\/repliken-manga-videospiele\/brook-epee-stock\/","og_site_name":"R\u00e9plique Manga Cin\u00e9","article_publisher":"https:\/\/www.facebook.com\/RepliqueMangaCine","article_modified_time":"2026-04-19T00:08:58+00:00","og_image":[{"width":500,"height":500,"url":"https:\/\/repliquemangacine.fr\/wp-content\/uploads\/2023\/10\/canne-epee-one-piece.png","type":"image\/png"}],"twitter_card":"summary_large_image","twitter_misc":{"Gesch\u00e4tzte Lesezeit":"3\u00a0Minuten"},"schema":{"@context":"https:\/\/schema.org","@graph":[{"@type":"WebPage","@id":"https:\/\/repliquemangacine.fr\/repliques-manga-jeux-video\/canne-epee-brook\/","url":"https:\/\/repliquemangacine.fr\/repliques-manga-jeux-video\/canne-epee-brook\/","name":"Brooks Schwert Rute - One Piece - Online-Shop - RMC","isPartOf":{"@id":"https:\/\/repliquemangacine.fr\/#website"},"primaryImageOfPage":{"@id":"https:\/\/repliquemangacine.fr\/repliques-manga-jeux-video\/canne-epee-brook\/#primaryimage"},"image":{"@id":"https:\/\/repliquemangacine.fr\/repliques-manga-jeux-video\/canne-epee-brook\/#primaryimage"},"thumbnailUrl":"https:\/\/repliquemangacine.fr\/wp-content\/uploads\/2023\/10\/canne-epee-one-piece.png","datePublished":"2022-08-06T13:48:02+00:00","dateModified":"2026-04-19T00:08:58+00:00","description":"Bestellen Sie Ihren Schwertstock von Brook in One Piece zum besten Preis. Ganz aus violettem, lackiertem Metall. Klinge aus Stahl - Gesamtl\u00e4nge: 98 cm - Versand 24\/48h","breadcrumb":{"@id":"https:\/\/repliquemangacine.fr\/repliques-manga-jeux-video\/canne-epee-brook\/#breadcrumb"},"inLanguage":"de","potentialAction":[{"@type":"ReadAction","target":["https:\/\/repliquemangacine.fr\/repliques-manga-jeux-video\/canne-epee-brook\/"]}]},{"@type":"ImageObject","inLanguage":"de","@id":"https:\/\/repliquemangacine.fr\/repliques-manga-jeux-video\/canne-epee-brook\/#primaryimage","url":"https:\/\/repliquemangacine.fr\/wp-content\/uploads\/2023\/10\/canne-epee-one-piece.png","contentUrl":"https:\/\/repliquemangacine.fr\/wp-content\/uploads\/2023\/10\/canne-epee-one-piece.png","width":500,"height":500,"caption":"Canne Ep\u00e9e de Brook dans One Piece"},{"@type":"BreadcrumbList","@id":"https:\/\/repliquemangacine.fr\/repliques-manga-jeux-video\/canne-epee-brook\/#breadcrumb","itemListElement":[{"@type":"ListItem","position":1,"name":"Accueil","item":"https:\/\/repliquemangacine.fr\/"},{"@type":"ListItem","position":2,"name":"Produits","item":"https:\/\/repliquemangacine.fr\/boutique\/"},{"@type":"ListItem","position":3,"name":"Canne \u00e9p\u00e9e Brook"}]},{"@type":"WebSite","@id":"https:\/\/repliquemangacine.fr\/#website","url":"https:\/\/repliquemangacine.fr\/","name":"R\u00e9plique Manga Cin\u00e9","description":"","publisher":{"@id":"https:\/\/repliquemangacine.fr\/#organization"},"potentialAction":[{"@type":"SearchAction","target":{"@type":"EntryPoint","urlTemplate":"https:\/\/repliquemangacine.fr\/?s={search_term_string}"},"query-input":{"@type":"PropertyValueSpecification","valueRequired":true,"valueName":"search_term_string"}}],"inLanguage":"de"},{"@type":"Organization","@id":"https:\/\/repliquemangacine.fr\/#organization","name":"R\u00e9plique Manga Cin\u00e9","url":"https:\/\/repliquemangacine.fr\/","logo":{"@type":"ImageObject","inLanguage":"de","@id":"https:\/\/repliquemangacine.fr\/#\/schema\/logo\/image\/","url":"https:\/\/repliquemangacine.fr\/wp-content\/uploads\/2023\/10\/RMC-500250.png","contentUrl":"https:\/\/repliquemangacine.fr\/wp-content\/uploads\/2023\/10\/RMC-500250.png","width":500,"height":250,"caption":"R\u00e9plique Manga Cin\u00e9"},"image":{"@id":"https:\/\/repliquemangacine.fr\/#\/schema\/logo\/image\/"},"sameAs":["https:\/\/www.facebook.com\/RepliqueMangaCine","https:\/\/www.instagram.com\/repliquemangacine.fr\/"]}]}},"_links":{"self":[{"href":"https:\/\/repliquemangacine.fr\/de\/wp-json\/wp\/v2\/product\/52243","targetHints":{"allow":["GET"]}}],"collection":[{"href":"https:\/\/repliquemangacine.fr\/de\/wp-json\/wp\/v2\/product"}],"about":[{"href":"https:\/\/repliquemangacine.fr\/de\/wp-json\/wp\/v2\/types\/product"}],"wp:featuredmedia":[{"embeddable":true,"href":"https:\/\/repliquemangacine.fr\/de\/wp-json\/wp\/v2\/media\/52244"}],"wp:attachment":[{"href":"https:\/\/repliquemangacine.fr\/de\/wp-json\/wp\/v2\/media?parent=52243"}],"wp:term":[{"taxonomy":"product_brand","embeddable":true,"href":"https:\/\/repliquemangacine.fr\/de\/wp-json\/wp\/v2\/product_brand?post=52243"},{"taxonomy":"product_cat","embeddable":true,"href":"https:\/\/repliquemangacine.fr\/de\/wp-json\/wp\/v2\/product_cat?post=52243"},{"taxonomy":"product_tag","embeddable":true,"href":"https:\/\/repliquemangacine.fr\/de\/wp-json\/wp\/v2\/product_tag?post=52243"}],"curies":[{"name":"wp","href":"https:\/\/api.w.org\/{rel}","templated":true}]}}