





{"id":52128,"date":"2022-08-03T14:37:37","date_gmt":"2022-08-03T12:37:37","guid":{"rendered":"https:\/\/repliquemangacine.fr\/?post_type=product&#038;p=52128"},"modified":"2026-04-27T15:43:14","modified_gmt":"2026-04-27T13:43:14","slug":"snake-schaft","status":"publish","type":"product","link":"https:\/\/repliquemangacine.fr\/de\/accessoires-western\/crosse-snake\/","title":{"rendered":"Snake-Schaft"},"content":{"rendered":"<h2>Kolser Snake-Schaft<\/h2>\n<p>Zun\u00e4chst einmal soll der Kolser Snake Crosse die Colts der Marke personalisieren, damit jeder Sammler seine Cowboy-Seele in seinem Lieblingsreplikat wiederfinden kann!<\/p>\n<p>Hergestellt aus knochen\u00e4hnlichem Harz mit fein detaillierter Gravur. Die Montage ist kinderleicht, d. h. es muss nur eine Schraube entfernt werden. Passend nur f\u00fcr Colts der Marke Kolser.<\/p>\n<p>Das Unternehmen <a href=\"https:\/\/kolser.com\/sobre-nosotros\/\" target=\"_blank\" rel=\"noopener noreferrer\">Kolser<\/a> wurde 1965 gegr\u00fcndet und stellte zun\u00e4chst Dolche und Schilde zur Dekoration her. Erst sp\u00e4ter wurden in ihren Fabriken auch Nachbildungen von Waffen und Westernzubeh\u00f6r hergestellt. So wurde Kolser zum einzigen Hersteller von Sammlerrepliken mit simuliertem Schie\u00dfmechanismus wie dem Auswurf der Kugeln nach der Detonation bei ihren Winchesters.<\/p>\n<h2>Ihr Westernzubeh\u00f6r zu den besten Preisen.<\/h2>\n<p>Wir bieten Ihnen alle Repliken von Westernpistolen der Marke Kolser an.<\/p>\n<p>Zun\u00e4chst einmal,<\/p>\n<ul>\n<li>Die <a href=\"https:\/\/repliquemangacine.fr\/de\/kolser-waffe\/replique-colt-45-laiton-4-75-pouces-1873-kolser\/\">colt 45 Peacemaker<\/a> 1873 nannte den Peacekeeper in 4,75 Zoll und h\u00f6her.<\/li>\n<li>Sowie das <a href=\"https:\/\/repliquemangacine.fr\/de\/kolser-waffe\/koffer-colt-45-saa-31cm-black-1873-kolser\/\">colt 45 SAA edtion black<\/a> von 31 cm.<\/li>\n<li>Es gibt auch Holster in einfacher oder doppelter Ausf\u00fchrung, Sheriffsterne...<\/li>\n<li>Und noch viel mehr gibt es in unserem Online-Shop zu entdecken!<\/li>\n<\/ul>\n<p>Deshalb sind hier tolle Geschenkideen f\u00fcr alle, die den amerikanischen Westen lieben.<\/p>\n<p>Zusammenfassend l\u00e4sst sich sagen, dass Sie diesen Stock bei Westernshows oder -veranstaltungen, aber auch bei historischen Reenactments verwenden k\u00f6nnen.<\/p>\n<p>Es ist zu betonen, dass diese Reproduktion von Crosse Snake auch ein Sammler- und Dekorationsst\u00fcck ist.<\/p>\n<p>R\u00e9plique Manga Cin\u00e9 ist ein franz\u00f6sisches Familienunternehmen und offizieller Vertriebspartner der Marken Denix und Kolser.<\/p>","protected":false},"excerpt":{"rendered":"<p>Personalisieren Sie Ihre Kolser-Repliken mit diesem Snake-Schaft.<\/p>\n<ul>\n<li>Passend f\u00fcr alle Ihre Kolser Colts.<\/li>\n<li>Inklusive Schrauben und Muttern.<\/li>\n<li>Hergestellt aus OS-Imitationsharz<\/li>\n<li>Gr\u00f6\u00dfe 8 cm<\/li>\n<\/ul>\n<p><strong>Unterliegt keiner Genehmigungspflicht. Verkauf und Besitz frei.<\/strong><\/p>","protected":false},"featured_media":52129,"template":"","meta":[],"product_brand":[896],"product_cat":[51,100,27],"product_tag":[],"class_list":{"0":"post-52128","1":"product","2":"type-product","3":"status-publish","4":"has-post-thumbnail","6":"product_brand-replique-manga-cine","7":"product_cat-accessoires-western","8":"product_cat-arme-kolser","9":"product_cat-armes-et-accessoires-western","11":"first","12":"instock","13":"taxable","14":"shipping-taxable","15":"purchasable","16":"product-type-simple"},"yoast_head":"<!-- This site is optimized with the Yoast SEO plugin v27.5 - https:\/\/yoast.com\/product\/yoast-seo-wordpress\/ -->\n<title>Crosse Snake Kolser - R\u00e9plique Manga Cin\u00e9<\/title>\n<meta name=\"description\" content=\"Avec la Crosse Snake Kolser interchangeable, vous pourrez personnaliser vos colts de la marque Kolser au meilleur prix - En r\u00e9sine imitation ivoire.\" \/>\n<meta name=\"robots\" content=\"index, follow, max-snippet:-1, max-image-preview:large, max-video-preview:-1\" \/>\n<link rel=\"canonical\" href=\"https:\/\/repliquemangacine.fr\/de\/westernzubehor\/snake-schaft\/\" \/>\n<meta property=\"og:locale\" content=\"de_DE\" \/>\n<meta property=\"og:type\" content=\"article\" \/>\n<meta property=\"og:title\" content=\"Crosse Snake Kolser - R\u00e9plique Manga Cin\u00e9\" \/>\n<meta property=\"og:description\" content=\"Avec la Crosse Snake Kolser interchangeable, vous pourrez personnaliser vos colts de la marque Kolser au meilleur prix - En r\u00e9sine imitation ivoire.\" \/>\n<meta property=\"og:url\" content=\"https:\/\/repliquemangacine.fr\/de\/westernzubehor\/snake-schaft\/\" \/>\n<meta property=\"og:site_name\" content=\"R\u00e9plique Manga Cin\u00e9\" \/>\n<meta property=\"article:publisher\" content=\"https:\/\/www.facebook.com\/RepliqueMangaCine\" \/>\n<meta property=\"article:modified_time\" content=\"2026-04-27T13:43:14+00:00\" \/>\n<meta property=\"og:image\" content=\"https:\/\/repliquemangacine.fr\/wp-content\/uploads\/2023\/10\/CROSSE.jpg\" \/>\n\t<meta property=\"og:image:width\" content=\"800\" \/>\n\t<meta property=\"og:image:height\" content=\"800\" \/>\n\t<meta property=\"og:image:type\" content=\"image\/jpeg\" \/>\n<meta name=\"twitter:card\" content=\"summary_large_image\" \/>\n<meta name=\"twitter:label1\" content=\"Gesch\u00e4tzte Lesezeit\" \/>\n\t<meta name=\"twitter:data1\" content=\"1\u00a0Minute\" \/>\n<script type=\"application\/ld+json\" class=\"yoast-schema-graph\">{\"@context\":\"https:\\\/\\\/schema.org\",\"@graph\":[{\"@type\":\"WebPage\",\"@id\":\"https:\\\/\\\/repliquemangacine.fr\\\/accessoires-western\\\/crosse-snake\\\/\",\"url\":\"https:\\\/\\\/repliquemangacine.fr\\\/accessoires-western\\\/crosse-snake\\\/\",\"name\":\"Crosse Snake Kolser - R\u00e9plique Manga Cin\u00e9\",\"isPartOf\":{\"@id\":\"https:\\\/\\\/repliquemangacine.fr\\\/#website\"},\"primaryImageOfPage\":{\"@id\":\"https:\\\/\\\/repliquemangacine.fr\\\/accessoires-western\\\/crosse-snake\\\/#primaryimage\"},\"image\":{\"@id\":\"https:\\\/\\\/repliquemangacine.fr\\\/accessoires-western\\\/crosse-snake\\\/#primaryimage\"},\"thumbnailUrl\":\"https:\\\/\\\/repliquemangacine.fr\\\/wp-content\\\/uploads\\\/2023\\\/10\\\/CROSSE.jpg\",\"datePublished\":\"2022-08-03T12:37:37+00:00\",\"dateModified\":\"2026-04-27T13:43:14+00:00\",\"description\":\"Avec la Crosse Snake Kolser interchangeable, vous pourrez personnaliser vos colts de la marque Kolser au meilleur prix - En r\u00e9sine imitation ivoire.\",\"breadcrumb\":{\"@id\":\"https:\\\/\\\/repliquemangacine.fr\\\/accessoires-western\\\/crosse-snake\\\/#breadcrumb\"},\"inLanguage\":\"de\",\"potentialAction\":[{\"@type\":\"ReadAction\",\"target\":[\"https:\\\/\\\/repliquemangacine.fr\\\/accessoires-western\\\/crosse-snake\\\/\"]}]},{\"@type\":\"ImageObject\",\"inLanguage\":\"de\",\"@id\":\"https:\\\/\\\/repliquemangacine.fr\\\/accessoires-western\\\/crosse-snake\\\/#primaryimage\",\"url\":\"https:\\\/\\\/repliquemangacine.fr\\\/wp-content\\\/uploads\\\/2023\\\/10\\\/CROSSE.jpg\",\"contentUrl\":\"https:\\\/\\\/repliquemangacine.fr\\\/wp-content\\\/uploads\\\/2023\\\/10\\\/CROSSE.jpg\",\"width\":800,\"height\":800,\"caption\":\"Crosse interchangeable kolser\"},{\"@type\":\"BreadcrumbList\",\"@id\":\"https:\\\/\\\/repliquemangacine.fr\\\/accessoires-western\\\/crosse-snake\\\/#breadcrumb\",\"itemListElement\":[{\"@type\":\"ListItem\",\"position\":1,\"name\":\"Accueil\",\"item\":\"https:\\\/\\\/repliquemangacine.fr\\\/\"},{\"@type\":\"ListItem\",\"position\":2,\"name\":\"Produits\",\"item\":\"https:\\\/\\\/repliquemangacine.fr\\\/boutique\\\/\"},{\"@type\":\"ListItem\",\"position\":3,\"name\":\"Crosse Snake\"}]},{\"@type\":\"WebSite\",\"@id\":\"https:\\\/\\\/repliquemangacine.fr\\\/#website\",\"url\":\"https:\\\/\\\/repliquemangacine.fr\\\/\",\"name\":\"R\u00e9plique Manga Cin\u00e9\",\"description\":\"\",\"publisher\":{\"@id\":\"https:\\\/\\\/repliquemangacine.fr\\\/#organization\"},\"potentialAction\":[{\"@type\":\"SearchAction\",\"target\":{\"@type\":\"EntryPoint\",\"urlTemplate\":\"https:\\\/\\\/repliquemangacine.fr\\\/?s={search_term_string}\"},\"query-input\":{\"@type\":\"PropertyValueSpecification\",\"valueRequired\":true,\"valueName\":\"search_term_string\"}}],\"inLanguage\":\"de\"},{\"@type\":\"Organization\",\"@id\":\"https:\\\/\\\/repliquemangacine.fr\\\/#organization\",\"name\":\"R\u00e9plique Manga Cin\u00e9\",\"url\":\"https:\\\/\\\/repliquemangacine.fr\\\/\",\"logo\":{\"@type\":\"ImageObject\",\"inLanguage\":\"de\",\"@id\":\"https:\\\/\\\/repliquemangacine.fr\\\/#\\\/schema\\\/logo\\\/image\\\/\",\"url\":\"https:\\\/\\\/repliquemangacine.fr\\\/wp-content\\\/uploads\\\/2023\\\/10\\\/RMC-500250.png\",\"contentUrl\":\"https:\\\/\\\/repliquemangacine.fr\\\/wp-content\\\/uploads\\\/2023\\\/10\\\/RMC-500250.png\",\"width\":500,\"height\":250,\"caption\":\"R\u00e9plique Manga Cin\u00e9\"},\"image\":{\"@id\":\"https:\\\/\\\/repliquemangacine.fr\\\/#\\\/schema\\\/logo\\\/image\\\/\"},\"sameAs\":[\"https:\\\/\\\/www.facebook.com\\\/RepliqueMangaCine\",\"https:\\\/\\\/www.instagram.com\\\/repliquemangacine.fr\\\/\"]}]}<\/script>\n<!-- \/ Yoast SEO plugin. -->","yoast_head_json":{"title":"Kolser Snake-Schaft - R\u00e9plique Manga Cin\u00e9","description":"Mit dem austauschbaren Kolser Snake Schaft k\u00f6nnen Sie Ihre Colts der Marke Kolser zum besten Preis personalisieren - Aus elfenbeinfarbenem Kunstharzimitat.","robots":{"index":"index","follow":"follow","max-snippet":"max-snippet:-1","max-image-preview":"max-image-preview:large","max-video-preview":"max-video-preview:-1"},"canonical":"https:\/\/repliquemangacine.fr\/de\/westernzubehor\/snake-schaft\/","og_locale":"de_DE","og_type":"article","og_title":"Crosse Snake Kolser - R\u00e9plique Manga Cin\u00e9","og_description":"Avec la Crosse Snake Kolser interchangeable, vous pourrez personnaliser vos colts de la marque Kolser au meilleur prix - En r\u00e9sine imitation ivoire.","og_url":"https:\/\/repliquemangacine.fr\/de\/westernzubehor\/snake-schaft\/","og_site_name":"R\u00e9plique Manga Cin\u00e9","article_publisher":"https:\/\/www.facebook.com\/RepliqueMangaCine","article_modified_time":"2026-04-27T13:43:14+00:00","og_image":[{"width":800,"height":800,"url":"https:\/\/repliquemangacine.fr\/wp-content\/uploads\/2023\/10\/CROSSE.jpg","type":"image\/jpeg"}],"twitter_card":"summary_large_image","twitter_misc":{"Gesch\u00e4tzte Lesezeit":"1\u00a0Minute"},"schema":{"@context":"https:\/\/schema.org","@graph":[{"@type":"WebPage","@id":"https:\/\/repliquemangacine.fr\/accessoires-western\/crosse-snake\/","url":"https:\/\/repliquemangacine.fr\/accessoires-western\/crosse-snake\/","name":"Kolser Snake-Schaft - R\u00e9plique Manga Cin\u00e9","isPartOf":{"@id":"https:\/\/repliquemangacine.fr\/#website"},"primaryImageOfPage":{"@id":"https:\/\/repliquemangacine.fr\/accessoires-western\/crosse-snake\/#primaryimage"},"image":{"@id":"https:\/\/repliquemangacine.fr\/accessoires-western\/crosse-snake\/#primaryimage"},"thumbnailUrl":"https:\/\/repliquemangacine.fr\/wp-content\/uploads\/2023\/10\/CROSSE.jpg","datePublished":"2022-08-03T12:37:37+00:00","dateModified":"2026-04-27T13:43:14+00:00","description":"Mit dem austauschbaren Kolser Snake Schaft k\u00f6nnen Sie Ihre Colts der Marke Kolser zum besten Preis personalisieren - Aus elfenbeinfarbenem Kunstharzimitat.","breadcrumb":{"@id":"https:\/\/repliquemangacine.fr\/accessoires-western\/crosse-snake\/#breadcrumb"},"inLanguage":"de","potentialAction":[{"@type":"ReadAction","target":["https:\/\/repliquemangacine.fr\/accessoires-western\/crosse-snake\/"]}]},{"@type":"ImageObject","inLanguage":"de","@id":"https:\/\/repliquemangacine.fr\/accessoires-western\/crosse-snake\/#primaryimage","url":"https:\/\/repliquemangacine.fr\/wp-content\/uploads\/2023\/10\/CROSSE.jpg","contentUrl":"https:\/\/repliquemangacine.fr\/wp-content\/uploads\/2023\/10\/CROSSE.jpg","width":800,"height":800,"caption":"Crosse interchangeable kolser"},{"@type":"BreadcrumbList","@id":"https:\/\/repliquemangacine.fr\/accessoires-western\/crosse-snake\/#breadcrumb","itemListElement":[{"@type":"ListItem","position":1,"name":"Accueil","item":"https:\/\/repliquemangacine.fr\/"},{"@type":"ListItem","position":2,"name":"Produits","item":"https:\/\/repliquemangacine.fr\/boutique\/"},{"@type":"ListItem","position":3,"name":"Crosse Snake"}]},{"@type":"WebSite","@id":"https:\/\/repliquemangacine.fr\/#website","url":"https:\/\/repliquemangacine.fr\/","name":"R\u00e9plique Manga Cin\u00e9","description":"","publisher":{"@id":"https:\/\/repliquemangacine.fr\/#organization"},"potentialAction":[{"@type":"SearchAction","target":{"@type":"EntryPoint","urlTemplate":"https:\/\/repliquemangacine.fr\/?s={search_term_string}"},"query-input":{"@type":"PropertyValueSpecification","valueRequired":true,"valueName":"search_term_string"}}],"inLanguage":"de"},{"@type":"Organization","@id":"https:\/\/repliquemangacine.fr\/#organization","name":"R\u00e9plique Manga Cin\u00e9","url":"https:\/\/repliquemangacine.fr\/","logo":{"@type":"ImageObject","inLanguage":"de","@id":"https:\/\/repliquemangacine.fr\/#\/schema\/logo\/image\/","url":"https:\/\/repliquemangacine.fr\/wp-content\/uploads\/2023\/10\/RMC-500250.png","contentUrl":"https:\/\/repliquemangacine.fr\/wp-content\/uploads\/2023\/10\/RMC-500250.png","width":500,"height":250,"caption":"R\u00e9plique Manga Cin\u00e9"},"image":{"@id":"https:\/\/repliquemangacine.fr\/#\/schema\/logo\/image\/"},"sameAs":["https:\/\/www.facebook.com\/RepliqueMangaCine","https:\/\/www.instagram.com\/repliquemangacine.fr\/"]}]}},"_links":{"self":[{"href":"https:\/\/repliquemangacine.fr\/de\/wp-json\/wp\/v2\/product\/52128","targetHints":{"allow":["GET"]}}],"collection":[{"href":"https:\/\/repliquemangacine.fr\/de\/wp-json\/wp\/v2\/product"}],"about":[{"href":"https:\/\/repliquemangacine.fr\/de\/wp-json\/wp\/v2\/types\/product"}],"wp:featuredmedia":[{"embeddable":true,"href":"https:\/\/repliquemangacine.fr\/de\/wp-json\/wp\/v2\/media\/52129"}],"wp:attachment":[{"href":"https:\/\/repliquemangacine.fr\/de\/wp-json\/wp\/v2\/media?parent=52128"}],"wp:term":[{"taxonomy":"product_brand","embeddable":true,"href":"https:\/\/repliquemangacine.fr\/de\/wp-json\/wp\/v2\/product_brand?post=52128"},{"taxonomy":"product_cat","embeddable":true,"href":"https:\/\/repliquemangacine.fr\/de\/wp-json\/wp\/v2\/product_cat?post=52128"},{"taxonomy":"product_tag","embeddable":true,"href":"https:\/\/repliquemangacine.fr\/de\/wp-json\/wp\/v2\/product_tag?post=52128"}],"curies":[{"name":"wp","href":"https:\/\/api.w.org\/{rel}","templated":true}]}}