





{"id":51628,"date":"2022-07-11T15:26:31","date_gmt":"2022-07-11T13:26:31","guid":{"rendered":"https:\/\/repliquemangacine.fr\/?post_type=product&#038;p=51628"},"modified":"2026-04-14T20:05:22","modified_gmt":"2026-04-14T18:05:22","slug":"wikingerschild-rund-dekorativ","status":"publish","type":"product","link":"https:\/\/repliquemangacine.fr\/de\/boucliers-serie-vikings\/bouclier-viking-rond-decoratif\/","title":{"rendered":"Wikingerschild Rund"},"content":{"rendered":"<h2>Dekorativer runder Wikingerschild aus Holz.<\/h2>\n<p>Zu Beginn wird der <strong>Wikingerschild Rund<\/strong> Dekorativ aus Holz mit Beschl\u00e4gen.<\/p>\n<p>Zun\u00e4chst einmal waren die Wikinger die m\u00e4chtigsten Krieger, die Europa je gesehen hat. Sie waren als K\u00e4mpfer bekannt f\u00fcr ihren Mut, ihre Tapferkeit und ihre Wildheit, vor allem aber f\u00fcr ihre Gewaltbereitschaft. Bekannt waren sie auch als H\u00e4ndler, Fischer und hervorragende Zimmerleute. Ihre Zivilisation war gepr\u00e4gt von einer Religion, die von G\u00f6ttern dominiert wurde. <a href=\"https:\/\/vikings.fandom.com\/fr\/wiki\/Odin\" target=\"_blank\" rel=\"noopener noreferrer\">Odin<\/a> Kriegsg\u00f6tter und Thor, Gott des Donners.<\/p>\n<p>Die Wikinger bauten ihre Schilde selbst. Sie waren sehr einfallsreich, was die Herstellung betraf, sowohl in praktischer als auch in taktischer Hinsicht. Tats\u00e4chlich bildeten sie eine Schildmauer, damit diese sowohl defensiv als auch offensiv eingesetzt werden konnte. Schlie\u00dflich wurden die Schilde auch an ihren Schiffen befestigt, um die Besatzung im Falle eines Kampfes zu sch\u00fctzen.<\/p>\n<h2>Ihr Viking-Rundschild zum besten Preis.<\/h2>\n<p>Wir bieten Ihnen eine gro\u00dfe Auswahl an Repliken der Viking-Serie, aber nicht nur!<\/p>\n<p>Zun\u00e4chst einmal,<\/p>\n<ul>\n<li>L'<a href=\"https:\/\/repliquemangacine.fr\/de\/viking\/lagerthas-schwert-wikinger\/\">Lagerthas Schwert<\/a> Ehefrau von Ragnar Lodbrok in der Serie \"Vikings\".<\/li>\n<li>Aber auch <a href=\"https:\/\/repliquemangacine.fr\/de\/viking\/wikingerschwert-hedeby-9-jahrhundert\/\">Wikingerschwert Hedeby<\/a> 9\u1d49 Jahrhundert, ausgestellt im Hedeby Viking Museum<\/li>\n<li>Und noch viel mehr gibt es in unserem Online-Shop zu entdecken!<\/li>\n<\/ul>\n<p>Deshalb gibt es hier einige gro\u00dfartige Geschenkideen f\u00fcr Fans der Wikinger.<\/p>\n<p>Abschlie\u00dfend k\u00f6nnen Sie auch diesen <strong>Wikingerschild Rund<\/strong> f\u00fcr Ihre Cosplay-Paraden sowie Ihre historischen Reenactments. Vor allem aber ist es auch ein Sammler- und Dekorationsst\u00fcck<\/p>\n<h2>Wie benutzt man seinen Kriegerschild?<\/h2>\n<p>Die Wikinger waren in der ganzen Welt als gro\u00dfe und mutige Krieger bekannt und waren sehr effektiv in ihren Angriffen und ihrem Schutz.<\/p>\n<p>Die Wikinger verwendeten eine sehr effektive Kriegsformation, die es ihnen erm\u00f6glichte, ihre Feinde ohne gro\u00dfe Verluste zu schw\u00e4chen. Sobald ihre Feinde geschw\u00e4cht waren, durchbrachen sie ihre Linien und \u00fcberrannten sie mit Leichtigkeit.<\/p>\n<p>Diese Formation ist heute als \"Schildwall\" bekannt.<\/p>\n<p>Au\u00dferdem verzierten sie ihre Schilde mit Runen oder Tierfiguren - Symbole, die sich auf die nordischen G\u00f6tter bezogen. Sie verfolgten aber auch strategische Ziele. Der <strong>Wikinger-Rundschild<\/strong> wenn es gestrichen ist, verhindert, dass das Wasser vom Holz aufgenommen wird, was es viel schwerer machte.<\/p>","protected":false},"excerpt":{"rendered":"<p>Dekorativer runder Wikingerschild<\/p>\n<ul>\n<li>Aus mehreren Holzlamellen hergestellt.<\/li>\n<li>Vernietete Beschl\u00e4ge und Verbindungsst\u00fccke aus Stahl.<\/li>\n<li>R\u00fcckseite des Schildes mit Leder \u00fcberzogen und mit zwei Lederriemen ausgestattet.<\/li>\n<li>Durchmesser: ca. 61cm - Dicke: ca. 1,4cm - Gewicht: ca. 3,6 kg<\/li>\n<\/ul>","protected":false},"featured_media":51629,"template":"","meta":[],"product_brand":[896],"product_cat":[25,113,24,103,57],"product_tag":[],"class_list":{"0":"post-51628","1":"product","2":"type-product","3":"status-publish","4":"has-post-thumbnail","6":"product_brand-replique-manga-cine","7":"product_cat-armes-historiques","8":"product_cat-boucliers-serie-vikings","9":"product_cat-films-series-tv-vente-de-katana-epee-et-produits-derives","10":"product_cat-armes-et-accessoires-vikings","11":"product_cat-armes-vikings","13":"first","14":"outofstock","15":"taxable","16":"shipping-taxable","17":"purchasable","18":"product-type-simple"},"yoast_head":"<!-- This site is optimized with the Yoast SEO plugin v27.5 - https:\/\/yoast.com\/product\/yoast-seo-wordpress\/ -->\n<title>Bouclier Viking Rond - Boutique en ligne - R\u00e9plique Manga Cin\u00e9<\/title>\n<meta name=\"description\" content=\"Offrez-vous ce Bouclier Viking Rond au meilleur prix - En bois -Ferrures et raccords en acier. Dos recouvert de cuir - Diam\u00e8tre : 61 cm - Envoi 24\/48h\" \/>\n<meta name=\"robots\" content=\"index, follow, max-snippet:-1, max-image-preview:large, max-video-preview:-1\" \/>\n<link rel=\"canonical\" href=\"https:\/\/repliquemangacine.fr\/de\/schilde-serie-vikings\/wikingerschild-rund-dekorativ\/\" \/>\n<meta property=\"og:locale\" content=\"de_DE\" \/>\n<meta property=\"og:type\" content=\"article\" \/>\n<meta property=\"og:title\" content=\"Bouclier Viking Rond - Boutique en ligne - R\u00e9plique Manga Cin\u00e9\" \/>\n<meta property=\"og:description\" content=\"Offrez-vous ce Bouclier Viking Rond au meilleur prix - En bois -Ferrures et raccords en acier. Dos recouvert de cuir - Diam\u00e8tre : 61 cm - Envoi 24\/48h\" \/>\n<meta property=\"og:url\" content=\"https:\/\/repliquemangacine.fr\/de\/schilde-serie-vikings\/wikingerschild-rund-dekorativ\/\" \/>\n<meta property=\"og:site_name\" content=\"R\u00e9plique Manga Cin\u00e9\" \/>\n<meta property=\"article:publisher\" content=\"https:\/\/www.facebook.com\/RepliqueMangaCine\" \/>\n<meta property=\"article:modified_time\" content=\"2026-04-14T18:05:22+00:00\" \/>\n<meta property=\"og:image\" content=\"https:\/\/repliquemangacine.fr\/wp-content\/uploads\/2023\/10\/Bouclier-viking-lame-bois.jpg\" \/>\n\t<meta property=\"og:image:width\" content=\"500\" \/>\n\t<meta property=\"og:image:height\" content=\"500\" \/>\n\t<meta property=\"og:image:type\" content=\"image\/jpeg\" \/>\n<meta name=\"twitter:card\" content=\"summary_large_image\" \/>\n<meta name=\"twitter:label1\" content=\"Gesch\u00e4tzte Lesezeit\" \/>\n\t<meta name=\"twitter:data1\" content=\"2\u00a0Minuten\" \/>\n<script type=\"application\/ld+json\" class=\"yoast-schema-graph\">{\"@context\":\"https:\\\/\\\/schema.org\",\"@graph\":[{\"@type\":\"WebPage\",\"@id\":\"https:\\\/\\\/repliquemangacine.fr\\\/boucliers-serie-vikings\\\/bouclier-viking-rond-decoratif\\\/\",\"url\":\"https:\\\/\\\/repliquemangacine.fr\\\/boucliers-serie-vikings\\\/bouclier-viking-rond-decoratif\\\/\",\"name\":\"Bouclier Viking Rond - Boutique en ligne - R\u00e9plique Manga Cin\u00e9\",\"isPartOf\":{\"@id\":\"https:\\\/\\\/repliquemangacine.fr\\\/#website\"},\"primaryImageOfPage\":{\"@id\":\"https:\\\/\\\/repliquemangacine.fr\\\/boucliers-serie-vikings\\\/bouclier-viking-rond-decoratif\\\/#primaryimage\"},\"image\":{\"@id\":\"https:\\\/\\\/repliquemangacine.fr\\\/boucliers-serie-vikings\\\/bouclier-viking-rond-decoratif\\\/#primaryimage\"},\"thumbnailUrl\":\"https:\\\/\\\/repliquemangacine.fr\\\/wp-content\\\/uploads\\\/2023\\\/10\\\/Bouclier-viking-lame-bois.jpg\",\"datePublished\":\"2022-07-11T13:26:31+00:00\",\"dateModified\":\"2026-04-14T18:05:22+00:00\",\"description\":\"Offrez-vous ce Bouclier Viking Rond au meilleur prix - En bois -Ferrures et raccords en acier. Dos recouvert de cuir - Diam\u00e8tre : 61 cm - Envoi 24\\\/48h\",\"breadcrumb\":{\"@id\":\"https:\\\/\\\/repliquemangacine.fr\\\/boucliers-serie-vikings\\\/bouclier-viking-rond-decoratif\\\/#breadcrumb\"},\"inLanguage\":\"de\",\"potentialAction\":[{\"@type\":\"ReadAction\",\"target\":[\"https:\\\/\\\/repliquemangacine.fr\\\/boucliers-serie-vikings\\\/bouclier-viking-rond-decoratif\\\/\"]}]},{\"@type\":\"ImageObject\",\"inLanguage\":\"de\",\"@id\":\"https:\\\/\\\/repliquemangacine.fr\\\/boucliers-serie-vikings\\\/bouclier-viking-rond-decoratif\\\/#primaryimage\",\"url\":\"https:\\\/\\\/repliquemangacine.fr\\\/wp-content\\\/uploads\\\/2023\\\/10\\\/Bouclier-viking-lame-bois.jpg\",\"contentUrl\":\"https:\\\/\\\/repliquemangacine.fr\\\/wp-content\\\/uploads\\\/2023\\\/10\\\/Bouclier-viking-lame-bois.jpg\",\"width\":500,\"height\":500,\"caption\":\"Bouclier Viking Rond D\u00e9coratif en bois\"},{\"@type\":\"BreadcrumbList\",\"@id\":\"https:\\\/\\\/repliquemangacine.fr\\\/boucliers-serie-vikings\\\/bouclier-viking-rond-decoratif\\\/#breadcrumb\",\"itemListElement\":[{\"@type\":\"ListItem\",\"position\":1,\"name\":\"Accueil\",\"item\":\"https:\\\/\\\/repliquemangacine.fr\\\/\"},{\"@type\":\"ListItem\",\"position\":2,\"name\":\"Produits\",\"item\":\"https:\\\/\\\/repliquemangacine.fr\\\/boutique\\\/\"},{\"@type\":\"ListItem\",\"position\":3,\"name\":\"Bouclier Viking Rond\"}]},{\"@type\":\"WebSite\",\"@id\":\"https:\\\/\\\/repliquemangacine.fr\\\/#website\",\"url\":\"https:\\\/\\\/repliquemangacine.fr\\\/\",\"name\":\"R\u00e9plique Manga Cin\u00e9\",\"description\":\"\",\"publisher\":{\"@id\":\"https:\\\/\\\/repliquemangacine.fr\\\/#organization\"},\"potentialAction\":[{\"@type\":\"SearchAction\",\"target\":{\"@type\":\"EntryPoint\",\"urlTemplate\":\"https:\\\/\\\/repliquemangacine.fr\\\/?s={search_term_string}\"},\"query-input\":{\"@type\":\"PropertyValueSpecification\",\"valueRequired\":true,\"valueName\":\"search_term_string\"}}],\"inLanguage\":\"de\"},{\"@type\":\"Organization\",\"@id\":\"https:\\\/\\\/repliquemangacine.fr\\\/#organization\",\"name\":\"R\u00e9plique Manga Cin\u00e9\",\"url\":\"https:\\\/\\\/repliquemangacine.fr\\\/\",\"logo\":{\"@type\":\"ImageObject\",\"inLanguage\":\"de\",\"@id\":\"https:\\\/\\\/repliquemangacine.fr\\\/#\\\/schema\\\/logo\\\/image\\\/\",\"url\":\"https:\\\/\\\/repliquemangacine.fr\\\/wp-content\\\/uploads\\\/2023\\\/10\\\/RMC-500250.png\",\"contentUrl\":\"https:\\\/\\\/repliquemangacine.fr\\\/wp-content\\\/uploads\\\/2023\\\/10\\\/RMC-500250.png\",\"width\":500,\"height\":250,\"caption\":\"R\u00e9plique Manga Cin\u00e9\"},\"image\":{\"@id\":\"https:\\\/\\\/repliquemangacine.fr\\\/#\\\/schema\\\/logo\\\/image\\\/\"},\"sameAs\":[\"https:\\\/\\\/www.facebook.com\\\/RepliqueMangaCine\",\"https:\\\/\\\/www.instagram.com\\\/repliquemangacine.fr\\\/\"]}]}<\/script>\n<!-- \/ Yoast SEO plugin. -->","yoast_head_json":{"title":"Wikingerschild Rund - Online-Shop - R\u00e9plique Manga Cin\u00e9","description":"Bieten Sie diesen runden Wikingerschild zum besten Preis an - Aus Holz -Beschl\u00e4ge und Verbindungsst\u00fccke aus Stahl. R\u00fcckseite mit Leder \u00fcberzogen - Durchmesser: 61 cm - Versand 24\/48h","robots":{"index":"index","follow":"follow","max-snippet":"max-snippet:-1","max-image-preview":"max-image-preview:large","max-video-preview":"max-video-preview:-1"},"canonical":"https:\/\/repliquemangacine.fr\/de\/schilde-serie-vikings\/wikingerschild-rund-dekorativ\/","og_locale":"de_DE","og_type":"article","og_title":"Bouclier Viking Rond - Boutique en ligne - R\u00e9plique Manga Cin\u00e9","og_description":"Offrez-vous ce Bouclier Viking Rond au meilleur prix - En bois -Ferrures et raccords en acier. Dos recouvert de cuir - Diam\u00e8tre : 61 cm - Envoi 24\/48h","og_url":"https:\/\/repliquemangacine.fr\/de\/schilde-serie-vikings\/wikingerschild-rund-dekorativ\/","og_site_name":"R\u00e9plique Manga Cin\u00e9","article_publisher":"https:\/\/www.facebook.com\/RepliqueMangaCine","article_modified_time":"2026-04-14T18:05:22+00:00","og_image":[{"width":500,"height":500,"url":"https:\/\/repliquemangacine.fr\/wp-content\/uploads\/2023\/10\/Bouclier-viking-lame-bois.jpg","type":"image\/jpeg"}],"twitter_card":"summary_large_image","twitter_misc":{"Gesch\u00e4tzte Lesezeit":"2\u00a0Minuten"},"schema":{"@context":"https:\/\/schema.org","@graph":[{"@type":"WebPage","@id":"https:\/\/repliquemangacine.fr\/boucliers-serie-vikings\/bouclier-viking-rond-decoratif\/","url":"https:\/\/repliquemangacine.fr\/boucliers-serie-vikings\/bouclier-viking-rond-decoratif\/","name":"Wikingerschild Rund - Online-Shop - R\u00e9plique Manga Cin\u00e9","isPartOf":{"@id":"https:\/\/repliquemangacine.fr\/#website"},"primaryImageOfPage":{"@id":"https:\/\/repliquemangacine.fr\/boucliers-serie-vikings\/bouclier-viking-rond-decoratif\/#primaryimage"},"image":{"@id":"https:\/\/repliquemangacine.fr\/boucliers-serie-vikings\/bouclier-viking-rond-decoratif\/#primaryimage"},"thumbnailUrl":"https:\/\/repliquemangacine.fr\/wp-content\/uploads\/2023\/10\/Bouclier-viking-lame-bois.jpg","datePublished":"2022-07-11T13:26:31+00:00","dateModified":"2026-04-14T18:05:22+00:00","description":"Bieten Sie diesen runden Wikingerschild zum besten Preis an - Aus Holz -Beschl\u00e4ge und Verbindungsst\u00fccke aus Stahl. R\u00fcckseite mit Leder \u00fcberzogen - Durchmesser: 61 cm - Versand 24\/48h","breadcrumb":{"@id":"https:\/\/repliquemangacine.fr\/boucliers-serie-vikings\/bouclier-viking-rond-decoratif\/#breadcrumb"},"inLanguage":"de","potentialAction":[{"@type":"ReadAction","target":["https:\/\/repliquemangacine.fr\/boucliers-serie-vikings\/bouclier-viking-rond-decoratif\/"]}]},{"@type":"ImageObject","inLanguage":"de","@id":"https:\/\/repliquemangacine.fr\/boucliers-serie-vikings\/bouclier-viking-rond-decoratif\/#primaryimage","url":"https:\/\/repliquemangacine.fr\/wp-content\/uploads\/2023\/10\/Bouclier-viking-lame-bois.jpg","contentUrl":"https:\/\/repliquemangacine.fr\/wp-content\/uploads\/2023\/10\/Bouclier-viking-lame-bois.jpg","width":500,"height":500,"caption":"Bouclier Viking Rond D\u00e9coratif en bois"},{"@type":"BreadcrumbList","@id":"https:\/\/repliquemangacine.fr\/boucliers-serie-vikings\/bouclier-viking-rond-decoratif\/#breadcrumb","itemListElement":[{"@type":"ListItem","position":1,"name":"Accueil","item":"https:\/\/repliquemangacine.fr\/"},{"@type":"ListItem","position":2,"name":"Produits","item":"https:\/\/repliquemangacine.fr\/boutique\/"},{"@type":"ListItem","position":3,"name":"Bouclier Viking Rond"}]},{"@type":"WebSite","@id":"https:\/\/repliquemangacine.fr\/#website","url":"https:\/\/repliquemangacine.fr\/","name":"R\u00e9plique Manga Cin\u00e9","description":"","publisher":{"@id":"https:\/\/repliquemangacine.fr\/#organization"},"potentialAction":[{"@type":"SearchAction","target":{"@type":"EntryPoint","urlTemplate":"https:\/\/repliquemangacine.fr\/?s={search_term_string}"},"query-input":{"@type":"PropertyValueSpecification","valueRequired":true,"valueName":"search_term_string"}}],"inLanguage":"de"},{"@type":"Organization","@id":"https:\/\/repliquemangacine.fr\/#organization","name":"R\u00e9plique Manga Cin\u00e9","url":"https:\/\/repliquemangacine.fr\/","logo":{"@type":"ImageObject","inLanguage":"de","@id":"https:\/\/repliquemangacine.fr\/#\/schema\/logo\/image\/","url":"https:\/\/repliquemangacine.fr\/wp-content\/uploads\/2023\/10\/RMC-500250.png","contentUrl":"https:\/\/repliquemangacine.fr\/wp-content\/uploads\/2023\/10\/RMC-500250.png","width":500,"height":250,"caption":"R\u00e9plique Manga Cin\u00e9"},"image":{"@id":"https:\/\/repliquemangacine.fr\/#\/schema\/logo\/image\/"},"sameAs":["https:\/\/www.facebook.com\/RepliqueMangaCine","https:\/\/www.instagram.com\/repliquemangacine.fr\/"]}]}},"_links":{"self":[{"href":"https:\/\/repliquemangacine.fr\/de\/wp-json\/wp\/v2\/product\/51628","targetHints":{"allow":["GET"]}}],"collection":[{"href":"https:\/\/repliquemangacine.fr\/de\/wp-json\/wp\/v2\/product"}],"about":[{"href":"https:\/\/repliquemangacine.fr\/de\/wp-json\/wp\/v2\/types\/product"}],"wp:featuredmedia":[{"embeddable":true,"href":"https:\/\/repliquemangacine.fr\/de\/wp-json\/wp\/v2\/media\/51629"}],"wp:attachment":[{"href":"https:\/\/repliquemangacine.fr\/de\/wp-json\/wp\/v2\/media?parent=51628"}],"wp:term":[{"taxonomy":"product_brand","embeddable":true,"href":"https:\/\/repliquemangacine.fr\/de\/wp-json\/wp\/v2\/product_brand?post=51628"},{"taxonomy":"product_cat","embeddable":true,"href":"https:\/\/repliquemangacine.fr\/de\/wp-json\/wp\/v2\/product_cat?post=51628"},{"taxonomy":"product_tag","embeddable":true,"href":"https:\/\/repliquemangacine.fr\/de\/wp-json\/wp\/v2\/product_tag?post=51628"}],"curies":[{"name":"wp","href":"https:\/\/api.w.org\/{rel}","templated":true}]}}