





{"id":51618,"date":"2022-07-11T14:50:45","date_gmt":"2022-07-11T12:50:45","guid":{"rendered":"https:\/\/repliquemangacine.fr\/?post_type=product&#038;p=51618"},"modified":"2025-10-10T14:11:16","modified_gmt":"2025-10-10T12:11:16","slug":"wikingerschild-aus-holz","status":"publish","type":"product","link":"https:\/\/repliquemangacine.fr\/de\/armes-et-accessoires-vikings\/bouclier-viking-en-bois\/","title":{"rendered":"Wikingerschild Holz"},"content":{"rendered":"<h2>Wikingerschild aus Holz mit seinem Umbo aus Stahl<\/h2>\n<p>Als Einstieg dient der Wikingerschild aus Holz, der von den Originalen der damaligen Zeit inspiriert ist.<\/p>\n<p>Die <a href=\"https:\/\/www.futura-sciences.com\/sciences\/questions-reponses\/histoire-histoire-vikings-leur-epopee-13777\/\" target=\"_blank\" rel=\"noopener noreferrer\">Wikinger<\/a> sind die m\u00e4chtigsten Krieger, die Europa je gekannt hat. K\u00e4mpfer, die f\u00fcr ihren Mut, ihre Tapferkeit und ihre Grausamkeit, vor allem aber f\u00fcr ihre Gewaltt\u00e4tigkeit bekannt waren. Eine Zivilisation, die von einer eigenst\u00e4ndigen Religion gepr\u00e4gt ist, die von den G\u00f6ttern Odin und Thor beherrscht wird.<\/p>\n<p>Sehr einfallsreich, was die Herstellung der Schilde betraf. Sie schafften es n\u00e4mlich, den Griff auf der R\u00fcckseite des Schildes mit dem Stahlvorsprung zu verbinden, um die Hand zu sch\u00fctzen. Au\u00dferdem stellen sie eine Schildmauer her, sodass der Schild sowohl defensiv als auch offensiv ist. Schlie\u00dflich wurden die Schilde auch an ihren Schiffen befestigt, um die Besatzung im Falle eines Kampfes zu sch\u00fctzen.<\/p>\n<h2>Ihr Wikingerschild aus Holz zum besten Preis.<\/h2>\n<p>Wir bieten Ihnen eine gro\u00dfe Auswahl an Repliken der Viking-Serie, aber nicht nur!<\/p>\n<p>Zun\u00e4chst einmal,<\/p>\n<ul>\n<li>L'<a href=\"https:\/\/repliquemangacine.fr\/de\/viking\/wikingerschwert-ironside\/\">Wikingerschwert Ironside<\/a> von Condor benannt nach Bj\u00f6rn Ironside, dem legend\u00e4ren Wikingerk\u00f6nig, der in Upsal regierte.<\/li>\n<li>Aber auch die<a href=\"https:\/\/repliquemangacine.fr\/de\/wikingerwaffen\/replik-des-schwertes-von-konig-ragnar-lothbrok-aus-der-tv-serie-vikings\/\">Schwert des K\u00f6nigs Ragnar Lothbrok<\/a> mit einer Klinge aus verspiegeltem Edelstahl und Gravur von Wikinger-Runen.<\/li>\n<li>Und noch viel mehr gibt es in unserem Online-Shop zu entdecken!<\/li>\n<\/ul>\n<p>Deshalb ist dies eine tolle Geschenkidee f\u00fcr alle, die sich f\u00fcr die Wikinger begeistern.<\/p>\n<p>Abschlie\u00dfend k\u00f6nnen Sie den <strong>Wikingerschild aus Holz<\/strong> f\u00fcr Ihre historischen Nachstellungen. Dar\u00fcber hinaus ist es auch ein sch\u00f6nes Sammler- oder Ausstellungsst\u00fcck f\u00fcr alle, die sich f\u00fcr das Wikingerzeitalter begeistern.<\/p>\n<h2>Wie benutzt man seinen Kriegerschild?<\/h2>\n<p>Die Wikinger waren in der ganzen Welt als gro\u00dfe und mutige Krieger bekannt und waren sehr effektiv in ihren Angriffen und ihrem Schutz.<\/p>\n<p>Die Wikinger verwendeten eine sehr effektive Kriegsformation, die es ihnen erm\u00f6glichte, ihre Feinde ohne gro\u00dfe Verluste zu schw\u00e4chen. Sobald ihre Feinde geschw\u00e4cht waren, durchbrachen sie ihre Linien und \u00fcberrannten sie mit Leichtigkeit.<\/p>\n<p>Diese Formation, die heute als \"Schildwall\" bekannt ist.<\/p>\n<p>Au\u00dferdem verzierten sie ihre Schilde mit Runen oder Tierfiguren - Symbole, die sich auf die nordischen G\u00f6tter bezogen. Sie verfolgten aber auch strategische Ziele. Der <strong>Wikingerschild aus Holz<\/strong> wenn es gestrichen ist, verhindert, dass das Wasser vom Holz aufgenommen wird, was es viel schwerer machte.<\/p>","protected":false},"excerpt":{"rendered":"<p>Runder Holzschild der Wikinger.<\/p>\n<ul>\n<li>Rondache aus Holz.<\/li>\n<li>Umbo und genietete Verst\u00e4rkungen aus Stahl.<\/li>\n<li>Schildrand durch einen Stahlring gesch\u00fctzt.<\/li>\n<li>Vernieteter Metallgriff und verstellbarer Lederriemen.<\/li>\n<\/ul>\n<p>Durchmesser: 54,5 cm - Dicke: 1,3 cm - Gewicht: ca. 2,5 kg<\/p>","protected":false},"featured_media":51619,"template":"","meta":[],"product_brand":[896],"product_cat":[25,24,103,57],"product_tag":[],"class_list":{"0":"post-51618","1":"product","2":"type-product","3":"status-publish","4":"has-post-thumbnail","6":"product_brand-replique-manga-cine","7":"product_cat-armes-historiques","8":"product_cat-films-series-tv-vente-de-katana-epee-et-produits-derives","9":"product_cat-armes-et-accessoires-vikings","10":"product_cat-armes-vikings","12":"first","13":"instock","14":"taxable","15":"shipping-taxable","16":"purchasable","17":"product-type-simple"},"yoast_head":"<!-- This site is optimized with the Yoast SEO plugin v27.5 - https:\/\/yoast.com\/product\/yoast-seo-wordpress\/ -->\n<title>Bouclier Viking en bois - Boutique en ligne - R\u00e9plique Manga Cin\u00e9<\/title>\n<meta name=\"description\" content=\"Offrez-vous ce Bouclier Viking en Bois au meilleur prix - Rondache en bois - Umbo et renforts rivet\u00e9s en acier - Diam\u00e8tre : 54.5 cm - Poids : 2.5 kg\" \/>\n<meta name=\"robots\" content=\"index, follow, max-snippet:-1, max-image-preview:large, max-video-preview:-1\" \/>\n<link rel=\"canonical\" href=\"https:\/\/repliquemangacine.fr\/de\/waffen-und-zubehor-der-wikinger\/wikingerschild-aus-holz\/\" \/>\n<meta property=\"og:locale\" content=\"de_DE\" \/>\n<meta property=\"og:type\" content=\"article\" \/>\n<meta property=\"og:title\" content=\"Bouclier Viking en bois - Boutique en ligne - R\u00e9plique Manga Cin\u00e9\" \/>\n<meta property=\"og:description\" content=\"Offrez-vous ce Bouclier Viking en Bois au meilleur prix - Rondache en bois - Umbo et renforts rivet\u00e9s en acier - Diam\u00e8tre : 54.5 cm - Poids : 2.5 kg\" \/>\n<meta property=\"og:url\" content=\"https:\/\/repliquemangacine.fr\/de\/waffen-und-zubehor-der-wikinger\/wikingerschild-aus-holz\/\" \/>\n<meta property=\"og:site_name\" content=\"R\u00e9plique Manga Cin\u00e9\" \/>\n<meta property=\"article:publisher\" content=\"https:\/\/www.facebook.com\/RepliqueMangaCine\" \/>\n<meta property=\"article:modified_time\" content=\"2025-10-10T12:11:16+00:00\" \/>\n<meta property=\"og:image\" content=\"https:\/\/repliquemangacine.fr\/wp-content\/uploads\/2023\/10\/Bouclier-Viking-bois.jpg\" \/>\n\t<meta property=\"og:image:width\" content=\"500\" \/>\n\t<meta property=\"og:image:height\" content=\"500\" \/>\n\t<meta property=\"og:image:type\" content=\"image\/jpeg\" \/>\n<meta name=\"twitter:card\" content=\"summary_large_image\" \/>\n<meta name=\"twitter:label1\" content=\"Gesch\u00e4tzte Lesezeit\" \/>\n\t<meta name=\"twitter:data1\" content=\"2\u00a0Minuten\" \/>\n<script type=\"application\/ld+json\" class=\"yoast-schema-graph\">{\"@context\":\"https:\\\/\\\/schema.org\",\"@graph\":[{\"@type\":\"WebPage\",\"@id\":\"https:\\\/\\\/repliquemangacine.fr\\\/armes-et-accessoires-vikings\\\/bouclier-viking-en-bois\\\/\",\"url\":\"https:\\\/\\\/repliquemangacine.fr\\\/armes-et-accessoires-vikings\\\/bouclier-viking-en-bois\\\/\",\"name\":\"Bouclier Viking en bois - Boutique en ligne - R\u00e9plique Manga Cin\u00e9\",\"isPartOf\":{\"@id\":\"https:\\\/\\\/repliquemangacine.fr\\\/#website\"},\"primaryImageOfPage\":{\"@id\":\"https:\\\/\\\/repliquemangacine.fr\\\/armes-et-accessoires-vikings\\\/bouclier-viking-en-bois\\\/#primaryimage\"},\"image\":{\"@id\":\"https:\\\/\\\/repliquemangacine.fr\\\/armes-et-accessoires-vikings\\\/bouclier-viking-en-bois\\\/#primaryimage\"},\"thumbnailUrl\":\"https:\\\/\\\/repliquemangacine.fr\\\/wp-content\\\/uploads\\\/2023\\\/10\\\/Bouclier-Viking-bois.jpg\",\"datePublished\":\"2022-07-11T12:50:45+00:00\",\"dateModified\":\"2025-10-10T12:11:16+00:00\",\"description\":\"Offrez-vous ce Bouclier Viking en Bois au meilleur prix - Rondache en bois - Umbo et renforts rivet\u00e9s en acier - Diam\u00e8tre : 54.5 cm - Poids : 2.5 kg\",\"breadcrumb\":{\"@id\":\"https:\\\/\\\/repliquemangacine.fr\\\/armes-et-accessoires-vikings\\\/bouclier-viking-en-bois\\\/#breadcrumb\"},\"inLanguage\":\"de\",\"potentialAction\":[{\"@type\":\"ReadAction\",\"target\":[\"https:\\\/\\\/repliquemangacine.fr\\\/armes-et-accessoires-vikings\\\/bouclier-viking-en-bois\\\/\"]}]},{\"@type\":\"ImageObject\",\"inLanguage\":\"de\",\"@id\":\"https:\\\/\\\/repliquemangacine.fr\\\/armes-et-accessoires-vikings\\\/bouclier-viking-en-bois\\\/#primaryimage\",\"url\":\"https:\\\/\\\/repliquemangacine.fr\\\/wp-content\\\/uploads\\\/2023\\\/10\\\/Bouclier-Viking-bois.jpg\",\"contentUrl\":\"https:\\\/\\\/repliquemangacine.fr\\\/wp-content\\\/uploads\\\/2023\\\/10\\\/Bouclier-Viking-bois.jpg\",\"width\":500,\"height\":500,\"caption\":\"Bouclier-Viking-bois rivete\"},{\"@type\":\"BreadcrumbList\",\"@id\":\"https:\\\/\\\/repliquemangacine.fr\\\/armes-et-accessoires-vikings\\\/bouclier-viking-en-bois\\\/#breadcrumb\",\"itemListElement\":[{\"@type\":\"ListItem\",\"position\":1,\"name\":\"Accueil\",\"item\":\"https:\\\/\\\/repliquemangacine.fr\\\/\"},{\"@type\":\"ListItem\",\"position\":2,\"name\":\"Produits\",\"item\":\"https:\\\/\\\/repliquemangacine.fr\\\/boutique\\\/\"},{\"@type\":\"ListItem\",\"position\":3,\"name\":\"Bouclier Viking Bois\"}]},{\"@type\":\"WebSite\",\"@id\":\"https:\\\/\\\/repliquemangacine.fr\\\/#website\",\"url\":\"https:\\\/\\\/repliquemangacine.fr\\\/\",\"name\":\"R\u00e9plique Manga Cin\u00e9\",\"description\":\"\",\"publisher\":{\"@id\":\"https:\\\/\\\/repliquemangacine.fr\\\/#organization\"},\"potentialAction\":[{\"@type\":\"SearchAction\",\"target\":{\"@type\":\"EntryPoint\",\"urlTemplate\":\"https:\\\/\\\/repliquemangacine.fr\\\/?s={search_term_string}\"},\"query-input\":{\"@type\":\"PropertyValueSpecification\",\"valueRequired\":true,\"valueName\":\"search_term_string\"}}],\"inLanguage\":\"de\"},{\"@type\":\"Organization\",\"@id\":\"https:\\\/\\\/repliquemangacine.fr\\\/#organization\",\"name\":\"R\u00e9plique Manga Cin\u00e9\",\"url\":\"https:\\\/\\\/repliquemangacine.fr\\\/\",\"logo\":{\"@type\":\"ImageObject\",\"inLanguage\":\"de\",\"@id\":\"https:\\\/\\\/repliquemangacine.fr\\\/#\\\/schema\\\/logo\\\/image\\\/\",\"url\":\"https:\\\/\\\/repliquemangacine.fr\\\/wp-content\\\/uploads\\\/2023\\\/10\\\/RMC-500250.png\",\"contentUrl\":\"https:\\\/\\\/repliquemangacine.fr\\\/wp-content\\\/uploads\\\/2023\\\/10\\\/RMC-500250.png\",\"width\":500,\"height\":250,\"caption\":\"R\u00e9plique Manga Cin\u00e9\"},\"image\":{\"@id\":\"https:\\\/\\\/repliquemangacine.fr\\\/#\\\/schema\\\/logo\\\/image\\\/\"},\"sameAs\":[\"https:\\\/\\\/www.facebook.com\\\/RepliqueMangaCine\",\"https:\\\/\\\/www.instagram.com\\\/repliquemangacine.fr\\\/\"]}]}<\/script>\n<!-- \/ Yoast SEO plugin. -->","yoast_head_json":{"title":"Wikingerschild aus Holz - Online-Shop - R\u00e9plique Manga Cin\u00e9","description":"G\u00f6nnen Sie sich diesen Wikingerschild aus Holz zum besten Preis - Rondache aus Holz - Umbo und genietete Verst\u00e4rkungen aus Stahl - Durchmesser: 54.5 cm - Gewicht: 2.5 kg","robots":{"index":"index","follow":"follow","max-snippet":"max-snippet:-1","max-image-preview":"max-image-preview:large","max-video-preview":"max-video-preview:-1"},"canonical":"https:\/\/repliquemangacine.fr\/de\/waffen-und-zubehor-der-wikinger\/wikingerschild-aus-holz\/","og_locale":"de_DE","og_type":"article","og_title":"Bouclier Viking en bois - Boutique en ligne - R\u00e9plique Manga Cin\u00e9","og_description":"Offrez-vous ce Bouclier Viking en Bois au meilleur prix - Rondache en bois - Umbo et renforts rivet\u00e9s en acier - Diam\u00e8tre : 54.5 cm - Poids : 2.5 kg","og_url":"https:\/\/repliquemangacine.fr\/de\/waffen-und-zubehor-der-wikinger\/wikingerschild-aus-holz\/","og_site_name":"R\u00e9plique Manga Cin\u00e9","article_publisher":"https:\/\/www.facebook.com\/RepliqueMangaCine","article_modified_time":"2025-10-10T12:11:16+00:00","og_image":[{"width":500,"height":500,"url":"https:\/\/repliquemangacine.fr\/wp-content\/uploads\/2023\/10\/Bouclier-Viking-bois.jpg","type":"image\/jpeg"}],"twitter_card":"summary_large_image","twitter_misc":{"Gesch\u00e4tzte Lesezeit":"2\u00a0Minuten"},"schema":{"@context":"https:\/\/schema.org","@graph":[{"@type":"WebPage","@id":"https:\/\/repliquemangacine.fr\/armes-et-accessoires-vikings\/bouclier-viking-en-bois\/","url":"https:\/\/repliquemangacine.fr\/armes-et-accessoires-vikings\/bouclier-viking-en-bois\/","name":"Wikingerschild aus Holz - Online-Shop - R\u00e9plique Manga Cin\u00e9","isPartOf":{"@id":"https:\/\/repliquemangacine.fr\/#website"},"primaryImageOfPage":{"@id":"https:\/\/repliquemangacine.fr\/armes-et-accessoires-vikings\/bouclier-viking-en-bois\/#primaryimage"},"image":{"@id":"https:\/\/repliquemangacine.fr\/armes-et-accessoires-vikings\/bouclier-viking-en-bois\/#primaryimage"},"thumbnailUrl":"https:\/\/repliquemangacine.fr\/wp-content\/uploads\/2023\/10\/Bouclier-Viking-bois.jpg","datePublished":"2022-07-11T12:50:45+00:00","dateModified":"2025-10-10T12:11:16+00:00","description":"G\u00f6nnen Sie sich diesen Wikingerschild aus Holz zum besten Preis - Rondache aus Holz - Umbo und genietete Verst\u00e4rkungen aus Stahl - Durchmesser: 54.5 cm - Gewicht: 2.5 kg","breadcrumb":{"@id":"https:\/\/repliquemangacine.fr\/armes-et-accessoires-vikings\/bouclier-viking-en-bois\/#breadcrumb"},"inLanguage":"de","potentialAction":[{"@type":"ReadAction","target":["https:\/\/repliquemangacine.fr\/armes-et-accessoires-vikings\/bouclier-viking-en-bois\/"]}]},{"@type":"ImageObject","inLanguage":"de","@id":"https:\/\/repliquemangacine.fr\/armes-et-accessoires-vikings\/bouclier-viking-en-bois\/#primaryimage","url":"https:\/\/repliquemangacine.fr\/wp-content\/uploads\/2023\/10\/Bouclier-Viking-bois.jpg","contentUrl":"https:\/\/repliquemangacine.fr\/wp-content\/uploads\/2023\/10\/Bouclier-Viking-bois.jpg","width":500,"height":500,"caption":"Bouclier-Viking-bois rivete"},{"@type":"BreadcrumbList","@id":"https:\/\/repliquemangacine.fr\/armes-et-accessoires-vikings\/bouclier-viking-en-bois\/#breadcrumb","itemListElement":[{"@type":"ListItem","position":1,"name":"Accueil","item":"https:\/\/repliquemangacine.fr\/"},{"@type":"ListItem","position":2,"name":"Produits","item":"https:\/\/repliquemangacine.fr\/boutique\/"},{"@type":"ListItem","position":3,"name":"Bouclier Viking Bois"}]},{"@type":"WebSite","@id":"https:\/\/repliquemangacine.fr\/#website","url":"https:\/\/repliquemangacine.fr\/","name":"R\u00e9plique Manga Cin\u00e9","description":"","publisher":{"@id":"https:\/\/repliquemangacine.fr\/#organization"},"potentialAction":[{"@type":"SearchAction","target":{"@type":"EntryPoint","urlTemplate":"https:\/\/repliquemangacine.fr\/?s={search_term_string}"},"query-input":{"@type":"PropertyValueSpecification","valueRequired":true,"valueName":"search_term_string"}}],"inLanguage":"de"},{"@type":"Organization","@id":"https:\/\/repliquemangacine.fr\/#organization","name":"R\u00e9plique Manga Cin\u00e9","url":"https:\/\/repliquemangacine.fr\/","logo":{"@type":"ImageObject","inLanguage":"de","@id":"https:\/\/repliquemangacine.fr\/#\/schema\/logo\/image\/","url":"https:\/\/repliquemangacine.fr\/wp-content\/uploads\/2023\/10\/RMC-500250.png","contentUrl":"https:\/\/repliquemangacine.fr\/wp-content\/uploads\/2023\/10\/RMC-500250.png","width":500,"height":250,"caption":"R\u00e9plique Manga Cin\u00e9"},"image":{"@id":"https:\/\/repliquemangacine.fr\/#\/schema\/logo\/image\/"},"sameAs":["https:\/\/www.facebook.com\/RepliqueMangaCine","https:\/\/www.instagram.com\/repliquemangacine.fr\/"]}]}},"_links":{"self":[{"href":"https:\/\/repliquemangacine.fr\/de\/wp-json\/wp\/v2\/product\/51618","targetHints":{"allow":["GET"]}}],"collection":[{"href":"https:\/\/repliquemangacine.fr\/de\/wp-json\/wp\/v2\/product"}],"about":[{"href":"https:\/\/repliquemangacine.fr\/de\/wp-json\/wp\/v2\/types\/product"}],"wp:featuredmedia":[{"embeddable":true,"href":"https:\/\/repliquemangacine.fr\/de\/wp-json\/wp\/v2\/media\/51619"}],"wp:attachment":[{"href":"https:\/\/repliquemangacine.fr\/de\/wp-json\/wp\/v2\/media?parent=51618"}],"wp:term":[{"taxonomy":"product_brand","embeddable":true,"href":"https:\/\/repliquemangacine.fr\/de\/wp-json\/wp\/v2\/product_brand?post=51618"},{"taxonomy":"product_cat","embeddable":true,"href":"https:\/\/repliquemangacine.fr\/de\/wp-json\/wp\/v2\/product_cat?post=51618"},{"taxonomy":"product_tag","embeddable":true,"href":"https:\/\/repliquemangacine.fr\/de\/wp-json\/wp\/v2\/product_tag?post=51618"}],"curies":[{"name":"wp","href":"https:\/\/api.w.org\/{rel}","templated":true}]}}