





{"id":51477,"date":"2022-07-05T15:37:53","date_gmt":"2022-07-05T13:37:53","guid":{"rendered":"https:\/\/repliquemangacine.fr\/?post_type=product&#038;p=51477"},"modified":"2026-04-14T12:27:38","modified_gmt":"2026-04-14T10:27:38","slug":"asuma-chakra-klinge","status":"publish","type":"product","link":"https:\/\/repliquemangacine.fr\/de\/kunai-et-shuriken-naruto\/lame-de-chakra-asuma\/","title":{"rendered":"Asuma Chakra-Klinge"},"content":{"rendered":"<h2>Chakraklinge Asuma Sarutobi in Naruto<\/h2>\n<p>Zu Beginn wird die <strong>Asuma Chakra-Klinge<\/strong> -besteht vollst\u00e4ndig aus einem St\u00fcck Stahl (Full Tang Construction).<\/p>\n<p>Asuma Sarutobi ist ein J\u00f4nin aus Konoha aus dem Sarutobi-Clan und ehemaliges Mitglied der Zw\u00f6lf W\u00e4chter-Ninjas. Er ist ein entspannter Mensch und starker Raucher.<br \/>\n<a href=\"https:\/\/naruto.fandom.com\/fr\/wiki\/Asuma_Sarutobi\" target=\"_blank\" rel=\"noopener noreferrer\">Asuma<\/a> ein gro\u00dfes Talent, das im Anime die ultimative Technik des Feuertempels einsetzt.<\/p>\n<p>Sein Kampfstil basiert haupts\u00e4chlich auf Taijutsu, kombiniert mit seinen mit Chakra-Klingen versehenen Schlagringen. Diese Schlagringe bestehen aus einem speziellen Metall, das das Chakra seines Benutzers \u00fcbertragen kann. Mit seiner Technik \u00abDie fliegende Schwalbe\u00bb kann er die Klingen mit seinem Chakra verl\u00e4ngern, um einen mehrere Meter entfernten Gegner zu verletzen.<\/p>\n<h2>Ihre Asuma Chakra-Klinge zum besten Preis.<\/h2>\n<p>Wir bieten dir alle Spr\u00fcche deiner Lieblingsfiguren in diesem Naruto-Animationsmanga.<\/p>\n<p>Zun\u00e4chst einmal,<\/p>\n<ul>\n<li>Das Katana Chidori <a href=\"https:\/\/repliquemangacine.fr\/de\/naruto\/epee-kusanagi-katana-chidori-sasuke-uchiwa\/\">Kusanagi-Schwert<\/a>,<\/li>\n<li>Es gibt auch den<a href=\"https:\/\/repliquemangacine.fr\/de\/naruto\/groses-naruto-kunai\/\"> gro\u00dfer Kunai<\/a> Naruto, ganz aus Metall.<\/li>\n<li>Sowie Borutos Katana. Mit diesem Schwert bringt Sasuke ihm den Umgang bei.<\/li>\n<li>Und noch viel mehr, das es in unserem Online-Shop zu entdecken gibt.<\/li>\n<\/ul>\n<p>Deshalb sind hier einige tolle Geschenkideen f\u00fcr Naruto-Fans.<\/p>\n<p>Abschlie\u00dfend k\u00f6nnen Sie auch diese L verwenden.<strong>ame von Chakra Asuma<\/strong> f\u00fcr Ihre Cosplay-Parade oder Ihre Themenabende. Vor allem aber ist die Asuma Chakraklinge, auch ein Sammler- und Dekorationsst\u00fcck.<\/p>\n<h2>Entdecken Sie unsere neuesten g\u00fcnstigen Naruto-Neuheiten.<\/h2>\n<p>Immer auf der Suche nach Neuem und in dem Bestreben, Ihre W\u00fcnsche zu erf\u00fcllen, haben wir einige kleine Nuggets, die Sie demn\u00e4chst entdecken k\u00f6nnen!<\/p>\n<p>Wir freuen uns, Ihnen eine Reihe von Naurto-Figuren sowie verschiedene Goodies zum besten Preis pr\u00e4sentieren zu k\u00f6nnen. Sie brauchen nur ein wenig Geduld!<\/p>\n<p>R\u00e9plique Manga Cin\u00e9 ist ein franz\u00f6sisches Familienunternehmen.<\/p>\n<p><strong>Wir m\u00f6chten Sie darauf hinweisen, dass alle unsere Repliken Sammler- und Dekorationsobjekte sind. Sie k\u00f6nnen sie f\u00fcr historische Rekonstruktionen sowie f\u00fcr Cosplay-Paraden oder f\u00fcr Ihre Innendekoration verwenden. Daher ist es nicht m\u00f6glich, mit ihren Repliken \u00f6ffentliche Pl\u00e4tze zu betreten.<\/strong><\/p>\n<p>&nbsp;<\/p>","protected":false},"excerpt":{"rendered":"<p>Faust Asuma Naruto<\/p>\n<p>Eine identische Replik der amerikanischen Faust von Asumas Chakrawaffe.<\/p>\n<ul>\n<li>Ganz aus 440 stainless steel, (nicht scharfkantig) aus einem St\u00fcck gefertigt mit Naruto-Signet.<\/li>\n<li>Der Griff besteht aus vier L\u00f6chern im Stahl, durch die die Finger passen.<\/li>\n<li>Etui aus Kunstleder, das am G\u00fcrtel befestigt werden kann.<\/li>\n<li>L\u00e4nge der Klinge: 12 cm - Gesamtl\u00e4nge: 26 cm<\/li>\n<\/ul>\n<p>&nbsp;<\/p>","protected":false},"featured_media":51478,"template":"","meta":[],"product_brand":[896],"product_cat":[108,23,42],"product_tag":[],"class_list":{"0":"post-51477","1":"product","2":"type-product","3":"status-publish","4":"has-post-thumbnail","6":"product_brand-replique-manga-cine","7":"product_cat-kunai-et-shuriken-naruto","8":"product_cat-repliques-manga-jeux-video","9":"product_cat-katana-goodies-naruto-kunai","11":"first","12":"instock","13":"taxable","14":"shipping-taxable","15":"purchasable","16":"product-type-simple"},"yoast_head":"<!-- This site is optimized with the Yoast SEO plugin v27.5 - https:\/\/yoast.com\/product\/yoast-seo-wordpress\/ -->\n<title>Lame de Chakra Asuma Naruto - Boutique en ligne - RMC<\/title>\n<meta name=\"description\" content=\"Commandez vite ! Votre Lame de Chakra Asuma dans Naruto au meilleur prix. Lame en acier avec le sigle Naruto - Longueur totale : 26cm - Envoi 24\/48h\" \/>\n<meta name=\"robots\" content=\"index, follow, max-snippet:-1, max-image-preview:large, max-video-preview:-1\" \/>\n<link rel=\"canonical\" href=\"https:\/\/repliquemangacine.fr\/de\/kunai-und-shuriken-naruto\/asuma-chakra-klinge\/\" \/>\n<meta property=\"og:locale\" content=\"de_DE\" \/>\n<meta property=\"og:type\" content=\"article\" \/>\n<meta property=\"og:title\" content=\"Lame de Chakra Asuma Naruto - Boutique en ligne - RMC\" \/>\n<meta property=\"og:description\" content=\"Commandez vite ! Votre Lame de Chakra Asuma dans Naruto au meilleur prix. Lame en acier avec le sigle Naruto - Longueur totale : 26cm - Envoi 24\/48h\" \/>\n<meta property=\"og:url\" content=\"https:\/\/repliquemangacine.fr\/de\/kunai-und-shuriken-naruto\/asuma-chakra-klinge\/\" \/>\n<meta property=\"og:site_name\" content=\"R\u00e9plique Manga Cin\u00e9\" \/>\n<meta property=\"article:publisher\" content=\"https:\/\/www.facebook.com\/RepliqueMangaCine\" \/>\n<meta property=\"article:modified_time\" content=\"2026-04-14T10:27:38+00:00\" \/>\n<meta property=\"og:image\" content=\"https:\/\/repliquemangacine.fr\/wp-content\/uploads\/2023\/10\/poing-dasuma-naruto.png\" \/>\n\t<meta property=\"og:image:width\" content=\"500\" \/>\n\t<meta property=\"og:image:height\" content=\"500\" \/>\n\t<meta property=\"og:image:type\" content=\"image\/png\" \/>\n<meta name=\"twitter:card\" content=\"summary_large_image\" \/>\n<meta name=\"twitter:label1\" content=\"Gesch\u00e4tzte Lesezeit\" \/>\n\t<meta name=\"twitter:data1\" content=\"2\u00a0Minuten\" \/>\n<script type=\"application\/ld+json\" class=\"yoast-schema-graph\">{\"@context\":\"https:\\\/\\\/schema.org\",\"@graph\":[{\"@type\":\"WebPage\",\"@id\":\"https:\\\/\\\/repliquemangacine.fr\\\/kunai-et-shuriken-naruto\\\/lame-de-chakra-asuma\\\/\",\"url\":\"https:\\\/\\\/repliquemangacine.fr\\\/kunai-et-shuriken-naruto\\\/lame-de-chakra-asuma\\\/\",\"name\":\"Lame de Chakra Asuma Naruto - Boutique en ligne - RMC\",\"isPartOf\":{\"@id\":\"https:\\\/\\\/repliquemangacine.fr\\\/#website\"},\"primaryImageOfPage\":{\"@id\":\"https:\\\/\\\/repliquemangacine.fr\\\/kunai-et-shuriken-naruto\\\/lame-de-chakra-asuma\\\/#primaryimage\"},\"image\":{\"@id\":\"https:\\\/\\\/repliquemangacine.fr\\\/kunai-et-shuriken-naruto\\\/lame-de-chakra-asuma\\\/#primaryimage\"},\"thumbnailUrl\":\"https:\\\/\\\/repliquemangacine.fr\\\/wp-content\\\/uploads\\\/2023\\\/10\\\/poing-dasuma-naruto.png\",\"datePublished\":\"2022-07-05T13:37:53+00:00\",\"dateModified\":\"2026-04-14T10:27:38+00:00\",\"description\":\"Commandez vite ! Votre Lame de Chakra Asuma dans Naruto au meilleur prix. Lame en acier avec le sigle Naruto - Longueur totale : 26cm - Envoi 24\\\/48h\",\"breadcrumb\":{\"@id\":\"https:\\\/\\\/repliquemangacine.fr\\\/kunai-et-shuriken-naruto\\\/lame-de-chakra-asuma\\\/#breadcrumb\"},\"inLanguage\":\"de\",\"potentialAction\":[{\"@type\":\"ReadAction\",\"target\":[\"https:\\\/\\\/repliquemangacine.fr\\\/kunai-et-shuriken-naruto\\\/lame-de-chakra-asuma\\\/\"]}]},{\"@type\":\"ImageObject\",\"inLanguage\":\"de\",\"@id\":\"https:\\\/\\\/repliquemangacine.fr\\\/kunai-et-shuriken-naruto\\\/lame-de-chakra-asuma\\\/#primaryimage\",\"url\":\"https:\\\/\\\/repliquemangacine.fr\\\/wp-content\\\/uploads\\\/2023\\\/10\\\/poing-dasuma-naruto.png\",\"contentUrl\":\"https:\\\/\\\/repliquemangacine.fr\\\/wp-content\\\/uploads\\\/2023\\\/10\\\/poing-dasuma-naruto.png\",\"width\":500,\"height\":500,\"caption\":\"Lame de Chakra Asuma\"},{\"@type\":\"BreadcrumbList\",\"@id\":\"https:\\\/\\\/repliquemangacine.fr\\\/kunai-et-shuriken-naruto\\\/lame-de-chakra-asuma\\\/#breadcrumb\",\"itemListElement\":[{\"@type\":\"ListItem\",\"position\":1,\"name\":\"Accueil\",\"item\":\"https:\\\/\\\/repliquemangacine.fr\\\/\"},{\"@type\":\"ListItem\",\"position\":2,\"name\":\"Produits\",\"item\":\"https:\\\/\\\/repliquemangacine.fr\\\/boutique\\\/\"},{\"@type\":\"ListItem\",\"position\":3,\"name\":\"Lame de Chakra Asuma\"}]},{\"@type\":\"WebSite\",\"@id\":\"https:\\\/\\\/repliquemangacine.fr\\\/#website\",\"url\":\"https:\\\/\\\/repliquemangacine.fr\\\/\",\"name\":\"R\u00e9plique Manga Cin\u00e9\",\"description\":\"\",\"publisher\":{\"@id\":\"https:\\\/\\\/repliquemangacine.fr\\\/#organization\"},\"potentialAction\":[{\"@type\":\"SearchAction\",\"target\":{\"@type\":\"EntryPoint\",\"urlTemplate\":\"https:\\\/\\\/repliquemangacine.fr\\\/?s={search_term_string}\"},\"query-input\":{\"@type\":\"PropertyValueSpecification\",\"valueRequired\":true,\"valueName\":\"search_term_string\"}}],\"inLanguage\":\"de\"},{\"@type\":\"Organization\",\"@id\":\"https:\\\/\\\/repliquemangacine.fr\\\/#organization\",\"name\":\"R\u00e9plique Manga Cin\u00e9\",\"url\":\"https:\\\/\\\/repliquemangacine.fr\\\/\",\"logo\":{\"@type\":\"ImageObject\",\"inLanguage\":\"de\",\"@id\":\"https:\\\/\\\/repliquemangacine.fr\\\/#\\\/schema\\\/logo\\\/image\\\/\",\"url\":\"https:\\\/\\\/repliquemangacine.fr\\\/wp-content\\\/uploads\\\/2023\\\/10\\\/RMC-500250.png\",\"contentUrl\":\"https:\\\/\\\/repliquemangacine.fr\\\/wp-content\\\/uploads\\\/2023\\\/10\\\/RMC-500250.png\",\"width\":500,\"height\":250,\"caption\":\"R\u00e9plique Manga Cin\u00e9\"},\"image\":{\"@id\":\"https:\\\/\\\/repliquemangacine.fr\\\/#\\\/schema\\\/logo\\\/image\\\/\"},\"sameAs\":[\"https:\\\/\\\/www.facebook.com\\\/RepliqueMangaCine\",\"https:\\\/\\\/www.instagram.com\\\/repliquemangacine.fr\\\/\"]}]}<\/script>\n<!-- \/ Yoast SEO plugin. -->","yoast_head_json":{"title":"Asuma Naruto Chakra-Klinge - Online-Shop - RMC","description":"Bestellen Sie schnell! Ihre Asuma Chakra-Klinge in Naruto zum besten Preis. Klinge aus Stahl mit dem Naruto-Signet - Gesamtl\u00e4nge: 26cm - Versand 24\/48h","robots":{"index":"index","follow":"follow","max-snippet":"max-snippet:-1","max-image-preview":"max-image-preview:large","max-video-preview":"max-video-preview:-1"},"canonical":"https:\/\/repliquemangacine.fr\/de\/kunai-und-shuriken-naruto\/asuma-chakra-klinge\/","og_locale":"de_DE","og_type":"article","og_title":"Lame de Chakra Asuma Naruto - Boutique en ligne - RMC","og_description":"Commandez vite ! Votre Lame de Chakra Asuma dans Naruto au meilleur prix. Lame en acier avec le sigle Naruto - Longueur totale : 26cm - Envoi 24\/48h","og_url":"https:\/\/repliquemangacine.fr\/de\/kunai-und-shuriken-naruto\/asuma-chakra-klinge\/","og_site_name":"R\u00e9plique Manga Cin\u00e9","article_publisher":"https:\/\/www.facebook.com\/RepliqueMangaCine","article_modified_time":"2026-04-14T10:27:38+00:00","og_image":[{"width":500,"height":500,"url":"https:\/\/repliquemangacine.fr\/wp-content\/uploads\/2023\/10\/poing-dasuma-naruto.png","type":"image\/png"}],"twitter_card":"summary_large_image","twitter_misc":{"Gesch\u00e4tzte Lesezeit":"2\u00a0Minuten"},"schema":{"@context":"https:\/\/schema.org","@graph":[{"@type":"WebPage","@id":"https:\/\/repliquemangacine.fr\/kunai-et-shuriken-naruto\/lame-de-chakra-asuma\/","url":"https:\/\/repliquemangacine.fr\/kunai-et-shuriken-naruto\/lame-de-chakra-asuma\/","name":"Asuma Naruto Chakra-Klinge - Online-Shop - RMC","isPartOf":{"@id":"https:\/\/repliquemangacine.fr\/#website"},"primaryImageOfPage":{"@id":"https:\/\/repliquemangacine.fr\/kunai-et-shuriken-naruto\/lame-de-chakra-asuma\/#primaryimage"},"image":{"@id":"https:\/\/repliquemangacine.fr\/kunai-et-shuriken-naruto\/lame-de-chakra-asuma\/#primaryimage"},"thumbnailUrl":"https:\/\/repliquemangacine.fr\/wp-content\/uploads\/2023\/10\/poing-dasuma-naruto.png","datePublished":"2022-07-05T13:37:53+00:00","dateModified":"2026-04-14T10:27:38+00:00","description":"Bestellen Sie schnell! Ihre Asuma Chakra-Klinge in Naruto zum besten Preis. Klinge aus Stahl mit dem Naruto-Signet - Gesamtl\u00e4nge: 26cm - Versand 24\/48h","breadcrumb":{"@id":"https:\/\/repliquemangacine.fr\/kunai-et-shuriken-naruto\/lame-de-chakra-asuma\/#breadcrumb"},"inLanguage":"de","potentialAction":[{"@type":"ReadAction","target":["https:\/\/repliquemangacine.fr\/kunai-et-shuriken-naruto\/lame-de-chakra-asuma\/"]}]},{"@type":"ImageObject","inLanguage":"de","@id":"https:\/\/repliquemangacine.fr\/kunai-et-shuriken-naruto\/lame-de-chakra-asuma\/#primaryimage","url":"https:\/\/repliquemangacine.fr\/wp-content\/uploads\/2023\/10\/poing-dasuma-naruto.png","contentUrl":"https:\/\/repliquemangacine.fr\/wp-content\/uploads\/2023\/10\/poing-dasuma-naruto.png","width":500,"height":500,"caption":"Lame de Chakra Asuma"},{"@type":"BreadcrumbList","@id":"https:\/\/repliquemangacine.fr\/kunai-et-shuriken-naruto\/lame-de-chakra-asuma\/#breadcrumb","itemListElement":[{"@type":"ListItem","position":1,"name":"Accueil","item":"https:\/\/repliquemangacine.fr\/"},{"@type":"ListItem","position":2,"name":"Produits","item":"https:\/\/repliquemangacine.fr\/boutique\/"},{"@type":"ListItem","position":3,"name":"Lame de Chakra Asuma"}]},{"@type":"WebSite","@id":"https:\/\/repliquemangacine.fr\/#website","url":"https:\/\/repliquemangacine.fr\/","name":"R\u00e9plique Manga Cin\u00e9","description":"","publisher":{"@id":"https:\/\/repliquemangacine.fr\/#organization"},"potentialAction":[{"@type":"SearchAction","target":{"@type":"EntryPoint","urlTemplate":"https:\/\/repliquemangacine.fr\/?s={search_term_string}"},"query-input":{"@type":"PropertyValueSpecification","valueRequired":true,"valueName":"search_term_string"}}],"inLanguage":"de"},{"@type":"Organization","@id":"https:\/\/repliquemangacine.fr\/#organization","name":"R\u00e9plique Manga Cin\u00e9","url":"https:\/\/repliquemangacine.fr\/","logo":{"@type":"ImageObject","inLanguage":"de","@id":"https:\/\/repliquemangacine.fr\/#\/schema\/logo\/image\/","url":"https:\/\/repliquemangacine.fr\/wp-content\/uploads\/2023\/10\/RMC-500250.png","contentUrl":"https:\/\/repliquemangacine.fr\/wp-content\/uploads\/2023\/10\/RMC-500250.png","width":500,"height":250,"caption":"R\u00e9plique Manga Cin\u00e9"},"image":{"@id":"https:\/\/repliquemangacine.fr\/#\/schema\/logo\/image\/"},"sameAs":["https:\/\/www.facebook.com\/RepliqueMangaCine","https:\/\/www.instagram.com\/repliquemangacine.fr\/"]}]}},"_links":{"self":[{"href":"https:\/\/repliquemangacine.fr\/de\/wp-json\/wp\/v2\/product\/51477","targetHints":{"allow":["GET"]}}],"collection":[{"href":"https:\/\/repliquemangacine.fr\/de\/wp-json\/wp\/v2\/product"}],"about":[{"href":"https:\/\/repliquemangacine.fr\/de\/wp-json\/wp\/v2\/types\/product"}],"wp:featuredmedia":[{"embeddable":true,"href":"https:\/\/repliquemangacine.fr\/de\/wp-json\/wp\/v2\/media\/51478"}],"wp:attachment":[{"href":"https:\/\/repliquemangacine.fr\/de\/wp-json\/wp\/v2\/media?parent=51477"}],"wp:term":[{"taxonomy":"product_brand","embeddable":true,"href":"https:\/\/repliquemangacine.fr\/de\/wp-json\/wp\/v2\/product_brand?post=51477"},{"taxonomy":"product_cat","embeddable":true,"href":"https:\/\/repliquemangacine.fr\/de\/wp-json\/wp\/v2\/product_cat?post=51477"},{"taxonomy":"product_tag","embeddable":true,"href":"https:\/\/repliquemangacine.fr\/de\/wp-json\/wp\/v2\/product_tag?post=51477"}],"curies":[{"name":"wp","href":"https:\/\/api.w.org\/{rel}","templated":true}]}}