





{"id":50648,"date":"2022-05-18T11:56:44","date_gmt":"2022-05-18T09:56:44","guid":{"rendered":"https:\/\/repliquemangacine.fr\/?post_type=product&#038;p=50648"},"modified":"2025-09-23T18:02:47","modified_gmt":"2025-09-23T16:02:47","slug":"mauspad-60-x-40-the-seven-deadly","status":"publish","type":"product","link":"https:\/\/repliquemangacine.fr\/de\/divers-goodies\/tapis-souris-60-x-40-the-seven-deadly\/","title":{"rendered":"Seven Deadly Sins Mauspad"},"content":{"rendered":"<h2>Seven Deadly sins Mausteppich 60 X 40 cm<\/h2>\n<p>Zu Beginn wird der <strong>Seven Deadly Sins Mauspad<\/strong> Ma\u00dfe 60 x 40 cm.<\/p>\n<p>Die obere Verarbeitung ist weich und angenehm f\u00fcr Handgelenke und H\u00e4nde. W\u00e4rmebehandelt f\u00fcr eine pr\u00e4zise Zeigekontrolle. Die weiche Textur und die seidenglatte Oberfl\u00e4che erm\u00f6glichen pr\u00e4zisere Mausbewegungen, um bei der Arbeit oder beim Spielen eine hervorragende Geschwindigkeit und Kontrolle beizubehalten.<\/p>\n<p>Handgen\u00e4hte Sperrkante zum Schutz vor Abnutzung, Verformung und Abl\u00f6sung. \u00dcbrigens: Die Unterseite besteht aus rutschfestem Gummi, das sich an alle flachen Oberfl\u00e4chen anpasst.<\/p>\n<p>Die Beschichtung ist wasserabweisend und abwaschbar, sodass Sie sich keine Sorgen machen m\u00fcssen, wenn Sie versehentlich ein Getr\u00e4nk oder andere Lebensmittel auf dem Mauspad versch\u00fctten.<\/p>\n<p>Perfekt f\u00fcr Ihr B\u00fcro, bietet es Ihnen gen\u00fcgend mobilen Raum f\u00fcr Spiele und B\u00fcro.<\/p>\n<h2>Ihr Mauspad zum besten Preis.<\/h2>\n<p>Wir bieten Ihnen eine gro\u00dfe Auswahl an Sammlerst\u00fccken und Goodies zu Ihren Lieblingsmangas.<\/p>\n<p>Zun\u00e4chst einmal,<\/p>\n<ul>\n<li>Die <a href=\"https:\/\/repliquemangacine.fr\/de\/epees-seven-deadly-sins\/schwertkasten-meliodas-10-teilig\/\">Schl\u00fcsselanh\u00e4nger-Set Seven Deadly Sins<\/a> in Form von Schwertern.<\/li>\n<li>Es gibt auch den <a href=\"https:\/\/repliquemangacine.fr\/de\/katana-goodies-naruto-kunai\/stirnband-konoha-naruto\/\">Konoha-Stirnband<\/a> in Naruto.<\/li>\n<li>Sowie die Wow-Figur des Schwertes mit dem Frostmourne-Sockel.<\/li>\n<li>Und noch viel mehr gibt es in unserem Online-Shop zu entdecken!<\/li>\n<\/ul>\n<p>Aus diesem Grund sind hier tolle Geschenkideen f\u00fcr alle Fans. Besonders hervorzuheben ist, dass alle unsere Goodies von hoher Qualit\u00e4t sind.<\/p>\n<p>Zusammenfassend l\u00e4sst sich sagen, dass Sie Ihr Mauspad verwenden k\u00f6nnen. <a href=\"https:\/\/seven-deadly-sins.fandom.com\/fr\/wiki\/Wiki_Seven_Deadly_Sins\" target=\"_blank\" rel=\"noopener noreferrer\">Seven Deadly sins<\/a> im Alltag.<\/p>\n<p>R\u00e9plique Manga Cin\u00e9 ist ein franz\u00f6sisches Familienunternehmen.<\/p>","protected":false},"excerpt":{"rendered":"<p>Breiter Mauspad mit Meliodas aus The Seven Deadly<\/p>\n<ul>\n<li>Weiche obere Verarbeitung.<\/li>\n<li>Bequem f\u00fcr Handgelenke und H\u00e4nde.<\/li>\n<li>W\u00e4rmebehandelt f\u00fcr eine pr\u00e4zise Zeigerkontrolle.<\/li>\n<li>Handgen\u00e4hte Sperrkante.<\/li>\n<li>Rutschfeste Unterseite aus Gummi.<\/li>\n<li>Oberfl\u00e4che der Beschichtung wasserdicht und abwaschbar.<\/li>\n<li>Ma\u00dfe: 60 X 40 cm<\/li>\n<\/ul>","protected":false},"featured_media":50649,"template":"","meta":[],"product_brand":[896],"product_cat":[98,94,23,110],"product_tag":[],"class_list":{"0":"post-50648","1":"product","2":"type-product","3":"status-publish","4":"has-post-thumbnail","6":"product_brand-replique-manga-cine","7":"product_cat-divers-goodies","8":"product_cat-goodies","9":"product_cat-repliques-manga-jeux-video","10":"product_cat-epees-seven-deadly-sins","12":"first","13":"instock","14":"taxable","15":"shipping-taxable","16":"purchasable","17":"product-type-simple"},"yoast_head":"<!-- This site is optimized with the Yoast SEO plugin v27.5 - https:\/\/yoast.com\/product\/yoast-seo-wordpress\/ -->\n<title>Tapis souris Seven Deadly Sins - R\u00e9plique Manga Cin\u00e9<\/title>\n<meta name=\"description\" content=\"D\u00e9couvrez ce Tapis souris 60 X 40 Seven Deadly sins au meilleur prix - Le rev\u00eatement est doux, imperm\u00e9able - Lavable - Antid\u00e9rapant\" \/>\n<meta name=\"robots\" content=\"index, follow, max-snippet:-1, max-image-preview:large, max-video-preview:-1\" \/>\n<link rel=\"canonical\" href=\"https:\/\/repliquemangacine.fr\/de\/epees-seven-deadly-sins\/mauspad-60-x-40-the-seven-deadly\/\" \/>\n<meta property=\"og:locale\" content=\"de_DE\" \/>\n<meta property=\"og:type\" content=\"article\" \/>\n<meta property=\"og:title\" content=\"Tapis souris Seven Deadly Sins - R\u00e9plique Manga Cin\u00e9\" \/>\n<meta property=\"og:description\" content=\"D\u00e9couvrez ce Tapis souris 60 X 40 Seven Deadly sins au meilleur prix - Le rev\u00eatement est doux, imperm\u00e9able - Lavable - Antid\u00e9rapant\" \/>\n<meta property=\"og:url\" content=\"https:\/\/repliquemangacine.fr\/de\/epees-seven-deadly-sins\/mauspad-60-x-40-the-seven-deadly\/\" \/>\n<meta property=\"og:site_name\" content=\"R\u00e9plique Manga Cin\u00e9\" \/>\n<meta property=\"article:publisher\" content=\"https:\/\/www.facebook.com\/RepliqueMangaCine\" \/>\n<meta property=\"article:modified_time\" content=\"2025-09-23T16:02:47+00:00\" \/>\n<meta property=\"og:image\" content=\"https:\/\/repliquemangacine.fr\/wp-content\/uploads\/2023\/10\/Tapis-souris-Meliodas.jpg\" \/>\n\t<meta property=\"og:image:width\" content=\"600\" \/>\n\t<meta property=\"og:image:height\" content=\"600\" \/>\n\t<meta property=\"og:image:type\" content=\"image\/jpeg\" \/>\n<meta name=\"twitter:card\" content=\"summary_large_image\" \/>\n<meta name=\"twitter:label1\" content=\"Gesch\u00e4tzte Lesezeit\" \/>\n\t<meta name=\"twitter:data1\" content=\"1\u00a0Minute\" \/>\n<script type=\"application\/ld+json\" class=\"yoast-schema-graph\">{\"@context\":\"https:\\\/\\\/schema.org\",\"@graph\":[{\"@type\":\"WebPage\",\"@id\":\"https:\\\/\\\/repliquemangacine.fr\\\/epees-seven-deadly-sins\\\/tapis-souris-60-x-40-the-seven-deadly\\\/\",\"url\":\"https:\\\/\\\/repliquemangacine.fr\\\/epees-seven-deadly-sins\\\/tapis-souris-60-x-40-the-seven-deadly\\\/\",\"name\":\"Tapis souris Seven Deadly Sins - R\u00e9plique Manga Cin\u00e9\",\"isPartOf\":{\"@id\":\"https:\\\/\\\/repliquemangacine.fr\\\/#website\"},\"primaryImageOfPage\":{\"@id\":\"https:\\\/\\\/repliquemangacine.fr\\\/epees-seven-deadly-sins\\\/tapis-souris-60-x-40-the-seven-deadly\\\/#primaryimage\"},\"image\":{\"@id\":\"https:\\\/\\\/repliquemangacine.fr\\\/epees-seven-deadly-sins\\\/tapis-souris-60-x-40-the-seven-deadly\\\/#primaryimage\"},\"thumbnailUrl\":\"https:\\\/\\\/repliquemangacine.fr\\\/wp-content\\\/uploads\\\/2023\\\/10\\\/Tapis-souris-Meliodas.jpg\",\"datePublished\":\"2022-05-18T09:56:44+00:00\",\"dateModified\":\"2025-09-23T16:02:47+00:00\",\"description\":\"D\u00e9couvrez ce Tapis souris 60 X 40 Seven Deadly sins au meilleur prix - Le rev\u00eatement est doux, imperm\u00e9able - Lavable - Antid\u00e9rapant\",\"breadcrumb\":{\"@id\":\"https:\\\/\\\/repliquemangacine.fr\\\/epees-seven-deadly-sins\\\/tapis-souris-60-x-40-the-seven-deadly\\\/#breadcrumb\"},\"inLanguage\":\"de\",\"potentialAction\":[{\"@type\":\"ReadAction\",\"target\":[\"https:\\\/\\\/repliquemangacine.fr\\\/epees-seven-deadly-sins\\\/tapis-souris-60-x-40-the-seven-deadly\\\/\"]}]},{\"@type\":\"ImageObject\",\"inLanguage\":\"de\",\"@id\":\"https:\\\/\\\/repliquemangacine.fr\\\/epees-seven-deadly-sins\\\/tapis-souris-60-x-40-the-seven-deadly\\\/#primaryimage\",\"url\":\"https:\\\/\\\/repliquemangacine.fr\\\/wp-content\\\/uploads\\\/2023\\\/10\\\/Tapis-souris-Meliodas.jpg\",\"contentUrl\":\"https:\\\/\\\/repliquemangacine.fr\\\/wp-content\\\/uploads\\\/2023\\\/10\\\/Tapis-souris-Meliodas.jpg\",\"width\":600,\"height\":600,\"caption\":\"tapis-souris-m\u00e9liodas The Seven Deadly lavable\"},{\"@type\":\"BreadcrumbList\",\"@id\":\"https:\\\/\\\/repliquemangacine.fr\\\/epees-seven-deadly-sins\\\/tapis-souris-60-x-40-the-seven-deadly\\\/#breadcrumb\",\"itemListElement\":[{\"@type\":\"ListItem\",\"position\":1,\"name\":\"Accueil\",\"item\":\"https:\\\/\\\/repliquemangacine.fr\\\/\"},{\"@type\":\"ListItem\",\"position\":2,\"name\":\"Produits\",\"item\":\"https:\\\/\\\/repliquemangacine.fr\\\/boutique\\\/\"},{\"@type\":\"ListItem\",\"position\":3,\"name\":\"Tapis souris Seven Deadly Sins\"}]},{\"@type\":\"WebSite\",\"@id\":\"https:\\\/\\\/repliquemangacine.fr\\\/#website\",\"url\":\"https:\\\/\\\/repliquemangacine.fr\\\/\",\"name\":\"R\u00e9plique Manga Cin\u00e9\",\"description\":\"\",\"publisher\":{\"@id\":\"https:\\\/\\\/repliquemangacine.fr\\\/#organization\"},\"potentialAction\":[{\"@type\":\"SearchAction\",\"target\":{\"@type\":\"EntryPoint\",\"urlTemplate\":\"https:\\\/\\\/repliquemangacine.fr\\\/?s={search_term_string}\"},\"query-input\":{\"@type\":\"PropertyValueSpecification\",\"valueRequired\":true,\"valueName\":\"search_term_string\"}}],\"inLanguage\":\"de\"},{\"@type\":\"Organization\",\"@id\":\"https:\\\/\\\/repliquemangacine.fr\\\/#organization\",\"name\":\"R\u00e9plique Manga Cin\u00e9\",\"url\":\"https:\\\/\\\/repliquemangacine.fr\\\/\",\"logo\":{\"@type\":\"ImageObject\",\"inLanguage\":\"de\",\"@id\":\"https:\\\/\\\/repliquemangacine.fr\\\/#\\\/schema\\\/logo\\\/image\\\/\",\"url\":\"https:\\\/\\\/repliquemangacine.fr\\\/wp-content\\\/uploads\\\/2023\\\/10\\\/RMC-500250.png\",\"contentUrl\":\"https:\\\/\\\/repliquemangacine.fr\\\/wp-content\\\/uploads\\\/2023\\\/10\\\/RMC-500250.png\",\"width\":500,\"height\":250,\"caption\":\"R\u00e9plique Manga Cin\u00e9\"},\"image\":{\"@id\":\"https:\\\/\\\/repliquemangacine.fr\\\/#\\\/schema\\\/logo\\\/image\\\/\"},\"sameAs\":[\"https:\\\/\\\/www.facebook.com\\\/RepliqueMangaCine\",\"https:\\\/\\\/www.instagram.com\\\/repliquemangacine.fr\\\/\"]}]}<\/script>\n<!-- \/ Yoast SEO plugin. -->","yoast_head_json":{"title":"Seven Deadly Sins Mauspad - R\u00e9plique Manga Cin\u00e9","description":"Entdecken Sie dieses Mauspad 60 X 40 Seven Deadly sins zum besten Preis - Die Beschichtung ist weich, wasserabweisend - Waschbar - Rutschfest","robots":{"index":"index","follow":"follow","max-snippet":"max-snippet:-1","max-image-preview":"max-image-preview:large","max-video-preview":"max-video-preview:-1"},"canonical":"https:\/\/repliquemangacine.fr\/de\/epees-seven-deadly-sins\/mauspad-60-x-40-the-seven-deadly\/","og_locale":"de_DE","og_type":"article","og_title":"Tapis souris Seven Deadly Sins - R\u00e9plique Manga Cin\u00e9","og_description":"D\u00e9couvrez ce Tapis souris 60 X 40 Seven Deadly sins au meilleur prix - Le rev\u00eatement est doux, imperm\u00e9able - Lavable - Antid\u00e9rapant","og_url":"https:\/\/repliquemangacine.fr\/de\/epees-seven-deadly-sins\/mauspad-60-x-40-the-seven-deadly\/","og_site_name":"R\u00e9plique Manga Cin\u00e9","article_publisher":"https:\/\/www.facebook.com\/RepliqueMangaCine","article_modified_time":"2025-09-23T16:02:47+00:00","og_image":[{"width":600,"height":600,"url":"https:\/\/repliquemangacine.fr\/wp-content\/uploads\/2023\/10\/Tapis-souris-Meliodas.jpg","type":"image\/jpeg"}],"twitter_card":"summary_large_image","twitter_misc":{"Gesch\u00e4tzte Lesezeit":"1\u00a0Minute"},"schema":{"@context":"https:\/\/schema.org","@graph":[{"@type":"WebPage","@id":"https:\/\/repliquemangacine.fr\/epees-seven-deadly-sins\/tapis-souris-60-x-40-the-seven-deadly\/","url":"https:\/\/repliquemangacine.fr\/epees-seven-deadly-sins\/tapis-souris-60-x-40-the-seven-deadly\/","name":"Seven Deadly Sins Mauspad - R\u00e9plique Manga Cin\u00e9","isPartOf":{"@id":"https:\/\/repliquemangacine.fr\/#website"},"primaryImageOfPage":{"@id":"https:\/\/repliquemangacine.fr\/epees-seven-deadly-sins\/tapis-souris-60-x-40-the-seven-deadly\/#primaryimage"},"image":{"@id":"https:\/\/repliquemangacine.fr\/epees-seven-deadly-sins\/tapis-souris-60-x-40-the-seven-deadly\/#primaryimage"},"thumbnailUrl":"https:\/\/repliquemangacine.fr\/wp-content\/uploads\/2023\/10\/Tapis-souris-Meliodas.jpg","datePublished":"2022-05-18T09:56:44+00:00","dateModified":"2025-09-23T16:02:47+00:00","description":"Entdecken Sie dieses Mauspad 60 X 40 Seven Deadly sins zum besten Preis - Die Beschichtung ist weich, wasserabweisend - Waschbar - Rutschfest","breadcrumb":{"@id":"https:\/\/repliquemangacine.fr\/epees-seven-deadly-sins\/tapis-souris-60-x-40-the-seven-deadly\/#breadcrumb"},"inLanguage":"de","potentialAction":[{"@type":"ReadAction","target":["https:\/\/repliquemangacine.fr\/epees-seven-deadly-sins\/tapis-souris-60-x-40-the-seven-deadly\/"]}]},{"@type":"ImageObject","inLanguage":"de","@id":"https:\/\/repliquemangacine.fr\/epees-seven-deadly-sins\/tapis-souris-60-x-40-the-seven-deadly\/#primaryimage","url":"https:\/\/repliquemangacine.fr\/wp-content\/uploads\/2023\/10\/Tapis-souris-Meliodas.jpg","contentUrl":"https:\/\/repliquemangacine.fr\/wp-content\/uploads\/2023\/10\/Tapis-souris-Meliodas.jpg","width":600,"height":600,"caption":"tapis-souris-m\u00e9liodas The Seven Deadly lavable"},{"@type":"BreadcrumbList","@id":"https:\/\/repliquemangacine.fr\/epees-seven-deadly-sins\/tapis-souris-60-x-40-the-seven-deadly\/#breadcrumb","itemListElement":[{"@type":"ListItem","position":1,"name":"Accueil","item":"https:\/\/repliquemangacine.fr\/"},{"@type":"ListItem","position":2,"name":"Produits","item":"https:\/\/repliquemangacine.fr\/boutique\/"},{"@type":"ListItem","position":3,"name":"Tapis souris Seven Deadly Sins"}]},{"@type":"WebSite","@id":"https:\/\/repliquemangacine.fr\/#website","url":"https:\/\/repliquemangacine.fr\/","name":"R\u00e9plique Manga Cin\u00e9","description":"","publisher":{"@id":"https:\/\/repliquemangacine.fr\/#organization"},"potentialAction":[{"@type":"SearchAction","target":{"@type":"EntryPoint","urlTemplate":"https:\/\/repliquemangacine.fr\/?s={search_term_string}"},"query-input":{"@type":"PropertyValueSpecification","valueRequired":true,"valueName":"search_term_string"}}],"inLanguage":"de"},{"@type":"Organization","@id":"https:\/\/repliquemangacine.fr\/#organization","name":"R\u00e9plique Manga Cin\u00e9","url":"https:\/\/repliquemangacine.fr\/","logo":{"@type":"ImageObject","inLanguage":"de","@id":"https:\/\/repliquemangacine.fr\/#\/schema\/logo\/image\/","url":"https:\/\/repliquemangacine.fr\/wp-content\/uploads\/2023\/10\/RMC-500250.png","contentUrl":"https:\/\/repliquemangacine.fr\/wp-content\/uploads\/2023\/10\/RMC-500250.png","width":500,"height":250,"caption":"R\u00e9plique Manga Cin\u00e9"},"image":{"@id":"https:\/\/repliquemangacine.fr\/#\/schema\/logo\/image\/"},"sameAs":["https:\/\/www.facebook.com\/RepliqueMangaCine","https:\/\/www.instagram.com\/repliquemangacine.fr\/"]}]}},"_links":{"self":[{"href":"https:\/\/repliquemangacine.fr\/de\/wp-json\/wp\/v2\/product\/50648","targetHints":{"allow":["GET"]}}],"collection":[{"href":"https:\/\/repliquemangacine.fr\/de\/wp-json\/wp\/v2\/product"}],"about":[{"href":"https:\/\/repliquemangacine.fr\/de\/wp-json\/wp\/v2\/types\/product"}],"wp:featuredmedia":[{"embeddable":true,"href":"https:\/\/repliquemangacine.fr\/de\/wp-json\/wp\/v2\/media\/50649"}],"wp:attachment":[{"href":"https:\/\/repliquemangacine.fr\/de\/wp-json\/wp\/v2\/media?parent=50648"}],"wp:term":[{"taxonomy":"product_brand","embeddable":true,"href":"https:\/\/repliquemangacine.fr\/de\/wp-json\/wp\/v2\/product_brand?post=50648"},{"taxonomy":"product_cat","embeddable":true,"href":"https:\/\/repliquemangacine.fr\/de\/wp-json\/wp\/v2\/product_cat?post=50648"},{"taxonomy":"product_tag","embeddable":true,"href":"https:\/\/repliquemangacine.fr\/de\/wp-json\/wp\/v2\/product_tag?post=50648"}],"curies":[{"name":"wp","href":"https:\/\/api.w.org\/{rel}","templated":true}]}}