





{"id":50645,"date":"2022-05-18T11:49:59","date_gmt":"2022-05-18T09:49:59","guid":{"rendered":"https:\/\/repliquemangacine.fr\/?post_type=product&#038;p=50645"},"modified":"2025-09-23T18:02:47","modified_gmt":"2025-09-23T16:02:47","slug":"mauspad-60x40cm-sword-art-online-sao","status":"publish","type":"product","link":"https:\/\/repliquemangacine.fr\/de\/divers-goodies\/tapis-souris-60x40cm-sword-art-online-sao\/","title":{"rendered":"Mausmatte SAO"},"content":{"rendered":"<h2>Mausmatte SAO (Sword Art Online)<\/h2>\n<p>Zu Beginn wird der <strong>Mausmatte SAO<\/strong> (Sword Art Online) ist 60 X 40 cm gro\u00df.<\/p>\n<p>Die obere Verarbeitung ist weich und angenehm f\u00fcr Handgelenke und H\u00e4nde. W\u00e4rmebehandelt f\u00fcr eine pr\u00e4zise Zeigekontrolle. Die weiche Textur und die seidenglatte Oberfl\u00e4che erm\u00f6glichen pr\u00e4zisere Mausbewegungen, um bei der Arbeit oder beim Spielen eine hervorragende Geschwindigkeit und Kontrolle beizubehalten.<\/p>\n<p>Handgen\u00e4hte Sperrkante zum Schutz vor Abnutzung, Verformung und Abl\u00f6sung. \u00dcbrigens: Die Unterseite besteht aus rutschfestem Gummi, das sich an alle flachen Oberfl\u00e4chen anpasst.<\/p>\n<p>Die Beschichtung ist wasserabweisend und abwaschbar, sodass Sie sich keine Sorgen machen m\u00fcssen, wenn Sie versehentlich ein Getr\u00e4nk oder andere Lebensmittel auf dem Mauspad versch\u00fctten.<\/p>\n<p>Perfekt f\u00fcr Ihr B\u00fcro, bietet es Ihnen gen\u00fcgend mobilen Raum f\u00fcr Spiele und B\u00fcro.<\/p>\n<h2>Ihre Goodies zum besten Preis.<\/h2>\n<p>Wir bieten Ihnen eine gro\u00dfe Auswahl an Sammlerst\u00fccken und Goodies zu Ihren Lieblingsmangas.<\/p>\n<p>Zun\u00e4chst einmal,<\/p>\n<ul>\n<li>Die Box mit 13 <a href=\"https:\/\/repliquemangacine.fr\/de\/zelda-schwert\/13-teiliges-zelda-set\/\">Schl\u00fcsselanh\u00e4nger Die Legende von Zelda<\/a> in Form von Schwertern.<\/li>\n<li>Es gibt auch den <a href=\"https:\/\/repliquemangacine.fr\/de\/katana-goodies-naruto-kunai\/stirnband-konoha-naruto\/\">Konoha-Stirnband<\/a> in Naruto.<\/li>\n<li>Sowie die Wow-Figur des Schwertes mit dem Frostmourne-Sockel.<\/li>\n<li>Und noch viel mehr gibt es in unserem Online-Shop zu entdecken!<\/li>\n<\/ul>\n<p>Aus diesem Grund sind hier tolle Geschenkideen f\u00fcr alle Fans. Besonders hervorzuheben ist, dass alle unsere Goodies von hoher Qualit\u00e4t sind.<\/p>\n<p>Abschlie\u00dfend k\u00f6nnen Sie Ihr <strong>Mausmatte SAO<\/strong> (<a href=\"https:\/\/sword-art-online.fandom.com\/fr\/wiki\/Wiki_Sword_Art_Online\" target=\"_blank\" rel=\"noopener noreferrer\">Sword Art Online<\/a>) im t\u00e4glichen Leben.<\/p>\n<p>R\u00e9plique Manga Cin\u00e9 ist ein franz\u00f6sisches Familienunternehmen.<\/p>","protected":false},"excerpt":{"rendered":"<p>Sword Art Online-Mauspad<\/p>\n<ul>\n<li>Oberer Abschluss ist weich.<\/li>\n<li>Bequem f\u00fcr Handgelenke und H\u00e4nde.<\/li>\n<li>W\u00e4rmebehandelt f\u00fcr eine pr\u00e4zise Zeigerkontrolle.<\/li>\n<li>Handgen\u00e4hte Sperrkante.<\/li>\n<li>Unterseite aus rutschfestem Gummi.<\/li>\n<li>Wasserdichte, abwaschbare Beschichtung.<\/li>\n<li>Ma\u00dfe: 60 X 40 cm<\/li>\n<\/ul>","protected":false},"featured_media":50646,"template":"","meta":[],"product_brand":[896],"product_cat":[98,94,23,53],"product_tag":[],"class_list":{"0":"post-50645","1":"product","2":"type-product","3":"status-publish","4":"has-post-thumbnail","6":"product_brand-replique-manga-cine","7":"product_cat-divers-goodies","8":"product_cat-goodies","9":"product_cat-repliques-manga-jeux-video","10":"product_cat-epee-sword-art-online","12":"first","13":"instock","14":"taxable","15":"shipping-taxable","16":"purchasable","17":"product-type-simple"},"yoast_head":"<!-- This site is optimized with the Yoast SEO plugin v27.5 - https:\/\/yoast.com\/product\/yoast-seo-wordpress\/ -->\n<title>Tapis souris SAO - R\u00e9plique Manga Cin\u00e9<\/title>\n<meta name=\"description\" content=\"D\u00e9couvrez ce Tapis souris SAO au meilleur prix du march\u00e9 - Rev\u00eatement doux - Imperm\u00e9able - Lavable - Antid\u00e9rapant - Dimensions : 60 X 40 cm\" \/>\n<meta name=\"robots\" content=\"index, follow, max-snippet:-1, max-image-preview:large, max-video-preview:-1\" \/>\n<link rel=\"canonical\" href=\"https:\/\/repliquemangacine.fr\/de\/verschiedene-goodies\/mauspad-60x40cm-sword-art-online-sao\/\" \/>\n<meta property=\"og:locale\" content=\"de_DE\" \/>\n<meta property=\"og:type\" content=\"article\" \/>\n<meta property=\"og:title\" content=\"Tapis souris SAO - R\u00e9plique Manga Cin\u00e9\" \/>\n<meta property=\"og:description\" content=\"D\u00e9couvrez ce Tapis souris SAO au meilleur prix du march\u00e9 - Rev\u00eatement doux - Imperm\u00e9able - Lavable - Antid\u00e9rapant - Dimensions : 60 X 40 cm\" \/>\n<meta property=\"og:url\" content=\"https:\/\/repliquemangacine.fr\/de\/verschiedene-goodies\/mauspad-60x40cm-sword-art-online-sao\/\" \/>\n<meta property=\"og:site_name\" content=\"R\u00e9plique Manga Cin\u00e9\" \/>\n<meta property=\"article:publisher\" content=\"https:\/\/www.facebook.com\/RepliqueMangaCine\" \/>\n<meta property=\"article:modified_time\" content=\"2025-09-23T16:02:47+00:00\" \/>\n<meta property=\"og:image\" content=\"https:\/\/repliquemangacine.fr\/wp-content\/uploads\/2023\/10\/sao.jpg\" \/>\n\t<meta property=\"og:image:width\" content=\"600\" \/>\n\t<meta property=\"og:image:height\" content=\"600\" \/>\n\t<meta property=\"og:image:type\" content=\"image\/jpeg\" \/>\n<meta name=\"twitter:card\" content=\"summary_large_image\" \/>\n<meta name=\"twitter:label1\" content=\"Gesch\u00e4tzte Lesezeit\" \/>\n\t<meta name=\"twitter:data1\" content=\"1\u00a0Minute\" \/>\n<script type=\"application\/ld+json\" class=\"yoast-schema-graph\">{\"@context\":\"https:\\\/\\\/schema.org\",\"@graph\":[{\"@type\":\"WebPage\",\"@id\":\"https:\\\/\\\/repliquemangacine.fr\\\/divers-goodies\\\/tapis-souris-60x40cm-sword-art-online-sao\\\/\",\"url\":\"https:\\\/\\\/repliquemangacine.fr\\\/divers-goodies\\\/tapis-souris-60x40cm-sword-art-online-sao\\\/\",\"name\":\"Tapis souris SAO - R\u00e9plique Manga Cin\u00e9\",\"isPartOf\":{\"@id\":\"https:\\\/\\\/repliquemangacine.fr\\\/#website\"},\"primaryImageOfPage\":{\"@id\":\"https:\\\/\\\/repliquemangacine.fr\\\/divers-goodies\\\/tapis-souris-60x40cm-sword-art-online-sao\\\/#primaryimage\"},\"image\":{\"@id\":\"https:\\\/\\\/repliquemangacine.fr\\\/divers-goodies\\\/tapis-souris-60x40cm-sword-art-online-sao\\\/#primaryimage\"},\"thumbnailUrl\":\"https:\\\/\\\/repliquemangacine.fr\\\/wp-content\\\/uploads\\\/2023\\\/10\\\/sao.jpg\",\"datePublished\":\"2022-05-18T09:49:59+00:00\",\"dateModified\":\"2025-09-23T16:02:47+00:00\",\"description\":\"D\u00e9couvrez ce Tapis souris SAO au meilleur prix du march\u00e9 - Rev\u00eatement doux - Imperm\u00e9able - Lavable - Antid\u00e9rapant - Dimensions : 60 X 40 cm\",\"breadcrumb\":{\"@id\":\"https:\\\/\\\/repliquemangacine.fr\\\/divers-goodies\\\/tapis-souris-60x40cm-sword-art-online-sao\\\/#breadcrumb\"},\"inLanguage\":\"de\",\"potentialAction\":[{\"@type\":\"ReadAction\",\"target\":[\"https:\\\/\\\/repliquemangacine.fr\\\/divers-goodies\\\/tapis-souris-60x40cm-sword-art-online-sao\\\/\"]}]},{\"@type\":\"ImageObject\",\"inLanguage\":\"de\",\"@id\":\"https:\\\/\\\/repliquemangacine.fr\\\/divers-goodies\\\/tapis-souris-60x40cm-sword-art-online-sao\\\/#primaryimage\",\"url\":\"https:\\\/\\\/repliquemangacine.fr\\\/wp-content\\\/uploads\\\/2023\\\/10\\\/sao.jpg\",\"contentUrl\":\"https:\\\/\\\/repliquemangacine.fr\\\/wp-content\\\/uploads\\\/2023\\\/10\\\/sao.jpg\",\"width\":600,\"height\":600,\"caption\":\"Tapis souris Sword Art Online antid\u00e9rapant 60cm\"},{\"@type\":\"BreadcrumbList\",\"@id\":\"https:\\\/\\\/repliquemangacine.fr\\\/divers-goodies\\\/tapis-souris-60x40cm-sword-art-online-sao\\\/#breadcrumb\",\"itemListElement\":[{\"@type\":\"ListItem\",\"position\":1,\"name\":\"Accueil\",\"item\":\"https:\\\/\\\/repliquemangacine.fr\\\/\"},{\"@type\":\"ListItem\",\"position\":2,\"name\":\"Produits\",\"item\":\"https:\\\/\\\/repliquemangacine.fr\\\/boutique\\\/\"},{\"@type\":\"ListItem\",\"position\":3,\"name\":\"Tapis souris SAO\"}]},{\"@type\":\"WebSite\",\"@id\":\"https:\\\/\\\/repliquemangacine.fr\\\/#website\",\"url\":\"https:\\\/\\\/repliquemangacine.fr\\\/\",\"name\":\"R\u00e9plique Manga Cin\u00e9\",\"description\":\"\",\"publisher\":{\"@id\":\"https:\\\/\\\/repliquemangacine.fr\\\/#organization\"},\"potentialAction\":[{\"@type\":\"SearchAction\",\"target\":{\"@type\":\"EntryPoint\",\"urlTemplate\":\"https:\\\/\\\/repliquemangacine.fr\\\/?s={search_term_string}\"},\"query-input\":{\"@type\":\"PropertyValueSpecification\",\"valueRequired\":true,\"valueName\":\"search_term_string\"}}],\"inLanguage\":\"de\"},{\"@type\":\"Organization\",\"@id\":\"https:\\\/\\\/repliquemangacine.fr\\\/#organization\",\"name\":\"R\u00e9plique Manga Cin\u00e9\",\"url\":\"https:\\\/\\\/repliquemangacine.fr\\\/\",\"logo\":{\"@type\":\"ImageObject\",\"inLanguage\":\"de\",\"@id\":\"https:\\\/\\\/repliquemangacine.fr\\\/#\\\/schema\\\/logo\\\/image\\\/\",\"url\":\"https:\\\/\\\/repliquemangacine.fr\\\/wp-content\\\/uploads\\\/2023\\\/10\\\/RMC-500250.png\",\"contentUrl\":\"https:\\\/\\\/repliquemangacine.fr\\\/wp-content\\\/uploads\\\/2023\\\/10\\\/RMC-500250.png\",\"width\":500,\"height\":250,\"caption\":\"R\u00e9plique Manga Cin\u00e9\"},\"image\":{\"@id\":\"https:\\\/\\\/repliquemangacine.fr\\\/#\\\/schema\\\/logo\\\/image\\\/\"},\"sameAs\":[\"https:\\\/\\\/www.facebook.com\\\/RepliqueMangaCine\",\"https:\\\/\\\/www.instagram.com\\\/repliquemangacine.fr\\\/\"]}]}<\/script>\n<!-- \/ Yoast SEO plugin. -->","yoast_head_json":{"title":"Mausmatte SAO - R\u00e9plique Manga Cin\u00e9","description":"Entdecken Sie dieses Mauspad SAO zum besten Preis auf dem Markt - Weiche Beschichtung - Wasserdicht - Waschbar - Rutschfest - Ma\u00dfe: 60 X 40 cm","robots":{"index":"index","follow":"follow","max-snippet":"max-snippet:-1","max-image-preview":"max-image-preview:large","max-video-preview":"max-video-preview:-1"},"canonical":"https:\/\/repliquemangacine.fr\/de\/verschiedene-goodies\/mauspad-60x40cm-sword-art-online-sao\/","og_locale":"de_DE","og_type":"article","og_title":"Tapis souris SAO - R\u00e9plique Manga Cin\u00e9","og_description":"D\u00e9couvrez ce Tapis souris SAO au meilleur prix du march\u00e9 - Rev\u00eatement doux - Imperm\u00e9able - Lavable - Antid\u00e9rapant - Dimensions : 60 X 40 cm","og_url":"https:\/\/repliquemangacine.fr\/de\/verschiedene-goodies\/mauspad-60x40cm-sword-art-online-sao\/","og_site_name":"R\u00e9plique Manga Cin\u00e9","article_publisher":"https:\/\/www.facebook.com\/RepliqueMangaCine","article_modified_time":"2025-09-23T16:02:47+00:00","og_image":[{"width":600,"height":600,"url":"https:\/\/repliquemangacine.fr\/wp-content\/uploads\/2023\/10\/sao.jpg","type":"image\/jpeg"}],"twitter_card":"summary_large_image","twitter_misc":{"Gesch\u00e4tzte Lesezeit":"1\u00a0Minute"},"schema":{"@context":"https:\/\/schema.org","@graph":[{"@type":"WebPage","@id":"https:\/\/repliquemangacine.fr\/divers-goodies\/tapis-souris-60x40cm-sword-art-online-sao\/","url":"https:\/\/repliquemangacine.fr\/divers-goodies\/tapis-souris-60x40cm-sword-art-online-sao\/","name":"Mausmatte SAO - R\u00e9plique Manga Cin\u00e9","isPartOf":{"@id":"https:\/\/repliquemangacine.fr\/#website"},"primaryImageOfPage":{"@id":"https:\/\/repliquemangacine.fr\/divers-goodies\/tapis-souris-60x40cm-sword-art-online-sao\/#primaryimage"},"image":{"@id":"https:\/\/repliquemangacine.fr\/divers-goodies\/tapis-souris-60x40cm-sword-art-online-sao\/#primaryimage"},"thumbnailUrl":"https:\/\/repliquemangacine.fr\/wp-content\/uploads\/2023\/10\/sao.jpg","datePublished":"2022-05-18T09:49:59+00:00","dateModified":"2025-09-23T16:02:47+00:00","description":"Entdecken Sie dieses Mauspad SAO zum besten Preis auf dem Markt - Weiche Beschichtung - Wasserdicht - Waschbar - Rutschfest - Ma\u00dfe: 60 X 40 cm","breadcrumb":{"@id":"https:\/\/repliquemangacine.fr\/divers-goodies\/tapis-souris-60x40cm-sword-art-online-sao\/#breadcrumb"},"inLanguage":"de","potentialAction":[{"@type":"ReadAction","target":["https:\/\/repliquemangacine.fr\/divers-goodies\/tapis-souris-60x40cm-sword-art-online-sao\/"]}]},{"@type":"ImageObject","inLanguage":"de","@id":"https:\/\/repliquemangacine.fr\/divers-goodies\/tapis-souris-60x40cm-sword-art-online-sao\/#primaryimage","url":"https:\/\/repliquemangacine.fr\/wp-content\/uploads\/2023\/10\/sao.jpg","contentUrl":"https:\/\/repliquemangacine.fr\/wp-content\/uploads\/2023\/10\/sao.jpg","width":600,"height":600,"caption":"Tapis souris Sword Art Online antid\u00e9rapant 60cm"},{"@type":"BreadcrumbList","@id":"https:\/\/repliquemangacine.fr\/divers-goodies\/tapis-souris-60x40cm-sword-art-online-sao\/#breadcrumb","itemListElement":[{"@type":"ListItem","position":1,"name":"Accueil","item":"https:\/\/repliquemangacine.fr\/"},{"@type":"ListItem","position":2,"name":"Produits","item":"https:\/\/repliquemangacine.fr\/boutique\/"},{"@type":"ListItem","position":3,"name":"Tapis souris SAO"}]},{"@type":"WebSite","@id":"https:\/\/repliquemangacine.fr\/#website","url":"https:\/\/repliquemangacine.fr\/","name":"R\u00e9plique Manga Cin\u00e9","description":"","publisher":{"@id":"https:\/\/repliquemangacine.fr\/#organization"},"potentialAction":[{"@type":"SearchAction","target":{"@type":"EntryPoint","urlTemplate":"https:\/\/repliquemangacine.fr\/?s={search_term_string}"},"query-input":{"@type":"PropertyValueSpecification","valueRequired":true,"valueName":"search_term_string"}}],"inLanguage":"de"},{"@type":"Organization","@id":"https:\/\/repliquemangacine.fr\/#organization","name":"R\u00e9plique Manga Cin\u00e9","url":"https:\/\/repliquemangacine.fr\/","logo":{"@type":"ImageObject","inLanguage":"de","@id":"https:\/\/repliquemangacine.fr\/#\/schema\/logo\/image\/","url":"https:\/\/repliquemangacine.fr\/wp-content\/uploads\/2023\/10\/RMC-500250.png","contentUrl":"https:\/\/repliquemangacine.fr\/wp-content\/uploads\/2023\/10\/RMC-500250.png","width":500,"height":250,"caption":"R\u00e9plique Manga Cin\u00e9"},"image":{"@id":"https:\/\/repliquemangacine.fr\/#\/schema\/logo\/image\/"},"sameAs":["https:\/\/www.facebook.com\/RepliqueMangaCine","https:\/\/www.instagram.com\/repliquemangacine.fr\/"]}]}},"_links":{"self":[{"href":"https:\/\/repliquemangacine.fr\/de\/wp-json\/wp\/v2\/product\/50645","targetHints":{"allow":["GET"]}}],"collection":[{"href":"https:\/\/repliquemangacine.fr\/de\/wp-json\/wp\/v2\/product"}],"about":[{"href":"https:\/\/repliquemangacine.fr\/de\/wp-json\/wp\/v2\/types\/product"}],"wp:featuredmedia":[{"embeddable":true,"href":"https:\/\/repliquemangacine.fr\/de\/wp-json\/wp\/v2\/media\/50646"}],"wp:attachment":[{"href":"https:\/\/repliquemangacine.fr\/de\/wp-json\/wp\/v2\/media?parent=50645"}],"wp:term":[{"taxonomy":"product_brand","embeddable":true,"href":"https:\/\/repliquemangacine.fr\/de\/wp-json\/wp\/v2\/product_brand?post=50645"},{"taxonomy":"product_cat","embeddable":true,"href":"https:\/\/repliquemangacine.fr\/de\/wp-json\/wp\/v2\/product_cat?post=50645"},{"taxonomy":"product_tag","embeddable":true,"href":"https:\/\/repliquemangacine.fr\/de\/wp-json\/wp\/v2\/product_tag?post=50645"}],"curies":[{"name":"wp","href":"https:\/\/api.w.org\/{rel}","templated":true}]}}