





{"id":50625,"date":"2022-05-17T13:34:34","date_gmt":"2022-05-17T11:34:34","guid":{"rendered":"https:\/\/repliquemangacine.fr\/?post_type=product&#038;p=50625"},"modified":"2025-09-23T18:02:46","modified_gmt":"2025-09-23T16:02:46","slug":"mauspad-90-x-40-cm-angriff-der-titanen","status":"publish","type":"product","link":"https:\/\/repliquemangacine.fr\/de\/divers-goodies\/tapis-souris-90-x-40-cm-attaque-des-titans\/","title":{"rendered":"Attack of the Titans Mauspad"},"content":{"rendered":"<h2>Mauspad Angriff der Titanen.<\/h2>\n<p>Zu Beginn wird der <strong>Attack of the Titans Mauspad<\/strong> misst 90 X 40 cm.<\/p>\n<p>Die obere Verarbeitung ist weich und angenehm f\u00fcr Handgelenke und H\u00e4nde. W\u00e4rmebehandelt f\u00fcr eine pr\u00e4zise Zeigekontrolle. Die weiche Textur und die seidenglatte Oberfl\u00e4che erm\u00f6glichen pr\u00e4zisere Mausbewegungen, um bei der Arbeit oder beim Spielen eine hervorragende Geschwindigkeit und Kontrolle beizubehalten.<\/p>\n<p>Handgen\u00e4hte Sperrkante zum Schutz vor Abnutzung, Verformung und Abl\u00f6sung. \u00dcbrigens: Die Unterseite besteht aus rutschfestem Gummi, das sich an alle flachen Oberfl\u00e4chen anpasst.<\/p>\n<p>Die Beschichtung ist wasserabweisend und abwaschbar, sodass Sie sich keine Sorgen machen m\u00fcssen, wenn Sie versehentlich ein Getr\u00e4nk oder andere Lebensmittel auf dem Mauspad versch\u00fctten.<\/p>\n<p>Perfekt f\u00fcr Ihr B\u00fcro, bietet es Ihnen gen\u00fcgend mobilen Raum f\u00fcr Spiele und B\u00fcro.<\/p>\n<h2>Ihr Mauspad zum besten Preis.<\/h2>\n<p>Wir bieten Ihnen eine gro\u00dfe Auswahl an Sammlerst\u00fccken und Goodies zu Ihren Lieblingsmangas.<\/p>\n<p>Zun\u00e4chst einmal,<\/p>\n<ul>\n<li>Die Box <a href=\"https:\/\/repliquemangacine.fr\/de\/zelda-schwert\/13-teiliges-zelda-set\/\">Schl\u00fcsselanh\u00e4nger Die Legende von Zelda<\/a> in Form von Schwertern.<\/li>\n<li>Es gibt auch das Konoha-Stirnband in Naruto.<\/li>\n<li>Sowie die <a href=\"https:\/\/repliquemangacine.fr\/de\/schwerter-world-of-warcraft\/koffer-figurine-frostmourne-et-socle-arthas\/\">Wow-Figur<\/a> des Schwertes mit seinem Frostmourne-Sockel.<\/li>\n<li>Und noch viel mehr gibt es in unserem Online-Shop zu entdecken!<\/li>\n<\/ul>\n<p>Aus diesem Grund sind hier tolle Geschenkideen f\u00fcr alle Fans. Besonders hervorzuheben ist, dass alle unsere Goodies von hoher Qualit\u00e4t sind.<\/p>\n<p>Abschlie\u00dfend k\u00f6nnen Sie Ihr <strong>Mousepad <a href=\"https:\/\/attaque-des-titans.fandom.com\/fr\/wiki\/Wiki_L'Attaque_des_Titans\" target=\"_blank\" rel=\"noopener noreferrer\">Angriff der Titanen<\/a><\/strong> im Alltag oder bei Ihren Gaming-Abenden.<\/p>\n<p>R\u00e9plique Manga Cin\u00e9 ist ein franz\u00f6sisches Familienunternehmen.<\/p>","protected":false},"excerpt":{"rendered":"<p>Extra langer Mauspad Attacken der Titanen.<\/p>\n<ul>\n<li>Weiche obere Verarbeitung.<\/li>\n<li>Bequem f\u00fcr Handgelenke und H\u00e4nde.<\/li>\n<li>W\u00e4rmebehandelt f\u00fcr eine pr\u00e4zise Zeigerkontrolle.<\/li>\n<li>Handgen\u00e4hte Sperrkante.<\/li>\n<li>Unterseite aus rutschfestem Gummi.<\/li>\n<li>Wasserdichte, abwaschbare Beschichtung.<\/li>\n<li>Ma\u00dfe: 90 X 40 cm - Dicke: 3 mm<\/li>\n<\/ul>","protected":false},"featured_media":50626,"template":"","meta":[],"product_brand":[896],"product_cat":[65,98,94,23],"product_tag":[],"class_list":{"0":"post-50625","1":"product","2":"type-product","3":"status-publish","4":"has-post-thumbnail","6":"product_brand-replique-manga-cine","7":"product_cat-katana-et-epee-de-manga-anime-autre-manga","8":"product_cat-divers-goodies","9":"product_cat-goodies","10":"product_cat-repliques-manga-jeux-video","12":"first","13":"instock","14":"taxable","15":"shipping-taxable","16":"purchasable","17":"product-type-simple"},"yoast_head":"<!-- This site is optimized with the Yoast SEO plugin v27.5 - https:\/\/yoast.com\/product\/yoast-seo-wordpress\/ -->\n<title>Tapis souris Attaque des Titans - R\u00e9plique Manga Cin\u00e9<\/title>\n<meta name=\"description\" content=\"Superbe Tapis souris Attaque des Titans au meilleur prix - Rev\u00eatement est doux - Imperm\u00e9able et lavable - Antid\u00e9rapant - Dimensions : 90 X 40 cm\" \/>\n<meta name=\"robots\" content=\"index, follow, max-snippet:-1, max-image-preview:large, max-video-preview:-1\" \/>\n<link rel=\"canonical\" href=\"https:\/\/repliquemangacine.fr\/de\/verschiedene-goodies\/mauspad-90-x-40-cm-angriff-der-titanen\/\" \/>\n<meta property=\"og:locale\" content=\"de_DE\" \/>\n<meta property=\"og:type\" content=\"article\" \/>\n<meta property=\"og:title\" content=\"Tapis souris Attaque des Titans - R\u00e9plique Manga Cin\u00e9\" \/>\n<meta property=\"og:description\" content=\"Superbe Tapis souris Attaque des Titans au meilleur prix - Rev\u00eatement est doux - Imperm\u00e9able et lavable - Antid\u00e9rapant - Dimensions : 90 X 40 cm\" \/>\n<meta property=\"og:url\" content=\"https:\/\/repliquemangacine.fr\/de\/verschiedene-goodies\/mauspad-90-x-40-cm-angriff-der-titanen\/\" \/>\n<meta property=\"og:site_name\" content=\"R\u00e9plique Manga Cin\u00e9\" \/>\n<meta property=\"article:publisher\" content=\"https:\/\/www.facebook.com\/RepliqueMangaCine\" \/>\n<meta property=\"article:modified_time\" content=\"2025-09-23T16:02:46+00:00\" \/>\n<meta property=\"og:image\" content=\"https:\/\/repliquemangacine.fr\/wp-content\/uploads\/2023\/10\/tapis-souris-attaque-des-titans-90-cm.jpg\" \/>\n\t<meta property=\"og:image:width\" content=\"600\" \/>\n\t<meta property=\"og:image:height\" content=\"600\" \/>\n\t<meta property=\"og:image:type\" content=\"image\/jpeg\" \/>\n<meta name=\"twitter:card\" content=\"summary_large_image\" \/>\n<meta name=\"twitter:label1\" content=\"Gesch\u00e4tzte Lesezeit\" \/>\n\t<meta name=\"twitter:data1\" content=\"1\u00a0Minute\" \/>\n<script type=\"application\/ld+json\" class=\"yoast-schema-graph\">{\"@context\":\"https:\\\/\\\/schema.org\",\"@graph\":[{\"@type\":\"WebPage\",\"@id\":\"https:\\\/\\\/repliquemangacine.fr\\\/de\\\/verschiedene-goodies\\\/mauspad-90-x-40-cm-angriff-der-titanen\\\/\",\"url\":\"https:\\\/\\\/repliquemangacine.fr\\\/de\\\/verschiedene-goodies\\\/mauspad-90-x-40-cm-angriff-der-titanen\\\/\",\"name\":\"Tapis souris Attaque des Titans - R\u00e9plique Manga Cin\u00e9\",\"isPartOf\":{\"@id\":\"https:\\\/\\\/repliquemangacine.fr\\\/#website\"},\"primaryImageOfPage\":{\"@id\":\"https:\\\/\\\/repliquemangacine.fr\\\/de\\\/verschiedene-goodies\\\/mauspad-90-x-40-cm-angriff-der-titanen\\\/#primaryimage\"},\"image\":{\"@id\":\"https:\\\/\\\/repliquemangacine.fr\\\/de\\\/verschiedene-goodies\\\/mauspad-90-x-40-cm-angriff-der-titanen\\\/#primaryimage\"},\"thumbnailUrl\":\"https:\\\/\\\/repliquemangacine.fr\\\/wp-content\\\/uploads\\\/2023\\\/10\\\/tapis-souris-attaque-des-titans-90-cm.jpg\",\"datePublished\":\"2022-05-17T11:34:34+00:00\",\"dateModified\":\"2025-09-23T16:02:46+00:00\",\"description\":\"Superbe Tapis souris Attaque des Titans au meilleur prix - Rev\u00eatement est doux - Imperm\u00e9able et lavable - Antid\u00e9rapant - Dimensions : 90 X 40 cm\",\"breadcrumb\":{\"@id\":\"https:\\\/\\\/repliquemangacine.fr\\\/de\\\/verschiedene-goodies\\\/mauspad-90-x-40-cm-angriff-der-titanen\\\/#breadcrumb\"},\"inLanguage\":\"de\",\"potentialAction\":[{\"@type\":\"ReadAction\",\"target\":[\"https:\\\/\\\/repliquemangacine.fr\\\/de\\\/verschiedene-goodies\\\/mauspad-90-x-40-cm-angriff-der-titanen\\\/\"]}]},{\"@type\":\"ImageObject\",\"inLanguage\":\"de\",\"@id\":\"https:\\\/\\\/repliquemangacine.fr\\\/de\\\/verschiedene-goodies\\\/mauspad-90-x-40-cm-angriff-der-titanen\\\/#primaryimage\",\"url\":\"https:\\\/\\\/repliquemangacine.fr\\\/wp-content\\\/uploads\\\/2023\\\/10\\\/tapis-souris-attaque-des-titans-90-cm.jpg\",\"contentUrl\":\"https:\\\/\\\/repliquemangacine.fr\\\/wp-content\\\/uploads\\\/2023\\\/10\\\/tapis-souris-attaque-des-titans-90-cm.jpg\",\"width\":600,\"height\":600,\"caption\":\"tapis-souris-attaque-des-titans-90x40 antiderapant\"},{\"@type\":\"BreadcrumbList\",\"@id\":\"https:\\\/\\\/repliquemangacine.fr\\\/de\\\/verschiedene-goodies\\\/mauspad-90-x-40-cm-angriff-der-titanen\\\/#breadcrumb\",\"itemListElement\":[{\"@type\":\"ListItem\",\"position\":1,\"name\":\"Accueil\",\"item\":\"https:\\\/\\\/repliquemangacine.fr\\\/\"},{\"@type\":\"ListItem\",\"position\":2,\"name\":\"Produits\",\"item\":\"https:\\\/\\\/repliquemangacine.fr\\\/boutique\\\/\"},{\"@type\":\"ListItem\",\"position\":3,\"name\":\"Tapis souris Attaque des Titans\"}]},{\"@type\":\"WebSite\",\"@id\":\"https:\\\/\\\/repliquemangacine.fr\\\/#website\",\"url\":\"https:\\\/\\\/repliquemangacine.fr\\\/\",\"name\":\"R\u00e9plique Manga Cin\u00e9\",\"description\":\"\",\"publisher\":{\"@id\":\"https:\\\/\\\/repliquemangacine.fr\\\/#organization\"},\"potentialAction\":[{\"@type\":\"SearchAction\",\"target\":{\"@type\":\"EntryPoint\",\"urlTemplate\":\"https:\\\/\\\/repliquemangacine.fr\\\/?s={search_term_string}\"},\"query-input\":{\"@type\":\"PropertyValueSpecification\",\"valueRequired\":true,\"valueName\":\"search_term_string\"}}],\"inLanguage\":\"de\"},{\"@type\":\"Organization\",\"@id\":\"https:\\\/\\\/repliquemangacine.fr\\\/#organization\",\"name\":\"R\u00e9plique Manga Cin\u00e9\",\"url\":\"https:\\\/\\\/repliquemangacine.fr\\\/\",\"logo\":{\"@type\":\"ImageObject\",\"inLanguage\":\"de\",\"@id\":\"https:\\\/\\\/repliquemangacine.fr\\\/#\\\/schema\\\/logo\\\/image\\\/\",\"url\":\"https:\\\/\\\/repliquemangacine.fr\\\/wp-content\\\/uploads\\\/2023\\\/10\\\/RMC-500250.png\",\"contentUrl\":\"https:\\\/\\\/repliquemangacine.fr\\\/wp-content\\\/uploads\\\/2023\\\/10\\\/RMC-500250.png\",\"width\":500,\"height\":250,\"caption\":\"R\u00e9plique Manga Cin\u00e9\"},\"image\":{\"@id\":\"https:\\\/\\\/repliquemangacine.fr\\\/#\\\/schema\\\/logo\\\/image\\\/\"},\"sameAs\":[\"https:\\\/\\\/www.facebook.com\\\/RepliqueMangaCine\",\"https:\\\/\\\/www.instagram.com\\\/repliquemangacine.fr\\\/\"]}]}<\/script>\n<!-- \/ Yoast SEO plugin. -->","yoast_head_json":{"title":"Attack of the Titans Mauspad - R\u00e9plique Manga Cin\u00e9","description":"Super Mauspad Attacke der Titanen zum besten Preis - Beschichtung ist weich - Wasserdicht und waschbar - Rutschfest - Ma\u00dfe: 90 X 40 cm","robots":{"index":"index","follow":"follow","max-snippet":"max-snippet:-1","max-image-preview":"max-image-preview:large","max-video-preview":"max-video-preview:-1"},"canonical":"https:\/\/repliquemangacine.fr\/de\/verschiedene-goodies\/mauspad-90-x-40-cm-angriff-der-titanen\/","og_locale":"de_DE","og_type":"article","og_title":"Tapis souris Attaque des Titans - R\u00e9plique Manga Cin\u00e9","og_description":"Superbe Tapis souris Attaque des Titans au meilleur prix - Rev\u00eatement est doux - Imperm\u00e9able et lavable - Antid\u00e9rapant - Dimensions : 90 X 40 cm","og_url":"https:\/\/repliquemangacine.fr\/de\/verschiedene-goodies\/mauspad-90-x-40-cm-angriff-der-titanen\/","og_site_name":"R\u00e9plique Manga Cin\u00e9","article_publisher":"https:\/\/www.facebook.com\/RepliqueMangaCine","article_modified_time":"2025-09-23T16:02:46+00:00","og_image":[{"width":600,"height":600,"url":"https:\/\/repliquemangacine.fr\/wp-content\/uploads\/2023\/10\/tapis-souris-attaque-des-titans-90-cm.jpg","type":"image\/jpeg"}],"twitter_card":"summary_large_image","twitter_misc":{"Gesch\u00e4tzte Lesezeit":"1\u00a0Minute"},"schema":{"@context":"https:\/\/schema.org","@graph":[{"@type":"WebPage","@id":"https:\/\/repliquemangacine.fr\/de\/verschiedene-goodies\/mauspad-90-x-40-cm-angriff-der-titanen\/","url":"https:\/\/repliquemangacine.fr\/de\/verschiedene-goodies\/mauspad-90-x-40-cm-angriff-der-titanen\/","name":"Attack of the Titans Mauspad - R\u00e9plique Manga Cin\u00e9","isPartOf":{"@id":"https:\/\/repliquemangacine.fr\/#website"},"primaryImageOfPage":{"@id":"https:\/\/repliquemangacine.fr\/de\/verschiedene-goodies\/mauspad-90-x-40-cm-angriff-der-titanen\/#primaryimage"},"image":{"@id":"https:\/\/repliquemangacine.fr\/de\/verschiedene-goodies\/mauspad-90-x-40-cm-angriff-der-titanen\/#primaryimage"},"thumbnailUrl":"https:\/\/repliquemangacine.fr\/wp-content\/uploads\/2023\/10\/tapis-souris-attaque-des-titans-90-cm.jpg","datePublished":"2022-05-17T11:34:34+00:00","dateModified":"2025-09-23T16:02:46+00:00","description":"Super Mauspad Attacke der Titanen zum besten Preis - Beschichtung ist weich - Wasserdicht und waschbar - Rutschfest - Ma\u00dfe: 90 X 40 cm","breadcrumb":{"@id":"https:\/\/repliquemangacine.fr\/de\/verschiedene-goodies\/mauspad-90-x-40-cm-angriff-der-titanen\/#breadcrumb"},"inLanguage":"de","potentialAction":[{"@type":"ReadAction","target":["https:\/\/repliquemangacine.fr\/de\/verschiedene-goodies\/mauspad-90-x-40-cm-angriff-der-titanen\/"]}]},{"@type":"ImageObject","inLanguage":"de","@id":"https:\/\/repliquemangacine.fr\/de\/verschiedene-goodies\/mauspad-90-x-40-cm-angriff-der-titanen\/#primaryimage","url":"https:\/\/repliquemangacine.fr\/wp-content\/uploads\/2023\/10\/tapis-souris-attaque-des-titans-90-cm.jpg","contentUrl":"https:\/\/repliquemangacine.fr\/wp-content\/uploads\/2023\/10\/tapis-souris-attaque-des-titans-90-cm.jpg","width":600,"height":600,"caption":"tapis-souris-attaque-des-titans-90x40 antiderapant"},{"@type":"BreadcrumbList","@id":"https:\/\/repliquemangacine.fr\/de\/verschiedene-goodies\/mauspad-90-x-40-cm-angriff-der-titanen\/#breadcrumb","itemListElement":[{"@type":"ListItem","position":1,"name":"Accueil","item":"https:\/\/repliquemangacine.fr\/"},{"@type":"ListItem","position":2,"name":"Produits","item":"https:\/\/repliquemangacine.fr\/boutique\/"},{"@type":"ListItem","position":3,"name":"Tapis souris Attaque des Titans"}]},{"@type":"WebSite","@id":"https:\/\/repliquemangacine.fr\/#website","url":"https:\/\/repliquemangacine.fr\/","name":"R\u00e9plique Manga Cin\u00e9","description":"","publisher":{"@id":"https:\/\/repliquemangacine.fr\/#organization"},"potentialAction":[{"@type":"SearchAction","target":{"@type":"EntryPoint","urlTemplate":"https:\/\/repliquemangacine.fr\/?s={search_term_string}"},"query-input":{"@type":"PropertyValueSpecification","valueRequired":true,"valueName":"search_term_string"}}],"inLanguage":"de"},{"@type":"Organization","@id":"https:\/\/repliquemangacine.fr\/#organization","name":"R\u00e9plique Manga Cin\u00e9","url":"https:\/\/repliquemangacine.fr\/","logo":{"@type":"ImageObject","inLanguage":"de","@id":"https:\/\/repliquemangacine.fr\/#\/schema\/logo\/image\/","url":"https:\/\/repliquemangacine.fr\/wp-content\/uploads\/2023\/10\/RMC-500250.png","contentUrl":"https:\/\/repliquemangacine.fr\/wp-content\/uploads\/2023\/10\/RMC-500250.png","width":500,"height":250,"caption":"R\u00e9plique Manga Cin\u00e9"},"image":{"@id":"https:\/\/repliquemangacine.fr\/#\/schema\/logo\/image\/"},"sameAs":["https:\/\/www.facebook.com\/RepliqueMangaCine","https:\/\/www.instagram.com\/repliquemangacine.fr\/"]}]}},"_links":{"self":[{"href":"https:\/\/repliquemangacine.fr\/de\/wp-json\/wp\/v2\/product\/50625","targetHints":{"allow":["GET"]}}],"collection":[{"href":"https:\/\/repliquemangacine.fr\/de\/wp-json\/wp\/v2\/product"}],"about":[{"href":"https:\/\/repliquemangacine.fr\/de\/wp-json\/wp\/v2\/types\/product"}],"wp:featuredmedia":[{"embeddable":true,"href":"https:\/\/repliquemangacine.fr\/de\/wp-json\/wp\/v2\/media\/50626"}],"wp:attachment":[{"href":"https:\/\/repliquemangacine.fr\/de\/wp-json\/wp\/v2\/media?parent=50625"}],"wp:term":[{"taxonomy":"product_brand","embeddable":true,"href":"https:\/\/repliquemangacine.fr\/de\/wp-json\/wp\/v2\/product_brand?post=50625"},{"taxonomy":"product_cat","embeddable":true,"href":"https:\/\/repliquemangacine.fr\/de\/wp-json\/wp\/v2\/product_cat?post=50625"},{"taxonomy":"product_tag","embeddable":true,"href":"https:\/\/repliquemangacine.fr\/de\/wp-json\/wp\/v2\/product_tag?post=50625"}],"curies":[{"name":"wp","href":"https:\/\/api.w.org\/{rel}","templated":true}]}}