





{"id":50612,"date":"2022-05-17T12:48:18","date_gmt":"2022-05-17T10:48:18","guid":{"rendered":"https:\/\/repliquemangacine.fr\/?post_type=product&#038;p=50612"},"modified":"2025-10-17T05:58:12","modified_gmt":"2025-10-17T03:58:12","slug":"avengers-mauspad-90x40-marvel","status":"publish","type":"product","link":"https:\/\/repliquemangacine.fr\/de\/divers-goodies\/avengers-tapis-souris-90x40-marvel\/","title":{"rendered":"Avengers Mousepad"},"content":{"rendered":"<h2>Avengers Maus Teppich 90 X 40 cm<\/h2>\n<p>Zu Beginn wird der <strong>Avengers Mauspad<\/strong> misst 90 X 40 cm.<\/p>\n<p>Die obere Verarbeitung ist weich und angenehm f\u00fcr Handgelenke und H\u00e4nde. W\u00e4rmebehandelt f\u00fcr eine pr\u00e4zise Zeigekontrolle. Die weiche Textur und die seidenglatte Oberfl\u00e4che erm\u00f6glichen pr\u00e4zisere Mausbewegungen, um bei der Arbeit oder beim Spielen eine hervorragende Geschwindigkeit und Kontrolle beizubehalten.<\/p>\n<p>Handgen\u00e4hte Sperrkante zum Schutz vor Abnutzung, Verformung und Abl\u00f6sung. \u00dcbrigens: Die Unterseite besteht aus rutschfestem Gummi, das sich an alle flachen Oberfl\u00e4chen anpasst.<\/p>\n<p>Die Beschichtung ist wasserabweisend und abwaschbar, sodass Sie sich keine Sorgen machen m\u00fcssen, wenn Sie versehentlich ein Getr\u00e4nk oder andere Lebensmittel auf dem Mauspad versch\u00fctten.<\/p>\n<p>Perfekt f\u00fcr Ihr B\u00fcro, bietet es Ihnen gen\u00fcgend mobilen Raum f\u00fcr Spiele und B\u00fcro.<\/p>\n<p>Die <a href=\"https:\/\/universcinematographiquemarvel.fandom.com\/fr\/wiki\/Avengers\" target=\"_blank\" rel=\"noopener noreferrer\">Avengers<\/a>Ein Team aus au\u00dfergew\u00f6hnlichen Personen mit Superkr\u00e4ften oder anderen besonderen Eigenschaften.<\/p>\n<h2>Ihre Goodies zum besten Preis.<\/h2>\n<p>Wir bieten Ihnen eine gro\u00dfe Auswahl an Sammlerst\u00fccken und Goodies zu Ihren Lieblingsmangas.<\/p>\n<p>Zun\u00e4chst einmal,<\/p>\n<ul>\n<li>Die <a href=\"https:\/\/repliquemangacine.fr\/de\/marvel-super-heros\/koffer-marvel-avengers-set-11-pieces\/\">Avengers-Schl\u00fcsselanh\u00e4nger-Set<\/a> Marvel mit den Symbolen der Superhelden.<\/li>\n<li>Es gibt auch den <a href=\"https:\/\/repliquemangacine.fr\/de\/marvel-super-heros\/mug-3d-batman-dc-universe\/\">Batman-Tasse<\/a>Sie k\u00f6nnen auch eine Bonbonschachtel oder \u00e4hnliches sein.<\/li>\n<li>Sowie das <a href=\"https:\/\/repliquemangacine.fr\/de\/marvel-super-heros\/becher-iron-man-3d-mk43\/\">Bonbontasse Iron Man<\/a> in 3D.<\/li>\n<li>Und noch viel mehr gibt es in unserem Online-Shop zu entdecken!<\/li>\n<\/ul>\n<p>Aus diesem Grund sind hier tolle Geschenkideen f\u00fcr alle Fans. Besonders hervorzuheben ist, dass alle unsere Goodies von hoher Qualit\u00e4t sind.<\/p>\n<p>Abschlie\u00dfend k\u00f6nnen Sie Ihr <strong>Avengers Mousepad<\/strong> in Ihrem Alltag oder in Ihrer Gamer-Party.<\/p>\n<p>R\u00e9plique Manga Cin\u00e9 ist ein franz\u00f6sisches Familienunternehmen.<\/p>","protected":false},"excerpt":{"rendered":"<p>Extra langes Mauspad, das die Superhelden von Avengers darstellt.<\/p>\n<ul>\n<li>Weiche obere Verarbeitung.<\/li>\n<li>Bequem f\u00fcr Handgelenke und H\u00e4nde.<\/li>\n<li>W\u00e4rmebehandelt f\u00fcr eine pr\u00e4zise Zeigerkontrolle.<\/li>\n<li>Handgen\u00e4hte Sperrkante.<\/li>\n<li>Unterseite aus rutschfestem Gummi.<\/li>\n<li>Beschichtung ist wasserfest und waschbar.<\/li>\n<li>Ma\u00dfe: 90 X 40 cm<\/li>\n<\/ul>","protected":false},"featured_media":50613,"template":"","meta":[],"product_brand":[896],"product_cat":[98,24,94,59],"product_tag":[],"class_list":{"0":"post-50612","1":"product","2":"type-product","3":"status-publish","4":"has-post-thumbnail","6":"product_brand-replique-manga-cine","7":"product_cat-divers-goodies","8":"product_cat-films-series-tv-vente-de-katana-epee-et-produits-derives","9":"product_cat-goodies","10":"product_cat-super-heros-marvel","12":"first","13":"instock","14":"taxable","15":"shipping-taxable","16":"purchasable","17":"product-type-simple"},"yoast_head":"<!-- This site is optimized with the Yoast SEO plugin v27.5 - https:\/\/yoast.com\/product\/yoast-seo-wordpress\/ -->\n<title>Tapis Souris Avengers - Boutique en ligne - R\u00e9plique Manga Cin\u00e9<\/title>\n<meta name=\"description\" content=\"D\u00e9couvrez ce superbe Tapis souris Avengers au meilleur prix - Rev\u00eatement doux - Imperm\u00e9able et lavable - Antid\u00e9rapant - Dimensions : 90 X 40 cm\" \/>\n<meta name=\"robots\" content=\"index, follow, max-snippet:-1, max-image-preview:large, max-video-preview:-1\" \/>\n<link rel=\"canonical\" href=\"https:\/\/repliquemangacine.fr\/de\/verschiedene-goodies\/avengers-mauspad-90x40-marvel\/\" \/>\n<meta property=\"og:locale\" content=\"de_DE\" \/>\n<meta property=\"og:type\" content=\"article\" \/>\n<meta property=\"og:title\" content=\"Tapis Souris Avengers - Boutique en ligne - R\u00e9plique Manga Cin\u00e9\" \/>\n<meta property=\"og:description\" content=\"D\u00e9couvrez ce superbe Tapis souris Avengers au meilleur prix - Rev\u00eatement doux - Imperm\u00e9able et lavable - Antid\u00e9rapant - Dimensions : 90 X 40 cm\" \/>\n<meta property=\"og:url\" content=\"https:\/\/repliquemangacine.fr\/de\/verschiedene-goodies\/avengers-mauspad-90x40-marvel\/\" \/>\n<meta property=\"og:site_name\" content=\"R\u00e9plique Manga Cin\u00e9\" \/>\n<meta property=\"article:publisher\" content=\"https:\/\/www.facebook.com\/RepliqueMangaCine\" \/>\n<meta property=\"article:modified_time\" content=\"2025-10-17T03:58:12+00:00\" \/>\n<meta property=\"og:image\" content=\"https:\/\/repliquemangacine.fr\/wp-content\/uploads\/2023\/10\/tapis-souris-avengers-1.jpg\" \/>\n\t<meta property=\"og:image:width\" content=\"600\" \/>\n\t<meta property=\"og:image:height\" content=\"600\" \/>\n\t<meta property=\"og:image:type\" content=\"image\/jpeg\" \/>\n<meta name=\"twitter:card\" content=\"summary_large_image\" \/>\n<meta name=\"twitter:label1\" content=\"Gesch\u00e4tzte Lesezeit\" \/>\n\t<meta name=\"twitter:data1\" content=\"1\u00a0Minute\" \/>\n<script type=\"application\/ld+json\" class=\"yoast-schema-graph\">{\"@context\":\"https:\\\/\\\/schema.org\",\"@graph\":[{\"@type\":\"WebPage\",\"@id\":\"https:\\\/\\\/repliquemangacine.fr\\\/divers-goodies\\\/avengers-tapis-souris-90x40-marvel\\\/\",\"url\":\"https:\\\/\\\/repliquemangacine.fr\\\/divers-goodies\\\/avengers-tapis-souris-90x40-marvel\\\/\",\"name\":\"Tapis Souris Avengers - Boutique en ligne - R\u00e9plique Manga Cin\u00e9\",\"isPartOf\":{\"@id\":\"https:\\\/\\\/repliquemangacine.fr\\\/#website\"},\"primaryImageOfPage\":{\"@id\":\"https:\\\/\\\/repliquemangacine.fr\\\/divers-goodies\\\/avengers-tapis-souris-90x40-marvel\\\/#primaryimage\"},\"image\":{\"@id\":\"https:\\\/\\\/repliquemangacine.fr\\\/divers-goodies\\\/avengers-tapis-souris-90x40-marvel\\\/#primaryimage\"},\"thumbnailUrl\":\"https:\\\/\\\/repliquemangacine.fr\\\/wp-content\\\/uploads\\\/2023\\\/10\\\/tapis-souris-avengers-1.jpg\",\"datePublished\":\"2022-05-17T10:48:18+00:00\",\"dateModified\":\"2025-10-17T03:58:12+00:00\",\"description\":\"D\u00e9couvrez ce superbe Tapis souris Avengers au meilleur prix - Rev\u00eatement doux - Imperm\u00e9able et lavable - Antid\u00e9rapant - Dimensions : 90 X 40 cm\",\"breadcrumb\":{\"@id\":\"https:\\\/\\\/repliquemangacine.fr\\\/divers-goodies\\\/avengers-tapis-souris-90x40-marvel\\\/#breadcrumb\"},\"inLanguage\":\"de\",\"potentialAction\":[{\"@type\":\"ReadAction\",\"target\":[\"https:\\\/\\\/repliquemangacine.fr\\\/divers-goodies\\\/avengers-tapis-souris-90x40-marvel\\\/\"]}]},{\"@type\":\"ImageObject\",\"inLanguage\":\"de\",\"@id\":\"https:\\\/\\\/repliquemangacine.fr\\\/divers-goodies\\\/avengers-tapis-souris-90x40-marvel\\\/#primaryimage\",\"url\":\"https:\\\/\\\/repliquemangacine.fr\\\/wp-content\\\/uploads\\\/2023\\\/10\\\/tapis-souris-avengers-1.jpg\",\"contentUrl\":\"https:\\\/\\\/repliquemangacine.fr\\\/wp-content\\\/uploads\\\/2023\\\/10\\\/tapis-souris-avengers-1.jpg\",\"width\":600,\"height\":600,\"caption\":\"tapis-souris-avengers-marvel 90x40\"},{\"@type\":\"BreadcrumbList\",\"@id\":\"https:\\\/\\\/repliquemangacine.fr\\\/divers-goodies\\\/avengers-tapis-souris-90x40-marvel\\\/#breadcrumb\",\"itemListElement\":[{\"@type\":\"ListItem\",\"position\":1,\"name\":\"Accueil\",\"item\":\"https:\\\/\\\/repliquemangacine.fr\\\/\"},{\"@type\":\"ListItem\",\"position\":2,\"name\":\"Produits\",\"item\":\"https:\\\/\\\/repliquemangacine.fr\\\/boutique\\\/\"},{\"@type\":\"ListItem\",\"position\":3,\"name\":\"Tapis Souris Avengers\"}]},{\"@type\":\"WebSite\",\"@id\":\"https:\\\/\\\/repliquemangacine.fr\\\/#website\",\"url\":\"https:\\\/\\\/repliquemangacine.fr\\\/\",\"name\":\"R\u00e9plique Manga Cin\u00e9\",\"description\":\"\",\"publisher\":{\"@id\":\"https:\\\/\\\/repliquemangacine.fr\\\/#organization\"},\"potentialAction\":[{\"@type\":\"SearchAction\",\"target\":{\"@type\":\"EntryPoint\",\"urlTemplate\":\"https:\\\/\\\/repliquemangacine.fr\\\/?s={search_term_string}\"},\"query-input\":{\"@type\":\"PropertyValueSpecification\",\"valueRequired\":true,\"valueName\":\"search_term_string\"}}],\"inLanguage\":\"de\"},{\"@type\":\"Organization\",\"@id\":\"https:\\\/\\\/repliquemangacine.fr\\\/#organization\",\"name\":\"R\u00e9plique Manga Cin\u00e9\",\"url\":\"https:\\\/\\\/repliquemangacine.fr\\\/\",\"logo\":{\"@type\":\"ImageObject\",\"inLanguage\":\"de\",\"@id\":\"https:\\\/\\\/repliquemangacine.fr\\\/#\\\/schema\\\/logo\\\/image\\\/\",\"url\":\"https:\\\/\\\/repliquemangacine.fr\\\/wp-content\\\/uploads\\\/2023\\\/10\\\/RMC-500250.png\",\"contentUrl\":\"https:\\\/\\\/repliquemangacine.fr\\\/wp-content\\\/uploads\\\/2023\\\/10\\\/RMC-500250.png\",\"width\":500,\"height\":250,\"caption\":\"R\u00e9plique Manga Cin\u00e9\"},\"image\":{\"@id\":\"https:\\\/\\\/repliquemangacine.fr\\\/#\\\/schema\\\/logo\\\/image\\\/\"},\"sameAs\":[\"https:\\\/\\\/www.facebook.com\\\/RepliqueMangaCine\",\"https:\\\/\\\/www.instagram.com\\\/repliquemangacine.fr\\\/\"]}]}<\/script>\n<!-- \/ Yoast SEO plugin. -->","yoast_head_json":{"title":"Avengers Mousepad - Online-Shop - R\u00e9plique Manga Cin\u00e9","description":"Entdecken Sie dieses tolle Mauspad Avengers zum besten Preis - Weicher Bezug - Wasserdicht und abwaschbar - Rutschfest - Ma\u00dfe: 90 X 40 cm","robots":{"index":"index","follow":"follow","max-snippet":"max-snippet:-1","max-image-preview":"max-image-preview:large","max-video-preview":"max-video-preview:-1"},"canonical":"https:\/\/repliquemangacine.fr\/de\/verschiedene-goodies\/avengers-mauspad-90x40-marvel\/","og_locale":"de_DE","og_type":"article","og_title":"Tapis Souris Avengers - Boutique en ligne - R\u00e9plique Manga Cin\u00e9","og_description":"D\u00e9couvrez ce superbe Tapis souris Avengers au meilleur prix - Rev\u00eatement doux - Imperm\u00e9able et lavable - Antid\u00e9rapant - Dimensions : 90 X 40 cm","og_url":"https:\/\/repliquemangacine.fr\/de\/verschiedene-goodies\/avengers-mauspad-90x40-marvel\/","og_site_name":"R\u00e9plique Manga Cin\u00e9","article_publisher":"https:\/\/www.facebook.com\/RepliqueMangaCine","article_modified_time":"2025-10-17T03:58:12+00:00","og_image":[{"width":600,"height":600,"url":"https:\/\/repliquemangacine.fr\/wp-content\/uploads\/2023\/10\/tapis-souris-avengers-1.jpg","type":"image\/jpeg"}],"twitter_card":"summary_large_image","twitter_misc":{"Gesch\u00e4tzte Lesezeit":"1\u00a0Minute"},"schema":{"@context":"https:\/\/schema.org","@graph":[{"@type":"WebPage","@id":"https:\/\/repliquemangacine.fr\/divers-goodies\/avengers-tapis-souris-90x40-marvel\/","url":"https:\/\/repliquemangacine.fr\/divers-goodies\/avengers-tapis-souris-90x40-marvel\/","name":"Avengers Mousepad - Online-Shop - R\u00e9plique Manga Cin\u00e9","isPartOf":{"@id":"https:\/\/repliquemangacine.fr\/#website"},"primaryImageOfPage":{"@id":"https:\/\/repliquemangacine.fr\/divers-goodies\/avengers-tapis-souris-90x40-marvel\/#primaryimage"},"image":{"@id":"https:\/\/repliquemangacine.fr\/divers-goodies\/avengers-tapis-souris-90x40-marvel\/#primaryimage"},"thumbnailUrl":"https:\/\/repliquemangacine.fr\/wp-content\/uploads\/2023\/10\/tapis-souris-avengers-1.jpg","datePublished":"2022-05-17T10:48:18+00:00","dateModified":"2025-10-17T03:58:12+00:00","description":"Entdecken Sie dieses tolle Mauspad Avengers zum besten Preis - Weicher Bezug - Wasserdicht und abwaschbar - Rutschfest - Ma\u00dfe: 90 X 40 cm","breadcrumb":{"@id":"https:\/\/repliquemangacine.fr\/divers-goodies\/avengers-tapis-souris-90x40-marvel\/#breadcrumb"},"inLanguage":"de","potentialAction":[{"@type":"ReadAction","target":["https:\/\/repliquemangacine.fr\/divers-goodies\/avengers-tapis-souris-90x40-marvel\/"]}]},{"@type":"ImageObject","inLanguage":"de","@id":"https:\/\/repliquemangacine.fr\/divers-goodies\/avengers-tapis-souris-90x40-marvel\/#primaryimage","url":"https:\/\/repliquemangacine.fr\/wp-content\/uploads\/2023\/10\/tapis-souris-avengers-1.jpg","contentUrl":"https:\/\/repliquemangacine.fr\/wp-content\/uploads\/2023\/10\/tapis-souris-avengers-1.jpg","width":600,"height":600,"caption":"tapis-souris-avengers-marvel 90x40"},{"@type":"BreadcrumbList","@id":"https:\/\/repliquemangacine.fr\/divers-goodies\/avengers-tapis-souris-90x40-marvel\/#breadcrumb","itemListElement":[{"@type":"ListItem","position":1,"name":"Accueil","item":"https:\/\/repliquemangacine.fr\/"},{"@type":"ListItem","position":2,"name":"Produits","item":"https:\/\/repliquemangacine.fr\/boutique\/"},{"@type":"ListItem","position":3,"name":"Tapis Souris Avengers"}]},{"@type":"WebSite","@id":"https:\/\/repliquemangacine.fr\/#website","url":"https:\/\/repliquemangacine.fr\/","name":"R\u00e9plique Manga Cin\u00e9","description":"","publisher":{"@id":"https:\/\/repliquemangacine.fr\/#organization"},"potentialAction":[{"@type":"SearchAction","target":{"@type":"EntryPoint","urlTemplate":"https:\/\/repliquemangacine.fr\/?s={search_term_string}"},"query-input":{"@type":"PropertyValueSpecification","valueRequired":true,"valueName":"search_term_string"}}],"inLanguage":"de"},{"@type":"Organization","@id":"https:\/\/repliquemangacine.fr\/#organization","name":"R\u00e9plique Manga Cin\u00e9","url":"https:\/\/repliquemangacine.fr\/","logo":{"@type":"ImageObject","inLanguage":"de","@id":"https:\/\/repliquemangacine.fr\/#\/schema\/logo\/image\/","url":"https:\/\/repliquemangacine.fr\/wp-content\/uploads\/2023\/10\/RMC-500250.png","contentUrl":"https:\/\/repliquemangacine.fr\/wp-content\/uploads\/2023\/10\/RMC-500250.png","width":500,"height":250,"caption":"R\u00e9plique Manga Cin\u00e9"},"image":{"@id":"https:\/\/repliquemangacine.fr\/#\/schema\/logo\/image\/"},"sameAs":["https:\/\/www.facebook.com\/RepliqueMangaCine","https:\/\/www.instagram.com\/repliquemangacine.fr\/"]}]}},"_links":{"self":[{"href":"https:\/\/repliquemangacine.fr\/de\/wp-json\/wp\/v2\/product\/50612","targetHints":{"allow":["GET"]}}],"collection":[{"href":"https:\/\/repliquemangacine.fr\/de\/wp-json\/wp\/v2\/product"}],"about":[{"href":"https:\/\/repliquemangacine.fr\/de\/wp-json\/wp\/v2\/types\/product"}],"wp:featuredmedia":[{"embeddable":true,"href":"https:\/\/repliquemangacine.fr\/de\/wp-json\/wp\/v2\/media\/50613"}],"wp:attachment":[{"href":"https:\/\/repliquemangacine.fr\/de\/wp-json\/wp\/v2\/media?parent=50612"}],"wp:term":[{"taxonomy":"product_brand","embeddable":true,"href":"https:\/\/repliquemangacine.fr\/de\/wp-json\/wp\/v2\/product_brand?post=50612"},{"taxonomy":"product_cat","embeddable":true,"href":"https:\/\/repliquemangacine.fr\/de\/wp-json\/wp\/v2\/product_cat?post=50612"},{"taxonomy":"product_tag","embeddable":true,"href":"https:\/\/repliquemangacine.fr\/de\/wp-json\/wp\/v2\/product_tag?post=50612"}],"curies":[{"name":"wp","href":"https:\/\/api.w.org\/{rel}","templated":true}]}}