





{"id":50551,"date":"2022-05-16T12:13:47","date_gmt":"2022-05-16T10:13:47","guid":{"rendered":"https:\/\/repliquemangacine.fr\/?post_type=product&#038;p=50551"},"modified":"2025-10-01T00:18:42","modified_gmt":"2025-09-30T22:18:42","slug":"deadpool-marvel-sabel","status":"publish","type":"product","link":"https:\/\/repliquemangacine.fr\/de\/super-heros-marvel\/sabres-de-deadpool-marvel\/","title":{"rendered":"Deadpools Schwerter"},"content":{"rendered":"<h2>Deadpool Sabres aus dem Marvel-Universum.<\/h2>\n<p>Zu Beginn <strong>Deadpools Schwerter<\/strong>Die beiden neuen Modelle werden mit einem R\u00fcckenholster geliefert, genau wie im Film.<\/p>\n<p><a href=\"https:\/\/marvel.fandom.com\/fr\/wiki\/Wade_Wilson_(Terre-616)\" target=\"_blank\" rel=\"noopener noreferrer\">Deadpool<\/a> besitzt einen Heilungsfaktor, der von dem des Mutanten Wolverine abgeleitet ist. Er kann Gewebe, das durch Schusswunden und schwere Verbrennungen besch\u00e4digt wurde, innerhalb weniger Augenblicke regenerieren.<\/p>\n<p>Seine Kraft, Ausdauer und Beweglichkeit liegen weit \u00fcber denen eines normalen Menschen. Ausgestattet mit einem Sinn f\u00fcr Schlagfertigkeit und einem schwarzen Humor, der die Grenzen des gesellschaftlichen Anstands weit \u00fcberschreitet.<\/p>\n<p>Er ist auch im Umgang mit Hieb- und Stichwaffen sehr versiert, da er zwei S\u00e4bel benutzt, die er geschickt f\u00fchrt. Aber auch mit Schusswaffen kann er umgehen, da er ein talentierter Scharfsch\u00fctze mit einer au\u00dfergew\u00f6hnlichen Pr\u00e4zision ist.<\/p>\n<h2>Ihre Deadpool-S\u00e4bel zum besten Preis.<\/h2>\n<p>Wir bieten Ihnen eine gro\u00dfe Auswahl an Repliken Ihrer liebsten Superhelden.<\/p>\n<p>Zun\u00e4chst<\/p>\n<ul>\n<li>Die <a href=\"https:\/\/repliquemangacine.fr\/de\/filme-tv-serien-verkauf-von-katana-schwertern-und-derivaten\/x-men-griffes-de-wolverine-replique\/\">Wolverines Krallen<\/a> auch ein Antiheld.<\/li>\n<li>Anschlie\u00dfend die <a href=\"https:\/\/repliquemangacine.fr\/de\/superheld\/der-stock-von-joker-suicide-squad\/\">Joker Stock<\/a> mit Strasssteinen am Griff in \"Suicide Squad\".<\/li>\n<li>Es gibt auch die <a href=\"https:\/\/repliquemangacine.fr\/de\/superheld\/harley-quinn-baseballschlager\/\">Harley Quinns Baseballschl\u00e4ger<\/a> unter offizieller Lizenz vertrieben von Noble Collection.<\/li>\n<li>Und viele andere, die es in unserem Online-Shop zu entdecken gibt!<\/li>\n<\/ul>\n<p>Deshalb gibt es hier tolle Geschenkideen f\u00fcr alle, die das Marvel-Universum lieben.<\/p>\n<p>Abschlie\u00dfend k\u00f6nnen Sie die <strong>Deadpools Schwerter<\/strong> bei Ihren Cosplay-Paraden. Vor allem aber ist er ein Sammler- und Dekorationsobjekt.<\/p>\n<h2>Wie pflegt man die Klinge seines Marvel-Katanas?<\/h2>\n<p>Katanas f\u00fcr Sammlungen und Dekorationen werden auf vereinfachte Weise hergestellt und zusammengebaut. Da sie zu Dekorationszwecken verwendet werden, fehlen ihnen die Sicherheitsmerkmale, die ein japanisches Schwert f\u00fcr Trainingszwecke aufweisen muss.<\/p>\n<p>Allerdings sind Ihre <strong>Deadpools Schwerter<\/strong> haben eine Stahlklinge, die gepflegt werden muss, damit sie nicht mit der Zeit abgenutzt wird. Denn wenn du dein Katana ausstellst, werden deine Freunde neugierig sein, die Klinge zu sehen und sie zu ber\u00fchren. Hier ist Vorsicht geboten, denn Sie sollten wissen, dass die S\u00e4ure der Finger dem Stahl unabh\u00e4ngig von seiner Qualit\u00e4t sehr schadet.<\/p>\n<p>Wenn dies jedoch passiert, keine Panik, Sie brauchen nur ein Tuch, das mit etwas \u00d6l befeuchtet ist, und wischen die Fingerabdr\u00fccke ab. Wenn Sie dies tun, werden Sie Ihr Schwert sehr lange behalten.<\/p>","protected":false},"excerpt":{"rendered":"<p>Replik der beiden Schwerter von Wade Wilson.<\/p>\n<ul>\n<li>Klingen aus nicht scharfem 440er Stahl.<\/li>\n<li>Guard aus Stahl.<\/li>\n<li>Griff aus geformtem ABS mit Rillen.<\/li>\n<li>Schwarze Holzscheide.<\/li>\n<li>R\u00fcckentasche aus schwarzem Leder wie Deadpool.<\/li>\n<li>L\u00e4nge der Klinge: 70 cm - Gesamtl\u00e4nge: 102 cm - Gewicht: 850 grs<\/li>\n<\/ul>\n<p>&nbsp;<\/p>","protected":false},"featured_media":50552,"template":"","meta":[],"product_brand":[896],"product_cat":[24,59],"product_tag":[],"class_list":{"0":"post-50551","1":"product","2":"type-product","3":"status-publish","4":"has-post-thumbnail","6":"product_brand-replique-manga-cine","7":"product_cat-films-series-tv-vente-de-katana-epee-et-produits-derives","8":"product_cat-super-heros-marvel","10":"first","11":"outofstock","12":"taxable","13":"shipping-taxable","14":"purchasable","15":"product-type-simple"},"yoast_head":"<!-- This site is optimized with the Yoast SEO plugin v27.5 - https:\/\/yoast.com\/product\/yoast-seo-wordpress\/ -->\n<title>Sabres de Deadpool - Collector Marvel - R\u00e9plique Manga Cin\u00e9<\/title>\n<meta name=\"description\" content=\"D\u00e9couvrez les deux Sabres de Deadpool au meilleur prix. Lame acier 440 - Fourreau - Etui dorsal en cuir - Longueur totale : 102 cm chacun - Envoi 24\/48h\" \/>\n<meta name=\"robots\" content=\"index, follow, max-snippet:-1, max-image-preview:large, max-video-preview:-1\" \/>\n<link rel=\"canonical\" href=\"https:\/\/repliquemangacine.fr\/de\/marvel-super-heros\/deadpool-marvel-sabel\/\" \/>\n<meta property=\"og:locale\" content=\"de_DE\" \/>\n<meta property=\"og:type\" content=\"article\" \/>\n<meta property=\"og:title\" content=\"Sabres de Deadpool - Collector Marvel - R\u00e9plique Manga Cin\u00e9\" \/>\n<meta property=\"og:description\" content=\"D\u00e9couvrez les deux Sabres de Deadpool au meilleur prix. Lame acier 440 - Fourreau - Etui dorsal en cuir - Longueur totale : 102 cm chacun - Envoi 24\/48h\" \/>\n<meta property=\"og:url\" content=\"https:\/\/repliquemangacine.fr\/de\/marvel-super-heros\/deadpool-marvel-sabel\/\" \/>\n<meta property=\"og:site_name\" content=\"R\u00e9plique Manga Cin\u00e9\" \/>\n<meta property=\"article:publisher\" content=\"https:\/\/www.facebook.com\/RepliqueMangaCine\" \/>\n<meta property=\"article:modified_time\" content=\"2025-09-30T22:18:42+00:00\" \/>\n<meta property=\"og:image\" content=\"https:\/\/repliquemangacine.fr\/wp-content\/uploads\/2023\/10\/dou-sabre-deadpool.jpg\" \/>\n\t<meta property=\"og:image:width\" content=\"800\" \/>\n\t<meta property=\"og:image:height\" content=\"800\" \/>\n\t<meta property=\"og:image:type\" content=\"image\/jpeg\" \/>\n<meta name=\"twitter:card\" content=\"summary_large_image\" \/>\n<meta name=\"twitter:label1\" content=\"Gesch\u00e4tzte Lesezeit\" \/>\n\t<meta name=\"twitter:data1\" content=\"2\u00a0Minuten\" \/>\n<script type=\"application\/ld+json\" class=\"yoast-schema-graph\">{\"@context\":\"https:\\\/\\\/schema.org\",\"@graph\":[{\"@type\":\"WebPage\",\"@id\":\"https:\\\/\\\/repliquemangacine.fr\\\/super-heros-marvel\\\/sabres-de-deadpool-marvel\\\/\",\"url\":\"https:\\\/\\\/repliquemangacine.fr\\\/super-heros-marvel\\\/sabres-de-deadpool-marvel\\\/\",\"name\":\"Sabres de Deadpool - Collector Marvel - R\u00e9plique Manga Cin\u00e9\",\"isPartOf\":{\"@id\":\"https:\\\/\\\/repliquemangacine.fr\\\/#website\"},\"primaryImageOfPage\":{\"@id\":\"https:\\\/\\\/repliquemangacine.fr\\\/super-heros-marvel\\\/sabres-de-deadpool-marvel\\\/#primaryimage\"},\"image\":{\"@id\":\"https:\\\/\\\/repliquemangacine.fr\\\/super-heros-marvel\\\/sabres-de-deadpool-marvel\\\/#primaryimage\"},\"thumbnailUrl\":\"https:\\\/\\\/repliquemangacine.fr\\\/wp-content\\\/uploads\\\/2023\\\/10\\\/dou-sabre-deadpool.jpg\",\"datePublished\":\"2022-05-16T10:13:47+00:00\",\"dateModified\":\"2025-09-30T22:18:42+00:00\",\"description\":\"D\u00e9couvrez les deux Sabres de Deadpool au meilleur prix. Lame acier 440 - Fourreau - Etui dorsal en cuir - Longueur totale : 102 cm chacun - Envoi 24\\\/48h\",\"breadcrumb\":{\"@id\":\"https:\\\/\\\/repliquemangacine.fr\\\/super-heros-marvel\\\/sabres-de-deadpool-marvel\\\/#breadcrumb\"},\"inLanguage\":\"de\",\"potentialAction\":[{\"@type\":\"ReadAction\",\"target\":[\"https:\\\/\\\/repliquemangacine.fr\\\/super-heros-marvel\\\/sabres-de-deadpool-marvel\\\/\"]}]},{\"@type\":\"ImageObject\",\"inLanguage\":\"de\",\"@id\":\"https:\\\/\\\/repliquemangacine.fr\\\/super-heros-marvel\\\/sabres-de-deadpool-marvel\\\/#primaryimage\",\"url\":\"https:\\\/\\\/repliquemangacine.fr\\\/wp-content\\\/uploads\\\/2023\\\/10\\\/dou-sabre-deadpool.jpg\",\"contentUrl\":\"https:\\\/\\\/repliquemangacine.fr\\\/wp-content\\\/uploads\\\/2023\\\/10\\\/dou-sabre-deadpool.jpg\",\"width\":800,\"height\":800,\"caption\":\"Sabres de Deadpool Marvel\"},{\"@type\":\"BreadcrumbList\",\"@id\":\"https:\\\/\\\/repliquemangacine.fr\\\/super-heros-marvel\\\/sabres-de-deadpool-marvel\\\/#breadcrumb\",\"itemListElement\":[{\"@type\":\"ListItem\",\"position\":1,\"name\":\"Accueil\",\"item\":\"https:\\\/\\\/repliquemangacine.fr\\\/\"},{\"@type\":\"ListItem\",\"position\":2,\"name\":\"Produits\",\"item\":\"https:\\\/\\\/repliquemangacine.fr\\\/boutique\\\/\"},{\"@type\":\"ListItem\",\"position\":3,\"name\":\"Sabres de Deadpool\"}]},{\"@type\":\"WebSite\",\"@id\":\"https:\\\/\\\/repliquemangacine.fr\\\/#website\",\"url\":\"https:\\\/\\\/repliquemangacine.fr\\\/\",\"name\":\"R\u00e9plique Manga Cin\u00e9\",\"description\":\"\",\"publisher\":{\"@id\":\"https:\\\/\\\/repliquemangacine.fr\\\/#organization\"},\"potentialAction\":[{\"@type\":\"SearchAction\",\"target\":{\"@type\":\"EntryPoint\",\"urlTemplate\":\"https:\\\/\\\/repliquemangacine.fr\\\/?s={search_term_string}\"},\"query-input\":{\"@type\":\"PropertyValueSpecification\",\"valueRequired\":true,\"valueName\":\"search_term_string\"}}],\"inLanguage\":\"de\"},{\"@type\":\"Organization\",\"@id\":\"https:\\\/\\\/repliquemangacine.fr\\\/#organization\",\"name\":\"R\u00e9plique Manga Cin\u00e9\",\"url\":\"https:\\\/\\\/repliquemangacine.fr\\\/\",\"logo\":{\"@type\":\"ImageObject\",\"inLanguage\":\"de\",\"@id\":\"https:\\\/\\\/repliquemangacine.fr\\\/#\\\/schema\\\/logo\\\/image\\\/\",\"url\":\"https:\\\/\\\/repliquemangacine.fr\\\/wp-content\\\/uploads\\\/2023\\\/10\\\/RMC-500250.png\",\"contentUrl\":\"https:\\\/\\\/repliquemangacine.fr\\\/wp-content\\\/uploads\\\/2023\\\/10\\\/RMC-500250.png\",\"width\":500,\"height\":250,\"caption\":\"R\u00e9plique Manga Cin\u00e9\"},\"image\":{\"@id\":\"https:\\\/\\\/repliquemangacine.fr\\\/#\\\/schema\\\/logo\\\/image\\\/\"},\"sameAs\":[\"https:\\\/\\\/www.facebook.com\\\/RepliqueMangaCine\",\"https:\\\/\\\/www.instagram.com\\\/repliquemangacine.fr\\\/\"]}]}<\/script>\n<!-- \/ Yoast SEO plugin. -->","yoast_head_json":{"title":"Deadpools Schwerter - Marvel Collector - R\u00e9plique Manga Cin\u00e9","description":"Entdecken Sie die beiden S\u00e4bel von Deadpool zum besten Preis. Klinge aus 440er Stahl - Scheide - R\u00fcckentasche aus Leder - Gesamtl\u00e4nge: je 102 cm - Versand 24\/48h","robots":{"index":"index","follow":"follow","max-snippet":"max-snippet:-1","max-image-preview":"max-image-preview:large","max-video-preview":"max-video-preview:-1"},"canonical":"https:\/\/repliquemangacine.fr\/de\/marvel-super-heros\/deadpool-marvel-sabel\/","og_locale":"de_DE","og_type":"article","og_title":"Sabres de Deadpool - Collector Marvel - R\u00e9plique Manga Cin\u00e9","og_description":"D\u00e9couvrez les deux Sabres de Deadpool au meilleur prix. Lame acier 440 - Fourreau - Etui dorsal en cuir - Longueur totale : 102 cm chacun - Envoi 24\/48h","og_url":"https:\/\/repliquemangacine.fr\/de\/marvel-super-heros\/deadpool-marvel-sabel\/","og_site_name":"R\u00e9plique Manga Cin\u00e9","article_publisher":"https:\/\/www.facebook.com\/RepliqueMangaCine","article_modified_time":"2025-09-30T22:18:42+00:00","og_image":[{"width":800,"height":800,"url":"https:\/\/repliquemangacine.fr\/wp-content\/uploads\/2023\/10\/dou-sabre-deadpool.jpg","type":"image\/jpeg"}],"twitter_card":"summary_large_image","twitter_misc":{"Gesch\u00e4tzte Lesezeit":"2\u00a0Minuten"},"schema":{"@context":"https:\/\/schema.org","@graph":[{"@type":"WebPage","@id":"https:\/\/repliquemangacine.fr\/super-heros-marvel\/sabres-de-deadpool-marvel\/","url":"https:\/\/repliquemangacine.fr\/super-heros-marvel\/sabres-de-deadpool-marvel\/","name":"Deadpools Schwerter - Marvel Collector - R\u00e9plique Manga Cin\u00e9","isPartOf":{"@id":"https:\/\/repliquemangacine.fr\/#website"},"primaryImageOfPage":{"@id":"https:\/\/repliquemangacine.fr\/super-heros-marvel\/sabres-de-deadpool-marvel\/#primaryimage"},"image":{"@id":"https:\/\/repliquemangacine.fr\/super-heros-marvel\/sabres-de-deadpool-marvel\/#primaryimage"},"thumbnailUrl":"https:\/\/repliquemangacine.fr\/wp-content\/uploads\/2023\/10\/dou-sabre-deadpool.jpg","datePublished":"2022-05-16T10:13:47+00:00","dateModified":"2025-09-30T22:18:42+00:00","description":"Entdecken Sie die beiden S\u00e4bel von Deadpool zum besten Preis. Klinge aus 440er Stahl - Scheide - R\u00fcckentasche aus Leder - Gesamtl\u00e4nge: je 102 cm - Versand 24\/48h","breadcrumb":{"@id":"https:\/\/repliquemangacine.fr\/super-heros-marvel\/sabres-de-deadpool-marvel\/#breadcrumb"},"inLanguage":"de","potentialAction":[{"@type":"ReadAction","target":["https:\/\/repliquemangacine.fr\/super-heros-marvel\/sabres-de-deadpool-marvel\/"]}]},{"@type":"ImageObject","inLanguage":"de","@id":"https:\/\/repliquemangacine.fr\/super-heros-marvel\/sabres-de-deadpool-marvel\/#primaryimage","url":"https:\/\/repliquemangacine.fr\/wp-content\/uploads\/2023\/10\/dou-sabre-deadpool.jpg","contentUrl":"https:\/\/repliquemangacine.fr\/wp-content\/uploads\/2023\/10\/dou-sabre-deadpool.jpg","width":800,"height":800,"caption":"Sabres de Deadpool Marvel"},{"@type":"BreadcrumbList","@id":"https:\/\/repliquemangacine.fr\/super-heros-marvel\/sabres-de-deadpool-marvel\/#breadcrumb","itemListElement":[{"@type":"ListItem","position":1,"name":"Accueil","item":"https:\/\/repliquemangacine.fr\/"},{"@type":"ListItem","position":2,"name":"Produits","item":"https:\/\/repliquemangacine.fr\/boutique\/"},{"@type":"ListItem","position":3,"name":"Sabres de Deadpool"}]},{"@type":"WebSite","@id":"https:\/\/repliquemangacine.fr\/#website","url":"https:\/\/repliquemangacine.fr\/","name":"R\u00e9plique Manga Cin\u00e9","description":"","publisher":{"@id":"https:\/\/repliquemangacine.fr\/#organization"},"potentialAction":[{"@type":"SearchAction","target":{"@type":"EntryPoint","urlTemplate":"https:\/\/repliquemangacine.fr\/?s={search_term_string}"},"query-input":{"@type":"PropertyValueSpecification","valueRequired":true,"valueName":"search_term_string"}}],"inLanguage":"de"},{"@type":"Organization","@id":"https:\/\/repliquemangacine.fr\/#organization","name":"R\u00e9plique Manga Cin\u00e9","url":"https:\/\/repliquemangacine.fr\/","logo":{"@type":"ImageObject","inLanguage":"de","@id":"https:\/\/repliquemangacine.fr\/#\/schema\/logo\/image\/","url":"https:\/\/repliquemangacine.fr\/wp-content\/uploads\/2023\/10\/RMC-500250.png","contentUrl":"https:\/\/repliquemangacine.fr\/wp-content\/uploads\/2023\/10\/RMC-500250.png","width":500,"height":250,"caption":"R\u00e9plique Manga Cin\u00e9"},"image":{"@id":"https:\/\/repliquemangacine.fr\/#\/schema\/logo\/image\/"},"sameAs":["https:\/\/www.facebook.com\/RepliqueMangaCine","https:\/\/www.instagram.com\/repliquemangacine.fr\/"]}]}},"_links":{"self":[{"href":"https:\/\/repliquemangacine.fr\/de\/wp-json\/wp\/v2\/product\/50551","targetHints":{"allow":["GET"]}}],"collection":[{"href":"https:\/\/repliquemangacine.fr\/de\/wp-json\/wp\/v2\/product"}],"about":[{"href":"https:\/\/repliquemangacine.fr\/de\/wp-json\/wp\/v2\/types\/product"}],"wp:featuredmedia":[{"embeddable":true,"href":"https:\/\/repliquemangacine.fr\/de\/wp-json\/wp\/v2\/media\/50552"}],"wp:attachment":[{"href":"https:\/\/repliquemangacine.fr\/de\/wp-json\/wp\/v2\/media?parent=50551"}],"wp:term":[{"taxonomy":"product_brand","embeddable":true,"href":"https:\/\/repliquemangacine.fr\/de\/wp-json\/wp\/v2\/product_brand?post=50551"},{"taxonomy":"product_cat","embeddable":true,"href":"https:\/\/repliquemangacine.fr\/de\/wp-json\/wp\/v2\/product_cat?post=50551"},{"taxonomy":"product_tag","embeddable":true,"href":"https:\/\/repliquemangacine.fr\/de\/wp-json\/wp\/v2\/product_tag?post=50551"}],"curies":[{"name":"wp","href":"https:\/\/api.w.org\/{rel}","templated":true}]}}