





{"id":50402,"date":"2022-05-09T14:55:24","date_gmt":"2022-05-09T12:55:24","guid":{"rendered":"https:\/\/repliquemangacine.fr\/?post_type=product&#038;p=50402"},"modified":"2026-02-12T14:17:58","modified_gmt":"2026-02-12T13:17:58","slug":"thranduil-hobbit-kurzschwert-elbisches-schwert","status":"publish","type":"product","link":"https:\/\/repliquemangacine.fr\/de\/epees-the-hobbit\/epee-courte-de-thranduil-hobbit-sabre-elfique\/","title":{"rendered":"Kurzschwert Thranduil"},"content":{"rendered":"<h2>Kurzschwert von Thranduil in \"Der Hobbit\".<\/h2>\n<p>Zu Beginn wird die<strong>Thranduils Kurzschwert<\/strong> ist das Modell in kurzer Ausf\u00fchrung mit goldenem \u00c4rmel. Thranduil Gr\u00fcnbl\u00e4ttrig ist ein Sindar-Elb, K\u00f6nig des Schwarzen Waldes und Vater von Legolas.<\/p>\n<p>Thranduil nahm an der Schlacht der F\u00fcnf Heere teil. Er marschierte mit seiner Armee nach Erebor, um sich seinen Anteil am Schatz des Einsamen Berges zu erzwingen. Als er sich anschickte, die Zwerge aus den Eisenbergen, die Thorins in Erebor eingeschlossener Kompanie zu Hilfe eilten, in den Kampf zu verwickeln, tauchten Orks auf und er verb\u00fcndete sich mit den Zwergen, um sie zu besiegen.<\/p>\n<p>Er k\u00e4mpft mit Wut und Tapferkeit und hat geschworen, jeden Ork zu t\u00f6ten, der sich ihm in den Weg stellt.<\/p>\n<h2>Euer Kurzschwert von Thranduil zum besten Preis.<\/h2>\n<p>Wir bieten Ihnen alle Spr\u00fcche Ihrer Lieblingscharaktere in dieser Hobbit-Trilogie.<\/p>\n<p>Zun\u00e4chst einmal,<\/p>\n<ul>\n<li>Die ber\u00fchmte <a href=\"https:\/\/repliquemangacine.fr\/de\/schwerter-the-hobbit\/orcrist-schwert-thorin-schwert\/\">Orcrist-Schwert<\/a>Es ist das Schwert von Thorin Ecu aus Eichenholz.<\/li>\n<li>Anschlie\u00dfend werden die <a href=\"https:\/\/repliquemangacine.fr\/de\/schwerter-the-hobbit\/dagues-de-tauriel-the-hobbit\/\">Dolche von Tauriel<\/a>Die Elfenk\u00e4mpferin.<\/li>\n<li>Sie finden auch einige Schmuckst\u00fccke <a href=\"https:\/\/noblecollection.fr\/\" target=\"_blank\" rel=\"noopener noreferrer\">The Noble Collection.<\/a><\/li>\n<li>Und viele andere, die es in unserem Online-Shop zu entdecken gibt!<\/li>\n<li>Deshalb ist dies eine tolle Geschenkidee f\u00fcr alle Fans von \"Der Hobbit\".<\/li>\n<\/ul>\n<p>Abschlie\u00dfend k\u00f6nnen Sie auch diesen <strong>Thranduils Kurzschwert<\/strong> f\u00fcr Ihre Cosplay-Paraden oder Themenabende. Vor allem aber ist dieses Elfenschwert auch ein Sammler- und Dekorationsst\u00fcck.<\/p>\n<h2>Wie pflegt man die Klinge seines Hobbit-Schwerts?<\/h2>\n<p>Sammlungs- und Dekorationsschwerter werden in vereinfachter Form hergestellt und zusammengebaut. Da sie zu Dekorationszwecken verwendet werden, fehlen ihnen die Sicherheitselemente, die ein japanisches Schwert f\u00fcr Trainingszwecke aufweisen muss.<\/p>\n<p>Allerdings ist Ihr <strong>Thranduils Kurzschwert<\/strong> zu einer Stahlklinge, die gepflegt werden muss, damit sie nicht mit der Zeit abgenutzt wird. Denn wenn du dein Katana ausstellst, werden deine Freunde neugierig sein, die Klinge zu sehen und sie zu ber\u00fchren. Hier ist Vorsicht geboten, denn Sie sollten wissen, dass die S\u00e4ure der Finger dem Stahl unabh\u00e4ngig von seiner Qualit\u00e4t sehr schadet.<\/p>\n<p>Wenn dies jedoch passiert, keine Panik, Sie brauchen nur ein Tuch, das mit etwas \u00d6l befeuchtet ist, und wischen die Fingerabdr\u00fccke ab. Wenn Sie dies tun, werden Sie Ihr Schwert sehr lange behalten.<\/p>","protected":false},"excerpt":{"rendered":"<p>Elbisches Schwert, das Thranduil in \"Der Hobbit\" in seiner goldenen Version benutzt.<\/p>\n<ul>\n<li>Klinge aus 440er Stahl mit Verzierungen.<\/li>\n<li>Griff aus vergoldetem Metall.<\/li>\n<li>Scheide mit braunem Filz \u00fcberzogen.<\/li>\n<li>Verzierter Holzst\u00e4nder.<\/li>\n<li>Gesamtl\u00e4nge: 70 cm - Gewicht: 1.4 Kg<\/li>\n<\/ul>","protected":false},"featured_media":50403,"template":"","meta":[],"product_brand":[896],"product_cat":[69,24,35],"product_tag":[],"class_list":{"0":"post-50402","1":"product","2":"type-product","3":"status-publish","4":"has-post-thumbnail","6":"product_brand-replique-manga-cine","7":"product_cat-epees-the-hobbit","8":"product_cat-films-series-tv-vente-de-katana-epee-et-produits-derives","9":"product_cat-epee-et-bijoux-the-hobbit","11":"first","12":"instock","13":"sale","14":"taxable","15":"shipping-taxable","16":"purchasable","17":"product-type-simple"},"yoast_head":"<!-- This site is optimized with the Yoast SEO plugin v27.5 - https:\/\/yoast.com\/product\/yoast-seo-wordpress\/ -->\n<title>Ep\u00e9e courte Thranduil - The Hobbit - Boutique en ligne - RMC<\/title>\n<meta name=\"description\" content=\"Achetez vite ! L&#039;Ep\u00e9e courte Thranduil dor\u00e9e dans The Hobbit au meilleur prix. Lame en acier - Fourreau - Support bois. Longueur : 70 cm - Envoi 24\/48h\" \/>\n<meta name=\"robots\" content=\"index, follow, max-snippet:-1, max-image-preview:large, max-video-preview:-1\" \/>\n<link rel=\"canonical\" href=\"https:\/\/repliquemangacine.fr\/de\/schwerter-the-hobbit\/thranduil-hobbit-kurzschwert-elbisches-schwert\/\" \/>\n<meta property=\"og:locale\" content=\"de_DE\" \/>\n<meta property=\"og:type\" content=\"article\" \/>\n<meta property=\"og:title\" content=\"Ep\u00e9e courte Thranduil - The Hobbit - Boutique en ligne - RMC\" \/>\n<meta property=\"og:description\" content=\"Achetez vite ! L&#039;Ep\u00e9e courte Thranduil dor\u00e9e dans The Hobbit au meilleur prix. Lame en acier - Fourreau - Support bois. Longueur : 70 cm - Envoi 24\/48h\" \/>\n<meta property=\"og:url\" content=\"https:\/\/repliquemangacine.fr\/de\/schwerter-the-hobbit\/thranduil-hobbit-kurzschwert-elbisches-schwert\/\" \/>\n<meta property=\"og:site_name\" content=\"R\u00e9plique Manga Cin\u00e9\" \/>\n<meta property=\"article:publisher\" content=\"https:\/\/www.facebook.com\/RepliqueMangaCine\" \/>\n<meta property=\"article:modified_time\" content=\"2026-02-12T13:17:58+00:00\" \/>\n<meta property=\"og:image\" content=\"https:\/\/repliquemangacine.fr\/wp-content\/uploads\/2023\/10\/epee-thranduil.jpg\" \/>\n\t<meta property=\"og:image:width\" content=\"800\" \/>\n\t<meta property=\"og:image:height\" content=\"800\" \/>\n\t<meta property=\"og:image:type\" content=\"image\/jpeg\" \/>\n<meta name=\"twitter:card\" content=\"summary_large_image\" \/>\n<meta name=\"twitter:label1\" content=\"Gesch\u00e4tzte Lesezeit\" \/>\n\t<meta name=\"twitter:data1\" content=\"1\u00a0Minute\" \/>\n<script type=\"application\/ld+json\" class=\"yoast-schema-graph\">{\"@context\":\"https:\\\/\\\/schema.org\",\"@graph\":[{\"@type\":\"WebPage\",\"@id\":\"https:\\\/\\\/repliquemangacine.fr\\\/de\\\/schwerter-the-hobbit\\\/thranduil-hobbit-kurzschwert-elbisches-schwert\\\/\",\"url\":\"https:\\\/\\\/repliquemangacine.fr\\\/de\\\/schwerter-the-hobbit\\\/thranduil-hobbit-kurzschwert-elbisches-schwert\\\/\",\"name\":\"Ep\u00e9e courte Thranduil - The Hobbit - Boutique en ligne - RMC\",\"isPartOf\":{\"@id\":\"https:\\\/\\\/repliquemangacine.fr\\\/#website\"},\"primaryImageOfPage\":{\"@id\":\"https:\\\/\\\/repliquemangacine.fr\\\/de\\\/schwerter-the-hobbit\\\/thranduil-hobbit-kurzschwert-elbisches-schwert\\\/#primaryimage\"},\"image\":{\"@id\":\"https:\\\/\\\/repliquemangacine.fr\\\/de\\\/schwerter-the-hobbit\\\/thranduil-hobbit-kurzschwert-elbisches-schwert\\\/#primaryimage\"},\"thumbnailUrl\":\"https:\\\/\\\/repliquemangacine.fr\\\/wp-content\\\/uploads\\\/2023\\\/10\\\/epee-thranduil.jpg\",\"datePublished\":\"2022-05-09T12:55:24+00:00\",\"dateModified\":\"2026-02-12T13:17:58+00:00\",\"description\":\"Achetez vite ! L'Ep\u00e9e courte Thranduil dor\u00e9e dans The Hobbit au meilleur prix. Lame en acier - Fourreau - Support bois. Longueur : 70 cm - Envoi 24\\\/48h\",\"breadcrumb\":{\"@id\":\"https:\\\/\\\/repliquemangacine.fr\\\/de\\\/schwerter-the-hobbit\\\/thranduil-hobbit-kurzschwert-elbisches-schwert\\\/#breadcrumb\"},\"inLanguage\":\"de\",\"potentialAction\":[{\"@type\":\"ReadAction\",\"target\":[\"https:\\\/\\\/repliquemangacine.fr\\\/de\\\/schwerter-the-hobbit\\\/thranduil-hobbit-kurzschwert-elbisches-schwert\\\/\"]}]},{\"@type\":\"ImageObject\",\"inLanguage\":\"de\",\"@id\":\"https:\\\/\\\/repliquemangacine.fr\\\/de\\\/schwerter-the-hobbit\\\/thranduil-hobbit-kurzschwert-elbisches-schwert\\\/#primaryimage\",\"url\":\"https:\\\/\\\/repliquemangacine.fr\\\/wp-content\\\/uploads\\\/2023\\\/10\\\/epee-thranduil.jpg\",\"contentUrl\":\"https:\\\/\\\/repliquemangacine.fr\\\/wp-content\\\/uploads\\\/2023\\\/10\\\/epee-thranduil.jpg\",\"width\":800,\"height\":800,\"caption\":\"\u00e9p\u00e9e courte thranduil the hobbit\"},{\"@type\":\"BreadcrumbList\",\"@id\":\"https:\\\/\\\/repliquemangacine.fr\\\/de\\\/schwerter-the-hobbit\\\/thranduil-hobbit-kurzschwert-elbisches-schwert\\\/#breadcrumb\",\"itemListElement\":[{\"@type\":\"ListItem\",\"position\":1,\"name\":\"Accueil\",\"item\":\"https:\\\/\\\/repliquemangacine.fr\\\/\"},{\"@type\":\"ListItem\",\"position\":2,\"name\":\"Produits\",\"item\":\"https:\\\/\\\/repliquemangacine.fr\\\/boutique\\\/\"},{\"@type\":\"ListItem\",\"position\":3,\"name\":\"Ep\u00e9e courte Thranduil\"}]},{\"@type\":\"WebSite\",\"@id\":\"https:\\\/\\\/repliquemangacine.fr\\\/#website\",\"url\":\"https:\\\/\\\/repliquemangacine.fr\\\/\",\"name\":\"R\u00e9plique Manga Cin\u00e9\",\"description\":\"\",\"publisher\":{\"@id\":\"https:\\\/\\\/repliquemangacine.fr\\\/#organization\"},\"potentialAction\":[{\"@type\":\"SearchAction\",\"target\":{\"@type\":\"EntryPoint\",\"urlTemplate\":\"https:\\\/\\\/repliquemangacine.fr\\\/?s={search_term_string}\"},\"query-input\":{\"@type\":\"PropertyValueSpecification\",\"valueRequired\":true,\"valueName\":\"search_term_string\"}}],\"inLanguage\":\"de\"},{\"@type\":\"Organization\",\"@id\":\"https:\\\/\\\/repliquemangacine.fr\\\/#organization\",\"name\":\"R\u00e9plique Manga Cin\u00e9\",\"url\":\"https:\\\/\\\/repliquemangacine.fr\\\/\",\"logo\":{\"@type\":\"ImageObject\",\"inLanguage\":\"de\",\"@id\":\"https:\\\/\\\/repliquemangacine.fr\\\/#\\\/schema\\\/logo\\\/image\\\/\",\"url\":\"https:\\\/\\\/repliquemangacine.fr\\\/wp-content\\\/uploads\\\/2023\\\/10\\\/RMC-500250.png\",\"contentUrl\":\"https:\\\/\\\/repliquemangacine.fr\\\/wp-content\\\/uploads\\\/2023\\\/10\\\/RMC-500250.png\",\"width\":500,\"height\":250,\"caption\":\"R\u00e9plique Manga Cin\u00e9\"},\"image\":{\"@id\":\"https:\\\/\\\/repliquemangacine.fr\\\/#\\\/schema\\\/logo\\\/image\\\/\"},\"sameAs\":[\"https:\\\/\\\/www.facebook.com\\\/RepliqueMangaCine\",\"https:\\\/\\\/www.instagram.com\\\/repliquemangacine.fr\\\/\"]}]}<\/script>\n<!-- \/ Yoast SEO plugin. -->","yoast_head_json":{"title":"Kurzschwert Thranduil - Der Hobbit - Online-Shop - RMC","description":"Kaufen Sie schnell! Das vergoldete Thranduil Kurzschwert aus Der Hobbit zum besten Preis. Klinge aus Stahl - Scheide - Holzunterlage. L\u00e4nge: 70 cm - Versand 24\/48h","robots":{"index":"index","follow":"follow","max-snippet":"max-snippet:-1","max-image-preview":"max-image-preview:large","max-video-preview":"max-video-preview:-1"},"canonical":"https:\/\/repliquemangacine.fr\/de\/schwerter-the-hobbit\/thranduil-hobbit-kurzschwert-elbisches-schwert\/","og_locale":"de_DE","og_type":"article","og_title":"Ep\u00e9e courte Thranduil - The Hobbit - Boutique en ligne - RMC","og_description":"Achetez vite ! L'Ep\u00e9e courte Thranduil dor\u00e9e dans The Hobbit au meilleur prix. Lame en acier - Fourreau - Support bois. Longueur : 70 cm - Envoi 24\/48h","og_url":"https:\/\/repliquemangacine.fr\/de\/schwerter-the-hobbit\/thranduil-hobbit-kurzschwert-elbisches-schwert\/","og_site_name":"R\u00e9plique Manga Cin\u00e9","article_publisher":"https:\/\/www.facebook.com\/RepliqueMangaCine","article_modified_time":"2026-02-12T13:17:58+00:00","og_image":[{"width":800,"height":800,"url":"https:\/\/repliquemangacine.fr\/wp-content\/uploads\/2023\/10\/epee-thranduil.jpg","type":"image\/jpeg"}],"twitter_card":"summary_large_image","twitter_misc":{"Gesch\u00e4tzte Lesezeit":"1\u00a0Minute"},"schema":{"@context":"https:\/\/schema.org","@graph":[{"@type":"WebPage","@id":"https:\/\/repliquemangacine.fr\/de\/schwerter-the-hobbit\/thranduil-hobbit-kurzschwert-elbisches-schwert\/","url":"https:\/\/repliquemangacine.fr\/de\/schwerter-the-hobbit\/thranduil-hobbit-kurzschwert-elbisches-schwert\/","name":"Kurzschwert Thranduil - Der Hobbit - Online-Shop - RMC","isPartOf":{"@id":"https:\/\/repliquemangacine.fr\/#website"},"primaryImageOfPage":{"@id":"https:\/\/repliquemangacine.fr\/de\/schwerter-the-hobbit\/thranduil-hobbit-kurzschwert-elbisches-schwert\/#primaryimage"},"image":{"@id":"https:\/\/repliquemangacine.fr\/de\/schwerter-the-hobbit\/thranduil-hobbit-kurzschwert-elbisches-schwert\/#primaryimage"},"thumbnailUrl":"https:\/\/repliquemangacine.fr\/wp-content\/uploads\/2023\/10\/epee-thranduil.jpg","datePublished":"2022-05-09T12:55:24+00:00","dateModified":"2026-02-12T13:17:58+00:00","description":"Kaufen Sie schnell! Das vergoldete Thranduil Kurzschwert aus Der Hobbit zum besten Preis. Klinge aus Stahl - Scheide - Holzunterlage. L\u00e4nge: 70 cm - Versand 24\/48h","breadcrumb":{"@id":"https:\/\/repliquemangacine.fr\/de\/schwerter-the-hobbit\/thranduil-hobbit-kurzschwert-elbisches-schwert\/#breadcrumb"},"inLanguage":"de","potentialAction":[{"@type":"ReadAction","target":["https:\/\/repliquemangacine.fr\/de\/schwerter-the-hobbit\/thranduil-hobbit-kurzschwert-elbisches-schwert\/"]}]},{"@type":"ImageObject","inLanguage":"de","@id":"https:\/\/repliquemangacine.fr\/de\/schwerter-the-hobbit\/thranduil-hobbit-kurzschwert-elbisches-schwert\/#primaryimage","url":"https:\/\/repliquemangacine.fr\/wp-content\/uploads\/2023\/10\/epee-thranduil.jpg","contentUrl":"https:\/\/repliquemangacine.fr\/wp-content\/uploads\/2023\/10\/epee-thranduil.jpg","width":800,"height":800,"caption":"\u00e9p\u00e9e courte thranduil the hobbit"},{"@type":"BreadcrumbList","@id":"https:\/\/repliquemangacine.fr\/de\/schwerter-the-hobbit\/thranduil-hobbit-kurzschwert-elbisches-schwert\/#breadcrumb","itemListElement":[{"@type":"ListItem","position":1,"name":"Accueil","item":"https:\/\/repliquemangacine.fr\/"},{"@type":"ListItem","position":2,"name":"Produits","item":"https:\/\/repliquemangacine.fr\/boutique\/"},{"@type":"ListItem","position":3,"name":"Ep\u00e9e courte Thranduil"}]},{"@type":"WebSite","@id":"https:\/\/repliquemangacine.fr\/#website","url":"https:\/\/repliquemangacine.fr\/","name":"R\u00e9plique Manga Cin\u00e9","description":"","publisher":{"@id":"https:\/\/repliquemangacine.fr\/#organization"},"potentialAction":[{"@type":"SearchAction","target":{"@type":"EntryPoint","urlTemplate":"https:\/\/repliquemangacine.fr\/?s={search_term_string}"},"query-input":{"@type":"PropertyValueSpecification","valueRequired":true,"valueName":"search_term_string"}}],"inLanguage":"de"},{"@type":"Organization","@id":"https:\/\/repliquemangacine.fr\/#organization","name":"R\u00e9plique Manga Cin\u00e9","url":"https:\/\/repliquemangacine.fr\/","logo":{"@type":"ImageObject","inLanguage":"de","@id":"https:\/\/repliquemangacine.fr\/#\/schema\/logo\/image\/","url":"https:\/\/repliquemangacine.fr\/wp-content\/uploads\/2023\/10\/RMC-500250.png","contentUrl":"https:\/\/repliquemangacine.fr\/wp-content\/uploads\/2023\/10\/RMC-500250.png","width":500,"height":250,"caption":"R\u00e9plique Manga Cin\u00e9"},"image":{"@id":"https:\/\/repliquemangacine.fr\/#\/schema\/logo\/image\/"},"sameAs":["https:\/\/www.facebook.com\/RepliqueMangaCine","https:\/\/www.instagram.com\/repliquemangacine.fr\/"]}]}},"_links":{"self":[{"href":"https:\/\/repliquemangacine.fr\/de\/wp-json\/wp\/v2\/product\/50402","targetHints":{"allow":["GET"]}}],"collection":[{"href":"https:\/\/repliquemangacine.fr\/de\/wp-json\/wp\/v2\/product"}],"about":[{"href":"https:\/\/repliquemangacine.fr\/de\/wp-json\/wp\/v2\/types\/product"}],"wp:featuredmedia":[{"embeddable":true,"href":"https:\/\/repliquemangacine.fr\/de\/wp-json\/wp\/v2\/media\/50403"}],"wp:attachment":[{"href":"https:\/\/repliquemangacine.fr\/de\/wp-json\/wp\/v2\/media?parent=50402"}],"wp:term":[{"taxonomy":"product_brand","embeddable":true,"href":"https:\/\/repliquemangacine.fr\/de\/wp-json\/wp\/v2\/product_brand?post=50402"},{"taxonomy":"product_cat","embeddable":true,"href":"https:\/\/repliquemangacine.fr\/de\/wp-json\/wp\/v2\/product_cat?post=50402"},{"taxonomy":"product_tag","embeddable":true,"href":"https:\/\/repliquemangacine.fr\/de\/wp-json\/wp\/v2\/product_tag?post=50402"}],"curies":[{"name":"wp","href":"https:\/\/api.w.org\/{rel}","templated":true}]}}