





{"id":50096,"date":"2022-04-28T14:38:01","date_gmt":"2022-04-28T12:38:01","guid":{"rendered":"https:\/\/repliquemangacine.fr\/?post_type=product&#038;p=50096"},"modified":"2026-02-20T17:13:12","modified_gmt":"2026-02-20T16:13:12","slug":"thesee-stab-drache-fantastic-beasts","status":"publish","type":"product","link":"https:\/\/repliquemangacine.fr\/de\/les-animaux-fantastiques\/baguette-thesee-dragonneau-fantastic-beasts\/","title":{"rendered":"Theseus Dragonneau Zauberstab"},"content":{"rendered":"<h2>Theseus Dragonneau Zauberstab - Phantastische Tierwesen<\/h2>\n<p>Zu Beginn wird die <strong>Theseus Dragonneau Zauberstab<\/strong>, Es besteht vollst\u00e4ndig aus Harz mit einem Metallkern f\u00fcr hohe Qualit\u00e4t.<\/p>\n<p>Theseus Dragonneau (Theseus Scamander) ist ein m\u00e4chtiger Auror des britischen Zaubereiministeriums. Bei seiner Ankunft in Hogwarts wurde er vom Sprechenden Hut nach Hufflepuff geschickt. Er ist der \u00e4ltere Bruder von Norbert Dragonneau. Vom Zaubereiministerium ausgew\u00e4hlt, um Gellert Grindelwald zu fassen.<\/p>\n<p>Es muss betont werden, dass Theseus der Verlobte von Leta Lestrange ist, die die ehemalige Freundin von Norbert war, als sie Sch\u00fcler in Hogwarts waren.<\/p>\n<p>Theseus reist nach Paris, in das <a href=\"https:\/\/harrypotter.fandom.com\/fr\/wiki\/Mausol\u00e9e_des_Lestrange\" target=\"_blank\" rel=\"noopener noreferrer\">Mausoleum der Lestranges<\/a>Er besucht den Friedhof P\u00e8re-Lachaise, wo er dem Ende von Grindelwalds Rede zuh\u00f6rt. Er nimmt an der Schlacht auf dem Friedhof P\u00e8re-Lachaise teil, bei der er Leta Lestrange verliert.<\/p>\n<h2>Ihr g\u00fcnstiger Theseus Dragonneau Zauberstab.<\/h2>\n<p>Wir bieten Ihnen eine gro\u00dfe Auswahl an Zauberst\u00e4ben \"Phantastische Tierwesen\" mit ihren Metallkernen zu kleinen Preisen.<\/p>\n<p>F\u00fcr den Anfang,<\/p>\n<ul>\n<li>Die <a href=\"https:\/\/repliquemangacine.fr\/de\/phantastische-tierwesen\/zauberstab-nicolas-flamel-fantastische-tiere\/\">Zauberstab von Nicolas Flamel<\/a> in Phantastische Tierwesen.<\/li>\n<li>Aber auch die von <a href=\"https:\/\/repliquemangacine.fr\/de\/phantastische-tierwesen\/zauberstab-queenie-goldstein-phantastische-tierwesen\/\">Queenie Goldstein<\/a> auch in der Saga \"Die Phantastischen Tierwesen\".<\/li>\n<li>Es gibt auch den von Gellert Grindelwald, das ist \u00fcbrigens sp\u00e4ter in Harry Potter der Zauberstab von Dumbledore.<\/li>\n<li>Und viele andere, die es in unserem Online-Shop zu entdecken gibt!<\/li>\n<\/ul>\n<p>Deshalb hier eine tolle Geschenkidee f\u00fcr alle Harry-Potter-Fans<\/p>\n<p>Abschlie\u00dfend k\u00f6nnen Sie auch diesen <strong>Zauberstab von Theseus Dragonneau<\/strong> f\u00fcr Ihre Cosplays oder Themenabende. Vor allem aber ist es ein Sammler- und Dekorationsst\u00fcck.<\/p>\n<p>R\u00e9plique Manga Cin\u00e9 ist ein franz\u00f6sisches Familienunternehmen.<\/p>\n<h2>Wie werden die Zauberst\u00e4be von Hexen und Zauberern hergestellt?<\/h2>\n<p>Ein Zauberstab ist ein Gegenstand, der aus zwei variablen Elementen besteht: dem Holz, das normalerweise von einem Baum stammt, und dem sogenannten Kern des Zauberstabs, der von verschiedenen magischen Kreaturen oder Pflanzen stammen kann. Er ist ein Werkzeug, das von Zauberern und Hexen verwendet wird, um ihre Zauberspr\u00fcche zu sch\u00e4rfen und bessere Ergebnisse bei der Anwendung von Magie zu erzielen.<\/p>\n<p>Unsere St\u00e4bchen werden aus gegossenem Harz hergestellt, im Herzen des St\u00e4bchens befindet sich ein Metallstab, der Ihrem <strong>Zauberstab Theseus Dragonneau<\/strong> eine bemerkenswerte Widerstandsf\u00e4higkeit.<\/p>\n<p>Es sei darauf hingewiesen, dass die meisten Zauberer ihren Zauberstab im Alter von elf Jahren kaufen, bevor sie mit ihrer magischen Ausbildung beginnen. Junge Zauberer k\u00f6nnen ihren Zauberstab selbst bei einem Verk\u00e4ufer kaufen gehen, wobei britische Sch\u00fcler traditionell zu Ollivander gehen.<\/p>\n<p>&nbsp;<\/p>","protected":false},"excerpt":{"rendered":"<p>Zauberstab von Theseus Dragonneau, inspiriert von der Saga \"Phantastische Tierwesen\".<\/p>\n<ul>\n<li>Kunstharzleiste imitiert ein hellbraunes Holz.<\/li>\n<li>Kern aus Metall.<\/li>\n<li>Dieser Zauberstab im Art-d\u00e9co-Stil ist 35 cm lang.<\/li>\n<li>Sammlerfigurenschachtel mit Innenfutter aus blauem Samt.<\/li>\n<li>Personenkarte.<\/li>\n<\/ul>","protected":false},"featured_media":50097,"template":"","meta":[],"product_brand":[896],"product_cat":[24,104,101],"product_tag":[],"class_list":{"0":"post-50096","1":"product","2":"type-product","3":"status-publish","4":"has-post-thumbnail","6":"product_brand-replique-manga-cine","7":"product_cat-films-series-tv-vente-de-katana-epee-et-produits-derives","8":"product_cat-les-animaux-fantastiques","9":"product_cat-soldes","11":"first","12":"instock","13":"sale","14":"taxable","15":"shipping-taxable","16":"purchasable","17":"product-type-simple"},"yoast_head":"<!-- This site is optimized with the Yoast SEO plugin v27.4 - https:\/\/yoast.com\/product\/yoast-seo-wordpress\/ -->\n<title>Baguette Th\u00e9s\u00e9e Dragonneau - Les Animaux Fantastiques - RMC<\/title>\n<meta name=\"description\" content=\"Offrez-lui cette Baguette Th\u00e9s\u00e9e Dragonneau dans les Animaux Fantastiques au meilleur prix. Tout en r\u00e9sine - Noyau m\u00e9tal. Boite Collector - Longueur : 35 cm\" \/>\n<meta name=\"robots\" content=\"index, follow, max-snippet:-1, max-image-preview:large, max-video-preview:-1\" \/>\n<link rel=\"canonical\" href=\"https:\/\/repliquemangacine.fr\/de\/phantastische-tierwesen\/thesee-stab-drache-fantastic-beasts\/\" \/>\n<meta property=\"og:locale\" content=\"de_DE\" \/>\n<meta property=\"og:type\" content=\"article\" \/>\n<meta property=\"og:title\" content=\"Baguette Th\u00e9s\u00e9e Dragonneau - Les Animaux Fantastiques - RMC\" \/>\n<meta property=\"og:description\" content=\"Offrez-lui cette Baguette Th\u00e9s\u00e9e Dragonneau dans les Animaux Fantastiques au meilleur prix. Tout en r\u00e9sine - Noyau m\u00e9tal. Boite Collector - Longueur : 35 cm\" \/>\n<meta property=\"og:url\" content=\"https:\/\/repliquemangacine.fr\/de\/phantastische-tierwesen\/thesee-stab-drache-fantastic-beasts\/\" \/>\n<meta property=\"og:site_name\" content=\"R\u00e9plique Manga Cin\u00e9\" \/>\n<meta property=\"article:publisher\" content=\"https:\/\/www.facebook.com\/RepliqueMangaCine\" \/>\n<meta property=\"article:modified_time\" content=\"2026-02-20T16:13:12+00:00\" \/>\n<meta property=\"og:image\" content=\"https:\/\/repliquemangacine.fr\/wp-content\/uploads\/2023\/10\/Baguette-theseus-scamander-replique.jpg\" \/>\n\t<meta property=\"og:image:width\" content=\"600\" \/>\n\t<meta property=\"og:image:height\" content=\"600\" \/>\n\t<meta property=\"og:image:type\" content=\"image\/jpeg\" \/>\n<meta name=\"twitter:card\" content=\"summary_large_image\" \/>\n<meta name=\"twitter:label1\" content=\"Gesch\u00e4tzte Lesezeit\" \/>\n\t<meta name=\"twitter:data1\" content=\"2\u00a0Minuten\" \/>\n<script type=\"application\/ld+json\" class=\"yoast-schema-graph\">{\"@context\":\"https:\\\/\\\/schema.org\",\"@graph\":[{\"@type\":\"WebPage\",\"@id\":\"https:\\\/\\\/repliquemangacine.fr\\\/les-animaux-fantastiques\\\/baguette-thesee-dragonneau-fantastic-beasts\\\/\",\"url\":\"https:\\\/\\\/repliquemangacine.fr\\\/les-animaux-fantastiques\\\/baguette-thesee-dragonneau-fantastic-beasts\\\/\",\"name\":\"Baguette Th\u00e9s\u00e9e Dragonneau - Les Animaux Fantastiques - RMC\",\"isPartOf\":{\"@id\":\"https:\\\/\\\/repliquemangacine.fr\\\/#website\"},\"primaryImageOfPage\":{\"@id\":\"https:\\\/\\\/repliquemangacine.fr\\\/les-animaux-fantastiques\\\/baguette-thesee-dragonneau-fantastic-beasts\\\/#primaryimage\"},\"image\":{\"@id\":\"https:\\\/\\\/repliquemangacine.fr\\\/les-animaux-fantastiques\\\/baguette-thesee-dragonneau-fantastic-beasts\\\/#primaryimage\"},\"thumbnailUrl\":\"https:\\\/\\\/repliquemangacine.fr\\\/wp-content\\\/uploads\\\/2023\\\/10\\\/Baguette-theseus-scamander-replique.jpg\",\"datePublished\":\"2022-04-28T12:38:01+00:00\",\"dateModified\":\"2026-02-20T16:13:12+00:00\",\"description\":\"Offrez-lui cette Baguette Th\u00e9s\u00e9e Dragonneau dans les Animaux Fantastiques au meilleur prix. Tout en r\u00e9sine - Noyau m\u00e9tal. Boite Collector - Longueur : 35 cm\",\"breadcrumb\":{\"@id\":\"https:\\\/\\\/repliquemangacine.fr\\\/les-animaux-fantastiques\\\/baguette-thesee-dragonneau-fantastic-beasts\\\/#breadcrumb\"},\"inLanguage\":\"de\",\"potentialAction\":[{\"@type\":\"ReadAction\",\"target\":[\"https:\\\/\\\/repliquemangacine.fr\\\/les-animaux-fantastiques\\\/baguette-thesee-dragonneau-fantastic-beasts\\\/\"]}]},{\"@type\":\"ImageObject\",\"inLanguage\":\"de\",\"@id\":\"https:\\\/\\\/repliquemangacine.fr\\\/les-animaux-fantastiques\\\/baguette-thesee-dragonneau-fantastic-beasts\\\/#primaryimage\",\"url\":\"https:\\\/\\\/repliquemangacine.fr\\\/wp-content\\\/uploads\\\/2023\\\/10\\\/Baguette-theseus-scamander-replique.jpg\",\"contentUrl\":\"https:\\\/\\\/repliquemangacine.fr\\\/wp-content\\\/uploads\\\/2023\\\/10\\\/Baguette-theseus-scamander-replique.jpg\",\"width\":600,\"height\":600,\"caption\":\"Baguette magique Th\u00e9s\u00e9e Dragonneau\"},{\"@type\":\"BreadcrumbList\",\"@id\":\"https:\\\/\\\/repliquemangacine.fr\\\/les-animaux-fantastiques\\\/baguette-thesee-dragonneau-fantastic-beasts\\\/#breadcrumb\",\"itemListElement\":[{\"@type\":\"ListItem\",\"position\":1,\"name\":\"Accueil\",\"item\":\"https:\\\/\\\/repliquemangacine.fr\\\/\"},{\"@type\":\"ListItem\",\"position\":2,\"name\":\"Produits\",\"item\":\"https:\\\/\\\/repliquemangacine.fr\\\/boutique\\\/\"},{\"@type\":\"ListItem\",\"position\":3,\"name\":\"Baguette Th\u00e9s\u00e9e Dragonneau\"}]},{\"@type\":\"WebSite\",\"@id\":\"https:\\\/\\\/repliquemangacine.fr\\\/#website\",\"url\":\"https:\\\/\\\/repliquemangacine.fr\\\/\",\"name\":\"R\u00e9plique Manga Cin\u00e9\",\"description\":\"\",\"publisher\":{\"@id\":\"https:\\\/\\\/repliquemangacine.fr\\\/#organization\"},\"potentialAction\":[{\"@type\":\"SearchAction\",\"target\":{\"@type\":\"EntryPoint\",\"urlTemplate\":\"https:\\\/\\\/repliquemangacine.fr\\\/?s={search_term_string}\"},\"query-input\":{\"@type\":\"PropertyValueSpecification\",\"valueRequired\":true,\"valueName\":\"search_term_string\"}}],\"inLanguage\":\"de\"},{\"@type\":\"Organization\",\"@id\":\"https:\\\/\\\/repliquemangacine.fr\\\/#organization\",\"name\":\"R\u00e9plique Manga Cin\u00e9\",\"url\":\"https:\\\/\\\/repliquemangacine.fr\\\/\",\"logo\":{\"@type\":\"ImageObject\",\"inLanguage\":\"de\",\"@id\":\"https:\\\/\\\/repliquemangacine.fr\\\/#\\\/schema\\\/logo\\\/image\\\/\",\"url\":\"https:\\\/\\\/repliquemangacine.fr\\\/wp-content\\\/uploads\\\/2023\\\/10\\\/RMC-500250.png\",\"contentUrl\":\"https:\\\/\\\/repliquemangacine.fr\\\/wp-content\\\/uploads\\\/2023\\\/10\\\/RMC-500250.png\",\"width\":500,\"height\":250,\"caption\":\"R\u00e9plique Manga Cin\u00e9\"},\"image\":{\"@id\":\"https:\\\/\\\/repliquemangacine.fr\\\/#\\\/schema\\\/logo\\\/image\\\/\"},\"sameAs\":[\"https:\\\/\\\/www.facebook.com\\\/RepliqueMangaCine\",\"https:\\\/\\\/www.instagram.com\\\/repliquemangacine.fr\\\/\"]}]}<\/script>\n<!-- \/ Yoast SEO plugin. -->","yoast_head_json":{"title":"Zauberstab Theseus Dragonneau - Phantastische Tierwesen - RMC","description":"Schenken Sie ihm diesen Zauberstab Theseus Dragonneau aus Phantastische Tierwesen zum besten Preis. Komplett aus Kunstharz - Metallkern. Sammlerbox - L\u00e4nge: 35 cm","robots":{"index":"index","follow":"follow","max-snippet":"max-snippet:-1","max-image-preview":"max-image-preview:large","max-video-preview":"max-video-preview:-1"},"canonical":"https:\/\/repliquemangacine.fr\/de\/phantastische-tierwesen\/thesee-stab-drache-fantastic-beasts\/","og_locale":"de_DE","og_type":"article","og_title":"Baguette Th\u00e9s\u00e9e Dragonneau - Les Animaux Fantastiques - RMC","og_description":"Offrez-lui cette Baguette Th\u00e9s\u00e9e Dragonneau dans les Animaux Fantastiques au meilleur prix. Tout en r\u00e9sine - Noyau m\u00e9tal. Boite Collector - Longueur : 35 cm","og_url":"https:\/\/repliquemangacine.fr\/de\/phantastische-tierwesen\/thesee-stab-drache-fantastic-beasts\/","og_site_name":"R\u00e9plique Manga Cin\u00e9","article_publisher":"https:\/\/www.facebook.com\/RepliqueMangaCine","article_modified_time":"2026-02-20T16:13:12+00:00","og_image":[{"width":600,"height":600,"url":"https:\/\/repliquemangacine.fr\/wp-content\/uploads\/2023\/10\/Baguette-theseus-scamander-replique.jpg","type":"image\/jpeg"}],"twitter_card":"summary_large_image","twitter_misc":{"Gesch\u00e4tzte Lesezeit":"2\u00a0Minuten"},"schema":{"@context":"https:\/\/schema.org","@graph":[{"@type":"WebPage","@id":"https:\/\/repliquemangacine.fr\/les-animaux-fantastiques\/baguette-thesee-dragonneau-fantastic-beasts\/","url":"https:\/\/repliquemangacine.fr\/les-animaux-fantastiques\/baguette-thesee-dragonneau-fantastic-beasts\/","name":"Zauberstab Theseus Dragonneau - Phantastische Tierwesen - RMC","isPartOf":{"@id":"https:\/\/repliquemangacine.fr\/#website"},"primaryImageOfPage":{"@id":"https:\/\/repliquemangacine.fr\/les-animaux-fantastiques\/baguette-thesee-dragonneau-fantastic-beasts\/#primaryimage"},"image":{"@id":"https:\/\/repliquemangacine.fr\/les-animaux-fantastiques\/baguette-thesee-dragonneau-fantastic-beasts\/#primaryimage"},"thumbnailUrl":"https:\/\/repliquemangacine.fr\/wp-content\/uploads\/2023\/10\/Baguette-theseus-scamander-replique.jpg","datePublished":"2022-04-28T12:38:01+00:00","dateModified":"2026-02-20T16:13:12+00:00","description":"Schenken Sie ihm diesen Zauberstab Theseus Dragonneau aus Phantastische Tierwesen zum besten Preis. Komplett aus Kunstharz - Metallkern. Sammlerbox - L\u00e4nge: 35 cm","breadcrumb":{"@id":"https:\/\/repliquemangacine.fr\/les-animaux-fantastiques\/baguette-thesee-dragonneau-fantastic-beasts\/#breadcrumb"},"inLanguage":"de","potentialAction":[{"@type":"ReadAction","target":["https:\/\/repliquemangacine.fr\/les-animaux-fantastiques\/baguette-thesee-dragonneau-fantastic-beasts\/"]}]},{"@type":"ImageObject","inLanguage":"de","@id":"https:\/\/repliquemangacine.fr\/les-animaux-fantastiques\/baguette-thesee-dragonneau-fantastic-beasts\/#primaryimage","url":"https:\/\/repliquemangacine.fr\/wp-content\/uploads\/2023\/10\/Baguette-theseus-scamander-replique.jpg","contentUrl":"https:\/\/repliquemangacine.fr\/wp-content\/uploads\/2023\/10\/Baguette-theseus-scamander-replique.jpg","width":600,"height":600,"caption":"Baguette magique Th\u00e9s\u00e9e Dragonneau"},{"@type":"BreadcrumbList","@id":"https:\/\/repliquemangacine.fr\/les-animaux-fantastiques\/baguette-thesee-dragonneau-fantastic-beasts\/#breadcrumb","itemListElement":[{"@type":"ListItem","position":1,"name":"Accueil","item":"https:\/\/repliquemangacine.fr\/"},{"@type":"ListItem","position":2,"name":"Produits","item":"https:\/\/repliquemangacine.fr\/boutique\/"},{"@type":"ListItem","position":3,"name":"Baguette Th\u00e9s\u00e9e Dragonneau"}]},{"@type":"WebSite","@id":"https:\/\/repliquemangacine.fr\/#website","url":"https:\/\/repliquemangacine.fr\/","name":"R\u00e9plique Manga Cin\u00e9","description":"","publisher":{"@id":"https:\/\/repliquemangacine.fr\/#organization"},"potentialAction":[{"@type":"SearchAction","target":{"@type":"EntryPoint","urlTemplate":"https:\/\/repliquemangacine.fr\/?s={search_term_string}"},"query-input":{"@type":"PropertyValueSpecification","valueRequired":true,"valueName":"search_term_string"}}],"inLanguage":"de"},{"@type":"Organization","@id":"https:\/\/repliquemangacine.fr\/#organization","name":"R\u00e9plique Manga Cin\u00e9","url":"https:\/\/repliquemangacine.fr\/","logo":{"@type":"ImageObject","inLanguage":"de","@id":"https:\/\/repliquemangacine.fr\/#\/schema\/logo\/image\/","url":"https:\/\/repliquemangacine.fr\/wp-content\/uploads\/2023\/10\/RMC-500250.png","contentUrl":"https:\/\/repliquemangacine.fr\/wp-content\/uploads\/2023\/10\/RMC-500250.png","width":500,"height":250,"caption":"R\u00e9plique Manga Cin\u00e9"},"image":{"@id":"https:\/\/repliquemangacine.fr\/#\/schema\/logo\/image\/"},"sameAs":["https:\/\/www.facebook.com\/RepliqueMangaCine","https:\/\/www.instagram.com\/repliquemangacine.fr\/"]}]}},"_links":{"self":[{"href":"https:\/\/repliquemangacine.fr\/de\/wp-json\/wp\/v2\/product\/50096","targetHints":{"allow":["GET"]}}],"collection":[{"href":"https:\/\/repliquemangacine.fr\/de\/wp-json\/wp\/v2\/product"}],"about":[{"href":"https:\/\/repliquemangacine.fr\/de\/wp-json\/wp\/v2\/types\/product"}],"wp:featuredmedia":[{"embeddable":true,"href":"https:\/\/repliquemangacine.fr\/de\/wp-json\/wp\/v2\/media\/50097"}],"wp:attachment":[{"href":"https:\/\/repliquemangacine.fr\/de\/wp-json\/wp\/v2\/media?parent=50096"}],"wp:term":[{"taxonomy":"product_brand","embeddable":true,"href":"https:\/\/repliquemangacine.fr\/de\/wp-json\/wp\/v2\/product_brand?post=50096"},{"taxonomy":"product_cat","embeddable":true,"href":"https:\/\/repliquemangacine.fr\/de\/wp-json\/wp\/v2\/product_cat?post=50096"},{"taxonomy":"product_tag","embeddable":true,"href":"https:\/\/repliquemangacine.fr\/de\/wp-json\/wp\/v2\/product_tag?post=50096"}],"curies":[{"name":"wp","href":"https:\/\/api.w.org\/{rel}","templated":true}]}}