





{"id":50070,"date":"2022-04-28T11:50:55","date_gmt":"2022-04-28T09:50:55","guid":{"rendered":"https:\/\/repliquemangacine.fr\/?post_type=product&#038;p=50070"},"modified":"2025-12-13T18:08:22","modified_gmt":"2025-12-13T17:08:22","slug":"porpentina-stab-goldstein-fantastic-beasts","status":"publish","type":"product","link":"https:\/\/repliquemangacine.fr\/de\/les-animaux-fantastiques\/baguette-porpentina-goldstein-fantastic-beasts\/","title":{"rendered":"Zauberstab Tina Goldstein"},"content":{"rendered":"<h2>Goldstein Porpentina Zauberstab - Phantastische Tierwesen<\/h2>\n<p>Zun\u00e4chst einmal ist der Goldstein Porpentina Zauberstab ganz aus Harz, im Herzen des Zauberstabs befindet sich ein Metallstab, der f\u00fcr eine bessere Qualit\u00e4t sorgt.<\/p>\n<p>Porpentina Dragonneau, geborene Goldstein, genannt Tina, ist die Ehefrau von Norbert Dragonneau. Sie arbeitet beim magischen Kongress MACUSA als Aurorin, bis sie eine nicht-magische Frau, Mary Lou Bellebosse, angriff, als diese einen kleinen Jungen, Croyance, der unter ihrer Vormundschaft stand, schlug.<\/p>\n<p>Nach diesem Vorfall wird Tina zum Bundesbeamten f\u00fcr Zauberstablizenzen degradiert. Nach mehreren Ereignissen erz\u00e4hlt Norbert der Pr\u00e4sidentin des MACUSA jedoch von Tinas Heldentum, wodurch sie ihren Job als Ermittlerin zur\u00fcckbekommt.<\/p>\n<h2>Ihr Porpentina Baguette zum besten Preis.<\/h2>\n<p>Wir bieten Ihnen eine gro\u00dfe Auswahl an Zauberst\u00e4ben f\u00fcr die Fantastischen Tierwesen.<\/p>\n<p>F\u00fcr den Anfang,<\/p>\n<ul>\n<li>Der Zauberstab von Theseus Dragonneau, seinem Schwager in Phantastische Tierwesen.<\/li>\n<li>Aber auch die von <a href=\"https:\/\/repliquemangacine.fr\/de\/phantastische-tierwesen\/zauberstab-yusuf-kama-fantastic-animals\/\">Yusuf Kama<\/a> auch in Phantastische Tierwesen.<\/li>\n<li>Und viele andere, die es in unserem Online-Shop zu entdecken gibt!<\/li>\n<li>Hier finden Sie auch alle Zauberst\u00e4be aus der Harry-Potter-Saga als Replik oder offizielle Zauberst\u00e4be <a href=\"https:\/\/noblecollection.fr\/index.php\" target=\"_blank\" rel=\"noopener noreferrer\">The Noble Collection<\/a>.<\/li>\n<\/ul>\n<p>Deshalb hier eine tolle Geschenkidee f\u00fcr alle Harry-Potter-Fans<\/p>\n<p>Abschlie\u00dfend k\u00f6nnen Sie auch diesen <strong>Baguette Porpentina<\/strong> Goldstein f\u00fcr Ihre Cosplays oder Themenabende. Vor allem aber ist er ein Sammler- und Dekorationsst\u00fcck.<\/p>\n<p>R\u00e9plique Manga Cin\u00e9 ist ein franz\u00f6sisches Familienunternehmen.<\/p>\n<h2>Wie werden die Zauberst\u00e4be von Hexen und Zauberern hergestellt?<\/h2>\n<p>Ein Zauberstab ist ein Gegenstand, der aus zwei variablen Elementen besteht: dem Holz, das normalerweise von einem Baum stammt, und dem sogenannten Kern des Zauberstabs, der von verschiedenen magischen Kreaturen oder Pflanzen stammen kann. Er ist ein Werkzeug, das von Zauberern und Hexen verwendet wird, um ihre Zauberspr\u00fcche zu sch\u00e4rfen und bessere Ergebnisse bei der Anwendung von Magie zu erzielen.<\/p>\n<p>Unsere St\u00e4bchen werden aus gegossenem Harz hergestellt, im Herzen des St\u00e4bchens befindet sich ein Metallstab, der Ihrem <strong>Baguette Porpentina<\/strong> Goldstein einen bemerkenswerten Widerstand.<\/p>\n<p>Es sei darauf hingewiesen, dass die meisten Zauberer ihren Zauberstab im Alter von elf Jahren kaufen, bevor sie mit ihrer magischen Ausbildung beginnen. Junge Zauberer k\u00f6nnen ihren Zauberstab selbst bei einem Verk\u00e4ufer kaufen gehen, wobei britische Sch\u00fcler traditionell zu Ollivander gehen.<\/p>\n<p>&nbsp;<\/p>","protected":false},"excerpt":{"rendered":"<p>Goldstein Porpentina Zauberstab inspiriert von der Saga \"Phantastische Tierwesen\".<\/p>\n<ul>\n<li>Stange aus Kunstharz, imitiert braunes Holz, schlicht und elegant.<\/li>\n<li>Metallkern<\/li>\n<li>Sammlerfigurenschachtel mit Innenfutter aus blauem Samt.<\/li>\n<li>Personenkarte.<\/li>\n<li>L\u00e4nge: 36 cm<\/li>\n<\/ul>","protected":false},"featured_media":50071,"template":"","meta":[],"product_brand":[896],"product_cat":[24,104,101],"product_tag":[],"class_list":{"0":"post-50070","1":"product","2":"type-product","3":"status-publish","4":"has-post-thumbnail","6":"product_brand-replique-manga-cine","7":"product_cat-films-series-tv-vente-de-katana-epee-et-produits-derives","8":"product_cat-les-animaux-fantastiques","9":"product_cat-soldes","11":"first","12":"instock","13":"sale","14":"taxable","15":"shipping-taxable","16":"purchasable","17":"product-type-simple"},"yoast_head":"<!-- This site is optimized with the Yoast SEO plugin v27.5 - https:\/\/yoast.com\/product\/yoast-seo-wordpress\/ -->\n<title>Baguette Porpentina - Fantastic Beasts - R\u00e9plique Manga Cin\u00e9<\/title>\n<meta name=\"description\" content=\"D\u00e9couvrez cette Baguette Porpentina Goldstein dans Les Animaux Fantastiques au meilleur prix. En r\u00e9sine - Noyau en m\u00e9tal - Longueur : 36 cm\" \/>\n<meta name=\"robots\" content=\"index, follow, max-snippet:-1, max-image-preview:large, max-video-preview:-1\" \/>\n<link rel=\"canonical\" href=\"https:\/\/repliquemangacine.fr\/de\/phantastische-tierwesen\/porpentina-stab-goldstein-fantastic-beasts\/\" \/>\n<meta property=\"og:locale\" content=\"de_DE\" \/>\n<meta property=\"og:type\" content=\"article\" \/>\n<meta property=\"og:title\" content=\"Baguette Porpentina - Fantastic Beasts - R\u00e9plique Manga Cin\u00e9\" \/>\n<meta property=\"og:description\" content=\"D\u00e9couvrez cette Baguette Porpentina Goldstein dans Les Animaux Fantastiques au meilleur prix. En r\u00e9sine - Noyau en m\u00e9tal - Longueur : 36 cm\" \/>\n<meta property=\"og:url\" content=\"https:\/\/repliquemangacine.fr\/de\/phantastische-tierwesen\/porpentina-stab-goldstein-fantastic-beasts\/\" \/>\n<meta property=\"og:site_name\" content=\"R\u00e9plique Manga Cin\u00e9\" \/>\n<meta property=\"article:publisher\" content=\"https:\/\/www.facebook.com\/RepliqueMangaCine\" \/>\n<meta property=\"article:modified_time\" content=\"2025-12-13T17:08:22+00:00\" \/>\n<meta property=\"og:image\" content=\"https:\/\/repliquemangacine.fr\/wp-content\/uploads\/2023\/10\/baguette-porpentina-Goldstein.jpg\" \/>\n\t<meta property=\"og:image:width\" content=\"600\" \/>\n\t<meta property=\"og:image:height\" content=\"600\" \/>\n\t<meta property=\"og:image:type\" content=\"image\/jpeg\" \/>\n<meta name=\"twitter:card\" content=\"summary_large_image\" \/>\n<meta name=\"twitter:label1\" content=\"Gesch\u00e4tzte Lesezeit\" \/>\n\t<meta name=\"twitter:data1\" content=\"2\u00a0Minuten\" \/>\n<script type=\"application\/ld+json\" class=\"yoast-schema-graph\">{\"@context\":\"https:\\\/\\\/schema.org\",\"@graph\":[{\"@type\":\"WebPage\",\"@id\":\"https:\\\/\\\/repliquemangacine.fr\\\/en\\\/fantastic-animals\\\/baguette-porpentina-goldstein-fantastic-beasts\\\/\",\"url\":\"https:\\\/\\\/repliquemangacine.fr\\\/en\\\/fantastic-animals\\\/baguette-porpentina-goldstein-fantastic-beasts\\\/\",\"name\":\"Baguette Porpentina - Fantastic Beasts - R\u00e9plique Manga Cin\u00e9\",\"isPartOf\":{\"@id\":\"https:\\\/\\\/repliquemangacine.fr\\\/#website\"},\"primaryImageOfPage\":{\"@id\":\"https:\\\/\\\/repliquemangacine.fr\\\/en\\\/fantastic-animals\\\/baguette-porpentina-goldstein-fantastic-beasts\\\/#primaryimage\"},\"image\":{\"@id\":\"https:\\\/\\\/repliquemangacine.fr\\\/en\\\/fantastic-animals\\\/baguette-porpentina-goldstein-fantastic-beasts\\\/#primaryimage\"},\"thumbnailUrl\":\"https:\\\/\\\/repliquemangacine.fr\\\/wp-content\\\/uploads\\\/2023\\\/10\\\/baguette-porpentina-Goldstein.jpg\",\"datePublished\":\"2022-04-28T09:50:55+00:00\",\"dateModified\":\"2025-12-13T17:08:22+00:00\",\"description\":\"D\u00e9couvrez cette Baguette Porpentina Goldstein dans Les Animaux Fantastiques au meilleur prix. En r\u00e9sine - Noyau en m\u00e9tal - Longueur : 36 cm\",\"breadcrumb\":{\"@id\":\"https:\\\/\\\/repliquemangacine.fr\\\/en\\\/fantastic-animals\\\/baguette-porpentina-goldstein-fantastic-beasts\\\/#breadcrumb\"},\"inLanguage\":\"de\",\"potentialAction\":[{\"@type\":\"ReadAction\",\"target\":[\"https:\\\/\\\/repliquemangacine.fr\\\/en\\\/fantastic-animals\\\/baguette-porpentina-goldstein-fantastic-beasts\\\/\"]}]},{\"@type\":\"ImageObject\",\"inLanguage\":\"de\",\"@id\":\"https:\\\/\\\/repliquemangacine.fr\\\/en\\\/fantastic-animals\\\/baguette-porpentina-goldstein-fantastic-beasts\\\/#primaryimage\",\"url\":\"https:\\\/\\\/repliquemangacine.fr\\\/wp-content\\\/uploads\\\/2023\\\/10\\\/baguette-porpentina-Goldstein.jpg\",\"contentUrl\":\"https:\\\/\\\/repliquemangacine.fr\\\/wp-content\\\/uploads\\\/2023\\\/10\\\/baguette-porpentina-Goldstein.jpg\",\"width\":600,\"height\":600,\"caption\":\"baguette-porpentina-Goldstein les animaux fantastiques\"},{\"@type\":\"BreadcrumbList\",\"@id\":\"https:\\\/\\\/repliquemangacine.fr\\\/en\\\/fantastic-animals\\\/baguette-porpentina-goldstein-fantastic-beasts\\\/#breadcrumb\",\"itemListElement\":[{\"@type\":\"ListItem\",\"position\":1,\"name\":\"Accueil\",\"item\":\"https:\\\/\\\/repliquemangacine.fr\\\/\"},{\"@type\":\"ListItem\",\"position\":2,\"name\":\"Produits\",\"item\":\"https:\\\/\\\/repliquemangacine.fr\\\/boutique\\\/\"},{\"@type\":\"ListItem\",\"position\":3,\"name\":\"Baguette Tina Goldstein\"}]},{\"@type\":\"WebSite\",\"@id\":\"https:\\\/\\\/repliquemangacine.fr\\\/#website\",\"url\":\"https:\\\/\\\/repliquemangacine.fr\\\/\",\"name\":\"R\u00e9plique Manga Cin\u00e9\",\"description\":\"\",\"publisher\":{\"@id\":\"https:\\\/\\\/repliquemangacine.fr\\\/#organization\"},\"potentialAction\":[{\"@type\":\"SearchAction\",\"target\":{\"@type\":\"EntryPoint\",\"urlTemplate\":\"https:\\\/\\\/repliquemangacine.fr\\\/?s={search_term_string}\"},\"query-input\":{\"@type\":\"PropertyValueSpecification\",\"valueRequired\":true,\"valueName\":\"search_term_string\"}}],\"inLanguage\":\"de\"},{\"@type\":\"Organization\",\"@id\":\"https:\\\/\\\/repliquemangacine.fr\\\/#organization\",\"name\":\"R\u00e9plique Manga Cin\u00e9\",\"url\":\"https:\\\/\\\/repliquemangacine.fr\\\/\",\"logo\":{\"@type\":\"ImageObject\",\"inLanguage\":\"de\",\"@id\":\"https:\\\/\\\/repliquemangacine.fr\\\/#\\\/schema\\\/logo\\\/image\\\/\",\"url\":\"https:\\\/\\\/repliquemangacine.fr\\\/wp-content\\\/uploads\\\/2023\\\/10\\\/RMC-500250.png\",\"contentUrl\":\"https:\\\/\\\/repliquemangacine.fr\\\/wp-content\\\/uploads\\\/2023\\\/10\\\/RMC-500250.png\",\"width\":500,\"height\":250,\"caption\":\"R\u00e9plique Manga Cin\u00e9\"},\"image\":{\"@id\":\"https:\\\/\\\/repliquemangacine.fr\\\/#\\\/schema\\\/logo\\\/image\\\/\"},\"sameAs\":[\"https:\\\/\\\/www.facebook.com\\\/RepliqueMangaCine\",\"https:\\\/\\\/www.instagram.com\\\/repliquemangacine.fr\\\/\"]}]}<\/script>\n<!-- \/ Yoast SEO plugin. -->","yoast_head_json":{"title":"Porpentina Zauberstab - Fantastic Beasts - R\u00e9plique Manga Cin\u00e9","description":"Entdecken Sie diesen Goldstein Porpentina Zauberstab aus \"Phantastische Tierwesen\" zum besten Preis. Aus Kunstharz - Metallkern - L\u00e4nge: 36 cm","robots":{"index":"index","follow":"follow","max-snippet":"max-snippet:-1","max-image-preview":"max-image-preview:large","max-video-preview":"max-video-preview:-1"},"canonical":"https:\/\/repliquemangacine.fr\/de\/phantastische-tierwesen\/porpentina-stab-goldstein-fantastic-beasts\/","og_locale":"de_DE","og_type":"article","og_title":"Baguette Porpentina - Fantastic Beasts - R\u00e9plique Manga Cin\u00e9","og_description":"D\u00e9couvrez cette Baguette Porpentina Goldstein dans Les Animaux Fantastiques au meilleur prix. En r\u00e9sine - Noyau en m\u00e9tal - Longueur : 36 cm","og_url":"https:\/\/repliquemangacine.fr\/de\/phantastische-tierwesen\/porpentina-stab-goldstein-fantastic-beasts\/","og_site_name":"R\u00e9plique Manga Cin\u00e9","article_publisher":"https:\/\/www.facebook.com\/RepliqueMangaCine","article_modified_time":"2025-12-13T17:08:22+00:00","og_image":[{"width":600,"height":600,"url":"https:\/\/repliquemangacine.fr\/wp-content\/uploads\/2023\/10\/baguette-porpentina-Goldstein.jpg","type":"image\/jpeg"}],"twitter_card":"summary_large_image","twitter_misc":{"Gesch\u00e4tzte Lesezeit":"2\u00a0Minuten"},"schema":{"@context":"https:\/\/schema.org","@graph":[{"@type":"WebPage","@id":"https:\/\/repliquemangacine.fr\/en\/fantastic-animals\/baguette-porpentina-goldstein-fantastic-beasts\/","url":"https:\/\/repliquemangacine.fr\/en\/fantastic-animals\/baguette-porpentina-goldstein-fantastic-beasts\/","name":"Porpentina Zauberstab - Fantastic Beasts - R\u00e9plique Manga Cin\u00e9","isPartOf":{"@id":"https:\/\/repliquemangacine.fr\/#website"},"primaryImageOfPage":{"@id":"https:\/\/repliquemangacine.fr\/en\/fantastic-animals\/baguette-porpentina-goldstein-fantastic-beasts\/#primaryimage"},"image":{"@id":"https:\/\/repliquemangacine.fr\/en\/fantastic-animals\/baguette-porpentina-goldstein-fantastic-beasts\/#primaryimage"},"thumbnailUrl":"https:\/\/repliquemangacine.fr\/wp-content\/uploads\/2023\/10\/baguette-porpentina-Goldstein.jpg","datePublished":"2022-04-28T09:50:55+00:00","dateModified":"2025-12-13T17:08:22+00:00","description":"Entdecken Sie diesen Goldstein Porpentina Zauberstab aus \"Phantastische Tierwesen\" zum besten Preis. Aus Kunstharz - Metallkern - L\u00e4nge: 36 cm","breadcrumb":{"@id":"https:\/\/repliquemangacine.fr\/en\/fantastic-animals\/baguette-porpentina-goldstein-fantastic-beasts\/#breadcrumb"},"inLanguage":"de","potentialAction":[{"@type":"ReadAction","target":["https:\/\/repliquemangacine.fr\/en\/fantastic-animals\/baguette-porpentina-goldstein-fantastic-beasts\/"]}]},{"@type":"ImageObject","inLanguage":"de","@id":"https:\/\/repliquemangacine.fr\/en\/fantastic-animals\/baguette-porpentina-goldstein-fantastic-beasts\/#primaryimage","url":"https:\/\/repliquemangacine.fr\/wp-content\/uploads\/2023\/10\/baguette-porpentina-Goldstein.jpg","contentUrl":"https:\/\/repliquemangacine.fr\/wp-content\/uploads\/2023\/10\/baguette-porpentina-Goldstein.jpg","width":600,"height":600,"caption":"baguette-porpentina-Goldstein les animaux fantastiques"},{"@type":"BreadcrumbList","@id":"https:\/\/repliquemangacine.fr\/en\/fantastic-animals\/baguette-porpentina-goldstein-fantastic-beasts\/#breadcrumb","itemListElement":[{"@type":"ListItem","position":1,"name":"Accueil","item":"https:\/\/repliquemangacine.fr\/"},{"@type":"ListItem","position":2,"name":"Produits","item":"https:\/\/repliquemangacine.fr\/boutique\/"},{"@type":"ListItem","position":3,"name":"Baguette Tina Goldstein"}]},{"@type":"WebSite","@id":"https:\/\/repliquemangacine.fr\/#website","url":"https:\/\/repliquemangacine.fr\/","name":"R\u00e9plique Manga Cin\u00e9","description":"","publisher":{"@id":"https:\/\/repliquemangacine.fr\/#organization"},"potentialAction":[{"@type":"SearchAction","target":{"@type":"EntryPoint","urlTemplate":"https:\/\/repliquemangacine.fr\/?s={search_term_string}"},"query-input":{"@type":"PropertyValueSpecification","valueRequired":true,"valueName":"search_term_string"}}],"inLanguage":"de"},{"@type":"Organization","@id":"https:\/\/repliquemangacine.fr\/#organization","name":"R\u00e9plique Manga Cin\u00e9","url":"https:\/\/repliquemangacine.fr\/","logo":{"@type":"ImageObject","inLanguage":"de","@id":"https:\/\/repliquemangacine.fr\/#\/schema\/logo\/image\/","url":"https:\/\/repliquemangacine.fr\/wp-content\/uploads\/2023\/10\/RMC-500250.png","contentUrl":"https:\/\/repliquemangacine.fr\/wp-content\/uploads\/2023\/10\/RMC-500250.png","width":500,"height":250,"caption":"R\u00e9plique Manga Cin\u00e9"},"image":{"@id":"https:\/\/repliquemangacine.fr\/#\/schema\/logo\/image\/"},"sameAs":["https:\/\/www.facebook.com\/RepliqueMangaCine","https:\/\/www.instagram.com\/repliquemangacine.fr\/"]}]}},"_links":{"self":[{"href":"https:\/\/repliquemangacine.fr\/de\/wp-json\/wp\/v2\/product\/50070","targetHints":{"allow":["GET"]}}],"collection":[{"href":"https:\/\/repliquemangacine.fr\/de\/wp-json\/wp\/v2\/product"}],"about":[{"href":"https:\/\/repliquemangacine.fr\/de\/wp-json\/wp\/v2\/types\/product"}],"wp:featuredmedia":[{"embeddable":true,"href":"https:\/\/repliquemangacine.fr\/de\/wp-json\/wp\/v2\/media\/50071"}],"wp:attachment":[{"href":"https:\/\/repliquemangacine.fr\/de\/wp-json\/wp\/v2\/media?parent=50070"}],"wp:term":[{"taxonomy":"product_brand","embeddable":true,"href":"https:\/\/repliquemangacine.fr\/de\/wp-json\/wp\/v2\/product_brand?post=50070"},{"taxonomy":"product_cat","embeddable":true,"href":"https:\/\/repliquemangacine.fr\/de\/wp-json\/wp\/v2\/product_cat?post=50070"},{"taxonomy":"product_tag","embeddable":true,"href":"https:\/\/repliquemangacine.fr\/de\/wp-json\/wp\/v2\/product_tag?post=50070"}],"curies":[{"name":"wp","href":"https:\/\/api.w.org\/{rel}","templated":true}]}}