





{"id":50050,"date":"2022-04-27T15:38:31","date_gmt":"2022-04-27T13:38:31","guid":{"rendered":"https:\/\/repliquemangacine.fr\/?post_type=product&#038;p=50050"},"modified":"2025-09-23T18:02:45","modified_gmt":"2025-09-23T16:02:45","slug":"zauberstab-nicolas-flamel-fantastische-tiere","status":"publish","type":"product","link":"https:\/\/repliquemangacine.fr\/de\/les-animaux-fantastiques\/baguette-nicolas-flamel-animaux-fantastiques\/","title":{"rendered":"Zauberstab Nicolas Flamel"},"content":{"rendered":"<h2>Nicolas Flamel Zauberstab - Phantastische Tierwesen<\/h2>\n<p>Zu Beginn wird die <strong>Zauberstab Nicolas Flamel<\/strong>, besteht aus Harz mit einem Metallkern im Inneren.<\/p>\n<p>Es war ein franz\u00f6sischer Alchemist, der die <a href=\"https:\/\/harrypotter.fandom.com\/fr\/wiki\/Pierre_philosophale\" target=\"_blank\" rel=\"noopener noreferrer\">Philosophischer Stein<\/a>, ein Stein, mit dem man jedes Metall in Gold verwandeln und dank des Elixiers des langen Lebens unsterblich werden kann. Der Stein der Weisen ist das h\u00f6chste Ziel der Alchemie. Nicolas bewahrt ihn in seiner Wohnung in einem Safe unter Glas \u00fcber einem magischen Kommunikationsbuch auf.<\/p>\n<p>Flamel trifft w\u00e4hrend der Schlacht auf dem Friedhof P\u00e8re-Lachaise ein. Er r\u00e4t den \u00dcberlebenden, sich im Kreis aufzustellen und den Zauberspruch \u201eFinite\u201c zu sprechen, um den von Grindelwald ausgesprochenen Zauberspruch \u201eProtego Diabolica\u201c zu stoppen und so Paris zu retten.<\/p>\n<h2>Ihr Nicolas Flamel Zauberstab zum besten Preis.<\/h2>\n<p>Wir bieten Ihnen eine gro\u00dfe Auswahl an Zauberst\u00e4ben aus \u201ePhantastische Tierwesen\u201c.<\/p>\n<p>F\u00fcr den Anfang,<\/p>\n<ul>\n<li>Das Baguette von<a href=\"https:\/\/repliquemangacine.fr\/de\/phantastische-tierwesen\/zauberstab-leta-lestrange-fantastische-tiere\/\"> Leta Lestrange<\/a> in Phantastische Tierwesen.<\/li>\n<li>Aber auch die von Queenie Goldstein ebenfalls in \"Phantastische Tierwesen\".<\/li>\n<li>Sowie das Baguette von <a href=\"https:\/\/repliquemangacine.fr\/de\/phantastische-tierwesen\/zauberstab-grindelwald-von-phantastische-tierwesen\/\">Gellert Grindelwald<\/a>Es ist der Zauberstab, den Dumbledore sp\u00e4ter in Harry Potter verwendet.<\/li>\n<li>Und viele andere, die es in unserem Online-Shop zu entdecken gibt!<\/li>\n<\/ul>\n<p>Deshalb hier eine tolle Geschenkidee f\u00fcr alle Harry-Potter-Fans<\/p>\n<p>Abschlie\u00dfend k\u00f6nnen Sie auch diesen <strong>Zauberstab Nicolas Flamel<\/strong> f\u00fcr Ihre Cosplays oder Themenabende. Vor allem aber ist es ein Sammler- und Dekorationsst\u00fcck.<\/p>\n<p>R\u00e9plique Manga Cin\u00e9 ist ein franz\u00f6sisches Familienunternehmen.<\/p>\n<h2>Wie werden die Zauberst\u00e4be von Hexen und Zauberern hergestellt?<\/h2>\n<p>Ein Zauberstab ist ein Gegenstand, der aus zwei variablen Elementen besteht: dem Holz, das normalerweise von einem Baum stammt, und dem sogenannten Kern des Zauberstabs, der von verschiedenen magischen Kreaturen oder Pflanzen stammen kann. Er ist ein Werkzeug, das von Zauberern und Hexen verwendet wird, um ihre Zauberspr\u00fcche zu sch\u00e4rfen und bessere Ergebnisse bei der Anwendung von Magie zu erzielen.<\/p>\n<p>Unsere St\u00e4bchen werden aus gegossenem Harz hergestellt, im Herzen des St\u00e4bchens befindet sich ein Metallstab, der Ihrem <strong>Zauberstab Nicolas Flamel<\/strong> eine bemerkenswerte Widerstandsf\u00e4higkeit.<\/p>\n<p>Es sei darauf hingewiesen, dass die meisten Zauberer ihren Zauberstab im Alter von elf Jahren kaufen, bevor sie mit ihrer magischen Ausbildung beginnen. Junge Zauberer k\u00f6nnen ihren Zauberstab selbst bei einem Verk\u00e4ufer kaufen gehen, wobei britische Sch\u00fcler traditionell zu Ollivander gehen.<\/p>\n<p>&nbsp;<\/p>","protected":false},"excerpt":{"rendered":"<p>Zauberstab von Nicolas Flamel, inspiriert von der Saga \"Phantastische Tierwesen\".<\/p>\n<ul>\n<li>Stange aus Kunstharz, hellbraune Holzimitation.<\/li>\n<li>Knauf in Form eines Horns.<\/li>\n<li>Kern aus Metall.<\/li>\n<li>Sammlerfigurenschachtel mit Innenfutter aus blauem Samt.<\/li>\n<li>Personenkarte.<\/li>\n<li>L\u00e4nge: 37.5 cm<\/li>\n<\/ul>","protected":false},"featured_media":50051,"template":"","meta":[],"product_brand":[896],"product_cat":[24,104,101],"product_tag":[],"class_list":{"0":"post-50050","1":"product","2":"type-product","3":"status-publish","4":"has-post-thumbnail","6":"product_brand-replique-manga-cine","7":"product_cat-films-series-tv-vente-de-katana-epee-et-produits-derives","8":"product_cat-les-animaux-fantastiques","9":"product_cat-soldes","11":"first","12":"outofstock","13":"sale","14":"taxable","15":"shipping-taxable","16":"purchasable","17":"product-type-simple"},"yoast_head":"<!-- This site is optimized with the Yoast SEO plugin v27.5 - https:\/\/yoast.com\/product\/yoast-seo-wordpress\/ -->\n<title>Baguette Nicolas Flamel - Fantastic Beasts - R\u00e9plique Manga Cin\u00e9<\/title>\n<meta name=\"description\" content=\"Offrez-lui cette baguette de Nicolas Flamel Les Animaux Fantastiques au meilleur prix - En r\u00e9sine - Noyau en m\u00e9tal - Longueur : 37.5 cm - Boite collector\" \/>\n<meta name=\"robots\" content=\"index, follow, max-snippet:-1, max-image-preview:large, max-video-preview:-1\" \/>\n<link rel=\"canonical\" href=\"https:\/\/repliquemangacine.fr\/de\/phantastische-tierwesen\/zauberstab-nicolas-flamel-fantastische-tiere\/\" \/>\n<meta property=\"og:locale\" content=\"de_DE\" \/>\n<meta property=\"og:type\" content=\"article\" \/>\n<meta property=\"og:title\" content=\"Baguette Nicolas Flamel - Fantastic Beasts - R\u00e9plique Manga Cin\u00e9\" \/>\n<meta property=\"og:description\" content=\"Offrez-lui cette baguette de Nicolas Flamel Les Animaux Fantastiques au meilleur prix - En r\u00e9sine - Noyau en m\u00e9tal - Longueur : 37.5 cm - Boite collector\" \/>\n<meta property=\"og:url\" content=\"https:\/\/repliquemangacine.fr\/de\/phantastische-tierwesen\/zauberstab-nicolas-flamel-fantastische-tiere\/\" \/>\n<meta property=\"og:site_name\" content=\"R\u00e9plique Manga Cin\u00e9\" \/>\n<meta property=\"article:publisher\" content=\"https:\/\/www.facebook.com\/RepliqueMangaCine\" \/>\n<meta property=\"article:modified_time\" content=\"2025-09-23T16:02:45+00:00\" \/>\n<meta property=\"og:image\" content=\"https:\/\/repliquemangacine.fr\/wp-content\/uploads\/2023\/10\/Baguette-Nicolas-Flamel-Les-Animaux-Fantastiques.jpg\" \/>\n\t<meta property=\"og:image:width\" content=\"600\" \/>\n\t<meta property=\"og:image:height\" content=\"600\" \/>\n\t<meta property=\"og:image:type\" content=\"image\/jpeg\" \/>\n<meta name=\"twitter:card\" content=\"summary_large_image\" \/>\n<meta name=\"twitter:label1\" content=\"Gesch\u00e4tzte Lesezeit\" \/>\n\t<meta name=\"twitter:data1\" content=\"2\u00a0Minuten\" \/>\n<script type=\"application\/ld+json\" class=\"yoast-schema-graph\">{\"@context\":\"https:\\\/\\\/schema.org\",\"@graph\":[{\"@type\":\"WebPage\",\"@id\":\"https:\\\/\\\/repliquemangacine.fr\\\/les-animaux-fantastiques\\\/baguette-nicolas-flamel-animaux-fantastiques\\\/\",\"url\":\"https:\\\/\\\/repliquemangacine.fr\\\/les-animaux-fantastiques\\\/baguette-nicolas-flamel-animaux-fantastiques\\\/\",\"name\":\"Baguette Nicolas Flamel - Fantastic Beasts - R\u00e9plique Manga Cin\u00e9\",\"isPartOf\":{\"@id\":\"https:\\\/\\\/repliquemangacine.fr\\\/#website\"},\"primaryImageOfPage\":{\"@id\":\"https:\\\/\\\/repliquemangacine.fr\\\/les-animaux-fantastiques\\\/baguette-nicolas-flamel-animaux-fantastiques\\\/#primaryimage\"},\"image\":{\"@id\":\"https:\\\/\\\/repliquemangacine.fr\\\/les-animaux-fantastiques\\\/baguette-nicolas-flamel-animaux-fantastiques\\\/#primaryimage\"},\"thumbnailUrl\":\"https:\\\/\\\/repliquemangacine.fr\\\/wp-content\\\/uploads\\\/2023\\\/10\\\/Baguette-Nicolas-Flamel-Les-Animaux-Fantastiques.jpg\",\"datePublished\":\"2022-04-27T13:38:31+00:00\",\"dateModified\":\"2025-09-23T16:02:45+00:00\",\"description\":\"Offrez-lui cette baguette de Nicolas Flamel Les Animaux Fantastiques au meilleur prix - En r\u00e9sine - Noyau en m\u00e9tal - Longueur : 37.5 cm - Boite collector\",\"breadcrumb\":{\"@id\":\"https:\\\/\\\/repliquemangacine.fr\\\/les-animaux-fantastiques\\\/baguette-nicolas-flamel-animaux-fantastiques\\\/#breadcrumb\"},\"inLanguage\":\"de\",\"potentialAction\":[{\"@type\":\"ReadAction\",\"target\":[\"https:\\\/\\\/repliquemangacine.fr\\\/les-animaux-fantastiques\\\/baguette-nicolas-flamel-animaux-fantastiques\\\/\"]}]},{\"@type\":\"ImageObject\",\"inLanguage\":\"de\",\"@id\":\"https:\\\/\\\/repliquemangacine.fr\\\/les-animaux-fantastiques\\\/baguette-nicolas-flamel-animaux-fantastiques\\\/#primaryimage\",\"url\":\"https:\\\/\\\/repliquemangacine.fr\\\/wp-content\\\/uploads\\\/2023\\\/10\\\/Baguette-Nicolas-Flamel-Les-Animaux-Fantastiques.jpg\",\"contentUrl\":\"https:\\\/\\\/repliquemangacine.fr\\\/wp-content\\\/uploads\\\/2023\\\/10\\\/Baguette-Nicolas-Flamel-Les-Animaux-Fantastiques.jpg\",\"width\":600,\"height\":600,\"caption\":\"R\u00e9plique Baguette-Nicolas-Flamel-Les-Animaux-Fantastiques\"},{\"@type\":\"BreadcrumbList\",\"@id\":\"https:\\\/\\\/repliquemangacine.fr\\\/les-animaux-fantastiques\\\/baguette-nicolas-flamel-animaux-fantastiques\\\/#breadcrumb\",\"itemListElement\":[{\"@type\":\"ListItem\",\"position\":1,\"name\":\"Accueil\",\"item\":\"https:\\\/\\\/repliquemangacine.fr\\\/\"},{\"@type\":\"ListItem\",\"position\":2,\"name\":\"Produits\",\"item\":\"https:\\\/\\\/repliquemangacine.fr\\\/boutique\\\/\"},{\"@type\":\"ListItem\",\"position\":3,\"name\":\"Baguette Nicolas Flamel\"}]},{\"@type\":\"WebSite\",\"@id\":\"https:\\\/\\\/repliquemangacine.fr\\\/#website\",\"url\":\"https:\\\/\\\/repliquemangacine.fr\\\/\",\"name\":\"R\u00e9plique Manga Cin\u00e9\",\"description\":\"\",\"publisher\":{\"@id\":\"https:\\\/\\\/repliquemangacine.fr\\\/#organization\"},\"potentialAction\":[{\"@type\":\"SearchAction\",\"target\":{\"@type\":\"EntryPoint\",\"urlTemplate\":\"https:\\\/\\\/repliquemangacine.fr\\\/?s={search_term_string}\"},\"query-input\":{\"@type\":\"PropertyValueSpecification\",\"valueRequired\":true,\"valueName\":\"search_term_string\"}}],\"inLanguage\":\"de\"},{\"@type\":\"Organization\",\"@id\":\"https:\\\/\\\/repliquemangacine.fr\\\/#organization\",\"name\":\"R\u00e9plique Manga Cin\u00e9\",\"url\":\"https:\\\/\\\/repliquemangacine.fr\\\/\",\"logo\":{\"@type\":\"ImageObject\",\"inLanguage\":\"de\",\"@id\":\"https:\\\/\\\/repliquemangacine.fr\\\/#\\\/schema\\\/logo\\\/image\\\/\",\"url\":\"https:\\\/\\\/repliquemangacine.fr\\\/wp-content\\\/uploads\\\/2023\\\/10\\\/RMC-500250.png\",\"contentUrl\":\"https:\\\/\\\/repliquemangacine.fr\\\/wp-content\\\/uploads\\\/2023\\\/10\\\/RMC-500250.png\",\"width\":500,\"height\":250,\"caption\":\"R\u00e9plique Manga Cin\u00e9\"},\"image\":{\"@id\":\"https:\\\/\\\/repliquemangacine.fr\\\/#\\\/schema\\\/logo\\\/image\\\/\"},\"sameAs\":[\"https:\\\/\\\/www.facebook.com\\\/RepliqueMangaCine\",\"https:\\\/\\\/www.instagram.com\\\/repliquemangacine.fr\\\/\"]}]}<\/script>\n<!-- \/ Yoast SEO plugin. -->","yoast_head_json":{"title":"Nicolas Flamel Zauberstab - Fantastic Beasts - R\u00e9plique Manga Cin\u00e9","description":"Schenken Sie ihm diesen Zauberstab von Nicolas Flamel Die Fantastischen Tierwesen zum besten Preis - Aus Kunstharz - Metallkern - L\u00e4nge: 37.5 cm - Sammlerbox","robots":{"index":"index","follow":"follow","max-snippet":"max-snippet:-1","max-image-preview":"max-image-preview:large","max-video-preview":"max-video-preview:-1"},"canonical":"https:\/\/repliquemangacine.fr\/de\/phantastische-tierwesen\/zauberstab-nicolas-flamel-fantastische-tiere\/","og_locale":"de_DE","og_type":"article","og_title":"Baguette Nicolas Flamel - Fantastic Beasts - R\u00e9plique Manga Cin\u00e9","og_description":"Offrez-lui cette baguette de Nicolas Flamel Les Animaux Fantastiques au meilleur prix - En r\u00e9sine - Noyau en m\u00e9tal - Longueur : 37.5 cm - Boite collector","og_url":"https:\/\/repliquemangacine.fr\/de\/phantastische-tierwesen\/zauberstab-nicolas-flamel-fantastische-tiere\/","og_site_name":"R\u00e9plique Manga Cin\u00e9","article_publisher":"https:\/\/www.facebook.com\/RepliqueMangaCine","article_modified_time":"2025-09-23T16:02:45+00:00","og_image":[{"width":600,"height":600,"url":"https:\/\/repliquemangacine.fr\/wp-content\/uploads\/2023\/10\/Baguette-Nicolas-Flamel-Les-Animaux-Fantastiques.jpg","type":"image\/jpeg"}],"twitter_card":"summary_large_image","twitter_misc":{"Gesch\u00e4tzte Lesezeit":"2\u00a0Minuten"},"schema":{"@context":"https:\/\/schema.org","@graph":[{"@type":"WebPage","@id":"https:\/\/repliquemangacine.fr\/les-animaux-fantastiques\/baguette-nicolas-flamel-animaux-fantastiques\/","url":"https:\/\/repliquemangacine.fr\/les-animaux-fantastiques\/baguette-nicolas-flamel-animaux-fantastiques\/","name":"Nicolas Flamel Zauberstab - Fantastic Beasts - R\u00e9plique Manga Cin\u00e9","isPartOf":{"@id":"https:\/\/repliquemangacine.fr\/#website"},"primaryImageOfPage":{"@id":"https:\/\/repliquemangacine.fr\/les-animaux-fantastiques\/baguette-nicolas-flamel-animaux-fantastiques\/#primaryimage"},"image":{"@id":"https:\/\/repliquemangacine.fr\/les-animaux-fantastiques\/baguette-nicolas-flamel-animaux-fantastiques\/#primaryimage"},"thumbnailUrl":"https:\/\/repliquemangacine.fr\/wp-content\/uploads\/2023\/10\/Baguette-Nicolas-Flamel-Les-Animaux-Fantastiques.jpg","datePublished":"2022-04-27T13:38:31+00:00","dateModified":"2025-09-23T16:02:45+00:00","description":"Schenken Sie ihm diesen Zauberstab von Nicolas Flamel Die Fantastischen Tierwesen zum besten Preis - Aus Kunstharz - Metallkern - L\u00e4nge: 37.5 cm - Sammlerbox","breadcrumb":{"@id":"https:\/\/repliquemangacine.fr\/les-animaux-fantastiques\/baguette-nicolas-flamel-animaux-fantastiques\/#breadcrumb"},"inLanguage":"de","potentialAction":[{"@type":"ReadAction","target":["https:\/\/repliquemangacine.fr\/les-animaux-fantastiques\/baguette-nicolas-flamel-animaux-fantastiques\/"]}]},{"@type":"ImageObject","inLanguage":"de","@id":"https:\/\/repliquemangacine.fr\/les-animaux-fantastiques\/baguette-nicolas-flamel-animaux-fantastiques\/#primaryimage","url":"https:\/\/repliquemangacine.fr\/wp-content\/uploads\/2023\/10\/Baguette-Nicolas-Flamel-Les-Animaux-Fantastiques.jpg","contentUrl":"https:\/\/repliquemangacine.fr\/wp-content\/uploads\/2023\/10\/Baguette-Nicolas-Flamel-Les-Animaux-Fantastiques.jpg","width":600,"height":600,"caption":"R\u00e9plique Baguette-Nicolas-Flamel-Les-Animaux-Fantastiques"},{"@type":"BreadcrumbList","@id":"https:\/\/repliquemangacine.fr\/les-animaux-fantastiques\/baguette-nicolas-flamel-animaux-fantastiques\/#breadcrumb","itemListElement":[{"@type":"ListItem","position":1,"name":"Accueil","item":"https:\/\/repliquemangacine.fr\/"},{"@type":"ListItem","position":2,"name":"Produits","item":"https:\/\/repliquemangacine.fr\/boutique\/"},{"@type":"ListItem","position":3,"name":"Baguette Nicolas Flamel"}]},{"@type":"WebSite","@id":"https:\/\/repliquemangacine.fr\/#website","url":"https:\/\/repliquemangacine.fr\/","name":"R\u00e9plique Manga Cin\u00e9","description":"","publisher":{"@id":"https:\/\/repliquemangacine.fr\/#organization"},"potentialAction":[{"@type":"SearchAction","target":{"@type":"EntryPoint","urlTemplate":"https:\/\/repliquemangacine.fr\/?s={search_term_string}"},"query-input":{"@type":"PropertyValueSpecification","valueRequired":true,"valueName":"search_term_string"}}],"inLanguage":"de"},{"@type":"Organization","@id":"https:\/\/repliquemangacine.fr\/#organization","name":"R\u00e9plique Manga Cin\u00e9","url":"https:\/\/repliquemangacine.fr\/","logo":{"@type":"ImageObject","inLanguage":"de","@id":"https:\/\/repliquemangacine.fr\/#\/schema\/logo\/image\/","url":"https:\/\/repliquemangacine.fr\/wp-content\/uploads\/2023\/10\/RMC-500250.png","contentUrl":"https:\/\/repliquemangacine.fr\/wp-content\/uploads\/2023\/10\/RMC-500250.png","width":500,"height":250,"caption":"R\u00e9plique Manga Cin\u00e9"},"image":{"@id":"https:\/\/repliquemangacine.fr\/#\/schema\/logo\/image\/"},"sameAs":["https:\/\/www.facebook.com\/RepliqueMangaCine","https:\/\/www.instagram.com\/repliquemangacine.fr\/"]}]}},"_links":{"self":[{"href":"https:\/\/repliquemangacine.fr\/de\/wp-json\/wp\/v2\/product\/50050","targetHints":{"allow":["GET"]}}],"collection":[{"href":"https:\/\/repliquemangacine.fr\/de\/wp-json\/wp\/v2\/product"}],"about":[{"href":"https:\/\/repliquemangacine.fr\/de\/wp-json\/wp\/v2\/types\/product"}],"wp:featuredmedia":[{"embeddable":true,"href":"https:\/\/repliquemangacine.fr\/de\/wp-json\/wp\/v2\/media\/50051"}],"wp:attachment":[{"href":"https:\/\/repliquemangacine.fr\/de\/wp-json\/wp\/v2\/media?parent=50050"}],"wp:term":[{"taxonomy":"product_brand","embeddable":true,"href":"https:\/\/repliquemangacine.fr\/de\/wp-json\/wp\/v2\/product_brand?post=50050"},{"taxonomy":"product_cat","embeddable":true,"href":"https:\/\/repliquemangacine.fr\/de\/wp-json\/wp\/v2\/product_cat?post=50050"},{"taxonomy":"product_tag","embeddable":true,"href":"https:\/\/repliquemangacine.fr\/de\/wp-json\/wp\/v2\/product_tag?post=50050"}],"curies":[{"name":"wp","href":"https:\/\/api.w.org\/{rel}","templated":true}]}}