





{"id":50045,"date":"2022-04-27T14:37:59","date_gmt":"2022-04-27T12:37:59","guid":{"rendered":"https:\/\/repliquemangacine.fr\/?post_type=product&#038;p=50045"},"modified":"2026-04-15T13:42:20","modified_gmt":"2026-04-15T11:42:20","slug":"zauberstab-leta-lestrange-fantastische-tiere","status":"publish","type":"product","link":"https:\/\/repliquemangacine.fr\/de\/les-animaux-fantastiques\/baguette-leta-lestrange-animaux-fantastiques\/","title":{"rendered":"Zauberstab Leta Lestrange"},"content":{"rendered":"<h2>Zauberstab Leta Lestrange - Phantastische Tierwesen<\/h2>\n<p>Zu Beginn wird die <strong>Zauberstab Leta Lestrange<\/strong> ist ganz aus Harz, im Kern des Stabes befindet sich ein Metallstab, f\u00fcr eine bessere Qualit\u00e4t.<\/p>\n<p>Leta geht in Hogwarts im Haus Slytherin zur Schule. Sie schlie\u00dft schnell Freundschaft mit Norbert Dragonneau, einem Sch\u00fcler von <a href=\"https:\/\/harrypotter.fandom.com\/fr\/wiki\/Poufsouffle\" target=\"_blank\" rel=\"noopener noreferrer\">Hufflepuff<\/a>Mit ihm teilt sie die Leidenschaft f\u00fcr magische Kreaturen. Im Laufe der Zeit verlieben sie sich schlie\u00dflich ineinander.<\/p>\n<p>Sp\u00e4ter verlobt sie sich mit Theseus Dragonneau, dem Bruder von Norbert.<\/p>\n<p>Sp\u00e4ter wird sie von Grindelwald kurz nach dessen Rede auf dem Friedhof P\u00e8re-Lachaise get\u00f6tet, indem sie von einem Protego Diabolica verbrannt wird. Sie richtet auf zweideutige Weise ein letztes \"Ich liebe dich\" an die Dragonneau-Br\u00fcder, bevor sie f\u00fcr immer verschwindet.<\/p>\n<h2>Ihr g\u00fcnstiger Zauberstab von Leta Lestrange.<\/h2>\n<p>Wir bieten Ihnen eine gro\u00dfe Auswahl an Zauberst\u00e4ben f\u00fcr die Fantastischen Tierwesen.<\/p>\n<p>Zun\u00e4chst einmal,<\/p>\n<ul>\n<li>Die <a href=\"https:\/\/repliquemangacine.fr\/de\/phantastische-tierwesen\/porpentina-stab-goldstein-fantastic-beasts\/\">Porpentina-St\u00e4bchen<\/a> Goldstein, die Schwester von Queenie aus \"Phantastische Tierwesen\".<\/li>\n<li>Aber auch die des Alchemisten <a href=\"https:\/\/repliquemangacine.fr\/de\/phantastische-tierwesen\/zauberstab-nicolas-flamel-fantastische-tiere\/\">Nicolas Flamel<\/a> Sch\u00f6pfer des Steins der Weisen, auch in Phantastische Tierwesen .<\/li>\n<li>Und viele andere, die es in unserem Online-Shop zu entdecken gibt!<\/li>\n<li>Entdecke auch alle Zauberst\u00e4be aus der Harry-Potter-Saga auf unserer Website.<\/li>\n<\/ul>\n<p>Deshalb hier eine tolle Geschenkidee f\u00fcr alle Harry-Potter-Fans<\/p>\n<p>Abschlie\u00dfend k\u00f6nnen Sie auch diesen <strong>Zauberstab Leta Lestrange<\/strong> f\u00fcr Ihre Cosplays oder Themenabende. Vor allem aber ist es ein Sammler- und Dekorationsst\u00fcck.<\/p>\n<p>R\u00e9plique Manga Cin\u00e9 ist ein franz\u00f6sisches Familienunternehmen.<\/p>\n<h2>Wie werden die Zauberst\u00e4be von Hexen und Zauberern hergestellt?<\/h2>\n<p>Ein Zauberstab ist ein Gegenstand, der aus zwei variablen Elementen besteht: dem Holz, das normalerweise von einem Baum stammt, und dem sogenannten Kern des Zauberstabs, der von verschiedenen magischen Kreaturen oder Pflanzen stammen kann. Er ist ein Werkzeug, das von Zauberern und Hexen verwendet wird, um ihre Zauberspr\u00fcche zu sch\u00e4rfen und bessere Ergebnisse bei der Anwendung von Magie zu erzielen.<\/p>\n<p>Unsere St\u00e4bchen werden aus gegossenem Harz hergestellt, im Herzen des St\u00e4bchens befindet sich ein Metallstab, der Ihrem <strong>Zauberstab Leta Lestrange<\/strong> eine bemerkenswerte Widerstandsf\u00e4higkeit.<\/p>\n<p>Es sei darauf hingewiesen, dass die meisten Zauberer ihren Zauberstab im Alter von elf Jahren kaufen, bevor sie mit ihrer magischen Ausbildung beginnen. Junge Zauberer k\u00f6nnen ihren Zauberstab selbst bei einem Verk\u00e4ufer kaufen gehen, wobei britische Sch\u00fcler traditionell zu Ollivander gehen.<\/p>\n<p>&nbsp;<\/p>","protected":false},"excerpt":{"rendered":"<p>Zauberstab von Leta Lestrange, inspiriert von der Saga \"Phantastische Tierwesen\".<\/p>\n<ul>\n<li>Stange aus Kunstharz, schwarzes Ebenholzimitat.<\/li>\n<li>Gedrehter Griff.<\/li>\n<li>Kern aus Metall.<\/li>\n<li>Sammlerfigurenschachtel mit Innenfutter aus blauem Samt.<\/li>\n<li>Personenkarte.<\/li>\n<li>L\u00e4nge: 35.5 cm<\/li>\n<\/ul>\n<p>&nbsp;<\/p>","protected":false},"featured_media":50046,"template":"","meta":[],"product_brand":[896],"product_cat":[24,104,101],"product_tag":[],"class_list":{"0":"post-50045","1":"product","2":"type-product","3":"status-publish","4":"has-post-thumbnail","6":"product_brand-replique-manga-cine","7":"product_cat-films-series-tv-vente-de-katana-epee-et-produits-derives","8":"product_cat-les-animaux-fantastiques","9":"product_cat-soldes","11":"first","12":"instock","13":"sale","14":"taxable","15":"shipping-taxable","16":"purchasable","17":"product-type-simple"},"yoast_head":"<!-- This site is optimized with the Yoast SEO plugin v27.5 - https:\/\/yoast.com\/product\/yoast-seo-wordpress\/ -->\n<title>Baguette Leta Lestrange - Les Animaux Fantastiques - RMC<\/title>\n<meta name=\"description\" content=\"D\u00e9couvrez cette Baguette Leta Lestrange dans les Animaux Fantastiques au meilleur prix - Tout en r\u00e9sine - Noyau m\u00e9tal - Longueur : 35.5 cm\" \/>\n<meta name=\"robots\" content=\"index, follow, max-snippet:-1, max-image-preview:large, max-video-preview:-1\" \/>\n<link rel=\"canonical\" href=\"https:\/\/repliquemangacine.fr\/de\/phantastische-tierwesen\/zauberstab-leta-lestrange-fantastische-tiere\/\" \/>\n<meta property=\"og:locale\" content=\"de_DE\" \/>\n<meta property=\"og:type\" content=\"article\" \/>\n<meta property=\"og:title\" content=\"Baguette Leta Lestrange - Les Animaux Fantastiques - RMC\" \/>\n<meta property=\"og:description\" content=\"D\u00e9couvrez cette Baguette Leta Lestrange dans les Animaux Fantastiques au meilleur prix - Tout en r\u00e9sine - Noyau m\u00e9tal - Longueur : 35.5 cm\" \/>\n<meta property=\"og:url\" content=\"https:\/\/repliquemangacine.fr\/de\/phantastische-tierwesen\/zauberstab-leta-lestrange-fantastische-tiere\/\" \/>\n<meta property=\"og:site_name\" content=\"R\u00e9plique Manga Cin\u00e9\" \/>\n<meta property=\"article:publisher\" content=\"https:\/\/www.facebook.com\/RepliqueMangaCine\" \/>\n<meta property=\"article:modified_time\" content=\"2026-04-15T11:42:20+00:00\" \/>\n<meta property=\"og:image\" content=\"https:\/\/repliquemangacine.fr\/wp-content\/uploads\/2023\/10\/baguette-leta-lestrange-Les-Animaux-Fantastiques.jpg\" \/>\n\t<meta property=\"og:image:width\" content=\"600\" \/>\n\t<meta property=\"og:image:height\" content=\"600\" \/>\n\t<meta property=\"og:image:type\" content=\"image\/jpeg\" \/>\n<meta name=\"twitter:card\" content=\"summary_large_image\" \/>\n<meta name=\"twitter:label1\" content=\"Gesch\u00e4tzte Lesezeit\" \/>\n\t<meta name=\"twitter:data1\" content=\"2\u00a0Minuten\" \/>\n<script type=\"application\/ld+json\" class=\"yoast-schema-graph\">{\"@context\":\"https:\\\/\\\/schema.org\",\"@graph\":[{\"@type\":\"WebPage\",\"@id\":\"https:\\\/\\\/repliquemangacine.fr\\\/les-animaux-fantastiques\\\/baguette-leta-lestrange-animaux-fantastiques\\\/\",\"url\":\"https:\\\/\\\/repliquemangacine.fr\\\/les-animaux-fantastiques\\\/baguette-leta-lestrange-animaux-fantastiques\\\/\",\"name\":\"Baguette Leta Lestrange - Les Animaux Fantastiques - RMC\",\"isPartOf\":{\"@id\":\"https:\\\/\\\/repliquemangacine.fr\\\/#website\"},\"primaryImageOfPage\":{\"@id\":\"https:\\\/\\\/repliquemangacine.fr\\\/les-animaux-fantastiques\\\/baguette-leta-lestrange-animaux-fantastiques\\\/#primaryimage\"},\"image\":{\"@id\":\"https:\\\/\\\/repliquemangacine.fr\\\/les-animaux-fantastiques\\\/baguette-leta-lestrange-animaux-fantastiques\\\/#primaryimage\"},\"thumbnailUrl\":\"https:\\\/\\\/repliquemangacine.fr\\\/wp-content\\\/uploads\\\/2023\\\/10\\\/baguette-leta-lestrange-Les-Animaux-Fantastiques.jpg\",\"datePublished\":\"2022-04-27T12:37:59+00:00\",\"dateModified\":\"2026-04-15T11:42:20+00:00\",\"description\":\"D\u00e9couvrez cette Baguette Leta Lestrange dans les Animaux Fantastiques au meilleur prix - Tout en r\u00e9sine - Noyau m\u00e9tal - Longueur : 35.5 cm\",\"breadcrumb\":{\"@id\":\"https:\\\/\\\/repliquemangacine.fr\\\/les-animaux-fantastiques\\\/baguette-leta-lestrange-animaux-fantastiques\\\/#breadcrumb\"},\"inLanguage\":\"de\",\"potentialAction\":[{\"@type\":\"ReadAction\",\"target\":[\"https:\\\/\\\/repliquemangacine.fr\\\/les-animaux-fantastiques\\\/baguette-leta-lestrange-animaux-fantastiques\\\/\"]}]},{\"@type\":\"ImageObject\",\"inLanguage\":\"de\",\"@id\":\"https:\\\/\\\/repliquemangacine.fr\\\/les-animaux-fantastiques\\\/baguette-leta-lestrange-animaux-fantastiques\\\/#primaryimage\",\"url\":\"https:\\\/\\\/repliquemangacine.fr\\\/wp-content\\\/uploads\\\/2023\\\/10\\\/baguette-leta-lestrange-Les-Animaux-Fantastiques.jpg\",\"contentUrl\":\"https:\\\/\\\/repliquemangacine.fr\\\/wp-content\\\/uploads\\\/2023\\\/10\\\/baguette-leta-lestrange-Les-Animaux-Fantastiques.jpg\",\"width\":600,\"height\":600,\"caption\":\"baguette-leta-lestrange-Les-Animaux-Fantastiques noyau m\u00e9tal\"},{\"@type\":\"BreadcrumbList\",\"@id\":\"https:\\\/\\\/repliquemangacine.fr\\\/les-animaux-fantastiques\\\/baguette-leta-lestrange-animaux-fantastiques\\\/#breadcrumb\",\"itemListElement\":[{\"@type\":\"ListItem\",\"position\":1,\"name\":\"Accueil\",\"item\":\"https:\\\/\\\/repliquemangacine.fr\\\/\"},{\"@type\":\"ListItem\",\"position\":2,\"name\":\"Produits\",\"item\":\"https:\\\/\\\/repliquemangacine.fr\\\/boutique\\\/\"},{\"@type\":\"ListItem\",\"position\":3,\"name\":\"Baguette Leta Lestrange\"}]},{\"@type\":\"WebSite\",\"@id\":\"https:\\\/\\\/repliquemangacine.fr\\\/#website\",\"url\":\"https:\\\/\\\/repliquemangacine.fr\\\/\",\"name\":\"R\u00e9plique Manga Cin\u00e9\",\"description\":\"\",\"publisher\":{\"@id\":\"https:\\\/\\\/repliquemangacine.fr\\\/#organization\"},\"potentialAction\":[{\"@type\":\"SearchAction\",\"target\":{\"@type\":\"EntryPoint\",\"urlTemplate\":\"https:\\\/\\\/repliquemangacine.fr\\\/?s={search_term_string}\"},\"query-input\":{\"@type\":\"PropertyValueSpecification\",\"valueRequired\":true,\"valueName\":\"search_term_string\"}}],\"inLanguage\":\"de\"},{\"@type\":\"Organization\",\"@id\":\"https:\\\/\\\/repliquemangacine.fr\\\/#organization\",\"name\":\"R\u00e9plique Manga Cin\u00e9\",\"url\":\"https:\\\/\\\/repliquemangacine.fr\\\/\",\"logo\":{\"@type\":\"ImageObject\",\"inLanguage\":\"de\",\"@id\":\"https:\\\/\\\/repliquemangacine.fr\\\/#\\\/schema\\\/logo\\\/image\\\/\",\"url\":\"https:\\\/\\\/repliquemangacine.fr\\\/wp-content\\\/uploads\\\/2023\\\/10\\\/RMC-500250.png\",\"contentUrl\":\"https:\\\/\\\/repliquemangacine.fr\\\/wp-content\\\/uploads\\\/2023\\\/10\\\/RMC-500250.png\",\"width\":500,\"height\":250,\"caption\":\"R\u00e9plique Manga Cin\u00e9\"},\"image\":{\"@id\":\"https:\\\/\\\/repliquemangacine.fr\\\/#\\\/schema\\\/logo\\\/image\\\/\"},\"sameAs\":[\"https:\\\/\\\/www.facebook.com\\\/RepliqueMangaCine\",\"https:\\\/\\\/www.instagram.com\\\/repliquemangacine.fr\\\/\"]}]}<\/script>\n<!-- \/ Yoast SEO plugin. -->","yoast_head_json":{"title":"Zauberstab Leta Lestrange - Phantastische Tierwesen - RMC","description":"Entdecken Sie diesen Zauberstab Leta Lestrange aus Phantastische Tierwesen zum besten Preis - Komplett aus Kunstharz - Metallkern - L\u00e4nge: 35.5 cm","robots":{"index":"index","follow":"follow","max-snippet":"max-snippet:-1","max-image-preview":"max-image-preview:large","max-video-preview":"max-video-preview:-1"},"canonical":"https:\/\/repliquemangacine.fr\/de\/phantastische-tierwesen\/zauberstab-leta-lestrange-fantastische-tiere\/","og_locale":"de_DE","og_type":"article","og_title":"Baguette Leta Lestrange - Les Animaux Fantastiques - RMC","og_description":"D\u00e9couvrez cette Baguette Leta Lestrange dans les Animaux Fantastiques au meilleur prix - Tout en r\u00e9sine - Noyau m\u00e9tal - Longueur : 35.5 cm","og_url":"https:\/\/repliquemangacine.fr\/de\/phantastische-tierwesen\/zauberstab-leta-lestrange-fantastische-tiere\/","og_site_name":"R\u00e9plique Manga Cin\u00e9","article_publisher":"https:\/\/www.facebook.com\/RepliqueMangaCine","article_modified_time":"2026-04-15T11:42:20+00:00","og_image":[{"width":600,"height":600,"url":"https:\/\/repliquemangacine.fr\/wp-content\/uploads\/2023\/10\/baguette-leta-lestrange-Les-Animaux-Fantastiques.jpg","type":"image\/jpeg"}],"twitter_card":"summary_large_image","twitter_misc":{"Gesch\u00e4tzte Lesezeit":"2\u00a0Minuten"},"schema":{"@context":"https:\/\/schema.org","@graph":[{"@type":"WebPage","@id":"https:\/\/repliquemangacine.fr\/les-animaux-fantastiques\/baguette-leta-lestrange-animaux-fantastiques\/","url":"https:\/\/repliquemangacine.fr\/les-animaux-fantastiques\/baguette-leta-lestrange-animaux-fantastiques\/","name":"Zauberstab Leta Lestrange - Phantastische Tierwesen - RMC","isPartOf":{"@id":"https:\/\/repliquemangacine.fr\/#website"},"primaryImageOfPage":{"@id":"https:\/\/repliquemangacine.fr\/les-animaux-fantastiques\/baguette-leta-lestrange-animaux-fantastiques\/#primaryimage"},"image":{"@id":"https:\/\/repliquemangacine.fr\/les-animaux-fantastiques\/baguette-leta-lestrange-animaux-fantastiques\/#primaryimage"},"thumbnailUrl":"https:\/\/repliquemangacine.fr\/wp-content\/uploads\/2023\/10\/baguette-leta-lestrange-Les-Animaux-Fantastiques.jpg","datePublished":"2022-04-27T12:37:59+00:00","dateModified":"2026-04-15T11:42:20+00:00","description":"Entdecken Sie diesen Zauberstab Leta Lestrange aus Phantastische Tierwesen zum besten Preis - Komplett aus Kunstharz - Metallkern - L\u00e4nge: 35.5 cm","breadcrumb":{"@id":"https:\/\/repliquemangacine.fr\/les-animaux-fantastiques\/baguette-leta-lestrange-animaux-fantastiques\/#breadcrumb"},"inLanguage":"de","potentialAction":[{"@type":"ReadAction","target":["https:\/\/repliquemangacine.fr\/les-animaux-fantastiques\/baguette-leta-lestrange-animaux-fantastiques\/"]}]},{"@type":"ImageObject","inLanguage":"de","@id":"https:\/\/repliquemangacine.fr\/les-animaux-fantastiques\/baguette-leta-lestrange-animaux-fantastiques\/#primaryimage","url":"https:\/\/repliquemangacine.fr\/wp-content\/uploads\/2023\/10\/baguette-leta-lestrange-Les-Animaux-Fantastiques.jpg","contentUrl":"https:\/\/repliquemangacine.fr\/wp-content\/uploads\/2023\/10\/baguette-leta-lestrange-Les-Animaux-Fantastiques.jpg","width":600,"height":600,"caption":"baguette-leta-lestrange-Les-Animaux-Fantastiques noyau m\u00e9tal"},{"@type":"BreadcrumbList","@id":"https:\/\/repliquemangacine.fr\/les-animaux-fantastiques\/baguette-leta-lestrange-animaux-fantastiques\/#breadcrumb","itemListElement":[{"@type":"ListItem","position":1,"name":"Accueil","item":"https:\/\/repliquemangacine.fr\/"},{"@type":"ListItem","position":2,"name":"Produits","item":"https:\/\/repliquemangacine.fr\/boutique\/"},{"@type":"ListItem","position":3,"name":"Baguette Leta Lestrange"}]},{"@type":"WebSite","@id":"https:\/\/repliquemangacine.fr\/#website","url":"https:\/\/repliquemangacine.fr\/","name":"R\u00e9plique Manga Cin\u00e9","description":"","publisher":{"@id":"https:\/\/repliquemangacine.fr\/#organization"},"potentialAction":[{"@type":"SearchAction","target":{"@type":"EntryPoint","urlTemplate":"https:\/\/repliquemangacine.fr\/?s={search_term_string}"},"query-input":{"@type":"PropertyValueSpecification","valueRequired":true,"valueName":"search_term_string"}}],"inLanguage":"de"},{"@type":"Organization","@id":"https:\/\/repliquemangacine.fr\/#organization","name":"R\u00e9plique Manga Cin\u00e9","url":"https:\/\/repliquemangacine.fr\/","logo":{"@type":"ImageObject","inLanguage":"de","@id":"https:\/\/repliquemangacine.fr\/#\/schema\/logo\/image\/","url":"https:\/\/repliquemangacine.fr\/wp-content\/uploads\/2023\/10\/RMC-500250.png","contentUrl":"https:\/\/repliquemangacine.fr\/wp-content\/uploads\/2023\/10\/RMC-500250.png","width":500,"height":250,"caption":"R\u00e9plique Manga Cin\u00e9"},"image":{"@id":"https:\/\/repliquemangacine.fr\/#\/schema\/logo\/image\/"},"sameAs":["https:\/\/www.facebook.com\/RepliqueMangaCine","https:\/\/www.instagram.com\/repliquemangacine.fr\/"]}]}},"_links":{"self":[{"href":"https:\/\/repliquemangacine.fr\/de\/wp-json\/wp\/v2\/product\/50045","targetHints":{"allow":["GET"]}}],"collection":[{"href":"https:\/\/repliquemangacine.fr\/de\/wp-json\/wp\/v2\/product"}],"about":[{"href":"https:\/\/repliquemangacine.fr\/de\/wp-json\/wp\/v2\/types\/product"}],"wp:featuredmedia":[{"embeddable":true,"href":"https:\/\/repliquemangacine.fr\/de\/wp-json\/wp\/v2\/media\/50046"}],"wp:attachment":[{"href":"https:\/\/repliquemangacine.fr\/de\/wp-json\/wp\/v2\/media?parent=50045"}],"wp:term":[{"taxonomy":"product_brand","embeddable":true,"href":"https:\/\/repliquemangacine.fr\/de\/wp-json\/wp\/v2\/product_brand?post=50045"},{"taxonomy":"product_cat","embeddable":true,"href":"https:\/\/repliquemangacine.fr\/de\/wp-json\/wp\/v2\/product_cat?post=50045"},{"taxonomy":"product_tag","embeddable":true,"href":"https:\/\/repliquemangacine.fr\/de\/wp-json\/wp\/v2\/product_tag?post=50045"}],"curies":[{"name":"wp","href":"https:\/\/api.w.org\/{rel}","templated":true}]}}