





{"id":49992,"date":"2022-04-26T14:19:57","date_gmt":"2022-04-26T12:19:57","guid":{"rendered":"https:\/\/repliquemangacine.fr\/?post_type=product&#038;p=49992"},"modified":"2025-11-10T14:48:06","modified_gmt":"2025-11-10T13:48:06","slug":"stab-von-gellert-grindelwald-metallkern","status":"publish","type":"product","link":"https:\/\/repliquemangacine.fr\/de\/baguettes-personnages-harry-potter\/baguette-de-gellert-grindelwald-noyau-metal\/","title":{"rendered":"Grindelwald-Stab"},"content":{"rendered":"<h2>Stab von Grindelwald Gellert Metallkern<\/h2>\n<p>Zu Beginn wird die <strong>Grindelwalds Stab Gellert<\/strong> ist aus Harz, im Inneren des Stabes befindet sich ein Metallstab, der f\u00fcr hohe Qualit\u00e4t sorgt.<\/p>\n<p>Wie alle Zauberer aus der Harry-Potter-Saga hat auch Grindelwald seinen eigenen Zauberstab! Dieser hat die F\u00e4higkeit, Zauberspr\u00fcche auszusprechen, wie beispielsweise den Doloris-Fluch, der jedem, der ihm ausgesetzt ist, extreme Schmerzen zuf\u00fcgt.<\/p>\n<p>Gellert Grindelwald ist einer der bekanntesten Zauberer seiner Zeit. Er ist auch einer der gef\u00e4hrlichsten und m\u00e4chtigsten.<\/p>\n<p>Er nutzt die <a href=\"https:\/\/harrypotter.fandom.com\/fr\/wiki\/Baguette_de_Sureau\" target=\"_blank\" rel=\"noopener noreferrer\">Holunderstab<\/a> um an die Macht zu gelangen. Grindelwalds Popularit\u00e4t \u00fcberschattet die urspr\u00fcngliche Bedeutung des Symbols der Heiligt\u00fcmer des Todes, das sp\u00e4ter von vielen Zauberern als Grindelwalds Zeichen angesehen wurde.<\/p>\n<h2>Ihr Grindelwald Gellert Zauberstab zum besten Preis.<\/h2>\n<p>Wir bieten dir eine gro\u00dfe Auswahl an Harry-Potter-Zauberst\u00e4ben von Ollivander.<\/p>\n<p>Zun\u00e4chst einmal,<\/p>\n<ul>\n<li style=\"list-style-type: none;\">\n<ul>\n<li>Der Zauberstab von Albus<a href=\"https:\/\/repliquemangacine.fr\/de\/stabchen-figuren\/zauberstab-albus-dumbledore-hochwertiger-metallkern\/\"> Dumbledore<\/a> aus der Nachahmung des dunklen Holunderholzes<\/li>\n<li>Sowie Harrys Zauberstab<a href=\"https:\/\/repliquemangacine.fr\/de\/stabchen-figuren\/harry-potter-stab-mit-hochwertigem-metallkern\/\"> Potter<\/a> pers\u00f6nlich!<\/li>\n<li>Und viele andere, die es in unserem Online-Shop zu entdecken gibt!<\/li>\n<\/ul>\n<\/li>\n<\/ul>\n<p>Deshalb hier eine tolle Geschenkidee f\u00fcr alle Harry-Potter-Fans<\/p>\n<p>Abschlie\u00dfend k\u00f6nnen Sie auch diesen <strong>Grindelwalds Stab Gellert<\/strong> f\u00fcr Ihre Cosplays oder Themenabende. Vor allem aber ist es ein Sammler- und Dekorationsst\u00fcck.<\/p>\n<p>R\u00e9plique Manga Cin\u00e9 ist ein franz\u00f6sisches Familienunternehmen.<\/p>\n<h2>Wie werden die Zauberst\u00e4be von Hexen und Zauberern hergestellt?<\/h2>\n<p>Ein Zauberstab ist ein Gegenstand, der aus zwei variablen Elementen besteht: dem Holz, das normalerweise von einem Baum stammt, und dem sogenannten Kern des Zauberstabs, der von verschiedenen magischen Kreaturen oder Pflanzen stammen kann. Er ist ein Werkzeug, das von Zauberern und Hexen verwendet wird, um ihre Zauberspr\u00fcche zu sch\u00e4rfen und bessere Ergebnisse bei der Anwendung von Magie zu erzielen.<\/p>\n<p>Unsere St\u00e4bchen werden aus gegossenem Harz hergestellt, im Herzen des St\u00e4bchens befindet sich ein Metallstab, der Ihrem <strong>Zauberstab Grindelwald Gellert<\/strong> eine bemerkenswerte Widerstandsf\u00e4higkeit.<\/p>\n<p>Die meisten Zauberer kaufen ihren Zauberstab im Alter von elf Jahren, bevor sie ihre magische Ausbildung beginnen. Junge Zauberer k\u00f6nnen ihren Zauberstab selbst bei einem H\u00e4ndler kaufen, wobei britische Sch\u00fcler traditionell zu Ollivander gehen.<\/p>","protected":false},"excerpt":{"rendered":"<p>Inoffizielle Replik des Zauberstabs von Gellert Grindelwald, inspiriert von der Harry-Potter-Saga.<\/p>\n<ul>\n<li>Ein Stab aus Kunstharz, der ein Holz imitiert und wie ein stacheliger, gebogener Ast aussieht.<\/li>\n<li>Metallkern.<\/li>\n<li>Wird in einer Sammlerbox mit samtenem Innenfutter geliefert.<\/li>\n<li>Personenkarte.<\/li>\n<li>Gesamtl\u00e4nge: 38 cm - Gewicht: 76 Grs<\/li>\n<\/ul>\n<p>&nbsp;<\/p>","protected":false},"featured_media":49993,"template":"","meta":[],"product_brand":[896],"product_cat":[80,24,41,101],"product_tag":[],"class_list":{"0":"post-49992","1":"product","2":"type-product","3":"status-publish","4":"has-post-thumbnail","6":"product_brand-replique-manga-cine","7":"product_cat-baguettes-personnages-harry-potter","8":"product_cat-films-series-tv-vente-de-katana-epee-et-produits-derives","9":"product_cat-baguettes-et-goodies-harry-potter","10":"product_cat-soldes","12":"first","13":"instock","14":"sale","15":"taxable","16":"shipping-taxable","17":"purchasable","18":"product-type-simple"},"yoast_head":"<!-- This site is optimized with the Yoast SEO plugin v27.5 - https:\/\/yoast.com\/product\/yoast-seo-wordpress\/ -->\n<title>Baguette Grindelwald Gellert - Harry Potter | R\u00e9plique Manga Cin\u00e9<\/title>\n<meta name=\"description\" content=\"Offrez-lui la Baguette de Grindelwald Gellert dans Harry Potter au meilleur prix. Noyau central en m\u00e9tal - Recouverte de r\u00e9sine - Longueur : 38 cm\" \/>\n<meta name=\"robots\" content=\"index, follow, max-snippet:-1, max-image-preview:large, max-video-preview:-1\" \/>\n<link rel=\"canonical\" href=\"https:\/\/repliquemangacine.fr\/de\/ausverkauf\/stab-von-gellert-grindelwald-metallkern\/\" \/>\n<meta property=\"og:locale\" content=\"de_DE\" \/>\n<meta property=\"og:type\" content=\"article\" \/>\n<meta property=\"og:title\" content=\"Baguette Grindelwald Gellert - Harry Potter | R\u00e9plique Manga Cin\u00e9\" \/>\n<meta property=\"og:description\" content=\"Offrez-lui la Baguette de Grindelwald Gellert dans Harry Potter au meilleur prix. Noyau central en m\u00e9tal - Recouverte de r\u00e9sine - Longueur : 38 cm\" \/>\n<meta property=\"og:url\" content=\"https:\/\/repliquemangacine.fr\/de\/ausverkauf\/stab-von-gellert-grindelwald-metallkern\/\" \/>\n<meta property=\"og:site_name\" content=\"R\u00e9plique Manga Cin\u00e9\" \/>\n<meta property=\"article:publisher\" content=\"https:\/\/www.facebook.com\/RepliqueMangaCine\" \/>\n<meta property=\"article:modified_time\" content=\"2025-11-10T13:48:06+00:00\" \/>\n<meta property=\"og:image\" content=\"https:\/\/repliquemangacine.fr\/wp-content\/uploads\/2023\/10\/baguette-grindelward-4.jpg\" \/>\n\t<meta property=\"og:image:width\" content=\"600\" \/>\n\t<meta property=\"og:image:height\" content=\"600\" \/>\n\t<meta property=\"og:image:type\" content=\"image\/jpeg\" \/>\n<meta name=\"twitter:card\" content=\"summary_large_image\" \/>\n<meta name=\"twitter:label1\" content=\"Gesch\u00e4tzte Lesezeit\" \/>\n\t<meta name=\"twitter:data1\" content=\"2\u00a0Minuten\" \/>\n<script type=\"application\/ld+json\" class=\"yoast-schema-graph\">{\"@context\":\"https:\\\/\\\/schema.org\",\"@graph\":[{\"@type\":\"WebPage\",\"@id\":\"https:\\\/\\\/repliquemangacine.fr\\\/soldes\\\/baguette-de-gellert-grindelwald-noyau-metal\\\/\",\"url\":\"https:\\\/\\\/repliquemangacine.fr\\\/soldes\\\/baguette-de-gellert-grindelwald-noyau-metal\\\/\",\"name\":\"Baguette Grindelwald Gellert - Harry Potter | R\u00e9plique Manga Cin\u00e9\",\"isPartOf\":{\"@id\":\"https:\\\/\\\/repliquemangacine.fr\\\/#website\"},\"primaryImageOfPage\":{\"@id\":\"https:\\\/\\\/repliquemangacine.fr\\\/soldes\\\/baguette-de-gellert-grindelwald-noyau-metal\\\/#primaryimage\"},\"image\":{\"@id\":\"https:\\\/\\\/repliquemangacine.fr\\\/soldes\\\/baguette-de-gellert-grindelwald-noyau-metal\\\/#primaryimage\"},\"thumbnailUrl\":\"https:\\\/\\\/repliquemangacine.fr\\\/wp-content\\\/uploads\\\/2023\\\/10\\\/baguette-grindelward-4.jpg\",\"datePublished\":\"2022-04-26T12:19:57+00:00\",\"dateModified\":\"2025-11-10T13:48:06+00:00\",\"description\":\"Offrez-lui la Baguette de Grindelwald Gellert dans Harry Potter au meilleur prix. Noyau central en m\u00e9tal - Recouverte de r\u00e9sine - Longueur : 38 cm\",\"breadcrumb\":{\"@id\":\"https:\\\/\\\/repliquemangacine.fr\\\/soldes\\\/baguette-de-gellert-grindelwald-noyau-metal\\\/#breadcrumb\"},\"inLanguage\":\"de\",\"potentialAction\":[{\"@type\":\"ReadAction\",\"target\":[\"https:\\\/\\\/repliquemangacine.fr\\\/soldes\\\/baguette-de-gellert-grindelwald-noyau-metal\\\/\"]}]},{\"@type\":\"ImageObject\",\"inLanguage\":\"de\",\"@id\":\"https:\\\/\\\/repliquemangacine.fr\\\/soldes\\\/baguette-de-gellert-grindelwald-noyau-metal\\\/#primaryimage\",\"url\":\"https:\\\/\\\/repliquemangacine.fr\\\/wp-content\\\/uploads\\\/2023\\\/10\\\/baguette-grindelward-4.jpg\",\"contentUrl\":\"https:\\\/\\\/repliquemangacine.fr\\\/wp-content\\\/uploads\\\/2023\\\/10\\\/baguette-grindelward-4.jpg\",\"width\":600,\"height\":600,\"caption\":\"Baguette de Grindelwald Gellert Harry Potter\"},{\"@type\":\"BreadcrumbList\",\"@id\":\"https:\\\/\\\/repliquemangacine.fr\\\/soldes\\\/baguette-de-gellert-grindelwald-noyau-metal\\\/#breadcrumb\",\"itemListElement\":[{\"@type\":\"ListItem\",\"position\":1,\"name\":\"Accueil\",\"item\":\"https:\\\/\\\/repliquemangacine.fr\\\/\"},{\"@type\":\"ListItem\",\"position\":2,\"name\":\"Produits\",\"item\":\"https:\\\/\\\/repliquemangacine.fr\\\/boutique\\\/\"},{\"@type\":\"ListItem\",\"position\":3,\"name\":\"Baguette Grindelwald\"}]},{\"@type\":\"WebSite\",\"@id\":\"https:\\\/\\\/repliquemangacine.fr\\\/#website\",\"url\":\"https:\\\/\\\/repliquemangacine.fr\\\/\",\"name\":\"R\u00e9plique Manga Cin\u00e9\",\"description\":\"\",\"publisher\":{\"@id\":\"https:\\\/\\\/repliquemangacine.fr\\\/#organization\"},\"potentialAction\":[{\"@type\":\"SearchAction\",\"target\":{\"@type\":\"EntryPoint\",\"urlTemplate\":\"https:\\\/\\\/repliquemangacine.fr\\\/?s={search_term_string}\"},\"query-input\":{\"@type\":\"PropertyValueSpecification\",\"valueRequired\":true,\"valueName\":\"search_term_string\"}}],\"inLanguage\":\"de\"},{\"@type\":\"Organization\",\"@id\":\"https:\\\/\\\/repliquemangacine.fr\\\/#organization\",\"name\":\"R\u00e9plique Manga Cin\u00e9\",\"url\":\"https:\\\/\\\/repliquemangacine.fr\\\/\",\"logo\":{\"@type\":\"ImageObject\",\"inLanguage\":\"de\",\"@id\":\"https:\\\/\\\/repliquemangacine.fr\\\/#\\\/schema\\\/logo\\\/image\\\/\",\"url\":\"https:\\\/\\\/repliquemangacine.fr\\\/wp-content\\\/uploads\\\/2023\\\/10\\\/RMC-500250.png\",\"contentUrl\":\"https:\\\/\\\/repliquemangacine.fr\\\/wp-content\\\/uploads\\\/2023\\\/10\\\/RMC-500250.png\",\"width\":500,\"height\":250,\"caption\":\"R\u00e9plique Manga Cin\u00e9\"},\"image\":{\"@id\":\"https:\\\/\\\/repliquemangacine.fr\\\/#\\\/schema\\\/logo\\\/image\\\/\"},\"sameAs\":[\"https:\\\/\\\/www.facebook.com\\\/RepliqueMangaCine\",\"https:\\\/\\\/www.instagram.com\\\/repliquemangacine.fr\\\/\"]}]}<\/script>\n<!-- \/ Yoast SEO plugin. -->","yoast_head_json":{"title":"Grindelwald Gellert Zauberstab - Harry Potter | R\u00e9plique Manga Cin\u00e9","description":"Schenken Sie ihr den Zauberstab von Grindelwald Gellert aus Harry Potter zum besten Preis. Mittelkern aus Metall - Mit Harz \u00fcberzogen - L\u00e4nge: 38 cm","robots":{"index":"index","follow":"follow","max-snippet":"max-snippet:-1","max-image-preview":"max-image-preview:large","max-video-preview":"max-video-preview:-1"},"canonical":"https:\/\/repliquemangacine.fr\/de\/ausverkauf\/stab-von-gellert-grindelwald-metallkern\/","og_locale":"de_DE","og_type":"article","og_title":"Baguette Grindelwald Gellert - Harry Potter | R\u00e9plique Manga Cin\u00e9","og_description":"Offrez-lui la Baguette de Grindelwald Gellert dans Harry Potter au meilleur prix. Noyau central en m\u00e9tal - Recouverte de r\u00e9sine - Longueur : 38 cm","og_url":"https:\/\/repliquemangacine.fr\/de\/ausverkauf\/stab-von-gellert-grindelwald-metallkern\/","og_site_name":"R\u00e9plique Manga Cin\u00e9","article_publisher":"https:\/\/www.facebook.com\/RepliqueMangaCine","article_modified_time":"2025-11-10T13:48:06+00:00","og_image":[{"width":600,"height":600,"url":"https:\/\/repliquemangacine.fr\/wp-content\/uploads\/2023\/10\/baguette-grindelward-4.jpg","type":"image\/jpeg"}],"twitter_card":"summary_large_image","twitter_misc":{"Gesch\u00e4tzte Lesezeit":"2\u00a0Minuten"},"schema":{"@context":"https:\/\/schema.org","@graph":[{"@type":"WebPage","@id":"https:\/\/repliquemangacine.fr\/soldes\/baguette-de-gellert-grindelwald-noyau-metal\/","url":"https:\/\/repliquemangacine.fr\/soldes\/baguette-de-gellert-grindelwald-noyau-metal\/","name":"Grindelwald Gellert Zauberstab - Harry Potter | R\u00e9plique Manga Cin\u00e9","isPartOf":{"@id":"https:\/\/repliquemangacine.fr\/#website"},"primaryImageOfPage":{"@id":"https:\/\/repliquemangacine.fr\/soldes\/baguette-de-gellert-grindelwald-noyau-metal\/#primaryimage"},"image":{"@id":"https:\/\/repliquemangacine.fr\/soldes\/baguette-de-gellert-grindelwald-noyau-metal\/#primaryimage"},"thumbnailUrl":"https:\/\/repliquemangacine.fr\/wp-content\/uploads\/2023\/10\/baguette-grindelward-4.jpg","datePublished":"2022-04-26T12:19:57+00:00","dateModified":"2025-11-10T13:48:06+00:00","description":"Schenken Sie ihr den Zauberstab von Grindelwald Gellert aus Harry Potter zum besten Preis. Mittelkern aus Metall - Mit Harz \u00fcberzogen - L\u00e4nge: 38 cm","breadcrumb":{"@id":"https:\/\/repliquemangacine.fr\/soldes\/baguette-de-gellert-grindelwald-noyau-metal\/#breadcrumb"},"inLanguage":"de","potentialAction":[{"@type":"ReadAction","target":["https:\/\/repliquemangacine.fr\/soldes\/baguette-de-gellert-grindelwald-noyau-metal\/"]}]},{"@type":"ImageObject","inLanguage":"de","@id":"https:\/\/repliquemangacine.fr\/soldes\/baguette-de-gellert-grindelwald-noyau-metal\/#primaryimage","url":"https:\/\/repliquemangacine.fr\/wp-content\/uploads\/2023\/10\/baguette-grindelward-4.jpg","contentUrl":"https:\/\/repliquemangacine.fr\/wp-content\/uploads\/2023\/10\/baguette-grindelward-4.jpg","width":600,"height":600,"caption":"Baguette de Grindelwald Gellert Harry Potter"},{"@type":"BreadcrumbList","@id":"https:\/\/repliquemangacine.fr\/soldes\/baguette-de-gellert-grindelwald-noyau-metal\/#breadcrumb","itemListElement":[{"@type":"ListItem","position":1,"name":"Accueil","item":"https:\/\/repliquemangacine.fr\/"},{"@type":"ListItem","position":2,"name":"Produits","item":"https:\/\/repliquemangacine.fr\/boutique\/"},{"@type":"ListItem","position":3,"name":"Baguette Grindelwald"}]},{"@type":"WebSite","@id":"https:\/\/repliquemangacine.fr\/#website","url":"https:\/\/repliquemangacine.fr\/","name":"R\u00e9plique Manga Cin\u00e9","description":"","publisher":{"@id":"https:\/\/repliquemangacine.fr\/#organization"},"potentialAction":[{"@type":"SearchAction","target":{"@type":"EntryPoint","urlTemplate":"https:\/\/repliquemangacine.fr\/?s={search_term_string}"},"query-input":{"@type":"PropertyValueSpecification","valueRequired":true,"valueName":"search_term_string"}}],"inLanguage":"de"},{"@type":"Organization","@id":"https:\/\/repliquemangacine.fr\/#organization","name":"R\u00e9plique Manga Cin\u00e9","url":"https:\/\/repliquemangacine.fr\/","logo":{"@type":"ImageObject","inLanguage":"de","@id":"https:\/\/repliquemangacine.fr\/#\/schema\/logo\/image\/","url":"https:\/\/repliquemangacine.fr\/wp-content\/uploads\/2023\/10\/RMC-500250.png","contentUrl":"https:\/\/repliquemangacine.fr\/wp-content\/uploads\/2023\/10\/RMC-500250.png","width":500,"height":250,"caption":"R\u00e9plique Manga Cin\u00e9"},"image":{"@id":"https:\/\/repliquemangacine.fr\/#\/schema\/logo\/image\/"},"sameAs":["https:\/\/www.facebook.com\/RepliqueMangaCine","https:\/\/www.instagram.com\/repliquemangacine.fr\/"]}]}},"_links":{"self":[{"href":"https:\/\/repliquemangacine.fr\/de\/wp-json\/wp\/v2\/product\/49992","targetHints":{"allow":["GET"]}}],"collection":[{"href":"https:\/\/repliquemangacine.fr\/de\/wp-json\/wp\/v2\/product"}],"about":[{"href":"https:\/\/repliquemangacine.fr\/de\/wp-json\/wp\/v2\/types\/product"}],"wp:featuredmedia":[{"embeddable":true,"href":"https:\/\/repliquemangacine.fr\/de\/wp-json\/wp\/v2\/media\/49993"}],"wp:attachment":[{"href":"https:\/\/repliquemangacine.fr\/de\/wp-json\/wp\/v2\/media?parent=49992"}],"wp:term":[{"taxonomy":"product_brand","embeddable":true,"href":"https:\/\/repliquemangacine.fr\/de\/wp-json\/wp\/v2\/product_brand?post=49992"},{"taxonomy":"product_cat","embeddable":true,"href":"https:\/\/repliquemangacine.fr\/de\/wp-json\/wp\/v2\/product_cat?post=49992"},{"taxonomy":"product_tag","embeddable":true,"href":"https:\/\/repliquemangacine.fr\/de\/wp-json\/wp\/v2\/product_tag?post=49992"}],"curies":[{"name":"wp","href":"https:\/\/api.w.org\/{rel}","templated":true}]}}