





{"id":49905,"date":"2022-04-22T17:12:10","date_gmt":"2022-04-22T15:12:10","guid":{"rendered":"https:\/\/repliquemangacine.fr\/?post_type=product&#038;p=49905"},"modified":"2026-02-20T16:48:23","modified_gmt":"2026-02-20T15:48:23","slug":"arc-reactor-mk1-iron-man-herz-reaktor","status":"publish","type":"product","link":"https:\/\/repliquemangacine.fr\/de\/super-heros-marvel\/arc-reactor-mk1-iron-man-coeur-reacteur\/","title":{"rendered":"Iron Man-Herz"},"content":{"rendered":"<h2>Iron Man MK1-Herz - Arc Reactor.<\/h2>\n<p>Zu Beginn wird der <strong>Iron Man-Herz <\/strong>auf Englisch Arc Reactor ist eine exakte Nachbildung der Version MK1.<\/p>\n<p>Es gibt zwei Hauptversionen des Arc-Reaktors. Die industrielle, urspr\u00fcngliche Version in gro\u00dfem Ma\u00dfstab. Die miniaturisierte \"Plastron\"-Version, die von Tony Stark perfektioniert wurde.<\/p>\n<p>In den Jahren nach Howards Tod wurde das Projekt <a href=\"https:\/\/universcinematographiquemarvel.fandom.com\/fr\/wiki\/R\u00e9acteur_arc\" target=\"_blank\" rel=\"noopener noreferrer\">Arc Reactor<\/a> zu einer Priorit\u00e4t f\u00fcr die Gesellschaft geworden ist.<\/p>\n<p>W\u00e4hrend des Angriffs auf die Zehn Ringe und der Gefangennahme von Tony Stark explodiert eine Bombe in Starks N\u00e4he und verursacht Schrapnell in der N\u00e4he seines Herzens, was sein Leben bedroht.<br \/>\nDr. Ho Yinsen entfernt die meisten Granatsplitter, aber einige waren zu nahe an seinem Herzen. Daher entwickelte er eine Methode, um die Granatsplitter zu stoppen.<\/p>\n<h2>Ihr Iron Man-Herz zum besten Preis.<\/h2>\n<p>Wir bieten Ihnen eine gro\u00dfe Auswahl an Repliken der Avengers-Charaktere aus dem Marvel-Universum.<\/p>\n<p>Zun\u00e4chst einmal,<\/p>\n<ul>\n<li>Die<a href=\"https:\/\/repliquemangacine.fr\/de\/superheld\/captain-america-schild-luxusversion\/\"> Schild des Captain America<\/a> ganz aus Stahl, ein seltenes St\u00fcck f\u00fcr Ihre Sammlung.<\/li>\n<li>Es gibt auch den <a href=\"https:\/\/repliquemangacine.fr\/de\/superheld\/marteau-de-thor-mjoellnir-en-metal-avec-base\/\">Thors Hammer<\/a>Sie k\u00f6nnen das Buch in einer Luxus- oder Standardausf\u00fchrung erhalten.<\/li>\n<li>Sowie der Riese <a href=\"https:\/\/repliquemangacine.fr\/de\/superheld\/double-epee-de-thanos-avengers-endgame\/\">Doppelschwert von Thanos<\/a>.<\/li>\n<li>Und viele andere, die es in unserem Online-Shop zu entdecken gibt!<\/li>\n<\/ul>\n<p>Deshalb gibt es hier tolle Geschenkideen f\u00fcr Fans der Avengers!<\/p>\n<p>Abschlie\u00dfend k\u00f6nnen Sie auch den <strong>Iron Man-Herz<\/strong> f\u00fcr Ihre Cosplay-Paraden oder Themenabende. Vor allem aber ist das Herzst\u00fcck des Reaktors, auch ein Sammler- und Dekorationsst\u00fcck.<\/p>\n<h2>Wie werden unsere Marvel Avengers-Merchandise-Artikel hergestellt?<\/h2>\n<p>Zun\u00e4chst einmal sind alle unsere Produkte von hoher Qualit\u00e4t und werden mit besonderer Sorgfalt hergestellt. Die Herstellung erfolgt zum Teil von Hand, um jedes noch so kleine Detail zu reproduzieren. Gr\u00f6\u00dfere Teile werden von pr\u00e4zisen Maschinen bearbeitet. Die Gravuren werden in der Regel mit einer Diamantspitze oder einem Laser vorgenommen.<\/p>\n<p>Ihre <strong>Iron Man-Herz<\/strong> wurde so gefertigt, dass jedes Detail exakt nachgebildet ist. Von den maschinell bearbeiteten Metallteilen \u00fcber den Kupferdraht bis hin zu den hochintensiven LEDs.<\/p>\n<p>Abschlie\u00dfend sei gesagt, dass unsere Repliken, die aus China oder Spanien importiert wurden, Sie in Erstaunen versetzen werden!<\/p>\n<p>R\u00e9plique Manga Cin\u00e9 ist ein franz\u00f6sisches Familienunternehmen.<\/p>","protected":false},"excerpt":{"rendered":"<p>Nachbau des Arc-Reaktors MK1.<\/p>\n<ul>\n<li>Aus Aluminium, rostfreiem Stahl und geformtem Kunststoff.<\/li>\n<li>Hochintensive Leds.<\/li>\n<li>Er zieht sich von seiner Basis zur\u00fcck.<\/li>\n<li>Kreisf\u00f6rmiger St\u00e4nder aus Metall, Durchmesser 12 cm mit Gravur.<\/li>\n<li>Vitrinenblock aus Plexiglas.<\/li>\n<li>1,20 m langes USB-Kabel.<\/li>\n<li>Gesamth\u00f6he: 19 cm - Gesamtbreite: 16.5 cm<\/li>\n<\/ul>","protected":false},"featured_media":49906,"template":"","meta":[],"product_brand":[896],"product_cat":[24,59],"product_tag":[],"class_list":{"0":"post-49905","1":"product","2":"type-product","3":"status-publish","4":"has-post-thumbnail","6":"product_brand-replique-manga-cine","7":"product_cat-films-series-tv-vente-de-katana-epee-et-produits-derives","8":"product_cat-super-heros-marvel","10":"first","11":"outofstock","12":"sale","13":"taxable","14":"shipping-taxable","15":"purchasable","16":"product-type-simple"},"yoast_head":"<!-- This site is optimized with the Yoast SEO plugin v27.5 - https:\/\/yoast.com\/product\/yoast-seo-wordpress\/ -->\n<title>C\u0153ur Iron Man - R\u00e9pliques Avengers - R\u00e9plique Manga Cin\u00e9<\/title>\n<meta name=\"description\" content=\"Offrez-lui le C\u0153ur Iron Man MK1 au meilleur prix. Haute qualit\u00e9 - Sous vitrine en plexiglas - Eclairage par Led - Hauteur : 19 cm - Largeur : 16.5 cm\" \/>\n<meta name=\"robots\" content=\"index, follow, max-snippet:-1, max-image-preview:large, max-video-preview:-1\" \/>\n<link rel=\"canonical\" href=\"https:\/\/repliquemangacine.fr\/de\/marvel-super-heros\/arc-reactor-mk1-iron-man-herz-reaktor\/\" \/>\n<meta property=\"og:locale\" content=\"de_DE\" \/>\n<meta property=\"og:type\" content=\"article\" \/>\n<meta property=\"og:title\" content=\"C\u0153ur Iron Man - R\u00e9pliques Avengers - R\u00e9plique Manga Cin\u00e9\" \/>\n<meta property=\"og:description\" content=\"Offrez-lui le C\u0153ur Iron Man MK1 au meilleur prix. Haute qualit\u00e9 - Sous vitrine en plexiglas - Eclairage par Led - Hauteur : 19 cm - Largeur : 16.5 cm\" \/>\n<meta property=\"og:url\" content=\"https:\/\/repliquemangacine.fr\/de\/marvel-super-heros\/arc-reactor-mk1-iron-man-herz-reaktor\/\" \/>\n<meta property=\"og:site_name\" content=\"R\u00e9plique Manga Cin\u00e9\" \/>\n<meta property=\"article:publisher\" content=\"https:\/\/www.facebook.com\/RepliqueMangaCine\" \/>\n<meta property=\"article:modified_time\" content=\"2026-02-20T15:48:23+00:00\" \/>\n<meta property=\"og:image\" content=\"https:\/\/repliquemangacine.fr\/wp-content\/uploads\/2023\/10\/coeur-tony-stark-7.jpg\" \/>\n\t<meta property=\"og:image:width\" content=\"600\" \/>\n\t<meta property=\"og:image:height\" content=\"600\" \/>\n\t<meta property=\"og:image:type\" content=\"image\/jpeg\" \/>\n<meta name=\"twitter:card\" content=\"summary_large_image\" \/>\n<meta name=\"twitter:label1\" content=\"Gesch\u00e4tzte Lesezeit\" \/>\n\t<meta name=\"twitter:data1\" content=\"3\u00a0Minuten\" \/>\n<script type=\"application\/ld+json\" class=\"yoast-schema-graph\">{\"@context\":\"https:\\\/\\\/schema.org\",\"@graph\":[{\"@type\":\"WebPage\",\"@id\":\"https:\\\/\\\/repliquemangacine.fr\\\/super-heros-marvel\\\/arc-reactor-mk1-iron-man-coeur-reacteur\\\/\",\"url\":\"https:\\\/\\\/repliquemangacine.fr\\\/super-heros-marvel\\\/arc-reactor-mk1-iron-man-coeur-reacteur\\\/\",\"name\":\"C\u0153ur Iron Man - R\u00e9pliques Avengers - R\u00e9plique Manga Cin\u00e9\",\"isPartOf\":{\"@id\":\"https:\\\/\\\/repliquemangacine.fr\\\/#website\"},\"primaryImageOfPage\":{\"@id\":\"https:\\\/\\\/repliquemangacine.fr\\\/super-heros-marvel\\\/arc-reactor-mk1-iron-man-coeur-reacteur\\\/#primaryimage\"},\"image\":{\"@id\":\"https:\\\/\\\/repliquemangacine.fr\\\/super-heros-marvel\\\/arc-reactor-mk1-iron-man-coeur-reacteur\\\/#primaryimage\"},\"thumbnailUrl\":\"https:\\\/\\\/repliquemangacine.fr\\\/wp-content\\\/uploads\\\/2023\\\/10\\\/coeur-tony-stark-7.jpg\",\"datePublished\":\"2022-04-22T15:12:10+00:00\",\"dateModified\":\"2026-02-20T15:48:23+00:00\",\"description\":\"Offrez-lui le C\u0153ur Iron Man MK1 au meilleur prix. Haute qualit\u00e9 - Sous vitrine en plexiglas - Eclairage par Led - Hauteur : 19 cm - Largeur : 16.5 cm\",\"breadcrumb\":{\"@id\":\"https:\\\/\\\/repliquemangacine.fr\\\/super-heros-marvel\\\/arc-reactor-mk1-iron-man-coeur-reacteur\\\/#breadcrumb\"},\"inLanguage\":\"de\",\"potentialAction\":[{\"@type\":\"ReadAction\",\"target\":[\"https:\\\/\\\/repliquemangacine.fr\\\/super-heros-marvel\\\/arc-reactor-mk1-iron-man-coeur-reacteur\\\/\"]}]},{\"@type\":\"ImageObject\",\"inLanguage\":\"de\",\"@id\":\"https:\\\/\\\/repliquemangacine.fr\\\/super-heros-marvel\\\/arc-reactor-mk1-iron-man-coeur-reacteur\\\/#primaryimage\",\"url\":\"https:\\\/\\\/repliquemangacine.fr\\\/wp-content\\\/uploads\\\/2023\\\/10\\\/coeur-tony-stark-7.jpg\",\"contentUrl\":\"https:\\\/\\\/repliquemangacine.fr\\\/wp-content\\\/uploads\\\/2023\\\/10\\\/coeur-tony-stark-7.jpg\",\"width\":600,\"height\":600,\"caption\":\"R\u00e9plique Coeur r\u00e9acteur \u00e0 led Iron Man\"},{\"@type\":\"BreadcrumbList\",\"@id\":\"https:\\\/\\\/repliquemangacine.fr\\\/super-heros-marvel\\\/arc-reactor-mk1-iron-man-coeur-reacteur\\\/#breadcrumb\",\"itemListElement\":[{\"@type\":\"ListItem\",\"position\":1,\"name\":\"Accueil\",\"item\":\"https:\\\/\\\/repliquemangacine.fr\\\/\"},{\"@type\":\"ListItem\",\"position\":2,\"name\":\"Produits\",\"item\":\"https:\\\/\\\/repliquemangacine.fr\\\/boutique\\\/\"},{\"@type\":\"ListItem\",\"position\":3,\"name\":\"C\u0153ur Iron Man\"}]},{\"@type\":\"WebSite\",\"@id\":\"https:\\\/\\\/repliquemangacine.fr\\\/#website\",\"url\":\"https:\\\/\\\/repliquemangacine.fr\\\/\",\"name\":\"R\u00e9plique Manga Cin\u00e9\",\"description\":\"\",\"publisher\":{\"@id\":\"https:\\\/\\\/repliquemangacine.fr\\\/#organization\"},\"potentialAction\":[{\"@type\":\"SearchAction\",\"target\":{\"@type\":\"EntryPoint\",\"urlTemplate\":\"https:\\\/\\\/repliquemangacine.fr\\\/?s={search_term_string}\"},\"query-input\":{\"@type\":\"PropertyValueSpecification\",\"valueRequired\":true,\"valueName\":\"search_term_string\"}}],\"inLanguage\":\"de\"},{\"@type\":\"Organization\",\"@id\":\"https:\\\/\\\/repliquemangacine.fr\\\/#organization\",\"name\":\"R\u00e9plique Manga Cin\u00e9\",\"url\":\"https:\\\/\\\/repliquemangacine.fr\\\/\",\"logo\":{\"@type\":\"ImageObject\",\"inLanguage\":\"de\",\"@id\":\"https:\\\/\\\/repliquemangacine.fr\\\/#\\\/schema\\\/logo\\\/image\\\/\",\"url\":\"https:\\\/\\\/repliquemangacine.fr\\\/wp-content\\\/uploads\\\/2023\\\/10\\\/RMC-500250.png\",\"contentUrl\":\"https:\\\/\\\/repliquemangacine.fr\\\/wp-content\\\/uploads\\\/2023\\\/10\\\/RMC-500250.png\",\"width\":500,\"height\":250,\"caption\":\"R\u00e9plique Manga Cin\u00e9\"},\"image\":{\"@id\":\"https:\\\/\\\/repliquemangacine.fr\\\/#\\\/schema\\\/logo\\\/image\\\/\"},\"sameAs\":[\"https:\\\/\\\/www.facebook.com\\\/RepliqueMangaCine\",\"https:\\\/\\\/www.instagram.com\\\/repliquemangacine.fr\\\/\"]}]}<\/script>\n<!-- \/ Yoast SEO plugin. -->","yoast_head_json":{"title":"Iron Man Herz - Avengers Replikas - R\u00e9plique Manga Cin\u00e9","description":"Schenken Sie ihm das Iron Man MK1 Herz zum besten Preis. Hohe Qualit\u00e4t - Plexiglas-Untervitrine - Led-Beleuchtung - H\u00f6he: 19 cm - Breite: 16.5 cm","robots":{"index":"index","follow":"follow","max-snippet":"max-snippet:-1","max-image-preview":"max-image-preview:large","max-video-preview":"max-video-preview:-1"},"canonical":"https:\/\/repliquemangacine.fr\/de\/marvel-super-heros\/arc-reactor-mk1-iron-man-herz-reaktor\/","og_locale":"de_DE","og_type":"article","og_title":"C\u0153ur Iron Man - R\u00e9pliques Avengers - R\u00e9plique Manga Cin\u00e9","og_description":"Offrez-lui le C\u0153ur Iron Man MK1 au meilleur prix. Haute qualit\u00e9 - Sous vitrine en plexiglas - Eclairage par Led - Hauteur : 19 cm - Largeur : 16.5 cm","og_url":"https:\/\/repliquemangacine.fr\/de\/marvel-super-heros\/arc-reactor-mk1-iron-man-herz-reaktor\/","og_site_name":"R\u00e9plique Manga Cin\u00e9","article_publisher":"https:\/\/www.facebook.com\/RepliqueMangaCine","article_modified_time":"2026-02-20T15:48:23+00:00","og_image":[{"width":600,"height":600,"url":"https:\/\/repliquemangacine.fr\/wp-content\/uploads\/2023\/10\/coeur-tony-stark-7.jpg","type":"image\/jpeg"}],"twitter_card":"summary_large_image","twitter_misc":{"Gesch\u00e4tzte Lesezeit":"3\u00a0Minuten"},"schema":{"@context":"https:\/\/schema.org","@graph":[{"@type":"WebPage","@id":"https:\/\/repliquemangacine.fr\/super-heros-marvel\/arc-reactor-mk1-iron-man-coeur-reacteur\/","url":"https:\/\/repliquemangacine.fr\/super-heros-marvel\/arc-reactor-mk1-iron-man-coeur-reacteur\/","name":"Iron Man Herz - Avengers Replikas - R\u00e9plique Manga Cin\u00e9","isPartOf":{"@id":"https:\/\/repliquemangacine.fr\/#website"},"primaryImageOfPage":{"@id":"https:\/\/repliquemangacine.fr\/super-heros-marvel\/arc-reactor-mk1-iron-man-coeur-reacteur\/#primaryimage"},"image":{"@id":"https:\/\/repliquemangacine.fr\/super-heros-marvel\/arc-reactor-mk1-iron-man-coeur-reacteur\/#primaryimage"},"thumbnailUrl":"https:\/\/repliquemangacine.fr\/wp-content\/uploads\/2023\/10\/coeur-tony-stark-7.jpg","datePublished":"2022-04-22T15:12:10+00:00","dateModified":"2026-02-20T15:48:23+00:00","description":"Schenken Sie ihm das Iron Man MK1 Herz zum besten Preis. Hohe Qualit\u00e4t - Plexiglas-Untervitrine - Led-Beleuchtung - H\u00f6he: 19 cm - Breite: 16.5 cm","breadcrumb":{"@id":"https:\/\/repliquemangacine.fr\/super-heros-marvel\/arc-reactor-mk1-iron-man-coeur-reacteur\/#breadcrumb"},"inLanguage":"de","potentialAction":[{"@type":"ReadAction","target":["https:\/\/repliquemangacine.fr\/super-heros-marvel\/arc-reactor-mk1-iron-man-coeur-reacteur\/"]}]},{"@type":"ImageObject","inLanguage":"de","@id":"https:\/\/repliquemangacine.fr\/super-heros-marvel\/arc-reactor-mk1-iron-man-coeur-reacteur\/#primaryimage","url":"https:\/\/repliquemangacine.fr\/wp-content\/uploads\/2023\/10\/coeur-tony-stark-7.jpg","contentUrl":"https:\/\/repliquemangacine.fr\/wp-content\/uploads\/2023\/10\/coeur-tony-stark-7.jpg","width":600,"height":600,"caption":"R\u00e9plique Coeur r\u00e9acteur \u00e0 led Iron Man"},{"@type":"BreadcrumbList","@id":"https:\/\/repliquemangacine.fr\/super-heros-marvel\/arc-reactor-mk1-iron-man-coeur-reacteur\/#breadcrumb","itemListElement":[{"@type":"ListItem","position":1,"name":"Accueil","item":"https:\/\/repliquemangacine.fr\/"},{"@type":"ListItem","position":2,"name":"Produits","item":"https:\/\/repliquemangacine.fr\/boutique\/"},{"@type":"ListItem","position":3,"name":"C\u0153ur Iron Man"}]},{"@type":"WebSite","@id":"https:\/\/repliquemangacine.fr\/#website","url":"https:\/\/repliquemangacine.fr\/","name":"R\u00e9plique Manga Cin\u00e9","description":"","publisher":{"@id":"https:\/\/repliquemangacine.fr\/#organization"},"potentialAction":[{"@type":"SearchAction","target":{"@type":"EntryPoint","urlTemplate":"https:\/\/repliquemangacine.fr\/?s={search_term_string}"},"query-input":{"@type":"PropertyValueSpecification","valueRequired":true,"valueName":"search_term_string"}}],"inLanguage":"de"},{"@type":"Organization","@id":"https:\/\/repliquemangacine.fr\/#organization","name":"R\u00e9plique Manga Cin\u00e9","url":"https:\/\/repliquemangacine.fr\/","logo":{"@type":"ImageObject","inLanguage":"de","@id":"https:\/\/repliquemangacine.fr\/#\/schema\/logo\/image\/","url":"https:\/\/repliquemangacine.fr\/wp-content\/uploads\/2023\/10\/RMC-500250.png","contentUrl":"https:\/\/repliquemangacine.fr\/wp-content\/uploads\/2023\/10\/RMC-500250.png","width":500,"height":250,"caption":"R\u00e9plique Manga Cin\u00e9"},"image":{"@id":"https:\/\/repliquemangacine.fr\/#\/schema\/logo\/image\/"},"sameAs":["https:\/\/www.facebook.com\/RepliqueMangaCine","https:\/\/www.instagram.com\/repliquemangacine.fr\/"]}]}},"_links":{"self":[{"href":"https:\/\/repliquemangacine.fr\/de\/wp-json\/wp\/v2\/product\/49905","targetHints":{"allow":["GET"]}}],"collection":[{"href":"https:\/\/repliquemangacine.fr\/de\/wp-json\/wp\/v2\/product"}],"about":[{"href":"https:\/\/repliquemangacine.fr\/de\/wp-json\/wp\/v2\/types\/product"}],"wp:featuredmedia":[{"embeddable":true,"href":"https:\/\/repliquemangacine.fr\/de\/wp-json\/wp\/v2\/media\/49906"}],"wp:attachment":[{"href":"https:\/\/repliquemangacine.fr\/de\/wp-json\/wp\/v2\/media?parent=49905"}],"wp:term":[{"taxonomy":"product_brand","embeddable":true,"href":"https:\/\/repliquemangacine.fr\/de\/wp-json\/wp\/v2\/product_brand?post=49905"},{"taxonomy":"product_cat","embeddable":true,"href":"https:\/\/repliquemangacine.fr\/de\/wp-json\/wp\/v2\/product_cat?post=49905"},{"taxonomy":"product_tag","embeddable":true,"href":"https:\/\/repliquemangacine.fr\/de\/wp-json\/wp\/v2\/product_tag?post=49905"}],"curies":[{"name":"wp","href":"https:\/\/api.w.org\/{rel}","templated":true}]}}