





{"id":49880,"date":"2022-04-22T12:35:41","date_gmt":"2022-04-22T10:35:41","guid":{"rendered":"https:\/\/repliquemangacine.fr\/?post_type=product&#038;p=49880"},"modified":"2026-04-02T00:24:54","modified_gmt":"2026-04-01T22:24:54","slug":"thundercats-schwert-omens-kosmocats-starlion-sabel","status":"publish","type":"product","link":"https:\/\/repliquemangacine.fr\/de\/katana-et-epee-de-manga-anime-autre-manga\/thundercats-epee-omens-cosmocats-sabre-de-starlion\/","title":{"rendered":"Schwert Omens Cosmocats"},"content":{"rendered":"<h2>Omens Cosmocats-Schwert, Starlion-Schwert.<\/h2>\n<p>Zu Beginn wird die<strong>Schwert Omens Cosmocats<\/strong> wurde bei seiner Erstausstrahlung \u201eThe Sword of Omens\u201d genannt.<\/p>\n<p>Cosmocats (ThunderCats), amerikanische Zeichentrickserie. 2011 wurde ein Remake der Serie produziert, wobei die franz\u00f6sische Version den Originaltitel ThunderCats beibehielt.<\/p>\n<p>Diese Serie erz\u00e4hlt von den K\u00e4mpfen zwischen den Cosmocats, einer Rasse humanoider Katzenwesen unter der F\u00fchrung des jungen und tapferen Starlion, und den Mutanten, einer Rasse teuflischer Monster. Die Mutanten haben die Cosmocats von ihrem Planeten Thundera vertrieben und sie bis in ihre neue Welt, die 3. Erde, verfolgt, wo ein gef\u00fcrchteter Feind lebt: Mumm-Ra.<\/p>\n<p><a href=\"https:\/\/thundercats-ho.fandom.com\/wiki\/Cosmocats_Lion-O\" target=\"_blank\" rel=\"noopener noreferrer\">Starlion,<\/a> Der junge Herrscher der Cosmocats tr\u00e4gt stets das Schwert Omens (Schwert der Vorzeichen) mit dem Auge von Thundera sowie seinen Schutzhandschuh, der auch einen Enterhaken enth\u00e4lt.<br \/>\nIm Gefahrenfall sendet das Schwert ein Leuchtsignal aus, das die anderen Cosmocats warnt.<\/p>\n<h2>Ihr Omens Cosmocats Schwert zum besten Preis<\/h2>\n<p>Wir bieten Ihnen alle Repliken Ihrer Lieblingscharaktere aus Mangas und Videospielen.<\/p>\n<p>Zun\u00e4chst einmal,<\/p>\n<ul>\n<li>L'<a href=\"https:\/\/repliquemangacine.fr\/de\/anderer-manga\/epee-de-liz-dans-seven-deadly-sins-epee-meliodas\/\">liz-Schwert<\/a> der Meliodas in Seven Deadly Sins gegeben wurde.<\/li>\n<li>Es gibt auch die<a href=\"https:\/\/repliquemangacine.fr\/de\/anderer-manga\/rin-schwert-blue-exorcist-katana-kurikara\/\">Rins Schwert<\/a> bei Blue Exorcist<\/li>\n<li>Und viele andere, die es in unserem Online-Shop zu entdecken gibt!<\/li>\n<\/ul>\n<p>Deshalb gibt es hier einige gro\u00dfartige Geschenkideen f\u00fcr Fans von Thundercats.<\/p>\n<p>Abschlie\u00dfend k\u00f6nnen Sie auch diesen <strong>Schwert Omens Cosmocats<\/strong> f\u00fcr Ihre Cosplay-Paraden oder Ihre Themenabende. Vor allem aber ist das Schwert von Starlion auch ein Sammler- und Dekorationsst\u00fcck.<\/p>\n<p>R\u00e9plique Manga Cin\u00e9 ist ein franz\u00f6sisches Unternehmen.<\/p>\n<h2>Wie pflegt man die Klinge seines Manga-Schwerts?<\/h2>\n<p>Sammlungs- und Dekorationsschwerter werden in vereinfachter Form hergestellt und zusammengebaut. Da sie zu Dekorationszwecken verwendet werden, fehlen ihnen die Sicherheitselemente, die ein japanisches Schwert f\u00fcr Trainingszwecke aufweisen muss.<\/p>\n<p>Allerdings ist Ihr <strong>Schwert Omens Cosmocats<\/strong> zu einer Stahlklinge, die gepflegt werden muss, damit sie nicht mit der Zeit abgenutzt wird. Denn wenn du dein Katana ausstellst, werden deine Freunde neugierig sein, die Klinge zu sehen und sie zu ber\u00fchren. Hier ist Vorsicht geboten, denn Sie sollten wissen, dass die S\u00e4ure der Finger dem Stahl unabh\u00e4ngig von seiner Qualit\u00e4t sehr schadet.<\/p>\n<p>Wenn dies jedoch passiert, keine Panik, Sie brauchen nur ein Tuch, das mit etwas \u00d6l befeuchtet ist, und wischen die Fingerabdr\u00fccke ab. Wenn Sie dies tun, werden Sie Ihr Schwert sehr lange behalten.<\/p>\n<p><strong>\u00a0<\/strong><\/p>","protected":false},"excerpt":{"rendered":"<p>Omens-Schwert, das von Starlion im Anime Thundercats Cosmocats verwendet wird.<\/p>\n<ul>\n<li>Klinge aus rostfreiem Stahl mit Hohlkehle.<\/li>\n<li>Griff aus Metall mit roten und blauen Steinen verziert.<\/li>\n<li>Stahlwache mit dem Auge Thunderas.<\/li>\n<li>L\u00e4nge der Klinge: 82 cm - Gesamtl\u00e4nge: 120 cm - Gewicht: 1910 grs<\/li>\n<\/ul>","protected":false},"featured_media":91848,"template":"","meta":[],"product_brand":[896],"product_cat":[65,23],"product_tag":[],"class_list":{"0":"post-49880","1":"product","2":"type-product","3":"status-publish","4":"has-post-thumbnail","6":"product_brand-replique-manga-cine","7":"product_cat-katana-et-epee-de-manga-anime-autre-manga","8":"product_cat-repliques-manga-jeux-video","10":"first","11":"instock","12":"taxable","13":"shipping-taxable","14":"purchasable","15":"product-type-simple"},"yoast_head":"<!-- This site is optimized with the Yoast SEO plugin v27.5 - https:\/\/yoast.com\/product\/yoast-seo-wordpress\/ -->\n<title>Ep\u00e9e Omens Cosmocats - Sabre Starlion - R\u00e9plique Manga Cin\u00e9<\/title>\n<meta name=\"description\" content=\"Offrez-vous l&#039;Ep\u00e9e Omens Cosmocats au meilleur prix. Lame en acier 440 - Garde avec symbole de Thundera. Echelle 1\/1 - Longueur : 120 cm - Envoi 24\/48h\" \/>\n<meta name=\"robots\" content=\"index, follow, max-snippet:-1, max-image-preview:large, max-video-preview:-1\" \/>\n<link rel=\"canonical\" href=\"https:\/\/repliquemangacine.fr\/de\/katana-und-schwert-von-manga-anime-andere-manga\/thundercats-schwert-omens-kosmocats-starlion-sabel\/\" \/>\n<meta property=\"og:locale\" content=\"de_DE\" \/>\n<meta property=\"og:type\" content=\"article\" \/>\n<meta property=\"og:title\" content=\"Ep\u00e9e Omens Cosmocats - Sabre Starlion - R\u00e9plique Manga Cin\u00e9\" \/>\n<meta property=\"og:description\" content=\"Offrez-vous l&#039;Ep\u00e9e Omens Cosmocats au meilleur prix. Lame en acier 440 - Garde avec symbole de Thundera. Echelle 1\/1 - Longueur : 120 cm - Envoi 24\/48h\" \/>\n<meta property=\"og:url\" content=\"https:\/\/repliquemangacine.fr\/de\/katana-und-schwert-von-manga-anime-andere-manga\/thundercats-schwert-omens-kosmocats-starlion-sabel\/\" \/>\n<meta property=\"og:site_name\" content=\"R\u00e9plique Manga Cin\u00e9\" \/>\n<meta property=\"article:publisher\" content=\"https:\/\/www.facebook.com\/RepliqueMangaCine\" \/>\n<meta property=\"article:modified_time\" content=\"2026-04-01T22:24:54+00:00\" \/>\n<meta property=\"og:image\" content=\"https:\/\/repliquemangacine.fr\/wp-content\/uploads\/2022\/04\/Epee-Omens-Cosmocats.jpg\" \/>\n\t<meta property=\"og:image:width\" content=\"700\" \/>\n\t<meta property=\"og:image:height\" content=\"700\" \/>\n\t<meta property=\"og:image:type\" content=\"image\/jpeg\" \/>\n<meta name=\"twitter:card\" content=\"summary_large_image\" \/>\n<meta name=\"twitter:label1\" content=\"Gesch\u00e4tzte Lesezeit\" \/>\n\t<meta name=\"twitter:data1\" content=\"3\u00a0Minuten\" \/>\n<script type=\"application\/ld+json\" class=\"yoast-schema-graph\">{\"@context\":\"https:\\\/\\\/schema.org\",\"@graph\":[{\"@type\":\"WebPage\",\"@id\":\"https:\\\/\\\/repliquemangacine.fr\\\/katana-et-epee-de-manga-anime-autre-manga\\\/thundercats-epee-omens-cosmocats-sabre-de-starlion\\\/\",\"url\":\"https:\\\/\\\/repliquemangacine.fr\\\/katana-et-epee-de-manga-anime-autre-manga\\\/thundercats-epee-omens-cosmocats-sabre-de-starlion\\\/\",\"name\":\"Ep\u00e9e Omens Cosmocats - Sabre Starlion - R\u00e9plique Manga Cin\u00e9\",\"isPartOf\":{\"@id\":\"https:\\\/\\\/repliquemangacine.fr\\\/#website\"},\"primaryImageOfPage\":{\"@id\":\"https:\\\/\\\/repliquemangacine.fr\\\/katana-et-epee-de-manga-anime-autre-manga\\\/thundercats-epee-omens-cosmocats-sabre-de-starlion\\\/#primaryimage\"},\"image\":{\"@id\":\"https:\\\/\\\/repliquemangacine.fr\\\/katana-et-epee-de-manga-anime-autre-manga\\\/thundercats-epee-omens-cosmocats-sabre-de-starlion\\\/#primaryimage\"},\"thumbnailUrl\":\"https:\\\/\\\/repliquemangacine.fr\\\/wp-content\\\/uploads\\\/2022\\\/04\\\/Epee-Omens-Cosmocats.jpg\",\"datePublished\":\"2022-04-22T10:35:41+00:00\",\"dateModified\":\"2026-04-01T22:24:54+00:00\",\"description\":\"Offrez-vous l'Ep\u00e9e Omens Cosmocats au meilleur prix. Lame en acier 440 - Garde avec symbole de Thundera. Echelle 1\\\/1 - Longueur : 120 cm - Envoi 24\\\/48h\",\"breadcrumb\":{\"@id\":\"https:\\\/\\\/repliquemangacine.fr\\\/katana-et-epee-de-manga-anime-autre-manga\\\/thundercats-epee-omens-cosmocats-sabre-de-starlion\\\/#breadcrumb\"},\"inLanguage\":\"de\",\"potentialAction\":[{\"@type\":\"ReadAction\",\"target\":[\"https:\\\/\\\/repliquemangacine.fr\\\/katana-et-epee-de-manga-anime-autre-manga\\\/thundercats-epee-omens-cosmocats-sabre-de-starlion\\\/\"]}]},{\"@type\":\"ImageObject\",\"inLanguage\":\"de\",\"@id\":\"https:\\\/\\\/repliquemangacine.fr\\\/katana-et-epee-de-manga-anime-autre-manga\\\/thundercats-epee-omens-cosmocats-sabre-de-starlion\\\/#primaryimage\",\"url\":\"https:\\\/\\\/repliquemangacine.fr\\\/wp-content\\\/uploads\\\/2022\\\/04\\\/Epee-Omens-Cosmocats.jpg\",\"contentUrl\":\"https:\\\/\\\/repliquemangacine.fr\\\/wp-content\\\/uploads\\\/2022\\\/04\\\/Epee-Omens-Cosmocats.jpg\",\"width\":700,\"height\":700,\"caption\":\"Ep\u00e9e Omens Cosmocats\"},{\"@type\":\"BreadcrumbList\",\"@id\":\"https:\\\/\\\/repliquemangacine.fr\\\/katana-et-epee-de-manga-anime-autre-manga\\\/thundercats-epee-omens-cosmocats-sabre-de-starlion\\\/#breadcrumb\",\"itemListElement\":[{\"@type\":\"ListItem\",\"position\":1,\"name\":\"Accueil\",\"item\":\"https:\\\/\\\/repliquemangacine.fr\\\/\"},{\"@type\":\"ListItem\",\"position\":2,\"name\":\"Produits\",\"item\":\"https:\\\/\\\/repliquemangacine.fr\\\/boutique\\\/\"},{\"@type\":\"ListItem\",\"position\":3,\"name\":\"Ep\u00e9e Omens Cosmocats\"}]},{\"@type\":\"WebSite\",\"@id\":\"https:\\\/\\\/repliquemangacine.fr\\\/#website\",\"url\":\"https:\\\/\\\/repliquemangacine.fr\\\/\",\"name\":\"R\u00e9plique Manga Cin\u00e9\",\"description\":\"\",\"publisher\":{\"@id\":\"https:\\\/\\\/repliquemangacine.fr\\\/#organization\"},\"potentialAction\":[{\"@type\":\"SearchAction\",\"target\":{\"@type\":\"EntryPoint\",\"urlTemplate\":\"https:\\\/\\\/repliquemangacine.fr\\\/?s={search_term_string}\"},\"query-input\":{\"@type\":\"PropertyValueSpecification\",\"valueRequired\":true,\"valueName\":\"search_term_string\"}}],\"inLanguage\":\"de\"},{\"@type\":\"Organization\",\"@id\":\"https:\\\/\\\/repliquemangacine.fr\\\/#organization\",\"name\":\"R\u00e9plique Manga Cin\u00e9\",\"url\":\"https:\\\/\\\/repliquemangacine.fr\\\/\",\"logo\":{\"@type\":\"ImageObject\",\"inLanguage\":\"de\",\"@id\":\"https:\\\/\\\/repliquemangacine.fr\\\/#\\\/schema\\\/logo\\\/image\\\/\",\"url\":\"https:\\\/\\\/repliquemangacine.fr\\\/wp-content\\\/uploads\\\/2023\\\/10\\\/RMC-500250.png\",\"contentUrl\":\"https:\\\/\\\/repliquemangacine.fr\\\/wp-content\\\/uploads\\\/2023\\\/10\\\/RMC-500250.png\",\"width\":500,\"height\":250,\"caption\":\"R\u00e9plique Manga Cin\u00e9\"},\"image\":{\"@id\":\"https:\\\/\\\/repliquemangacine.fr\\\/#\\\/schema\\\/logo\\\/image\\\/\"},\"sameAs\":[\"https:\\\/\\\/www.facebook.com\\\/RepliqueMangaCine\",\"https:\\\/\\\/www.instagram.com\\\/repliquemangacine.fr\\\/\"]}]}<\/script>\n<!-- \/ Yoast SEO plugin. -->","yoast_head_json":{"title":"Schwert Omens Cosmocats - Starlion-S\u00e4bel - R\u00e9plique Manga Cin\u00e9","description":"Bieten Sie das Omens Cosmocats Schwert zum besten Preis an. Klinge aus 440er Stahl - Heft mit Thundera-Symbol. Ma\u00dfstab 1\/1 - L\u00e4nge: 120 cm - Versand 24\/48h","robots":{"index":"index","follow":"follow","max-snippet":"max-snippet:-1","max-image-preview":"max-image-preview:large","max-video-preview":"max-video-preview:-1"},"canonical":"https:\/\/repliquemangacine.fr\/de\/katana-und-schwert-von-manga-anime-andere-manga\/thundercats-schwert-omens-kosmocats-starlion-sabel\/","og_locale":"de_DE","og_type":"article","og_title":"Ep\u00e9e Omens Cosmocats - Sabre Starlion - R\u00e9plique Manga Cin\u00e9","og_description":"Offrez-vous l'Ep\u00e9e Omens Cosmocats au meilleur prix. Lame en acier 440 - Garde avec symbole de Thundera. Echelle 1\/1 - Longueur : 120 cm - Envoi 24\/48h","og_url":"https:\/\/repliquemangacine.fr\/de\/katana-und-schwert-von-manga-anime-andere-manga\/thundercats-schwert-omens-kosmocats-starlion-sabel\/","og_site_name":"R\u00e9plique Manga Cin\u00e9","article_publisher":"https:\/\/www.facebook.com\/RepliqueMangaCine","article_modified_time":"2026-04-01T22:24:54+00:00","og_image":[{"width":700,"height":700,"url":"https:\/\/repliquemangacine.fr\/wp-content\/uploads\/2022\/04\/Epee-Omens-Cosmocats.jpg","type":"image\/jpeg"}],"twitter_card":"summary_large_image","twitter_misc":{"Gesch\u00e4tzte Lesezeit":"3\u00a0Minuten"},"schema":{"@context":"https:\/\/schema.org","@graph":[{"@type":"WebPage","@id":"https:\/\/repliquemangacine.fr\/katana-et-epee-de-manga-anime-autre-manga\/thundercats-epee-omens-cosmocats-sabre-de-starlion\/","url":"https:\/\/repliquemangacine.fr\/katana-et-epee-de-manga-anime-autre-manga\/thundercats-epee-omens-cosmocats-sabre-de-starlion\/","name":"Schwert Omens Cosmocats - Starlion-S\u00e4bel - R\u00e9plique Manga Cin\u00e9","isPartOf":{"@id":"https:\/\/repliquemangacine.fr\/#website"},"primaryImageOfPage":{"@id":"https:\/\/repliquemangacine.fr\/katana-et-epee-de-manga-anime-autre-manga\/thundercats-epee-omens-cosmocats-sabre-de-starlion\/#primaryimage"},"image":{"@id":"https:\/\/repliquemangacine.fr\/katana-et-epee-de-manga-anime-autre-manga\/thundercats-epee-omens-cosmocats-sabre-de-starlion\/#primaryimage"},"thumbnailUrl":"https:\/\/repliquemangacine.fr\/wp-content\/uploads\/2022\/04\/Epee-Omens-Cosmocats.jpg","datePublished":"2022-04-22T10:35:41+00:00","dateModified":"2026-04-01T22:24:54+00:00","description":"Bieten Sie das Omens Cosmocats Schwert zum besten Preis an. Klinge aus 440er Stahl - Heft mit Thundera-Symbol. Ma\u00dfstab 1\/1 - L\u00e4nge: 120 cm - Versand 24\/48h","breadcrumb":{"@id":"https:\/\/repliquemangacine.fr\/katana-et-epee-de-manga-anime-autre-manga\/thundercats-epee-omens-cosmocats-sabre-de-starlion\/#breadcrumb"},"inLanguage":"de","potentialAction":[{"@type":"ReadAction","target":["https:\/\/repliquemangacine.fr\/katana-et-epee-de-manga-anime-autre-manga\/thundercats-epee-omens-cosmocats-sabre-de-starlion\/"]}]},{"@type":"ImageObject","inLanguage":"de","@id":"https:\/\/repliquemangacine.fr\/katana-et-epee-de-manga-anime-autre-manga\/thundercats-epee-omens-cosmocats-sabre-de-starlion\/#primaryimage","url":"https:\/\/repliquemangacine.fr\/wp-content\/uploads\/2022\/04\/Epee-Omens-Cosmocats.jpg","contentUrl":"https:\/\/repliquemangacine.fr\/wp-content\/uploads\/2022\/04\/Epee-Omens-Cosmocats.jpg","width":700,"height":700,"caption":"Ep\u00e9e Omens Cosmocats"},{"@type":"BreadcrumbList","@id":"https:\/\/repliquemangacine.fr\/katana-et-epee-de-manga-anime-autre-manga\/thundercats-epee-omens-cosmocats-sabre-de-starlion\/#breadcrumb","itemListElement":[{"@type":"ListItem","position":1,"name":"Accueil","item":"https:\/\/repliquemangacine.fr\/"},{"@type":"ListItem","position":2,"name":"Produits","item":"https:\/\/repliquemangacine.fr\/boutique\/"},{"@type":"ListItem","position":3,"name":"Ep\u00e9e Omens Cosmocats"}]},{"@type":"WebSite","@id":"https:\/\/repliquemangacine.fr\/#website","url":"https:\/\/repliquemangacine.fr\/","name":"R\u00e9plique Manga Cin\u00e9","description":"","publisher":{"@id":"https:\/\/repliquemangacine.fr\/#organization"},"potentialAction":[{"@type":"SearchAction","target":{"@type":"EntryPoint","urlTemplate":"https:\/\/repliquemangacine.fr\/?s={search_term_string}"},"query-input":{"@type":"PropertyValueSpecification","valueRequired":true,"valueName":"search_term_string"}}],"inLanguage":"de"},{"@type":"Organization","@id":"https:\/\/repliquemangacine.fr\/#organization","name":"R\u00e9plique Manga Cin\u00e9","url":"https:\/\/repliquemangacine.fr\/","logo":{"@type":"ImageObject","inLanguage":"de","@id":"https:\/\/repliquemangacine.fr\/#\/schema\/logo\/image\/","url":"https:\/\/repliquemangacine.fr\/wp-content\/uploads\/2023\/10\/RMC-500250.png","contentUrl":"https:\/\/repliquemangacine.fr\/wp-content\/uploads\/2023\/10\/RMC-500250.png","width":500,"height":250,"caption":"R\u00e9plique Manga Cin\u00e9"},"image":{"@id":"https:\/\/repliquemangacine.fr\/#\/schema\/logo\/image\/"},"sameAs":["https:\/\/www.facebook.com\/RepliqueMangaCine","https:\/\/www.instagram.com\/repliquemangacine.fr\/"]}]}},"_links":{"self":[{"href":"https:\/\/repliquemangacine.fr\/de\/wp-json\/wp\/v2\/product\/49880","targetHints":{"allow":["GET"]}}],"collection":[{"href":"https:\/\/repliquemangacine.fr\/de\/wp-json\/wp\/v2\/product"}],"about":[{"href":"https:\/\/repliquemangacine.fr\/de\/wp-json\/wp\/v2\/types\/product"}],"wp:featuredmedia":[{"embeddable":true,"href":"https:\/\/repliquemangacine.fr\/de\/wp-json\/wp\/v2\/media\/91848"}],"wp:attachment":[{"href":"https:\/\/repliquemangacine.fr\/de\/wp-json\/wp\/v2\/media?parent=49880"}],"wp:term":[{"taxonomy":"product_brand","embeddable":true,"href":"https:\/\/repliquemangacine.fr\/de\/wp-json\/wp\/v2\/product_brand?post=49880"},{"taxonomy":"product_cat","embeddable":true,"href":"https:\/\/repliquemangacine.fr\/de\/wp-json\/wp\/v2\/product_cat?post=49880"},{"taxonomy":"product_tag","embeddable":true,"href":"https:\/\/repliquemangacine.fr\/de\/wp-json\/wp\/v2\/product_tag?post=49880"}],"curies":[{"name":"wp","href":"https:\/\/api.w.org\/{rel}","templated":true}]}}