





{"id":49822,"date":"2022-04-19T13:44:08","date_gmt":"2022-04-19T11:44:08","guid":{"rendered":"https:\/\/repliquemangacine.fr\/?post_type=product&#038;p=49822"},"modified":"2025-09-23T18:02:44","modified_gmt":"2025-09-23T16:02:44","slug":"father-sword-conan-marto","status":"publish","type":"product","link":"https:\/\/repliquemangacine.fr\/de\/katana-les-epees-de-films-et-series\/father-sword-conan-marto\/","title":{"rendered":"Father Sword Conan Marto"},"content":{"rendered":"<h2>Father Sword Conan Marto offiziell lizenziert<\/h2>\n<p>F\u00fcr den Anfang, <strong>Father Sword Conan Marto<\/strong>Diese Reproduktion ist offiziell lizenziert und verf\u00fcgt \u00fcber ein Echtheitszertifikat mit der Seriennummer auf der Klinge. Exklusive Conan Sword-Kollektion <a href=\"https:\/\/www.marto.es\/index.php\/es\/productos-marto\/espadas-de-cine\/conan\/espada-conan-padre-bronce-detail\" target=\"_blank\" rel=\"noopener noreferrer\">Marto<\/a>.<\/p>\n<p>Conans Abenteuer spielen in einer mythischen, von Howard geschaffenen Vergangenheit, die als \"hyborisches Zeitalter\" bezeichnet wird. Er ist ein Barbar aus Cimmeria, einem d\u00fcsteren Land, das Howard mit dem historischen Cimmeria in Verbindung brachte. Corin ist der Vater von Conan und Siobahn und der ber\u00fchmte Schmied in seinem Dorf in Cimmeria.<\/p>\n<p>1982 wurde der Film Conan der Barbar von John Milius mit Arnold Schwarzenegger entdeckt. Der Film adaptiert keine der Kurzgeschichten Howards, nur einige Szenen wurden aus den Originaltexten entnommen und in das Drehbuch von John Milius integriert, das er in Zusammenarbeit mit Oliver Stone schrieb.<\/p>\n<h2>Ihr Schwert von Conans Vater zum besten Preis.<\/h2>\n<p>Wir bieten Ihnen eine gro\u00dfe Auswahl an Schwertrepliken und Sammlerst\u00fccken Ihrer Lieblingshelden aus den Filmen.<\/p>\n<p>Zun\u00e4chst einmal,<\/p>\n<p>L'<a href=\"https:\/\/repliquemangacine.fr\/de\/superheld\/katana-daywalker-blade-schwert\/\">Blade Daywalker Schwert<\/a> mit seiner geraden Klinge und der Scheide Platte, um es auf dem R\u00fccken zu tragen.<br \/>\nDann das Schwert<a href=\"https:\/\/repliquemangacine.fr\/de\/andere-filme\/schwert-connor-macleod-highlander\/\"> von connor Macleod<\/a> unterzeichnet Marto.<br \/>\nEs gibt auch die<a href=\"https:\/\/repliquemangacine.fr\/de\/andere-filme\/atlantisches-schwert-conan-marto\/\">Conans Schwert Atlantean<\/a> unter offizieller Lizenz vertrieben von Marto.<br \/>\nUnd viele andere, die es in unserem Online-Shop zu entdecken gibt!<\/p>\n<p>Deshalb sind hier tolle Geschenkideen f\u00fcr alle, die die Welt der Filme lieben.<\/p>\n<p>Abschlie\u00dfend k\u00f6nnen Sie <strong>Father Sword Conan Marto<\/strong> bei Ihren Cosplay-Paraden. Vor allem aber ist dieses Schwert ein Sammlerst\u00fcck unter der Offiziellen Lizenz mit Echtheitszertifikat - MARTO.<\/p>\n<h2>Wie pflegt man die Klinge seines Marto-Schwerts?<\/h2>\n<p>Sammlungs- und Dekorationsschwerter werden in vereinfachter Form hergestellt und zusammengebaut. Da sie zu Dekorationszwecken verwendet werden, fehlen ihnen die Sicherheitselemente, die ein japanisches Schwert f\u00fcr Trainingszwecke aufweisen muss.<\/p>\n<p>Allerdings ist Ihr <strong>Father Sword Conan Marto<\/strong> zu einer Stahlklinge, die gepflegt werden muss, damit sie nicht mit der Zeit abgenutzt wird. Denn wenn du dein Katana ausstellst, werden deine Freunde neugierig sein, die Klinge zu sehen und sie zu ber\u00fchren. Hier ist Vorsicht geboten, denn Sie sollten wissen, dass die S\u00e4ure der Finger dem Stahl unabh\u00e4ngig von seiner Qualit\u00e4t sehr schadet.<\/p>\n<p>Wenn dies jedoch passiert, keine Panik, Sie brauchen nur ein Tuch, das mit etwas \u00d6l befeuchtet ist, und wischen die Fingerabdr\u00fccke ab. Wenn Sie dies tun, werden Sie Ihr Schwert sehr lange behalten.<\/p>","protected":false},"excerpt":{"rendered":"<p>Originalgetreue Nachbildung des Schwertes des Vaters von Conan dem Barbaren mit seinem Echtheitszertifikat von Marto.<\/p>\n<ul>\n<li>Geschmiedete Klinge aus geh\u00e4rtetem Stahl mit Seriennummer.<\/li>\n<li>Tiefe Gravuren auf der Klinge mit den Originalrunen, die Crom gewidmet sind.<\/li>\n<li>Schutzschild aus Stahl mit Bronzefinish, Kopf eines Irischen Elchs.<\/li>\n<li>Knauf aus Stahl mit Bronzefinish, der den Huf eines Elchs darstellt.<\/li>\n<li>Stahlgriff mit Ledergeflecht \u00fcberzogen.<\/li>\n<li>Unter offizieller Lizenz.<\/li>\n<li>Echtheitszertifikat<\/li>\n<li>Gesamtl\u00e4nge des Schwertes: 96 cm - L\u00e4nge der Klinge: 74cm - Gewicht: 2.670 kg<\/li>\n<\/ul>","protected":false},"featured_media":49823,"template":"","meta":[],"product_brand":[896],"product_cat":[91,66,24],"product_tag":[],"class_list":{"0":"post-49822","1":"product","2":"type-product","3":"status-publish","4":"has-post-thumbnail","6":"product_brand-replique-manga-cine","7":"product_cat-katana-les-epees-de-films-et-series","8":"product_cat-repliques-d-armes-films-et-series","9":"product_cat-films-series-tv-vente-de-katana-epee-et-produits-derives","11":"first","12":"outofstock","13":"taxable","14":"shipping-taxable","15":"purchasable","16":"product-type-simple"},"yoast_head":"<!-- This site is optimized with the Yoast SEO plugin v27.5 - https:\/\/yoast.com\/product\/yoast-seo-wordpress\/ -->\n<title>Father Sword Conan Marto - Vente en ligne - R\u00e9plique Manga Cin\u00e9<\/title>\n<meta name=\"description\" content=\"Retrouvez la r\u00e9plique exacte de l&#039;\u00e9p\u00e9e du p\u00e8re du Conan le Barbare. Father Sword Conan Marto. Certificat d&#039;authenticit\u00e9. Sous licence officielle.\" \/>\n<meta name=\"robots\" content=\"index, follow, max-snippet:-1, max-image-preview:large, max-video-preview:-1\" \/>\n<link rel=\"canonical\" href=\"https:\/\/repliquemangacine.fr\/de\/katana-die-schwerter-aus-filmen-und-serien\/father-sword-conan-marto\/\" \/>\n<meta property=\"og:locale\" content=\"de_DE\" \/>\n<meta property=\"og:type\" content=\"article\" \/>\n<meta property=\"og:title\" content=\"Father Sword Conan Marto - Vente en ligne - R\u00e9plique Manga Cin\u00e9\" \/>\n<meta property=\"og:description\" content=\"Retrouvez la r\u00e9plique exacte de l&#039;\u00e9p\u00e9e du p\u00e8re du Conan le Barbare. Father Sword Conan Marto. Certificat d&#039;authenticit\u00e9. Sous licence officielle.\" \/>\n<meta property=\"og:url\" content=\"https:\/\/repliquemangacine.fr\/de\/katana-die-schwerter-aus-filmen-und-serien\/father-sword-conan-marto\/\" \/>\n<meta property=\"og:site_name\" content=\"R\u00e9plique Manga Cin\u00e9\" \/>\n<meta property=\"article:publisher\" content=\"https:\/\/www.facebook.com\/RepliqueMangaCine\" \/>\n<meta property=\"article:modified_time\" content=\"2025-09-23T16:02:44+00:00\" \/>\n<meta property=\"og:image\" content=\"https:\/\/repliquemangacine.fr\/wp-content\/uploads\/2023\/10\/epee-conan-marto.jpg\" \/>\n\t<meta property=\"og:image:width\" content=\"600\" \/>\n\t<meta property=\"og:image:height\" content=\"600\" \/>\n\t<meta property=\"og:image:type\" content=\"image\/jpeg\" \/>\n<meta name=\"twitter:card\" content=\"summary_large_image\" \/>\n<meta name=\"twitter:label1\" content=\"Gesch\u00e4tzte Lesezeit\" \/>\n\t<meta name=\"twitter:data1\" content=\"1\u00a0Minute\" \/>\n<script type=\"application\/ld+json\" class=\"yoast-schema-graph\">{\"@context\":\"https:\\\/\\\/schema.org\",\"@graph\":[{\"@type\":\"WebPage\",\"@id\":\"https:\\\/\\\/repliquemangacine.fr\\\/katana-les-epees-de-films-et-series\\\/father-sword-conan-marto\\\/\",\"url\":\"https:\\\/\\\/repliquemangacine.fr\\\/katana-les-epees-de-films-et-series\\\/father-sword-conan-marto\\\/\",\"name\":\"Father Sword Conan Marto - Vente en ligne - R\u00e9plique Manga Cin\u00e9\",\"isPartOf\":{\"@id\":\"https:\\\/\\\/repliquemangacine.fr\\\/#website\"},\"primaryImageOfPage\":{\"@id\":\"https:\\\/\\\/repliquemangacine.fr\\\/katana-les-epees-de-films-et-series\\\/father-sword-conan-marto\\\/#primaryimage\"},\"image\":{\"@id\":\"https:\\\/\\\/repliquemangacine.fr\\\/katana-les-epees-de-films-et-series\\\/father-sword-conan-marto\\\/#primaryimage\"},\"thumbnailUrl\":\"https:\\\/\\\/repliquemangacine.fr\\\/wp-content\\\/uploads\\\/2023\\\/10\\\/epee-conan-marto.jpg\",\"datePublished\":\"2022-04-19T11:44:08+00:00\",\"dateModified\":\"2025-09-23T16:02:44+00:00\",\"description\":\"Retrouvez la r\u00e9plique exacte de l'\u00e9p\u00e9e du p\u00e8re du Conan le Barbare. Father Sword Conan Marto. Certificat d'authenticit\u00e9. Sous licence officielle.\",\"breadcrumb\":{\"@id\":\"https:\\\/\\\/repliquemangacine.fr\\\/katana-les-epees-de-films-et-series\\\/father-sword-conan-marto\\\/#breadcrumb\"},\"inLanguage\":\"de\",\"potentialAction\":[{\"@type\":\"ReadAction\",\"target\":[\"https:\\\/\\\/repliquemangacine.fr\\\/katana-les-epees-de-films-et-series\\\/father-sword-conan-marto\\\/\"]}]},{\"@type\":\"ImageObject\",\"inLanguage\":\"de\",\"@id\":\"https:\\\/\\\/repliquemangacine.fr\\\/katana-les-epees-de-films-et-series\\\/father-sword-conan-marto\\\/#primaryimage\",\"url\":\"https:\\\/\\\/repliquemangacine.fr\\\/wp-content\\\/uploads\\\/2023\\\/10\\\/epee-conan-marto.jpg\",\"contentUrl\":\"https:\\\/\\\/repliquemangacine.fr\\\/wp-content\\\/uploads\\\/2023\\\/10\\\/epee-conan-marto.jpg\",\"width\":600,\"height\":600,\"caption\":\"\u00e9p\u00e9e-conan-marto garde acier\"},{\"@type\":\"BreadcrumbList\",\"@id\":\"https:\\\/\\\/repliquemangacine.fr\\\/katana-les-epees-de-films-et-series\\\/father-sword-conan-marto\\\/#breadcrumb\",\"itemListElement\":[{\"@type\":\"ListItem\",\"position\":1,\"name\":\"Accueil\",\"item\":\"https:\\\/\\\/repliquemangacine.fr\\\/\"},{\"@type\":\"ListItem\",\"position\":2,\"name\":\"Produits\",\"item\":\"https:\\\/\\\/repliquemangacine.fr\\\/boutique\\\/\"},{\"@type\":\"ListItem\",\"position\":3,\"name\":\"Father Sword Conan Marto\"}]},{\"@type\":\"WebSite\",\"@id\":\"https:\\\/\\\/repliquemangacine.fr\\\/#website\",\"url\":\"https:\\\/\\\/repliquemangacine.fr\\\/\",\"name\":\"R\u00e9plique Manga Cin\u00e9\",\"description\":\"\",\"publisher\":{\"@id\":\"https:\\\/\\\/repliquemangacine.fr\\\/#organization\"},\"potentialAction\":[{\"@type\":\"SearchAction\",\"target\":{\"@type\":\"EntryPoint\",\"urlTemplate\":\"https:\\\/\\\/repliquemangacine.fr\\\/?s={search_term_string}\"},\"query-input\":{\"@type\":\"PropertyValueSpecification\",\"valueRequired\":true,\"valueName\":\"search_term_string\"}}],\"inLanguage\":\"de\"},{\"@type\":\"Organization\",\"@id\":\"https:\\\/\\\/repliquemangacine.fr\\\/#organization\",\"name\":\"R\u00e9plique Manga Cin\u00e9\",\"url\":\"https:\\\/\\\/repliquemangacine.fr\\\/\",\"logo\":{\"@type\":\"ImageObject\",\"inLanguage\":\"de\",\"@id\":\"https:\\\/\\\/repliquemangacine.fr\\\/#\\\/schema\\\/logo\\\/image\\\/\",\"url\":\"https:\\\/\\\/repliquemangacine.fr\\\/wp-content\\\/uploads\\\/2023\\\/10\\\/RMC-500250.png\",\"contentUrl\":\"https:\\\/\\\/repliquemangacine.fr\\\/wp-content\\\/uploads\\\/2023\\\/10\\\/RMC-500250.png\",\"width\":500,\"height\":250,\"caption\":\"R\u00e9plique Manga Cin\u00e9\"},\"image\":{\"@id\":\"https:\\\/\\\/repliquemangacine.fr\\\/#\\\/schema\\\/logo\\\/image\\\/\"},\"sameAs\":[\"https:\\\/\\\/www.facebook.com\\\/RepliqueMangaCine\",\"https:\\\/\\\/www.instagram.com\\\/repliquemangacine.fr\\\/\"]}]}<\/script>\n<!-- \/ Yoast SEO plugin. -->","yoast_head_json":{"title":"Father Sword Conan Marto - Online-Verkauf - R\u00e9plique Manga Cin\u00e9","description":"Finden Sie die genaue Nachbildung des Schwertes des Vaters von Conan dem Barbaren. Father Sword Conan Marto. Zertifikat f\u00fcr die Echtheit. Offiziell lizenziert.","robots":{"index":"index","follow":"follow","max-snippet":"max-snippet:-1","max-image-preview":"max-image-preview:large","max-video-preview":"max-video-preview:-1"},"canonical":"https:\/\/repliquemangacine.fr\/de\/katana-die-schwerter-aus-filmen-und-serien\/father-sword-conan-marto\/","og_locale":"de_DE","og_type":"article","og_title":"Father Sword Conan Marto - Vente en ligne - R\u00e9plique Manga Cin\u00e9","og_description":"Retrouvez la r\u00e9plique exacte de l'\u00e9p\u00e9e du p\u00e8re du Conan le Barbare. Father Sword Conan Marto. Certificat d'authenticit\u00e9. Sous licence officielle.","og_url":"https:\/\/repliquemangacine.fr\/de\/katana-die-schwerter-aus-filmen-und-serien\/father-sword-conan-marto\/","og_site_name":"R\u00e9plique Manga Cin\u00e9","article_publisher":"https:\/\/www.facebook.com\/RepliqueMangaCine","article_modified_time":"2025-09-23T16:02:44+00:00","og_image":[{"width":600,"height":600,"url":"https:\/\/repliquemangacine.fr\/wp-content\/uploads\/2023\/10\/epee-conan-marto.jpg","type":"image\/jpeg"}],"twitter_card":"summary_large_image","twitter_misc":{"Gesch\u00e4tzte Lesezeit":"1\u00a0Minute"},"schema":{"@context":"https:\/\/schema.org","@graph":[{"@type":"WebPage","@id":"https:\/\/repliquemangacine.fr\/katana-les-epees-de-films-et-series\/father-sword-conan-marto\/","url":"https:\/\/repliquemangacine.fr\/katana-les-epees-de-films-et-series\/father-sword-conan-marto\/","name":"Father Sword Conan Marto - Online-Verkauf - R\u00e9plique Manga Cin\u00e9","isPartOf":{"@id":"https:\/\/repliquemangacine.fr\/#website"},"primaryImageOfPage":{"@id":"https:\/\/repliquemangacine.fr\/katana-les-epees-de-films-et-series\/father-sword-conan-marto\/#primaryimage"},"image":{"@id":"https:\/\/repliquemangacine.fr\/katana-les-epees-de-films-et-series\/father-sword-conan-marto\/#primaryimage"},"thumbnailUrl":"https:\/\/repliquemangacine.fr\/wp-content\/uploads\/2023\/10\/epee-conan-marto.jpg","datePublished":"2022-04-19T11:44:08+00:00","dateModified":"2025-09-23T16:02:44+00:00","description":"Finden Sie die genaue Nachbildung des Schwertes des Vaters von Conan dem Barbaren. Father Sword Conan Marto. Zertifikat f\u00fcr die Echtheit. Offiziell lizenziert.","breadcrumb":{"@id":"https:\/\/repliquemangacine.fr\/katana-les-epees-de-films-et-series\/father-sword-conan-marto\/#breadcrumb"},"inLanguage":"de","potentialAction":[{"@type":"ReadAction","target":["https:\/\/repliquemangacine.fr\/katana-les-epees-de-films-et-series\/father-sword-conan-marto\/"]}]},{"@type":"ImageObject","inLanguage":"de","@id":"https:\/\/repliquemangacine.fr\/katana-les-epees-de-films-et-series\/father-sword-conan-marto\/#primaryimage","url":"https:\/\/repliquemangacine.fr\/wp-content\/uploads\/2023\/10\/epee-conan-marto.jpg","contentUrl":"https:\/\/repliquemangacine.fr\/wp-content\/uploads\/2023\/10\/epee-conan-marto.jpg","width":600,"height":600,"caption":"\u00e9p\u00e9e-conan-marto garde acier"},{"@type":"BreadcrumbList","@id":"https:\/\/repliquemangacine.fr\/katana-les-epees-de-films-et-series\/father-sword-conan-marto\/#breadcrumb","itemListElement":[{"@type":"ListItem","position":1,"name":"Accueil","item":"https:\/\/repliquemangacine.fr\/"},{"@type":"ListItem","position":2,"name":"Produits","item":"https:\/\/repliquemangacine.fr\/boutique\/"},{"@type":"ListItem","position":3,"name":"Father Sword Conan Marto"}]},{"@type":"WebSite","@id":"https:\/\/repliquemangacine.fr\/#website","url":"https:\/\/repliquemangacine.fr\/","name":"R\u00e9plique Manga Cin\u00e9","description":"","publisher":{"@id":"https:\/\/repliquemangacine.fr\/#organization"},"potentialAction":[{"@type":"SearchAction","target":{"@type":"EntryPoint","urlTemplate":"https:\/\/repliquemangacine.fr\/?s={search_term_string}"},"query-input":{"@type":"PropertyValueSpecification","valueRequired":true,"valueName":"search_term_string"}}],"inLanguage":"de"},{"@type":"Organization","@id":"https:\/\/repliquemangacine.fr\/#organization","name":"R\u00e9plique Manga Cin\u00e9","url":"https:\/\/repliquemangacine.fr\/","logo":{"@type":"ImageObject","inLanguage":"de","@id":"https:\/\/repliquemangacine.fr\/#\/schema\/logo\/image\/","url":"https:\/\/repliquemangacine.fr\/wp-content\/uploads\/2023\/10\/RMC-500250.png","contentUrl":"https:\/\/repliquemangacine.fr\/wp-content\/uploads\/2023\/10\/RMC-500250.png","width":500,"height":250,"caption":"R\u00e9plique Manga Cin\u00e9"},"image":{"@id":"https:\/\/repliquemangacine.fr\/#\/schema\/logo\/image\/"},"sameAs":["https:\/\/www.facebook.com\/RepliqueMangaCine","https:\/\/www.instagram.com\/repliquemangacine.fr\/"]}]}},"_links":{"self":[{"href":"https:\/\/repliquemangacine.fr\/de\/wp-json\/wp\/v2\/product\/49822","targetHints":{"allow":["GET"]}}],"collection":[{"href":"https:\/\/repliquemangacine.fr\/de\/wp-json\/wp\/v2\/product"}],"about":[{"href":"https:\/\/repliquemangacine.fr\/de\/wp-json\/wp\/v2\/types\/product"}],"wp:featuredmedia":[{"embeddable":true,"href":"https:\/\/repliquemangacine.fr\/de\/wp-json\/wp\/v2\/media\/49823"}],"wp:attachment":[{"href":"https:\/\/repliquemangacine.fr\/de\/wp-json\/wp\/v2\/media?parent=49822"}],"wp:term":[{"taxonomy":"product_brand","embeddable":true,"href":"https:\/\/repliquemangacine.fr\/de\/wp-json\/wp\/v2\/product_brand?post=49822"},{"taxonomy":"product_cat","embeddable":true,"href":"https:\/\/repliquemangacine.fr\/de\/wp-json\/wp\/v2\/product_cat?post=49822"},{"taxonomy":"product_tag","embeddable":true,"href":"https:\/\/repliquemangacine.fr\/de\/wp-json\/wp\/v2\/product_tag?post=49822"}],"curies":[{"name":"wp","href":"https:\/\/api.w.org\/{rel}","templated":true}]}}