





{"id":49739,"date":"2022-04-15T13:12:05","date_gmt":"2022-04-15T11:12:05","guid":{"rendered":"https:\/\/repliquemangacine.fr\/?post_type=product&#038;p=49739"},"modified":"2025-11-25T16:02:24","modified_gmt":"2025-11-25T15:02:24","slug":"wikingerschwert-10-jahrhundert-practical","status":"publish","type":"product","link":"https:\/\/repliquemangacine.fr\/de\/epees-serie-tv-vikings\/epee-viking-10eme-siecle-practical\/","title":{"rendered":"Wikinger-Kampfschwert 10. Jahrhundert"},"content":{"rendered":"<h2>Wikinger-Kampfschwert 10\u1d49 Jahrhundert<\/h2>\n<p>Sch\u00f6ne Rekonstruktion einer <strong>Wikinger-Kampfschwert<\/strong> aus dem 10. Jahrhundert, basierend auf arch\u00e4ologischen Funden in England. Klinge aus Federstahl, \u00f6lgeh\u00e4rtet auf ca. 48\u00b0 Rockwell und mit einer charakteristischen Hohlkehle, die sowohl hohe Flexibilit\u00e4t als auch geringes Gewicht bietet. Die Kanten der Klinge sind abgestumpft und die Spitze zur Sicherheit abgerundet.<\/p>\n<p>Es muss betont werden, dass \u00fcber einen Zeitraum von mehr als 100 Jahren, von 799 bis 911, zahlreiche m\u00f6rderische \u00dcberf\u00e4lle von den Wikingern in Frankreich durchgef\u00fchrt wurden. Diese Krieger aus Norwegen errangen zahlreiche Siege. Sie lie\u00dfen sich sogar dauerhaft in der Normandie nieder, einer Region, die ihren Namen diesen Invasoren verdankt.<\/p>\n<p>Die Wikinger waren zwar als furchtbare Krieger bekannt, konnten aber nie eine richtige Armee aufstellen.<\/p>\n<h2>Ihr Wikinger-Kampfschwert zum besten Preis.<\/h2>\n<p>Wir bieten Ihnen eine gro\u00dfe Auswahl an Schwertern sowie Helmen und Schilden aus der Wikingerzeit.<\/p>\n<p>Zun\u00e4chst einmal,<\/p>\n<ul>\n<li>Die <a href=\"https:\/\/repliquemangacine.fr\/de\/viking\/wikingeraxt-axt-des-konigs-ragnar\/\">Axt von K\u00f6nig Ragnar Lothbrok<\/a> aus der Viking-Serie.<\/li>\n<li>Es gibt auch den runden Holzschild, sowie den<a href=\"https:\/\/repliquemangacine.fr\/de\/viking\/casque-viking-spangenhelm\/\"> Viking Spangenhelm<\/a>.<\/li>\n<li>Und viele andere mehr!<\/li>\n<li>Wenn Sie ein Armband, einen Ring oder sogar ein Tattoo suchen, gehen Sie auf Entdeckungsreise im Partnershop <a href=\"https:\/\/www.viking-clan.com\/\" target=\"_blank\" rel=\"noopener noreferrer\">Viking Clan<\/a>.<\/li>\n<\/ul>\n<p>Deshalb ist dies eine gro\u00dfartige Geschenkidee f\u00fcr Fans der Wikinger, aber auch f\u00fcr Fans der ber\u00fchmten Serie.<\/p>\n<p>Schlie\u00dflich k\u00f6nnen Sie dieses Schwert auch f\u00fcr Ihre Cosplay-Paraden oder historische Reenactments verwenden. Vor allem aber ist das<strong>Wikinger-Kampfschwert<\/strong>Das Buch ist ein Sammlerst\u00fcck und dient als Dekoration.<\/p>\n<h2>Wie pflegt man die Klinge seines Schwertes?<\/h2>\n<p>Sammlungs- und Dekorationsschwerter werden in vereinfachter Form hergestellt und zusammengebaut. Da sie zu Dekorationszwecken verwendet werden, fehlen ihnen die Sicherheitselemente, die ein japanisches Schwert f\u00fcr Trainingszwecke aufweisen muss.<\/p>\n<p>Allerdings ist Ihr <strong>Wikinger-Kampfschwert<\/strong> zu einer Stahlklinge, die gepflegt werden muss, damit sie nicht mit der Zeit abgenutzt wird. Denn wenn du dein Katana ausstellst, werden deine Freunde neugierig sein, die Klinge zu sehen und sie zu ber\u00fchren. Hier ist Vorsicht geboten, denn Sie sollten wissen, dass die S\u00e4ure der Finger dem Stahl unabh\u00e4ngig von seiner Qualit\u00e4t sehr schadet.<\/p>\n<p>Wenn dies jedoch passiert, keine Panik, Sie brauchen nur ein Tuch, das mit etwas \u00d6l befeuchtet ist, und wischen die Fingerabdr\u00fccke ab. Wenn Sie dies tun, werden Sie Ihr Schwert sehr lange behalten.<\/p>","protected":false},"excerpt":{"rendered":"<p>Wikingerschwert aus dem 10\u1d49 Jahrhundert, das auf arch\u00e4ologischen Funden in England basiert.<\/p>\n<ul>\n<li>Handgefertigt.<\/li>\n<li>Guard und Knauf aus w\u00e4rmebehandeltem Temperguss.<\/li>\n<li>Klinge aus EN45-Federstahl, von Hand auf den Knauf genietet.<\/li>\n<li>Griff aus Leder.<\/li>\n<li>Mit Leder ummantelte Holzscheide.<\/li>\n<li>Gesamtl\u00e4nge: 96 cm - L\u00e4nge der Klinge: 79 cm<\/li>\n<li>Gleichgewichtspunkt: ca. 16 cm vom Griff - Gewicht (ohne Scheide): 1200 grs<\/li>\n<\/ul>","protected":false},"featured_media":49740,"template":"","meta":[],"product_brand":[896],"product_cat":[25,112,24,103,57],"product_tag":[],"class_list":{"0":"post-49739","1":"product","2":"type-product","3":"status-publish","4":"has-post-thumbnail","6":"product_brand-replique-manga-cine","7":"product_cat-armes-historiques","8":"product_cat-epees-serie-tv-vikings","9":"product_cat-films-series-tv-vente-de-katana-epee-et-produits-derives","10":"product_cat-armes-et-accessoires-vikings","11":"product_cat-armes-vikings","13":"first","14":"instock","15":"taxable","16":"shipping-taxable","17":"purchasable","18":"product-type-simple"},"yoast_head":"<!-- This site is optimized with the Yoast SEO plugin v27.5 - https:\/\/yoast.com\/product\/yoast-seo-wordpress\/ -->\n<title>\u00c9p\u00e9e Viking de combat 10\u00e8me si\u00e8cle - R\u00e9plique Manga Cin\u00e9<\/title>\n<meta name=\"description\" content=\"D\u00e9couvrez cette \u00c9p\u00e9e Viking de combat du 10\u1d49 si\u00e8cle au meilleur prix. Lame en acier \u00e0 ressort EN45 - Trait\u00e9 thermiquement 48-50 HRC - Fourreau cuir - 96 cm\" \/>\n<meta name=\"robots\" content=\"index, follow, max-snippet:-1, max-image-preview:large, max-video-preview:-1\" \/>\n<link rel=\"canonical\" href=\"https:\/\/repliquemangacine.fr\/de\/schwerter-tv-serie-vikings\/wikingerschwert-10-jahrhundert-practical\/\" \/>\n<meta property=\"og:locale\" content=\"de_DE\" \/>\n<meta property=\"og:type\" content=\"article\" \/>\n<meta property=\"og:title\" content=\"\u00c9p\u00e9e Viking de combat 10\u00e8me si\u00e8cle - R\u00e9plique Manga Cin\u00e9\" \/>\n<meta property=\"og:description\" content=\"D\u00e9couvrez cette \u00c9p\u00e9e Viking de combat du 10\u1d49 si\u00e8cle au meilleur prix. Lame en acier \u00e0 ressort EN45 - Trait\u00e9 thermiquement 48-50 HRC - Fourreau cuir - 96 cm\" \/>\n<meta property=\"og:url\" content=\"https:\/\/repliquemangacine.fr\/de\/schwerter-tv-serie-vikings\/wikingerschwert-10-jahrhundert-practical\/\" \/>\n<meta property=\"og:site_name\" content=\"R\u00e9plique Manga Cin\u00e9\" \/>\n<meta property=\"article:publisher\" content=\"https:\/\/www.facebook.com\/RepliqueMangaCine\" \/>\n<meta property=\"article:modified_time\" content=\"2025-11-25T15:02:24+00:00\" \/>\n<meta property=\"og:image\" content=\"https:\/\/repliquemangacine.fr\/wp-content\/uploads\/2023\/10\/epee-viking.jpg\" \/>\n\t<meta property=\"og:image:width\" content=\"800\" \/>\n\t<meta property=\"og:image:height\" content=\"800\" \/>\n\t<meta property=\"og:image:type\" content=\"image\/jpeg\" \/>\n<meta name=\"twitter:card\" content=\"summary_large_image\" \/>\n<meta name=\"twitter:label1\" content=\"Gesch\u00e4tzte Lesezeit\" \/>\n\t<meta name=\"twitter:data1\" content=\"2\u00a0Minuten\" \/>\n<script type=\"application\/ld+json\" class=\"yoast-schema-graph\">{\"@context\":\"https:\\\/\\\/schema.org\",\"@graph\":[{\"@type\":\"WebPage\",\"@id\":\"https:\\\/\\\/repliquemangacine.fr\\\/epees-serie-tv-vikings\\\/epee-viking-10eme-siecle-practical\\\/\",\"url\":\"https:\\\/\\\/repliquemangacine.fr\\\/epees-serie-tv-vikings\\\/epee-viking-10eme-siecle-practical\\\/\",\"name\":\"\u00c9p\u00e9e Viking de combat 10\u00e8me si\u00e8cle - R\u00e9plique Manga Cin\u00e9\",\"isPartOf\":{\"@id\":\"https:\\\/\\\/repliquemangacine.fr\\\/#website\"},\"primaryImageOfPage\":{\"@id\":\"https:\\\/\\\/repliquemangacine.fr\\\/epees-serie-tv-vikings\\\/epee-viking-10eme-siecle-practical\\\/#primaryimage\"},\"image\":{\"@id\":\"https:\\\/\\\/repliquemangacine.fr\\\/epees-serie-tv-vikings\\\/epee-viking-10eme-siecle-practical\\\/#primaryimage\"},\"thumbnailUrl\":\"https:\\\/\\\/repliquemangacine.fr\\\/wp-content\\\/uploads\\\/2023\\\/10\\\/epee-viking.jpg\",\"datePublished\":\"2022-04-15T11:12:05+00:00\",\"dateModified\":\"2025-11-25T15:02:24+00:00\",\"description\":\"D\u00e9couvrez cette \u00c9p\u00e9e Viking de combat du 10\u1d49 si\u00e8cle au meilleur prix. Lame en acier \u00e0 ressort EN45 - Trait\u00e9 thermiquement 48-50 HRC - Fourreau cuir - 96 cm\",\"breadcrumb\":{\"@id\":\"https:\\\/\\\/repliquemangacine.fr\\\/epees-serie-tv-vikings\\\/epee-viking-10eme-siecle-practical\\\/#breadcrumb\"},\"inLanguage\":\"de\",\"potentialAction\":[{\"@type\":\"ReadAction\",\"target\":[\"https:\\\/\\\/repliquemangacine.fr\\\/epees-serie-tv-vikings\\\/epee-viking-10eme-siecle-practical\\\/\"]}]},{\"@type\":\"ImageObject\",\"inLanguage\":\"de\",\"@id\":\"https:\\\/\\\/repliquemangacine.fr\\\/epees-serie-tv-vikings\\\/epee-viking-10eme-siecle-practical\\\/#primaryimage\",\"url\":\"https:\\\/\\\/repliquemangacine.fr\\\/wp-content\\\/uploads\\\/2023\\\/10\\\/epee-viking.jpg\",\"contentUrl\":\"https:\\\/\\\/repliquemangacine.fr\\\/wp-content\\\/uploads\\\/2023\\\/10\\\/epee-viking.jpg\",\"width\":800,\"height\":800,\"caption\":\"Reproduction \u00e9p\u00e9e-viking\"},{\"@type\":\"BreadcrumbList\",\"@id\":\"https:\\\/\\\/repliquemangacine.fr\\\/epees-serie-tv-vikings\\\/epee-viking-10eme-siecle-practical\\\/#breadcrumb\",\"itemListElement\":[{\"@type\":\"ListItem\",\"position\":1,\"name\":\"Accueil\",\"item\":\"https:\\\/\\\/repliquemangacine.fr\\\/\"},{\"@type\":\"ListItem\",\"position\":2,\"name\":\"Produits\",\"item\":\"https:\\\/\\\/repliquemangacine.fr\\\/boutique\\\/\"},{\"@type\":\"ListItem\",\"position\":3,\"name\":\"\u00c9p\u00e9e Viking de combat 10\u00e8me si\u00e8cle\"}]},{\"@type\":\"WebSite\",\"@id\":\"https:\\\/\\\/repliquemangacine.fr\\\/#website\",\"url\":\"https:\\\/\\\/repliquemangacine.fr\\\/\",\"name\":\"R\u00e9plique Manga Cin\u00e9\",\"description\":\"\",\"publisher\":{\"@id\":\"https:\\\/\\\/repliquemangacine.fr\\\/#organization\"},\"potentialAction\":[{\"@type\":\"SearchAction\",\"target\":{\"@type\":\"EntryPoint\",\"urlTemplate\":\"https:\\\/\\\/repliquemangacine.fr\\\/?s={search_term_string}\"},\"query-input\":{\"@type\":\"PropertyValueSpecification\",\"valueRequired\":true,\"valueName\":\"search_term_string\"}}],\"inLanguage\":\"de\"},{\"@type\":\"Organization\",\"@id\":\"https:\\\/\\\/repliquemangacine.fr\\\/#organization\",\"name\":\"R\u00e9plique Manga Cin\u00e9\",\"url\":\"https:\\\/\\\/repliquemangacine.fr\\\/\",\"logo\":{\"@type\":\"ImageObject\",\"inLanguage\":\"de\",\"@id\":\"https:\\\/\\\/repliquemangacine.fr\\\/#\\\/schema\\\/logo\\\/image\\\/\",\"url\":\"https:\\\/\\\/repliquemangacine.fr\\\/wp-content\\\/uploads\\\/2023\\\/10\\\/RMC-500250.png\",\"contentUrl\":\"https:\\\/\\\/repliquemangacine.fr\\\/wp-content\\\/uploads\\\/2023\\\/10\\\/RMC-500250.png\",\"width\":500,\"height\":250,\"caption\":\"R\u00e9plique Manga Cin\u00e9\"},\"image\":{\"@id\":\"https:\\\/\\\/repliquemangacine.fr\\\/#\\\/schema\\\/logo\\\/image\\\/\"},\"sameAs\":[\"https:\\\/\\\/www.facebook.com\\\/RepliqueMangaCine\",\"https:\\\/\\\/www.instagram.com\\\/repliquemangacine.fr\\\/\"]}]}<\/script>\n<!-- \/ Yoast SEO plugin. -->","yoast_head_json":{"title":"Wikinger-Kampfschwert 10. Jahrhundert - R\u00e9plique Manga Cin\u00e9","description":"Entdecken Sie dieses Wikinger-Kampfschwert aus dem 10\u1d49 Jahrhundert zum besten Preis. Jahrhundert - Klinge aus Federstahl EN45 - w\u00e4rmebehandelt 48-50 HRC - Lederscheide - 96 cm","robots":{"index":"index","follow":"follow","max-snippet":"max-snippet:-1","max-image-preview":"max-image-preview:large","max-video-preview":"max-video-preview:-1"},"canonical":"https:\/\/repliquemangacine.fr\/de\/schwerter-tv-serie-vikings\/wikingerschwert-10-jahrhundert-practical\/","og_locale":"de_DE","og_type":"article","og_title":"\u00c9p\u00e9e Viking de combat 10\u00e8me si\u00e8cle - R\u00e9plique Manga Cin\u00e9","og_description":"D\u00e9couvrez cette \u00c9p\u00e9e Viking de combat du 10\u1d49 si\u00e8cle au meilleur prix. Lame en acier \u00e0 ressort EN45 - Trait\u00e9 thermiquement 48-50 HRC - Fourreau cuir - 96 cm","og_url":"https:\/\/repliquemangacine.fr\/de\/schwerter-tv-serie-vikings\/wikingerschwert-10-jahrhundert-practical\/","og_site_name":"R\u00e9plique Manga Cin\u00e9","article_publisher":"https:\/\/www.facebook.com\/RepliqueMangaCine","article_modified_time":"2025-11-25T15:02:24+00:00","og_image":[{"width":800,"height":800,"url":"https:\/\/repliquemangacine.fr\/wp-content\/uploads\/2023\/10\/epee-viking.jpg","type":"image\/jpeg"}],"twitter_card":"summary_large_image","twitter_misc":{"Gesch\u00e4tzte Lesezeit":"2\u00a0Minuten"},"schema":{"@context":"https:\/\/schema.org","@graph":[{"@type":"WebPage","@id":"https:\/\/repliquemangacine.fr\/epees-serie-tv-vikings\/epee-viking-10eme-siecle-practical\/","url":"https:\/\/repliquemangacine.fr\/epees-serie-tv-vikings\/epee-viking-10eme-siecle-practical\/","name":"Wikinger-Kampfschwert 10. Jahrhundert - R\u00e9plique Manga Cin\u00e9","isPartOf":{"@id":"https:\/\/repliquemangacine.fr\/#website"},"primaryImageOfPage":{"@id":"https:\/\/repliquemangacine.fr\/epees-serie-tv-vikings\/epee-viking-10eme-siecle-practical\/#primaryimage"},"image":{"@id":"https:\/\/repliquemangacine.fr\/epees-serie-tv-vikings\/epee-viking-10eme-siecle-practical\/#primaryimage"},"thumbnailUrl":"https:\/\/repliquemangacine.fr\/wp-content\/uploads\/2023\/10\/epee-viking.jpg","datePublished":"2022-04-15T11:12:05+00:00","dateModified":"2025-11-25T15:02:24+00:00","description":"Entdecken Sie dieses Wikinger-Kampfschwert aus dem 10\u1d49 Jahrhundert zum besten Preis. Jahrhundert - Klinge aus Federstahl EN45 - w\u00e4rmebehandelt 48-50 HRC - Lederscheide - 96 cm","breadcrumb":{"@id":"https:\/\/repliquemangacine.fr\/epees-serie-tv-vikings\/epee-viking-10eme-siecle-practical\/#breadcrumb"},"inLanguage":"de","potentialAction":[{"@type":"ReadAction","target":["https:\/\/repliquemangacine.fr\/epees-serie-tv-vikings\/epee-viking-10eme-siecle-practical\/"]}]},{"@type":"ImageObject","inLanguage":"de","@id":"https:\/\/repliquemangacine.fr\/epees-serie-tv-vikings\/epee-viking-10eme-siecle-practical\/#primaryimage","url":"https:\/\/repliquemangacine.fr\/wp-content\/uploads\/2023\/10\/epee-viking.jpg","contentUrl":"https:\/\/repliquemangacine.fr\/wp-content\/uploads\/2023\/10\/epee-viking.jpg","width":800,"height":800,"caption":"Reproduction \u00e9p\u00e9e-viking"},{"@type":"BreadcrumbList","@id":"https:\/\/repliquemangacine.fr\/epees-serie-tv-vikings\/epee-viking-10eme-siecle-practical\/#breadcrumb","itemListElement":[{"@type":"ListItem","position":1,"name":"Accueil","item":"https:\/\/repliquemangacine.fr\/"},{"@type":"ListItem","position":2,"name":"Produits","item":"https:\/\/repliquemangacine.fr\/boutique\/"},{"@type":"ListItem","position":3,"name":"\u00c9p\u00e9e Viking de combat 10\u00e8me si\u00e8cle"}]},{"@type":"WebSite","@id":"https:\/\/repliquemangacine.fr\/#website","url":"https:\/\/repliquemangacine.fr\/","name":"R\u00e9plique Manga Cin\u00e9","description":"","publisher":{"@id":"https:\/\/repliquemangacine.fr\/#organization"},"potentialAction":[{"@type":"SearchAction","target":{"@type":"EntryPoint","urlTemplate":"https:\/\/repliquemangacine.fr\/?s={search_term_string}"},"query-input":{"@type":"PropertyValueSpecification","valueRequired":true,"valueName":"search_term_string"}}],"inLanguage":"de"},{"@type":"Organization","@id":"https:\/\/repliquemangacine.fr\/#organization","name":"R\u00e9plique Manga Cin\u00e9","url":"https:\/\/repliquemangacine.fr\/","logo":{"@type":"ImageObject","inLanguage":"de","@id":"https:\/\/repliquemangacine.fr\/#\/schema\/logo\/image\/","url":"https:\/\/repliquemangacine.fr\/wp-content\/uploads\/2023\/10\/RMC-500250.png","contentUrl":"https:\/\/repliquemangacine.fr\/wp-content\/uploads\/2023\/10\/RMC-500250.png","width":500,"height":250,"caption":"R\u00e9plique Manga Cin\u00e9"},"image":{"@id":"https:\/\/repliquemangacine.fr\/#\/schema\/logo\/image\/"},"sameAs":["https:\/\/www.facebook.com\/RepliqueMangaCine","https:\/\/www.instagram.com\/repliquemangacine.fr\/"]}]}},"_links":{"self":[{"href":"https:\/\/repliquemangacine.fr\/de\/wp-json\/wp\/v2\/product\/49739","targetHints":{"allow":["GET"]}}],"collection":[{"href":"https:\/\/repliquemangacine.fr\/de\/wp-json\/wp\/v2\/product"}],"about":[{"href":"https:\/\/repliquemangacine.fr\/de\/wp-json\/wp\/v2\/types\/product"}],"wp:featuredmedia":[{"embeddable":true,"href":"https:\/\/repliquemangacine.fr\/de\/wp-json\/wp\/v2\/media\/49740"}],"wp:attachment":[{"href":"https:\/\/repliquemangacine.fr\/de\/wp-json\/wp\/v2\/media?parent=49739"}],"wp:term":[{"taxonomy":"product_brand","embeddable":true,"href":"https:\/\/repliquemangacine.fr\/de\/wp-json\/wp\/v2\/product_brand?post=49739"},{"taxonomy":"product_cat","embeddable":true,"href":"https:\/\/repliquemangacine.fr\/de\/wp-json\/wp\/v2\/product_cat?post=49739"},{"taxonomy":"product_tag","embeddable":true,"href":"https:\/\/repliquemangacine.fr\/de\/wp-json\/wp\/v2\/product_tag?post=49739"}],"curies":[{"name":"wp","href":"https:\/\/api.w.org\/{rel}","templated":true}]}}