





{"id":49697,"date":"2022-04-13T16:28:27","date_gmt":"2022-04-13T14:28:27","guid":{"rendered":"https:\/\/repliquemangacine.fr\/?post_type=product&#038;p=49697"},"modified":"2025-09-23T18:02:44","modified_gmt":"2025-09-23T16:02:44","slug":"wikingerschwert-hedeby-9-jahrhundert","status":"publish","type":"product","link":"https:\/\/repliquemangacine.fr\/de\/epees-serie-tv-vikings\/epee-viking-hedeby-9eme-siecle\/","title":{"rendered":"Wikingerschwert Hedeby 9\u1d49 Jahrhundert"},"content":{"rendered":"<h2>Wikingerschwert Hedeby 9\u1d49 Jahrhundert<\/h2>\n<p>Zu Beginn dieser <strong>Wikingerschwert Hedeby<\/strong> ist eine Rekonstruktion eines kunstvoll gearbeiteten Grabbeigabefundes.  Der in Hedeby ausgegrabene Fund ist bemerkenswert gut erhalten und geh\u00f6rte vermutlich einem d\u00e4nischen Adligen aus dem 9. Jahrhundert oder einem reichen Wikinger-Krieger.  Das Original des arch\u00e4ologischen Fundst\u00fccks ist im Hedeby Viking Museum ausgestellt.<\/p>\n<p>Die Wikingerst\u00e4tte Hedeby, die 2018 in die Liste des UNESCO-Weltkulturerbes aufgenommen wurde.<\/p>\n<p>\u00dcber 100 Jahre lang f\u00fchrten die Wikinger zahlreiche m\u00f6rderische Raubz\u00fcge in Frankreich durch. Diese aus Norwegen stammenden Krieger errangen zahlreiche Siege. Sie konnten sich sogar dauerhaft in der Normandie niederlassen, einer Region, die ihren Namen diesen Invasoren verdankt.<\/p>\n<p>Die Wikinger, die als furchtbare Krieger bekannt sind, haben es nie geschafft, eine richtige Armee zu bilden.<\/p>\n<h2>Ihr Hedeby Wikingerschwert zum besten Preis.<\/h2>\n<p>Wir bieten Ihnen eine gro\u00dfe Auswahl an Schwertern sowie Helmen und Schilden aus der Wikingerzeit.<\/p>\n<p>Zun\u00e4chst einmal,<\/p>\n<ul>\n<li>Diese <a href=\"https:\/\/repliquemangacine.fr\/de\/viking\/lagerthas-schwert-wikinger\/\">Lagerthas Schwert<\/a> Ehefrau von Ragnar Lothbrok aus der Serie \"Viking\".<\/li>\n<li>Es gibt auch einen Rundschild aus Holz, der mit einem Umbo aus Stahl versehen ist.<\/li>\n<li>Sowie das <a href=\"https:\/\/repliquemangacine.fr\/de\/viking\/wikingerhelm-beowulf\/\">Wikingerhelm Beowulf<\/a> mit Wandleuchten aus Messing.<\/li>\n<li>Und viele andere mehr!<\/li>\n<li>Wenn Sie ein Armband, einen Ring oder sogar ein Tattoo suchen, gehen Sie auf Entdeckungsreise im Partnershop <a href=\"https:\/\/www.viking-clan.com\/\" target=\"_blank\" rel=\"noopener noreferrer\">Viking Clan<\/a>.<\/li>\n<\/ul>\n<p>Deshalb ist dies eine tolle Geschenkidee f\u00fcr Fans der Wikingerzeit, aber auch f\u00fcr Fans der ber\u00fchmten Serie.<\/p>\n<p>Schlie\u00dflich k\u00f6nnen Sie dieses Schwert auch f\u00fcr Ihre Cosplay-Paraden oder historische Reenactments verwenden. Vor allem aber ist das<strong>Wikingerschwert Hedeby<\/strong>Das Buch ist ein Sammlerst\u00fcck und dient als Dekoration.<\/p>\n<h2>Wie pflegt man die Klinge seines Schwertes?<\/h2>\n<p>Sammlungs- und Dekorationsschwerter werden in vereinfachter Form hergestellt und zusammengebaut. Da sie zu Dekorationszwecken verwendet werden, fehlen ihnen die Sicherheitselemente, die ein japanisches Schwert f\u00fcr Trainingszwecke aufweisen muss.<\/p>\n<p>Allerdings ist Ihr <strong>Wikingerschwert Hedeby<\/strong> zu einer Stahlklinge, die gepflegt werden muss, damit sie nicht mit der Zeit abgenutzt wird. Denn wenn du dein Katana ausstellst, werden deine Freunde neugierig sein, die Klinge zu sehen und sie zu ber\u00fchren. Hier ist Vorsicht geboten, denn Sie sollten wissen, dass die S\u00e4ure der Finger dem Stahl unabh\u00e4ngig von seiner Qualit\u00e4t sehr schadet.<\/p>\n<p>Wenn dies jedoch passiert, keine Panik, Sie brauchen nur ein Tuch, das mit etwas \u00d6l befeuchtet ist, und wischen die Fingerabdr\u00fccke ab. Wenn Sie dies tun, werden Sie Ihr Schwert sehr lange behalten.<\/p>","protected":false},"excerpt":{"rendered":"<p>Dieses Hedeby Wikingerschwert ist eine Rekonstruktion eines Grabfundes.<\/p>\n<ul>\n<li>Ungeschliffene Klinge aus Karbonstahl.<\/li>\n<li>Holzgriff mit rotem Leder \u00fcberzogen.<\/li>\n<li>Gravierte Messinggriffschalen und -knauf.<\/li>\n<li>Mit echtem Leder \u00fcberzogene Holzscheide.<\/li>\n<li>Klingenl\u00e4nge: 74 cm - Gesamtl\u00e4nge: 90 cm - Gewicht: 1,45 kg<\/li>\n<\/ul>\n<p><strong>\u00a0<\/strong><\/p>","protected":false},"featured_media":49698,"template":"","meta":[],"product_brand":[896],"product_cat":[25,112,24,103,57],"product_tag":[],"class_list":{"0":"post-49697","1":"product","2":"type-product","3":"status-publish","4":"has-post-thumbnail","6":"product_brand-replique-manga-cine","7":"product_cat-armes-historiques","8":"product_cat-epees-serie-tv-vikings","9":"product_cat-films-series-tv-vente-de-katana-epee-et-produits-derives","10":"product_cat-armes-et-accessoires-vikings","11":"product_cat-armes-vikings","13":"first","14":"instock","15":"taxable","16":"shipping-taxable","17":"purchasable","18":"product-type-simple"},"yoast_head":"<!-- This site is optimized with the Yoast SEO plugin v27.4 - https:\/\/yoast.com\/product\/yoast-seo-wordpress\/ -->\n<title>Ep\u00e9e Viking Hedeby 9\u1d49 si\u00e8cle - Vente en ligne \u00e9p\u00e9e viking - RMC<\/title>\n<meta name=\"description\" content=\"Offrez-lui l&#039;Ep\u00e9e Viking Hedeby du 9\u1d49 si\u00e8cle au meilleur prix. Lame en acier carbone - Fourreau cuir - Longueur totale : 90 cm - Envoi 24\/48h\" \/>\n<meta name=\"robots\" content=\"index, follow, max-snippet:-1, max-image-preview:large, max-video-preview:-1\" \/>\n<link rel=\"canonical\" href=\"https:\/\/repliquemangacine.fr\/de\/schwerter-tv-serie-vikings\/wikingerschwert-hedeby-9-jahrhundert\/\" \/>\n<meta property=\"og:locale\" content=\"de_DE\" \/>\n<meta property=\"og:type\" content=\"article\" \/>\n<meta property=\"og:title\" content=\"Ep\u00e9e Viking Hedeby 9\u1d49 si\u00e8cle - Vente en ligne \u00e9p\u00e9e viking - RMC\" \/>\n<meta property=\"og:description\" content=\"Offrez-lui l&#039;Ep\u00e9e Viking Hedeby du 9\u1d49 si\u00e8cle au meilleur prix. Lame en acier carbone - Fourreau cuir - Longueur totale : 90 cm - Envoi 24\/48h\" \/>\n<meta property=\"og:url\" content=\"https:\/\/repliquemangacine.fr\/de\/schwerter-tv-serie-vikings\/wikingerschwert-hedeby-9-jahrhundert\/\" \/>\n<meta property=\"og:site_name\" content=\"R\u00e9plique Manga Cin\u00e9\" \/>\n<meta property=\"article:publisher\" content=\"https:\/\/www.facebook.com\/RepliqueMangaCine\" \/>\n<meta property=\"article:modified_time\" content=\"2025-09-23T16:02:44+00:00\" \/>\n<meta property=\"og:image\" content=\"https:\/\/repliquemangacine.fr\/wp-content\/uploads\/2023\/10\/viking-1.jpg\" \/>\n\t<meta property=\"og:image:width\" content=\"800\" \/>\n\t<meta property=\"og:image:height\" content=\"800\" \/>\n\t<meta property=\"og:image:type\" content=\"image\/jpeg\" \/>\n<meta name=\"twitter:card\" content=\"summary_large_image\" \/>\n<meta name=\"twitter:label1\" content=\"Gesch\u00e4tzte Lesezeit\" \/>\n\t<meta name=\"twitter:data1\" content=\"2\u00a0Minuten\" \/>\n<script type=\"application\/ld+json\" class=\"yoast-schema-graph\">{\"@context\":\"https:\\\/\\\/schema.org\",\"@graph\":[{\"@type\":\"WebPage\",\"@id\":\"https:\\\/\\\/repliquemangacine.fr\\\/en\\\/swords-tv-series-vikings\\\/hedeby-viking-sword-9th-century\\\/\",\"url\":\"https:\\\/\\\/repliquemangacine.fr\\\/en\\\/swords-tv-series-vikings\\\/hedeby-viking-sword-9th-century\\\/\",\"name\":\"Ep\u00e9e Viking Hedeby 9\u1d49 si\u00e8cle - Vente en ligne \u00e9p\u00e9e viking - RMC\",\"isPartOf\":{\"@id\":\"https:\\\/\\\/repliquemangacine.fr\\\/#website\"},\"primaryImageOfPage\":{\"@id\":\"https:\\\/\\\/repliquemangacine.fr\\\/en\\\/swords-tv-series-vikings\\\/hedeby-viking-sword-9th-century\\\/#primaryimage\"},\"image\":{\"@id\":\"https:\\\/\\\/repliquemangacine.fr\\\/en\\\/swords-tv-series-vikings\\\/hedeby-viking-sword-9th-century\\\/#primaryimage\"},\"thumbnailUrl\":\"https:\\\/\\\/repliquemangacine.fr\\\/wp-content\\\/uploads\\\/2023\\\/10\\\/viking-1.jpg\",\"datePublished\":\"2022-04-13T14:28:27+00:00\",\"dateModified\":\"2025-09-23T16:02:44+00:00\",\"description\":\"Offrez-lui l'Ep\u00e9e Viking Hedeby du 9\u1d49 si\u00e8cle au meilleur prix. Lame en acier carbone - Fourreau cuir - Longueur totale : 90 cm - Envoi 24\\\/48h\",\"breadcrumb\":{\"@id\":\"https:\\\/\\\/repliquemangacine.fr\\\/en\\\/swords-tv-series-vikings\\\/hedeby-viking-sword-9th-century\\\/#breadcrumb\"},\"inLanguage\":\"de\",\"potentialAction\":[{\"@type\":\"ReadAction\",\"target\":[\"https:\\\/\\\/repliquemangacine.fr\\\/en\\\/swords-tv-series-vikings\\\/hedeby-viking-sword-9th-century\\\/\"]}]},{\"@type\":\"ImageObject\",\"inLanguage\":\"de\",\"@id\":\"https:\\\/\\\/repliquemangacine.fr\\\/en\\\/swords-tv-series-vikings\\\/hedeby-viking-sword-9th-century\\\/#primaryimage\",\"url\":\"https:\\\/\\\/repliquemangacine.fr\\\/wp-content\\\/uploads\\\/2023\\\/10\\\/viking-1.jpg\",\"contentUrl\":\"https:\\\/\\\/repliquemangacine.fr\\\/wp-content\\\/uploads\\\/2023\\\/10\\\/viking-1.jpg\",\"width\":800,\"height\":800,\"caption\":\"Ep\u00e9e viking Hedeby 9\u00e8me si\u00e8cle\"},{\"@type\":\"BreadcrumbList\",\"@id\":\"https:\\\/\\\/repliquemangacine.fr\\\/en\\\/swords-tv-series-vikings\\\/hedeby-viking-sword-9th-century\\\/#breadcrumb\",\"itemListElement\":[{\"@type\":\"ListItem\",\"position\":1,\"name\":\"Accueil\",\"item\":\"https:\\\/\\\/repliquemangacine.fr\\\/\"},{\"@type\":\"ListItem\",\"position\":2,\"name\":\"Produits\",\"item\":\"https:\\\/\\\/repliquemangacine.fr\\\/boutique\\\/\"},{\"@type\":\"ListItem\",\"position\":3,\"name\":\"Ep\u00e9e Viking Hedeby 9\u1d49 si\u00e8cle\"}]},{\"@type\":\"WebSite\",\"@id\":\"https:\\\/\\\/repliquemangacine.fr\\\/#website\",\"url\":\"https:\\\/\\\/repliquemangacine.fr\\\/\",\"name\":\"R\u00e9plique Manga Cin\u00e9\",\"description\":\"\",\"publisher\":{\"@id\":\"https:\\\/\\\/repliquemangacine.fr\\\/#organization\"},\"potentialAction\":[{\"@type\":\"SearchAction\",\"target\":{\"@type\":\"EntryPoint\",\"urlTemplate\":\"https:\\\/\\\/repliquemangacine.fr\\\/?s={search_term_string}\"},\"query-input\":{\"@type\":\"PropertyValueSpecification\",\"valueRequired\":true,\"valueName\":\"search_term_string\"}}],\"inLanguage\":\"de\"},{\"@type\":\"Organization\",\"@id\":\"https:\\\/\\\/repliquemangacine.fr\\\/#organization\",\"name\":\"R\u00e9plique Manga Cin\u00e9\",\"url\":\"https:\\\/\\\/repliquemangacine.fr\\\/\",\"logo\":{\"@type\":\"ImageObject\",\"inLanguage\":\"de\",\"@id\":\"https:\\\/\\\/repliquemangacine.fr\\\/#\\\/schema\\\/logo\\\/image\\\/\",\"url\":\"https:\\\/\\\/repliquemangacine.fr\\\/wp-content\\\/uploads\\\/2023\\\/10\\\/RMC-500250.png\",\"contentUrl\":\"https:\\\/\\\/repliquemangacine.fr\\\/wp-content\\\/uploads\\\/2023\\\/10\\\/RMC-500250.png\",\"width\":500,\"height\":250,\"caption\":\"R\u00e9plique Manga Cin\u00e9\"},\"image\":{\"@id\":\"https:\\\/\\\/repliquemangacine.fr\\\/#\\\/schema\\\/logo\\\/image\\\/\"},\"sameAs\":[\"https:\\\/\\\/www.facebook.com\\\/RepliqueMangaCine\",\"https:\\\/\\\/www.instagram.com\\\/repliquemangacine.fr\\\/\"]}]}<\/script>\n<!-- \/ Yoast SEO plugin. -->","yoast_head_json":{"title":"Wikingerschwert Hedeby 9\u1d49 Jahrhundert - Online Verkauf von Wikingerschwert - RMC","description":"Bieten Sie ihm das Hedeby Wikingerschwert aus dem 9\u1d49 Jahrhundert zum besten Preis an. Jahrhundert - Klinge aus Kohlenstoffstahl - Lederscheide - Gesamtl\u00e4nge: 90 cm - Versand 24\/48h","robots":{"index":"index","follow":"follow","max-snippet":"max-snippet:-1","max-image-preview":"max-image-preview:large","max-video-preview":"max-video-preview:-1"},"canonical":"https:\/\/repliquemangacine.fr\/de\/schwerter-tv-serie-vikings\/wikingerschwert-hedeby-9-jahrhundert\/","og_locale":"de_DE","og_type":"article","og_title":"Ep\u00e9e Viking Hedeby 9\u1d49 si\u00e8cle - Vente en ligne \u00e9p\u00e9e viking - RMC","og_description":"Offrez-lui l'Ep\u00e9e Viking Hedeby du 9\u1d49 si\u00e8cle au meilleur prix. Lame en acier carbone - Fourreau cuir - Longueur totale : 90 cm - Envoi 24\/48h","og_url":"https:\/\/repliquemangacine.fr\/de\/schwerter-tv-serie-vikings\/wikingerschwert-hedeby-9-jahrhundert\/","og_site_name":"R\u00e9plique Manga Cin\u00e9","article_publisher":"https:\/\/www.facebook.com\/RepliqueMangaCine","article_modified_time":"2025-09-23T16:02:44+00:00","og_image":[{"width":800,"height":800,"url":"https:\/\/repliquemangacine.fr\/wp-content\/uploads\/2023\/10\/viking-1.jpg","type":"image\/jpeg"}],"twitter_card":"summary_large_image","twitter_misc":{"Gesch\u00e4tzte Lesezeit":"2\u00a0Minuten"},"schema":{"@context":"https:\/\/schema.org","@graph":[{"@type":"WebPage","@id":"https:\/\/repliquemangacine.fr\/en\/swords-tv-series-vikings\/hedeby-viking-sword-9th-century\/","url":"https:\/\/repliquemangacine.fr\/en\/swords-tv-series-vikings\/hedeby-viking-sword-9th-century\/","name":"Wikingerschwert Hedeby 9\u1d49 Jahrhundert - Online Verkauf von Wikingerschwert - RMC","isPartOf":{"@id":"https:\/\/repliquemangacine.fr\/#website"},"primaryImageOfPage":{"@id":"https:\/\/repliquemangacine.fr\/en\/swords-tv-series-vikings\/hedeby-viking-sword-9th-century\/#primaryimage"},"image":{"@id":"https:\/\/repliquemangacine.fr\/en\/swords-tv-series-vikings\/hedeby-viking-sword-9th-century\/#primaryimage"},"thumbnailUrl":"https:\/\/repliquemangacine.fr\/wp-content\/uploads\/2023\/10\/viking-1.jpg","datePublished":"2022-04-13T14:28:27+00:00","dateModified":"2025-09-23T16:02:44+00:00","description":"Bieten Sie ihm das Hedeby Wikingerschwert aus dem 9\u1d49 Jahrhundert zum besten Preis an. Jahrhundert - Klinge aus Kohlenstoffstahl - Lederscheide - Gesamtl\u00e4nge: 90 cm - Versand 24\/48h","breadcrumb":{"@id":"https:\/\/repliquemangacine.fr\/en\/swords-tv-series-vikings\/hedeby-viking-sword-9th-century\/#breadcrumb"},"inLanguage":"de","potentialAction":[{"@type":"ReadAction","target":["https:\/\/repliquemangacine.fr\/en\/swords-tv-series-vikings\/hedeby-viking-sword-9th-century\/"]}]},{"@type":"ImageObject","inLanguage":"de","@id":"https:\/\/repliquemangacine.fr\/en\/swords-tv-series-vikings\/hedeby-viking-sword-9th-century\/#primaryimage","url":"https:\/\/repliquemangacine.fr\/wp-content\/uploads\/2023\/10\/viking-1.jpg","contentUrl":"https:\/\/repliquemangacine.fr\/wp-content\/uploads\/2023\/10\/viking-1.jpg","width":800,"height":800,"caption":"Ep\u00e9e viking Hedeby 9\u00e8me si\u00e8cle"},{"@type":"BreadcrumbList","@id":"https:\/\/repliquemangacine.fr\/en\/swords-tv-series-vikings\/hedeby-viking-sword-9th-century\/#breadcrumb","itemListElement":[{"@type":"ListItem","position":1,"name":"Accueil","item":"https:\/\/repliquemangacine.fr\/"},{"@type":"ListItem","position":2,"name":"Produits","item":"https:\/\/repliquemangacine.fr\/boutique\/"},{"@type":"ListItem","position":3,"name":"Ep\u00e9e Viking Hedeby 9\u1d49 si\u00e8cle"}]},{"@type":"WebSite","@id":"https:\/\/repliquemangacine.fr\/#website","url":"https:\/\/repliquemangacine.fr\/","name":"R\u00e9plique Manga Cin\u00e9","description":"","publisher":{"@id":"https:\/\/repliquemangacine.fr\/#organization"},"potentialAction":[{"@type":"SearchAction","target":{"@type":"EntryPoint","urlTemplate":"https:\/\/repliquemangacine.fr\/?s={search_term_string}"},"query-input":{"@type":"PropertyValueSpecification","valueRequired":true,"valueName":"search_term_string"}}],"inLanguage":"de"},{"@type":"Organization","@id":"https:\/\/repliquemangacine.fr\/#organization","name":"R\u00e9plique Manga Cin\u00e9","url":"https:\/\/repliquemangacine.fr\/","logo":{"@type":"ImageObject","inLanguage":"de","@id":"https:\/\/repliquemangacine.fr\/#\/schema\/logo\/image\/","url":"https:\/\/repliquemangacine.fr\/wp-content\/uploads\/2023\/10\/RMC-500250.png","contentUrl":"https:\/\/repliquemangacine.fr\/wp-content\/uploads\/2023\/10\/RMC-500250.png","width":500,"height":250,"caption":"R\u00e9plique Manga Cin\u00e9"},"image":{"@id":"https:\/\/repliquemangacine.fr\/#\/schema\/logo\/image\/"},"sameAs":["https:\/\/www.facebook.com\/RepliqueMangaCine","https:\/\/www.instagram.com\/repliquemangacine.fr\/"]}]}},"_links":{"self":[{"href":"https:\/\/repliquemangacine.fr\/de\/wp-json\/wp\/v2\/product\/49697","targetHints":{"allow":["GET"]}}],"collection":[{"href":"https:\/\/repliquemangacine.fr\/de\/wp-json\/wp\/v2\/product"}],"about":[{"href":"https:\/\/repliquemangacine.fr\/de\/wp-json\/wp\/v2\/types\/product"}],"wp:featuredmedia":[{"embeddable":true,"href":"https:\/\/repliquemangacine.fr\/de\/wp-json\/wp\/v2\/media\/49698"}],"wp:attachment":[{"href":"https:\/\/repliquemangacine.fr\/de\/wp-json\/wp\/v2\/media?parent=49697"}],"wp:term":[{"taxonomy":"product_brand","embeddable":true,"href":"https:\/\/repliquemangacine.fr\/de\/wp-json\/wp\/v2\/product_brand?post=49697"},{"taxonomy":"product_cat","embeddable":true,"href":"https:\/\/repliquemangacine.fr\/de\/wp-json\/wp\/v2\/product_cat?post=49697"},{"taxonomy":"product_tag","embeddable":true,"href":"https:\/\/repliquemangacine.fr\/de\/wp-json\/wp\/v2\/product_tag?post=49697"}],"curies":[{"name":"wp","href":"https:\/\/api.w.org\/{rel}","templated":true}]}}