





{"id":49556,"date":"2022-04-08T11:56:28","date_gmt":"2022-04-08T09:56:28","guid":{"rendered":"https:\/\/repliquemangacine.fr\/?post_type=product&#038;p=49556"},"modified":"2026-04-18T17:23:07","modified_gmt":"2026-04-18T15:23:07","slug":"schwert-sakabato-katana-kenshin-umgekehrte-klinge","status":"publish","type":"product","link":"https:\/\/repliquemangacine.fr\/de\/katana-les-epees-de-films-et-series\/sabre-sakabato-katana-kenshin-lame-inversee\/","title":{"rendered":"Katana Kenshin Sakabato"},"content":{"rendered":"<h2>Katana Kenshin Sakabato umgekehrte Klinge.<\/h2>\n<p>Zu Beginn wird der <strong>Katana Kenshin Sakabato<\/strong> ist ein Schwert mit umgekehrter Klinge. Hauptwaffe, die von Kenshin benutzt wird. Er reiste zehn Jahre lang als Rurouni auf der Suche nach Erl\u00f6sung durch Japan und trug ein <a href=\"https:\/\/kenshin.fandom.com\/wiki\/Sakabat\u014d\" target=\"_blank\" rel=\"noopener noreferrer\">sakabat\u014d<\/a> mit dem Gel\u00fcbde, nie wieder zu t\u00f6ten.<\/p>\n<p>Geschmiedet wie ein heiliges Schwert, wurden Arai Shakk\u016bs letzte Klingen mit dem Angebot hergestellt, den neuen Frieden zu ehren, den die Meiji-Zeit bringen w\u00fcrde, und f\u00fcr ihn und seinen Tr\u00e4ger das Ende seiner Karriere, Waffen f\u00fcr Gewalt und Tod zu erschaffen, und f\u00fcr Kenshin das Ende seiner Tage als Hitokiri und das Versprechen, nie wieder ein anderes Menschenleben zu nehmen.<\/p>\n<p>Kenshin ist zu einem Medienfranchise geworden. Bestehend aus einer Reihe von Mangas, Animes, Filmen, Videospielen und anderen Sammlerst\u00fccken.<\/p>\n<h2>Ihr Katana Kenshin Sakabato zum besten Preis.<\/h2>\n<p>Wir bieten Ihnen eine gro\u00dfe Auswahl an Repliken von Anime-Mangas und Videospielen.<\/p>\n<p>Zun\u00e4chst einmal,<\/p>\n<ul>\n<li>Die beeindruckende Nachbildung der <a href=\"https:\/\/repliquemangacine.fr\/de\/andere-videospiele\/hache-leviathan-de-kratos-god-of-war\/\">Axt Leviathan<\/a> von Kratos in God of War.<\/li>\n<li>Sowie die Replik des<a href=\"https:\/\/repliquemangacine.fr\/de\/andere-videospiele\/epee-genji-baihu-nouvel-an-lunaire-overwatch\/\">Baihu-Schwert<\/a> Skin von Genji Oni im Videospiel Overwatch.<\/li>\n<li>Es gibt auch die Replik des <a href=\"https:\/\/repliquemangacine.fr\/de\/andere-videospiele\/kusabimaru-sekiro-shadows-die-twice\/\">Katana Kusabimaru<\/a>Die Hauptwaffe von Loup alias Sekiro in Shadows Die Twice.<\/li>\n<li>Und viele andere, die es in unserem Online-Shop zu entdecken gibt!<\/li>\n<\/ul>\n<p>Deshalb gibt es hier tolle Geschenkideen f\u00fcr alle Fans von Filmen und Fernsehserien.<\/p>\n<p>Sie k\u00f6nnen den <strong>Katana Kenshin Sakabato<\/strong> f\u00fcr Ihre Cosplay-Paraden oder Themenabende. Vor allem aber ist dieses Schwert ein Sammler- und Dekorationsst\u00fcck.<\/p>\n<p>R\u00e9plique Manga Cin\u00e9 ist ein franz\u00f6sisches Unternehmen.<\/p>\n<h2>Wie pflegt man die Klinge seines Manga-Katanas?<\/h2>\n<p>Katanas f\u00fcr Sammlungen und Dekorationen werden auf vereinfachte Weise hergestellt und zusammengebaut. Da sie zu Dekorationszwecken verwendet werden, fehlen ihnen die Sicherheitsmerkmale, die ein japanisches Schwert f\u00fcr Trainingszwecke aufweisen muss.<\/p>\n<p>Allerdings ist Ihr <strong>Katana Kenshin Sakabato<\/strong> zu einer Stahlklinge, die gepflegt werden muss, damit sie nicht mit der Zeit abgenutzt wird. Denn wenn du dein Katana ausstellst, werden deine Freunde neugierig sein, die Klinge zu sehen und sie zu ber\u00fchren. Hier ist Vorsicht geboten, denn Sie sollten wissen, dass die S\u00e4ure der Finger dem Stahl unabh\u00e4ngig von seiner Qualit\u00e4t sehr schadet.<\/p>\n<p>Wenn dies jedoch passiert, keine Panik, Sie brauchen nur ein Tuch, das mit etwas \u00d6l befeuchtet ist, und wischen die Fingerabdr\u00fccke ab. Wenn Sie dies tun, werden Sie Ihr Schwert sehr lange behalten.<\/p>","protected":false},"excerpt":{"rendered":"<p>Kenshins Schwert in den Filmen \"Kenshin der Vagabund\".<\/p>\n<ul>\n<li>Umgekehrte Klinge aus nicht scharfem 440er Stahl.<\/li>\n<li>Spezifisch geformter Guard aus Stahl.<\/li>\n<li>Schwarz lackierte Scheide.<\/li>\n<li>Griff mit Baumwollgeflecht umwickelt.<\/li>\n<li>L\u00e4nge der Klinge: 68 cm - Gesamtl\u00e4nge: 103 cm<\/li>\n<li>Gewicht: 830 grs<\/li>\n<\/ul>","protected":false},"featured_media":49557,"template":"","meta":[],"product_brand":[896],"product_cat":[65,91,66,24,23,101],"product_tag":[],"class_list":{"0":"post-49556","1":"product","2":"type-product","3":"status-publish","4":"has-post-thumbnail","6":"product_brand-replique-manga-cine","7":"product_cat-katana-et-epee-de-manga-anime-autre-manga","8":"product_cat-katana-les-epees-de-films-et-series","9":"product_cat-repliques-d-armes-films-et-series","10":"product_cat-films-series-tv-vente-de-katana-epee-et-produits-derives","11":"product_cat-repliques-manga-jeux-video","12":"product_cat-soldes","14":"first","15":"instock","16":"sale","17":"taxable","18":"shipping-taxable","19":"purchasable","20":"product-type-simple"},"yoast_head":"<!-- This site is optimized with the Yoast SEO plugin v27.4 - https:\/\/yoast.com\/product\/yoast-seo-wordpress\/ -->\n<title>Katana Kenshin Sakabato - Lame invers\u00e9e - Vente en ligne - RMC<\/title>\n<meta name=\"description\" content=\"Offrez-vous le Katana Kenshin Sakabato au meilleur prix - Lame invers\u00e9e en acier - Echelle 1\/1 - Fourreau laqu\u00e9 - Longueur totale : 103 cm - Envoi 24\/48h\" \/>\n<meta name=\"robots\" content=\"index, follow, max-snippet:-1, max-image-preview:large, max-video-preview:-1\" \/>\n<link rel=\"canonical\" href=\"https:\/\/repliquemangacine.fr\/de\/ausverkauf\/schwert-sakabato-katana-kenshin-umgekehrte-klinge\/\" \/>\n<meta property=\"og:locale\" content=\"de_DE\" \/>\n<meta property=\"og:type\" content=\"article\" \/>\n<meta property=\"og:title\" content=\"Katana Kenshin Sakabato - Lame invers\u00e9e - Vente en ligne - RMC\" \/>\n<meta property=\"og:description\" content=\"Offrez-vous le Katana Kenshin Sakabato au meilleur prix - Lame invers\u00e9e en acier - Echelle 1\/1 - Fourreau laqu\u00e9 - Longueur totale : 103 cm - Envoi 24\/48h\" \/>\n<meta property=\"og:url\" content=\"https:\/\/repliquemangacine.fr\/de\/ausverkauf\/schwert-sakabato-katana-kenshin-umgekehrte-klinge\/\" \/>\n<meta property=\"og:site_name\" content=\"R\u00e9plique Manga Cin\u00e9\" \/>\n<meta property=\"article:publisher\" content=\"https:\/\/www.facebook.com\/RepliqueMangaCine\" \/>\n<meta property=\"article:modified_time\" content=\"2026-04-18T15:23:07+00:00\" \/>\n<meta property=\"og:image\" content=\"https:\/\/repliquemangacine.fr\/wp-content\/uploads\/2023\/10\/kenshingarde.jpg\" \/>\n\t<meta property=\"og:image:width\" content=\"800\" \/>\n\t<meta property=\"og:image:height\" content=\"800\" \/>\n\t<meta property=\"og:image:type\" content=\"image\/jpeg\" \/>\n<meta name=\"twitter:card\" content=\"summary_large_image\" \/>\n<meta name=\"twitter:label1\" content=\"Gesch\u00e4tzte Lesezeit\" \/>\n\t<meta name=\"twitter:data1\" content=\"1\u00a0Minute\" \/>\n<script type=\"application\/ld+json\" class=\"yoast-schema-graph\">{\"@context\":\"https:\\\/\\\/schema.org\",\"@graph\":[{\"@type\":\"WebPage\",\"@id\":\"https:\\\/\\\/repliquemangacine.fr\\\/soldes\\\/sabre-sakabato-katana-kenshin-lame-inversee\\\/\",\"url\":\"https:\\\/\\\/repliquemangacine.fr\\\/soldes\\\/sabre-sakabato-katana-kenshin-lame-inversee\\\/\",\"name\":\"Katana Kenshin Sakabato - Lame invers\u00e9e - Vente en ligne - RMC\",\"isPartOf\":{\"@id\":\"https:\\\/\\\/repliquemangacine.fr\\\/#website\"},\"primaryImageOfPage\":{\"@id\":\"https:\\\/\\\/repliquemangacine.fr\\\/soldes\\\/sabre-sakabato-katana-kenshin-lame-inversee\\\/#primaryimage\"},\"image\":{\"@id\":\"https:\\\/\\\/repliquemangacine.fr\\\/soldes\\\/sabre-sakabato-katana-kenshin-lame-inversee\\\/#primaryimage\"},\"thumbnailUrl\":\"https:\\\/\\\/repliquemangacine.fr\\\/wp-content\\\/uploads\\\/2023\\\/10\\\/kenshingarde.jpg\",\"datePublished\":\"2022-04-08T09:56:28+00:00\",\"dateModified\":\"2026-04-18T15:23:07+00:00\",\"description\":\"Offrez-vous le Katana Kenshin Sakabato au meilleur prix - Lame invers\u00e9e en acier - Echelle 1\\\/1 - Fourreau laqu\u00e9 - Longueur totale : 103 cm - Envoi 24\\\/48h\",\"breadcrumb\":{\"@id\":\"https:\\\/\\\/repliquemangacine.fr\\\/soldes\\\/sabre-sakabato-katana-kenshin-lame-inversee\\\/#breadcrumb\"},\"inLanguage\":\"de\",\"potentialAction\":[{\"@type\":\"ReadAction\",\"target\":[\"https:\\\/\\\/repliquemangacine.fr\\\/soldes\\\/sabre-sakabato-katana-kenshin-lame-inversee\\\/\"]}]},{\"@type\":\"ImageObject\",\"inLanguage\":\"de\",\"@id\":\"https:\\\/\\\/repliquemangacine.fr\\\/soldes\\\/sabre-sakabato-katana-kenshin-lame-inversee\\\/#primaryimage\",\"url\":\"https:\\\/\\\/repliquemangacine.fr\\\/wp-content\\\/uploads\\\/2023\\\/10\\\/kenshingarde.jpg\",\"contentUrl\":\"https:\\\/\\\/repliquemangacine.fr\\\/wp-content\\\/uploads\\\/2023\\\/10\\\/kenshingarde.jpg\",\"width\":800,\"height\":800,\"caption\":\"Sabre Sakabato katana Kenshin lame invers\u00e9e\"},{\"@type\":\"BreadcrumbList\",\"@id\":\"https:\\\/\\\/repliquemangacine.fr\\\/soldes\\\/sabre-sakabato-katana-kenshin-lame-inversee\\\/#breadcrumb\",\"itemListElement\":[{\"@type\":\"ListItem\",\"position\":1,\"name\":\"Accueil\",\"item\":\"https:\\\/\\\/repliquemangacine.fr\\\/\"},{\"@type\":\"ListItem\",\"position\":2,\"name\":\"Produits\",\"item\":\"https:\\\/\\\/repliquemangacine.fr\\\/boutique\\\/\"},{\"@type\":\"ListItem\",\"position\":3,\"name\":\"Katana Kenshin Sakabato\"}]},{\"@type\":\"WebSite\",\"@id\":\"https:\\\/\\\/repliquemangacine.fr\\\/#website\",\"url\":\"https:\\\/\\\/repliquemangacine.fr\\\/\",\"name\":\"R\u00e9plique Manga Cin\u00e9\",\"description\":\"\",\"publisher\":{\"@id\":\"https:\\\/\\\/repliquemangacine.fr\\\/#organization\"},\"potentialAction\":[{\"@type\":\"SearchAction\",\"target\":{\"@type\":\"EntryPoint\",\"urlTemplate\":\"https:\\\/\\\/repliquemangacine.fr\\\/?s={search_term_string}\"},\"query-input\":{\"@type\":\"PropertyValueSpecification\",\"valueRequired\":true,\"valueName\":\"search_term_string\"}}],\"inLanguage\":\"de\"},{\"@type\":\"Organization\",\"@id\":\"https:\\\/\\\/repliquemangacine.fr\\\/#organization\",\"name\":\"R\u00e9plique Manga Cin\u00e9\",\"url\":\"https:\\\/\\\/repliquemangacine.fr\\\/\",\"logo\":{\"@type\":\"ImageObject\",\"inLanguage\":\"de\",\"@id\":\"https:\\\/\\\/repliquemangacine.fr\\\/#\\\/schema\\\/logo\\\/image\\\/\",\"url\":\"https:\\\/\\\/repliquemangacine.fr\\\/wp-content\\\/uploads\\\/2023\\\/10\\\/RMC-500250.png\",\"contentUrl\":\"https:\\\/\\\/repliquemangacine.fr\\\/wp-content\\\/uploads\\\/2023\\\/10\\\/RMC-500250.png\",\"width\":500,\"height\":250,\"caption\":\"R\u00e9plique Manga Cin\u00e9\"},\"image\":{\"@id\":\"https:\\\/\\\/repliquemangacine.fr\\\/#\\\/schema\\\/logo\\\/image\\\/\"},\"sameAs\":[\"https:\\\/\\\/www.facebook.com\\\/RepliqueMangaCine\",\"https:\\\/\\\/www.instagram.com\\\/repliquemangacine.fr\\\/\"]}]}<\/script>\n<!-- \/ Yoast SEO plugin. -->","yoast_head_json":{"title":"Katana Kenshin Sakabato - Umgekehrte Klinge - Online-Versteigerung - RMC","description":"Bieten Sie das Katana Kenshin Sakabato zum besten Preis an - Umgekehrte Klinge aus Stahl - Ma\u00dfstab 1\/1 - Lackierte Scheide - Gesamtl\u00e4nge: 103 cm - Versand 24\/48h","robots":{"index":"index","follow":"follow","max-snippet":"max-snippet:-1","max-image-preview":"max-image-preview:large","max-video-preview":"max-video-preview:-1"},"canonical":"https:\/\/repliquemangacine.fr\/de\/ausverkauf\/schwert-sakabato-katana-kenshin-umgekehrte-klinge\/","og_locale":"de_DE","og_type":"article","og_title":"Katana Kenshin Sakabato - Lame invers\u00e9e - Vente en ligne - RMC","og_description":"Offrez-vous le Katana Kenshin Sakabato au meilleur prix - Lame invers\u00e9e en acier - Echelle 1\/1 - Fourreau laqu\u00e9 - Longueur totale : 103 cm - Envoi 24\/48h","og_url":"https:\/\/repliquemangacine.fr\/de\/ausverkauf\/schwert-sakabato-katana-kenshin-umgekehrte-klinge\/","og_site_name":"R\u00e9plique Manga Cin\u00e9","article_publisher":"https:\/\/www.facebook.com\/RepliqueMangaCine","article_modified_time":"2026-04-18T15:23:07+00:00","og_image":[{"width":800,"height":800,"url":"https:\/\/repliquemangacine.fr\/wp-content\/uploads\/2023\/10\/kenshingarde.jpg","type":"image\/jpeg"}],"twitter_card":"summary_large_image","twitter_misc":{"Gesch\u00e4tzte Lesezeit":"1\u00a0Minute"},"schema":{"@context":"https:\/\/schema.org","@graph":[{"@type":"WebPage","@id":"https:\/\/repliquemangacine.fr\/soldes\/sabre-sakabato-katana-kenshin-lame-inversee\/","url":"https:\/\/repliquemangacine.fr\/soldes\/sabre-sakabato-katana-kenshin-lame-inversee\/","name":"Katana Kenshin Sakabato - Umgekehrte Klinge - Online-Versteigerung - RMC","isPartOf":{"@id":"https:\/\/repliquemangacine.fr\/#website"},"primaryImageOfPage":{"@id":"https:\/\/repliquemangacine.fr\/soldes\/sabre-sakabato-katana-kenshin-lame-inversee\/#primaryimage"},"image":{"@id":"https:\/\/repliquemangacine.fr\/soldes\/sabre-sakabato-katana-kenshin-lame-inversee\/#primaryimage"},"thumbnailUrl":"https:\/\/repliquemangacine.fr\/wp-content\/uploads\/2023\/10\/kenshingarde.jpg","datePublished":"2022-04-08T09:56:28+00:00","dateModified":"2026-04-18T15:23:07+00:00","description":"Bieten Sie das Katana Kenshin Sakabato zum besten Preis an - Umgekehrte Klinge aus Stahl - Ma\u00dfstab 1\/1 - Lackierte Scheide - Gesamtl\u00e4nge: 103 cm - Versand 24\/48h","breadcrumb":{"@id":"https:\/\/repliquemangacine.fr\/soldes\/sabre-sakabato-katana-kenshin-lame-inversee\/#breadcrumb"},"inLanguage":"de","potentialAction":[{"@type":"ReadAction","target":["https:\/\/repliquemangacine.fr\/soldes\/sabre-sakabato-katana-kenshin-lame-inversee\/"]}]},{"@type":"ImageObject","inLanguage":"de","@id":"https:\/\/repliquemangacine.fr\/soldes\/sabre-sakabato-katana-kenshin-lame-inversee\/#primaryimage","url":"https:\/\/repliquemangacine.fr\/wp-content\/uploads\/2023\/10\/kenshingarde.jpg","contentUrl":"https:\/\/repliquemangacine.fr\/wp-content\/uploads\/2023\/10\/kenshingarde.jpg","width":800,"height":800,"caption":"Sabre Sakabato katana Kenshin lame invers\u00e9e"},{"@type":"BreadcrumbList","@id":"https:\/\/repliquemangacine.fr\/soldes\/sabre-sakabato-katana-kenshin-lame-inversee\/#breadcrumb","itemListElement":[{"@type":"ListItem","position":1,"name":"Accueil","item":"https:\/\/repliquemangacine.fr\/"},{"@type":"ListItem","position":2,"name":"Produits","item":"https:\/\/repliquemangacine.fr\/boutique\/"},{"@type":"ListItem","position":3,"name":"Katana Kenshin Sakabato"}]},{"@type":"WebSite","@id":"https:\/\/repliquemangacine.fr\/#website","url":"https:\/\/repliquemangacine.fr\/","name":"R\u00e9plique Manga Cin\u00e9","description":"","publisher":{"@id":"https:\/\/repliquemangacine.fr\/#organization"},"potentialAction":[{"@type":"SearchAction","target":{"@type":"EntryPoint","urlTemplate":"https:\/\/repliquemangacine.fr\/?s={search_term_string}"},"query-input":{"@type":"PropertyValueSpecification","valueRequired":true,"valueName":"search_term_string"}}],"inLanguage":"de"},{"@type":"Organization","@id":"https:\/\/repliquemangacine.fr\/#organization","name":"R\u00e9plique Manga Cin\u00e9","url":"https:\/\/repliquemangacine.fr\/","logo":{"@type":"ImageObject","inLanguage":"de","@id":"https:\/\/repliquemangacine.fr\/#\/schema\/logo\/image\/","url":"https:\/\/repliquemangacine.fr\/wp-content\/uploads\/2023\/10\/RMC-500250.png","contentUrl":"https:\/\/repliquemangacine.fr\/wp-content\/uploads\/2023\/10\/RMC-500250.png","width":500,"height":250,"caption":"R\u00e9plique Manga Cin\u00e9"},"image":{"@id":"https:\/\/repliquemangacine.fr\/#\/schema\/logo\/image\/"},"sameAs":["https:\/\/www.facebook.com\/RepliqueMangaCine","https:\/\/www.instagram.com\/repliquemangacine.fr\/"]}]}},"_links":{"self":[{"href":"https:\/\/repliquemangacine.fr\/de\/wp-json\/wp\/v2\/product\/49556","targetHints":{"allow":["GET"]}}],"collection":[{"href":"https:\/\/repliquemangacine.fr\/de\/wp-json\/wp\/v2\/product"}],"about":[{"href":"https:\/\/repliquemangacine.fr\/de\/wp-json\/wp\/v2\/types\/product"}],"wp:featuredmedia":[{"embeddable":true,"href":"https:\/\/repliquemangacine.fr\/de\/wp-json\/wp\/v2\/media\/49557"}],"wp:attachment":[{"href":"https:\/\/repliquemangacine.fr\/de\/wp-json\/wp\/v2\/media?parent=49556"}],"wp:term":[{"taxonomy":"product_brand","embeddable":true,"href":"https:\/\/repliquemangacine.fr\/de\/wp-json\/wp\/v2\/product_brand?post=49556"},{"taxonomy":"product_cat","embeddable":true,"href":"https:\/\/repliquemangacine.fr\/de\/wp-json\/wp\/v2\/product_cat?post=49556"},{"taxonomy":"product_tag","embeddable":true,"href":"https:\/\/repliquemangacine.fr\/de\/wp-json\/wp\/v2\/product_tag?post=49556"}],"curies":[{"name":"wp","href":"https:\/\/api.w.org\/{rel}","templated":true}]}}