





{"id":49519,"date":"2022-04-06T17:44:34","date_gmt":"2022-04-06T15:44:34","guid":{"rendered":"https:\/\/repliquemangacine.fr\/?post_type=product&#038;p=49519"},"modified":"2026-03-20T12:42:41","modified_gmt":"2026-03-20T11:42:41","slug":"katana-ninja-blasrohr-schmiede-scharfes-schwert","status":"publish","type":"product","link":"https:\/\/repliquemangacine.fr\/de\/katana-les-epees-de-films-et-series\/katana-ninja-sarbacane-forge-sabre-coupant\/","title":{"rendered":"Ninjato Blasrohr Ninja-S\u00e4bel"},"content":{"rendered":"<h2>Geschmiedetes Ninja-Katana mit Blasrohr.<\/h2>\n<p>Zu Beginn wird der <strong>Geschmiedetes Ninja-Katana mit Blasrohr<\/strong>, Dieses Ninjato ist mit seiner funktionierenden Blasrohr und seiner scharfen Klinge einfach unglaublich.<\/p>\n<p>Die <a href=\"https:\/\/fr.wikipedia.org\/wiki\/Shinobi_kenjutsu\" target=\"_blank\" rel=\"noopener noreferrer\">Shinobi Kenjutsu<\/a> ist eine japanische Kampfkunst, bei der es um die Beherrschung des Ninjat\u014d-Schwertes geht. Im Gegensatz zum herk\u00f6mmlichen Kenjutsu, das von den Samurai etabliert wurde. Shinobi Kenjutsu l\u00f6st sich vom Formalismus des Bushido und konzentriert sich ausschlie\u00dflich auf die Effizienz. Tritte, Schl\u00e4ge, Angriffe auf das Gesicht mit dem Tsuka (Griff) oder der Tsuba (Parierstange), Spr\u00fcnge (Cho Yaku Jutsu), falsche Scheiden (Saya) und Blasrohre.<\/p>\n<p>Trotz des fantasievollen Aussehens erfordert es jedoch ein hohes Ma\u00df an Schwertkunst, um solche Akrobatiken ausf\u00fchren zu k\u00f6nnen. Die Blasrohr ist ein Rohr oder Schlauch, mit dem man kleine Projektile durch die Kraft des Atems abschie\u00dft.<\/p>\n<h2>Ihr geschmiedetes Ninja Sarbacane Katana zum besten Preis.<\/h2>\n<p>Wir bieten Ihnen eine gro\u00dfe Auswahl an Repliken aus dem Bereich der Kampfk\u00fcnste.<\/p>\n<p>Zun\u00e4chst einmal,<\/p>\n<ul>\n<li>Das zweiteilige Set <a href=\"https:\/\/repliquemangacine.fr\/de\/fantasy-schwerter-und-dolche\/machete-und-tanto-ninja\/\">Machete und Tanto-Ninja<\/a>Die Kinder haben die M\u00f6glichkeit, sich in der Schule zu bewegen.<\/li>\n<li>Es gibt auch die <a href=\"https:\/\/repliquemangacine.fr\/de\/filme-tv-serien-verkauf-von-katana-schwertern-und-derivaten\/werfmesser-expendables-kunai-riesig-jason-statham\/\">zwei Wurfmesser<\/a> von Lee Christmas in dem Film \"The Expendables\" verwendet.<\/li>\n<li>Sowie das s<a href=\"https:\/\/repliquemangacine.fr\/de\/katana-dekoration\/katana-ninja-blasrohr-ninjato\/\">abre ninja Blasrohr<\/a> in nicht-schneidender Ausf\u00fchrung.<\/li>\n<li>Und noch viel mehr gibt es in unserem Online-Shop zu entdecken!<\/li>\n<\/ul>\n<p>Deshalb finden Sie hier tolle Geschenkideen f\u00fcr alle Fans der Kampfk\u00fcnste.<\/p>\n<p>Abschlie\u00dfend k\u00f6nnen Sie den <strong>Geschmiedetes Ninja-Katana mit Blasrohr<\/strong> f\u00fcr Ihr Schneidetraining. Vor allem aber ist dieses Schwert ein Sammler- und Dekorationsst\u00fcck.<\/p>\n<h2>Wie pflegt man die Klinge seines Schwertes?<\/h2>\n<p>Katanas f\u00fcr Sammlungen und Dekorationen werden auf vereinfachte Weise hergestellt und zusammengebaut. Da sie zu Dekorationszwecken verwendet werden, fehlen ihnen die Sicherheitsmerkmale, die ein japanisches Schwert f\u00fcr Trainingszwecke aufweisen muss.<\/p>\n<p>Allerdings ist Ihr <strong>geschmiedetes Ninja-Katana mit Blasrohr<\/strong> zu einer Stahlklinge, die gepflegt werden muss, damit sie nicht mit der Zeit abgenutzt wird. Denn wenn du dein Katana ausstellst, werden deine Freunde neugierig sein, die Klinge zu sehen und sie zu ber\u00fchren. Hier ist Vorsicht geboten, denn Sie sollten wissen, dass die S\u00e4ure der Finger dem Stahl unabh\u00e4ngig von seiner Qualit\u00e4t sehr schadet.<\/p>\n<p>Wenn dies jedoch passiert, keine Panik, Sie brauchen nur ein Tuch, das mit etwas \u00d6l befeuchtet ist, und wischen die Fingerabdr\u00fccke ab. Wenn Sie dies tun, werden Sie Ihr Schwert sehr lange behalten.<\/p>","protected":false},"excerpt":{"rendered":"<p>Geschmiedetes Ninja-Katana mit Blasrohr<\/p>\n<ul>\n<li>Klinge aus 1045 Maru-Kohlenstoffstahl, handgeschmiedet.<\/li>\n<li>Schwarze, antireflektierende Klinge, sehr scharf.<\/li>\n<li>Guard aus Stahl.<\/li>\n<li>Griff mit schwarzem Baumwollgeflecht \u00fcberzogen.<\/li>\n<li>Holzscheide ist ein Blasrohr und 12 Nadeln aus Metall befestigt.<\/li>\n<li>Funktionale Sarbacane.<\/li>\n<li>H\u00e4rte: 60 HRC auf der Schneide und 40 HRC auf dem Klingenr\u00fccken.<\/li>\n<li>Schutzh\u00fclle aus schwarzer Seide.<\/li>\n<li>Lieferung mit Blasrohr + 12 Darts + Schnorchel<\/li>\n<\/ul>","protected":false},"featured_media":49520,"template":"","meta":[],"product_brand":[896],"product_cat":[91,66,24,26,38],"product_tag":[],"class_list":{"0":"post-49519","1":"product","2":"type-product","3":"status-publish","4":"has-post-thumbnail","6":"product_brand-replique-manga-cine","7":"product_cat-katana-les-epees-de-films-et-series","8":"product_cat-repliques-d-armes-films-et-series","9":"product_cat-films-series-tv-vente-de-katana-epee-et-produits-derives","10":"product_cat-katana-epee","11":"product_cat-katana-forge","13":"first","14":"instock","15":"taxable","16":"shipping-taxable","17":"purchasable","18":"product-type-simple"},"yoast_head":"<!-- This site is optimized with the Yoast SEO plugin v27.5 - https:\/\/yoast.com\/product\/yoast-seo-wordpress\/ -->\n<title>Katana Ninja forg\u00e9 sarbacane - R\u00e9plique Manga Cin\u00e9<\/title>\n<meta name=\"description\" content=\"D\u00e9couvrez le Katana Ninja forg\u00e9 avec sarbacane au meilleur prix. Lame droite en acier carbone - Sarbacane fonctionnelle sur le fourreau - Longueur : 105 cm\" \/>\n<meta name=\"robots\" content=\"index, follow, max-snippet:-1, max-image-preview:large, max-video-preview:-1\" \/>\n<link rel=\"canonical\" href=\"https:\/\/repliquemangacine.fr\/de\/katana-die-schwerter-aus-filmen-und-serien\/katana-ninja-blasrohr-schmiede-scharfes-schwert\/\" \/>\n<meta property=\"og:locale\" content=\"de_DE\" \/>\n<meta property=\"og:type\" content=\"article\" \/>\n<meta property=\"og:title\" content=\"Katana Ninja forg\u00e9 sarbacane - R\u00e9plique Manga Cin\u00e9\" \/>\n<meta property=\"og:description\" content=\"D\u00e9couvrez le Katana Ninja forg\u00e9 avec sarbacane au meilleur prix. Lame droite en acier carbone - Sarbacane fonctionnelle sur le fourreau - Longueur : 105 cm\" \/>\n<meta property=\"og:url\" content=\"https:\/\/repliquemangacine.fr\/de\/katana-die-schwerter-aus-filmen-und-serien\/katana-ninja-blasrohr-schmiede-scharfes-schwert\/\" \/>\n<meta property=\"og:site_name\" content=\"R\u00e9plique Manga Cin\u00e9\" \/>\n<meta property=\"article:publisher\" content=\"https:\/\/www.facebook.com\/RepliqueMangaCine\" \/>\n<meta property=\"article:modified_time\" content=\"2026-03-20T11:42:41+00:00\" \/>\n<meta property=\"og:image\" content=\"https:\/\/repliquemangacine.fr\/wp-content\/uploads\/2023\/10\/0000048_ninja-sword-with-attached-blowgun.jpeg\" \/>\n\t<meta property=\"og:image:width\" content=\"600\" \/>\n\t<meta property=\"og:image:height\" content=\"600\" \/>\n\t<meta property=\"og:image:type\" content=\"image\/jpeg\" \/>\n<meta name=\"twitter:card\" content=\"summary_large_image\" \/>\n<meta name=\"twitter:label1\" content=\"Gesch\u00e4tzte Lesezeit\" \/>\n\t<meta name=\"twitter:data1\" content=\"2\u00a0Minuten\" \/>\n<script type=\"application\/ld+json\" class=\"yoast-schema-graph\">{\"@context\":\"https:\\\/\\\/schema.org\",\"@graph\":[{\"@type\":\"WebPage\",\"@id\":\"https:\\\/\\\/repliquemangacine.fr\\\/katana-les-epees-de-films-et-series\\\/katana-ninja-sarbacane-forge-sabre-coupant\\\/\",\"url\":\"https:\\\/\\\/repliquemangacine.fr\\\/katana-les-epees-de-films-et-series\\\/katana-ninja-sarbacane-forge-sabre-coupant\\\/\",\"name\":\"Katana Ninja forg\u00e9 sarbacane - R\u00e9plique Manga Cin\u00e9\",\"isPartOf\":{\"@id\":\"https:\\\/\\\/repliquemangacine.fr\\\/#website\"},\"primaryImageOfPage\":{\"@id\":\"https:\\\/\\\/repliquemangacine.fr\\\/katana-les-epees-de-films-et-series\\\/katana-ninja-sarbacane-forge-sabre-coupant\\\/#primaryimage\"},\"image\":{\"@id\":\"https:\\\/\\\/repliquemangacine.fr\\\/katana-les-epees-de-films-et-series\\\/katana-ninja-sarbacane-forge-sabre-coupant\\\/#primaryimage\"},\"thumbnailUrl\":\"https:\\\/\\\/repliquemangacine.fr\\\/wp-content\\\/uploads\\\/2023\\\/10\\\/0000048_ninja-sword-with-attached-blowgun.jpeg\",\"datePublished\":\"2022-04-06T15:44:34+00:00\",\"dateModified\":\"2026-03-20T11:42:41+00:00\",\"description\":\"D\u00e9couvrez le Katana Ninja forg\u00e9 avec sarbacane au meilleur prix. Lame droite en acier carbone - Sarbacane fonctionnelle sur le fourreau - Longueur : 105 cm\",\"breadcrumb\":{\"@id\":\"https:\\\/\\\/repliquemangacine.fr\\\/katana-les-epees-de-films-et-series\\\/katana-ninja-sarbacane-forge-sabre-coupant\\\/#breadcrumb\"},\"inLanguage\":\"de\",\"potentialAction\":[{\"@type\":\"ReadAction\",\"target\":[\"https:\\\/\\\/repliquemangacine.fr\\\/katana-les-epees-de-films-et-series\\\/katana-ninja-sarbacane-forge-sabre-coupant\\\/\"]}]},{\"@type\":\"ImageObject\",\"inLanguage\":\"de\",\"@id\":\"https:\\\/\\\/repliquemangacine.fr\\\/katana-les-epees-de-films-et-series\\\/katana-ninja-sarbacane-forge-sabre-coupant\\\/#primaryimage\",\"url\":\"https:\\\/\\\/repliquemangacine.fr\\\/wp-content\\\/uploads\\\/2023\\\/10\\\/0000048_ninja-sword-with-attached-blowgun.jpeg\",\"contentUrl\":\"https:\\\/\\\/repliquemangacine.fr\\\/wp-content\\\/uploads\\\/2023\\\/10\\\/0000048_ninja-sword-with-attached-blowgun.jpeg\",\"width\":600,\"height\":600,\"caption\":\"Ninjato sarbacane \u00e9p\u00e9e de ninja\"},{\"@type\":\"BreadcrumbList\",\"@id\":\"https:\\\/\\\/repliquemangacine.fr\\\/katana-les-epees-de-films-et-series\\\/katana-ninja-sarbacane-forge-sabre-coupant\\\/#breadcrumb\",\"itemListElement\":[{\"@type\":\"ListItem\",\"position\":1,\"name\":\"Accueil\",\"item\":\"https:\\\/\\\/repliquemangacine.fr\\\/\"},{\"@type\":\"ListItem\",\"position\":2,\"name\":\"Produits\",\"item\":\"https:\\\/\\\/repliquemangacine.fr\\\/boutique\\\/\"},{\"@type\":\"ListItem\",\"position\":3,\"name\":\"Ninjato sarbacane Sabre Ninja\"}]},{\"@type\":\"WebSite\",\"@id\":\"https:\\\/\\\/repliquemangacine.fr\\\/#website\",\"url\":\"https:\\\/\\\/repliquemangacine.fr\\\/\",\"name\":\"R\u00e9plique Manga Cin\u00e9\",\"description\":\"\",\"publisher\":{\"@id\":\"https:\\\/\\\/repliquemangacine.fr\\\/#organization\"},\"potentialAction\":[{\"@type\":\"SearchAction\",\"target\":{\"@type\":\"EntryPoint\",\"urlTemplate\":\"https:\\\/\\\/repliquemangacine.fr\\\/?s={search_term_string}\"},\"query-input\":{\"@type\":\"PropertyValueSpecification\",\"valueRequired\":true,\"valueName\":\"search_term_string\"}}],\"inLanguage\":\"de\"},{\"@type\":\"Organization\",\"@id\":\"https:\\\/\\\/repliquemangacine.fr\\\/#organization\",\"name\":\"R\u00e9plique Manga Cin\u00e9\",\"url\":\"https:\\\/\\\/repliquemangacine.fr\\\/\",\"logo\":{\"@type\":\"ImageObject\",\"inLanguage\":\"de\",\"@id\":\"https:\\\/\\\/repliquemangacine.fr\\\/#\\\/schema\\\/logo\\\/image\\\/\",\"url\":\"https:\\\/\\\/repliquemangacine.fr\\\/wp-content\\\/uploads\\\/2023\\\/10\\\/RMC-500250.png\",\"contentUrl\":\"https:\\\/\\\/repliquemangacine.fr\\\/wp-content\\\/uploads\\\/2023\\\/10\\\/RMC-500250.png\",\"width\":500,\"height\":250,\"caption\":\"R\u00e9plique Manga Cin\u00e9\"},\"image\":{\"@id\":\"https:\\\/\\\/repliquemangacine.fr\\\/#\\\/schema\\\/logo\\\/image\\\/\"},\"sameAs\":[\"https:\\\/\\\/www.facebook.com\\\/RepliqueMangaCine\",\"https:\\\/\\\/www.instagram.com\\\/repliquemangacine.fr\\\/\"]}]}<\/script>\n<!-- \/ Yoast SEO plugin. -->","yoast_head_json":{"title":"Katana Ninja geschmiedetes Blasrohr - R\u00e9plique Manga Cin\u00e9","description":"Entdecken Sie das geschmiedete Ninja Katana mit Blasrohr zum besten Preis. Gerade Klinge aus Karbonstahl - Funktionelles Blasrohr auf der Scheide - L\u00e4nge: 105 cm","robots":{"index":"index","follow":"follow","max-snippet":"max-snippet:-1","max-image-preview":"max-image-preview:large","max-video-preview":"max-video-preview:-1"},"canonical":"https:\/\/repliquemangacine.fr\/de\/katana-die-schwerter-aus-filmen-und-serien\/katana-ninja-blasrohr-schmiede-scharfes-schwert\/","og_locale":"de_DE","og_type":"article","og_title":"Katana Ninja forg\u00e9 sarbacane - R\u00e9plique Manga Cin\u00e9","og_description":"D\u00e9couvrez le Katana Ninja forg\u00e9 avec sarbacane au meilleur prix. Lame droite en acier carbone - Sarbacane fonctionnelle sur le fourreau - Longueur : 105 cm","og_url":"https:\/\/repliquemangacine.fr\/de\/katana-die-schwerter-aus-filmen-und-serien\/katana-ninja-blasrohr-schmiede-scharfes-schwert\/","og_site_name":"R\u00e9plique Manga Cin\u00e9","article_publisher":"https:\/\/www.facebook.com\/RepliqueMangaCine","article_modified_time":"2026-03-20T11:42:41+00:00","og_image":[{"width":600,"height":600,"url":"https:\/\/repliquemangacine.fr\/wp-content\/uploads\/2023\/10\/0000048_ninja-sword-with-attached-blowgun.jpeg","type":"image\/jpeg"}],"twitter_card":"summary_large_image","twitter_misc":{"Gesch\u00e4tzte Lesezeit":"2\u00a0Minuten"},"schema":{"@context":"https:\/\/schema.org","@graph":[{"@type":"WebPage","@id":"https:\/\/repliquemangacine.fr\/katana-les-epees-de-films-et-series\/katana-ninja-sarbacane-forge-sabre-coupant\/","url":"https:\/\/repliquemangacine.fr\/katana-les-epees-de-films-et-series\/katana-ninja-sarbacane-forge-sabre-coupant\/","name":"Katana Ninja geschmiedetes Blasrohr - R\u00e9plique Manga Cin\u00e9","isPartOf":{"@id":"https:\/\/repliquemangacine.fr\/#website"},"primaryImageOfPage":{"@id":"https:\/\/repliquemangacine.fr\/katana-les-epees-de-films-et-series\/katana-ninja-sarbacane-forge-sabre-coupant\/#primaryimage"},"image":{"@id":"https:\/\/repliquemangacine.fr\/katana-les-epees-de-films-et-series\/katana-ninja-sarbacane-forge-sabre-coupant\/#primaryimage"},"thumbnailUrl":"https:\/\/repliquemangacine.fr\/wp-content\/uploads\/2023\/10\/0000048_ninja-sword-with-attached-blowgun.jpeg","datePublished":"2022-04-06T15:44:34+00:00","dateModified":"2026-03-20T11:42:41+00:00","description":"Entdecken Sie das geschmiedete Ninja Katana mit Blasrohr zum besten Preis. Gerade Klinge aus Karbonstahl - Funktionelles Blasrohr auf der Scheide - L\u00e4nge: 105 cm","breadcrumb":{"@id":"https:\/\/repliquemangacine.fr\/katana-les-epees-de-films-et-series\/katana-ninja-sarbacane-forge-sabre-coupant\/#breadcrumb"},"inLanguage":"de","potentialAction":[{"@type":"ReadAction","target":["https:\/\/repliquemangacine.fr\/katana-les-epees-de-films-et-series\/katana-ninja-sarbacane-forge-sabre-coupant\/"]}]},{"@type":"ImageObject","inLanguage":"de","@id":"https:\/\/repliquemangacine.fr\/katana-les-epees-de-films-et-series\/katana-ninja-sarbacane-forge-sabre-coupant\/#primaryimage","url":"https:\/\/repliquemangacine.fr\/wp-content\/uploads\/2023\/10\/0000048_ninja-sword-with-attached-blowgun.jpeg","contentUrl":"https:\/\/repliquemangacine.fr\/wp-content\/uploads\/2023\/10\/0000048_ninja-sword-with-attached-blowgun.jpeg","width":600,"height":600,"caption":"Ninjato sarbacane \u00e9p\u00e9e de ninja"},{"@type":"BreadcrumbList","@id":"https:\/\/repliquemangacine.fr\/katana-les-epees-de-films-et-series\/katana-ninja-sarbacane-forge-sabre-coupant\/#breadcrumb","itemListElement":[{"@type":"ListItem","position":1,"name":"Accueil","item":"https:\/\/repliquemangacine.fr\/"},{"@type":"ListItem","position":2,"name":"Produits","item":"https:\/\/repliquemangacine.fr\/boutique\/"},{"@type":"ListItem","position":3,"name":"Ninjato sarbacane Sabre Ninja"}]},{"@type":"WebSite","@id":"https:\/\/repliquemangacine.fr\/#website","url":"https:\/\/repliquemangacine.fr\/","name":"R\u00e9plique Manga Cin\u00e9","description":"","publisher":{"@id":"https:\/\/repliquemangacine.fr\/#organization"},"potentialAction":[{"@type":"SearchAction","target":{"@type":"EntryPoint","urlTemplate":"https:\/\/repliquemangacine.fr\/?s={search_term_string}"},"query-input":{"@type":"PropertyValueSpecification","valueRequired":true,"valueName":"search_term_string"}}],"inLanguage":"de"},{"@type":"Organization","@id":"https:\/\/repliquemangacine.fr\/#organization","name":"R\u00e9plique Manga Cin\u00e9","url":"https:\/\/repliquemangacine.fr\/","logo":{"@type":"ImageObject","inLanguage":"de","@id":"https:\/\/repliquemangacine.fr\/#\/schema\/logo\/image\/","url":"https:\/\/repliquemangacine.fr\/wp-content\/uploads\/2023\/10\/RMC-500250.png","contentUrl":"https:\/\/repliquemangacine.fr\/wp-content\/uploads\/2023\/10\/RMC-500250.png","width":500,"height":250,"caption":"R\u00e9plique Manga Cin\u00e9"},"image":{"@id":"https:\/\/repliquemangacine.fr\/#\/schema\/logo\/image\/"},"sameAs":["https:\/\/www.facebook.com\/RepliqueMangaCine","https:\/\/www.instagram.com\/repliquemangacine.fr\/"]}]}},"_links":{"self":[{"href":"https:\/\/repliquemangacine.fr\/de\/wp-json\/wp\/v2\/product\/49519","targetHints":{"allow":["GET"]}}],"collection":[{"href":"https:\/\/repliquemangacine.fr\/de\/wp-json\/wp\/v2\/product"}],"about":[{"href":"https:\/\/repliquemangacine.fr\/de\/wp-json\/wp\/v2\/types\/product"}],"wp:featuredmedia":[{"embeddable":true,"href":"https:\/\/repliquemangacine.fr\/de\/wp-json\/wp\/v2\/media\/49520"}],"wp:attachment":[{"href":"https:\/\/repliquemangacine.fr\/de\/wp-json\/wp\/v2\/media?parent=49519"}],"wp:term":[{"taxonomy":"product_brand","embeddable":true,"href":"https:\/\/repliquemangacine.fr\/de\/wp-json\/wp\/v2\/product_brand?post=49519"},{"taxonomy":"product_cat","embeddable":true,"href":"https:\/\/repliquemangacine.fr\/de\/wp-json\/wp\/v2\/product_cat?post=49519"},{"taxonomy":"product_tag","embeddable":true,"href":"https:\/\/repliquemangacine.fr\/de\/wp-json\/wp\/v2\/product_tag?post=49519"}],"curies":[{"name":"wp","href":"https:\/\/api.w.org\/{rel}","templated":true}]}}