





{"id":49206,"date":"2022-03-25T15:04:53","date_gmt":"2022-03-25T14:04:53","guid":{"rendered":"https:\/\/repliquemangacine.fr\/?post_type=product&#038;p=49206"},"modified":"2026-02-06T15:27:40","modified_gmt":"2026-02-06T14:27:40","slug":"kanone-napoleon-1857-burgerkrieg-usa-denix","status":"publish","type":"product","link":"https:\/\/repliquemangacine.fr\/de\/holster-accessoires-western\/canon-napoleon-1857-guerre-civile-usa-denix\/","title":{"rendered":"Kanone Napoleon 1857 Miniatur Denix"},"content":{"rendered":"<h2>Miniatur der Napoleon-Kanone 1857- B\u00fcrgerkrieg USA<\/h2>\n<p>Zu Beginn wird der <strong>Kanone Napoleon 1857<\/strong>, 12 Pfund, das beliebteste Gesch\u00fctz w\u00e4hrend des amerikanischen B\u00fcrgerkriegs. Es machte fast 40% der Artillerie-Munition aus und war eines der wichtigsten Gesch\u00fctze des Konflikts. Der \u00abNapoleon\u00bb wurde vor allem wegen seiner Sicherheit, Zuverl\u00e4ssigkeit und Effizienz, insbesondere auf kurze Distanz, sehr gesch\u00e4tzt.<\/p>\n<p>Eine 12-Pf\u00fcnder-Kanone ist eine Kanone, die 12-Pf\u00fcnder-Kugeln verschie\u00dft und vom 17. bis zur Mitte des 19. Jahrhunderts verwendet wurde. Sie kam vor allem w\u00e4hrend der Schlacht von Gettysburg, dem wichtigsten Wendepunkt des Krieges, zum Einsatz.<\/p>\n<p>Der B\u00fcrgerkrieg, ein sehr wichtiges Ereignis in der Geschichte der Vereinigten Staaten von Amerika, fand zwischen 1861 und 1865 statt.<\/p>\n<p>Abschlie\u00dfend noch diese Miniatur <a href=\"https:\/\/www.denix.fr\/fr\/catalogue\/guerre-civile-occidentale-et-americaine-1861-1899\/canons-et-catapultes\/422\/\" target=\"_blank\" rel=\"noopener noreferrer\">Denix<\/a> ist bemerkenswert gut gemacht und wird ideal sein, um Ihre Sammlung zu erweitern.<\/p>\n<h2>Ihre Miniatur der Napoleon-Kanone 1857 zum besten Preis.<\/h2>\n<p>Wir bieten Ihnen eine gro\u00dfe Auswahl an Repliken antiker Waffen an<\/p>\n<p>Zun\u00e4chst<\/p>\n<ul>\n<li>Die <a href=\"https:\/\/repliquemangacine.fr\/de\/replik-von-waffen-1-empire\/napoleonisches-gewehr-1807-steinschlossgewehr\/\">Napoleon-Gewehr 1807<\/a> mit seinem Holzschaft, der mit dem \"N\" von Napoleon verziert ist, hergestellt von Denix<\/li>\n<li>Es gibt auch das Gewehr Land Pattern musket das <a href=\"https:\/\/repliquemangacine.fr\/de\/replik-von-waffen-1-empire\/gewehr-brown-bess-1722-land-pattern-denix\/\">Brown Bess 1722<\/a><\/li>\n<li>Sowie das <a href=\"https:\/\/repliquemangacine.fr\/de\/replik-von-waffen-1-empire\/charleville-gewehr-modell-1806-mit-bajonett\/\">Gewehr Charleville<\/a> und sein Bajonett<\/li>\n<li>Und noch viel mehr zu entdecken gibt es in unserem Online-Shop!<\/li>\n<\/ul>\n<p>Deshalb ist dies eine wunderbare Geschenkidee f\u00fcr alle Liebhaber alter Waffen.<\/p>\n<p>Zusammenfassend l\u00e4sst sich sagen, dass Sie diese Miniatur des <strong>Napoleonische Kanone 1857<\/strong> um Ihre Sammlung zu erweitern.<\/p>\n<p>R\u00e9plique Manga Cin\u00e9 ist ein franz\u00f6sisches Familienunternehmen und offizieller Denix-Vertreiber.<\/p>\n<h2>Wie werden Ihre Sammelobjekte hergestellt?<\/h2>\n<p>Zun\u00e4chst einmal sind alle unsere Produkte von hoher Qualit\u00e4t und werden mit besonderer Sorgfalt hergestellt. Die Herstellung erfolgt zum Teil von Hand, um jedes noch so kleine Detail zu reproduzieren. Gr\u00f6\u00dfere Teile werden von pr\u00e4zisen Maschinen bearbeitet. Die Gravuren werden in der Regel mit einer Diamantspitze oder einem Laser ausgef\u00fchrt.<\/p>\n<p>Ihre <strong>Napoleonische Kanone 1857<\/strong> hergestellt, um jedes Detail genau zu reproduzieren. Um dem Erbe der originalen Meisterwerke gerecht zu werden. Der Schwerpunkt liegt darauf, qualitativ hochwertige Repliken herzustellen, die so historisch genau wie m\u00f6glich sind.<\/p>\n<p>Abschlie\u00dfend sei gesagt, dass unsere Repliken, die aus China, Spanien oder Indien importiert wurden, Sie in Erstaunen versetzen werden!<\/p>","protected":false},"excerpt":{"rendered":"<p>Wundersch\u00f6ne Miniaturnachbildung der Kanone mit dem Spitznamen \"Napoleon\" 1857 B\u00fcrgerkrieg USA.<\/p>\n<ul>\n<li>Erinnern Sie sich an die Schlacht von Gettysburg mit der DENIX-Nachbildung der wichtigsten Kanone des Amerikanischen B\u00fcrgerkriegs!<\/li>\n<li>Vollst\u00e4ndig aus Metall.<\/li>\n<li>Abmessungen: 19 cm - Gewicht: 590 g<\/li>\n<\/ul>\n<p><iframe title=\"YouTube-Videoplayer\" src=\"https:\/\/www.youtube.com\/embed\/2iy7fSxFpAA\" width=\"560\" height=\"315\" frameborder=\"0\" allowfullscreen=\"allowfullscreen\"><\/iframe><\/p>","protected":false},"featured_media":49207,"template":"","meta":[],"product_brand":[896],"product_cat":[34,102,90,28,833],"product_tag":[],"class_list":{"0":"post-49206","1":"product","2":"type-product","3":"status-publish","4":"has-post-thumbnail","6":"product_brand-replique-manga-cine","7":"product_cat-armes-westerns","8":"product_cat-denix","9":"product_cat-holster-accessoires-western","10":"product_cat-repliques-darmes","11":"product_cat-repliques-darmes-napoleon","13":"first","14":"instock","15":"taxable","16":"shipping-taxable","17":"purchasable","18":"product-type-simple"},"yoast_head":"<!-- This site is optimized with the Yoast SEO plugin v27.4 - https:\/\/yoast.com\/product\/yoast-seo-wordpress\/ -->\n<title>Canon Napol\u00e9on 1857 miniature Denix - R\u00e9plique Manga Cin\u00e9<\/title>\n<meta name=\"description\" content=\"D\u00e9couvrez la miniature du Canon Napol\u00e9on 1857 au meilleur prix - Enti\u00e8rement en m\u00e9tal - Finitions remarquables - Longueur : 19 cm - Poids : 590g\" \/>\n<meta name=\"robots\" content=\"index, follow, max-snippet:-1, max-image-preview:large, max-video-preview:-1\" \/>\n<link rel=\"canonical\" href=\"https:\/\/repliquemangacine.fr\/de\/repliken-darmen-napoleon\/kanone-napoleon-1857-burgerkrieg-usa-denix\/\" \/>\n<meta property=\"og:locale\" content=\"de_DE\" \/>\n<meta property=\"og:type\" content=\"article\" \/>\n<meta property=\"og:title\" content=\"Canon Napol\u00e9on 1857 miniature Denix - R\u00e9plique Manga Cin\u00e9\" \/>\n<meta property=\"og:description\" content=\"D\u00e9couvrez la miniature du Canon Napol\u00e9on 1857 au meilleur prix - Enti\u00e8rement en m\u00e9tal - Finitions remarquables - Longueur : 19 cm - Poids : 590g\" \/>\n<meta property=\"og:url\" content=\"https:\/\/repliquemangacine.fr\/de\/repliken-darmen-napoleon\/kanone-napoleon-1857-burgerkrieg-usa-denix\/\" \/>\n<meta property=\"og:site_name\" content=\"R\u00e9plique Manga Cin\u00e9\" \/>\n<meta property=\"article:publisher\" content=\"https:\/\/www.facebook.com\/RepliqueMangaCine\" \/>\n<meta property=\"article:modified_time\" content=\"2026-02-06T14:27:40+00:00\" \/>\n<meta property=\"og:image\" content=\"https:\/\/repliquemangacine.fr\/wp-content\/uploads\/2023\/10\/Canon-Guerre-civile-usa.jpg\" \/>\n\t<meta property=\"og:image:width\" content=\"800\" \/>\n\t<meta property=\"og:image:height\" content=\"800\" \/>\n\t<meta property=\"og:image:type\" content=\"image\/jpeg\" \/>\n<meta name=\"twitter:card\" content=\"summary_large_image\" \/>\n<meta name=\"twitter:label1\" content=\"Gesch\u00e4tzte Lesezeit\" \/>\n\t<meta name=\"twitter:data1\" content=\"2\u00a0Minuten\" \/>\n<script type=\"application\/ld+json\" class=\"yoast-schema-graph\">{\"@context\":\"https:\\\/\\\/schema.org\",\"@graph\":[{\"@type\":\"WebPage\",\"@id\":\"https:\\\/\\\/repliquemangacine.fr\\\/repliques-darmes-napoleon\\\/canon-napoleon-1857-guerre-civile-usa-denix\\\/\",\"url\":\"https:\\\/\\\/repliquemangacine.fr\\\/repliques-darmes-napoleon\\\/canon-napoleon-1857-guerre-civile-usa-denix\\\/\",\"name\":\"Canon Napol\u00e9on 1857 miniature Denix - R\u00e9plique Manga Cin\u00e9\",\"isPartOf\":{\"@id\":\"https:\\\/\\\/repliquemangacine.fr\\\/#website\"},\"primaryImageOfPage\":{\"@id\":\"https:\\\/\\\/repliquemangacine.fr\\\/repliques-darmes-napoleon\\\/canon-napoleon-1857-guerre-civile-usa-denix\\\/#primaryimage\"},\"image\":{\"@id\":\"https:\\\/\\\/repliquemangacine.fr\\\/repliques-darmes-napoleon\\\/canon-napoleon-1857-guerre-civile-usa-denix\\\/#primaryimage\"},\"thumbnailUrl\":\"https:\\\/\\\/repliquemangacine.fr\\\/wp-content\\\/uploads\\\/2023\\\/10\\\/Canon-Guerre-civile-usa.jpg\",\"datePublished\":\"2022-03-25T14:04:53+00:00\",\"dateModified\":\"2026-02-06T14:27:40+00:00\",\"description\":\"D\u00e9couvrez la miniature du Canon Napol\u00e9on 1857 au meilleur prix - Enti\u00e8rement en m\u00e9tal - Finitions remarquables - Longueur : 19 cm - Poids : 590g\",\"breadcrumb\":{\"@id\":\"https:\\\/\\\/repliquemangacine.fr\\\/repliques-darmes-napoleon\\\/canon-napoleon-1857-guerre-civile-usa-denix\\\/#breadcrumb\"},\"inLanguage\":\"de\",\"potentialAction\":[{\"@type\":\"ReadAction\",\"target\":[\"https:\\\/\\\/repliquemangacine.fr\\\/repliques-darmes-napoleon\\\/canon-napoleon-1857-guerre-civile-usa-denix\\\/\"]}]},{\"@type\":\"ImageObject\",\"inLanguage\":\"de\",\"@id\":\"https:\\\/\\\/repliquemangacine.fr\\\/repliques-darmes-napoleon\\\/canon-napoleon-1857-guerre-civile-usa-denix\\\/#primaryimage\",\"url\":\"https:\\\/\\\/repliquemangacine.fr\\\/wp-content\\\/uploads\\\/2023\\\/10\\\/Canon-Guerre-civile-usa.jpg\",\"contentUrl\":\"https:\\\/\\\/repliquemangacine.fr\\\/wp-content\\\/uploads\\\/2023\\\/10\\\/Canon-Guerre-civile-usa.jpg\",\"width\":800,\"height\":800,\"caption\":\"Canon-Guerre-civile-usa 1857 DIT NAPOLEON\"},{\"@type\":\"BreadcrumbList\",\"@id\":\"https:\\\/\\\/repliquemangacine.fr\\\/repliques-darmes-napoleon\\\/canon-napoleon-1857-guerre-civile-usa-denix\\\/#breadcrumb\",\"itemListElement\":[{\"@type\":\"ListItem\",\"position\":1,\"name\":\"Accueil\",\"item\":\"https:\\\/\\\/repliquemangacine.fr\\\/\"},{\"@type\":\"ListItem\",\"position\":2,\"name\":\"Produits\",\"item\":\"https:\\\/\\\/repliquemangacine.fr\\\/boutique\\\/\"},{\"@type\":\"ListItem\",\"position\":3,\"name\":\"Canon Napol\u00e9on 1857 miniature Denix\"}]},{\"@type\":\"WebSite\",\"@id\":\"https:\\\/\\\/repliquemangacine.fr\\\/#website\",\"url\":\"https:\\\/\\\/repliquemangacine.fr\\\/\",\"name\":\"R\u00e9plique Manga Cin\u00e9\",\"description\":\"\",\"publisher\":{\"@id\":\"https:\\\/\\\/repliquemangacine.fr\\\/#organization\"},\"potentialAction\":[{\"@type\":\"SearchAction\",\"target\":{\"@type\":\"EntryPoint\",\"urlTemplate\":\"https:\\\/\\\/repliquemangacine.fr\\\/?s={search_term_string}\"},\"query-input\":{\"@type\":\"PropertyValueSpecification\",\"valueRequired\":true,\"valueName\":\"search_term_string\"}}],\"inLanguage\":\"de\"},{\"@type\":\"Organization\",\"@id\":\"https:\\\/\\\/repliquemangacine.fr\\\/#organization\",\"name\":\"R\u00e9plique Manga Cin\u00e9\",\"url\":\"https:\\\/\\\/repliquemangacine.fr\\\/\",\"logo\":{\"@type\":\"ImageObject\",\"inLanguage\":\"de\",\"@id\":\"https:\\\/\\\/repliquemangacine.fr\\\/#\\\/schema\\\/logo\\\/image\\\/\",\"url\":\"https:\\\/\\\/repliquemangacine.fr\\\/wp-content\\\/uploads\\\/2023\\\/10\\\/RMC-500250.png\",\"contentUrl\":\"https:\\\/\\\/repliquemangacine.fr\\\/wp-content\\\/uploads\\\/2023\\\/10\\\/RMC-500250.png\",\"width\":500,\"height\":250,\"caption\":\"R\u00e9plique Manga Cin\u00e9\"},\"image\":{\"@id\":\"https:\\\/\\\/repliquemangacine.fr\\\/#\\\/schema\\\/logo\\\/image\\\/\"},\"sameAs\":[\"https:\\\/\\\/www.facebook.com\\\/RepliqueMangaCine\",\"https:\\\/\\\/www.instagram.com\\\/repliquemangacine.fr\\\/\"]}]}<\/script>\n<!-- \/ Yoast SEO plugin. -->","yoast_head_json":{"title":"Kanone Napoleon 1857 Miniatur Denix - R\u00e9plique Manga Cin\u00e9","description":"Entdecken Sie die Miniatur der Kanone Napoleon 1857 zum besten Preis - Vollst\u00e4ndig aus Metall - Hervorragende Verarbeitung - L\u00e4nge: 19 cm - Gewicht: 590g","robots":{"index":"index","follow":"follow","max-snippet":"max-snippet:-1","max-image-preview":"max-image-preview:large","max-video-preview":"max-video-preview:-1"},"canonical":"https:\/\/repliquemangacine.fr\/de\/repliken-darmen-napoleon\/kanone-napoleon-1857-burgerkrieg-usa-denix\/","og_locale":"de_DE","og_type":"article","og_title":"Canon Napol\u00e9on 1857 miniature Denix - R\u00e9plique Manga Cin\u00e9","og_description":"D\u00e9couvrez la miniature du Canon Napol\u00e9on 1857 au meilleur prix - Enti\u00e8rement en m\u00e9tal - Finitions remarquables - Longueur : 19 cm - Poids : 590g","og_url":"https:\/\/repliquemangacine.fr\/de\/repliken-darmen-napoleon\/kanone-napoleon-1857-burgerkrieg-usa-denix\/","og_site_name":"R\u00e9plique Manga Cin\u00e9","article_publisher":"https:\/\/www.facebook.com\/RepliqueMangaCine","article_modified_time":"2026-02-06T14:27:40+00:00","og_image":[{"width":800,"height":800,"url":"https:\/\/repliquemangacine.fr\/wp-content\/uploads\/2023\/10\/Canon-Guerre-civile-usa.jpg","type":"image\/jpeg"}],"twitter_card":"summary_large_image","twitter_misc":{"Gesch\u00e4tzte Lesezeit":"2\u00a0Minuten"},"schema":{"@context":"https:\/\/schema.org","@graph":[{"@type":"WebPage","@id":"https:\/\/repliquemangacine.fr\/repliques-darmes-napoleon\/canon-napoleon-1857-guerre-civile-usa-denix\/","url":"https:\/\/repliquemangacine.fr\/repliques-darmes-napoleon\/canon-napoleon-1857-guerre-civile-usa-denix\/","name":"Kanone Napoleon 1857 Miniatur Denix - R\u00e9plique Manga Cin\u00e9","isPartOf":{"@id":"https:\/\/repliquemangacine.fr\/#website"},"primaryImageOfPage":{"@id":"https:\/\/repliquemangacine.fr\/repliques-darmes-napoleon\/canon-napoleon-1857-guerre-civile-usa-denix\/#primaryimage"},"image":{"@id":"https:\/\/repliquemangacine.fr\/repliques-darmes-napoleon\/canon-napoleon-1857-guerre-civile-usa-denix\/#primaryimage"},"thumbnailUrl":"https:\/\/repliquemangacine.fr\/wp-content\/uploads\/2023\/10\/Canon-Guerre-civile-usa.jpg","datePublished":"2022-03-25T14:04:53+00:00","dateModified":"2026-02-06T14:27:40+00:00","description":"Entdecken Sie die Miniatur der Kanone Napoleon 1857 zum besten Preis - Vollst\u00e4ndig aus Metall - Hervorragende Verarbeitung - L\u00e4nge: 19 cm - Gewicht: 590g","breadcrumb":{"@id":"https:\/\/repliquemangacine.fr\/repliques-darmes-napoleon\/canon-napoleon-1857-guerre-civile-usa-denix\/#breadcrumb"},"inLanguage":"de","potentialAction":[{"@type":"ReadAction","target":["https:\/\/repliquemangacine.fr\/repliques-darmes-napoleon\/canon-napoleon-1857-guerre-civile-usa-denix\/"]}]},{"@type":"ImageObject","inLanguage":"de","@id":"https:\/\/repliquemangacine.fr\/repliques-darmes-napoleon\/canon-napoleon-1857-guerre-civile-usa-denix\/#primaryimage","url":"https:\/\/repliquemangacine.fr\/wp-content\/uploads\/2023\/10\/Canon-Guerre-civile-usa.jpg","contentUrl":"https:\/\/repliquemangacine.fr\/wp-content\/uploads\/2023\/10\/Canon-Guerre-civile-usa.jpg","width":800,"height":800,"caption":"Canon-Guerre-civile-usa 1857 DIT NAPOLEON"},{"@type":"BreadcrumbList","@id":"https:\/\/repliquemangacine.fr\/repliques-darmes-napoleon\/canon-napoleon-1857-guerre-civile-usa-denix\/#breadcrumb","itemListElement":[{"@type":"ListItem","position":1,"name":"Accueil","item":"https:\/\/repliquemangacine.fr\/"},{"@type":"ListItem","position":2,"name":"Produits","item":"https:\/\/repliquemangacine.fr\/boutique\/"},{"@type":"ListItem","position":3,"name":"Canon Napol\u00e9on 1857 miniature Denix"}]},{"@type":"WebSite","@id":"https:\/\/repliquemangacine.fr\/#website","url":"https:\/\/repliquemangacine.fr\/","name":"R\u00e9plique Manga Cin\u00e9","description":"","publisher":{"@id":"https:\/\/repliquemangacine.fr\/#organization"},"potentialAction":[{"@type":"SearchAction","target":{"@type":"EntryPoint","urlTemplate":"https:\/\/repliquemangacine.fr\/?s={search_term_string}"},"query-input":{"@type":"PropertyValueSpecification","valueRequired":true,"valueName":"search_term_string"}}],"inLanguage":"de"},{"@type":"Organization","@id":"https:\/\/repliquemangacine.fr\/#organization","name":"R\u00e9plique Manga Cin\u00e9","url":"https:\/\/repliquemangacine.fr\/","logo":{"@type":"ImageObject","inLanguage":"de","@id":"https:\/\/repliquemangacine.fr\/#\/schema\/logo\/image\/","url":"https:\/\/repliquemangacine.fr\/wp-content\/uploads\/2023\/10\/RMC-500250.png","contentUrl":"https:\/\/repliquemangacine.fr\/wp-content\/uploads\/2023\/10\/RMC-500250.png","width":500,"height":250,"caption":"R\u00e9plique Manga Cin\u00e9"},"image":{"@id":"https:\/\/repliquemangacine.fr\/#\/schema\/logo\/image\/"},"sameAs":["https:\/\/www.facebook.com\/RepliqueMangaCine","https:\/\/www.instagram.com\/repliquemangacine.fr\/"]}]}},"_links":{"self":[{"href":"https:\/\/repliquemangacine.fr\/de\/wp-json\/wp\/v2\/product\/49206","targetHints":{"allow":["GET"]}}],"collection":[{"href":"https:\/\/repliquemangacine.fr\/de\/wp-json\/wp\/v2\/product"}],"about":[{"href":"https:\/\/repliquemangacine.fr\/de\/wp-json\/wp\/v2\/types\/product"}],"wp:featuredmedia":[{"embeddable":true,"href":"https:\/\/repliquemangacine.fr\/de\/wp-json\/wp\/v2\/media\/49207"}],"wp:attachment":[{"href":"https:\/\/repliquemangacine.fr\/de\/wp-json\/wp\/v2\/media?parent=49206"}],"wp:term":[{"taxonomy":"product_brand","embeddable":true,"href":"https:\/\/repliquemangacine.fr\/de\/wp-json\/wp\/v2\/product_brand?post=49206"},{"taxonomy":"product_cat","embeddable":true,"href":"https:\/\/repliquemangacine.fr\/de\/wp-json\/wp\/v2\/product_cat?post=49206"},{"taxonomy":"product_tag","embeddable":true,"href":"https:\/\/repliquemangacine.fr\/de\/wp-json\/wp\/v2\/product_tag?post=49206"}],"curies":[{"name":"wp","href":"https:\/\/api.w.org\/{rel}","templated":true}]}}