





{"id":49156,"date":"2022-03-24T13:50:57","date_gmt":"2022-03-24T12:50:57","guid":{"rendered":"https:\/\/repliquemangacine.fr\/?post_type=product&#038;p=49156"},"modified":"2025-11-01T19:42:36","modified_gmt":"2025-11-01T18:42:36","slug":"schneidendes-katana-kyojuro","status":"publish","type":"product","link":"https:\/\/repliquemangacine.fr\/de\/katana-demon-slayer-metal\/katana-coupant-kyojuro\/","title":{"rendered":"Geschmiedetes Kyojuro-Katana"},"content":{"rendered":"<h2>Katana Cutting Kyojuro Demon Slayer aus Kohlenstoffstahl 1045<\/h2>\n<p>Zu Beginn wird der<strong> Kyojuro Katana Schneide<\/strong>hat eine Klinge aus geschmiedetem 1045er Kohlenstoffstahl. H\u00e4rte: 60 HRC\/40 HRC<\/p>\n<p>Er ist ein sehr starker Schwertk\u00e4mpfer und die aktuelle St\u00fctze der \"Flamme\". Er ist einer der Hauptcharaktere im Film Demon Slayer: Kimetsu no Yaiba - Der Zug in die Unendlichkeit. Am Ende des Handlungsbogens \"Mugen Train\", <a href=\"https:\/\/kimetsu-no-yaiba.fandom.com\/fr\/wiki\/Kyojuro_Rengoku\" target=\"_blank\" rel=\"noopener noreferrer\">Ky\u014djur\u014d<\/a> hat eine Konfrontation mit dem D\u00e4mon AkazaIn.<\/p>\n<p>Ky\u014djur\u014d Rengoku stirbt tats\u00e4chlich w\u00e4hrend seiner Konfrontation mit Akaza im Mugen Train Arc. Er k\u00e4mpft tapfer, erliegt aber schlie\u00dflich seinen t\u00f6dlichen Verletzungen, die ihm Akaza zugef\u00fcgt hat. Kurz bevor er sein Leben verlor, sah er Tanjiro, dann Inosuke und Zenitsu an und sagte ihnen, dass er an sie glaube und dass sie die n\u00e4chste Generation von Pfeilern werden w\u00fcrden.<\/p>\n<h2>Ihr Kyojuro Schneid-Katana zum besten Preis.<\/h2>\n<p>Wir bieten dir alle Spr\u00fcche deiner Lieblingscharaktere in diesem Demon Slayer Anime-Manga.<\/p>\n<p>Zun\u00e4chst einmal,<\/p>\n<ul>\n<li>die <a href=\"https:\/\/repliquemangacine.fr\/de\/demon-slayer\/katana-von-kanao-demon-slayer\/\">Katana von Kanao Tsuyuri<\/a> mit seiner Klinge, die mit japanischen Symbolen im Siebdruckverfahren bedruckt ist.<\/li>\n<li>Sowie das <a href=\"https:\/\/repliquemangacine.fr\/de\/demon-slayer\/katana-von-shinobu-demon-slayer\/\">Katana von Shinobu Koch\u014d<\/a> mit seiner modifizierten Klinge, die \u00fcber die gesamte L\u00e4nge verschwindet und in einer Spitze endet.<\/li>\n<li>Und viele andere, die es in unserem Online-Shop zu entdecken gibt!<\/li>\n<\/ul>\n<p>Deshalb sind hier tolle Geschenkideen f\u00fcr Fans von Kimetsu no Yaiba oder Demon Slayer.<\/p>\n<p>Abschlie\u00dfend k\u00f6nnen Sie auch diesen <strong>Katana schneidet Kyojuro<\/strong> f\u00fcr Ihre Cosplay-Paraden oder Themenabende. Vor allem aber ist das Schwert von Ky\u014djur\u014d Rengoku, auch ein Sammler- und Dekorationsst\u00fcck.<\/p>\n<h2>Wie pflegt man die Klinge eines geschmiedeten Katanas?<\/h2>\n<p>Katanas f\u00fcr Sammlungen und Dekorationen werden auf vereinfachte Weise hergestellt und zusammengebaut. Da sie zu Dekorationszwecken verwendet werden, fehlen ihnen die Sicherheitsmerkmale, die ein japanisches Schwert f\u00fcr Trainingszwecke aufweisen muss.<\/p>\n<p>Allerdings ist Ihr <strong>Kyojuro schneidendes Katana<\/strong> Demon Slayer hat eine Stahlklinge, die Sie pflegen m\u00fcssen, damit sie nicht mit der Zeit abgenutzt wird. Denn wenn Sie Ihr Katana ausstellen, werden Ihre Freunde neugierig sein, die Klinge zu sehen und sie zu ber\u00fchren. Hier ist Vorsicht geboten. Es sei darauf hingewiesen, dass die S\u00e4ure der Finger f\u00fcr Stahl jeglicher Qualit\u00e4t sehr sch\u00e4dlich ist.<\/p>\n<p>Wenn das passiert, keine Panik, Sie brauchen nur ein Tuch, das Sie mit etwas \u00d6l befeuchten und die Fingerabdr\u00fccke abwischen. Wenn Sie dies tun, werden Sie Ihr Schwert sehr lange behalten.<\/p>","protected":false},"excerpt":{"rendered":"<p>Wundersch\u00f6ne Replik in ihrer scharfen Version von Ky\u014djur\u014d Rengokus Katana aus dem Anime-Manga Demon Slayer.<\/p>\n<ul>\n<li>Schwarze Klinge aus geschmiedetem 1045er Kohlenstoffstahl.<\/li>\n<li>Metallb\u00fcgel in spezifischer Zwei-Ton-Form.<\/li>\n<li>Griff mit einem Riemen aus wei\u00dfer Baumwolle \u00fcberzogen.<\/li>\n<li>Holzscheide mit wei\u00dfem, verziertem Kunstleder \u00fcberzogen, handgen\u00e4ht.<\/li>\n<li>Wird in einer Schachtel geliefert.<\/li>\n<li>H\u00e4rte: 60 HRC\/40 HRC. Stahl: Karbon 1045 geschmiedet<\/li>\n<li>Klingenl\u00e4nge: 72.6cm - Gesamtl\u00e4nge mit Scheide: 108cm - Gewicht: 1320 grs<\/li>\n<\/ul>","protected":false},"featured_media":49157,"template":"","meta":[],"product_brand":[896],"product_cat":[63,26,117,38,23],"product_tag":[],"class_list":{"0":"post-49156","1":"product","2":"type-product","3":"status-publish","4":"has-post-thumbnail","6":"product_brand-replique-manga-cine","7":"product_cat-katana-demon-slayer","8":"product_cat-katana-epee","9":"product_cat-katana-demon-slayer-metal","10":"product_cat-katana-forge","11":"product_cat-repliques-manga-jeux-video","13":"first","14":"instock","15":"taxable","16":"shipping-taxable","17":"purchasable","18":"product-type-simple"},"yoast_head":"<!-- This site is optimized with the Yoast SEO plugin v27.5 - https:\/\/yoast.com\/product\/yoast-seo-wordpress\/ -->\n<title>Katana Coupant Kyojuro Demon Slayer - Boutique en ligne - RMC<\/title>\n<meta name=\"description\" content=\"Votre Katana Coupant Kyojuro Demon Slayers au meilleur prix. Lame en acier carbone 1045 - Fourreau cuir blanc - Longueur 108 cm - Envoi 24\/48h\" \/>\n<meta name=\"robots\" content=\"index, follow, max-snippet:-1, max-image-preview:large, max-video-preview:-1\" \/>\n<link rel=\"canonical\" href=\"https:\/\/repliquemangacine.fr\/de\/katana-demon-slayer-metal\/schneidendes-katana-kyojuro\/\" \/>\n<meta property=\"og:locale\" content=\"de_DE\" \/>\n<meta property=\"og:type\" content=\"article\" \/>\n<meta property=\"og:title\" content=\"Katana Coupant Kyojuro Demon Slayer - Boutique en ligne - RMC\" \/>\n<meta property=\"og:description\" content=\"Votre Katana Coupant Kyojuro Demon Slayers au meilleur prix. Lame en acier carbone 1045 - Fourreau cuir blanc - Longueur 108 cm - Envoi 24\/48h\" \/>\n<meta property=\"og:url\" content=\"https:\/\/repliquemangacine.fr\/de\/katana-demon-slayer-metal\/schneidendes-katana-kyojuro\/\" \/>\n<meta property=\"og:site_name\" content=\"R\u00e9plique Manga Cin\u00e9\" \/>\n<meta property=\"article:publisher\" content=\"https:\/\/www.facebook.com\/RepliqueMangaCine\" \/>\n<meta property=\"article:modified_time\" content=\"2025-11-01T18:42:36+00:00\" \/>\n<meta property=\"og:image\" content=\"https:\/\/repliquemangacine.fr\/wp-content\/uploads\/2023\/10\/0245-11.jpg\" \/>\n\t<meta property=\"og:image:width\" content=\"800\" \/>\n\t<meta property=\"og:image:height\" content=\"800\" \/>\n\t<meta property=\"og:image:type\" content=\"image\/jpeg\" \/>\n<meta name=\"twitter:card\" content=\"summary_large_image\" \/>\n<meta name=\"twitter:label1\" content=\"Gesch\u00e4tzte Lesezeit\" \/>\n\t<meta name=\"twitter:data1\" content=\"2\u00a0Minuten\" \/>\n<script type=\"application\/ld+json\" class=\"yoast-schema-graph\">{\"@context\":\"https:\\\/\\\/schema.org\",\"@graph\":[{\"@type\":\"WebPage\",\"@id\":\"https:\\\/\\\/repliquemangacine.fr\\\/katana-demon-slayer-metal\\\/katana-coupant-kyojuro\\\/\",\"url\":\"https:\\\/\\\/repliquemangacine.fr\\\/katana-demon-slayer-metal\\\/katana-coupant-kyojuro\\\/\",\"name\":\"Katana Coupant Kyojuro Demon Slayer - Boutique en ligne - RMC\",\"isPartOf\":{\"@id\":\"https:\\\/\\\/repliquemangacine.fr\\\/#website\"},\"primaryImageOfPage\":{\"@id\":\"https:\\\/\\\/repliquemangacine.fr\\\/katana-demon-slayer-metal\\\/katana-coupant-kyojuro\\\/#primaryimage\"},\"image\":{\"@id\":\"https:\\\/\\\/repliquemangacine.fr\\\/katana-demon-slayer-metal\\\/katana-coupant-kyojuro\\\/#primaryimage\"},\"thumbnailUrl\":\"https:\\\/\\\/repliquemangacine.fr\\\/wp-content\\\/uploads\\\/2023\\\/10\\\/0245-11.jpg\",\"datePublished\":\"2022-03-24T12:50:57+00:00\",\"dateModified\":\"2025-11-01T18:42:36+00:00\",\"description\":\"Votre Katana Coupant Kyojuro Demon Slayers au meilleur prix. Lame en acier carbone 1045 - Fourreau cuir blanc - Longueur 108 cm - Envoi 24\\\/48h\",\"breadcrumb\":{\"@id\":\"https:\\\/\\\/repliquemangacine.fr\\\/katana-demon-slayer-metal\\\/katana-coupant-kyojuro\\\/#breadcrumb\"},\"inLanguage\":\"de\",\"potentialAction\":[{\"@type\":\"ReadAction\",\"target\":[\"https:\\\/\\\/repliquemangacine.fr\\\/katana-demon-slayer-metal\\\/katana-coupant-kyojuro\\\/\"]}]},{\"@type\":\"ImageObject\",\"inLanguage\":\"de\",\"@id\":\"https:\\\/\\\/repliquemangacine.fr\\\/katana-demon-slayer-metal\\\/katana-coupant-kyojuro\\\/#primaryimage\",\"url\":\"https:\\\/\\\/repliquemangacine.fr\\\/wp-content\\\/uploads\\\/2023\\\/10\\\/0245-11.jpg\",\"contentUrl\":\"https:\\\/\\\/repliquemangacine.fr\\\/wp-content\\\/uploads\\\/2023\\\/10\\\/0245-11.jpg\",\"width\":800,\"height\":800,\"caption\":\"Katana Coupant Kyojuro Demon Slayer\"},{\"@type\":\"BreadcrumbList\",\"@id\":\"https:\\\/\\\/repliquemangacine.fr\\\/katana-demon-slayer-metal\\\/katana-coupant-kyojuro\\\/#breadcrumb\",\"itemListElement\":[{\"@type\":\"ListItem\",\"position\":1,\"name\":\"Accueil\",\"item\":\"https:\\\/\\\/repliquemangacine.fr\\\/\"},{\"@type\":\"ListItem\",\"position\":2,\"name\":\"Produits\",\"item\":\"https:\\\/\\\/repliquemangacine.fr\\\/boutique\\\/\"},{\"@type\":\"ListItem\",\"position\":3,\"name\":\"Katana Kyojuro forg\u00e9\"}]},{\"@type\":\"WebSite\",\"@id\":\"https:\\\/\\\/repliquemangacine.fr\\\/#website\",\"url\":\"https:\\\/\\\/repliquemangacine.fr\\\/\",\"name\":\"R\u00e9plique Manga Cin\u00e9\",\"description\":\"\",\"publisher\":{\"@id\":\"https:\\\/\\\/repliquemangacine.fr\\\/#organization\"},\"potentialAction\":[{\"@type\":\"SearchAction\",\"target\":{\"@type\":\"EntryPoint\",\"urlTemplate\":\"https:\\\/\\\/repliquemangacine.fr\\\/?s={search_term_string}\"},\"query-input\":{\"@type\":\"PropertyValueSpecification\",\"valueRequired\":true,\"valueName\":\"search_term_string\"}}],\"inLanguage\":\"de\"},{\"@type\":\"Organization\",\"@id\":\"https:\\\/\\\/repliquemangacine.fr\\\/#organization\",\"name\":\"R\u00e9plique Manga Cin\u00e9\",\"url\":\"https:\\\/\\\/repliquemangacine.fr\\\/\",\"logo\":{\"@type\":\"ImageObject\",\"inLanguage\":\"de\",\"@id\":\"https:\\\/\\\/repliquemangacine.fr\\\/#\\\/schema\\\/logo\\\/image\\\/\",\"url\":\"https:\\\/\\\/repliquemangacine.fr\\\/wp-content\\\/uploads\\\/2023\\\/10\\\/RMC-500250.png\",\"contentUrl\":\"https:\\\/\\\/repliquemangacine.fr\\\/wp-content\\\/uploads\\\/2023\\\/10\\\/RMC-500250.png\",\"width\":500,\"height\":250,\"caption\":\"R\u00e9plique Manga Cin\u00e9\"},\"image\":{\"@id\":\"https:\\\/\\\/repliquemangacine.fr\\\/#\\\/schema\\\/logo\\\/image\\\/\"},\"sameAs\":[\"https:\\\/\\\/www.facebook.com\\\/RepliqueMangaCine\",\"https:\\\/\\\/www.instagram.com\\\/repliquemangacine.fr\\\/\"]}]}<\/script>\n<!-- \/ Yoast SEO plugin. -->","yoast_head_json":{"title":"Kyojuro Demon Slayer Katana Cutting - Online-Shop - RMC","description":"Ihr Kyojuro Demon Slayers Katana zum besten Preis. Klinge aus Kohlenstoffstahl 1045 - Wei\u00dfe Lederscheide - L\u00e4nge 108 cm - Versand 24\/48h","robots":{"index":"index","follow":"follow","max-snippet":"max-snippet:-1","max-image-preview":"max-image-preview:large","max-video-preview":"max-video-preview:-1"},"canonical":"https:\/\/repliquemangacine.fr\/de\/katana-demon-slayer-metal\/schneidendes-katana-kyojuro\/","og_locale":"de_DE","og_type":"article","og_title":"Katana Coupant Kyojuro Demon Slayer - Boutique en ligne - RMC","og_description":"Votre Katana Coupant Kyojuro Demon Slayers au meilleur prix. Lame en acier carbone 1045 - Fourreau cuir blanc - Longueur 108 cm - Envoi 24\/48h","og_url":"https:\/\/repliquemangacine.fr\/de\/katana-demon-slayer-metal\/schneidendes-katana-kyojuro\/","og_site_name":"R\u00e9plique Manga Cin\u00e9","article_publisher":"https:\/\/www.facebook.com\/RepliqueMangaCine","article_modified_time":"2025-11-01T18:42:36+00:00","og_image":[{"width":800,"height":800,"url":"https:\/\/repliquemangacine.fr\/wp-content\/uploads\/2023\/10\/0245-11.jpg","type":"image\/jpeg"}],"twitter_card":"summary_large_image","twitter_misc":{"Gesch\u00e4tzte Lesezeit":"2\u00a0Minuten"},"schema":{"@context":"https:\/\/schema.org","@graph":[{"@type":"WebPage","@id":"https:\/\/repliquemangacine.fr\/katana-demon-slayer-metal\/katana-coupant-kyojuro\/","url":"https:\/\/repliquemangacine.fr\/katana-demon-slayer-metal\/katana-coupant-kyojuro\/","name":"Kyojuro Demon Slayer Katana Cutting - Online-Shop - RMC","isPartOf":{"@id":"https:\/\/repliquemangacine.fr\/#website"},"primaryImageOfPage":{"@id":"https:\/\/repliquemangacine.fr\/katana-demon-slayer-metal\/katana-coupant-kyojuro\/#primaryimage"},"image":{"@id":"https:\/\/repliquemangacine.fr\/katana-demon-slayer-metal\/katana-coupant-kyojuro\/#primaryimage"},"thumbnailUrl":"https:\/\/repliquemangacine.fr\/wp-content\/uploads\/2023\/10\/0245-11.jpg","datePublished":"2022-03-24T12:50:57+00:00","dateModified":"2025-11-01T18:42:36+00:00","description":"Ihr Kyojuro Demon Slayers Katana zum besten Preis. Klinge aus Kohlenstoffstahl 1045 - Wei\u00dfe Lederscheide - L\u00e4nge 108 cm - Versand 24\/48h","breadcrumb":{"@id":"https:\/\/repliquemangacine.fr\/katana-demon-slayer-metal\/katana-coupant-kyojuro\/#breadcrumb"},"inLanguage":"de","potentialAction":[{"@type":"ReadAction","target":["https:\/\/repliquemangacine.fr\/katana-demon-slayer-metal\/katana-coupant-kyojuro\/"]}]},{"@type":"ImageObject","inLanguage":"de","@id":"https:\/\/repliquemangacine.fr\/katana-demon-slayer-metal\/katana-coupant-kyojuro\/#primaryimage","url":"https:\/\/repliquemangacine.fr\/wp-content\/uploads\/2023\/10\/0245-11.jpg","contentUrl":"https:\/\/repliquemangacine.fr\/wp-content\/uploads\/2023\/10\/0245-11.jpg","width":800,"height":800,"caption":"Katana Coupant Kyojuro Demon Slayer"},{"@type":"BreadcrumbList","@id":"https:\/\/repliquemangacine.fr\/katana-demon-slayer-metal\/katana-coupant-kyojuro\/#breadcrumb","itemListElement":[{"@type":"ListItem","position":1,"name":"Accueil","item":"https:\/\/repliquemangacine.fr\/"},{"@type":"ListItem","position":2,"name":"Produits","item":"https:\/\/repliquemangacine.fr\/boutique\/"},{"@type":"ListItem","position":3,"name":"Katana Kyojuro forg\u00e9"}]},{"@type":"WebSite","@id":"https:\/\/repliquemangacine.fr\/#website","url":"https:\/\/repliquemangacine.fr\/","name":"R\u00e9plique Manga Cin\u00e9","description":"","publisher":{"@id":"https:\/\/repliquemangacine.fr\/#organization"},"potentialAction":[{"@type":"SearchAction","target":{"@type":"EntryPoint","urlTemplate":"https:\/\/repliquemangacine.fr\/?s={search_term_string}"},"query-input":{"@type":"PropertyValueSpecification","valueRequired":true,"valueName":"search_term_string"}}],"inLanguage":"de"},{"@type":"Organization","@id":"https:\/\/repliquemangacine.fr\/#organization","name":"R\u00e9plique Manga Cin\u00e9","url":"https:\/\/repliquemangacine.fr\/","logo":{"@type":"ImageObject","inLanguage":"de","@id":"https:\/\/repliquemangacine.fr\/#\/schema\/logo\/image\/","url":"https:\/\/repliquemangacine.fr\/wp-content\/uploads\/2023\/10\/RMC-500250.png","contentUrl":"https:\/\/repliquemangacine.fr\/wp-content\/uploads\/2023\/10\/RMC-500250.png","width":500,"height":250,"caption":"R\u00e9plique Manga Cin\u00e9"},"image":{"@id":"https:\/\/repliquemangacine.fr\/#\/schema\/logo\/image\/"},"sameAs":["https:\/\/www.facebook.com\/RepliqueMangaCine","https:\/\/www.instagram.com\/repliquemangacine.fr\/"]}]}},"_links":{"self":[{"href":"https:\/\/repliquemangacine.fr\/de\/wp-json\/wp\/v2\/product\/49156","targetHints":{"allow":["GET"]}}],"collection":[{"href":"https:\/\/repliquemangacine.fr\/de\/wp-json\/wp\/v2\/product"}],"about":[{"href":"https:\/\/repliquemangacine.fr\/de\/wp-json\/wp\/v2\/types\/product"}],"wp:featuredmedia":[{"embeddable":true,"href":"https:\/\/repliquemangacine.fr\/de\/wp-json\/wp\/v2\/media\/49157"}],"wp:attachment":[{"href":"https:\/\/repliquemangacine.fr\/de\/wp-json\/wp\/v2\/media?parent=49156"}],"wp:term":[{"taxonomy":"product_brand","embeddable":true,"href":"https:\/\/repliquemangacine.fr\/de\/wp-json\/wp\/v2\/product_brand?post=49156"},{"taxonomy":"product_cat","embeddable":true,"href":"https:\/\/repliquemangacine.fr\/de\/wp-json\/wp\/v2\/product_cat?post=49156"},{"taxonomy":"product_tag","embeddable":true,"href":"https:\/\/repliquemangacine.fr\/de\/wp-json\/wp\/v2\/product_tag?post=49156"}],"curies":[{"name":"wp","href":"https:\/\/api.w.org\/{rel}","templated":true}]}}