





{"id":49115,"date":"2022-03-22T14:21:09","date_gmt":"2022-03-22T13:21:09","guid":{"rendered":"https:\/\/repliquemangacine.fr\/?post_type=product&#038;p=49115"},"modified":"2025-09-23T18:02:44","modified_gmt":"2025-09-23T16:02:44","slug":"schwert-ruler-fate-apocrypha-schwert-von-johanna-der-jungfrau","status":"publish","type":"product","link":"https:\/\/repliquemangacine.fr\/de\/katana-et-epee-de-manga-anime-autre-manga\/epee-ruler-fate-apocrypha-epee-de-jeanne-la-pucelle\/","title":{"rendered":"Ruler-Schwert Fate Apocrypha"},"content":{"rendered":"<h2>Ruler-Schwert Fate Apocrypha in der Anime-Serie.<\/h2>\n<p>Zu Beginn wird die<strong>Ruler-Schwert Fate Apocrypha<\/strong> ist identisch mit dem animierten Manga.<\/p>\n<p>Ruler ist der <a href=\"https:\/\/typemoon.fandom.com\/fr\/wiki\/Servant\" target=\"_blank\" rel=\"noopener noreferrer\">Diener<\/a> der Klasse Ruler, der w\u00e4hrend des Krieges um den Oberen Gral in Fate\/Apocrypha beschworen wurde. Ihre wahre Identit\u00e4t ist die der Heiligen Jeanne d'Arc (die Jungfrau von Orl\u00e9ans), einer Heldin des franz\u00f6sischen Mittelalters, die Orl\u00e9ans w\u00e4hrend des Hundertj\u00e4hrigen Krieges von der Herrschaft der Engl\u00e4nder befreit hat.<\/p>\n<p>Ruler besitzt den K\u00f6rper eines franz\u00f6sischen M\u00e4dchens namens L\u00e6ticia, dessen physische und magische Eigenschaften mit ihr kompatibel sind. Wenn sie ihren Handschuh auszieht, kann man auf ihrer Hand eingeritzte Befehlszauber sehen.<\/p>\n<p>Urspr\u00fcnglich ist Fate\/Apocrypha eine Light Novel, die von Yuuichirou Higashide geschrieben wurde. Es ist auch ein Anime-Manga, TV-Serie. Fate\/Apocrypha spielt in einer Parallelwelt zu der von Fate\/stay night.<\/p>\n<h2>Ihr Fate Apocrypha Ruler Sword zum besten Preis.<\/h2>\n<p>Wir bieten Ihnen eine gro\u00dfe Auswahl an Repliken von Manga Anime und Videospielen.<\/p>\n<p>Zun\u00e4chst einmal,<\/p>\n<ul>\n<li>L'<a href=\"https:\/\/repliquemangacine.fr\/de\/anderer-manga\/schwert-der-rustung-erza-fairy-tail\/\">R\u00fcstungsschwert<\/a> von Erzas Natur in Fairy Tail.<\/li>\n<li>Anschlie\u00dfend die Reproduktion des D\u00e4monenschneiders <a href=\"https:\/\/repliquemangacine.fr\/de\/anderer-manga\/schwert-des-meliodas-heiliger-tresor-lostvayne\/\">Lostvayne<\/a> in dem Manga und Anime \"Seven Deadly Sins\".<\/li>\n<li>Sowie die<a href=\"https:\/\/repliquemangacine.fr\/de\/anderer-manga\/epee-de-trunks-dragon-ball-z\/\">Trunks Schwert<\/a> in Dragon Ball Z.<\/li>\n<li>Und viele andere, die es in unserem Online-Shop zu entdecken gibt!<\/li>\n<\/ul>\n<p>Deshalb ist dies eine tolle Geschenkidee f\u00fcr Fans von Fate Apocrypha und Fate\/stay night.<\/p>\n<p>Abschlie\u00dfend k\u00f6nnen Sie den<strong>Ruler-Schwert Fate Apocrypha<\/strong> f\u00fcr Ihre Cosplay-Paraden auf Tagungen. Vor allem aber ist es ein Sammler- und Dekorationsst\u00fcck.<\/p>\n<h2>Wie pflegt man die Klinge seines Manga-Schwerts?<\/h2>\n<p>Sammlungs- und Dekorationsschwerter werden in vereinfachter Form hergestellt und zusammengebaut. Da sie zu Dekorationszwecken verwendet werden, fehlen ihnen die Sicherheitselemente, die ein japanisches Schwert f\u00fcr Trainingszwecke aufweisen muss.<\/p>\n<p>Allerdings ist Ihr <strong>Ruler-Schwert Fate Apocrypha<\/strong> zu einer Stahlklinge, die gepflegt werden muss, damit sie nicht mit der Zeit abgenutzt wird. Denn wenn du dein Katana ausstellst, werden deine Freunde neugierig sein, die Klinge zu sehen und sie zu ber\u00fchren. Hier ist Vorsicht geboten, denn Sie sollten wissen, dass die S\u00e4ure der Finger dem Stahl unabh\u00e4ngig von seiner Qualit\u00e4t sehr schadet.<\/p>\n<p>Wenn dies jedoch passiert, keine Panik, Sie brauchen nur ein Tuch, das mit etwas \u00d6l befeuchtet ist, und wischen die Fingerabdr\u00fccke ab. Wenn Sie dies tun, werden Sie Ihr Schwert sehr lange behalten.<\/p>","protected":false},"excerpt":{"rendered":"<p>Schwert von Jeanne d'Arc, genannt \"la Pucelle\", in Fate Apocrypha.<\/p>\n<ul>\n<li>Klinge aus 440er Stahl mit Hohlkehle, nicht scharf.<\/li>\n<li>Stahlb\u00fcgel und um den B\u00fcgel gewickelte Metallriemen.<\/li>\n<li>Scheide aus schwarzem Holz.<\/li>\n<li>Knauf und Griff aus Vollstahl.<\/li>\n<li>L\u00e4nge der Klinge: 76 cm - Gesamtl\u00e4nge: 115 cm<\/li>\n<li>Gewicht: 2050 grs<\/li>\n<\/ul>\n<p><strong>\u00a0<\/strong><\/p>","protected":false},"featured_media":49116,"template":"","meta":[],"product_brand":[896],"product_cat":[65,23,101],"product_tag":[],"class_list":{"0":"post-49115","1":"product","2":"type-product","3":"status-publish","4":"has-post-thumbnail","6":"product_brand-replique-manga-cine","7":"product_cat-katana-et-epee-de-manga-anime-autre-manga","8":"product_cat-repliques-manga-jeux-video","9":"product_cat-soldes","11":"first","12":"instock","13":"sale","14":"taxable","15":"shipping-taxable","16":"purchasable","17":"product-type-simple"},"yoast_head":"<!-- This site is optimized with the Yoast SEO plugin v27.5 - https:\/\/yoast.com\/product\/yoast-seo-wordpress\/ -->\n<title>Ep\u00e9e Ruler Fate Apocrypha - Boutique en ligne - RMC<\/title>\n<meta name=\"description\" content=\"Offrez-vous l&#039;Ep\u00e9e Ruler Fate Apocrypha au meilleur prix. Lame acier avec gorge - Garde m\u00e9tal - Echelle 1\/1 - Longueur totale : 115 cm - Envoi 24\/48h\" \/>\n<meta name=\"robots\" content=\"index, follow, max-snippet:-1, max-image-preview:large, max-video-preview:-1\" \/>\n<link rel=\"canonical\" href=\"https:\/\/repliquemangacine.fr\/de\/ausverkauf\/schwert-ruler-fate-apocrypha-schwert-von-johanna-der-jungfrau\/\" \/>\n<meta property=\"og:locale\" content=\"de_DE\" \/>\n<meta property=\"og:type\" content=\"article\" \/>\n<meta property=\"og:title\" content=\"Ep\u00e9e Ruler Fate Apocrypha - Boutique en ligne - RMC\" \/>\n<meta property=\"og:description\" content=\"Offrez-vous l&#039;Ep\u00e9e Ruler Fate Apocrypha au meilleur prix. Lame acier avec gorge - Garde m\u00e9tal - Echelle 1\/1 - Longueur totale : 115 cm - Envoi 24\/48h\" \/>\n<meta property=\"og:url\" content=\"https:\/\/repliquemangacine.fr\/de\/ausverkauf\/schwert-ruler-fate-apocrypha-schwert-von-johanna-der-jungfrau\/\" \/>\n<meta property=\"og:site_name\" content=\"R\u00e9plique Manga Cin\u00e9\" \/>\n<meta property=\"article:publisher\" content=\"https:\/\/www.facebook.com\/RepliqueMangaCine\" \/>\n<meta property=\"article:modified_time\" content=\"2025-09-23T16:02:44+00:00\" \/>\n<meta property=\"og:image\" content=\"https:\/\/repliquemangacine.fr\/wp-content\/uploads\/2023\/10\/zs628.jpg\" \/>\n\t<meta property=\"og:image:width\" content=\"800\" \/>\n\t<meta property=\"og:image:height\" content=\"800\" \/>\n\t<meta property=\"og:image:type\" content=\"image\/jpeg\" \/>\n<meta name=\"twitter:card\" content=\"summary_large_image\" \/>\n<meta name=\"twitter:label1\" content=\"Gesch\u00e4tzte Lesezeit\" \/>\n\t<meta name=\"twitter:data1\" content=\"2\u00a0Minuten\" \/>\n<script type=\"application\/ld+json\" class=\"yoast-schema-graph\">{\"@context\":\"https:\\\/\\\/schema.org\",\"@graph\":[{\"@type\":\"WebPage\",\"@id\":\"https:\\\/\\\/repliquemangacine.fr\\\/soldes\\\/epee-ruler-fate-apocrypha-epee-de-jeanne-la-pucelle\\\/\",\"url\":\"https:\\\/\\\/repliquemangacine.fr\\\/soldes\\\/epee-ruler-fate-apocrypha-epee-de-jeanne-la-pucelle\\\/\",\"name\":\"Ep\u00e9e Ruler Fate Apocrypha - Boutique en ligne - RMC\",\"isPartOf\":{\"@id\":\"https:\\\/\\\/repliquemangacine.fr\\\/#website\"},\"primaryImageOfPage\":{\"@id\":\"https:\\\/\\\/repliquemangacine.fr\\\/soldes\\\/epee-ruler-fate-apocrypha-epee-de-jeanne-la-pucelle\\\/#primaryimage\"},\"image\":{\"@id\":\"https:\\\/\\\/repliquemangacine.fr\\\/soldes\\\/epee-ruler-fate-apocrypha-epee-de-jeanne-la-pucelle\\\/#primaryimage\"},\"thumbnailUrl\":\"https:\\\/\\\/repliquemangacine.fr\\\/wp-content\\\/uploads\\\/2023\\\/10\\\/zs628.jpg\",\"datePublished\":\"2022-03-22T13:21:09+00:00\",\"dateModified\":\"2025-09-23T16:02:44+00:00\",\"description\":\"Offrez-vous l'Ep\u00e9e Ruler Fate Apocrypha au meilleur prix. Lame acier avec gorge - Garde m\u00e9tal - Echelle 1\\\/1 - Longueur totale : 115 cm - Envoi 24\\\/48h\",\"breadcrumb\":{\"@id\":\"https:\\\/\\\/repliquemangacine.fr\\\/soldes\\\/epee-ruler-fate-apocrypha-epee-de-jeanne-la-pucelle\\\/#breadcrumb\"},\"inLanguage\":\"de\",\"potentialAction\":[{\"@type\":\"ReadAction\",\"target\":[\"https:\\\/\\\/repliquemangacine.fr\\\/soldes\\\/epee-ruler-fate-apocrypha-epee-de-jeanne-la-pucelle\\\/\"]}]},{\"@type\":\"ImageObject\",\"inLanguage\":\"de\",\"@id\":\"https:\\\/\\\/repliquemangacine.fr\\\/soldes\\\/epee-ruler-fate-apocrypha-epee-de-jeanne-la-pucelle\\\/#primaryimage\",\"url\":\"https:\\\/\\\/repliquemangacine.fr\\\/wp-content\\\/uploads\\\/2023\\\/10\\\/zs628.jpg\",\"contentUrl\":\"https:\\\/\\\/repliquemangacine.fr\\\/wp-content\\\/uploads\\\/2023\\\/10\\\/zs628.jpg\",\"width\":800,\"height\":800,\"caption\":\"Ep\u00e9e de jeanne la pucelle fate Apocrypha\"},{\"@type\":\"BreadcrumbList\",\"@id\":\"https:\\\/\\\/repliquemangacine.fr\\\/soldes\\\/epee-ruler-fate-apocrypha-epee-de-jeanne-la-pucelle\\\/#breadcrumb\",\"itemListElement\":[{\"@type\":\"ListItem\",\"position\":1,\"name\":\"Accueil\",\"item\":\"https:\\\/\\\/repliquemangacine.fr\\\/\"},{\"@type\":\"ListItem\",\"position\":2,\"name\":\"Produits\",\"item\":\"https:\\\/\\\/repliquemangacine.fr\\\/boutique\\\/\"},{\"@type\":\"ListItem\",\"position\":3,\"name\":\"Ep\u00e9e Ruler Fate Apocrypha\"}]},{\"@type\":\"WebSite\",\"@id\":\"https:\\\/\\\/repliquemangacine.fr\\\/#website\",\"url\":\"https:\\\/\\\/repliquemangacine.fr\\\/\",\"name\":\"R\u00e9plique Manga Cin\u00e9\",\"description\":\"\",\"publisher\":{\"@id\":\"https:\\\/\\\/repliquemangacine.fr\\\/#organization\"},\"potentialAction\":[{\"@type\":\"SearchAction\",\"target\":{\"@type\":\"EntryPoint\",\"urlTemplate\":\"https:\\\/\\\/repliquemangacine.fr\\\/?s={search_term_string}\"},\"query-input\":{\"@type\":\"PropertyValueSpecification\",\"valueRequired\":true,\"valueName\":\"search_term_string\"}}],\"inLanguage\":\"de\"},{\"@type\":\"Organization\",\"@id\":\"https:\\\/\\\/repliquemangacine.fr\\\/#organization\",\"name\":\"R\u00e9plique Manga Cin\u00e9\",\"url\":\"https:\\\/\\\/repliquemangacine.fr\\\/\",\"logo\":{\"@type\":\"ImageObject\",\"inLanguage\":\"de\",\"@id\":\"https:\\\/\\\/repliquemangacine.fr\\\/#\\\/schema\\\/logo\\\/image\\\/\",\"url\":\"https:\\\/\\\/repliquemangacine.fr\\\/wp-content\\\/uploads\\\/2023\\\/10\\\/RMC-500250.png\",\"contentUrl\":\"https:\\\/\\\/repliquemangacine.fr\\\/wp-content\\\/uploads\\\/2023\\\/10\\\/RMC-500250.png\",\"width\":500,\"height\":250,\"caption\":\"R\u00e9plique Manga Cin\u00e9\"},\"image\":{\"@id\":\"https:\\\/\\\/repliquemangacine.fr\\\/#\\\/schema\\\/logo\\\/image\\\/\"},\"sameAs\":[\"https:\\\/\\\/www.facebook.com\\\/RepliqueMangaCine\",\"https:\\\/\\\/www.instagram.com\\\/repliquemangacine.fr\\\/\"]}]}<\/script>\n<!-- \/ Yoast SEO plugin. -->","yoast_head_json":{"title":"Fate Apocrypha Ruler Sword - Online-Shop - RMC","description":"G\u00f6nnen Sie sich das Fate Apocrypha Ruler Sword zum besten Preis. Stahlklinge mit Hohlkehle - Metallschutz - Ma\u00dfstab 1\/1 - Gesamtl\u00e4nge: 115 cm - Versand 24\/48h","robots":{"index":"index","follow":"follow","max-snippet":"max-snippet:-1","max-image-preview":"max-image-preview:large","max-video-preview":"max-video-preview:-1"},"canonical":"https:\/\/repliquemangacine.fr\/de\/ausverkauf\/schwert-ruler-fate-apocrypha-schwert-von-johanna-der-jungfrau\/","og_locale":"de_DE","og_type":"article","og_title":"Ep\u00e9e Ruler Fate Apocrypha - Boutique en ligne - RMC","og_description":"Offrez-vous l'Ep\u00e9e Ruler Fate Apocrypha au meilleur prix. Lame acier avec gorge - Garde m\u00e9tal - Echelle 1\/1 - Longueur totale : 115 cm - Envoi 24\/48h","og_url":"https:\/\/repliquemangacine.fr\/de\/ausverkauf\/schwert-ruler-fate-apocrypha-schwert-von-johanna-der-jungfrau\/","og_site_name":"R\u00e9plique Manga Cin\u00e9","article_publisher":"https:\/\/www.facebook.com\/RepliqueMangaCine","article_modified_time":"2025-09-23T16:02:44+00:00","og_image":[{"width":800,"height":800,"url":"https:\/\/repliquemangacine.fr\/wp-content\/uploads\/2023\/10\/zs628.jpg","type":"image\/jpeg"}],"twitter_card":"summary_large_image","twitter_misc":{"Gesch\u00e4tzte Lesezeit":"2\u00a0Minuten"},"schema":{"@context":"https:\/\/schema.org","@graph":[{"@type":"WebPage","@id":"https:\/\/repliquemangacine.fr\/soldes\/epee-ruler-fate-apocrypha-epee-de-jeanne-la-pucelle\/","url":"https:\/\/repliquemangacine.fr\/soldes\/epee-ruler-fate-apocrypha-epee-de-jeanne-la-pucelle\/","name":"Fate Apocrypha Ruler Sword - Online-Shop - RMC","isPartOf":{"@id":"https:\/\/repliquemangacine.fr\/#website"},"primaryImageOfPage":{"@id":"https:\/\/repliquemangacine.fr\/soldes\/epee-ruler-fate-apocrypha-epee-de-jeanne-la-pucelle\/#primaryimage"},"image":{"@id":"https:\/\/repliquemangacine.fr\/soldes\/epee-ruler-fate-apocrypha-epee-de-jeanne-la-pucelle\/#primaryimage"},"thumbnailUrl":"https:\/\/repliquemangacine.fr\/wp-content\/uploads\/2023\/10\/zs628.jpg","datePublished":"2022-03-22T13:21:09+00:00","dateModified":"2025-09-23T16:02:44+00:00","description":"G\u00f6nnen Sie sich das Fate Apocrypha Ruler Sword zum besten Preis. Stahlklinge mit Hohlkehle - Metallschutz - Ma\u00dfstab 1\/1 - Gesamtl\u00e4nge: 115 cm - Versand 24\/48h","breadcrumb":{"@id":"https:\/\/repliquemangacine.fr\/soldes\/epee-ruler-fate-apocrypha-epee-de-jeanne-la-pucelle\/#breadcrumb"},"inLanguage":"de","potentialAction":[{"@type":"ReadAction","target":["https:\/\/repliquemangacine.fr\/soldes\/epee-ruler-fate-apocrypha-epee-de-jeanne-la-pucelle\/"]}]},{"@type":"ImageObject","inLanguage":"de","@id":"https:\/\/repliquemangacine.fr\/soldes\/epee-ruler-fate-apocrypha-epee-de-jeanne-la-pucelle\/#primaryimage","url":"https:\/\/repliquemangacine.fr\/wp-content\/uploads\/2023\/10\/zs628.jpg","contentUrl":"https:\/\/repliquemangacine.fr\/wp-content\/uploads\/2023\/10\/zs628.jpg","width":800,"height":800,"caption":"Ep\u00e9e de jeanne la pucelle fate Apocrypha"},{"@type":"BreadcrumbList","@id":"https:\/\/repliquemangacine.fr\/soldes\/epee-ruler-fate-apocrypha-epee-de-jeanne-la-pucelle\/#breadcrumb","itemListElement":[{"@type":"ListItem","position":1,"name":"Accueil","item":"https:\/\/repliquemangacine.fr\/"},{"@type":"ListItem","position":2,"name":"Produits","item":"https:\/\/repliquemangacine.fr\/boutique\/"},{"@type":"ListItem","position":3,"name":"Ep\u00e9e Ruler Fate Apocrypha"}]},{"@type":"WebSite","@id":"https:\/\/repliquemangacine.fr\/#website","url":"https:\/\/repliquemangacine.fr\/","name":"R\u00e9plique Manga Cin\u00e9","description":"","publisher":{"@id":"https:\/\/repliquemangacine.fr\/#organization"},"potentialAction":[{"@type":"SearchAction","target":{"@type":"EntryPoint","urlTemplate":"https:\/\/repliquemangacine.fr\/?s={search_term_string}"},"query-input":{"@type":"PropertyValueSpecification","valueRequired":true,"valueName":"search_term_string"}}],"inLanguage":"de"},{"@type":"Organization","@id":"https:\/\/repliquemangacine.fr\/#organization","name":"R\u00e9plique Manga Cin\u00e9","url":"https:\/\/repliquemangacine.fr\/","logo":{"@type":"ImageObject","inLanguage":"de","@id":"https:\/\/repliquemangacine.fr\/#\/schema\/logo\/image\/","url":"https:\/\/repliquemangacine.fr\/wp-content\/uploads\/2023\/10\/RMC-500250.png","contentUrl":"https:\/\/repliquemangacine.fr\/wp-content\/uploads\/2023\/10\/RMC-500250.png","width":500,"height":250,"caption":"R\u00e9plique Manga Cin\u00e9"},"image":{"@id":"https:\/\/repliquemangacine.fr\/#\/schema\/logo\/image\/"},"sameAs":["https:\/\/www.facebook.com\/RepliqueMangaCine","https:\/\/www.instagram.com\/repliquemangacine.fr\/"]}]}},"_links":{"self":[{"href":"https:\/\/repliquemangacine.fr\/de\/wp-json\/wp\/v2\/product\/49115","targetHints":{"allow":["GET"]}}],"collection":[{"href":"https:\/\/repliquemangacine.fr\/de\/wp-json\/wp\/v2\/product"}],"about":[{"href":"https:\/\/repliquemangacine.fr\/de\/wp-json\/wp\/v2\/types\/product"}],"wp:featuredmedia":[{"embeddable":true,"href":"https:\/\/repliquemangacine.fr\/de\/wp-json\/wp\/v2\/media\/49116"}],"wp:attachment":[{"href":"https:\/\/repliquemangacine.fr\/de\/wp-json\/wp\/v2\/media?parent=49115"}],"wp:term":[{"taxonomy":"product_brand","embeddable":true,"href":"https:\/\/repliquemangacine.fr\/de\/wp-json\/wp\/v2\/product_brand?post=49115"},{"taxonomy":"product_cat","embeddable":true,"href":"https:\/\/repliquemangacine.fr\/de\/wp-json\/wp\/v2\/product_cat?post=49115"},{"taxonomy":"product_tag","embeddable":true,"href":"https:\/\/repliquemangacine.fr\/de\/wp-json\/wp\/v2\/product_tag?post=49115"}],"curies":[{"name":"wp","href":"https:\/\/api.w.org\/{rel}","templated":true}]}}