





{"id":49103,"date":"2022-03-22T10:19:36","date_gmt":"2022-03-22T09:19:36","guid":{"rendered":"https:\/\/repliquemangacine.fr\/?post_type=product&#038;p=49103"},"modified":"2026-03-20T21:28:23","modified_gmt":"2026-03-20T20:28:23","slug":"wandhalterung-aus-stahl-fur-epe","status":"publish","type":"product","link":"https:\/\/repliquemangacine.fr\/de\/epee-templier-medievale\/support-mural-en-acier-pour-epee\/","title":{"rendered":"Wandhalterung Stahl f\u00fcr Schwert"},"content":{"rendered":"<h2>Wandhalterung Stahl f\u00fcr Schwert.<\/h2>\n<p>Zu Beginn wird der <strong>Wandhalterung Stahl<\/strong> ist praktisch unsichtbar, sobald das Schwert aufgeh\u00e4ngt ist.<\/p>\n<p>Pr\u00e4sentationsst\u00e4nder spielen eine wichtige Rolle bei der Ausstellung Ihrer Schwerter, S\u00e4bel, Katana, Pistolen und Gewehre aus Sammlerbest\u00e4nden. Denn dieses zweiteilige Set ganz aus Stahl, das in der Tiefe verstellbar ist, gibt Ihnen die Gewissheit, dass Sie Ihren Freunden die Qualit\u00e4t Ihrer Reproduktionen historischer Waffen zeigen k\u00f6nnen.<\/p>\n<p>Es muss betont werden, dass Denix hier eine Verarbeitungsqualit\u00e4t bietet, die viele \u00fcberraschen wird. Als weltweit renommierter Importeur, <a href=\"https:\/\/www.denix.fr\/\">Denix<\/a> ist die Referenzmarke f\u00fcr Nachbildungen historischer Waffen. \u00dcbrigens werden alle gro\u00dfen Geschichten von Schlachten und Kriegen dargestellt wie :<\/p>\n<ul>\n<li>Das Erste Kaiserreich mit seinen S\u00e4beln und Gewehren.<\/li>\n<li>Schwerter und Waffen des Mittelalters<\/li>\n<li>Die Colts der Cowboys<\/li>\n<li>Endlich die Waffen Zweiter Weltkrieg.<\/li>\n<\/ul>\n<h2>Ihre Repliken historischer Waffen zum besten Preis.<\/h2>\n<p>Wir bieten Ihnen eine gro\u00dfe Auswahl an Reproduktionen von Schwertern, Gewehren und Pistolen der Marke Denix.<\/p>\n<p>Zun\u00e4chst einmal,<\/p>\n<ul>\n<li>Die <a href=\"https:\/\/repliquemangacine.fr\/de\/waffen-und-westernzubehor\/\">Westernkolts<\/a> mit den Holstern, um ein echter Cowboy zu sein.<\/li>\n<li>Es gibt auch die<a href=\"https:\/\/repliquemangacine.fr\/de\/antike-pistole\/\"> antike Pistolen<\/a>Es gibt auch alte Gewehre mit Bajonett.<\/li>\n<li>Sowie alle Nachbildungen von Waffen aus dem 2\u1d49 Weltkrieg und seiner Landung am D-Day.<\/li>\n<li>Und noch viel mehr gibt es in unserem Online-Shop zu entdecken!<\/li>\n<\/ul>\n<p>Deshalb sind hier tolle Geschenkideen f\u00fcr alle, die Geschichten lieben.<\/p>\n<p>Abschlie\u00dfend k\u00f6nnen Sie Ihr <strong>Wandhalterung Stahl<\/strong> um alle Ihre Sammlerwaffen auszustellen.<\/p>\n<p>R\u00e9plique Manga Cin\u00e9 ist ein franz\u00f6sisches Familienunternehmen und offizieller Vertriebspartner der Marke Denix.<\/p>","protected":false},"excerpt":{"rendered":"<p>Wandhalterung in Form einer Schere, kann an der Wand, an einem Holzpfosten...<\/p>\n<ul>\n<li>Ganz aus Stahl.<\/li>\n<li>Gelenkarme, die entweder eng beieinander liegen oder weit ausgestreckt sind.<\/li>\n<li>Geeignet f\u00fcr eine Vielzahl von Schwertern.<\/li>\n<li>Die Wandhalterung verschwindet hinter dem Griff, nur die Haltestifte sind auf der Vorderseite sichtbar.<\/li>\n<\/ul>\n<p>H\u00f6he: von 5.5 cm bis 7.5 cm - Breite: von 3 cm bis 8 cm<\/p>\n<p><strong>\u00a0<\/strong><\/p>","protected":false},"featured_media":49104,"template":"","meta":[],"product_brand":[896],"product_cat":[50,25,84,92,26,43],"product_tag":[],"class_list":{"0":"post-49103","1":"product","2":"type-product","3":"status-publish","4":"has-post-thumbnail","6":"product_brand-replique-manga-cine","7":"product_cat-accessoires-katana","8":"product_cat-armes-historiques","9":"product_cat-epee-templier-medievale","10":"product_cat-haches-de-guerre-medievale-et-accessoire-medievaux","11":"product_cat-katana-epee","12":"product_cat-reproductions-d-armes-et-accessoires-medievales","14":"first","15":"instock","16":"taxable","17":"shipping-taxable","18":"purchasable","19":"product-type-simple"},"yoast_head":"<!-- This site is optimized with the Yoast SEO plugin v27.5 - https:\/\/yoast.com\/product\/yoast-seo-wordpress\/ -->\n<title>Support mural acier pour \u00e9p\u00e9e - R\u00e9plique Manga Cin\u00e9<\/title>\n<meta name=\"description\" content=\"Petit, discret et facile \u00e0 poser, ce support mural acier va vous enchanter ! une fois fixer au mur avec son \u00e9p\u00e9e, il devient invisible...\" \/>\n<meta name=\"robots\" content=\"index, follow, max-snippet:-1, max-image-preview:large, max-video-preview:-1\" \/>\n<link rel=\"canonical\" href=\"https:\/\/repliquemangacine.fr\/de\/mittelalterliche-kriegsaxte-und-mittelalterliches-zubehor\/wandhalterung-aus-stahl-fur-epe\/\" \/>\n<meta property=\"og:locale\" content=\"de_DE\" \/>\n<meta property=\"og:type\" content=\"article\" \/>\n<meta property=\"og:title\" content=\"Support mural acier pour \u00e9p\u00e9e - R\u00e9plique Manga Cin\u00e9\" \/>\n<meta property=\"og:description\" content=\"Petit, discret et facile \u00e0 poser, ce support mural acier va vous enchanter ! une fois fixer au mur avec son \u00e9p\u00e9e, il devient invisible...\" \/>\n<meta property=\"og:url\" content=\"https:\/\/repliquemangacine.fr\/de\/mittelalterliche-kriegsaxte-und-mittelalterliches-zubehor\/wandhalterung-aus-stahl-fur-epe\/\" \/>\n<meta property=\"og:site_name\" content=\"R\u00e9plique Manga Cin\u00e9\" \/>\n<meta property=\"article:publisher\" content=\"https:\/\/www.facebook.com\/RepliqueMangaCine\" \/>\n<meta property=\"article:modified_time\" content=\"2026-03-20T20:28:23+00:00\" \/>\n<meta property=\"og:image\" content=\"https:\/\/repliquemangacine.fr\/wp-content\/uploads\/2023\/10\/PORTE-EPEE.jpg\" \/>\n\t<meta property=\"og:image:width\" content=\"800\" \/>\n\t<meta property=\"og:image:height\" content=\"800\" \/>\n\t<meta property=\"og:image:type\" content=\"image\/jpeg\" \/>\n<meta name=\"twitter:card\" content=\"summary_large_image\" \/>\n<meta name=\"twitter:label1\" content=\"Gesch\u00e4tzte Lesezeit\" \/>\n\t<meta name=\"twitter:data1\" content=\"1\u00a0Minute\" \/>\n<script type=\"application\/ld+json\" class=\"yoast-schema-graph\">{\"@context\":\"https:\\\/\\\/schema.org\",\"@graph\":[{\"@type\":\"WebPage\",\"@id\":\"https:\\\/\\\/repliquemangacine.fr\\\/haches-de-guerre-medievale-et-accessoire-medievaux\\\/support-mural-en-acier-pour-epee\\\/\",\"url\":\"https:\\\/\\\/repliquemangacine.fr\\\/haches-de-guerre-medievale-et-accessoire-medievaux\\\/support-mural-en-acier-pour-epee\\\/\",\"name\":\"Support mural acier pour \u00e9p\u00e9e - R\u00e9plique Manga Cin\u00e9\",\"isPartOf\":{\"@id\":\"https:\\\/\\\/repliquemangacine.fr\\\/#website\"},\"primaryImageOfPage\":{\"@id\":\"https:\\\/\\\/repliquemangacine.fr\\\/haches-de-guerre-medievale-et-accessoire-medievaux\\\/support-mural-en-acier-pour-epee\\\/#primaryimage\"},\"image\":{\"@id\":\"https:\\\/\\\/repliquemangacine.fr\\\/haches-de-guerre-medievale-et-accessoire-medievaux\\\/support-mural-en-acier-pour-epee\\\/#primaryimage\"},\"thumbnailUrl\":\"https:\\\/\\\/repliquemangacine.fr\\\/wp-content\\\/uploads\\\/2023\\\/10\\\/PORTE-EPEE.jpg\",\"datePublished\":\"2022-03-22T09:19:36+00:00\",\"dateModified\":\"2026-03-20T20:28:23+00:00\",\"description\":\"Petit, discret et facile \u00e0 poser, ce support mural acier va vous enchanter ! une fois fixer au mur avec son \u00e9p\u00e9e, il devient invisible...\",\"breadcrumb\":{\"@id\":\"https:\\\/\\\/repliquemangacine.fr\\\/haches-de-guerre-medievale-et-accessoire-medievaux\\\/support-mural-en-acier-pour-epee\\\/#breadcrumb\"},\"inLanguage\":\"de\",\"potentialAction\":[{\"@type\":\"ReadAction\",\"target\":[\"https:\\\/\\\/repliquemangacine.fr\\\/haches-de-guerre-medievale-et-accessoire-medievaux\\\/support-mural-en-acier-pour-epee\\\/\"]}]},{\"@type\":\"ImageObject\",\"inLanguage\":\"de\",\"@id\":\"https:\\\/\\\/repliquemangacine.fr\\\/haches-de-guerre-medievale-et-accessoire-medievaux\\\/support-mural-en-acier-pour-epee\\\/#primaryimage\",\"url\":\"https:\\\/\\\/repliquemangacine.fr\\\/wp-content\\\/uploads\\\/2023\\\/10\\\/PORTE-EPEE.jpg\",\"contentUrl\":\"https:\\\/\\\/repliquemangacine.fr\\\/wp-content\\\/uploads\\\/2023\\\/10\\\/PORTE-EPEE.jpg\",\"width\":800,\"height\":800,\"caption\":\"Porte Ep\u00e9e mural en acier\"},{\"@type\":\"BreadcrumbList\",\"@id\":\"https:\\\/\\\/repliquemangacine.fr\\\/haches-de-guerre-medievale-et-accessoire-medievaux\\\/support-mural-en-acier-pour-epee\\\/#breadcrumb\",\"itemListElement\":[{\"@type\":\"ListItem\",\"position\":1,\"name\":\"Accueil\",\"item\":\"https:\\\/\\\/repliquemangacine.fr\\\/\"},{\"@type\":\"ListItem\",\"position\":2,\"name\":\"Produits\",\"item\":\"https:\\\/\\\/repliquemangacine.fr\\\/boutique\\\/\"},{\"@type\":\"ListItem\",\"position\":3,\"name\":\"Support mural acier pour \u00e9p\u00e9e\"}]},{\"@type\":\"WebSite\",\"@id\":\"https:\\\/\\\/repliquemangacine.fr\\\/#website\",\"url\":\"https:\\\/\\\/repliquemangacine.fr\\\/\",\"name\":\"R\u00e9plique Manga Cin\u00e9\",\"description\":\"\",\"publisher\":{\"@id\":\"https:\\\/\\\/repliquemangacine.fr\\\/#organization\"},\"potentialAction\":[{\"@type\":\"SearchAction\",\"target\":{\"@type\":\"EntryPoint\",\"urlTemplate\":\"https:\\\/\\\/repliquemangacine.fr\\\/?s={search_term_string}\"},\"query-input\":{\"@type\":\"PropertyValueSpecification\",\"valueRequired\":true,\"valueName\":\"search_term_string\"}}],\"inLanguage\":\"de\"},{\"@type\":\"Organization\",\"@id\":\"https:\\\/\\\/repliquemangacine.fr\\\/#organization\",\"name\":\"R\u00e9plique Manga Cin\u00e9\",\"url\":\"https:\\\/\\\/repliquemangacine.fr\\\/\",\"logo\":{\"@type\":\"ImageObject\",\"inLanguage\":\"de\",\"@id\":\"https:\\\/\\\/repliquemangacine.fr\\\/#\\\/schema\\\/logo\\\/image\\\/\",\"url\":\"https:\\\/\\\/repliquemangacine.fr\\\/wp-content\\\/uploads\\\/2023\\\/10\\\/RMC-500250.png\",\"contentUrl\":\"https:\\\/\\\/repliquemangacine.fr\\\/wp-content\\\/uploads\\\/2023\\\/10\\\/RMC-500250.png\",\"width\":500,\"height\":250,\"caption\":\"R\u00e9plique Manga Cin\u00e9\"},\"image\":{\"@id\":\"https:\\\/\\\/repliquemangacine.fr\\\/#\\\/schema\\\/logo\\\/image\\\/\"},\"sameAs\":[\"https:\\\/\\\/www.facebook.com\\\/RepliqueMangaCine\",\"https:\\\/\\\/www.instagram.com\\\/repliquemangacine.fr\\\/\"]}]}<\/script>\n<!-- \/ Yoast SEO plugin. -->","yoast_head_json":{"title":"Stahl Wandhalterung f\u00fcr Degen - R\u00e9plique Manga Cin\u00e9","description":"Klein, unauff\u00e4llig und leicht anzubringen - diese Wandhalterung aus Stahl wird Sie begeistern! Sobald sie mit ihrem Schwert an der Wand befestigt ist, wird sie unsichtbar...","robots":{"index":"index","follow":"follow","max-snippet":"max-snippet:-1","max-image-preview":"max-image-preview:large","max-video-preview":"max-video-preview:-1"},"canonical":"https:\/\/repliquemangacine.fr\/de\/mittelalterliche-kriegsaxte-und-mittelalterliches-zubehor\/wandhalterung-aus-stahl-fur-epe\/","og_locale":"de_DE","og_type":"article","og_title":"Support mural acier pour \u00e9p\u00e9e - R\u00e9plique Manga Cin\u00e9","og_description":"Petit, discret et facile \u00e0 poser, ce support mural acier va vous enchanter ! une fois fixer au mur avec son \u00e9p\u00e9e, il devient invisible...","og_url":"https:\/\/repliquemangacine.fr\/de\/mittelalterliche-kriegsaxte-und-mittelalterliches-zubehor\/wandhalterung-aus-stahl-fur-epe\/","og_site_name":"R\u00e9plique Manga Cin\u00e9","article_publisher":"https:\/\/www.facebook.com\/RepliqueMangaCine","article_modified_time":"2026-03-20T20:28:23+00:00","og_image":[{"width":800,"height":800,"url":"https:\/\/repliquemangacine.fr\/wp-content\/uploads\/2023\/10\/PORTE-EPEE.jpg","type":"image\/jpeg"}],"twitter_card":"summary_large_image","twitter_misc":{"Gesch\u00e4tzte Lesezeit":"1\u00a0Minute"},"schema":{"@context":"https:\/\/schema.org","@graph":[{"@type":"WebPage","@id":"https:\/\/repliquemangacine.fr\/haches-de-guerre-medievale-et-accessoire-medievaux\/support-mural-en-acier-pour-epee\/","url":"https:\/\/repliquemangacine.fr\/haches-de-guerre-medievale-et-accessoire-medievaux\/support-mural-en-acier-pour-epee\/","name":"Stahl Wandhalterung f\u00fcr Degen - R\u00e9plique Manga Cin\u00e9","isPartOf":{"@id":"https:\/\/repliquemangacine.fr\/#website"},"primaryImageOfPage":{"@id":"https:\/\/repliquemangacine.fr\/haches-de-guerre-medievale-et-accessoire-medievaux\/support-mural-en-acier-pour-epee\/#primaryimage"},"image":{"@id":"https:\/\/repliquemangacine.fr\/haches-de-guerre-medievale-et-accessoire-medievaux\/support-mural-en-acier-pour-epee\/#primaryimage"},"thumbnailUrl":"https:\/\/repliquemangacine.fr\/wp-content\/uploads\/2023\/10\/PORTE-EPEE.jpg","datePublished":"2022-03-22T09:19:36+00:00","dateModified":"2026-03-20T20:28:23+00:00","description":"Klein, unauff\u00e4llig und leicht anzubringen - diese Wandhalterung aus Stahl wird Sie begeistern! Sobald sie mit ihrem Schwert an der Wand befestigt ist, wird sie unsichtbar...","breadcrumb":{"@id":"https:\/\/repliquemangacine.fr\/haches-de-guerre-medievale-et-accessoire-medievaux\/support-mural-en-acier-pour-epee\/#breadcrumb"},"inLanguage":"de","potentialAction":[{"@type":"ReadAction","target":["https:\/\/repliquemangacine.fr\/haches-de-guerre-medievale-et-accessoire-medievaux\/support-mural-en-acier-pour-epee\/"]}]},{"@type":"ImageObject","inLanguage":"de","@id":"https:\/\/repliquemangacine.fr\/haches-de-guerre-medievale-et-accessoire-medievaux\/support-mural-en-acier-pour-epee\/#primaryimage","url":"https:\/\/repliquemangacine.fr\/wp-content\/uploads\/2023\/10\/PORTE-EPEE.jpg","contentUrl":"https:\/\/repliquemangacine.fr\/wp-content\/uploads\/2023\/10\/PORTE-EPEE.jpg","width":800,"height":800,"caption":"Porte Ep\u00e9e mural en acier"},{"@type":"BreadcrumbList","@id":"https:\/\/repliquemangacine.fr\/haches-de-guerre-medievale-et-accessoire-medievaux\/support-mural-en-acier-pour-epee\/#breadcrumb","itemListElement":[{"@type":"ListItem","position":1,"name":"Accueil","item":"https:\/\/repliquemangacine.fr\/"},{"@type":"ListItem","position":2,"name":"Produits","item":"https:\/\/repliquemangacine.fr\/boutique\/"},{"@type":"ListItem","position":3,"name":"Support mural acier pour \u00e9p\u00e9e"}]},{"@type":"WebSite","@id":"https:\/\/repliquemangacine.fr\/#website","url":"https:\/\/repliquemangacine.fr\/","name":"R\u00e9plique Manga Cin\u00e9","description":"","publisher":{"@id":"https:\/\/repliquemangacine.fr\/#organization"},"potentialAction":[{"@type":"SearchAction","target":{"@type":"EntryPoint","urlTemplate":"https:\/\/repliquemangacine.fr\/?s={search_term_string}"},"query-input":{"@type":"PropertyValueSpecification","valueRequired":true,"valueName":"search_term_string"}}],"inLanguage":"de"},{"@type":"Organization","@id":"https:\/\/repliquemangacine.fr\/#organization","name":"R\u00e9plique Manga Cin\u00e9","url":"https:\/\/repliquemangacine.fr\/","logo":{"@type":"ImageObject","inLanguage":"de","@id":"https:\/\/repliquemangacine.fr\/#\/schema\/logo\/image\/","url":"https:\/\/repliquemangacine.fr\/wp-content\/uploads\/2023\/10\/RMC-500250.png","contentUrl":"https:\/\/repliquemangacine.fr\/wp-content\/uploads\/2023\/10\/RMC-500250.png","width":500,"height":250,"caption":"R\u00e9plique Manga Cin\u00e9"},"image":{"@id":"https:\/\/repliquemangacine.fr\/#\/schema\/logo\/image\/"},"sameAs":["https:\/\/www.facebook.com\/RepliqueMangaCine","https:\/\/www.instagram.com\/repliquemangacine.fr\/"]}]}},"_links":{"self":[{"href":"https:\/\/repliquemangacine.fr\/de\/wp-json\/wp\/v2\/product\/49103","targetHints":{"allow":["GET"]}}],"collection":[{"href":"https:\/\/repliquemangacine.fr\/de\/wp-json\/wp\/v2\/product"}],"about":[{"href":"https:\/\/repliquemangacine.fr\/de\/wp-json\/wp\/v2\/types\/product"}],"wp:featuredmedia":[{"embeddable":true,"href":"https:\/\/repliquemangacine.fr\/de\/wp-json\/wp\/v2\/media\/49104"}],"wp:attachment":[{"href":"https:\/\/repliquemangacine.fr\/de\/wp-json\/wp\/v2\/media?parent=49103"}],"wp:term":[{"taxonomy":"product_brand","embeddable":true,"href":"https:\/\/repliquemangacine.fr\/de\/wp-json\/wp\/v2\/product_brand?post=49103"},{"taxonomy":"product_cat","embeddable":true,"href":"https:\/\/repliquemangacine.fr\/de\/wp-json\/wp\/v2\/product_cat?post=49103"},{"taxonomy":"product_tag","embeddable":true,"href":"https:\/\/repliquemangacine.fr\/de\/wp-json\/wp\/v2\/product_tag?post=49103"}],"curies":[{"name":"wp","href":"https:\/\/api.w.org\/{rel}","templated":true}]}}