





{"id":49004,"date":"2022-03-18T11:58:20","date_gmt":"2022-03-18T10:58:20","guid":{"rendered":"https:\/\/repliquemangacine.fr\/?post_type=product&#038;p=49004"},"modified":"2026-04-29T11:03:36","modified_gmt":"2026-04-29T09:03:36","slug":"katana-des-letzten-samurai-the-last-samourai","status":"publish","type":"product","link":"https:\/\/repliquemangacine.fr\/de\/katanas-le-dernier-samourai\/katana-du-dernier-samourai-the-last-samourai\/","title":{"rendered":"Katana Letzter Samurai"},"content":{"rendered":"<h2>Katana Letzter Samurai von Nathan Algren.<\/h2>\n<p>Zu Beginn wird der <strong>Katana Letzter Samurai<\/strong> ist ein toller Spruch, den Tom Cruise in dem Film \"Der letzte Samurai\" gehalten hat.<\/p>\n<p>Der Film ist eine freie Adaption, die sich an den Ereignissen der Satsuma-Rebellion von 1877 sowie an der Geschichte des franz\u00f6sischen Offiziers Jules Brunet orientiert, der aus Loyalit\u00e4t zum letzten Shogun Tokugawa Yoshinobu, der zuvor einen Freundschaftsvertrag mit Napoleon III. geschlossen hatte, aus der Armee austrat.<\/p>\n<p>Das japanische Schwert (Nihonto) beschreibt eine Reihe von Blankwaffen, die nach japanischen Techniken hergestellt werden. Diese Bezeichnung umfasst das Tachi, das Wakizashi, das Tanto und nat\u00fcrlich das ber\u00fchmte Katana. Man muss wissen, dass das japanische Schwert f\u00fcr den kriegerischen Gebrauch geschaffen wurde. Heute wird es als eigenst\u00e4ndiges Kunstwerk betrachtet. Es gibt ein <a href=\"https:\/\/www.touken.or.jp\/english\/\" target=\"_blank\" rel=\"noopener noreferrer\">Schwertmuseum<\/a> in Japan.<\/p>\n<h2>Ihr Katana Letzter Samurai zum besten Preis.<\/h2>\n<p>Wir bieten Ihnen eine gro\u00dfe Auswahl an japanischen Schwertern f\u00fcr Ihr Training, aber auch zu Dekorationszwecken.<\/p>\n<p>Zun\u00e4chst einmal,<\/p>\n<ul>\n<li>Die <a href=\"https:\/\/repliquemangacine.fr\/de\/katana-schmiede\/katana-forge-dragon-bleu\/\">Katana Drachengeschmiedet<\/a> zum Schneiden f\u00fcr Anf\u00e4nger zu \u00fcben.<\/li>\n<li>Aber auch das<a href=\"https:\/\/repliquemangacine.fr\/de\/der-letzte-samurai\/katana-schmiedet-den-letzten-samurai\/\"> geschmiedetes Schwert<\/a> von Nathan Algren in dem Film \"Der letzte Samurai\".<\/li>\n<li>Und viele andere, die es in unserem Online-Shop zu entdecken gibt!<\/li>\n<\/ul>\n<p>Deshalb ist dies eine tolle Geschenkidee f\u00fcr Fans von Tom Cruise Der letzte Samurai.<\/p>\n<p>Abschlie\u00dfend k\u00f6nnen Sie auch diesen <strong>Katana Letzter Samurai<\/strong> f\u00fcr Ihre Cosplay-Schauen oder f\u00fcr Ihre Sammlung. Vor allem aber ist es auch ein Sammler- und Dekorationsst\u00fcck<\/p>\n<h2>Wie pflegt man die Klinge eines japanischen Schwertes?<\/h2>\n<p>Katanas f\u00fcr Sammlungen und Dekorationen werden auf vereinfachte Weise hergestellt und zusammengebaut. Da sie zu Dekorationszwecken verwendet werden, fehlen ihnen die Sicherheitsmerkmale, die ein japanisches Schwert f\u00fcr Trainingszwecke aufweisen muss.<\/p>\n<p>Allerdings ist Ihr <strong>katana Letzter Samurai<\/strong> zu einer Stahlklinge, die gepflegt werden muss, damit sie nicht mit der Zeit abgenutzt wird. Denn wenn du dein Katana ausstellst, werden deine Freunde neugierig sein, die Klinge zu sehen und sie zu ber\u00fchren. Hier ist Vorsicht geboten, denn Sie sollten wissen, dass die S\u00e4ure der Finger dem Stahl unabh\u00e4ngig von seiner Qualit\u00e4t sehr schadet.<\/p>\n<p>Wenn dies jedoch passiert, keine Panik, Sie brauchen nur ein Tuch, das mit etwas \u00d6l befeuchtet ist, und wischen die Fingerabdr\u00fccke ab. Wenn Sie dies tun, werden Sie Ihr Schwert sehr lange behalten.<\/p>","protected":false},"excerpt":{"rendered":"<p>Katana von Nathan Algren in Der letzte Samurai.<\/p>\n<ul>\n<li>Klinge aus 440er Stahl mit \u00c4tzung mit der Bedeutung \"Ich geh\u00f6re dem Krieger, in dem die alten Traditionen mit der Moderne vereint sind\".<\/li>\n<li>Wird mit einem Holzst\u00e4nder geliefert.<\/li>\n<li>Stahlb\u00fcgel mit einem Drachen verziert.<\/li>\n<li>Scheide mit Gravur.<\/li>\n<li>Griff mit schwarzem Baumwollgeflecht \u00fcberzogen.<\/li>\n<li>L\u00e4nge der Klinge: 68 cm - Gesamtl\u00e4nge: 103 cm<\/li>\n<\/ul>","protected":false},"featured_media":49005,"template":"","meta":[],"product_brand":[896],"product_cat":[66,24,26,32,88],"product_tag":[],"class_list":{"0":"post-49004","1":"product","2":"type-product","3":"status-publish","4":"has-post-thumbnail","6":"product_brand-replique-manga-cine","7":"product_cat-repliques-d-armes-films-et-series","8":"product_cat-films-series-tv-vente-de-katana-epee-et-produits-derives","9":"product_cat-katana-epee","10":"product_cat-katana-decoration","11":"product_cat-katanas-le-dernier-samourai","13":"first","14":"instock","15":"sale","16":"taxable","17":"shipping-taxable","18":"purchasable","19":"product-type-simple"},"yoast_head":"<!-- This site is optimized with the Yoast SEO plugin v27.5 - https:\/\/yoast.com\/product\/yoast-seo-wordpress\/ -->\n<title>Katana Dernier Samoura\u00ef - Vente en ligne - R\u00e9plique Manga Cin\u00e9<\/title>\n<meta name=\"description\" content=\"Offrez-vous le Katana Dernier Samoura\u00ef au meilleur prix. Lame en acier avec gravure - Fourreau bois grav\u00e9 - Longueur totale\u00a0: 103 cm - Envoi 24\/48h\" \/>\n<meta name=\"robots\" content=\"index, follow, max-snippet:-1, max-image-preview:large, max-video-preview:-1\" \/>\n<link rel=\"canonical\" href=\"https:\/\/repliquemangacine.fr\/de\/katanas-der-letzte-samurai\/katana-des-letzten-samurai-the-last-samourai\/\" \/>\n<meta property=\"og:locale\" content=\"de_DE\" \/>\n<meta property=\"og:type\" content=\"article\" \/>\n<meta property=\"og:title\" content=\"Katana Dernier Samoura\u00ef - Vente en ligne - R\u00e9plique Manga Cin\u00e9\" \/>\n<meta property=\"og:description\" content=\"Offrez-vous le Katana Dernier Samoura\u00ef au meilleur prix. Lame en acier avec gravure - Fourreau bois grav\u00e9 - Longueur totale\u00a0: 103 cm - Envoi 24\/48h\" \/>\n<meta property=\"og:url\" content=\"https:\/\/repliquemangacine.fr\/de\/katanas-der-letzte-samurai\/katana-des-letzten-samurai-the-last-samourai\/\" \/>\n<meta property=\"og:site_name\" content=\"R\u00e9plique Manga Cin\u00e9\" \/>\n<meta property=\"article:publisher\" content=\"https:\/\/www.facebook.com\/RepliqueMangaCine\" \/>\n<meta property=\"article:modified_time\" content=\"2026-04-29T09:03:36+00:00\" \/>\n<meta property=\"og:image\" content=\"https:\/\/repliquemangacine.fr\/wp-content\/uploads\/2023\/10\/dernier-samourai.jpg\" \/>\n\t<meta property=\"og:image:width\" content=\"800\" \/>\n\t<meta property=\"og:image:height\" content=\"800\" \/>\n\t<meta property=\"og:image:type\" content=\"image\/jpeg\" \/>\n<meta name=\"twitter:card\" content=\"summary_large_image\" \/>\n<meta name=\"twitter:label1\" content=\"Gesch\u00e4tzte Lesezeit\" \/>\n\t<meta name=\"twitter:data1\" content=\"2\u00a0Minuten\" \/>\n<script type=\"application\/ld+json\" class=\"yoast-schema-graph\">{\"@context\":\"https:\\\/\\\/schema.org\",\"@graph\":[{\"@type\":\"WebPage\",\"@id\":\"https:\\\/\\\/repliquemangacine.fr\\\/katanas-le-dernier-samourai\\\/katana-du-dernier-samourai-the-last-samourai\\\/\",\"url\":\"https:\\\/\\\/repliquemangacine.fr\\\/katanas-le-dernier-samourai\\\/katana-du-dernier-samourai-the-last-samourai\\\/\",\"name\":\"Katana Dernier Samoura\u00ef - Vente en ligne - R\u00e9plique Manga Cin\u00e9\",\"isPartOf\":{\"@id\":\"https:\\\/\\\/repliquemangacine.fr\\\/#website\"},\"primaryImageOfPage\":{\"@id\":\"https:\\\/\\\/repliquemangacine.fr\\\/katanas-le-dernier-samourai\\\/katana-du-dernier-samourai-the-last-samourai\\\/#primaryimage\"},\"image\":{\"@id\":\"https:\\\/\\\/repliquemangacine.fr\\\/katanas-le-dernier-samourai\\\/katana-du-dernier-samourai-the-last-samourai\\\/#primaryimage\"},\"thumbnailUrl\":\"https:\\\/\\\/repliquemangacine.fr\\\/wp-content\\\/uploads\\\/2023\\\/10\\\/dernier-samourai.jpg\",\"datePublished\":\"2022-03-18T10:58:20+00:00\",\"dateModified\":\"2026-04-29T09:03:36+00:00\",\"description\":\"Offrez-vous le Katana Dernier Samoura\u00ef au meilleur prix. Lame en acier avec gravure - Fourreau bois grav\u00e9 - Longueur totale\u00a0: 103 cm - Envoi 24\\\/48h\",\"breadcrumb\":{\"@id\":\"https:\\\/\\\/repliquemangacine.fr\\\/katanas-le-dernier-samourai\\\/katana-du-dernier-samourai-the-last-samourai\\\/#breadcrumb\"},\"inLanguage\":\"de\",\"potentialAction\":[{\"@type\":\"ReadAction\",\"target\":[\"https:\\\/\\\/repliquemangacine.fr\\\/katanas-le-dernier-samourai\\\/katana-du-dernier-samourai-the-last-samourai\\\/\"]}]},{\"@type\":\"ImageObject\",\"inLanguage\":\"de\",\"@id\":\"https:\\\/\\\/repliquemangacine.fr\\\/katanas-le-dernier-samourai\\\/katana-du-dernier-samourai-the-last-samourai\\\/#primaryimage\",\"url\":\"https:\\\/\\\/repliquemangacine.fr\\\/wp-content\\\/uploads\\\/2023\\\/10\\\/dernier-samourai.jpg\",\"contentUrl\":\"https:\\\/\\\/repliquemangacine.fr\\\/wp-content\\\/uploads\\\/2023\\\/10\\\/dernier-samourai.jpg\",\"width\":800,\"height\":800,\"caption\":\"r\u00e9plique Katana du dernier-samourai\"},{\"@type\":\"BreadcrumbList\",\"@id\":\"https:\\\/\\\/repliquemangacine.fr\\\/katanas-le-dernier-samourai\\\/katana-du-dernier-samourai-the-last-samourai\\\/#breadcrumb\",\"itemListElement\":[{\"@type\":\"ListItem\",\"position\":1,\"name\":\"Accueil\",\"item\":\"https:\\\/\\\/repliquemangacine.fr\\\/\"},{\"@type\":\"ListItem\",\"position\":2,\"name\":\"Produits\",\"item\":\"https:\\\/\\\/repliquemangacine.fr\\\/boutique\\\/\"},{\"@type\":\"ListItem\",\"position\":3,\"name\":\"Katana Dernier Samoura\u00ef\"}]},{\"@type\":\"WebSite\",\"@id\":\"https:\\\/\\\/repliquemangacine.fr\\\/#website\",\"url\":\"https:\\\/\\\/repliquemangacine.fr\\\/\",\"name\":\"R\u00e9plique Manga Cin\u00e9\",\"description\":\"\",\"publisher\":{\"@id\":\"https:\\\/\\\/repliquemangacine.fr\\\/#organization\"},\"potentialAction\":[{\"@type\":\"SearchAction\",\"target\":{\"@type\":\"EntryPoint\",\"urlTemplate\":\"https:\\\/\\\/repliquemangacine.fr\\\/?s={search_term_string}\"},\"query-input\":{\"@type\":\"PropertyValueSpecification\",\"valueRequired\":true,\"valueName\":\"search_term_string\"}}],\"inLanguage\":\"de\"},{\"@type\":\"Organization\",\"@id\":\"https:\\\/\\\/repliquemangacine.fr\\\/#organization\",\"name\":\"R\u00e9plique Manga Cin\u00e9\",\"url\":\"https:\\\/\\\/repliquemangacine.fr\\\/\",\"logo\":{\"@type\":\"ImageObject\",\"inLanguage\":\"de\",\"@id\":\"https:\\\/\\\/repliquemangacine.fr\\\/#\\\/schema\\\/logo\\\/image\\\/\",\"url\":\"https:\\\/\\\/repliquemangacine.fr\\\/wp-content\\\/uploads\\\/2023\\\/10\\\/RMC-500250.png\",\"contentUrl\":\"https:\\\/\\\/repliquemangacine.fr\\\/wp-content\\\/uploads\\\/2023\\\/10\\\/RMC-500250.png\",\"width\":500,\"height\":250,\"caption\":\"R\u00e9plique Manga Cin\u00e9\"},\"image\":{\"@id\":\"https:\\\/\\\/repliquemangacine.fr\\\/#\\\/schema\\\/logo\\\/image\\\/\"},\"sameAs\":[\"https:\\\/\\\/www.facebook.com\\\/RepliqueMangaCine\",\"https:\\\/\\\/www.instagram.com\\\/repliquemangacine.fr\\\/\"]}]}<\/script>\n<!-- \/ Yoast SEO plugin. -->","yoast_head_json":{"title":"Katana Letzter Samurai - Online-Verkauf - R\u00e9plique Manga Cin\u00e9","description":"G\u00f6nnen Sie sich das Katana Letzter Samurai zum besten Preis. Stahlklinge mit Gravur - Holzscheide mit Gravur - Gesamtl\u00e4nge: 103 cm - Versand 24\/48h","robots":{"index":"index","follow":"follow","max-snippet":"max-snippet:-1","max-image-preview":"max-image-preview:large","max-video-preview":"max-video-preview:-1"},"canonical":"https:\/\/repliquemangacine.fr\/de\/katanas-der-letzte-samurai\/katana-des-letzten-samurai-the-last-samourai\/","og_locale":"de_DE","og_type":"article","og_title":"Katana Dernier Samoura\u00ef - Vente en ligne - R\u00e9plique Manga Cin\u00e9","og_description":"Offrez-vous le Katana Dernier Samoura\u00ef au meilleur prix. Lame en acier avec gravure - Fourreau bois grav\u00e9 - Longueur totale\u00a0: 103 cm - Envoi 24\/48h","og_url":"https:\/\/repliquemangacine.fr\/de\/katanas-der-letzte-samurai\/katana-des-letzten-samurai-the-last-samourai\/","og_site_name":"R\u00e9plique Manga Cin\u00e9","article_publisher":"https:\/\/www.facebook.com\/RepliqueMangaCine","article_modified_time":"2026-04-29T09:03:36+00:00","og_image":[{"width":800,"height":800,"url":"https:\/\/repliquemangacine.fr\/wp-content\/uploads\/2023\/10\/dernier-samourai.jpg","type":"image\/jpeg"}],"twitter_card":"summary_large_image","twitter_misc":{"Gesch\u00e4tzte Lesezeit":"2\u00a0Minuten"},"schema":{"@context":"https:\/\/schema.org","@graph":[{"@type":"WebPage","@id":"https:\/\/repliquemangacine.fr\/katanas-le-dernier-samourai\/katana-du-dernier-samourai-the-last-samourai\/","url":"https:\/\/repliquemangacine.fr\/katanas-le-dernier-samourai\/katana-du-dernier-samourai-the-last-samourai\/","name":"Katana Letzter Samurai - Online-Verkauf - R\u00e9plique Manga Cin\u00e9","isPartOf":{"@id":"https:\/\/repliquemangacine.fr\/#website"},"primaryImageOfPage":{"@id":"https:\/\/repliquemangacine.fr\/katanas-le-dernier-samourai\/katana-du-dernier-samourai-the-last-samourai\/#primaryimage"},"image":{"@id":"https:\/\/repliquemangacine.fr\/katanas-le-dernier-samourai\/katana-du-dernier-samourai-the-last-samourai\/#primaryimage"},"thumbnailUrl":"https:\/\/repliquemangacine.fr\/wp-content\/uploads\/2023\/10\/dernier-samourai.jpg","datePublished":"2022-03-18T10:58:20+00:00","dateModified":"2026-04-29T09:03:36+00:00","description":"G\u00f6nnen Sie sich das Katana Letzter Samurai zum besten Preis. Stahlklinge mit Gravur - Holzscheide mit Gravur - Gesamtl\u00e4nge: 103 cm - Versand 24\/48h","breadcrumb":{"@id":"https:\/\/repliquemangacine.fr\/katanas-le-dernier-samourai\/katana-du-dernier-samourai-the-last-samourai\/#breadcrumb"},"inLanguage":"de","potentialAction":[{"@type":"ReadAction","target":["https:\/\/repliquemangacine.fr\/katanas-le-dernier-samourai\/katana-du-dernier-samourai-the-last-samourai\/"]}]},{"@type":"ImageObject","inLanguage":"de","@id":"https:\/\/repliquemangacine.fr\/katanas-le-dernier-samourai\/katana-du-dernier-samourai-the-last-samourai\/#primaryimage","url":"https:\/\/repliquemangacine.fr\/wp-content\/uploads\/2023\/10\/dernier-samourai.jpg","contentUrl":"https:\/\/repliquemangacine.fr\/wp-content\/uploads\/2023\/10\/dernier-samourai.jpg","width":800,"height":800,"caption":"r\u00e9plique Katana du dernier-samourai"},{"@type":"BreadcrumbList","@id":"https:\/\/repliquemangacine.fr\/katanas-le-dernier-samourai\/katana-du-dernier-samourai-the-last-samourai\/#breadcrumb","itemListElement":[{"@type":"ListItem","position":1,"name":"Accueil","item":"https:\/\/repliquemangacine.fr\/"},{"@type":"ListItem","position":2,"name":"Produits","item":"https:\/\/repliquemangacine.fr\/boutique\/"},{"@type":"ListItem","position":3,"name":"Katana Dernier Samoura\u00ef"}]},{"@type":"WebSite","@id":"https:\/\/repliquemangacine.fr\/#website","url":"https:\/\/repliquemangacine.fr\/","name":"R\u00e9plique Manga Cin\u00e9","description":"","publisher":{"@id":"https:\/\/repliquemangacine.fr\/#organization"},"potentialAction":[{"@type":"SearchAction","target":{"@type":"EntryPoint","urlTemplate":"https:\/\/repliquemangacine.fr\/?s={search_term_string}"},"query-input":{"@type":"PropertyValueSpecification","valueRequired":true,"valueName":"search_term_string"}}],"inLanguage":"de"},{"@type":"Organization","@id":"https:\/\/repliquemangacine.fr\/#organization","name":"R\u00e9plique Manga Cin\u00e9","url":"https:\/\/repliquemangacine.fr\/","logo":{"@type":"ImageObject","inLanguage":"de","@id":"https:\/\/repliquemangacine.fr\/#\/schema\/logo\/image\/","url":"https:\/\/repliquemangacine.fr\/wp-content\/uploads\/2023\/10\/RMC-500250.png","contentUrl":"https:\/\/repliquemangacine.fr\/wp-content\/uploads\/2023\/10\/RMC-500250.png","width":500,"height":250,"caption":"R\u00e9plique Manga Cin\u00e9"},"image":{"@id":"https:\/\/repliquemangacine.fr\/#\/schema\/logo\/image\/"},"sameAs":["https:\/\/www.facebook.com\/RepliqueMangaCine","https:\/\/www.instagram.com\/repliquemangacine.fr\/"]}]}},"_links":{"self":[{"href":"https:\/\/repliquemangacine.fr\/de\/wp-json\/wp\/v2\/product\/49004","targetHints":{"allow":["GET"]}}],"collection":[{"href":"https:\/\/repliquemangacine.fr\/de\/wp-json\/wp\/v2\/product"}],"about":[{"href":"https:\/\/repliquemangacine.fr\/de\/wp-json\/wp\/v2\/types\/product"}],"wp:featuredmedia":[{"embeddable":true,"href":"https:\/\/repliquemangacine.fr\/de\/wp-json\/wp\/v2\/media\/49005"}],"wp:attachment":[{"href":"https:\/\/repliquemangacine.fr\/de\/wp-json\/wp\/v2\/media?parent=49004"}],"wp:term":[{"taxonomy":"product_brand","embeddable":true,"href":"https:\/\/repliquemangacine.fr\/de\/wp-json\/wp\/v2\/product_brand?post=49004"},{"taxonomy":"product_cat","embeddable":true,"href":"https:\/\/repliquemangacine.fr\/de\/wp-json\/wp\/v2\/product_cat?post=49004"},{"taxonomy":"product_tag","embeddable":true,"href":"https:\/\/repliquemangacine.fr\/de\/wp-json\/wp\/v2\/product_tag?post=49004"}],"curies":[{"name":"wp","href":"https:\/\/api.w.org\/{rel}","templated":true}]}}