





{"id":48828,"date":"2022-03-10T15:48:02","date_gmt":"2022-03-10T14:48:02","guid":{"rendered":"https:\/\/repliquemangacine.fr\/?post_type=product&#038;p=48828"},"modified":"2026-01-03T22:34:10","modified_gmt":"2026-01-03T21:34:10","slug":"katana-kakashi-hatake-anbu-naruto","status":"publish","type":"product","link":"https:\/\/repliquemangacine.fr\/de\/katana-naruto\/katana-kakashi-hatake-anbu-naruto\/","title":{"rendered":"Katana Kakashi Anbu - Naruto"},"content":{"rendered":"<h2>Katana von Kakashi Anbu in Naruto.<\/h2>\n<p>Die <strong>Katana von Kakashi Anbu<\/strong> ist Teil der Anbu-Kleiderordnung. Tats\u00e4chlich ist die vorschriftsm\u00e4\u00dfige Kleidung der Anbu<a href=\"https:\/\/naruto.fandom.com\/fr\/wiki\/Anbu\" target=\"_blank\" rel=\"noopener noreferrer\">Anbu<\/a> besteht ebenfalls aus schwarzer Kleidung, die mit einem leichten Brustpanzer bedeckt ist. Handschuhe, Sandalen mit verst\u00e4rkter Sohle und eine Maske, die zur Verschleierung der Identit\u00e4t dient.<\/p>\n<p>Kakashi Hatake ist ein J\u00f4nin aus dem verborgenen Dorf Konoha. Erster Mentor der wichtigsten Protagonisten der Geschichte. Weltweit bekannt f\u00fcr seinen Einsatz des Sharingan, unter dem Spitznamen \"Der kopierende Ninja\".<\/p>\n<p>Die Anbu, Spezialeinheit f\u00fcr Taktik und Attentate. Dies ist eine Spezialeinheit, die als Leibwache der Kage gegr\u00fcndet wurde. Das Wort Anbu wird sowohl f\u00fcr die Einheit als auch f\u00fcr ihre Mitglieder verwendet. Aufgrund der gro\u00dfen Geheimhaltung, die die Karriere eines Anbu-Mitglieds mit sich bringt, ist die Pers\u00f6nlichkeit eines Rekruten ausschlaggebend f\u00fcr seine Eignung f\u00fcr die Einheit.<\/p>\n<h2>Ihr Kakashi Anbu Katana zum besten Preis.<\/h2>\n<h3>Wir bieten Ihnen eine gro\u00dfe Auswahl an Repliken aus dem ber\u00fchmten Anime-Manga Naruto.<\/h3>\n<p>Zun\u00e4chst einmal,<\/p>\n<ul>\n<li>L'<a href=\"https:\/\/repliquemangacine.fr\/de\/naruto\/schwert-von-zabuza-schwert-kubikiribocho\/\">Schwert Kubikirib\u00f4ch\u00f4 von Zabuza<\/a> Momochi sieht aus wie ein riesiges Fleischermesser.<\/li>\n<li>Anschlie\u00dfend wird die Reproduktion des<a href=\"https:\/\/repliquemangacine.fr\/de\/naruto\/schwert-kusanagi-sasuke-naruto\/\">Kusanagi-Schwert<\/a> von Sasuke Uchiwa.<\/li>\n<li>Sowie die identische Nachbildung des <a href=\"https:\/\/repliquemangacine.fr\/de\/naruto\/kunai-despace-time-minato\/\">Raum-Zeit-Kunai<\/a> die Minato benutzt.<\/li>\n<li>Und viele andere, die es in unserem Online-Shop zu entdecken gibt!<\/li>\n<\/ul>\n<p>Deshalb ist dies eine tolle Geschenkidee f\u00fcr Naruto-Fans.<\/p>\n<p>Abschlie\u00dfend k\u00f6nnen Sie den <strong>Katana von Kakashi Anbu<\/strong> f\u00fcr Ihre Cosplay-Paraden auf Tagungen. Vor allem aber ist es ein Sammler- und Dekorationsst\u00fcck.<\/p>\n<h2>Wie pflegt man die Klinge seines Kakkashi Katanas?<\/h2>\n<p>Katanas f\u00fcr Sammlungen und Dekorationen werden auf vereinfachte Weise hergestellt und zusammengebaut. Da sie zu Dekorationszwecken verwendet werden, fehlen ihnen au\u00dferdem die Sicherheitsmerkmale, die ein japanisches Schwert f\u00fcr Trainingszwecke aufweisen muss.<\/p>\n<p>Allerdings ist Ihr <strong>Katana von Kakashi Anbu<\/strong> zu einer Stahlklinge, die gepflegt werden muss, damit sie nicht mit der Zeit abgenutzt wird. Denn wenn du dein Katana ausstellst, werden deine Freunde neugierig sein, die Klinge zu sehen und sie zu ber\u00fchren. Hier ist Vorsicht geboten, denn Sie sollten wissen, dass die S\u00e4ure der Finger dem Stahl unabh\u00e4ngig von seiner Qualit\u00e4t sehr schadet.<\/p>\n<p>Wenn dies jedoch passiert, keine Panik, Sie brauchen nur ein Tuch, das mit etwas \u00d6l befeuchtet ist, und wischen die Fingerabdr\u00fccke ab. Wenn Sie dies tun, werden Sie Ihr Schwert sehr lange behalten.<\/p>\n<p><strong>\u00a0<\/strong><\/p>","protected":false},"excerpt":{"rendered":"<p>Wundersch\u00f6ne Replik der Shirasaya von Kakashi Hatake aus der ber\u00fchmten Anime-Mangaserie Naruto.<\/p>\n<ul>\n<li>Gerade Klinge aus 440 stainless steel nicht schneidend.<\/li>\n<li>Griff aus Rochenhautimitat, \u00fcberzogen mit einem dunkelgrauen Baumwollgeflecht.<\/li>\n<li>Die Scheide ist aus schwarzem Holz mit einem Geflecht an der Oberseite aus grauer Baumwolle.<\/li>\n<li>L\u00e4nge der Klinge: 69 cm - Gesamtl\u00e4nge: 104 cm<\/li>\n<\/ul>\n<p><strong>\u00a0<\/strong><\/p>","protected":false},"featured_media":48829,"template":"","meta":[],"product_brand":[896],"product_cat":[109,23,42],"product_tag":[],"class_list":{"0":"post-48828","1":"product","2":"type-product","3":"status-publish","4":"has-post-thumbnail","6":"product_brand-replique-manga-cine","7":"product_cat-katana-naruto","8":"product_cat-repliques-manga-jeux-video","9":"product_cat-katana-goodies-naruto-kunai","11":"first","12":"instock","13":"taxable","14":"shipping-taxable","15":"purchasable","16":"product-type-simple"},"yoast_head":"<!-- This site is optimized with the Yoast SEO plugin v27.5 - https:\/\/yoast.com\/product\/yoast-seo-wordpress\/ -->\n<title>Katana de Kakashi Anbu - Naruto - Boutique en ligne - RMC<\/title>\n<meta name=\"description\" content=\"Commandez votre Katana de Kakashi Anbu dans Naruto au meilleur prix. Lame droite en acier - Fourreau - Longueur totale : 104 cm - Envoi 24\/48h\" \/>\n<meta name=\"robots\" content=\"index, follow, max-snippet:-1, max-image-preview:large, max-video-preview:-1\" \/>\n<link rel=\"canonical\" href=\"https:\/\/repliquemangacine.fr\/de\/naruto-katana\/katana-kakashi-hatake-anbu-naruto\/\" \/>\n<meta property=\"og:locale\" content=\"de_DE\" \/>\n<meta property=\"og:type\" content=\"article\" \/>\n<meta property=\"og:title\" content=\"Katana de Kakashi Anbu - Naruto - Boutique en ligne - RMC\" \/>\n<meta property=\"og:description\" content=\"Commandez votre Katana de Kakashi Anbu dans Naruto au meilleur prix. Lame droite en acier - Fourreau - Longueur totale : 104 cm - Envoi 24\/48h\" \/>\n<meta property=\"og:url\" content=\"https:\/\/repliquemangacine.fr\/de\/naruto-katana\/katana-kakashi-hatake-anbu-naruto\/\" \/>\n<meta property=\"og:site_name\" content=\"R\u00e9plique Manga Cin\u00e9\" \/>\n<meta property=\"article:publisher\" content=\"https:\/\/www.facebook.com\/RepliqueMangaCine\" \/>\n<meta property=\"article:modified_time\" content=\"2026-01-03T21:34:10+00:00\" \/>\n<meta property=\"og:image\" content=\"https:\/\/repliquemangacine.fr\/wp-content\/uploads\/2023\/10\/593.jpg\" \/>\n\t<meta property=\"og:image:width\" content=\"800\" \/>\n\t<meta property=\"og:image:height\" content=\"800\" \/>\n\t<meta property=\"og:image:type\" content=\"image\/jpeg\" \/>\n<meta name=\"twitter:card\" content=\"summary_large_image\" \/>\n<meta name=\"twitter:label1\" content=\"Gesch\u00e4tzte Lesezeit\" \/>\n\t<meta name=\"twitter:data1\" content=\"2\u00a0Minuten\" \/>\n<script type=\"application\/ld+json\" class=\"yoast-schema-graph\">{\"@context\":\"https:\\\/\\\/schema.org\",\"@graph\":[{\"@type\":\"WebPage\",\"@id\":\"https:\\\/\\\/repliquemangacine.fr\\\/katana-naruto\\\/katana-kakashi-hatake-anbu-naruto\\\/\",\"url\":\"https:\\\/\\\/repliquemangacine.fr\\\/katana-naruto\\\/katana-kakashi-hatake-anbu-naruto\\\/\",\"name\":\"Katana de Kakashi Anbu - Naruto - Boutique en ligne - RMC\",\"isPartOf\":{\"@id\":\"https:\\\/\\\/repliquemangacine.fr\\\/#website\"},\"primaryImageOfPage\":{\"@id\":\"https:\\\/\\\/repliquemangacine.fr\\\/katana-naruto\\\/katana-kakashi-hatake-anbu-naruto\\\/#primaryimage\"},\"image\":{\"@id\":\"https:\\\/\\\/repliquemangacine.fr\\\/katana-naruto\\\/katana-kakashi-hatake-anbu-naruto\\\/#primaryimage\"},\"thumbnailUrl\":\"https:\\\/\\\/repliquemangacine.fr\\\/wp-content\\\/uploads\\\/2023\\\/10\\\/593.jpg\",\"datePublished\":\"2022-03-10T14:48:02+00:00\",\"dateModified\":\"2026-01-03T21:34:10+00:00\",\"description\":\"Commandez votre Katana de Kakashi Anbu dans Naruto au meilleur prix. Lame droite en acier - Fourreau - Longueur totale : 104 cm - Envoi 24\\\/48h\",\"breadcrumb\":{\"@id\":\"https:\\\/\\\/repliquemangacine.fr\\\/katana-naruto\\\/katana-kakashi-hatake-anbu-naruto\\\/#breadcrumb\"},\"inLanguage\":\"de\",\"potentialAction\":[{\"@type\":\"ReadAction\",\"target\":[\"https:\\\/\\\/repliquemangacine.fr\\\/katana-naruto\\\/katana-kakashi-hatake-anbu-naruto\\\/\"]}]},{\"@type\":\"ImageObject\",\"inLanguage\":\"de\",\"@id\":\"https:\\\/\\\/repliquemangacine.fr\\\/katana-naruto\\\/katana-kakashi-hatake-anbu-naruto\\\/#primaryimage\",\"url\":\"https:\\\/\\\/repliquemangacine.fr\\\/wp-content\\\/uploads\\\/2023\\\/10\\\/593.jpg\",\"contentUrl\":\"https:\\\/\\\/repliquemangacine.fr\\\/wp-content\\\/uploads\\\/2023\\\/10\\\/593.jpg\",\"width\":800,\"height\":800,\"caption\":\"Katana de Kakashi Anbu naruto\"},{\"@type\":\"BreadcrumbList\",\"@id\":\"https:\\\/\\\/repliquemangacine.fr\\\/katana-naruto\\\/katana-kakashi-hatake-anbu-naruto\\\/#breadcrumb\",\"itemListElement\":[{\"@type\":\"ListItem\",\"position\":1,\"name\":\"Accueil\",\"item\":\"https:\\\/\\\/repliquemangacine.fr\\\/\"},{\"@type\":\"ListItem\",\"position\":2,\"name\":\"Produits\",\"item\":\"https:\\\/\\\/repliquemangacine.fr\\\/boutique\\\/\"},{\"@type\":\"ListItem\",\"position\":3,\"name\":\"Katana Kakashi Anbu &#8211; Naruto\"}]},{\"@type\":\"WebSite\",\"@id\":\"https:\\\/\\\/repliquemangacine.fr\\\/#website\",\"url\":\"https:\\\/\\\/repliquemangacine.fr\\\/\",\"name\":\"R\u00e9plique Manga Cin\u00e9\",\"description\":\"\",\"publisher\":{\"@id\":\"https:\\\/\\\/repliquemangacine.fr\\\/#organization\"},\"potentialAction\":[{\"@type\":\"SearchAction\",\"target\":{\"@type\":\"EntryPoint\",\"urlTemplate\":\"https:\\\/\\\/repliquemangacine.fr\\\/?s={search_term_string}\"},\"query-input\":{\"@type\":\"PropertyValueSpecification\",\"valueRequired\":true,\"valueName\":\"search_term_string\"}}],\"inLanguage\":\"de\"},{\"@type\":\"Organization\",\"@id\":\"https:\\\/\\\/repliquemangacine.fr\\\/#organization\",\"name\":\"R\u00e9plique Manga Cin\u00e9\",\"url\":\"https:\\\/\\\/repliquemangacine.fr\\\/\",\"logo\":{\"@type\":\"ImageObject\",\"inLanguage\":\"de\",\"@id\":\"https:\\\/\\\/repliquemangacine.fr\\\/#\\\/schema\\\/logo\\\/image\\\/\",\"url\":\"https:\\\/\\\/repliquemangacine.fr\\\/wp-content\\\/uploads\\\/2023\\\/10\\\/RMC-500250.png\",\"contentUrl\":\"https:\\\/\\\/repliquemangacine.fr\\\/wp-content\\\/uploads\\\/2023\\\/10\\\/RMC-500250.png\",\"width\":500,\"height\":250,\"caption\":\"R\u00e9plique Manga Cin\u00e9\"},\"image\":{\"@id\":\"https:\\\/\\\/repliquemangacine.fr\\\/#\\\/schema\\\/logo\\\/image\\\/\"},\"sameAs\":[\"https:\\\/\\\/www.facebook.com\\\/RepliqueMangaCine\",\"https:\\\/\\\/www.instagram.com\\\/repliquemangacine.fr\\\/\"]}]}<\/script>\n<!-- \/ Yoast SEO plugin. -->","yoast_head_json":{"title":"Katana von Kakashi Anbu - Naruto - Online-Shop - RMC","description":"Bestellen Sie Ihr Katana von Kakashi Anbu in Naruto zum besten Preis. Gerade Klinge aus Stahl - Scheide - Gesamtl\u00e4nge: 104 cm - Versand 24\/48h","robots":{"index":"index","follow":"follow","max-snippet":"max-snippet:-1","max-image-preview":"max-image-preview:large","max-video-preview":"max-video-preview:-1"},"canonical":"https:\/\/repliquemangacine.fr\/de\/naruto-katana\/katana-kakashi-hatake-anbu-naruto\/","og_locale":"de_DE","og_type":"article","og_title":"Katana de Kakashi Anbu - Naruto - Boutique en ligne - RMC","og_description":"Commandez votre Katana de Kakashi Anbu dans Naruto au meilleur prix. Lame droite en acier - Fourreau - Longueur totale : 104 cm - Envoi 24\/48h","og_url":"https:\/\/repliquemangacine.fr\/de\/naruto-katana\/katana-kakashi-hatake-anbu-naruto\/","og_site_name":"R\u00e9plique Manga Cin\u00e9","article_publisher":"https:\/\/www.facebook.com\/RepliqueMangaCine","article_modified_time":"2026-01-03T21:34:10+00:00","og_image":[{"width":800,"height":800,"url":"https:\/\/repliquemangacine.fr\/wp-content\/uploads\/2023\/10\/593.jpg","type":"image\/jpeg"}],"twitter_card":"summary_large_image","twitter_misc":{"Gesch\u00e4tzte Lesezeit":"2\u00a0Minuten"},"schema":{"@context":"https:\/\/schema.org","@graph":[{"@type":"WebPage","@id":"https:\/\/repliquemangacine.fr\/katana-naruto\/katana-kakashi-hatake-anbu-naruto\/","url":"https:\/\/repliquemangacine.fr\/katana-naruto\/katana-kakashi-hatake-anbu-naruto\/","name":"Katana von Kakashi Anbu - Naruto - Online-Shop - RMC","isPartOf":{"@id":"https:\/\/repliquemangacine.fr\/#website"},"primaryImageOfPage":{"@id":"https:\/\/repliquemangacine.fr\/katana-naruto\/katana-kakashi-hatake-anbu-naruto\/#primaryimage"},"image":{"@id":"https:\/\/repliquemangacine.fr\/katana-naruto\/katana-kakashi-hatake-anbu-naruto\/#primaryimage"},"thumbnailUrl":"https:\/\/repliquemangacine.fr\/wp-content\/uploads\/2023\/10\/593.jpg","datePublished":"2022-03-10T14:48:02+00:00","dateModified":"2026-01-03T21:34:10+00:00","description":"Bestellen Sie Ihr Katana von Kakashi Anbu in Naruto zum besten Preis. Gerade Klinge aus Stahl - Scheide - Gesamtl\u00e4nge: 104 cm - Versand 24\/48h","breadcrumb":{"@id":"https:\/\/repliquemangacine.fr\/katana-naruto\/katana-kakashi-hatake-anbu-naruto\/#breadcrumb"},"inLanguage":"de","potentialAction":[{"@type":"ReadAction","target":["https:\/\/repliquemangacine.fr\/katana-naruto\/katana-kakashi-hatake-anbu-naruto\/"]}]},{"@type":"ImageObject","inLanguage":"de","@id":"https:\/\/repliquemangacine.fr\/katana-naruto\/katana-kakashi-hatake-anbu-naruto\/#primaryimage","url":"https:\/\/repliquemangacine.fr\/wp-content\/uploads\/2023\/10\/593.jpg","contentUrl":"https:\/\/repliquemangacine.fr\/wp-content\/uploads\/2023\/10\/593.jpg","width":800,"height":800,"caption":"Katana de Kakashi Anbu naruto"},{"@type":"BreadcrumbList","@id":"https:\/\/repliquemangacine.fr\/katana-naruto\/katana-kakashi-hatake-anbu-naruto\/#breadcrumb","itemListElement":[{"@type":"ListItem","position":1,"name":"Accueil","item":"https:\/\/repliquemangacine.fr\/"},{"@type":"ListItem","position":2,"name":"Produits","item":"https:\/\/repliquemangacine.fr\/boutique\/"},{"@type":"ListItem","position":3,"name":"Katana Kakashi Anbu &#8211; Naruto"}]},{"@type":"WebSite","@id":"https:\/\/repliquemangacine.fr\/#website","url":"https:\/\/repliquemangacine.fr\/","name":"R\u00e9plique Manga Cin\u00e9","description":"","publisher":{"@id":"https:\/\/repliquemangacine.fr\/#organization"},"potentialAction":[{"@type":"SearchAction","target":{"@type":"EntryPoint","urlTemplate":"https:\/\/repliquemangacine.fr\/?s={search_term_string}"},"query-input":{"@type":"PropertyValueSpecification","valueRequired":true,"valueName":"search_term_string"}}],"inLanguage":"de"},{"@type":"Organization","@id":"https:\/\/repliquemangacine.fr\/#organization","name":"R\u00e9plique Manga Cin\u00e9","url":"https:\/\/repliquemangacine.fr\/","logo":{"@type":"ImageObject","inLanguage":"de","@id":"https:\/\/repliquemangacine.fr\/#\/schema\/logo\/image\/","url":"https:\/\/repliquemangacine.fr\/wp-content\/uploads\/2023\/10\/RMC-500250.png","contentUrl":"https:\/\/repliquemangacine.fr\/wp-content\/uploads\/2023\/10\/RMC-500250.png","width":500,"height":250,"caption":"R\u00e9plique Manga Cin\u00e9"},"image":{"@id":"https:\/\/repliquemangacine.fr\/#\/schema\/logo\/image\/"},"sameAs":["https:\/\/www.facebook.com\/RepliqueMangaCine","https:\/\/www.instagram.com\/repliquemangacine.fr\/"]}]}},"_links":{"self":[{"href":"https:\/\/repliquemangacine.fr\/de\/wp-json\/wp\/v2\/product\/48828","targetHints":{"allow":["GET"]}}],"collection":[{"href":"https:\/\/repliquemangacine.fr\/de\/wp-json\/wp\/v2\/product"}],"about":[{"href":"https:\/\/repliquemangacine.fr\/de\/wp-json\/wp\/v2\/types\/product"}],"wp:featuredmedia":[{"embeddable":true,"href":"https:\/\/repliquemangacine.fr\/de\/wp-json\/wp\/v2\/media\/48829"}],"wp:attachment":[{"href":"https:\/\/repliquemangacine.fr\/de\/wp-json\/wp\/v2\/media?parent=48828"}],"wp:term":[{"taxonomy":"product_brand","embeddable":true,"href":"https:\/\/repliquemangacine.fr\/de\/wp-json\/wp\/v2\/product_brand?post=48828"},{"taxonomy":"product_cat","embeddable":true,"href":"https:\/\/repliquemangacine.fr\/de\/wp-json\/wp\/v2\/product_cat?post=48828"},{"taxonomy":"product_tag","embeddable":true,"href":"https:\/\/repliquemangacine.fr\/de\/wp-json\/wp\/v2\/product_tag?post=48828"}],"curies":[{"name":"wp","href":"https:\/\/api.w.org\/{rel}","templated":true}]}}