





{"id":48742,"date":"2022-03-07T14:48:07","date_gmt":"2022-03-07T13:48:07","guid":{"rendered":"https:\/\/repliquemangacine.fr\/?post_type=product&#038;p=48742"},"modified":"2026-02-06T15:26:55","modified_gmt":"2026-02-06T14:26:55","slug":"pistole-desert-eagle-black-1982-denix","status":"publish","type":"product","link":"https:\/\/repliquemangacine.fr\/de\/pistolet-moderne\/pistolet-desert-eagle-black-1982-denix\/","title":{"rendered":"Desert Eagle Black 1982 - Denix"},"content":{"rendered":"<h2>Desert Eagle Black 1982 Denix-Pistole<\/h2>\n<p>Zu Beginn wird der <strong>Desert Eagle Black Pistol,<\/strong> m\u00e4chtige, halbautomatische Waffe mit den Kalibern .357,.44 und.50. Wurde Anfang der 80er Jahre in Israel und sp\u00e4ter in den USA entwickelt.<\/p>\n<p>Das Gewicht und die L\u00e4nge sind fast doppelt so hoch wie bei milit\u00e4rischen Handfeuerwaffen. Wird eher als Handkanone denn als Pistole beschrieben. Sie verwendet ein Gasbetriebsystem, das demjenigen \u00e4hnelt, das in vielen Gewehren und Maschinengewehren zu finden ist.<\/p>\n<p>Die Videospielindustrie sowie die Filmindustrie haben ihn sich sehr schnell zu eigen gemacht. Man kann ihn in Nikita, Matrix und insbesondere in Agent Smith sehen.<\/p>\n<p>Er taucht auch in mehreren Videospielen auf, darunter Resident Evil, Tom Raider3 und Counter-Strike. Meryls Lieblingswaffe in Metal Gear Solid.<\/p>\n<h2>Ihre Desert Eagle Black Pistol zum besten Preis.<\/h2>\n<p>Wir bieten Ihnen eine gro\u00dfe Auswahl an Denix-Waffenreproduktionen.<\/p>\n<p>Zun\u00e4chst einmal,<\/p>\n<ul>\n<li>Die Replik des <a href=\"https:\/\/repliquemangacine.fr\/de\/the-walking-dead\/replique-revolver-python-6-usa-1955\/\">Pythonrevolver<\/a> die Rick Grimes' Hauptwaffe in der Fernsehserie \"The Walking Dead\" ist.<\/li>\n<li>Es gibt auch eine Reproduktion des Revolvers<a href=\"https:\/\/repliquemangacine.fr\/de\/moderne-pistole\/revolver-colt-python-357-magnum-2\/\"> Colt Python 357 Magnum 2<\/a>\"barrel, USA 1955.<\/li>\n<li>Sowie das <a href=\"https:\/\/repliquemangacine.fr\/de\/moderne-pistole\/desert-eagle-pistole-nickele-1982-denix\/\">vernickelte Desert Eagle-Pistole<\/a> halbautomatisch, Kaliber 357. 44 und 50.<\/li>\n<\/ul>\n<p>Deshalb ist dies eine tolle Geschenkidee f\u00fcr Sammler und Liebhaber von Videospielen.<\/p>\n<p>Abschlie\u00dfend k\u00f6nnen Sie den <strong>Pistole Desert Eagle Black<\/strong> f\u00fcr Ihre Cosplay-Parade oder Ihre Themenabende. Vor allem aber ist es ein Sammler- und Dekorationsobjekt.<\/p>\n<p>R\u00e9plique Manga Cin\u00e9 ist ein franz\u00f6sisches Familienunternehmen und offizieller Vertriebspartner der Marke <a href=\"https:\/\/www.denix.fr\/fr\/catalogue\/armes-modernes-1945-1982\/\" target=\"_blank\" rel=\"noopener noreferrer\">Denix<\/a>.<\/p>\n<h2>Wie werden Denix-Waffenrepliken hergestellt?<\/h2>\n<p>Werden in historischen Rekonstruktionen, Filmen und Serien sowie von Sammlern verwendet. Denix-Waffenreproduktionen, die aus hochwertigen Materialien hergestellt werden. Sorgf\u00e4ltig bearbeitet und zusammengesetzt, um realistische Sammlerwaffen zu schaffen.<\/p>\n<ul>\n<li>Die Metalle sind in einer Metalllegierung, die als Zamac bekannt ist und deren Grundzusammensetzung Zink in 95% ist.<\/li>\n<li>Die Kunststoffteile der Repliken aus geformtem ABS, das eine hohe Widerstandsf\u00e4higkeit bietet.<\/li>\n<li>Holz, das aufgrund seiner Sch\u00f6nheit und Haltbarkeit ausgew\u00e4hlt wird, wie z. B. Mahagoni, Olivenholz oder Walnuss, verleiht Ihren Sch\u00e4ften und F\u00e4ssern ein elegantes und authentisches Aussehen.<\/li>\n<\/ul>\n<p>Es ist zu betonen, dass alle Nachbildungen von Denix-Waffen mit den Originalen identisch sind, wie Ihr <strong>Pistole Desert Eagle Black<\/strong>.<\/p>","protected":false},"excerpt":{"rendered":"<p>Nachbildung der halbautomatischen Desert-Eagle-Pistole in Originalgr\u00f6\u00dfe.<\/p>\n<ul>\n<li>Geh\u00e4use aus Zamak.<\/li>\n<li>ABS-Schaftpl\u00e4ttchen mit DE-Initiale.<\/li>\n<li>Beweglicher Zylinderkopf.<\/li>\n<li>Abnehmbares Ladeger\u00e4t.<\/li>\n<li>Bewaffnet sich und rammt.<\/li>\n<li>Ungeeignet zum Schie\u00dfen.<\/li>\n<li><strong>Unterliegt keiner Genehmigungspflicht. Verkauf und Besitz frei<\/strong><\/li>\n<li>Ma\u00dfe: 27 cm - Gewicht: 1530 Gramm<\/li>\n<\/ul>\n<p><iframe title=\"YouTube-Videoplayer\" src=\"https:\/\/www.youtube.com\/embed\/ZDIP6aQcs60\" width=\"560\" height=\"315\" frameborder=\"0\" allowfullscreen=\"allowfullscreen\"><\/iframe><\/p>","protected":false},"featured_media":48743,"template":"","meta":[],"product_brand":[896],"product_cat":[102,40,28],"product_tag":[],"class_list":{"0":"post-48742","1":"product","2":"type-product","3":"status-publish","4":"has-post-thumbnail","6":"product_brand-replique-manga-cine","7":"product_cat-denix","8":"product_cat-pistolet-moderne","9":"product_cat-repliques-darmes","11":"first","12":"instock","13":"sale","14":"taxable","15":"shipping-taxable","16":"purchasable","17":"product-type-simple"},"yoast_head":"<!-- This site is optimized with the Yoast SEO plugin v27.5 - https:\/\/yoast.com\/product\/yoast-seo-wordpress\/ -->\n<title>Pistolet Desert Eagle Black - Armes Denix - R\u00e9plique Manga Cin\u00e9<\/title>\n<meta name=\"description\" content=\"Offrez-vous ! Ce superbe Pistolet Desert Eagle Black au meilleur prix - En m\u00e9tal - M\u00e9canisme fonctionnel - Simulation de tir - Crosse ABS - Longueur : 27 cm\" \/>\n<meta name=\"robots\" content=\"index, follow, max-snippet:-1, max-image-preview:large, max-video-preview:-1\" \/>\n<link rel=\"canonical\" href=\"https:\/\/repliquemangacine.fr\/de\/denix\/pistole-desert-eagle-black-1982-denix\/\" \/>\n<meta property=\"og:locale\" content=\"de_DE\" \/>\n<meta property=\"og:type\" content=\"article\" \/>\n<meta property=\"og:title\" content=\"Pistolet Desert Eagle Black - Armes Denix - R\u00e9plique Manga Cin\u00e9\" \/>\n<meta property=\"og:description\" content=\"Offrez-vous ! Ce superbe Pistolet Desert Eagle Black au meilleur prix - En m\u00e9tal - M\u00e9canisme fonctionnel - Simulation de tir - Crosse ABS - Longueur : 27 cm\" \/>\n<meta property=\"og:url\" content=\"https:\/\/repliquemangacine.fr\/de\/denix\/pistole-desert-eagle-black-1982-denix\/\" \/>\n<meta property=\"og:site_name\" content=\"R\u00e9plique Manga Cin\u00e9\" \/>\n<meta property=\"article:publisher\" content=\"https:\/\/www.facebook.com\/RepliqueMangaCine\" \/>\n<meta property=\"article:modified_time\" content=\"2026-02-06T14:26:55+00:00\" \/>\n<meta property=\"og:image\" content=\"https:\/\/repliquemangacine.fr\/wp-content\/uploads\/2023\/10\/desert-eagle-black.jpg.jpg\" \/>\n\t<meta property=\"og:image:width\" content=\"800\" \/>\n\t<meta property=\"og:image:height\" content=\"800\" \/>\n\t<meta property=\"og:image:type\" content=\"image\/jpeg\" \/>\n<meta name=\"twitter:card\" content=\"summary_large_image\" \/>\n<meta name=\"twitter:label1\" content=\"Gesch\u00e4tzte Lesezeit\" \/>\n\t<meta name=\"twitter:data1\" content=\"2\u00a0Minuten\" \/>\n<script type=\"application\/ld+json\" class=\"yoast-schema-graph\">{\"@context\":\"https:\\\/\\\/schema.org\",\"@graph\":[{\"@type\":\"WebPage\",\"@id\":\"https:\\\/\\\/repliquemangacine.fr\\\/denix\\\/pistolet-desert-eagle-black-1982-denix\\\/\",\"url\":\"https:\\\/\\\/repliquemangacine.fr\\\/denix\\\/pistolet-desert-eagle-black-1982-denix\\\/\",\"name\":\"Pistolet Desert Eagle Black - Armes Denix - R\u00e9plique Manga Cin\u00e9\",\"isPartOf\":{\"@id\":\"https:\\\/\\\/repliquemangacine.fr\\\/#website\"},\"primaryImageOfPage\":{\"@id\":\"https:\\\/\\\/repliquemangacine.fr\\\/denix\\\/pistolet-desert-eagle-black-1982-denix\\\/#primaryimage\"},\"image\":{\"@id\":\"https:\\\/\\\/repliquemangacine.fr\\\/denix\\\/pistolet-desert-eagle-black-1982-denix\\\/#primaryimage\"},\"thumbnailUrl\":\"https:\\\/\\\/repliquemangacine.fr\\\/wp-content\\\/uploads\\\/2023\\\/10\\\/desert-eagle-black.jpg.jpg\",\"datePublished\":\"2022-03-07T13:48:07+00:00\",\"dateModified\":\"2026-02-06T14:26:55+00:00\",\"description\":\"Offrez-vous ! Ce superbe Pistolet Desert Eagle Black au meilleur prix - En m\u00e9tal - M\u00e9canisme fonctionnel - Simulation de tir - Crosse ABS - Longueur : 27 cm\",\"breadcrumb\":{\"@id\":\"https:\\\/\\\/repliquemangacine.fr\\\/denix\\\/pistolet-desert-eagle-black-1982-denix\\\/#breadcrumb\"},\"inLanguage\":\"de\",\"potentialAction\":[{\"@type\":\"ReadAction\",\"target\":[\"https:\\\/\\\/repliquemangacine.fr\\\/denix\\\/pistolet-desert-eagle-black-1982-denix\\\/\"]}]},{\"@type\":\"ImageObject\",\"inLanguage\":\"de\",\"@id\":\"https:\\\/\\\/repliquemangacine.fr\\\/denix\\\/pistolet-desert-eagle-black-1982-denix\\\/#primaryimage\",\"url\":\"https:\\\/\\\/repliquemangacine.fr\\\/wp-content\\\/uploads\\\/2023\\\/10\\\/desert-eagle-black.jpg.jpg\",\"contentUrl\":\"https:\\\/\\\/repliquemangacine.fr\\\/wp-content\\\/uploads\\\/2023\\\/10\\\/desert-eagle-black.jpg.jpg\",\"width\":800,\"height\":800,\"caption\":\"Replique desert-eagle-black\"},{\"@type\":\"BreadcrumbList\",\"@id\":\"https:\\\/\\\/repliquemangacine.fr\\\/denix\\\/pistolet-desert-eagle-black-1982-denix\\\/#breadcrumb\",\"itemListElement\":[{\"@type\":\"ListItem\",\"position\":1,\"name\":\"Accueil\",\"item\":\"https:\\\/\\\/repliquemangacine.fr\\\/\"},{\"@type\":\"ListItem\",\"position\":2,\"name\":\"Produits\",\"item\":\"https:\\\/\\\/repliquemangacine.fr\\\/boutique\\\/\"},{\"@type\":\"ListItem\",\"position\":3,\"name\":\"Desert Eagle Black 1982 &#8211; Denix\"}]},{\"@type\":\"WebSite\",\"@id\":\"https:\\\/\\\/repliquemangacine.fr\\\/#website\",\"url\":\"https:\\\/\\\/repliquemangacine.fr\\\/\",\"name\":\"R\u00e9plique Manga Cin\u00e9\",\"description\":\"\",\"publisher\":{\"@id\":\"https:\\\/\\\/repliquemangacine.fr\\\/#organization\"},\"potentialAction\":[{\"@type\":\"SearchAction\",\"target\":{\"@type\":\"EntryPoint\",\"urlTemplate\":\"https:\\\/\\\/repliquemangacine.fr\\\/?s={search_term_string}\"},\"query-input\":{\"@type\":\"PropertyValueSpecification\",\"valueRequired\":true,\"valueName\":\"search_term_string\"}}],\"inLanguage\":\"de\"},{\"@type\":\"Organization\",\"@id\":\"https:\\\/\\\/repliquemangacine.fr\\\/#organization\",\"name\":\"R\u00e9plique Manga Cin\u00e9\",\"url\":\"https:\\\/\\\/repliquemangacine.fr\\\/\",\"logo\":{\"@type\":\"ImageObject\",\"inLanguage\":\"de\",\"@id\":\"https:\\\/\\\/repliquemangacine.fr\\\/#\\\/schema\\\/logo\\\/image\\\/\",\"url\":\"https:\\\/\\\/repliquemangacine.fr\\\/wp-content\\\/uploads\\\/2023\\\/10\\\/RMC-500250.png\",\"contentUrl\":\"https:\\\/\\\/repliquemangacine.fr\\\/wp-content\\\/uploads\\\/2023\\\/10\\\/RMC-500250.png\",\"width\":500,\"height\":250,\"caption\":\"R\u00e9plique Manga Cin\u00e9\"},\"image\":{\"@id\":\"https:\\\/\\\/repliquemangacine.fr\\\/#\\\/schema\\\/logo\\\/image\\\/\"},\"sameAs\":[\"https:\\\/\\\/www.facebook.com\\\/RepliqueMangaCine\",\"https:\\\/\\\/www.instagram.com\\\/repliquemangacine.fr\\\/\"]}]}<\/script>\n<!-- \/ Yoast SEO plugin. -->","yoast_head_json":{"title":"Desert Eagle Black Pistole - Denix Waffen - R\u00e9plique Manga Cin\u00e9","description":"Bieten Sie sich selbst an! Diese tolle Desert Eagle Black Pistole zum besten Preis - Aus Metall - Funktionaler Mechanismus - Schie\u00dfsimulation - ABS-Schaft - L\u00e4nge: 27 cm","robots":{"index":"index","follow":"follow","max-snippet":"max-snippet:-1","max-image-preview":"max-image-preview:large","max-video-preview":"max-video-preview:-1"},"canonical":"https:\/\/repliquemangacine.fr\/de\/denix\/pistole-desert-eagle-black-1982-denix\/","og_locale":"de_DE","og_type":"article","og_title":"Pistolet Desert Eagle Black - Armes Denix - R\u00e9plique Manga Cin\u00e9","og_description":"Offrez-vous ! Ce superbe Pistolet Desert Eagle Black au meilleur prix - En m\u00e9tal - M\u00e9canisme fonctionnel - Simulation de tir - Crosse ABS - Longueur : 27 cm","og_url":"https:\/\/repliquemangacine.fr\/de\/denix\/pistole-desert-eagle-black-1982-denix\/","og_site_name":"R\u00e9plique Manga Cin\u00e9","article_publisher":"https:\/\/www.facebook.com\/RepliqueMangaCine","article_modified_time":"2026-02-06T14:26:55+00:00","og_image":[{"width":800,"height":800,"url":"https:\/\/repliquemangacine.fr\/wp-content\/uploads\/2023\/10\/desert-eagle-black.jpg.jpg","type":"image\/jpeg"}],"twitter_card":"summary_large_image","twitter_misc":{"Gesch\u00e4tzte Lesezeit":"2\u00a0Minuten"},"schema":{"@context":"https:\/\/schema.org","@graph":[{"@type":"WebPage","@id":"https:\/\/repliquemangacine.fr\/denix\/pistolet-desert-eagle-black-1982-denix\/","url":"https:\/\/repliquemangacine.fr\/denix\/pistolet-desert-eagle-black-1982-denix\/","name":"Desert Eagle Black Pistole - Denix Waffen - R\u00e9plique Manga Cin\u00e9","isPartOf":{"@id":"https:\/\/repliquemangacine.fr\/#website"},"primaryImageOfPage":{"@id":"https:\/\/repliquemangacine.fr\/denix\/pistolet-desert-eagle-black-1982-denix\/#primaryimage"},"image":{"@id":"https:\/\/repliquemangacine.fr\/denix\/pistolet-desert-eagle-black-1982-denix\/#primaryimage"},"thumbnailUrl":"https:\/\/repliquemangacine.fr\/wp-content\/uploads\/2023\/10\/desert-eagle-black.jpg.jpg","datePublished":"2022-03-07T13:48:07+00:00","dateModified":"2026-02-06T14:26:55+00:00","description":"Bieten Sie sich selbst an! Diese tolle Desert Eagle Black Pistole zum besten Preis - Aus Metall - Funktionaler Mechanismus - Schie\u00dfsimulation - ABS-Schaft - L\u00e4nge: 27 cm","breadcrumb":{"@id":"https:\/\/repliquemangacine.fr\/denix\/pistolet-desert-eagle-black-1982-denix\/#breadcrumb"},"inLanguage":"de","potentialAction":[{"@type":"ReadAction","target":["https:\/\/repliquemangacine.fr\/denix\/pistolet-desert-eagle-black-1982-denix\/"]}]},{"@type":"ImageObject","inLanguage":"de","@id":"https:\/\/repliquemangacine.fr\/denix\/pistolet-desert-eagle-black-1982-denix\/#primaryimage","url":"https:\/\/repliquemangacine.fr\/wp-content\/uploads\/2023\/10\/desert-eagle-black.jpg.jpg","contentUrl":"https:\/\/repliquemangacine.fr\/wp-content\/uploads\/2023\/10\/desert-eagle-black.jpg.jpg","width":800,"height":800,"caption":"Replique desert-eagle-black"},{"@type":"BreadcrumbList","@id":"https:\/\/repliquemangacine.fr\/denix\/pistolet-desert-eagle-black-1982-denix\/#breadcrumb","itemListElement":[{"@type":"ListItem","position":1,"name":"Accueil","item":"https:\/\/repliquemangacine.fr\/"},{"@type":"ListItem","position":2,"name":"Produits","item":"https:\/\/repliquemangacine.fr\/boutique\/"},{"@type":"ListItem","position":3,"name":"Desert Eagle Black 1982 &#8211; Denix"}]},{"@type":"WebSite","@id":"https:\/\/repliquemangacine.fr\/#website","url":"https:\/\/repliquemangacine.fr\/","name":"R\u00e9plique Manga Cin\u00e9","description":"","publisher":{"@id":"https:\/\/repliquemangacine.fr\/#organization"},"potentialAction":[{"@type":"SearchAction","target":{"@type":"EntryPoint","urlTemplate":"https:\/\/repliquemangacine.fr\/?s={search_term_string}"},"query-input":{"@type":"PropertyValueSpecification","valueRequired":true,"valueName":"search_term_string"}}],"inLanguage":"de"},{"@type":"Organization","@id":"https:\/\/repliquemangacine.fr\/#organization","name":"R\u00e9plique Manga Cin\u00e9","url":"https:\/\/repliquemangacine.fr\/","logo":{"@type":"ImageObject","inLanguage":"de","@id":"https:\/\/repliquemangacine.fr\/#\/schema\/logo\/image\/","url":"https:\/\/repliquemangacine.fr\/wp-content\/uploads\/2023\/10\/RMC-500250.png","contentUrl":"https:\/\/repliquemangacine.fr\/wp-content\/uploads\/2023\/10\/RMC-500250.png","width":500,"height":250,"caption":"R\u00e9plique Manga Cin\u00e9"},"image":{"@id":"https:\/\/repliquemangacine.fr\/#\/schema\/logo\/image\/"},"sameAs":["https:\/\/www.facebook.com\/RepliqueMangaCine","https:\/\/www.instagram.com\/repliquemangacine.fr\/"]}]}},"_links":{"self":[{"href":"https:\/\/repliquemangacine.fr\/de\/wp-json\/wp\/v2\/product\/48742","targetHints":{"allow":["GET"]}}],"collection":[{"href":"https:\/\/repliquemangacine.fr\/de\/wp-json\/wp\/v2\/product"}],"about":[{"href":"https:\/\/repliquemangacine.fr\/de\/wp-json\/wp\/v2\/types\/product"}],"wp:featuredmedia":[{"embeddable":true,"href":"https:\/\/repliquemangacine.fr\/de\/wp-json\/wp\/v2\/media\/48743"}],"wp:attachment":[{"href":"https:\/\/repliquemangacine.fr\/de\/wp-json\/wp\/v2\/media?parent=48742"}],"wp:term":[{"taxonomy":"product_brand","embeddable":true,"href":"https:\/\/repliquemangacine.fr\/de\/wp-json\/wp\/v2\/product_brand?post=48742"},{"taxonomy":"product_cat","embeddable":true,"href":"https:\/\/repliquemangacine.fr\/de\/wp-json\/wp\/v2\/product_cat?post=48742"},{"taxonomy":"product_tag","embeddable":true,"href":"https:\/\/repliquemangacine.fr\/de\/wp-json\/wp\/v2\/product_tag?post=48742"}],"curies":[{"name":"wp","href":"https:\/\/api.w.org\/{rel}","templated":true}]}}