





{"id":48660,"date":"2022-03-03T15:17:12","date_gmt":"2022-03-03T14:17:12","guid":{"rendered":"https:\/\/repliquemangacine.fr\/?post_type=product&#038;p=48660"},"modified":"2026-04-27T15:42:59","modified_gmt":"2026-04-27T13:42:59","slug":"6-attrappenkugeln-fur-colt-45-kolser","status":"publish","type":"product","link":"https:\/\/repliquemangacine.fr\/de\/holster-accessoires-western\/6-balles-factices-pour-colt-45-kolser\/","title":{"rendered":"Faktische B\u00e4lle Colt Kolser"},"content":{"rendered":"<h2>Faktische B\u00e4lle Colt Kolser<\/h2>\n<p>Zu Beginn <strong>Faktische B\u00e4lle Colt Kolser<\/strong> oder Imitationskugel, ein Gegenstand, der manchmal sehr realistisch eine echte Munition nachahmt. Bei Imitationswaffen und -geschossen handelt es sich meist um Spielzeug oder Nachbildungen, die f\u00fcr Sammler bestimmt sind. Mit dieser neuen Pr\u00e4sentation in einer Schachtel mit 6 Kugeln bringt Kolser zus\u00e4tzlich noch Eleganz ins Spiel.<\/p>\n<p>Die handgefertigten, hochwertigen Kolser-Revolver werden in einer wundersch\u00f6nen Schatulle geliefert. Die Kugeln sind aus goldfarbenem Stahl gefertigt, haben eine leichte Vertiefung am Boden und eine kleine Spitze, die herausragt. Legen Sie das Z\u00fcndh\u00fctchen auf das Z\u00fcndh\u00fctchen, stecken Sie die Kugel in den Lauf und schie\u00dfen Sie. Sobald der Hund auf das Z\u00fcndh\u00fctchen trifft, knallt es laut! Jetzt sind Sie dran!<\/p>\n<p>Abschlie\u00dfend sei gesagt, dass die Kugelattrappen eine wichtige Erg\u00e4nzung sind, um Ihrem Colt 45 der Marke <a href=\"https:\/\/kolser.com\/\" target=\"_blank\" rel=\"noopener noreferrer\">Kolser<\/a>.<\/p>\n<h2>Ihr Westernzubeh\u00f6r zu den besten Preisen<\/h2>\n<p>Wir bieten Ihnen eine gro\u00dfe Auswahl an Reproduktionen von Kolser-Waffenattrappen.<\/p>\n<p>Zun\u00e4chst einmal,<\/p>\n<ul>\n<li>Die Reproduktion des <a href=\"https:\/\/repliquemangacine.fr\/de\/kolser-waffe\/colt-peacemaker-kolser-5-5-snake\/\">Revolver Pacemaker 5.5<\/a> aus Messing mit seinem mit einer Schlange gravierten Schaft.<\/li>\n<li>Sowie der Colt 45, genannt der <a href=\"https:\/\/repliquemangacine.fr\/de\/kolser-waffe\/koffer-colt-peacemaker-31cm-poliert-1873-kolser\/\">30cm polierter Peacekeeper<\/a> von Hand und in seiner Schatulle.<\/li>\n<li>Es gibt auch den <a href=\"https:\/\/repliquemangacine.fr\/de\/kolser-waffe\/blister-208-kolser-zundhutchen\/\">Blister mit Knallk\u00f6rpern<\/a> damit Sie sich sicher am\u00fcsieren k\u00f6nnen.<\/li>\n<li>Wenn Sie Ihr Replikat pflegen m\u00fcssen, bieten wir Ihnen das Ballistol Universal\u00f6l in drei verschiedenen Gr\u00f6\u00dfen an. Sie brauchen nur etwas \u00d6l auf ein Tuch zu geben und alle Teile des Replikas abzuwischen.<\/li>\n<li>Und noch viele weitere Modelle, die Sie in unserem Online-Shop entdecken k\u00f6nnen!<\/li>\n<\/ul>\n<p>Deshalb ist dies eine gro\u00dfartige Geschenkidee f\u00fcr alle Liebhaber historischer Waffen.<\/p>\n<p>Abschlie\u00dfend k\u00f6nnen Sie diese <strong>Faktische B\u00e4lle Kaliber 45<\/strong> f\u00fcr Ihre historischen Rekonstruktionen und Kulissen.<\/p>\n<p>Es ist zu betonen, dass alle seine Repliken Sammlerst\u00fccke und Dekorationen sind.<\/p>\n<p>R\u00e9plique Manga Cin\u00e9 ist ein franz\u00f6sisches Unternehmen und offizieller Vertriebspartner der Marken Denix und Kolser.<\/p>","protected":false},"excerpt":{"rendered":"<p>6 Attrappenb\u00e4lle als wichtige Erg\u00e4nzung f\u00fcr mehr Realismus.<\/p>\n<ul>\n<li>Aus goldfarbenem Metall.<\/li>\n<li>Keine explosive Ladung.<\/li>\n<li>Empf\u00e4ngt Knallk\u00f6rper mit Z\u00fcndh\u00fctchen.<\/li>\n<li>Sie passen zu allen Kolser-Colt-Modellen.<\/li>\n<li>Schachtel mit 6 B\u00e4llen.<\/li>\n<li>L\u00e4nge der Kugel: 3 cm - Durchmesser: 10 mm - Gewicht: 13 g<\/li>\n<\/ul>","protected":false},"featured_media":81706,"template":"","meta":[],"product_brand":[896],"product_cat":[51,100,34,90,28,27],"product_tag":[],"class_list":{"0":"post-48660","1":"product","2":"type-product","3":"status-publish","4":"has-post-thumbnail","6":"product_brand-replique-manga-cine","7":"product_cat-accessoires-western","8":"product_cat-arme-kolser","9":"product_cat-armes-westerns","10":"product_cat-holster-accessoires-western","11":"product_cat-repliques-darmes","12":"product_cat-armes-et-accessoires-western","14":"first","15":"instock","16":"taxable","17":"shipping-taxable","18":"purchasable","19":"product-type-simple"},"yoast_head":"<!-- This site is optimized with the Yoast SEO plugin v27.5 - https:\/\/yoast.com\/product\/yoast-seo-wordpress\/ -->\n<title>Balles Factices Colt Kolser - R\u00e9plique Manga Cin\u00e9<\/title>\n<meta name=\"description\" content=\"Vos Balles Factices Colt Kolser au meilleur prix - Tout en m\u00e9tal - Ne contiennent pas de charge explosive - Pr\u00e9vue pour recevoir des p\u00e9tards \u00e0 amorce.\" \/>\n<meta name=\"robots\" content=\"index, follow, max-snippet:-1, max-image-preview:large, max-video-preview:-1\" \/>\n<link rel=\"canonical\" href=\"https:\/\/repliquemangacine.fr\/de\/holster-westernzubehor\/6-attrappenkugeln-fur-colt-45-kolser\/\" \/>\n<meta property=\"og:locale\" content=\"de_DE\" \/>\n<meta property=\"og:type\" content=\"article\" \/>\n<meta property=\"og:title\" content=\"Balles Factices Colt Kolser - R\u00e9plique Manga Cin\u00e9\" \/>\n<meta property=\"og:description\" content=\"Vos Balles Factices Colt Kolser au meilleur prix - Tout en m\u00e9tal - Ne contiennent pas de charge explosive - Pr\u00e9vue pour recevoir des p\u00e9tards \u00e0 amorce.\" \/>\n<meta property=\"og:url\" content=\"https:\/\/repliquemangacine.fr\/de\/holster-westernzubehor\/6-attrappenkugeln-fur-colt-45-kolser\/\" \/>\n<meta property=\"og:site_name\" content=\"R\u00e9plique Manga Cin\u00e9\" \/>\n<meta property=\"article:publisher\" content=\"https:\/\/www.facebook.com\/RepliqueMangaCine\" \/>\n<meta property=\"article:modified_time\" content=\"2026-04-27T13:42:59+00:00\" \/>\n<meta property=\"og:image\" content=\"https:\/\/repliquemangacine.fr\/wp-content\/uploads\/2022\/03\/Balles-Factices-Colt-Kolser.jpg\" \/>\n\t<meta property=\"og:image:width\" content=\"500\" \/>\n\t<meta property=\"og:image:height\" content=\"500\" \/>\n\t<meta property=\"og:image:type\" content=\"image\/jpeg\" \/>\n<meta name=\"twitter:card\" content=\"summary_large_image\" \/>\n<meta name=\"twitter:label1\" content=\"Gesch\u00e4tzte Lesezeit\" \/>\n\t<meta name=\"twitter:data1\" content=\"2\u00a0Minuten\" \/>\n<script type=\"application\/ld+json\" class=\"yoast-schema-graph\">{\"@context\":\"https:\\\/\\\/schema.org\",\"@graph\":[{\"@type\":\"WebPage\",\"@id\":\"https:\\\/\\\/repliquemangacine.fr\\\/holster-accessoires-western\\\/6-balles-factices-pour-colt-45-kolser\\\/\",\"url\":\"https:\\\/\\\/repliquemangacine.fr\\\/holster-accessoires-western\\\/6-balles-factices-pour-colt-45-kolser\\\/\",\"name\":\"Balles Factices Colt Kolser - R\u00e9plique Manga Cin\u00e9\",\"isPartOf\":{\"@id\":\"https:\\\/\\\/repliquemangacine.fr\\\/#website\"},\"primaryImageOfPage\":{\"@id\":\"https:\\\/\\\/repliquemangacine.fr\\\/holster-accessoires-western\\\/6-balles-factices-pour-colt-45-kolser\\\/#primaryimage\"},\"image\":{\"@id\":\"https:\\\/\\\/repliquemangacine.fr\\\/holster-accessoires-western\\\/6-balles-factices-pour-colt-45-kolser\\\/#primaryimage\"},\"thumbnailUrl\":\"https:\\\/\\\/repliquemangacine.fr\\\/wp-content\\\/uploads\\\/2022\\\/03\\\/Balles-Factices-Colt-Kolser.jpg\",\"datePublished\":\"2022-03-03T14:17:12+00:00\",\"dateModified\":\"2026-04-27T13:42:59+00:00\",\"description\":\"Vos Balles Factices Colt Kolser au meilleur prix - Tout en m\u00e9tal - Ne contiennent pas de charge explosive - Pr\u00e9vue pour recevoir des p\u00e9tards \u00e0 amorce.\",\"breadcrumb\":{\"@id\":\"https:\\\/\\\/repliquemangacine.fr\\\/holster-accessoires-western\\\/6-balles-factices-pour-colt-45-kolser\\\/#breadcrumb\"},\"inLanguage\":\"de\",\"potentialAction\":[{\"@type\":\"ReadAction\",\"target\":[\"https:\\\/\\\/repliquemangacine.fr\\\/holster-accessoires-western\\\/6-balles-factices-pour-colt-45-kolser\\\/\"]}]},{\"@type\":\"ImageObject\",\"inLanguage\":\"de\",\"@id\":\"https:\\\/\\\/repliquemangacine.fr\\\/holster-accessoires-western\\\/6-balles-factices-pour-colt-45-kolser\\\/#primaryimage\",\"url\":\"https:\\\/\\\/repliquemangacine.fr\\\/wp-content\\\/uploads\\\/2022\\\/03\\\/Balles-Factices-Colt-Kolser.jpg\",\"contentUrl\":\"https:\\\/\\\/repliquemangacine.fr\\\/wp-content\\\/uploads\\\/2022\\\/03\\\/Balles-Factices-Colt-Kolser.jpg\",\"width\":500,\"height\":500,\"caption\":\"Balles Factices Colt Kolser\"},{\"@type\":\"BreadcrumbList\",\"@id\":\"https:\\\/\\\/repliquemangacine.fr\\\/holster-accessoires-western\\\/6-balles-factices-pour-colt-45-kolser\\\/#breadcrumb\",\"itemListElement\":[{\"@type\":\"ListItem\",\"position\":1,\"name\":\"Accueil\",\"item\":\"https:\\\/\\\/repliquemangacine.fr\\\/\"},{\"@type\":\"ListItem\",\"position\":2,\"name\":\"Produits\",\"item\":\"https:\\\/\\\/repliquemangacine.fr\\\/boutique\\\/\"},{\"@type\":\"ListItem\",\"position\":3,\"name\":\"Balles Factices Colt Kolser\"}]},{\"@type\":\"WebSite\",\"@id\":\"https:\\\/\\\/repliquemangacine.fr\\\/#website\",\"url\":\"https:\\\/\\\/repliquemangacine.fr\\\/\",\"name\":\"R\u00e9plique Manga Cin\u00e9\",\"description\":\"\",\"publisher\":{\"@id\":\"https:\\\/\\\/repliquemangacine.fr\\\/#organization\"},\"potentialAction\":[{\"@type\":\"SearchAction\",\"target\":{\"@type\":\"EntryPoint\",\"urlTemplate\":\"https:\\\/\\\/repliquemangacine.fr\\\/?s={search_term_string}\"},\"query-input\":{\"@type\":\"PropertyValueSpecification\",\"valueRequired\":true,\"valueName\":\"search_term_string\"}}],\"inLanguage\":\"de\"},{\"@type\":\"Organization\",\"@id\":\"https:\\\/\\\/repliquemangacine.fr\\\/#organization\",\"name\":\"R\u00e9plique Manga Cin\u00e9\",\"url\":\"https:\\\/\\\/repliquemangacine.fr\\\/\",\"logo\":{\"@type\":\"ImageObject\",\"inLanguage\":\"de\",\"@id\":\"https:\\\/\\\/repliquemangacine.fr\\\/#\\\/schema\\\/logo\\\/image\\\/\",\"url\":\"https:\\\/\\\/repliquemangacine.fr\\\/wp-content\\\/uploads\\\/2023\\\/10\\\/RMC-500250.png\",\"contentUrl\":\"https:\\\/\\\/repliquemangacine.fr\\\/wp-content\\\/uploads\\\/2023\\\/10\\\/RMC-500250.png\",\"width\":500,\"height\":250,\"caption\":\"R\u00e9plique Manga Cin\u00e9\"},\"image\":{\"@id\":\"https:\\\/\\\/repliquemangacine.fr\\\/#\\\/schema\\\/logo\\\/image\\\/\"},\"sameAs\":[\"https:\\\/\\\/www.facebook.com\\\/RepliqueMangaCine\",\"https:\\\/\\\/www.instagram.com\\\/repliquemangacine.fr\\\/\"]}]}<\/script>\n<!-- \/ Yoast SEO plugin. -->","yoast_head_json":{"title":"Colt Kolser Faktische Kugeln - R\u00e9plique Manga Cin\u00e9","description":"Ihre Colt Kolser Factitiy Balls zum besten Preis - Ganz aus Metall - Enthalten keine Sprengladung - Vorgesehen f\u00fcr die Aufnahme von Knallk\u00f6rpern mit Z\u00fcndh\u00fctchen.","robots":{"index":"index","follow":"follow","max-snippet":"max-snippet:-1","max-image-preview":"max-image-preview:large","max-video-preview":"max-video-preview:-1"},"canonical":"https:\/\/repliquemangacine.fr\/de\/holster-westernzubehor\/6-attrappenkugeln-fur-colt-45-kolser\/","og_locale":"de_DE","og_type":"article","og_title":"Balles Factices Colt Kolser - R\u00e9plique Manga Cin\u00e9","og_description":"Vos Balles Factices Colt Kolser au meilleur prix - Tout en m\u00e9tal - Ne contiennent pas de charge explosive - Pr\u00e9vue pour recevoir des p\u00e9tards \u00e0 amorce.","og_url":"https:\/\/repliquemangacine.fr\/de\/holster-westernzubehor\/6-attrappenkugeln-fur-colt-45-kolser\/","og_site_name":"R\u00e9plique Manga Cin\u00e9","article_publisher":"https:\/\/www.facebook.com\/RepliqueMangaCine","article_modified_time":"2026-04-27T13:42:59+00:00","og_image":[{"width":500,"height":500,"url":"https:\/\/repliquemangacine.fr\/wp-content\/uploads\/2022\/03\/Balles-Factices-Colt-Kolser.jpg","type":"image\/jpeg"}],"twitter_card":"summary_large_image","twitter_misc":{"Gesch\u00e4tzte Lesezeit":"2\u00a0Minuten"},"schema":{"@context":"https:\/\/schema.org","@graph":[{"@type":"WebPage","@id":"https:\/\/repliquemangacine.fr\/holster-accessoires-western\/6-balles-factices-pour-colt-45-kolser\/","url":"https:\/\/repliquemangacine.fr\/holster-accessoires-western\/6-balles-factices-pour-colt-45-kolser\/","name":"Colt Kolser Faktische Kugeln - R\u00e9plique Manga Cin\u00e9","isPartOf":{"@id":"https:\/\/repliquemangacine.fr\/#website"},"primaryImageOfPage":{"@id":"https:\/\/repliquemangacine.fr\/holster-accessoires-western\/6-balles-factices-pour-colt-45-kolser\/#primaryimage"},"image":{"@id":"https:\/\/repliquemangacine.fr\/holster-accessoires-western\/6-balles-factices-pour-colt-45-kolser\/#primaryimage"},"thumbnailUrl":"https:\/\/repliquemangacine.fr\/wp-content\/uploads\/2022\/03\/Balles-Factices-Colt-Kolser.jpg","datePublished":"2022-03-03T14:17:12+00:00","dateModified":"2026-04-27T13:42:59+00:00","description":"Ihre Colt Kolser Factitiy Balls zum besten Preis - Ganz aus Metall - Enthalten keine Sprengladung - Vorgesehen f\u00fcr die Aufnahme von Knallk\u00f6rpern mit Z\u00fcndh\u00fctchen.","breadcrumb":{"@id":"https:\/\/repliquemangacine.fr\/holster-accessoires-western\/6-balles-factices-pour-colt-45-kolser\/#breadcrumb"},"inLanguage":"de","potentialAction":[{"@type":"ReadAction","target":["https:\/\/repliquemangacine.fr\/holster-accessoires-western\/6-balles-factices-pour-colt-45-kolser\/"]}]},{"@type":"ImageObject","inLanguage":"de","@id":"https:\/\/repliquemangacine.fr\/holster-accessoires-western\/6-balles-factices-pour-colt-45-kolser\/#primaryimage","url":"https:\/\/repliquemangacine.fr\/wp-content\/uploads\/2022\/03\/Balles-Factices-Colt-Kolser.jpg","contentUrl":"https:\/\/repliquemangacine.fr\/wp-content\/uploads\/2022\/03\/Balles-Factices-Colt-Kolser.jpg","width":500,"height":500,"caption":"Balles Factices Colt Kolser"},{"@type":"BreadcrumbList","@id":"https:\/\/repliquemangacine.fr\/holster-accessoires-western\/6-balles-factices-pour-colt-45-kolser\/#breadcrumb","itemListElement":[{"@type":"ListItem","position":1,"name":"Accueil","item":"https:\/\/repliquemangacine.fr\/"},{"@type":"ListItem","position":2,"name":"Produits","item":"https:\/\/repliquemangacine.fr\/boutique\/"},{"@type":"ListItem","position":3,"name":"Balles Factices Colt Kolser"}]},{"@type":"WebSite","@id":"https:\/\/repliquemangacine.fr\/#website","url":"https:\/\/repliquemangacine.fr\/","name":"R\u00e9plique Manga Cin\u00e9","description":"","publisher":{"@id":"https:\/\/repliquemangacine.fr\/#organization"},"potentialAction":[{"@type":"SearchAction","target":{"@type":"EntryPoint","urlTemplate":"https:\/\/repliquemangacine.fr\/?s={search_term_string}"},"query-input":{"@type":"PropertyValueSpecification","valueRequired":true,"valueName":"search_term_string"}}],"inLanguage":"de"},{"@type":"Organization","@id":"https:\/\/repliquemangacine.fr\/#organization","name":"R\u00e9plique Manga Cin\u00e9","url":"https:\/\/repliquemangacine.fr\/","logo":{"@type":"ImageObject","inLanguage":"de","@id":"https:\/\/repliquemangacine.fr\/#\/schema\/logo\/image\/","url":"https:\/\/repliquemangacine.fr\/wp-content\/uploads\/2023\/10\/RMC-500250.png","contentUrl":"https:\/\/repliquemangacine.fr\/wp-content\/uploads\/2023\/10\/RMC-500250.png","width":500,"height":250,"caption":"R\u00e9plique Manga Cin\u00e9"},"image":{"@id":"https:\/\/repliquemangacine.fr\/#\/schema\/logo\/image\/"},"sameAs":["https:\/\/www.facebook.com\/RepliqueMangaCine","https:\/\/www.instagram.com\/repliquemangacine.fr\/"]}]}},"_links":{"self":[{"href":"https:\/\/repliquemangacine.fr\/de\/wp-json\/wp\/v2\/product\/48660","targetHints":{"allow":["GET"]}}],"collection":[{"href":"https:\/\/repliquemangacine.fr\/de\/wp-json\/wp\/v2\/product"}],"about":[{"href":"https:\/\/repliquemangacine.fr\/de\/wp-json\/wp\/v2\/types\/product"}],"wp:featuredmedia":[{"embeddable":true,"href":"https:\/\/repliquemangacine.fr\/de\/wp-json\/wp\/v2\/media\/81706"}],"wp:attachment":[{"href":"https:\/\/repliquemangacine.fr\/de\/wp-json\/wp\/v2\/media?parent=48660"}],"wp:term":[{"taxonomy":"product_brand","embeddable":true,"href":"https:\/\/repliquemangacine.fr\/de\/wp-json\/wp\/v2\/product_brand?post=48660"},{"taxonomy":"product_cat","embeddable":true,"href":"https:\/\/repliquemangacine.fr\/de\/wp-json\/wp\/v2\/product_cat?post=48660"},{"taxonomy":"product_tag","embeddable":true,"href":"https:\/\/repliquemangacine.fr\/de\/wp-json\/wp\/v2\/product_tag?post=48660"}],"curies":[{"name":"wp","href":"https:\/\/api.w.org\/{rel}","templated":true}]}}