





{"id":48655,"date":"2022-03-03T14:45:55","date_gmt":"2022-03-03T13:45:55","guid":{"rendered":"https:\/\/repliquemangacine.fr\/?post_type=product&#038;p=48655"},"modified":"2026-01-16T21:39:58","modified_gmt":"2026-01-16T20:39:58","slug":"kasten-peacemaker-31cm-messing-1873-kolser","status":"publish","type":"product","link":"https:\/\/repliquemangacine.fr\/de\/colt-revolver-western\/coffret-peacemaker-31cm-laiton-1873-kolser\/","title":{"rendered":"Colt Peacemaker 31cm Messing"},"content":{"rendered":"<h2>Colt Peacemaker 31cm Messing 1873 - Kolser.<\/h2>\n<p>F\u00fcr Anfangen, die Wiedergabe des <strong>Colt Peacemaker 31cm Messing<\/strong> Modell 1873 Kolser, ist eine identische Reproduktion des originalen Colt 45 SAA. Historisch gesehen von Stars wie Buffalo Bill, Pat Garrett und Wild Bill Hickock verwendet.<\/p>\n<p>Dieses Kolser-Replikat zeichnet sich durch die Materialien aus, mit denen das (absichtlich gealterte) Metall von der Trommel bis zum Lauf verarbeitet wurde. Sorgf\u00e4ltig \u00fcberarbeitet in der Montage und von Hand poliert.<\/p>\n<p>Eine Montageanleitung wird mit der ausdr\u00fccklichen Empfehlung geliefert, das Ger\u00e4t nicht zu zerlegen. In diesem Fall werden keine R\u00fccksendungen akzeptiert.<\/p>\n<p>Wenn es eine Waffe gibt, deren Prestige nie nachgelassen hat, sondern im Gegenteil immer weiter gewachsen ist, dann ist es der Colt Single Action. Dieser Revolver mit seiner charakteristischen, perfekt harmonischen Form wurde zur Legende.<\/p>\n<h2>Ihr Colt Peacemaker 31cm Messing zum besten Preis.<\/h2>\n<p>Wir bieten Ihnen eine gro\u00dfe Auswahl an Reproduktionen von Western Kolser Waffen zum niedrigsten Preis auf dem Markt.<\/p>\n<p>Zun\u00e4chst einmal,<\/p>\n<ul>\n<li>Die <a href=\"https:\/\/repliquemangacine.fr\/de\/kolser-waffe\/replique-colt-45-4-75-pouces-1873-kolser\/\">Colt SAA Kaliber 45<\/a>4,75 Zoll mit handgeschliffener Oberfl\u00e4che.<\/li>\n<li>Sie brauchen aber auch die <a href=\"https:\/\/repliquemangacine.fr\/de\/kolser-waffe\/6-attrappenkugeln-fur-colt-45-kolser\/\">Attrappenkugeln Kolser<\/a> f\u00fcr mehr Realismus.<\/li>\n<li>Und viele andere, die es in unserem Online-Shop zu entdecken gibt!<\/li>\n<\/ul>\n<p>Deshalb ist dies eine tolle Geschenkidee f\u00fcr Sammler oder Westernfans.<\/p>\n<p>Abschlie\u00dfend k\u00f6nnen Sie den <strong>Colt Peacemaker 31cm Messing<\/strong> 1873 f\u00fcr Ihre Westernvorf\u00fchrungen oder Themenabende.<\/p>\n<p>R\u00e9plique Manga Cin\u00e9 ist ein franz\u00f6sisches Unternehmen, Vertriebspartner der Marke <a href=\"https:\/\/kolser.com\/fr\/catalogo\/\" target=\"_blank\" rel=\"noopener noreferrer\">Kolser<\/a>.<\/p>\n<h2>Wie werden Kolser-Waffen hergestellt?<\/h2>\n<p>Kolser-Waffen, die aus Metall mit speziellen Oberfl\u00e4chenbearbeitungen aus verzinktem Messing und Nickel hergestellt werden, mit Altmetall- oder Stahleffekten, die in sorgf\u00e4ltigen manuellen Verfahren erzielt werden und den St\u00fccken der Marke ein einzigartiges Aussehen verleihen.<\/p>\n<p>Auf dem h\u00f6chsten Qualit\u00e4tsniveau des Marktes angesiedelt, bewahren sie den Geist der Waffenschmiede vergangener Jahrhunderte f\u00fcr eine gut gemachte Arbeit.<\/p>\n<p>Au\u00dferdem werden die Designprotokolle f\u00fcr neue Modelle modernisiert und nach den h\u00f6chsten Standards durchgef\u00fchrt, wodurch dieser sehr reale Aspekt erreicht wird. Ebenso innovativ sind Kolsers Fertigungssysteme und handgefertigte Montageprozesse, um die h\u00f6chste Qualit\u00e4t der Teile und Materialien zu gew\u00e4hrleisten, mit denen sie Ihr <strong>Colt Peacemaker 31cm Messing<\/strong>.<\/p>","protected":false},"excerpt":{"rendered":"<p>Colt Peacemaker 1873.<\/p>\n<ul>\n<li>Aus Metall und Messing.<\/li>\n<li>Schaft aus Holz.<\/li>\n<li>Gravur auf der Kanone SAA 45.<\/li>\n<li>Funktionaler Mechanismus.<\/li>\n<li>Wiederaufladbare, rotierende Trommelkammer.<\/li>\n<li>Box mit 6 B\u00e4llen.<\/li>\n<li>Gesamtl\u00e4nge: 31 cm - Gewicht: 990 gs<\/li>\n<\/ul>\n<p><a href=\"https:\/\/youtu.be\/rEPbkLd2edU\">Klicken Sie hier, um die Kolser-Demo zu finden<\/a><\/p>","protected":false},"featured_media":48656,"template":"","meta":[],"product_brand":[896],"product_cat":[100,34,33,77,28,27],"product_tag":[],"class_list":{"0":"post-48655","1":"product","2":"type-product","3":"status-publish","4":"has-post-thumbnail","6":"product_brand-replique-manga-cine","7":"product_cat-arme-kolser","8":"product_cat-armes-westerns","9":"product_cat-colt-pistolet","10":"product_cat-colt-revolver-western","11":"product_cat-repliques-darmes","12":"product_cat-armes-et-accessoires-western","14":"first","15":"outofstock","16":"taxable","17":"shipping-taxable","18":"purchasable","19":"product-type-simple"},"yoast_head":"<!-- This site is optimized with the Yoast SEO plugin v27.5 - https:\/\/yoast.com\/product\/yoast-seo-wordpress\/ -->\n<title>Colt Peacemaker 31cm Laiton - Vente en ligne coffret Kolser | RMC<\/title>\n<meta name=\"description\" content=\"Superbe Colt Peacemaker 31cm Laiton de 1873 Kolser au meilleur prix - En m\u00e9tal et laiton - M\u00e9canisme fonctionnel - simulation de tir - Longueur : 31 cm\" \/>\n<meta name=\"robots\" content=\"index, follow, max-snippet:-1, max-image-preview:large, max-video-preview:-1\" \/>\n<link rel=\"canonical\" href=\"https:\/\/repliquemangacine.fr\/de\/kolser-waffe\/kasten-peacemaker-31cm-messing-1873-kolser\/\" \/>\n<meta property=\"og:locale\" content=\"de_DE\" \/>\n<meta property=\"og:type\" content=\"article\" \/>\n<meta property=\"og:title\" content=\"Colt Peacemaker 31cm Laiton - Vente en ligne coffret Kolser | RMC\" \/>\n<meta property=\"og:description\" content=\"Superbe Colt Peacemaker 31cm Laiton de 1873 Kolser au meilleur prix - En m\u00e9tal et laiton - M\u00e9canisme fonctionnel - simulation de tir - Longueur : 31 cm\" \/>\n<meta property=\"og:url\" content=\"https:\/\/repliquemangacine.fr\/de\/kolser-waffe\/kasten-peacemaker-31cm-messing-1873-kolser\/\" \/>\n<meta property=\"og:site_name\" content=\"R\u00e9plique Manga Cin\u00e9\" \/>\n<meta property=\"article:publisher\" content=\"https:\/\/www.facebook.com\/RepliqueMangaCine\" \/>\n<meta property=\"article:modified_time\" content=\"2026-01-16T20:39:58+00:00\" \/>\n<meta property=\"og:image\" content=\"https:\/\/repliquemangacine.fr\/wp-content\/uploads\/2023\/10\/1064-1wn.jpg\" \/>\n\t<meta property=\"og:image:width\" content=\"800\" \/>\n\t<meta property=\"og:image:height\" content=\"800\" \/>\n\t<meta property=\"og:image:type\" content=\"image\/jpeg\" \/>\n<meta name=\"twitter:card\" content=\"summary_large_image\" \/>\n<meta name=\"twitter:label1\" content=\"Gesch\u00e4tzte Lesezeit\" \/>\n\t<meta name=\"twitter:data1\" content=\"2\u00a0Minuten\" \/>\n<script type=\"application\/ld+json\" class=\"yoast-schema-graph\">{\"@context\":\"https:\\\/\\\/schema.org\",\"@graph\":[{\"@type\":\"WebPage\",\"@id\":\"https:\\\/\\\/repliquemangacine.fr\\\/arme-kolser\\\/coffret-peacemaker-31cm-laiton-1873-kolser\\\/\",\"url\":\"https:\\\/\\\/repliquemangacine.fr\\\/arme-kolser\\\/coffret-peacemaker-31cm-laiton-1873-kolser\\\/\",\"name\":\"Colt Peacemaker 31cm Laiton - Vente en ligne coffret Kolser | RMC\",\"isPartOf\":{\"@id\":\"https:\\\/\\\/repliquemangacine.fr\\\/#website\"},\"primaryImageOfPage\":{\"@id\":\"https:\\\/\\\/repliquemangacine.fr\\\/arme-kolser\\\/coffret-peacemaker-31cm-laiton-1873-kolser\\\/#primaryimage\"},\"image\":{\"@id\":\"https:\\\/\\\/repliquemangacine.fr\\\/arme-kolser\\\/coffret-peacemaker-31cm-laiton-1873-kolser\\\/#primaryimage\"},\"thumbnailUrl\":\"https:\\\/\\\/repliquemangacine.fr\\\/wp-content\\\/uploads\\\/2023\\\/10\\\/1064-1wn.jpg\",\"datePublished\":\"2022-03-03T13:45:55+00:00\",\"dateModified\":\"2026-01-16T20:39:58+00:00\",\"description\":\"Superbe Colt Peacemaker 31cm Laiton de 1873 Kolser au meilleur prix - En m\u00e9tal et laiton - M\u00e9canisme fonctionnel - simulation de tir - Longueur : 31 cm\",\"breadcrumb\":{\"@id\":\"https:\\\/\\\/repliquemangacine.fr\\\/arme-kolser\\\/coffret-peacemaker-31cm-laiton-1873-kolser\\\/#breadcrumb\"},\"inLanguage\":\"de\",\"potentialAction\":[{\"@type\":\"ReadAction\",\"target\":[\"https:\\\/\\\/repliquemangacine.fr\\\/arme-kolser\\\/coffret-peacemaker-31cm-laiton-1873-kolser\\\/\"]}]},{\"@type\":\"ImageObject\",\"inLanguage\":\"de\",\"@id\":\"https:\\\/\\\/repliquemangacine.fr\\\/arme-kolser\\\/coffret-peacemaker-31cm-laiton-1873-kolser\\\/#primaryimage\",\"url\":\"https:\\\/\\\/repliquemangacine.fr\\\/wp-content\\\/uploads\\\/2023\\\/10\\\/1064-1wn.jpg\",\"contentUrl\":\"https:\\\/\\\/repliquemangacine.fr\\\/wp-content\\\/uploads\\\/2023\\\/10\\\/1064-1wn.jpg\",\"width\":800,\"height\":800,\"caption\":\"Coffret Peacemaker 31cm Laiton\"},{\"@type\":\"BreadcrumbList\",\"@id\":\"https:\\\/\\\/repliquemangacine.fr\\\/arme-kolser\\\/coffret-peacemaker-31cm-laiton-1873-kolser\\\/#breadcrumb\",\"itemListElement\":[{\"@type\":\"ListItem\",\"position\":1,\"name\":\"Accueil\",\"item\":\"https:\\\/\\\/repliquemangacine.fr\\\/\"},{\"@type\":\"ListItem\",\"position\":2,\"name\":\"Produits\",\"item\":\"https:\\\/\\\/repliquemangacine.fr\\\/boutique\\\/\"},{\"@type\":\"ListItem\",\"position\":3,\"name\":\"Colt Peacemaker 31cm Laiton\"}]},{\"@type\":\"WebSite\",\"@id\":\"https:\\\/\\\/repliquemangacine.fr\\\/#website\",\"url\":\"https:\\\/\\\/repliquemangacine.fr\\\/\",\"name\":\"R\u00e9plique Manga Cin\u00e9\",\"description\":\"\",\"publisher\":{\"@id\":\"https:\\\/\\\/repliquemangacine.fr\\\/#organization\"},\"potentialAction\":[{\"@type\":\"SearchAction\",\"target\":{\"@type\":\"EntryPoint\",\"urlTemplate\":\"https:\\\/\\\/repliquemangacine.fr\\\/?s={search_term_string}\"},\"query-input\":{\"@type\":\"PropertyValueSpecification\",\"valueRequired\":true,\"valueName\":\"search_term_string\"}}],\"inLanguage\":\"de\"},{\"@type\":\"Organization\",\"@id\":\"https:\\\/\\\/repliquemangacine.fr\\\/#organization\",\"name\":\"R\u00e9plique Manga Cin\u00e9\",\"url\":\"https:\\\/\\\/repliquemangacine.fr\\\/\",\"logo\":{\"@type\":\"ImageObject\",\"inLanguage\":\"de\",\"@id\":\"https:\\\/\\\/repliquemangacine.fr\\\/#\\\/schema\\\/logo\\\/image\\\/\",\"url\":\"https:\\\/\\\/repliquemangacine.fr\\\/wp-content\\\/uploads\\\/2023\\\/10\\\/RMC-500250.png\",\"contentUrl\":\"https:\\\/\\\/repliquemangacine.fr\\\/wp-content\\\/uploads\\\/2023\\\/10\\\/RMC-500250.png\",\"width\":500,\"height\":250,\"caption\":\"R\u00e9plique Manga Cin\u00e9\"},\"image\":{\"@id\":\"https:\\\/\\\/repliquemangacine.fr\\\/#\\\/schema\\\/logo\\\/image\\\/\"},\"sameAs\":[\"https:\\\/\\\/www.facebook.com\\\/RepliqueMangaCine\",\"https:\\\/\\\/www.instagram.com\\\/repliquemangacine.fr\\\/\"]}]}<\/script>\n<!-- \/ Yoast SEO plugin. -->","yoast_head_json":{"title":"Colt Peacemaker 31cm Messing - Online-Versteigerung Kolser Box | RMC","description":"Superb Colt Peacemaker 31cm Messing von 1873 Kolser zum besten Preis - Aus Metall und Messing - Funktionierende Mechanik - Schie\u00dfsimulation - L\u00e4nge: 31 cm","robots":{"index":"index","follow":"follow","max-snippet":"max-snippet:-1","max-image-preview":"max-image-preview:large","max-video-preview":"max-video-preview:-1"},"canonical":"https:\/\/repliquemangacine.fr\/de\/kolser-waffe\/kasten-peacemaker-31cm-messing-1873-kolser\/","og_locale":"de_DE","og_type":"article","og_title":"Colt Peacemaker 31cm Laiton - Vente en ligne coffret Kolser | RMC","og_description":"Superbe Colt Peacemaker 31cm Laiton de 1873 Kolser au meilleur prix - En m\u00e9tal et laiton - M\u00e9canisme fonctionnel - simulation de tir - Longueur : 31 cm","og_url":"https:\/\/repliquemangacine.fr\/de\/kolser-waffe\/kasten-peacemaker-31cm-messing-1873-kolser\/","og_site_name":"R\u00e9plique Manga Cin\u00e9","article_publisher":"https:\/\/www.facebook.com\/RepliqueMangaCine","article_modified_time":"2026-01-16T20:39:58+00:00","og_image":[{"width":800,"height":800,"url":"https:\/\/repliquemangacine.fr\/wp-content\/uploads\/2023\/10\/1064-1wn.jpg","type":"image\/jpeg"}],"twitter_card":"summary_large_image","twitter_misc":{"Gesch\u00e4tzte Lesezeit":"2\u00a0Minuten"},"schema":{"@context":"https:\/\/schema.org","@graph":[{"@type":"WebPage","@id":"https:\/\/repliquemangacine.fr\/arme-kolser\/coffret-peacemaker-31cm-laiton-1873-kolser\/","url":"https:\/\/repliquemangacine.fr\/arme-kolser\/coffret-peacemaker-31cm-laiton-1873-kolser\/","name":"Colt Peacemaker 31cm Messing - Online-Versteigerung Kolser Box | RMC","isPartOf":{"@id":"https:\/\/repliquemangacine.fr\/#website"},"primaryImageOfPage":{"@id":"https:\/\/repliquemangacine.fr\/arme-kolser\/coffret-peacemaker-31cm-laiton-1873-kolser\/#primaryimage"},"image":{"@id":"https:\/\/repliquemangacine.fr\/arme-kolser\/coffret-peacemaker-31cm-laiton-1873-kolser\/#primaryimage"},"thumbnailUrl":"https:\/\/repliquemangacine.fr\/wp-content\/uploads\/2023\/10\/1064-1wn.jpg","datePublished":"2022-03-03T13:45:55+00:00","dateModified":"2026-01-16T20:39:58+00:00","description":"Superb Colt Peacemaker 31cm Messing von 1873 Kolser zum besten Preis - Aus Metall und Messing - Funktionierende Mechanik - Schie\u00dfsimulation - L\u00e4nge: 31 cm","breadcrumb":{"@id":"https:\/\/repliquemangacine.fr\/arme-kolser\/coffret-peacemaker-31cm-laiton-1873-kolser\/#breadcrumb"},"inLanguage":"de","potentialAction":[{"@type":"ReadAction","target":["https:\/\/repliquemangacine.fr\/arme-kolser\/coffret-peacemaker-31cm-laiton-1873-kolser\/"]}]},{"@type":"ImageObject","inLanguage":"de","@id":"https:\/\/repliquemangacine.fr\/arme-kolser\/coffret-peacemaker-31cm-laiton-1873-kolser\/#primaryimage","url":"https:\/\/repliquemangacine.fr\/wp-content\/uploads\/2023\/10\/1064-1wn.jpg","contentUrl":"https:\/\/repliquemangacine.fr\/wp-content\/uploads\/2023\/10\/1064-1wn.jpg","width":800,"height":800,"caption":"Coffret Peacemaker 31cm Laiton"},{"@type":"BreadcrumbList","@id":"https:\/\/repliquemangacine.fr\/arme-kolser\/coffret-peacemaker-31cm-laiton-1873-kolser\/#breadcrumb","itemListElement":[{"@type":"ListItem","position":1,"name":"Accueil","item":"https:\/\/repliquemangacine.fr\/"},{"@type":"ListItem","position":2,"name":"Produits","item":"https:\/\/repliquemangacine.fr\/boutique\/"},{"@type":"ListItem","position":3,"name":"Colt Peacemaker 31cm Laiton"}]},{"@type":"WebSite","@id":"https:\/\/repliquemangacine.fr\/#website","url":"https:\/\/repliquemangacine.fr\/","name":"R\u00e9plique Manga Cin\u00e9","description":"","publisher":{"@id":"https:\/\/repliquemangacine.fr\/#organization"},"potentialAction":[{"@type":"SearchAction","target":{"@type":"EntryPoint","urlTemplate":"https:\/\/repliquemangacine.fr\/?s={search_term_string}"},"query-input":{"@type":"PropertyValueSpecification","valueRequired":true,"valueName":"search_term_string"}}],"inLanguage":"de"},{"@type":"Organization","@id":"https:\/\/repliquemangacine.fr\/#organization","name":"R\u00e9plique Manga Cin\u00e9","url":"https:\/\/repliquemangacine.fr\/","logo":{"@type":"ImageObject","inLanguage":"de","@id":"https:\/\/repliquemangacine.fr\/#\/schema\/logo\/image\/","url":"https:\/\/repliquemangacine.fr\/wp-content\/uploads\/2023\/10\/RMC-500250.png","contentUrl":"https:\/\/repliquemangacine.fr\/wp-content\/uploads\/2023\/10\/RMC-500250.png","width":500,"height":250,"caption":"R\u00e9plique Manga Cin\u00e9"},"image":{"@id":"https:\/\/repliquemangacine.fr\/#\/schema\/logo\/image\/"},"sameAs":["https:\/\/www.facebook.com\/RepliqueMangaCine","https:\/\/www.instagram.com\/repliquemangacine.fr\/"]}]}},"_links":{"self":[{"href":"https:\/\/repliquemangacine.fr\/de\/wp-json\/wp\/v2\/product\/48655","targetHints":{"allow":["GET"]}}],"collection":[{"href":"https:\/\/repliquemangacine.fr\/de\/wp-json\/wp\/v2\/product"}],"about":[{"href":"https:\/\/repliquemangacine.fr\/de\/wp-json\/wp\/v2\/types\/product"}],"wp:featuredmedia":[{"embeddable":true,"href":"https:\/\/repliquemangacine.fr\/de\/wp-json\/wp\/v2\/media\/48656"}],"wp:attachment":[{"href":"https:\/\/repliquemangacine.fr\/de\/wp-json\/wp\/v2\/media?parent=48655"}],"wp:term":[{"taxonomy":"product_brand","embeddable":true,"href":"https:\/\/repliquemangacine.fr\/de\/wp-json\/wp\/v2\/product_brand?post=48655"},{"taxonomy":"product_cat","embeddable":true,"href":"https:\/\/repliquemangacine.fr\/de\/wp-json\/wp\/v2\/product_cat?post=48655"},{"taxonomy":"product_tag","embeddable":true,"href":"https:\/\/repliquemangacine.fr\/de\/wp-json\/wp\/v2\/product_tag?post=48655"}],"curies":[{"name":"wp","href":"https:\/\/api.w.org\/{rel}","templated":true}]}}