





{"id":48494,"date":"2022-02-24T15:10:13","date_gmt":"2022-02-24T14:10:13","guid":{"rendered":"https:\/\/repliquemangacine.fr\/?post_type=product&#038;p=48494"},"modified":"2026-03-29T19:00:15","modified_gmt":"2026-03-29T17:00:15","slug":"kugelhalter-fur-winchester-kolser","status":"publish","type":"product","link":"https:\/\/repliquemangacine.fr\/de\/holster-accessoires-western\/porte-balles-pour-winchester-kolser\/","title":{"rendered":"Winchester Kolser Kugelhalter"},"content":{"rendered":"<h2>Winchester Kolser Kugelhalter<\/h2>\n<p>Zu Beginn wird der <strong>Winchester-Kugelhalter<\/strong> ist ein unverzichtbares Zubeh\u00f6r f\u00fcr Ihr Winchester-Gewehr. Aus echtem Leder, handgefertigt. Sie k\u00f6nnen sie an den Schaft Ihres Gewehrs anbringen und nach Belieben Kugeln zum Nachladen Ihres Winchester-Gewehrs sammeln.<\/p>\n<p>Die Kolser Winchesters sind alle handgefertigt und von hoher Qualit\u00e4t. Das Auswurfsystem der Kugeln beim Laden sorgt f\u00fcr einen unglaublichen Realismus. Die Anzahl der Kugeln, die in die Kammer passen, h\u00e4ngt von der Gr\u00f6\u00dfe des Laufs ab.<\/p>\n<p>Winchester Kolser Dummy-B\u00e4lle oder Imitationskugeln sind Gegenst\u00e4nde, die manchmal sehr realistisch eine echte Munition nachahmen. Bei Imitationswaffen und -geschossen handelt es sich meist um Spielzeug oder Nachbildungen f\u00fcr Sammler.<\/p>\n<p>Abschlie\u00dfend sei gesagt, dass Zubeh\u00f6r wie Sch\u00e4fte, Holster und Attrappenkugeln wichtige Erg\u00e4nzungen sind, um Ihrem Gewehr der Marke mehr Realismus zu verleihen <a href=\"https:\/\/kolser.com\/fr\/product\/portabalas-winchester-con-balas\/\" target=\"_blank\" rel=\"noopener noreferrer\">Kolser<\/a>.<\/p>\n<h2>Ihr Western-Zubeh\u00f6r zum besten Preis.<\/h2>\n<p>Wir bieten Ihnen eine gro\u00dfe Auswahl an Produkten der Marke Kolser.<\/p>\n<p>Zun\u00e4chst einmal,<\/p>\n<ul>\n<li>Die <a href=\"https:\/\/repliquemangacine.fr\/de\/kolser-waffe\/winchester-laiton-98cm-kolser\/\">Winchester-Gewehr 98cm<\/a> aus Messing mit Kugelauswurf.<\/li>\n<li>Es gibt auch den <a href=\"https:\/\/repliquemangacine.fr\/de\/kolser-waffe\/koffer-colt-45-poliert-4-75-zoll-1873-kolser\/\">colt SAA Peacemaker<\/a> 4,75-Zoll-Polier, in einer Schachtel mit 6 Dummy-B\u00e4llen.<\/li>\n<li>Sowie das unverzichtbare Zubeh\u00f6r, die <a href=\"https:\/\/repliquemangacine.fr\/de\/westernzubehor\/6-attrappenkugeln-winchester-kolser\/\">Attrappenkugeln f\u00fcr Winchester<\/a> Kolser.<\/li>\n<li>Und noch viel mehr gibt es in unserem Online-Shop zu entdecken!<\/li>\n<\/ul>\n<p>Deshalb ist dies eine tolle Geschenkidee f\u00fcr alle Liebhaber von Westernwaffen.<\/p>\n<p>Abschlie\u00dfend k\u00f6nnen Sie Ihr <strong>Winchester-Kugelhalter<\/strong> f\u00fcr Ihre Cowboy-Auff\u00fchrungen oder Country-Abende. Vor allem aber ist es ein Sammler- und Dekorationsst\u00fcck.<\/p>\n<p>R\u00e9plique Manga Cin\u00e9 ist ein franz\u00f6sisches Familienunternehmen, das die Marken Kolser und Denix vertreibt.<\/p>","protected":false},"excerpt":{"rendered":"<p>Wundersch\u00f6ner Kugelhalter ganz aus echtem Leder.<\/p>\n<ul>\n<li>Startseite 6 Kugeln f\u00fcr Winchester-Gewehr.<\/li>\n<li>Spannriemen aus Leder.<\/li>\n<li>Wird mit 6 Attrappenb\u00e4llen geliefert<\/li>\n<li>L\u00e4nge: 19cm<\/li>\n<\/ul>","protected":false},"featured_media":48495,"template":"","meta":[],"product_brand":[896],"product_cat":[51,100,34,45,90,28,27],"product_tag":[],"class_list":{"0":"post-48494","1":"product","2":"type-product","3":"status-publish","4":"has-post-thumbnail","6":"product_brand-replique-manga-cine","7":"product_cat-accessoires-western","8":"product_cat-arme-kolser","9":"product_cat-armes-westerns","10":"product_cat-holster-western-ceinturon","11":"product_cat-holster-accessoires-western","12":"product_cat-repliques-darmes","13":"product_cat-armes-et-accessoires-western","15":"first","16":"instock","17":"taxable","18":"shipping-taxable","19":"purchasable","20":"product-type-simple"},"yoast_head":"<!-- This site is optimized with the Yoast SEO plugin v27.5 - https:\/\/yoast.com\/product\/yoast-seo-wordpress\/ -->\n<title>Porte balles Winchester Kolser - R\u00e9plique Manga Cin\u00e9<\/title>\n<meta name=\"description\" content=\"Superbe accessoire pour votre Winchester Kolser. Ce Porte balles Winchester est tout en cuir, il se glisse et s&#039;attache \u00e0 la crosse du fusil. A voir !\" \/>\n<meta name=\"robots\" content=\"index, follow, max-snippet:-1, max-image-preview:large, max-video-preview:-1\" \/>\n<link rel=\"canonical\" href=\"https:\/\/repliquemangacine.fr\/de\/holster-westernzubehor\/kugelhalter-fur-winchester-kolser\/\" \/>\n<meta property=\"og:locale\" content=\"de_DE\" \/>\n<meta property=\"og:type\" content=\"article\" \/>\n<meta property=\"og:title\" content=\"Porte balles Winchester Kolser - R\u00e9plique Manga Cin\u00e9\" \/>\n<meta property=\"og:description\" content=\"Superbe accessoire pour votre Winchester Kolser. Ce Porte balles Winchester est tout en cuir, il se glisse et s&#039;attache \u00e0 la crosse du fusil. A voir !\" \/>\n<meta property=\"og:url\" content=\"https:\/\/repliquemangacine.fr\/de\/holster-westernzubehor\/kugelhalter-fur-winchester-kolser\/\" \/>\n<meta property=\"og:site_name\" content=\"R\u00e9plique Manga Cin\u00e9\" \/>\n<meta property=\"article:publisher\" content=\"https:\/\/www.facebook.com\/RepliqueMangaCine\" \/>\n<meta property=\"article:modified_time\" content=\"2026-03-29T17:00:15+00:00\" \/>\n<meta property=\"og:image\" content=\"https:\/\/repliquemangacine.fr\/wp-content\/uploads\/2023\/10\/porte-balles.jpg\" \/>\n\t<meta property=\"og:image:width\" content=\"800\" \/>\n\t<meta property=\"og:image:height\" content=\"800\" \/>\n\t<meta property=\"og:image:type\" content=\"image\/jpeg\" \/>\n<meta name=\"twitter:card\" content=\"summary_large_image\" \/>\n<meta name=\"twitter:label1\" content=\"Gesch\u00e4tzte Lesezeit\" \/>\n\t<meta name=\"twitter:data1\" content=\"2\u00a0Minuten\" \/>\n<script type=\"application\/ld+json\" class=\"yoast-schema-graph\">{\"@context\":\"https:\\\/\\\/schema.org\",\"@graph\":[{\"@type\":\"WebPage\",\"@id\":\"https:\\\/\\\/repliquemangacine.fr\\\/holster-accessoires-western\\\/porte-balles-pour-winchester-kolser\\\/\",\"url\":\"https:\\\/\\\/repliquemangacine.fr\\\/holster-accessoires-western\\\/porte-balles-pour-winchester-kolser\\\/\",\"name\":\"Porte balles Winchester Kolser - R\u00e9plique Manga Cin\u00e9\",\"isPartOf\":{\"@id\":\"https:\\\/\\\/repliquemangacine.fr\\\/#website\"},\"primaryImageOfPage\":{\"@id\":\"https:\\\/\\\/repliquemangacine.fr\\\/holster-accessoires-western\\\/porte-balles-pour-winchester-kolser\\\/#primaryimage\"},\"image\":{\"@id\":\"https:\\\/\\\/repliquemangacine.fr\\\/holster-accessoires-western\\\/porte-balles-pour-winchester-kolser\\\/#primaryimage\"},\"thumbnailUrl\":\"https:\\\/\\\/repliquemangacine.fr\\\/wp-content\\\/uploads\\\/2023\\\/10\\\/porte-balles.jpg\",\"datePublished\":\"2022-02-24T14:10:13+00:00\",\"dateModified\":\"2026-03-29T17:00:15+00:00\",\"description\":\"Superbe accessoire pour votre Winchester Kolser. Ce Porte balles Winchester est tout en cuir, il se glisse et s'attache \u00e0 la crosse du fusil. A voir !\",\"breadcrumb\":{\"@id\":\"https:\\\/\\\/repliquemangacine.fr\\\/holster-accessoires-western\\\/porte-balles-pour-winchester-kolser\\\/#breadcrumb\"},\"inLanguage\":\"de\",\"potentialAction\":[{\"@type\":\"ReadAction\",\"target\":[\"https:\\\/\\\/repliquemangacine.fr\\\/holster-accessoires-western\\\/porte-balles-pour-winchester-kolser\\\/\"]}]},{\"@type\":\"ImageObject\",\"inLanguage\":\"de\",\"@id\":\"https:\\\/\\\/repliquemangacine.fr\\\/holster-accessoires-western\\\/porte-balles-pour-winchester-kolser\\\/#primaryimage\",\"url\":\"https:\\\/\\\/repliquemangacine.fr\\\/wp-content\\\/uploads\\\/2023\\\/10\\\/porte-balles.jpg\",\"contentUrl\":\"https:\\\/\\\/repliquemangacine.fr\\\/wp-content\\\/uploads\\\/2023\\\/10\\\/porte-balles.jpg\",\"width\":800,\"height\":800,\"caption\":\"porte-balles pour winchesterKolser\"},{\"@type\":\"BreadcrumbList\",\"@id\":\"https:\\\/\\\/repliquemangacine.fr\\\/holster-accessoires-western\\\/porte-balles-pour-winchester-kolser\\\/#breadcrumb\",\"itemListElement\":[{\"@type\":\"ListItem\",\"position\":1,\"name\":\"Accueil\",\"item\":\"https:\\\/\\\/repliquemangacine.fr\\\/\"},{\"@type\":\"ListItem\",\"position\":2,\"name\":\"Produits\",\"item\":\"https:\\\/\\\/repliquemangacine.fr\\\/boutique\\\/\"},{\"@type\":\"ListItem\",\"position\":3,\"name\":\"Porte balles Winchester Kolser\"}]},{\"@type\":\"WebSite\",\"@id\":\"https:\\\/\\\/repliquemangacine.fr\\\/#website\",\"url\":\"https:\\\/\\\/repliquemangacine.fr\\\/\",\"name\":\"R\u00e9plique Manga Cin\u00e9\",\"description\":\"\",\"publisher\":{\"@id\":\"https:\\\/\\\/repliquemangacine.fr\\\/#organization\"},\"potentialAction\":[{\"@type\":\"SearchAction\",\"target\":{\"@type\":\"EntryPoint\",\"urlTemplate\":\"https:\\\/\\\/repliquemangacine.fr\\\/?s={search_term_string}\"},\"query-input\":{\"@type\":\"PropertyValueSpecification\",\"valueRequired\":true,\"valueName\":\"search_term_string\"}}],\"inLanguage\":\"de\"},{\"@type\":\"Organization\",\"@id\":\"https:\\\/\\\/repliquemangacine.fr\\\/#organization\",\"name\":\"R\u00e9plique Manga Cin\u00e9\",\"url\":\"https:\\\/\\\/repliquemangacine.fr\\\/\",\"logo\":{\"@type\":\"ImageObject\",\"inLanguage\":\"de\",\"@id\":\"https:\\\/\\\/repliquemangacine.fr\\\/#\\\/schema\\\/logo\\\/image\\\/\",\"url\":\"https:\\\/\\\/repliquemangacine.fr\\\/wp-content\\\/uploads\\\/2023\\\/10\\\/RMC-500250.png\",\"contentUrl\":\"https:\\\/\\\/repliquemangacine.fr\\\/wp-content\\\/uploads\\\/2023\\\/10\\\/RMC-500250.png\",\"width\":500,\"height\":250,\"caption\":\"R\u00e9plique Manga Cin\u00e9\"},\"image\":{\"@id\":\"https:\\\/\\\/repliquemangacine.fr\\\/#\\\/schema\\\/logo\\\/image\\\/\"},\"sameAs\":[\"https:\\\/\\\/www.facebook.com\\\/RepliqueMangaCine\",\"https:\\\/\\\/www.instagram.com\\\/repliquemangacine.fr\\\/\"]}]}<\/script>\n<!-- \/ Yoast SEO plugin. -->","yoast_head_json":{"title":"Winchester Kolser Kugelhalter - R\u00e9plique Manga Cin\u00e9","description":"Tolles Zubeh\u00f6r f\u00fcr Ihre Winchester Kolser. Dieser Winchester-Kugelhalter ist ganz aus Leder, er wird einfach in den Gewehrschaft geschoben und befestigt. Sehenswert!","robots":{"index":"index","follow":"follow","max-snippet":"max-snippet:-1","max-image-preview":"max-image-preview:large","max-video-preview":"max-video-preview:-1"},"canonical":"https:\/\/repliquemangacine.fr\/de\/holster-westernzubehor\/kugelhalter-fur-winchester-kolser\/","og_locale":"de_DE","og_type":"article","og_title":"Porte balles Winchester Kolser - R\u00e9plique Manga Cin\u00e9","og_description":"Superbe accessoire pour votre Winchester Kolser. Ce Porte balles Winchester est tout en cuir, il se glisse et s'attache \u00e0 la crosse du fusil. A voir !","og_url":"https:\/\/repliquemangacine.fr\/de\/holster-westernzubehor\/kugelhalter-fur-winchester-kolser\/","og_site_name":"R\u00e9plique Manga Cin\u00e9","article_publisher":"https:\/\/www.facebook.com\/RepliqueMangaCine","article_modified_time":"2026-03-29T17:00:15+00:00","og_image":[{"width":800,"height":800,"url":"https:\/\/repliquemangacine.fr\/wp-content\/uploads\/2023\/10\/porte-balles.jpg","type":"image\/jpeg"}],"twitter_card":"summary_large_image","twitter_misc":{"Gesch\u00e4tzte Lesezeit":"2\u00a0Minuten"},"schema":{"@context":"https:\/\/schema.org","@graph":[{"@type":"WebPage","@id":"https:\/\/repliquemangacine.fr\/holster-accessoires-western\/porte-balles-pour-winchester-kolser\/","url":"https:\/\/repliquemangacine.fr\/holster-accessoires-western\/porte-balles-pour-winchester-kolser\/","name":"Winchester Kolser Kugelhalter - R\u00e9plique Manga Cin\u00e9","isPartOf":{"@id":"https:\/\/repliquemangacine.fr\/#website"},"primaryImageOfPage":{"@id":"https:\/\/repliquemangacine.fr\/holster-accessoires-western\/porte-balles-pour-winchester-kolser\/#primaryimage"},"image":{"@id":"https:\/\/repliquemangacine.fr\/holster-accessoires-western\/porte-balles-pour-winchester-kolser\/#primaryimage"},"thumbnailUrl":"https:\/\/repliquemangacine.fr\/wp-content\/uploads\/2023\/10\/porte-balles.jpg","datePublished":"2022-02-24T14:10:13+00:00","dateModified":"2026-03-29T17:00:15+00:00","description":"Tolles Zubeh\u00f6r f\u00fcr Ihre Winchester Kolser. Dieser Winchester-Kugelhalter ist ganz aus Leder, er wird einfach in den Gewehrschaft geschoben und befestigt. Sehenswert!","breadcrumb":{"@id":"https:\/\/repliquemangacine.fr\/holster-accessoires-western\/porte-balles-pour-winchester-kolser\/#breadcrumb"},"inLanguage":"de","potentialAction":[{"@type":"ReadAction","target":["https:\/\/repliquemangacine.fr\/holster-accessoires-western\/porte-balles-pour-winchester-kolser\/"]}]},{"@type":"ImageObject","inLanguage":"de","@id":"https:\/\/repliquemangacine.fr\/holster-accessoires-western\/porte-balles-pour-winchester-kolser\/#primaryimage","url":"https:\/\/repliquemangacine.fr\/wp-content\/uploads\/2023\/10\/porte-balles.jpg","contentUrl":"https:\/\/repliquemangacine.fr\/wp-content\/uploads\/2023\/10\/porte-balles.jpg","width":800,"height":800,"caption":"porte-balles pour winchesterKolser"},{"@type":"BreadcrumbList","@id":"https:\/\/repliquemangacine.fr\/holster-accessoires-western\/porte-balles-pour-winchester-kolser\/#breadcrumb","itemListElement":[{"@type":"ListItem","position":1,"name":"Accueil","item":"https:\/\/repliquemangacine.fr\/"},{"@type":"ListItem","position":2,"name":"Produits","item":"https:\/\/repliquemangacine.fr\/boutique\/"},{"@type":"ListItem","position":3,"name":"Porte balles Winchester Kolser"}]},{"@type":"WebSite","@id":"https:\/\/repliquemangacine.fr\/#website","url":"https:\/\/repliquemangacine.fr\/","name":"R\u00e9plique Manga Cin\u00e9","description":"","publisher":{"@id":"https:\/\/repliquemangacine.fr\/#organization"},"potentialAction":[{"@type":"SearchAction","target":{"@type":"EntryPoint","urlTemplate":"https:\/\/repliquemangacine.fr\/?s={search_term_string}"},"query-input":{"@type":"PropertyValueSpecification","valueRequired":true,"valueName":"search_term_string"}}],"inLanguage":"de"},{"@type":"Organization","@id":"https:\/\/repliquemangacine.fr\/#organization","name":"R\u00e9plique Manga Cin\u00e9","url":"https:\/\/repliquemangacine.fr\/","logo":{"@type":"ImageObject","inLanguage":"de","@id":"https:\/\/repliquemangacine.fr\/#\/schema\/logo\/image\/","url":"https:\/\/repliquemangacine.fr\/wp-content\/uploads\/2023\/10\/RMC-500250.png","contentUrl":"https:\/\/repliquemangacine.fr\/wp-content\/uploads\/2023\/10\/RMC-500250.png","width":500,"height":250,"caption":"R\u00e9plique Manga Cin\u00e9"},"image":{"@id":"https:\/\/repliquemangacine.fr\/#\/schema\/logo\/image\/"},"sameAs":["https:\/\/www.facebook.com\/RepliqueMangaCine","https:\/\/www.instagram.com\/repliquemangacine.fr\/"]}]}},"_links":{"self":[{"href":"https:\/\/repliquemangacine.fr\/de\/wp-json\/wp\/v2\/product\/48494","targetHints":{"allow":["GET"]}}],"collection":[{"href":"https:\/\/repliquemangacine.fr\/de\/wp-json\/wp\/v2\/product"}],"about":[{"href":"https:\/\/repliquemangacine.fr\/de\/wp-json\/wp\/v2\/types\/product"}],"wp:featuredmedia":[{"embeddable":true,"href":"https:\/\/repliquemangacine.fr\/de\/wp-json\/wp\/v2\/media\/48495"}],"wp:attachment":[{"href":"https:\/\/repliquemangacine.fr\/de\/wp-json\/wp\/v2\/media?parent=48494"}],"wp:term":[{"taxonomy":"product_brand","embeddable":true,"href":"https:\/\/repliquemangacine.fr\/de\/wp-json\/wp\/v2\/product_brand?post=48494"},{"taxonomy":"product_cat","embeddable":true,"href":"https:\/\/repliquemangacine.fr\/de\/wp-json\/wp\/v2\/product_cat?post=48494"},{"taxonomy":"product_tag","embeddable":true,"href":"https:\/\/repliquemangacine.fr\/de\/wp-json\/wp\/v2\/product_tag?post=48494"}],"curies":[{"name":"wp","href":"https:\/\/api.w.org\/{rel}","templated":true}]}}