





{"id":48405,"date":"2022-02-21T14:17:09","date_gmt":"2022-02-21T13:17:09","guid":{"rendered":"https:\/\/repliquemangacine.fr\/?post_type=product&#038;p=48405"},"modified":"2026-04-15T23:44:42","modified_gmt":"2026-04-15T21:44:42","slug":"6-attrappenkugeln-winchester-kolser","status":"publish","type":"product","link":"https:\/\/repliquemangacine.fr\/de\/holster-accessoires-western\/6-balles-factices-winchester-kolser\/","title":{"rendered":"Faktische Kugeln Winchester Kolser"},"content":{"rendered":"<h2>Faktische Kugeln Winchester Kolser<\/h2>\n<p>Zun\u00e4chst einmal sind Winchester-Kolser-Schlagb\u00e4lle oder Nachahmungskugeln ein Objekt, das manchmal sehr realistisch eine echte Munition nachahmt. Bei unechten Waffen und Kugeln handelt es sich meist um Spielzeug oder Nachbildungen f\u00fcr Sammler.<\/p>\n<p>Die Kolser Winchesters sind alle handgefertigt und von hoher Qualit\u00e4t. Das System zum Auswerfen der Kugeln beim Laden sorgt f\u00fcr einen unglaublichen Realismus. Die Anzahl der Kugeln, die in die Kammer passen, h\u00e4ngt von der Gr\u00f6\u00dfe des Laufs ab.<\/p>\n<p>Die Kugeln sind aus goldfarbenem Stahl, haben eine leichte Vertiefung am Hintern und eine kleine Spitze, die herausragt. Legen Sie das Z\u00fcndh\u00fctchen auf diese Spitze, ziehen Sie die Kugeln in die Kammer und schie\u00dfen Sie!<\/p>\n<p>Abschlie\u00dfend sei gesagt, dass Dummy-B\u00e4lle eine wichtige Erg\u00e4nzung sind, um Ihrem Gewehr der Marke <a href=\"https:\/\/kolser.com\/\" target=\"_blank\" rel=\"noopener noreferrer\">Kolser<\/a>.<\/p>\n<h2>Ihr Westernzubeh\u00f6r zum besten Preis.<\/h2>\n<p>Wir bieten Ihnen eine gro\u00dfe Auswahl an Reproduktionen von Kolser-Waffenattrappen.<\/p>\n<p>Zun\u00e4chst einmal,<\/p>\n<ul>\n<li>Die Winchester von Joss Randall in \"Im Namen des Gesetzes\", die <a href=\"https:\/\/repliquemangacine.fr\/de\/kolser-waffe\/mares-leg-55cm-grey-kolser\/\">Mare's Leg<\/a> mit seinem abges\u00e4gten Lauf<\/li>\n<li>Sowie die <a href=\"https:\/\/repliquemangacine.fr\/de\/kolser-waffe\/winchester-108cm-grey-kolser\/\">Winchester-Gewehr 1892<\/a> von 108cm mit seinem Ballenauswurfsystem.<\/li>\n<li>Es gibt auch den <a href=\"https:\/\/repliquemangacine.fr\/de\/holster-zubehor\/kugelhalter-fur-winchester-kolser\/\">Ballhalter aus Leder<\/a> dass Sie Spa\u00df haben k\u00f6nnen, ohne sich um die B\u00e4lle k\u00fcmmern zu m\u00fcssen.<\/li>\n<li>Und noch viel mehr gibt es in unserem Online-Shop zu entdecken!<\/li>\n<\/ul>\n<p>Deshalb ist dies eine gro\u00dfartige Geschenkidee f\u00fcr alle Liebhaber historischer Waffen.<\/p>\n<p>Zusammenfassend l\u00e4sst sich sagen, dass Sie diese Winchester Kolser Factice Balls f\u00fcr Ihre historischen Rekonstruktionen und Kulissen verwenden k\u00f6nnen. Vor allem aber ist diese Waffe ein Sammler- und Dekorationsst\u00fcck.<\/p>\n<p>R\u00e9plique Manga Cin\u00e9 ist ein franz\u00f6sisches Unternehmen und offizieller Vertriebspartner der Marken Kolser und Denix.<\/p>","protected":false},"excerpt":{"rendered":"<p>Attrappenkugeln f\u00fcr Kolser-Gewehre.<\/p>\n<ul>\n<li>Aus vergoldetem Metall und grauem Mundst\u00fcck.<\/li>\n<li>Keine explosive Ladung.<\/li>\n<li>Vorgesehen f\u00fcr Knallk\u00f6rper mit Z\u00fcndh\u00fctchen.<\/li>\n<li>Passend f\u00fcr Kolser-Winchester mit Ballenauswurfsystem.<\/li>\n<li>Schachtel mit 6 B\u00e4llen.<\/li>\n<li>L\u00e4nge des Balles: 4 cm - Durchmesser: 12 mm - Gewicht: 23 g<\/li>\n<\/ul>","protected":false},"featured_media":85565,"template":"","meta":[],"product_brand":[896],"product_cat":[51,100,90,27],"product_tag":[],"class_list":{"0":"post-48405","1":"product","2":"type-product","3":"status-publish","4":"has-post-thumbnail","6":"product_brand-replique-manga-cine","7":"product_cat-accessoires-western","8":"product_cat-arme-kolser","9":"product_cat-holster-accessoires-western","10":"product_cat-armes-et-accessoires-western","12":"first","13":"instock","14":"taxable","15":"shipping-taxable","16":"purchasable","17":"product-type-simple"},"yoast_head":"<!-- This site is optimized with the Yoast SEO plugin v27.5 - https:\/\/yoast.com\/product\/yoast-seo-wordpress\/ -->\n<title>Balles Factices Winchester Kolser - R\u00e9plique Manga Cin\u00e9<\/title>\n<meta name=\"description\" content=\"Pour plus de r\u00e9alisme, commandez vite ! vos Balles Factices Winchester Kolser au meilleur prix - Syst\u00e8me d&#039;amorce pour que \u00e7a p\u00e9tarade - Tout en m\u00e9tal\" \/>\n<meta name=\"robots\" content=\"index, follow, max-snippet:-1, max-image-preview:large, max-video-preview:-1\" \/>\n<link rel=\"canonical\" href=\"https:\/\/repliquemangacine.fr\/de\/kolser-waffe\/6-attrappenkugeln-winchester-kolser\/\" \/>\n<meta property=\"og:locale\" content=\"de_DE\" \/>\n<meta property=\"og:type\" content=\"article\" \/>\n<meta property=\"og:title\" content=\"Balles Factices Winchester Kolser - R\u00e9plique Manga Cin\u00e9\" \/>\n<meta property=\"og:description\" content=\"Pour plus de r\u00e9alisme, commandez vite ! vos Balles Factices Winchester Kolser au meilleur prix - Syst\u00e8me d&#039;amorce pour que \u00e7a p\u00e9tarade - Tout en m\u00e9tal\" \/>\n<meta property=\"og:url\" content=\"https:\/\/repliquemangacine.fr\/de\/kolser-waffe\/6-attrappenkugeln-winchester-kolser\/\" \/>\n<meta property=\"og:site_name\" content=\"R\u00e9plique Manga Cin\u00e9\" \/>\n<meta property=\"article:publisher\" content=\"https:\/\/www.facebook.com\/RepliqueMangaCine\" \/>\n<meta property=\"article:modified_time\" content=\"2026-04-15T21:44:42+00:00\" \/>\n<meta property=\"og:image\" content=\"https:\/\/repliquemangacine.fr\/wp-content\/uploads\/2022\/02\/balles-fusil-kolser.jpg\" \/>\n\t<meta property=\"og:image:width\" content=\"800\" \/>\n\t<meta property=\"og:image:height\" content=\"800\" \/>\n\t<meta property=\"og:image:type\" content=\"image\/jpeg\" \/>\n<meta name=\"twitter:card\" content=\"summary_large_image\" \/>\n<meta name=\"twitter:label1\" content=\"Gesch\u00e4tzte Lesezeit\" \/>\n\t<meta name=\"twitter:data1\" content=\"2\u00a0Minuten\" \/>\n<script type=\"application\/ld+json\" class=\"yoast-schema-graph\">{\"@context\":\"https:\\\/\\\/schema.org\",\"@graph\":[{\"@type\":\"WebPage\",\"@id\":\"https:\\\/\\\/repliquemangacine.fr\\\/de\\\/kolser-waffe\\\/6-attrappenkugeln-winchester-kolser\\\/\",\"url\":\"https:\\\/\\\/repliquemangacine.fr\\\/de\\\/kolser-waffe\\\/6-attrappenkugeln-winchester-kolser\\\/\",\"name\":\"Balles Factices Winchester Kolser - R\u00e9plique Manga Cin\u00e9\",\"isPartOf\":{\"@id\":\"https:\\\/\\\/repliquemangacine.fr\\\/#website\"},\"primaryImageOfPage\":{\"@id\":\"https:\\\/\\\/repliquemangacine.fr\\\/de\\\/kolser-waffe\\\/6-attrappenkugeln-winchester-kolser\\\/#primaryimage\"},\"image\":{\"@id\":\"https:\\\/\\\/repliquemangacine.fr\\\/de\\\/kolser-waffe\\\/6-attrappenkugeln-winchester-kolser\\\/#primaryimage\"},\"thumbnailUrl\":\"https:\\\/\\\/repliquemangacine.fr\\\/wp-content\\\/uploads\\\/2022\\\/02\\\/balles-fusil-kolser.jpg\",\"datePublished\":\"2022-02-21T13:17:09+00:00\",\"dateModified\":\"2026-04-15T21:44:42+00:00\",\"description\":\"Pour plus de r\u00e9alisme, commandez vite ! vos Balles Factices Winchester Kolser au meilleur prix - Syst\u00e8me d'amorce pour que \u00e7a p\u00e9tarade - Tout en m\u00e9tal\",\"breadcrumb\":{\"@id\":\"https:\\\/\\\/repliquemangacine.fr\\\/de\\\/kolser-waffe\\\/6-attrappenkugeln-winchester-kolser\\\/#breadcrumb\"},\"inLanguage\":\"de\",\"potentialAction\":[{\"@type\":\"ReadAction\",\"target\":[\"https:\\\/\\\/repliquemangacine.fr\\\/de\\\/kolser-waffe\\\/6-attrappenkugeln-winchester-kolser\\\/\"]}]},{\"@type\":\"ImageObject\",\"inLanguage\":\"de\",\"@id\":\"https:\\\/\\\/repliquemangacine.fr\\\/de\\\/kolser-waffe\\\/6-attrappenkugeln-winchester-kolser\\\/#primaryimage\",\"url\":\"https:\\\/\\\/repliquemangacine.fr\\\/wp-content\\\/uploads\\\/2022\\\/02\\\/balles-fusil-kolser.jpg\",\"contentUrl\":\"https:\\\/\\\/repliquemangacine.fr\\\/wp-content\\\/uploads\\\/2022\\\/02\\\/balles-fusil-kolser.jpg\",\"width\":800,\"height\":800,\"caption\":\"Balles Factices Winchester Kolser\"},{\"@type\":\"BreadcrumbList\",\"@id\":\"https:\\\/\\\/repliquemangacine.fr\\\/de\\\/kolser-waffe\\\/6-attrappenkugeln-winchester-kolser\\\/#breadcrumb\",\"itemListElement\":[{\"@type\":\"ListItem\",\"position\":1,\"name\":\"Accueil\",\"item\":\"https:\\\/\\\/repliquemangacine.fr\\\/\"},{\"@type\":\"ListItem\",\"position\":2,\"name\":\"Produits\",\"item\":\"https:\\\/\\\/repliquemangacine.fr\\\/boutique\\\/\"},{\"@type\":\"ListItem\",\"position\":3,\"name\":\"Balles Factices Winchester Kolser\"}]},{\"@type\":\"WebSite\",\"@id\":\"https:\\\/\\\/repliquemangacine.fr\\\/#website\",\"url\":\"https:\\\/\\\/repliquemangacine.fr\\\/\",\"name\":\"R\u00e9plique Manga Cin\u00e9\",\"description\":\"\",\"publisher\":{\"@id\":\"https:\\\/\\\/repliquemangacine.fr\\\/#organization\"},\"potentialAction\":[{\"@type\":\"SearchAction\",\"target\":{\"@type\":\"EntryPoint\",\"urlTemplate\":\"https:\\\/\\\/repliquemangacine.fr\\\/?s={search_term_string}\"},\"query-input\":{\"@type\":\"PropertyValueSpecification\",\"valueRequired\":true,\"valueName\":\"search_term_string\"}}],\"inLanguage\":\"de\"},{\"@type\":\"Organization\",\"@id\":\"https:\\\/\\\/repliquemangacine.fr\\\/#organization\",\"name\":\"R\u00e9plique Manga Cin\u00e9\",\"url\":\"https:\\\/\\\/repliquemangacine.fr\\\/\",\"logo\":{\"@type\":\"ImageObject\",\"inLanguage\":\"de\",\"@id\":\"https:\\\/\\\/repliquemangacine.fr\\\/#\\\/schema\\\/logo\\\/image\\\/\",\"url\":\"https:\\\/\\\/repliquemangacine.fr\\\/wp-content\\\/uploads\\\/2023\\\/10\\\/RMC-500250.png\",\"contentUrl\":\"https:\\\/\\\/repliquemangacine.fr\\\/wp-content\\\/uploads\\\/2023\\\/10\\\/RMC-500250.png\",\"width\":500,\"height\":250,\"caption\":\"R\u00e9plique Manga Cin\u00e9\"},\"image\":{\"@id\":\"https:\\\/\\\/repliquemangacine.fr\\\/#\\\/schema\\\/logo\\\/image\\\/\"},\"sameAs\":[\"https:\\\/\\\/www.facebook.com\\\/RepliqueMangaCine\",\"https:\\\/\\\/www.instagram.com\\\/repliquemangacine.fr\\\/\"]}]}<\/script>\n<!-- \/ Yoast SEO plugin. -->","yoast_head_json":{"title":"Winchester Kolser Faktische Kugeln - R\u00e9plique Manga Cin\u00e9","description":"Bestellen Sie Ihre Winchester-Kolser-Fake-Balls zum besten Preis - Z\u00fcndsystem, damit es knallt - Ganz aus Metall","robots":{"index":"index","follow":"follow","max-snippet":"max-snippet:-1","max-image-preview":"max-image-preview:large","max-video-preview":"max-video-preview:-1"},"canonical":"https:\/\/repliquemangacine.fr\/de\/kolser-waffe\/6-attrappenkugeln-winchester-kolser\/","og_locale":"de_DE","og_type":"article","og_title":"Balles Factices Winchester Kolser - R\u00e9plique Manga Cin\u00e9","og_description":"Pour plus de r\u00e9alisme, commandez vite ! vos Balles Factices Winchester Kolser au meilleur prix - Syst\u00e8me d'amorce pour que \u00e7a p\u00e9tarade - Tout en m\u00e9tal","og_url":"https:\/\/repliquemangacine.fr\/de\/kolser-waffe\/6-attrappenkugeln-winchester-kolser\/","og_site_name":"R\u00e9plique Manga Cin\u00e9","article_publisher":"https:\/\/www.facebook.com\/RepliqueMangaCine","article_modified_time":"2026-04-15T21:44:42+00:00","og_image":[{"width":800,"height":800,"url":"https:\/\/repliquemangacine.fr\/wp-content\/uploads\/2022\/02\/balles-fusil-kolser.jpg","type":"image\/jpeg"}],"twitter_card":"summary_large_image","twitter_misc":{"Gesch\u00e4tzte Lesezeit":"2\u00a0Minuten"},"schema":{"@context":"https:\/\/schema.org","@graph":[{"@type":"WebPage","@id":"https:\/\/repliquemangacine.fr\/de\/kolser-waffe\/6-attrappenkugeln-winchester-kolser\/","url":"https:\/\/repliquemangacine.fr\/de\/kolser-waffe\/6-attrappenkugeln-winchester-kolser\/","name":"Winchester Kolser Faktische Kugeln - R\u00e9plique Manga Cin\u00e9","isPartOf":{"@id":"https:\/\/repliquemangacine.fr\/#website"},"primaryImageOfPage":{"@id":"https:\/\/repliquemangacine.fr\/de\/kolser-waffe\/6-attrappenkugeln-winchester-kolser\/#primaryimage"},"image":{"@id":"https:\/\/repliquemangacine.fr\/de\/kolser-waffe\/6-attrappenkugeln-winchester-kolser\/#primaryimage"},"thumbnailUrl":"https:\/\/repliquemangacine.fr\/wp-content\/uploads\/2022\/02\/balles-fusil-kolser.jpg","datePublished":"2022-02-21T13:17:09+00:00","dateModified":"2026-04-15T21:44:42+00:00","description":"Bestellen Sie Ihre Winchester-Kolser-Fake-Balls zum besten Preis - Z\u00fcndsystem, damit es knallt - Ganz aus Metall","breadcrumb":{"@id":"https:\/\/repliquemangacine.fr\/de\/kolser-waffe\/6-attrappenkugeln-winchester-kolser\/#breadcrumb"},"inLanguage":"de","potentialAction":[{"@type":"ReadAction","target":["https:\/\/repliquemangacine.fr\/de\/kolser-waffe\/6-attrappenkugeln-winchester-kolser\/"]}]},{"@type":"ImageObject","inLanguage":"de","@id":"https:\/\/repliquemangacine.fr\/de\/kolser-waffe\/6-attrappenkugeln-winchester-kolser\/#primaryimage","url":"https:\/\/repliquemangacine.fr\/wp-content\/uploads\/2022\/02\/balles-fusil-kolser.jpg","contentUrl":"https:\/\/repliquemangacine.fr\/wp-content\/uploads\/2022\/02\/balles-fusil-kolser.jpg","width":800,"height":800,"caption":"Balles Factices Winchester Kolser"},{"@type":"BreadcrumbList","@id":"https:\/\/repliquemangacine.fr\/de\/kolser-waffe\/6-attrappenkugeln-winchester-kolser\/#breadcrumb","itemListElement":[{"@type":"ListItem","position":1,"name":"Accueil","item":"https:\/\/repliquemangacine.fr\/"},{"@type":"ListItem","position":2,"name":"Produits","item":"https:\/\/repliquemangacine.fr\/boutique\/"},{"@type":"ListItem","position":3,"name":"Balles Factices Winchester Kolser"}]},{"@type":"WebSite","@id":"https:\/\/repliquemangacine.fr\/#website","url":"https:\/\/repliquemangacine.fr\/","name":"R\u00e9plique Manga Cin\u00e9","description":"","publisher":{"@id":"https:\/\/repliquemangacine.fr\/#organization"},"potentialAction":[{"@type":"SearchAction","target":{"@type":"EntryPoint","urlTemplate":"https:\/\/repliquemangacine.fr\/?s={search_term_string}"},"query-input":{"@type":"PropertyValueSpecification","valueRequired":true,"valueName":"search_term_string"}}],"inLanguage":"de"},{"@type":"Organization","@id":"https:\/\/repliquemangacine.fr\/#organization","name":"R\u00e9plique Manga Cin\u00e9","url":"https:\/\/repliquemangacine.fr\/","logo":{"@type":"ImageObject","inLanguage":"de","@id":"https:\/\/repliquemangacine.fr\/#\/schema\/logo\/image\/","url":"https:\/\/repliquemangacine.fr\/wp-content\/uploads\/2023\/10\/RMC-500250.png","contentUrl":"https:\/\/repliquemangacine.fr\/wp-content\/uploads\/2023\/10\/RMC-500250.png","width":500,"height":250,"caption":"R\u00e9plique Manga Cin\u00e9"},"image":{"@id":"https:\/\/repliquemangacine.fr\/#\/schema\/logo\/image\/"},"sameAs":["https:\/\/www.facebook.com\/RepliqueMangaCine","https:\/\/www.instagram.com\/repliquemangacine.fr\/"]}]}},"_links":{"self":[{"href":"https:\/\/repliquemangacine.fr\/de\/wp-json\/wp\/v2\/product\/48405","targetHints":{"allow":["GET"]}}],"collection":[{"href":"https:\/\/repliquemangacine.fr\/de\/wp-json\/wp\/v2\/product"}],"about":[{"href":"https:\/\/repliquemangacine.fr\/de\/wp-json\/wp\/v2\/types\/product"}],"wp:featuredmedia":[{"embeddable":true,"href":"https:\/\/repliquemangacine.fr\/de\/wp-json\/wp\/v2\/media\/85565"}],"wp:attachment":[{"href":"https:\/\/repliquemangacine.fr\/de\/wp-json\/wp\/v2\/media?parent=48405"}],"wp:term":[{"taxonomy":"product_brand","embeddable":true,"href":"https:\/\/repliquemangacine.fr\/de\/wp-json\/wp\/v2\/product_brand?post=48405"},{"taxonomy":"product_cat","embeddable":true,"href":"https:\/\/repliquemangacine.fr\/de\/wp-json\/wp\/v2\/product_cat?post=48405"},{"taxonomy":"product_tag","embeddable":true,"href":"https:\/\/repliquemangacine.fr\/de\/wp-json\/wp\/v2\/product_tag?post=48405"}],"curies":[{"name":"wp","href":"https:\/\/api.w.org\/{rel}","templated":true}]}}