





{"id":48396,"date":"2022-02-21T12:45:28","date_gmt":"2022-02-21T11:45:28","guid":{"rendered":"https:\/\/repliquemangacine.fr\/?post_type=product&#038;p=48396"},"modified":"2026-02-02T15:19:09","modified_gmt":"2026-02-02T14:19:09","slug":"ledergurtelholster-fur-kolser-pistole","status":"publish","type":"product","link":"https:\/\/repliquemangacine.fr\/de\/holster-accessoires-western\/holster-cuir-ceinturon-pour-pistolet-kolser\/","title":{"rendered":"Kolser Lederholster"},"content":{"rendered":"<h2>Kolser Lederholster<\/h2>\n<p>Zu Beginn wird die<strong>Lederholster <a href=\"https:\/\/kolser.com\/\" target=\"_blank\" rel=\"noopener noreferrer\">Kolser<\/a><\/strong> erm\u00f6glicht es dem Tr\u00e4ger, seine Waffe immer griffbereit zu haben und sie relativ schnell herauszuziehen. Popul\u00e4r wurde sie in Westernfilmen und in ber\u00fchmten Duellszenen. Das Herausziehen der Pistole in einigen Filmen ist ziemlich spektakul\u00e4r und man erlebt technische Meisterleistungen, um sie wieder hineinzubekommen.<\/p>\n<p>Dieser 1-Sitzer-G\u00fcrtel der Marke Kolser. Er besteht aus echtem Leder und wird Ihre Pistolennachbildung aufnehmen, um Ihren Outfits, historischen Rekonstruktionen, Sammlungen, Filmrequisiten, Westernoutfits usw. den authentischsten Aspekt zu verleihen. Geliefert mit 14 Kugeln f\u00fcr Colt 45 f\u00fcr noch mehr Authentizit\u00e4t.<\/p>\n<p>Mit diesem Zubeh\u00f6r f\u00fcr Colts oder Pistolen. Erleben Sie mythische Filmszenen, veredeln Sie Ihr Western-Outfit, schm\u00fccken Sie Ihre Sammlung. Dieser schlichte und elegante G\u00fcrtel mit seinen Attrappen h\u00e4lt, was er verspricht.<\/p>\n<h2>Ihre Western-Accessoires zum besten Preis.<\/h2>\n<p>Wir bieten Ihnen eine gro\u00dfe Auswahl an kleinen Western-Accessoires, um Ihr Kost\u00fcm zu perfektionieren.<\/p>\n<p>Zun\u00e4chst einmal,<\/p>\n<ul>\n<li>Sie brauchen unseren <a href=\"https:\/\/repliquemangacine.fr\/de\/kolser-waffe\/replique-colt-45-4-75-pouces-1873-kolser\/\">koffer colt 45 4.75 inch 1873 kolser<\/a> um ihn an Ihrem G\u00fcrtel zu befestigen.<\/li>\n<li>Sowie das <a href=\"https:\/\/repliquemangacine.fr\/de\/kolser-waffe\/coffret-colt-45-saa-31cm-poli-1873-kolser\/\">Schatulle Colt 45 SAA 31cm poliert 1873<\/a> handpoliert.<\/li>\n<li>Es gibt auch Attrappenkugeln, mit denen Sie Ihr Holster f\u00fcllen k\u00f6nnen, um eine perfekte Illusion zu erzeugen.<\/li>\n<li>Und noch viel mehr gibt es in unserem Online-Shop zu entdecken!<\/li>\n<\/ul>\n<p>Deshalb ist dies eine tolle Geschenkidee f\u00fcr alle Westernliebhaber.<\/p>\n<p>Zusammenfassend l\u00e4sst sich sagen, dass Sie dieses Kolser Lederholster f\u00fcr Ihre Western-Country-Auff\u00fchrungen oder Themenabende verwenden k\u00f6nnen.<\/p>\n<p>R\u00e9plique Manga Cin\u00e9, franz\u00f6sischer H\u00e4ndler der Marke Kolser in Frankreich.<\/p>","protected":false},"excerpt":{"rendered":"<p>Wundersch\u00f6nes, hochwertiges 1-Sitzer-Holster<\/p>\n<ul>\n<li>Alles aus weichem Echtleder.<\/li>\n<li>Vollst\u00e4ndig von Hand gefertigt und genietet.<\/li>\n<li>Schnalle aus gealtertem Stahl.<\/li>\n<li>Patronengurt.<\/li>\n<li>Halteriemen am Oberschenkel.<\/li>\n<li>Wird mit speziellen Kolser-Primer-Attrappenkugeln geliefert.<\/li>\n<li>Gesamtl\u00e4nge vom letzten Loch bis zur Schnalle: 113 cm<\/li>\n<\/ul>","protected":false},"featured_media":48397,"template":"","meta":[],"product_brand":[896],"product_cat":[100,45,90,27],"product_tag":[],"class_list":{"0":"post-48396","1":"product","2":"type-product","3":"status-publish","4":"has-post-thumbnail","6":"product_brand-replique-manga-cine","7":"product_cat-arme-kolser","8":"product_cat-holster-western-ceinturon","9":"product_cat-holster-accessoires-western","10":"product_cat-armes-et-accessoires-western","12":"first","13":"outofstock","14":"taxable","15":"shipping-taxable","16":"purchasable","17":"product-type-simple"},"yoast_head":"<!-- This site is optimized with the Yoast SEO plugin v27.5 - https:\/\/yoast.com\/product\/yoast-seo-wordpress\/ -->\n<title>Holster cuir Kolser - Ceinturon western - R\u00e9plique Manga Cin\u00e9<\/title>\n<meta name=\"description\" content=\"Soyez pr\u00eat pour votre duel avec ce superbe Holster cuir Kolser au meilleur prix - En cuir v\u00e9ritable souple - Livr\u00e9e avec ses 14 balles factices - 113 cm\" \/>\n<meta name=\"robots\" content=\"index, follow, max-snippet:-1, max-image-preview:large, max-video-preview:-1\" \/>\n<link rel=\"canonical\" href=\"https:\/\/repliquemangacine.fr\/de\/kolser-waffe\/ledergurtelholster-fur-kolser-pistole\/\" \/>\n<meta property=\"og:locale\" content=\"de_DE\" \/>\n<meta property=\"og:type\" content=\"article\" \/>\n<meta property=\"og:title\" content=\"Holster cuir Kolser - Ceinturon western - R\u00e9plique Manga Cin\u00e9\" \/>\n<meta property=\"og:description\" content=\"Soyez pr\u00eat pour votre duel avec ce superbe Holster cuir Kolser au meilleur prix - En cuir v\u00e9ritable souple - Livr\u00e9e avec ses 14 balles factices - 113 cm\" \/>\n<meta property=\"og:url\" content=\"https:\/\/repliquemangacine.fr\/de\/kolser-waffe\/ledergurtelholster-fur-kolser-pistole\/\" \/>\n<meta property=\"og:site_name\" content=\"R\u00e9plique Manga Cin\u00e9\" \/>\n<meta property=\"article:publisher\" content=\"https:\/\/www.facebook.com\/RepliqueMangaCine\" \/>\n<meta property=\"article:modified_time\" content=\"2026-02-02T14:19:09+00:00\" \/>\n<meta property=\"og:image\" content=\"https:\/\/repliquemangacine.fr\/wp-content\/uploads\/2023\/10\/65548213-A847-4479-B41D-13476B498689.png\" \/>\n\t<meta property=\"og:image:width\" content=\"500\" \/>\n\t<meta property=\"og:image:height\" content=\"500\" \/>\n\t<meta property=\"og:image:type\" content=\"image\/png\" \/>\n<meta name=\"twitter:card\" content=\"summary_large_image\" \/>\n<meta name=\"twitter:label1\" content=\"Gesch\u00e4tzte Lesezeit\" \/>\n\t<meta name=\"twitter:data1\" content=\"1\u00a0Minute\" \/>\n<script type=\"application\/ld+json\" class=\"yoast-schema-graph\">{\"@context\":\"https:\\\/\\\/schema.org\",\"@graph\":[{\"@type\":\"WebPage\",\"@id\":\"https:\\\/\\\/repliquemangacine.fr\\\/arme-kolser\\\/holster-cuir-ceinturon-pour-pistolet-kolser\\\/\",\"url\":\"https:\\\/\\\/repliquemangacine.fr\\\/arme-kolser\\\/holster-cuir-ceinturon-pour-pistolet-kolser\\\/\",\"name\":\"Holster cuir Kolser - Ceinturon western - R\u00e9plique Manga Cin\u00e9\",\"isPartOf\":{\"@id\":\"https:\\\/\\\/repliquemangacine.fr\\\/#website\"},\"primaryImageOfPage\":{\"@id\":\"https:\\\/\\\/repliquemangacine.fr\\\/arme-kolser\\\/holster-cuir-ceinturon-pour-pistolet-kolser\\\/#primaryimage\"},\"image\":{\"@id\":\"https:\\\/\\\/repliquemangacine.fr\\\/arme-kolser\\\/holster-cuir-ceinturon-pour-pistolet-kolser\\\/#primaryimage\"},\"thumbnailUrl\":\"https:\\\/\\\/repliquemangacine.fr\\\/wp-content\\\/uploads\\\/2023\\\/10\\\/65548213-A847-4479-B41D-13476B498689.png\",\"datePublished\":\"2022-02-21T11:45:28+00:00\",\"dateModified\":\"2026-02-02T14:19:09+00:00\",\"description\":\"Soyez pr\u00eat pour votre duel avec ce superbe Holster cuir Kolser au meilleur prix - En cuir v\u00e9ritable souple - Livr\u00e9e avec ses 14 balles factices - 113 cm\",\"breadcrumb\":{\"@id\":\"https:\\\/\\\/repliquemangacine.fr\\\/arme-kolser\\\/holster-cuir-ceinturon-pour-pistolet-kolser\\\/#breadcrumb\"},\"inLanguage\":\"de\",\"potentialAction\":[{\"@type\":\"ReadAction\",\"target\":[\"https:\\\/\\\/repliquemangacine.fr\\\/arme-kolser\\\/holster-cuir-ceinturon-pour-pistolet-kolser\\\/\"]}]},{\"@type\":\"ImageObject\",\"inLanguage\":\"de\",\"@id\":\"https:\\\/\\\/repliquemangacine.fr\\\/arme-kolser\\\/holster-cuir-ceinturon-pour-pistolet-kolser\\\/#primaryimage\",\"url\":\"https:\\\/\\\/repliquemangacine.fr\\\/wp-content\\\/uploads\\\/2023\\\/10\\\/65548213-A847-4479-B41D-13476B498689.png\",\"contentUrl\":\"https:\\\/\\\/repliquemangacine.fr\\\/wp-content\\\/uploads\\\/2023\\\/10\\\/65548213-A847-4479-B41D-13476B498689.png\",\"width\":500,\"height\":500,\"caption\":\"Holster kolser\"},{\"@type\":\"BreadcrumbList\",\"@id\":\"https:\\\/\\\/repliquemangacine.fr\\\/arme-kolser\\\/holster-cuir-ceinturon-pour-pistolet-kolser\\\/#breadcrumb\",\"itemListElement\":[{\"@type\":\"ListItem\",\"position\":1,\"name\":\"Accueil\",\"item\":\"https:\\\/\\\/repliquemangacine.fr\\\/\"},{\"@type\":\"ListItem\",\"position\":2,\"name\":\"Produits\",\"item\":\"https:\\\/\\\/repliquemangacine.fr\\\/boutique\\\/\"},{\"@type\":\"ListItem\",\"position\":3,\"name\":\"Holster cuir Kolser\"}]},{\"@type\":\"WebSite\",\"@id\":\"https:\\\/\\\/repliquemangacine.fr\\\/#website\",\"url\":\"https:\\\/\\\/repliquemangacine.fr\\\/\",\"name\":\"R\u00e9plique Manga Cin\u00e9\",\"description\":\"\",\"publisher\":{\"@id\":\"https:\\\/\\\/repliquemangacine.fr\\\/#organization\"},\"potentialAction\":[{\"@type\":\"SearchAction\",\"target\":{\"@type\":\"EntryPoint\",\"urlTemplate\":\"https:\\\/\\\/repliquemangacine.fr\\\/?s={search_term_string}\"},\"query-input\":{\"@type\":\"PropertyValueSpecification\",\"valueRequired\":true,\"valueName\":\"search_term_string\"}}],\"inLanguage\":\"de\"},{\"@type\":\"Organization\",\"@id\":\"https:\\\/\\\/repliquemangacine.fr\\\/#organization\",\"name\":\"R\u00e9plique Manga Cin\u00e9\",\"url\":\"https:\\\/\\\/repliquemangacine.fr\\\/\",\"logo\":{\"@type\":\"ImageObject\",\"inLanguage\":\"de\",\"@id\":\"https:\\\/\\\/repliquemangacine.fr\\\/#\\\/schema\\\/logo\\\/image\\\/\",\"url\":\"https:\\\/\\\/repliquemangacine.fr\\\/wp-content\\\/uploads\\\/2023\\\/10\\\/RMC-500250.png\",\"contentUrl\":\"https:\\\/\\\/repliquemangacine.fr\\\/wp-content\\\/uploads\\\/2023\\\/10\\\/RMC-500250.png\",\"width\":500,\"height\":250,\"caption\":\"R\u00e9plique Manga Cin\u00e9\"},\"image\":{\"@id\":\"https:\\\/\\\/repliquemangacine.fr\\\/#\\\/schema\\\/logo\\\/image\\\/\"},\"sameAs\":[\"https:\\\/\\\/www.facebook.com\\\/RepliqueMangaCine\",\"https:\\\/\\\/www.instagram.com\\\/repliquemangacine.fr\\\/\"]}]}<\/script>\n<!-- \/ Yoast SEO plugin. -->","yoast_head_json":{"title":"Kolser Lederholster - Westerng\u00fcrtel - R\u00e9plique Manga Cin\u00e9","description":"Seien Sie bereit f\u00fcr Ihr Duell mit diesem tollen Kolser Lederholster zum besten Preis - Aus echtem, weichem Leder - Geliefert mit seinen 14 Dummy-B\u00e4llen - 113 cm","robots":{"index":"index","follow":"follow","max-snippet":"max-snippet:-1","max-image-preview":"max-image-preview:large","max-video-preview":"max-video-preview:-1"},"canonical":"https:\/\/repliquemangacine.fr\/de\/kolser-waffe\/ledergurtelholster-fur-kolser-pistole\/","og_locale":"de_DE","og_type":"article","og_title":"Holster cuir Kolser - Ceinturon western - R\u00e9plique Manga Cin\u00e9","og_description":"Soyez pr\u00eat pour votre duel avec ce superbe Holster cuir Kolser au meilleur prix - En cuir v\u00e9ritable souple - Livr\u00e9e avec ses 14 balles factices - 113 cm","og_url":"https:\/\/repliquemangacine.fr\/de\/kolser-waffe\/ledergurtelholster-fur-kolser-pistole\/","og_site_name":"R\u00e9plique Manga Cin\u00e9","article_publisher":"https:\/\/www.facebook.com\/RepliqueMangaCine","article_modified_time":"2026-02-02T14:19:09+00:00","og_image":[{"width":500,"height":500,"url":"https:\/\/repliquemangacine.fr\/wp-content\/uploads\/2023\/10\/65548213-A847-4479-B41D-13476B498689.png","type":"image\/png"}],"twitter_card":"summary_large_image","twitter_misc":{"Gesch\u00e4tzte Lesezeit":"1\u00a0Minute"},"schema":{"@context":"https:\/\/schema.org","@graph":[{"@type":"WebPage","@id":"https:\/\/repliquemangacine.fr\/arme-kolser\/holster-cuir-ceinturon-pour-pistolet-kolser\/","url":"https:\/\/repliquemangacine.fr\/arme-kolser\/holster-cuir-ceinturon-pour-pistolet-kolser\/","name":"Kolser Lederholster - Westerng\u00fcrtel - R\u00e9plique Manga Cin\u00e9","isPartOf":{"@id":"https:\/\/repliquemangacine.fr\/#website"},"primaryImageOfPage":{"@id":"https:\/\/repliquemangacine.fr\/arme-kolser\/holster-cuir-ceinturon-pour-pistolet-kolser\/#primaryimage"},"image":{"@id":"https:\/\/repliquemangacine.fr\/arme-kolser\/holster-cuir-ceinturon-pour-pistolet-kolser\/#primaryimage"},"thumbnailUrl":"https:\/\/repliquemangacine.fr\/wp-content\/uploads\/2023\/10\/65548213-A847-4479-B41D-13476B498689.png","datePublished":"2022-02-21T11:45:28+00:00","dateModified":"2026-02-02T14:19:09+00:00","description":"Seien Sie bereit f\u00fcr Ihr Duell mit diesem tollen Kolser Lederholster zum besten Preis - Aus echtem, weichem Leder - Geliefert mit seinen 14 Dummy-B\u00e4llen - 113 cm","breadcrumb":{"@id":"https:\/\/repliquemangacine.fr\/arme-kolser\/holster-cuir-ceinturon-pour-pistolet-kolser\/#breadcrumb"},"inLanguage":"de","potentialAction":[{"@type":"ReadAction","target":["https:\/\/repliquemangacine.fr\/arme-kolser\/holster-cuir-ceinturon-pour-pistolet-kolser\/"]}]},{"@type":"ImageObject","inLanguage":"de","@id":"https:\/\/repliquemangacine.fr\/arme-kolser\/holster-cuir-ceinturon-pour-pistolet-kolser\/#primaryimage","url":"https:\/\/repliquemangacine.fr\/wp-content\/uploads\/2023\/10\/65548213-A847-4479-B41D-13476B498689.png","contentUrl":"https:\/\/repliquemangacine.fr\/wp-content\/uploads\/2023\/10\/65548213-A847-4479-B41D-13476B498689.png","width":500,"height":500,"caption":"Holster kolser"},{"@type":"BreadcrumbList","@id":"https:\/\/repliquemangacine.fr\/arme-kolser\/holster-cuir-ceinturon-pour-pistolet-kolser\/#breadcrumb","itemListElement":[{"@type":"ListItem","position":1,"name":"Accueil","item":"https:\/\/repliquemangacine.fr\/"},{"@type":"ListItem","position":2,"name":"Produits","item":"https:\/\/repliquemangacine.fr\/boutique\/"},{"@type":"ListItem","position":3,"name":"Holster cuir Kolser"}]},{"@type":"WebSite","@id":"https:\/\/repliquemangacine.fr\/#website","url":"https:\/\/repliquemangacine.fr\/","name":"R\u00e9plique Manga Cin\u00e9","description":"","publisher":{"@id":"https:\/\/repliquemangacine.fr\/#organization"},"potentialAction":[{"@type":"SearchAction","target":{"@type":"EntryPoint","urlTemplate":"https:\/\/repliquemangacine.fr\/?s={search_term_string}"},"query-input":{"@type":"PropertyValueSpecification","valueRequired":true,"valueName":"search_term_string"}}],"inLanguage":"de"},{"@type":"Organization","@id":"https:\/\/repliquemangacine.fr\/#organization","name":"R\u00e9plique Manga Cin\u00e9","url":"https:\/\/repliquemangacine.fr\/","logo":{"@type":"ImageObject","inLanguage":"de","@id":"https:\/\/repliquemangacine.fr\/#\/schema\/logo\/image\/","url":"https:\/\/repliquemangacine.fr\/wp-content\/uploads\/2023\/10\/RMC-500250.png","contentUrl":"https:\/\/repliquemangacine.fr\/wp-content\/uploads\/2023\/10\/RMC-500250.png","width":500,"height":250,"caption":"R\u00e9plique Manga Cin\u00e9"},"image":{"@id":"https:\/\/repliquemangacine.fr\/#\/schema\/logo\/image\/"},"sameAs":["https:\/\/www.facebook.com\/RepliqueMangaCine","https:\/\/www.instagram.com\/repliquemangacine.fr\/"]}]}},"_links":{"self":[{"href":"https:\/\/repliquemangacine.fr\/de\/wp-json\/wp\/v2\/product\/48396","targetHints":{"allow":["GET"]}}],"collection":[{"href":"https:\/\/repliquemangacine.fr\/de\/wp-json\/wp\/v2\/product"}],"about":[{"href":"https:\/\/repliquemangacine.fr\/de\/wp-json\/wp\/v2\/types\/product"}],"wp:featuredmedia":[{"embeddable":true,"href":"https:\/\/repliquemangacine.fr\/de\/wp-json\/wp\/v2\/media\/48397"}],"wp:attachment":[{"href":"https:\/\/repliquemangacine.fr\/de\/wp-json\/wp\/v2\/media?parent=48396"}],"wp:term":[{"taxonomy":"product_brand","embeddable":true,"href":"https:\/\/repliquemangacine.fr\/de\/wp-json\/wp\/v2\/product_brand?post=48396"},{"taxonomy":"product_cat","embeddable":true,"href":"https:\/\/repliquemangacine.fr\/de\/wp-json\/wp\/v2\/product_cat?post=48396"},{"taxonomy":"product_tag","embeddable":true,"href":"https:\/\/repliquemangacine.fr\/de\/wp-json\/wp\/v2\/product_tag?post=48396"}],"curies":[{"name":"wp","href":"https:\/\/api.w.org\/{rel}","templated":true}]}}