





{"id":48299,"date":"2022-02-16T15:34:18","date_gmt":"2022-02-16T14:34:18","guid":{"rendered":"https:\/\/repliquemangacine.fr\/?post_type=product&#038;p=48299"},"modified":"2026-04-15T15:19:13","modified_gmt":"2026-04-15T13:19:13","slug":"kusabimaru-sekiro-shadows-die-twice","status":"publish","type":"product","link":"https:\/\/repliquemangacine.fr\/de\/katana-et-epee-de-jeux-video-autre-jeux-video\/kusabimaru-sekiro-shadows-die-twice\/","title":{"rendered":"Kusabimaru Sekiro shadows die twice"},"content":{"rendered":"<h2>Katana Kusabimaru Sekiro: Shadows Die Twice<\/h2>\n<p>Zu Beginn wird der <strong>Katana Kusabimaru Sekiro<\/strong>,  bewaffnet mit einem Katana und einem im Laufe des Spiels modifizierbaren Prothesenarm. Sekiro ist der Protagonist des Videospiels.<\/p>\n<p>Sekiro ist ein Ninja, der einem jungen F\u00fcrsten aus einer alten Familie dient. Er ist ruhig und zur\u00fcckhaltend, aber gnadenlos, wenn es darum geht, seine Rachemission mit allen Mitteln zu erf\u00fcllen, um seine Ehre wiederherzustellen.<\/p>\n<p>Er hat auch seinen linken Arm verloren, der durch eine Prothese ersetzt wurde, die offenbar von einem Bildhauer eines verlassenen Tempels geschaffen wurde und seine \u201cAuferstehung\u201d erleichtern wird.<br \/>\nNeben seinen ausgefeilten Ninja-F\u00e4higkeiten, darunter auch die Kunst der Tarnung, verleiht ihm seine Prothese weitere F\u00e4higkeiten, die er in Kombination mit seinem Katana einsetzen kann. <a href=\"https:\/\/sekiroshadowsdietwice.wiki.fextralife.com\/Kusabimaru\" target=\"_blank\" rel=\"noopener noreferrer\">Kusabimaru<\/a>.<\/p>\n<h2>Ihr Kusabimaru Sekiro Katana zum besten Preis.<\/h2>\n<p>Wir bieten Ihnen eine gro\u00dfe Auswahl an Katana, Schwertern und S\u00e4beln, die von Videospielen inspiriert sind, zu kleinen Preisen.<\/p>\n<p>Zun\u00e4chst finden Sie :<\/p>\n<ul>\n<li>Die fantastische Nachbildung des legend\u00e4ren Schwertes von Arthas der \". <a href=\"https:\/\/repliquemangacine.fr\/de\/world-of-warcraft\/frostmourne-deuillegivre-schwert-des-lichkonigs\/\">Frostmourne<\/a>\" in World of Warcraft.<\/li>\n<li>Dann die Schwerter aus Metal Gear Rising mit u.a. dem <a href=\"https:\/\/repliquemangacine.fr\/de\/andere-videospiele\/epee-de-raiden-metal-gear-rising-revengeance\/\">Raidens Schwert<\/a>.<\/li>\n<li>Es gibt auch den ber\u00fchmten <a href=\"https:\/\/repliquemangacine.fr\/de\/andere-videospiele\/kingdom-hearts-keyblade-de-sora\/\">Soras Keyblade<\/a> in Kingdom Hearts.<\/li>\n<li>Und viele andere, die es in unserem Online-Shop zu entdecken gibt!<\/li>\n<\/ul>\n<p>Deshalb gibt es hier tolle Geschenkideen f\u00fcr Fans von Videospielen!<\/p>\n<p>Abschlie\u00dfend k\u00f6nnen Sie auch diesen <strong>Katana Kusabimaru Sekiro<\/strong> f\u00fcr Ihre Cosplay-Paraden oder Themenpartys. Das Schwert von Sekiro aus dem Videospiel Sekiro: Shadows Die Twice ist auch ein Sammler- und Dekorationsst\u00fcck.<\/p>\n<h2>Wie pflegt man die Klinge seines Katanas aus Shadows Die Twice?<\/h2>\n<p>Katanas f\u00fcr Sammlungen und Dekorationen werden auf vereinfachte Weise hergestellt und zusammengebaut. Da sie zu Dekorationszwecken verwendet werden, fehlen ihnen die Sicherheitsmerkmale, die ein japanisches Schwert f\u00fcr Trainingszwecke aufweisen muss.<\/p>\n<p>Allerdings ist Ihr <strong>Katana Kusabimaru Sekiro<\/strong> zu einer Stahlklinge, die gepflegt werden muss, damit sie nicht mit der Zeit abgenutzt wird. Denn wenn du dein Katana ausstellst, werden deine Freunde neugierig sein, die Klinge zu sehen und sie zu ber\u00fchren. Hier ist Vorsicht geboten, denn Sie sollten wissen, dass die S\u00e4ure der Finger dem Stahl unabh\u00e4ngig von seiner Qualit\u00e4t sehr schadet.<\/p>\n<p>Wenn dies jedoch passiert, keine Panik, Sie brauchen nur ein Tuch, das mit etwas \u00d6l befeuchtet ist, und wischen die Fingerabdr\u00fccke ab. Wenn Sie dies tun, werden Sie Ihr Schwert sehr lange behalten.<\/p>\n<p><strong>\u00a0<\/strong><\/p>","protected":false},"excerpt":{"rendered":"<p>Replik des Kusabimaru-Katanas, der Hauptwaffe von Wolf alias Sekiro im Videospiel Shadows Die Twice<\/p>\n<ul>\n<li>Klinge aus hochwertigem Karbonstahl.<\/li>\n<li>Garde und Knauf aus Stahl.<\/li>\n<li>Scheide aus schwarz lackiertem Holz.<\/li>\n<li>L\u00e4nge der Klinge: 68cm - Gesamtl\u00e4nge: 103cm - Gewicht: 1040 grs<\/li>\n<\/ul>","protected":false},"featured_media":48300,"template":"","meta":[],"product_brand":[896],"product_cat":[23,67,101],"product_tag":[],"class_list":{"0":"post-48299","1":"product","2":"type-product","3":"status-publish","4":"has-post-thumbnail","6":"product_brand-replique-manga-cine","7":"product_cat-repliques-manga-jeux-video","8":"product_cat-katana-et-epee-de-jeux-video-autre-jeux-video","9":"product_cat-soldes","11":"first","12":"outofstock","13":"sale","14":"taxable","15":"shipping-taxable","16":"purchasable","17":"product-type-simple"},"yoast_head":"<!-- This site is optimized with the Yoast SEO plugin v27.5 - https:\/\/yoast.com\/product\/yoast-seo-wordpress\/ -->\n<title>Katana Kusabimaru Sekiro - Vente en ligne - R\u00e9plique Manga Cin\u00e9<\/title>\n<meta name=\"description\" content=\"Achetez vite ! Votre Katana Kusabimaru Sekiro au meilleur prix - Lame en acier - Fourreau laqu\u00e9 - Echelle 1\/1 - Longueur : 103 cm - Envoi 24\/48h\" \/>\n<meta name=\"robots\" content=\"index, follow, max-snippet:-1, max-image-preview:large, max-video-preview:-1\" \/>\n<link rel=\"canonical\" href=\"https:\/\/repliquemangacine.fr\/de\/ausverkauf\/kusabimaru-sekiro-shadows-die-twice\/\" \/>\n<meta property=\"og:locale\" content=\"de_DE\" \/>\n<meta property=\"og:type\" content=\"article\" \/>\n<meta property=\"og:title\" content=\"Katana Kusabimaru Sekiro - Vente en ligne - R\u00e9plique Manga Cin\u00e9\" \/>\n<meta property=\"og:description\" content=\"Achetez vite ! Votre Katana Kusabimaru Sekiro au meilleur prix - Lame en acier - Fourreau laqu\u00e9 - Echelle 1\/1 - Longueur : 103 cm - Envoi 24\/48h\" \/>\n<meta property=\"og:url\" content=\"https:\/\/repliquemangacine.fr\/de\/ausverkauf\/kusabimaru-sekiro-shadows-die-twice\/\" \/>\n<meta property=\"og:site_name\" content=\"R\u00e9plique Manga Cin\u00e9\" \/>\n<meta property=\"article:publisher\" content=\"https:\/\/www.facebook.com\/RepliqueMangaCine\" \/>\n<meta property=\"article:modified_time\" content=\"2026-04-15T13:19:13+00:00\" \/>\n<meta property=\"og:image\" content=\"https:\/\/repliquemangacine.fr\/wp-content\/uploads\/2023\/10\/ornamental-katana-zs651bk.jpg\" \/>\n\t<meta property=\"og:image:width\" content=\"800\" \/>\n\t<meta property=\"og:image:height\" content=\"800\" \/>\n\t<meta property=\"og:image:type\" content=\"image\/jpeg\" \/>\n<meta name=\"twitter:card\" content=\"summary_large_image\" \/>\n<meta name=\"twitter:label1\" content=\"Gesch\u00e4tzte Lesezeit\" \/>\n\t<meta name=\"twitter:data1\" content=\"2\u00a0Minuten\" \/>\n<script type=\"application\/ld+json\" class=\"yoast-schema-graph\">{\"@context\":\"https:\\\/\\\/schema.org\",\"@graph\":[{\"@type\":\"WebPage\",\"@id\":\"https:\\\/\\\/repliquemangacine.fr\\\/soldes\\\/kusabimaru-sekiro-shadows-die-twice\\\/\",\"url\":\"https:\\\/\\\/repliquemangacine.fr\\\/soldes\\\/kusabimaru-sekiro-shadows-die-twice\\\/\",\"name\":\"Katana Kusabimaru Sekiro - Vente en ligne - R\u00e9plique Manga Cin\u00e9\",\"isPartOf\":{\"@id\":\"https:\\\/\\\/repliquemangacine.fr\\\/#website\"},\"primaryImageOfPage\":{\"@id\":\"https:\\\/\\\/repliquemangacine.fr\\\/soldes\\\/kusabimaru-sekiro-shadows-die-twice\\\/#primaryimage\"},\"image\":{\"@id\":\"https:\\\/\\\/repliquemangacine.fr\\\/soldes\\\/kusabimaru-sekiro-shadows-die-twice\\\/#primaryimage\"},\"thumbnailUrl\":\"https:\\\/\\\/repliquemangacine.fr\\\/wp-content\\\/uploads\\\/2023\\\/10\\\/ornamental-katana-zs651bk.jpg\",\"datePublished\":\"2022-02-16T14:34:18+00:00\",\"dateModified\":\"2026-04-15T13:19:13+00:00\",\"description\":\"Achetez vite ! Votre Katana Kusabimaru Sekiro au meilleur prix - Lame en acier - Fourreau laqu\u00e9 - Echelle 1\\\/1 - Longueur : 103 cm - Envoi 24\\\/48h\",\"breadcrumb\":{\"@id\":\"https:\\\/\\\/repliquemangacine.fr\\\/soldes\\\/kusabimaru-sekiro-shadows-die-twice\\\/#breadcrumb\"},\"inLanguage\":\"de\",\"potentialAction\":[{\"@type\":\"ReadAction\",\"target\":[\"https:\\\/\\\/repliquemangacine.fr\\\/soldes\\\/kusabimaru-sekiro-shadows-die-twice\\\/\"]}]},{\"@type\":\"ImageObject\",\"inLanguage\":\"de\",\"@id\":\"https:\\\/\\\/repliquemangacine.fr\\\/soldes\\\/kusabimaru-sekiro-shadows-die-twice\\\/#primaryimage\",\"url\":\"https:\\\/\\\/repliquemangacine.fr\\\/wp-content\\\/uploads\\\/2023\\\/10\\\/ornamental-katana-zs651bk.jpg\",\"contentUrl\":\"https:\\\/\\\/repliquemangacine.fr\\\/wp-content\\\/uploads\\\/2023\\\/10\\\/ornamental-katana-zs651bk.jpg\",\"width\":800,\"height\":800,\"caption\":\"Katana Kusabimaru de Sekiro\"},{\"@type\":\"BreadcrumbList\",\"@id\":\"https:\\\/\\\/repliquemangacine.fr\\\/soldes\\\/kusabimaru-sekiro-shadows-die-twice\\\/#breadcrumb\",\"itemListElement\":[{\"@type\":\"ListItem\",\"position\":1,\"name\":\"Accueil\",\"item\":\"https:\\\/\\\/repliquemangacine.fr\\\/\"},{\"@type\":\"ListItem\",\"position\":2,\"name\":\"Produits\",\"item\":\"https:\\\/\\\/repliquemangacine.fr\\\/boutique\\\/\"},{\"@type\":\"ListItem\",\"position\":3,\"name\":\"Kusabimaru Sekiro shadows die twice\"}]},{\"@type\":\"WebSite\",\"@id\":\"https:\\\/\\\/repliquemangacine.fr\\\/#website\",\"url\":\"https:\\\/\\\/repliquemangacine.fr\\\/\",\"name\":\"R\u00e9plique Manga Cin\u00e9\",\"description\":\"\",\"publisher\":{\"@id\":\"https:\\\/\\\/repliquemangacine.fr\\\/#organization\"},\"potentialAction\":[{\"@type\":\"SearchAction\",\"target\":{\"@type\":\"EntryPoint\",\"urlTemplate\":\"https:\\\/\\\/repliquemangacine.fr\\\/?s={search_term_string}\"},\"query-input\":{\"@type\":\"PropertyValueSpecification\",\"valueRequired\":true,\"valueName\":\"search_term_string\"}}],\"inLanguage\":\"de\"},{\"@type\":\"Organization\",\"@id\":\"https:\\\/\\\/repliquemangacine.fr\\\/#organization\",\"name\":\"R\u00e9plique Manga Cin\u00e9\",\"url\":\"https:\\\/\\\/repliquemangacine.fr\\\/\",\"logo\":{\"@type\":\"ImageObject\",\"inLanguage\":\"de\",\"@id\":\"https:\\\/\\\/repliquemangacine.fr\\\/#\\\/schema\\\/logo\\\/image\\\/\",\"url\":\"https:\\\/\\\/repliquemangacine.fr\\\/wp-content\\\/uploads\\\/2023\\\/10\\\/RMC-500250.png\",\"contentUrl\":\"https:\\\/\\\/repliquemangacine.fr\\\/wp-content\\\/uploads\\\/2023\\\/10\\\/RMC-500250.png\",\"width\":500,\"height\":250,\"caption\":\"R\u00e9plique Manga Cin\u00e9\"},\"image\":{\"@id\":\"https:\\\/\\\/repliquemangacine.fr\\\/#\\\/schema\\\/logo\\\/image\\\/\"},\"sameAs\":[\"https:\\\/\\\/www.facebook.com\\\/RepliqueMangaCine\",\"https:\\\/\\\/www.instagram.com\\\/repliquemangacine.fr\\\/\"]}]}<\/script>\n<!-- \/ Yoast SEO plugin. -->","yoast_head_json":{"title":"Katana Kusabimaru Sekiro - Online-Verkauf - R\u00e9plique Manga Cin\u00e9","description":"Kaufen Sie schnell! Ihr Katana Kusabimaru Sekiro zum besten Preis - Klinge aus Stahl - lackierte Scheide - Ma\u00dfstab 1\/1 - L\u00e4nge: 103 cm - Versand 24\/48h","robots":{"index":"index","follow":"follow","max-snippet":"max-snippet:-1","max-image-preview":"max-image-preview:large","max-video-preview":"max-video-preview:-1"},"canonical":"https:\/\/repliquemangacine.fr\/de\/ausverkauf\/kusabimaru-sekiro-shadows-die-twice\/","og_locale":"de_DE","og_type":"article","og_title":"Katana Kusabimaru Sekiro - Vente en ligne - R\u00e9plique Manga Cin\u00e9","og_description":"Achetez vite ! Votre Katana Kusabimaru Sekiro au meilleur prix - Lame en acier - Fourreau laqu\u00e9 - Echelle 1\/1 - Longueur : 103 cm - Envoi 24\/48h","og_url":"https:\/\/repliquemangacine.fr\/de\/ausverkauf\/kusabimaru-sekiro-shadows-die-twice\/","og_site_name":"R\u00e9plique Manga Cin\u00e9","article_publisher":"https:\/\/www.facebook.com\/RepliqueMangaCine","article_modified_time":"2026-04-15T13:19:13+00:00","og_image":[{"width":800,"height":800,"url":"https:\/\/repliquemangacine.fr\/wp-content\/uploads\/2023\/10\/ornamental-katana-zs651bk.jpg","type":"image\/jpeg"}],"twitter_card":"summary_large_image","twitter_misc":{"Gesch\u00e4tzte Lesezeit":"2\u00a0Minuten"},"schema":{"@context":"https:\/\/schema.org","@graph":[{"@type":"WebPage","@id":"https:\/\/repliquemangacine.fr\/soldes\/kusabimaru-sekiro-shadows-die-twice\/","url":"https:\/\/repliquemangacine.fr\/soldes\/kusabimaru-sekiro-shadows-die-twice\/","name":"Katana Kusabimaru Sekiro - Online-Verkauf - R\u00e9plique Manga Cin\u00e9","isPartOf":{"@id":"https:\/\/repliquemangacine.fr\/#website"},"primaryImageOfPage":{"@id":"https:\/\/repliquemangacine.fr\/soldes\/kusabimaru-sekiro-shadows-die-twice\/#primaryimage"},"image":{"@id":"https:\/\/repliquemangacine.fr\/soldes\/kusabimaru-sekiro-shadows-die-twice\/#primaryimage"},"thumbnailUrl":"https:\/\/repliquemangacine.fr\/wp-content\/uploads\/2023\/10\/ornamental-katana-zs651bk.jpg","datePublished":"2022-02-16T14:34:18+00:00","dateModified":"2026-04-15T13:19:13+00:00","description":"Kaufen Sie schnell! Ihr Katana Kusabimaru Sekiro zum besten Preis - Klinge aus Stahl - lackierte Scheide - Ma\u00dfstab 1\/1 - L\u00e4nge: 103 cm - Versand 24\/48h","breadcrumb":{"@id":"https:\/\/repliquemangacine.fr\/soldes\/kusabimaru-sekiro-shadows-die-twice\/#breadcrumb"},"inLanguage":"de","potentialAction":[{"@type":"ReadAction","target":["https:\/\/repliquemangacine.fr\/soldes\/kusabimaru-sekiro-shadows-die-twice\/"]}]},{"@type":"ImageObject","inLanguage":"de","@id":"https:\/\/repliquemangacine.fr\/soldes\/kusabimaru-sekiro-shadows-die-twice\/#primaryimage","url":"https:\/\/repliquemangacine.fr\/wp-content\/uploads\/2023\/10\/ornamental-katana-zs651bk.jpg","contentUrl":"https:\/\/repliquemangacine.fr\/wp-content\/uploads\/2023\/10\/ornamental-katana-zs651bk.jpg","width":800,"height":800,"caption":"Katana Kusabimaru de Sekiro"},{"@type":"BreadcrumbList","@id":"https:\/\/repliquemangacine.fr\/soldes\/kusabimaru-sekiro-shadows-die-twice\/#breadcrumb","itemListElement":[{"@type":"ListItem","position":1,"name":"Accueil","item":"https:\/\/repliquemangacine.fr\/"},{"@type":"ListItem","position":2,"name":"Produits","item":"https:\/\/repliquemangacine.fr\/boutique\/"},{"@type":"ListItem","position":3,"name":"Kusabimaru Sekiro shadows die twice"}]},{"@type":"WebSite","@id":"https:\/\/repliquemangacine.fr\/#website","url":"https:\/\/repliquemangacine.fr\/","name":"R\u00e9plique Manga Cin\u00e9","description":"","publisher":{"@id":"https:\/\/repliquemangacine.fr\/#organization"},"potentialAction":[{"@type":"SearchAction","target":{"@type":"EntryPoint","urlTemplate":"https:\/\/repliquemangacine.fr\/?s={search_term_string}"},"query-input":{"@type":"PropertyValueSpecification","valueRequired":true,"valueName":"search_term_string"}}],"inLanguage":"de"},{"@type":"Organization","@id":"https:\/\/repliquemangacine.fr\/#organization","name":"R\u00e9plique Manga Cin\u00e9","url":"https:\/\/repliquemangacine.fr\/","logo":{"@type":"ImageObject","inLanguage":"de","@id":"https:\/\/repliquemangacine.fr\/#\/schema\/logo\/image\/","url":"https:\/\/repliquemangacine.fr\/wp-content\/uploads\/2023\/10\/RMC-500250.png","contentUrl":"https:\/\/repliquemangacine.fr\/wp-content\/uploads\/2023\/10\/RMC-500250.png","width":500,"height":250,"caption":"R\u00e9plique Manga Cin\u00e9"},"image":{"@id":"https:\/\/repliquemangacine.fr\/#\/schema\/logo\/image\/"},"sameAs":["https:\/\/www.facebook.com\/RepliqueMangaCine","https:\/\/www.instagram.com\/repliquemangacine.fr\/"]}]}},"_links":{"self":[{"href":"https:\/\/repliquemangacine.fr\/de\/wp-json\/wp\/v2\/product\/48299","targetHints":{"allow":["GET"]}}],"collection":[{"href":"https:\/\/repliquemangacine.fr\/de\/wp-json\/wp\/v2\/product"}],"about":[{"href":"https:\/\/repliquemangacine.fr\/de\/wp-json\/wp\/v2\/types\/product"}],"wp:featuredmedia":[{"embeddable":true,"href":"https:\/\/repliquemangacine.fr\/de\/wp-json\/wp\/v2\/media\/48300"}],"wp:attachment":[{"href":"https:\/\/repliquemangacine.fr\/de\/wp-json\/wp\/v2\/media?parent=48299"}],"wp:term":[{"taxonomy":"product_brand","embeddable":true,"href":"https:\/\/repliquemangacine.fr\/de\/wp-json\/wp\/v2\/product_brand?post=48299"},{"taxonomy":"product_cat","embeddable":true,"href":"https:\/\/repliquemangacine.fr\/de\/wp-json\/wp\/v2\/product_cat?post=48299"},{"taxonomy":"product_tag","embeddable":true,"href":"https:\/\/repliquemangacine.fr\/de\/wp-json\/wp\/v2\/product_tag?post=48299"}],"curies":[{"name":"wp","href":"https:\/\/api.w.org\/{rel}","templated":true}]}}