





{"id":48293,"date":"2022-02-16T15:17:28","date_gmt":"2022-02-16T14:17:28","guid":{"rendered":"https:\/\/repliquemangacine.fr\/?post_type=product&#038;p=48293"},"modified":"2026-04-15T12:17:02","modified_gmt":"2026-04-15T10:17:02","slug":"fushigiri-todesklinge-sekiro-shadows-die-twice","status":"publish","type":"product","link":"https:\/\/repliquemangacine.fr\/de\/katana-et-epee-de-jeux-video-autre-jeux-video\/fushigiri-lame-de-la-mort-sekiro-shadows-die-twice\/","title":{"rendered":"Fushigiri Mortal Blade -Sekiro Shadows Die Twice"},"content":{"rendered":"<h2>Todesklinge Sekiro: Shadows Die Twice<\/h2>\n<p>Zu Beginn wird die <strong>Todesklinge Sekiro<\/strong> hei\u00dft Fushigiri Mortal Blade und seine karminrote Klinge wird jeden t\u00f6ten, der es wagt, sie zu ziehen. Ohne die Kraft der Auferstehung w\u00e4re es unm\u00f6glich, diese Waffe zu f\u00fchren, mit der man selbst befallene Wesen besiegen kann. Die Klinge wurde lange Zeit im Senpou-Tempel versteckt und tr\u00e4gt nun ihren wahren Namen: \"Gracious Gift of Tears\".<\/p>\n<p>Die t\u00f6dliche Klinge, auch bekannt als <a href=\"https:\/\/sekiroshadowsdietwice.wiki.fextralife.com\/Mortal+Blade\" target=\"_blank\" rel=\"noopener noreferrer\">Fushigiri<\/a> \"Um die Unsterblichkeit zu durchtrennen\", ist ein Schl\u00fcsselelement in Sekiro: Shadows Die Twice. Bekannt als ein Odachi, der Unsterbliche t\u00f6ten kann, ist es eine Zwillingsklinge des Black Mortal Blade \"Kaimon\".<\/p>\n<p>Der von Isshin Ashina als Sekiro (einarmiger Wolf) bezeichnete Wolf erkl\u00e4rt sich bereit, Kuro bei der Suche nach den drei f\u00fcr das Ritual ben\u00f6tigten Gegenst\u00e4nden zu helfen. Dazu geh\u00f6rt auch ein Schwert, das unsterbliche Wesen t\u00f6ten kann, die Todesklinge.<\/p>\n<h2>Ihre Sekiro Todesklinge zum besten Preis.<\/h2>\n<p>Wir bieten Ihnen eine gro\u00dfe Auswahl an Katana, Schwertern und S\u00e4beln, die von Videospielen inspiriert sind, zu kleinen Preisen.<\/p>\n<p>Zun\u00e4chst finden Sie :<\/p>\n<ul>\n<li>Die fantastische Nachbildung des legend\u00e4ren Schwertes von Arthas der \". <a href=\"https:\/\/repliquemangacine.fr\/de\/world-of-warcraft\/frostmourne-deuillegivre-schwert-des-lichkonigs\/\">Frostmourne<\/a>\" in World of Warcraft.<\/li>\n<li>Dann die Schwerter aus Overwatch, das <a href=\"https:\/\/repliquemangacine.fr\/de\/andere-videospiele\/overwatch-katana-de-genji-lame-de-dragon\/\">Genji-Katana<\/a>Drachenklinge.<\/li>\n<li>Es gibt auch, die<a href=\"https:\/\/repliquemangacine.fr\/de\/andere-videospiele\/butterfly-epee-dota-2\/\">Butterfly-Schwert<\/a> (Schmetterling) in Dota 2.<\/li>\n<li>Und viele andere, die es in unserem Online-Shop zu entdecken gibt!<\/li>\n<\/ul>\n<p>Deshalb gibt es hier tolle Geschenkideen f\u00fcr Fans von Videospielen!<\/p>\n<p>Abschlie\u00dfend k\u00f6nnen Sie auch diesen <strong>Todesklinge Sekiro<\/strong> f\u00fcr Ihre Cosplay-Paraden. Vor allem aber ist das Fushigiri-Schwert, auch ein Sammler- und Dekorationsst\u00fcck.<\/p>\n<h2>Wie pflegt man die Klinge seines Katanas Mortal Blade?<\/h2>\n<p>Katanas f\u00fcr Sammlungen und Dekorationen werden auf vereinfachte Weise hergestellt und zusammengebaut. Da sie zu Dekorationszwecken verwendet werden, fehlen ihnen die Sicherheitsmerkmale, die ein japanisches Schwert f\u00fcr Trainingszwecke aufweisen muss.<\/p>\n<p>Allerdings ist Ihr Katana <strong>Todesklinge Sekiro<\/strong> zu einer Stahlklinge, die gepflegt werden muss, damit sie nicht mit der Zeit abgenutzt wird. Denn wenn du dein Katana ausstellst, werden deine Freunde neugierig sein, die Klinge zu sehen und sie zu ber\u00fchren. Hier ist Vorsicht geboten, denn Sie sollten wissen, dass die S\u00e4ure der Finger dem Stahl unabh\u00e4ngig von seiner Qualit\u00e4t sehr schadet.<\/p>\n<p>Wenn dies jedoch passiert, keine Panik, Sie brauchen nur ein Tuch, das mit etwas \u00d6l befeuchtet ist, und wischen die Fingerabdr\u00fccke ab. Wenn Sie dies tun, werden Sie Ihr Schwert sehr lange behalten.<\/p>\n<p><strong>\u00a0<\/strong><\/p>","protected":false},"excerpt":{"rendered":"<p>Katana Fushigiri, Mortal Blade im Videospiel sekiro: shadows die twice.<\/p>\n<ul>\n<li>Klinge aus hochwertigem Karbonstahl.<\/li>\n<li>Garde und Knauf aus Stahl.<\/li>\n<li>Braun lackierte Scheide.<\/li>\n<li>Klingenl\u00e4nge: 68cm - Gesamtl\u00e4nge: 103cm - Gewicht: 1040 grs.<\/li>\n<\/ul>\n<p>&nbsp;<\/p>","protected":false},"featured_media":48294,"template":"","meta":[],"product_brand":[896],"product_cat":[23,67,101],"product_tag":[],"class_list":{"0":"post-48293","1":"product","2":"type-product","3":"status-publish","4":"has-post-thumbnail","6":"product_brand-replique-manga-cine","7":"product_cat-repliques-manga-jeux-video","8":"product_cat-katana-et-epee-de-jeux-video-autre-jeux-video","9":"product_cat-soldes","11":"first","12":"instock","13":"sale","14":"taxable","15":"shipping-taxable","16":"purchasable","17":"product-type-simple"},"yoast_head":"<!-- This site is optimized with the Yoast SEO plugin v27.5 - https:\/\/yoast.com\/product\/yoast-seo-wordpress\/ -->\n<title>Lame de la Mort Sekiro - Katana Fushigiri Mortal Blade - RMC<\/title>\n<meta name=\"description\" content=\"Achetez vite ! Votre Lame de la Mort Sekiro au meilleur prix - Fushigiri \u00e0 une Lame en acier - Fourreau laqu\u00e9 - Longueur : 103 cm - Envoi 24\/48h\" \/>\n<meta name=\"robots\" content=\"index, follow, max-snippet:-1, max-image-preview:large, max-video-preview:-1\" \/>\n<link rel=\"canonical\" href=\"https:\/\/repliquemangacine.fr\/de\/katana-und-schwert-von-videospielen-andere-videospiele\/fushigiri-todesklinge-sekiro-shadows-die-twice\/\" \/>\n<meta property=\"og:locale\" content=\"de_DE\" \/>\n<meta property=\"og:type\" content=\"article\" \/>\n<meta property=\"og:title\" content=\"Lame de la Mort Sekiro - Katana Fushigiri Mortal Blade - RMC\" \/>\n<meta property=\"og:description\" content=\"Achetez vite ! Votre Lame de la Mort Sekiro au meilleur prix - Fushigiri \u00e0 une Lame en acier - Fourreau laqu\u00e9 - Longueur : 103 cm - Envoi 24\/48h\" \/>\n<meta property=\"og:url\" content=\"https:\/\/repliquemangacine.fr\/de\/katana-und-schwert-von-videospielen-andere-videospiele\/fushigiri-todesklinge-sekiro-shadows-die-twice\/\" \/>\n<meta property=\"og:site_name\" content=\"R\u00e9plique Manga Cin\u00e9\" \/>\n<meta property=\"article:publisher\" content=\"https:\/\/www.facebook.com\/RepliqueMangaCine\" \/>\n<meta property=\"article:modified_time\" content=\"2026-04-15T10:17:02+00:00\" \/>\n<meta property=\"og:image\" content=\"https:\/\/repliquemangacine.fr\/wp-content\/uploads\/2023\/10\/ornamental-katana-zs651bg.jpg\" \/>\n\t<meta property=\"og:image:width\" content=\"800\" \/>\n\t<meta property=\"og:image:height\" content=\"800\" \/>\n\t<meta property=\"og:image:type\" content=\"image\/jpeg\" \/>\n<meta name=\"twitter:card\" content=\"summary_large_image\" \/>\n<meta name=\"twitter:label1\" content=\"Gesch\u00e4tzte Lesezeit\" \/>\n\t<meta name=\"twitter:data1\" content=\"2\u00a0Minuten\" \/>\n<script type=\"application\/ld+json\" class=\"yoast-schema-graph\">{\"@context\":\"https:\\\/\\\/schema.org\",\"@graph\":[{\"@type\":\"WebPage\",\"@id\":\"https:\\\/\\\/repliquemangacine.fr\\\/katana-et-epee-de-jeux-video-autre-jeux-video\\\/fushigiri-lame-de-la-mort-sekiro-shadows-die-twice\\\/\",\"url\":\"https:\\\/\\\/repliquemangacine.fr\\\/katana-et-epee-de-jeux-video-autre-jeux-video\\\/fushigiri-lame-de-la-mort-sekiro-shadows-die-twice\\\/\",\"name\":\"Lame de la Mort Sekiro - Katana Fushigiri Mortal Blade - RMC\",\"isPartOf\":{\"@id\":\"https:\\\/\\\/repliquemangacine.fr\\\/#website\"},\"primaryImageOfPage\":{\"@id\":\"https:\\\/\\\/repliquemangacine.fr\\\/katana-et-epee-de-jeux-video-autre-jeux-video\\\/fushigiri-lame-de-la-mort-sekiro-shadows-die-twice\\\/#primaryimage\"},\"image\":{\"@id\":\"https:\\\/\\\/repliquemangacine.fr\\\/katana-et-epee-de-jeux-video-autre-jeux-video\\\/fushigiri-lame-de-la-mort-sekiro-shadows-die-twice\\\/#primaryimage\"},\"thumbnailUrl\":\"https:\\\/\\\/repliquemangacine.fr\\\/wp-content\\\/uploads\\\/2023\\\/10\\\/ornamental-katana-zs651bg.jpg\",\"datePublished\":\"2022-02-16T14:17:28+00:00\",\"dateModified\":\"2026-04-15T10:17:02+00:00\",\"description\":\"Achetez vite ! Votre Lame de la Mort Sekiro au meilleur prix - Fushigiri \u00e0 une Lame en acier - Fourreau laqu\u00e9 - Longueur : 103 cm - Envoi 24\\\/48h\",\"breadcrumb\":{\"@id\":\"https:\\\/\\\/repliquemangacine.fr\\\/katana-et-epee-de-jeux-video-autre-jeux-video\\\/fushigiri-lame-de-la-mort-sekiro-shadows-die-twice\\\/#breadcrumb\"},\"inLanguage\":\"de\",\"potentialAction\":[{\"@type\":\"ReadAction\",\"target\":[\"https:\\\/\\\/repliquemangacine.fr\\\/katana-et-epee-de-jeux-video-autre-jeux-video\\\/fushigiri-lame-de-la-mort-sekiro-shadows-die-twice\\\/\"]}]},{\"@type\":\"ImageObject\",\"inLanguage\":\"de\",\"@id\":\"https:\\\/\\\/repliquemangacine.fr\\\/katana-et-epee-de-jeux-video-autre-jeux-video\\\/fushigiri-lame-de-la-mort-sekiro-shadows-die-twice\\\/#primaryimage\",\"url\":\"https:\\\/\\\/repliquemangacine.fr\\\/wp-content\\\/uploads\\\/2023\\\/10\\\/ornamental-katana-zs651bg.jpg\",\"contentUrl\":\"https:\\\/\\\/repliquemangacine.fr\\\/wp-content\\\/uploads\\\/2023\\\/10\\\/ornamental-katana-zs651bg.jpg\",\"width\":800,\"height\":800,\"caption\":\"Lame de la Mort Sekiro\"},{\"@type\":\"BreadcrumbList\",\"@id\":\"https:\\\/\\\/repliquemangacine.fr\\\/katana-et-epee-de-jeux-video-autre-jeux-video\\\/fushigiri-lame-de-la-mort-sekiro-shadows-die-twice\\\/#breadcrumb\",\"itemListElement\":[{\"@type\":\"ListItem\",\"position\":1,\"name\":\"Accueil\",\"item\":\"https:\\\/\\\/repliquemangacine.fr\\\/\"},{\"@type\":\"ListItem\",\"position\":2,\"name\":\"Produits\",\"item\":\"https:\\\/\\\/repliquemangacine.fr\\\/boutique\\\/\"},{\"@type\":\"ListItem\",\"position\":3,\"name\":\"Fushigiri Mortal Blade -Sekiro Shadows Die Twice\"}]},{\"@type\":\"WebSite\",\"@id\":\"https:\\\/\\\/repliquemangacine.fr\\\/#website\",\"url\":\"https:\\\/\\\/repliquemangacine.fr\\\/\",\"name\":\"R\u00e9plique Manga Cin\u00e9\",\"description\":\"\",\"publisher\":{\"@id\":\"https:\\\/\\\/repliquemangacine.fr\\\/#organization\"},\"potentialAction\":[{\"@type\":\"SearchAction\",\"target\":{\"@type\":\"EntryPoint\",\"urlTemplate\":\"https:\\\/\\\/repliquemangacine.fr\\\/?s={search_term_string}\"},\"query-input\":{\"@type\":\"PropertyValueSpecification\",\"valueRequired\":true,\"valueName\":\"search_term_string\"}}],\"inLanguage\":\"de\"},{\"@type\":\"Organization\",\"@id\":\"https:\\\/\\\/repliquemangacine.fr\\\/#organization\",\"name\":\"R\u00e9plique Manga Cin\u00e9\",\"url\":\"https:\\\/\\\/repliquemangacine.fr\\\/\",\"logo\":{\"@type\":\"ImageObject\",\"inLanguage\":\"de\",\"@id\":\"https:\\\/\\\/repliquemangacine.fr\\\/#\\\/schema\\\/logo\\\/image\\\/\",\"url\":\"https:\\\/\\\/repliquemangacine.fr\\\/wp-content\\\/uploads\\\/2023\\\/10\\\/RMC-500250.png\",\"contentUrl\":\"https:\\\/\\\/repliquemangacine.fr\\\/wp-content\\\/uploads\\\/2023\\\/10\\\/RMC-500250.png\",\"width\":500,\"height\":250,\"caption\":\"R\u00e9plique Manga Cin\u00e9\"},\"image\":{\"@id\":\"https:\\\/\\\/repliquemangacine.fr\\\/#\\\/schema\\\/logo\\\/image\\\/\"},\"sameAs\":[\"https:\\\/\\\/www.facebook.com\\\/RepliqueMangaCine\",\"https:\\\/\\\/www.instagram.com\\\/repliquemangacine.fr\\\/\"]}]}<\/script>\n<!-- \/ Yoast SEO plugin. -->","yoast_head_json":{"title":"Sekiro Todesklinge - Katana Fushigiri Mortal Blade - RMC","description":"Kaufen Sie schnell! Ihre Sekiro Todesklinge zum besten Preis - Fushigiri mit einer Klinge aus Stahl - Lackierte Scheide - L\u00e4nge: 103 cm - Versand 24\/48 Stunden","robots":{"index":"index","follow":"follow","max-snippet":"max-snippet:-1","max-image-preview":"max-image-preview:large","max-video-preview":"max-video-preview:-1"},"canonical":"https:\/\/repliquemangacine.fr\/de\/katana-und-schwert-von-videospielen-andere-videospiele\/fushigiri-todesklinge-sekiro-shadows-die-twice\/","og_locale":"de_DE","og_type":"article","og_title":"Lame de la Mort Sekiro - Katana Fushigiri Mortal Blade - RMC","og_description":"Achetez vite ! Votre Lame de la Mort Sekiro au meilleur prix - Fushigiri \u00e0 une Lame en acier - Fourreau laqu\u00e9 - Longueur : 103 cm - Envoi 24\/48h","og_url":"https:\/\/repliquemangacine.fr\/de\/katana-und-schwert-von-videospielen-andere-videospiele\/fushigiri-todesklinge-sekiro-shadows-die-twice\/","og_site_name":"R\u00e9plique Manga Cin\u00e9","article_publisher":"https:\/\/www.facebook.com\/RepliqueMangaCine","article_modified_time":"2026-04-15T10:17:02+00:00","og_image":[{"width":800,"height":800,"url":"https:\/\/repliquemangacine.fr\/wp-content\/uploads\/2023\/10\/ornamental-katana-zs651bg.jpg","type":"image\/jpeg"}],"twitter_card":"summary_large_image","twitter_misc":{"Gesch\u00e4tzte Lesezeit":"2\u00a0Minuten"},"schema":{"@context":"https:\/\/schema.org","@graph":[{"@type":"WebPage","@id":"https:\/\/repliquemangacine.fr\/katana-et-epee-de-jeux-video-autre-jeux-video\/fushigiri-lame-de-la-mort-sekiro-shadows-die-twice\/","url":"https:\/\/repliquemangacine.fr\/katana-et-epee-de-jeux-video-autre-jeux-video\/fushigiri-lame-de-la-mort-sekiro-shadows-die-twice\/","name":"Sekiro Todesklinge - Katana Fushigiri Mortal Blade - RMC","isPartOf":{"@id":"https:\/\/repliquemangacine.fr\/#website"},"primaryImageOfPage":{"@id":"https:\/\/repliquemangacine.fr\/katana-et-epee-de-jeux-video-autre-jeux-video\/fushigiri-lame-de-la-mort-sekiro-shadows-die-twice\/#primaryimage"},"image":{"@id":"https:\/\/repliquemangacine.fr\/katana-et-epee-de-jeux-video-autre-jeux-video\/fushigiri-lame-de-la-mort-sekiro-shadows-die-twice\/#primaryimage"},"thumbnailUrl":"https:\/\/repliquemangacine.fr\/wp-content\/uploads\/2023\/10\/ornamental-katana-zs651bg.jpg","datePublished":"2022-02-16T14:17:28+00:00","dateModified":"2026-04-15T10:17:02+00:00","description":"Kaufen Sie schnell! Ihre Sekiro Todesklinge zum besten Preis - Fushigiri mit einer Klinge aus Stahl - Lackierte Scheide - L\u00e4nge: 103 cm - Versand 24\/48 Stunden","breadcrumb":{"@id":"https:\/\/repliquemangacine.fr\/katana-et-epee-de-jeux-video-autre-jeux-video\/fushigiri-lame-de-la-mort-sekiro-shadows-die-twice\/#breadcrumb"},"inLanguage":"de","potentialAction":[{"@type":"ReadAction","target":["https:\/\/repliquemangacine.fr\/katana-et-epee-de-jeux-video-autre-jeux-video\/fushigiri-lame-de-la-mort-sekiro-shadows-die-twice\/"]}]},{"@type":"ImageObject","inLanguage":"de","@id":"https:\/\/repliquemangacine.fr\/katana-et-epee-de-jeux-video-autre-jeux-video\/fushigiri-lame-de-la-mort-sekiro-shadows-die-twice\/#primaryimage","url":"https:\/\/repliquemangacine.fr\/wp-content\/uploads\/2023\/10\/ornamental-katana-zs651bg.jpg","contentUrl":"https:\/\/repliquemangacine.fr\/wp-content\/uploads\/2023\/10\/ornamental-katana-zs651bg.jpg","width":800,"height":800,"caption":"Lame de la Mort Sekiro"},{"@type":"BreadcrumbList","@id":"https:\/\/repliquemangacine.fr\/katana-et-epee-de-jeux-video-autre-jeux-video\/fushigiri-lame-de-la-mort-sekiro-shadows-die-twice\/#breadcrumb","itemListElement":[{"@type":"ListItem","position":1,"name":"Accueil","item":"https:\/\/repliquemangacine.fr\/"},{"@type":"ListItem","position":2,"name":"Produits","item":"https:\/\/repliquemangacine.fr\/boutique\/"},{"@type":"ListItem","position":3,"name":"Fushigiri Mortal Blade -Sekiro Shadows Die Twice"}]},{"@type":"WebSite","@id":"https:\/\/repliquemangacine.fr\/#website","url":"https:\/\/repliquemangacine.fr\/","name":"R\u00e9plique Manga Cin\u00e9","description":"","publisher":{"@id":"https:\/\/repliquemangacine.fr\/#organization"},"potentialAction":[{"@type":"SearchAction","target":{"@type":"EntryPoint","urlTemplate":"https:\/\/repliquemangacine.fr\/?s={search_term_string}"},"query-input":{"@type":"PropertyValueSpecification","valueRequired":true,"valueName":"search_term_string"}}],"inLanguage":"de"},{"@type":"Organization","@id":"https:\/\/repliquemangacine.fr\/#organization","name":"R\u00e9plique Manga Cin\u00e9","url":"https:\/\/repliquemangacine.fr\/","logo":{"@type":"ImageObject","inLanguage":"de","@id":"https:\/\/repliquemangacine.fr\/#\/schema\/logo\/image\/","url":"https:\/\/repliquemangacine.fr\/wp-content\/uploads\/2023\/10\/RMC-500250.png","contentUrl":"https:\/\/repliquemangacine.fr\/wp-content\/uploads\/2023\/10\/RMC-500250.png","width":500,"height":250,"caption":"R\u00e9plique Manga Cin\u00e9"},"image":{"@id":"https:\/\/repliquemangacine.fr\/#\/schema\/logo\/image\/"},"sameAs":["https:\/\/www.facebook.com\/RepliqueMangaCine","https:\/\/www.instagram.com\/repliquemangacine.fr\/"]}]}},"_links":{"self":[{"href":"https:\/\/repliquemangacine.fr\/de\/wp-json\/wp\/v2\/product\/48293","targetHints":{"allow":["GET"]}}],"collection":[{"href":"https:\/\/repliquemangacine.fr\/de\/wp-json\/wp\/v2\/product"}],"about":[{"href":"https:\/\/repliquemangacine.fr\/de\/wp-json\/wp\/v2\/types\/product"}],"wp:featuredmedia":[{"embeddable":true,"href":"https:\/\/repliquemangacine.fr\/de\/wp-json\/wp\/v2\/media\/48294"}],"wp:attachment":[{"href":"https:\/\/repliquemangacine.fr\/de\/wp-json\/wp\/v2\/media?parent=48293"}],"wp:term":[{"taxonomy":"product_brand","embeddable":true,"href":"https:\/\/repliquemangacine.fr\/de\/wp-json\/wp\/v2\/product_brand?post=48293"},{"taxonomy":"product_cat","embeddable":true,"href":"https:\/\/repliquemangacine.fr\/de\/wp-json\/wp\/v2\/product_cat?post=48293"},{"taxonomy":"product_tag","embeddable":true,"href":"https:\/\/repliquemangacine.fr\/de\/wp-json\/wp\/v2\/product_tag?post=48293"}],"curies":[{"name":"wp","href":"https:\/\/api.w.org\/{rel}","templated":true}]}}