





{"id":48282,"date":"2022-02-16T12:26:36","date_gmt":"2022-02-16T11:26:36","guid":{"rendered":"https:\/\/repliquemangacine.fr\/?post_type=product&#038;p=48282"},"modified":"2025-10-25T20:54:36","modified_gmt":"2025-10-25T18:54:36","slug":"dolch-dekoration-freimaurerei","status":"publish","type":"product","link":"https:\/\/repliquemangacine.fr\/de\/dagues-medievales\/dague-de-decoration-franc-maconnerie\/","title":{"rendered":"Dolch Freimaurerei"},"content":{"rendered":"<h2>Dolch Freimaurerei<\/h2>\n<p>Zun\u00e4chst einmal der Freimaurer-Dolch mit seinem Motto Virtus Junxit Mors Non Separabit, was so viel bedeutet wie \u201dWas die Tugend verbindet, kann der Tod nicht trennen\u201d.\u201d<\/p>\n<p>Der Begriff Freimaurerei bezeichnet eine Reihe selektiver Gesellschaften, deren Mitglieder durch Kooptation rekrutiert werden und die Initiationsriten praktizieren, die sich auf ein freimaurerisches Geheimnis und die Kunst des Bauens beziehen. Die Freimaurerei, die sich aus sehr unterschiedlichen historischen und sozialen Ph\u00e4nomenen zusammensetzt, scheint 1598 in Schottland und dann im 17. Jahrhundert in England entstanden zu sein.<\/p>\n<p>Zahlreiche Pers\u00f6nlichkeiten geh\u00f6rten der <a href=\"https:\/\/fr.wikipedia.org\/wiki\/Franc-ma\u00e7onnerie\" target=\"_blank\" rel=\"noopener noreferrer\">Freimaurerei<\/a>. Zu den bekanntesten z\u00e4hlen Voltaire, Goethe, Mozart, George Washington, Roosevelt...<\/p>\n<p>Benjamin Franklin und George Washington spielten \u00fcbrigens eine wesentliche Rolle in der amerikanischen Revolution.<\/p>\n<h2>Ihr Dolch Freimaurerei zum besten Preis.<\/h2>\n<p>Wir bieten Ihnen eine gro\u00dfe Auswahl an historischen Dolchen.<\/p>\n<p>Zun\u00e4chst einmal,<\/p>\n<ul>\n<li>Die <a href=\"https:\/\/repliquemangacine.fr\/de\/mittelalterlicher-dolch\/dolch-der-templer-zur-dekoration\/\">Dolch der Templer<\/a> der Dekoration mit seinem helmartigen Knauf.<\/li>\n<li>Sowie die Replik von <a href=\"https:\/\/repliquemangacine.fr\/de\/mittelalterliche-reproduktionen\/dague-poignard-romain\/\">r\u00f6mischer Dolch<\/a> aus rostfreiem Stahl.<\/li>\n<li>Es gibt auch diesen wunderbaren <a href=\"https:\/\/repliquemangacine.fr\/de\/mittelalterlicher-dolch\/coffret-mini-sabre-cavalerie-usa\/\">Schwert Dolch<\/a> der Kavallerie USA in seiner Holzschatulle.<\/li>\n<li>Und viele andere, die es in unserem Online-Shop zu entdecken gibt!<\/li>\n<\/ul>\n<p>Deshalb ist dies eine gro\u00dfartige Geschenkidee f\u00fcr alle Geschichtsinteressierten.<\/p>\n<p>Abschlie\u00dfend k\u00f6nnen Sie die <strong>Dolch der Freimaurerei<\/strong> f\u00fcr Ihre historischen Nachstellungen oder Themenabende. Vor allem aber ist es ein Sammler- und Dekorationsst\u00fcck.<\/p>\n<p>R\u00e9plique Manga Cin\u00e9 ist ein franz\u00f6sisches Familienunternehmen.<\/p>\n<h2>Wie pflegt man die Klinge seines Deko-Dolches?<\/h2>\n<p>Sammler- und Dekorationsdolche werden auf vereinfachte Weise hergestellt und zusammengesetzt. Da sie nur zu Dekorationszwecken dienen, verf\u00fcgen sie nicht \u00fcber die Sicherheitsvorrichtungen, die f\u00fcr ein japanisches Schwert zum Training erforderlich sind.<\/p>\n<p>Allerdings ist Ihr <strong>Dolch der Freimaurerei <\/strong>eine Stahlklinge, die gepflegt werden muss, damit sie mit der Zeit nicht besch\u00e4digt wird. Denn Sie werden Ihren Dolch ausstellen, Ihre Freunde werden neugierig sein, die Klinge zu sehen und anzufassen. Hier ist Vorsicht geboten, denn Sie sollten wissen, dass die S\u00e4ure der Finger f\u00fcr Stahl unabh\u00e4ngig von seiner Qualit\u00e4t sehr sch\u00e4dlich ist.<\/p>\n<p>Sollte dies dennoch passieren, keine Panik, Sie brauchen nur ein mit etwas \u00d6l befeuchtetes Tuch und wischen die Fingerabdr\u00fccke ab. Auf diese Weise bleibt Ihr Dolch sehr lange erhalten.<\/p>","protected":false},"excerpt":{"rendered":"<p>Wundersch\u00f6ner Dolch zur Dekoration der Freimaurerei.<\/p>\n<ul>\n<li>Klinge aus 440er Stahl.<\/li>\n<li>Knauf aus Stahl, der das Auge der Vorsehung darstellt.<\/li>\n<li>Stahlb\u00fcgel mit den Symbolen: G, Winkelma\u00df und Zirkel.<\/li>\n<li>Scheide mit verziertem Kunstleder \u00fcberzogen.<\/li>\n<li>Klingenl\u00e4nge: 22.5 cm - Gesamtl\u00e4nge: 42 cm - Gewicht: 400 grs<\/li>\n<\/ul>","protected":false},"featured_media":48283,"template":"","meta":[],"product_brand":[896],"product_cat":[25,93,44,26,43],"product_tag":[],"class_list":{"0":"post-48282","1":"product","2":"type-product","3":"status-publish","4":"has-post-thumbnail","6":"product_brand-replique-manga-cine","7":"product_cat-armes-historiques","8":"product_cat-dagues-medievales","9":"product_cat-epees-et-dagues-fantasy","10":"product_cat-katana-epee","11":"product_cat-reproductions-d-armes-et-accessoires-medievales","13":"first","14":"outofstock","15":"sale","16":"taxable","17":"shipping-taxable","18":"purchasable","19":"product-type-simple"},"yoast_head":"<!-- This site is optimized with the Yoast SEO plugin v27.5 - https:\/\/yoast.com\/product\/yoast-seo-wordpress\/ -->\n<title>Dague Franc-Ma\u00e7onnerie - Vente en ligne - R\u00e9plique Manga Cin\u00e9<\/title>\n<meta name=\"description\" content=\"D\u00e9couvrez la Dague Franc-Ma\u00e7onnerie au meilleur prix - Lame en acier - Garde, pommeau et fourreau avec symboles et embl\u00e8mes Franc-Ma\u00e7on - Longueur : 42 cm\" \/>\n<meta name=\"robots\" content=\"index, follow, max-snippet:-1, max-image-preview:large, max-video-preview:-1\" \/>\n<link rel=\"canonical\" href=\"https:\/\/repliquemangacine.fr\/de\/mittelalterliche-dolche\/dolch-dekoration-freimaurerei\/\" \/>\n<meta property=\"og:locale\" content=\"de_DE\" \/>\n<meta property=\"og:type\" content=\"article\" \/>\n<meta property=\"og:title\" content=\"Dague Franc-Ma\u00e7onnerie - Vente en ligne - R\u00e9plique Manga Cin\u00e9\" \/>\n<meta property=\"og:description\" content=\"D\u00e9couvrez la Dague Franc-Ma\u00e7onnerie au meilleur prix - Lame en acier - Garde, pommeau et fourreau avec symboles et embl\u00e8mes Franc-Ma\u00e7on - Longueur : 42 cm\" \/>\n<meta property=\"og:url\" content=\"https:\/\/repliquemangacine.fr\/de\/mittelalterliche-dolche\/dolch-dekoration-freimaurerei\/\" \/>\n<meta property=\"og:site_name\" content=\"R\u00e9plique Manga Cin\u00e9\" \/>\n<meta property=\"article:publisher\" content=\"https:\/\/www.facebook.com\/RepliqueMangaCine\" \/>\n<meta property=\"article:modified_time\" content=\"2025-10-25T18:54:36+00:00\" \/>\n<meta property=\"og:image\" content=\"https:\/\/repliquemangacine.fr\/wp-content\/uploads\/2023\/10\/ornamental-masonic-dagger-zs214-1.jpg\" \/>\n\t<meta property=\"og:image:width\" content=\"800\" \/>\n\t<meta property=\"og:image:height\" content=\"800\" \/>\n\t<meta property=\"og:image:type\" content=\"image\/jpeg\" \/>\n<meta name=\"twitter:card\" content=\"summary_large_image\" \/>\n<meta name=\"twitter:label1\" content=\"Gesch\u00e4tzte Lesezeit\" \/>\n\t<meta name=\"twitter:data1\" content=\"2\u00a0Minuten\" \/>\n<script type=\"application\/ld+json\" class=\"yoast-schema-graph\">{\"@context\":\"https:\\\/\\\/schema.org\",\"@graph\":[{\"@type\":\"WebPage\",\"@id\":\"https:\\\/\\\/repliquemangacine.fr\\\/dagues-medievales\\\/dague-de-decoration-franc-maconnerie\\\/\",\"url\":\"https:\\\/\\\/repliquemangacine.fr\\\/dagues-medievales\\\/dague-de-decoration-franc-maconnerie\\\/\",\"name\":\"Dague Franc-Ma\u00e7onnerie - Vente en ligne - R\u00e9plique Manga Cin\u00e9\",\"isPartOf\":{\"@id\":\"https:\\\/\\\/repliquemangacine.fr\\\/#website\"},\"primaryImageOfPage\":{\"@id\":\"https:\\\/\\\/repliquemangacine.fr\\\/dagues-medievales\\\/dague-de-decoration-franc-maconnerie\\\/#primaryimage\"},\"image\":{\"@id\":\"https:\\\/\\\/repliquemangacine.fr\\\/dagues-medievales\\\/dague-de-decoration-franc-maconnerie\\\/#primaryimage\"},\"thumbnailUrl\":\"https:\\\/\\\/repliquemangacine.fr\\\/wp-content\\\/uploads\\\/2023\\\/10\\\/ornamental-masonic-dagger-zs214-1.jpg\",\"datePublished\":\"2022-02-16T11:26:36+00:00\",\"dateModified\":\"2025-10-25T18:54:36+00:00\",\"description\":\"D\u00e9couvrez la Dague Franc-Ma\u00e7onnerie au meilleur prix - Lame en acier - Garde, pommeau et fourreau avec symboles et embl\u00e8mes Franc-Ma\u00e7on - Longueur : 42 cm\",\"breadcrumb\":{\"@id\":\"https:\\\/\\\/repliquemangacine.fr\\\/dagues-medievales\\\/dague-de-decoration-franc-maconnerie\\\/#breadcrumb\"},\"inLanguage\":\"de\",\"potentialAction\":[{\"@type\":\"ReadAction\",\"target\":[\"https:\\\/\\\/repliquemangacine.fr\\\/dagues-medievales\\\/dague-de-decoration-franc-maconnerie\\\/\"]}]},{\"@type\":\"ImageObject\",\"inLanguage\":\"de\",\"@id\":\"https:\\\/\\\/repliquemangacine.fr\\\/dagues-medievales\\\/dague-de-decoration-franc-maconnerie\\\/#primaryimage\",\"url\":\"https:\\\/\\\/repliquemangacine.fr\\\/wp-content\\\/uploads\\\/2023\\\/10\\\/ornamental-masonic-dagger-zs214-1.jpg\",\"contentUrl\":\"https:\\\/\\\/repliquemangacine.fr\\\/wp-content\\\/uploads\\\/2023\\\/10\\\/ornamental-masonic-dagger-zs214-1.jpg\",\"width\":800,\"height\":800,\"caption\":\"dague des francs-ma\u00e7ons\"},{\"@type\":\"BreadcrumbList\",\"@id\":\"https:\\\/\\\/repliquemangacine.fr\\\/dagues-medievales\\\/dague-de-decoration-franc-maconnerie\\\/#breadcrumb\",\"itemListElement\":[{\"@type\":\"ListItem\",\"position\":1,\"name\":\"Accueil\",\"item\":\"https:\\\/\\\/repliquemangacine.fr\\\/\"},{\"@type\":\"ListItem\",\"position\":2,\"name\":\"Produits\",\"item\":\"https:\\\/\\\/repliquemangacine.fr\\\/boutique\\\/\"},{\"@type\":\"ListItem\",\"position\":3,\"name\":\"Dague Franc-Ma\u00e7onnerie\"}]},{\"@type\":\"WebSite\",\"@id\":\"https:\\\/\\\/repliquemangacine.fr\\\/#website\",\"url\":\"https:\\\/\\\/repliquemangacine.fr\\\/\",\"name\":\"R\u00e9plique Manga Cin\u00e9\",\"description\":\"\",\"publisher\":{\"@id\":\"https:\\\/\\\/repliquemangacine.fr\\\/#organization\"},\"potentialAction\":[{\"@type\":\"SearchAction\",\"target\":{\"@type\":\"EntryPoint\",\"urlTemplate\":\"https:\\\/\\\/repliquemangacine.fr\\\/?s={search_term_string}\"},\"query-input\":{\"@type\":\"PropertyValueSpecification\",\"valueRequired\":true,\"valueName\":\"search_term_string\"}}],\"inLanguage\":\"de\"},{\"@type\":\"Organization\",\"@id\":\"https:\\\/\\\/repliquemangacine.fr\\\/#organization\",\"name\":\"R\u00e9plique Manga Cin\u00e9\",\"url\":\"https:\\\/\\\/repliquemangacine.fr\\\/\",\"logo\":{\"@type\":\"ImageObject\",\"inLanguage\":\"de\",\"@id\":\"https:\\\/\\\/repliquemangacine.fr\\\/#\\\/schema\\\/logo\\\/image\\\/\",\"url\":\"https:\\\/\\\/repliquemangacine.fr\\\/wp-content\\\/uploads\\\/2023\\\/10\\\/RMC-500250.png\",\"contentUrl\":\"https:\\\/\\\/repliquemangacine.fr\\\/wp-content\\\/uploads\\\/2023\\\/10\\\/RMC-500250.png\",\"width\":500,\"height\":250,\"caption\":\"R\u00e9plique Manga Cin\u00e9\"},\"image\":{\"@id\":\"https:\\\/\\\/repliquemangacine.fr\\\/#\\\/schema\\\/logo\\\/image\\\/\"},\"sameAs\":[\"https:\\\/\\\/www.facebook.com\\\/RepliqueMangaCine\",\"https:\\\/\\\/www.instagram.com\\\/repliquemangacine.fr\\\/\"]}]}<\/script>\n<!-- \/ Yoast SEO plugin. -->","yoast_head_json":{"title":"Dolch Freimaurerei - Online-Verkauf - R\u00e9plique Manga Cin\u00e9","description":"Entdecken Sie den Dolch Freimaurerei zum besten Preis - Klinge aus Stahl - Heft, Knauf und Scheide mit Symbolen und Emblemen der Freimaurer - L\u00e4nge: 42 cm","robots":{"index":"index","follow":"follow","max-snippet":"max-snippet:-1","max-image-preview":"max-image-preview:large","max-video-preview":"max-video-preview:-1"},"canonical":"https:\/\/repliquemangacine.fr\/de\/mittelalterliche-dolche\/dolch-dekoration-freimaurerei\/","og_locale":"de_DE","og_type":"article","og_title":"Dague Franc-Ma\u00e7onnerie - Vente en ligne - R\u00e9plique Manga Cin\u00e9","og_description":"D\u00e9couvrez la Dague Franc-Ma\u00e7onnerie au meilleur prix - Lame en acier - Garde, pommeau et fourreau avec symboles et embl\u00e8mes Franc-Ma\u00e7on - Longueur : 42 cm","og_url":"https:\/\/repliquemangacine.fr\/de\/mittelalterliche-dolche\/dolch-dekoration-freimaurerei\/","og_site_name":"R\u00e9plique Manga Cin\u00e9","article_publisher":"https:\/\/www.facebook.com\/RepliqueMangaCine","article_modified_time":"2025-10-25T18:54:36+00:00","og_image":[{"width":800,"height":800,"url":"https:\/\/repliquemangacine.fr\/wp-content\/uploads\/2023\/10\/ornamental-masonic-dagger-zs214-1.jpg","type":"image\/jpeg"}],"twitter_card":"summary_large_image","twitter_misc":{"Gesch\u00e4tzte Lesezeit":"2\u00a0Minuten"},"schema":{"@context":"https:\/\/schema.org","@graph":[{"@type":"WebPage","@id":"https:\/\/repliquemangacine.fr\/dagues-medievales\/dague-de-decoration-franc-maconnerie\/","url":"https:\/\/repliquemangacine.fr\/dagues-medievales\/dague-de-decoration-franc-maconnerie\/","name":"Dolch Freimaurerei - Online-Verkauf - R\u00e9plique Manga Cin\u00e9","isPartOf":{"@id":"https:\/\/repliquemangacine.fr\/#website"},"primaryImageOfPage":{"@id":"https:\/\/repliquemangacine.fr\/dagues-medievales\/dague-de-decoration-franc-maconnerie\/#primaryimage"},"image":{"@id":"https:\/\/repliquemangacine.fr\/dagues-medievales\/dague-de-decoration-franc-maconnerie\/#primaryimage"},"thumbnailUrl":"https:\/\/repliquemangacine.fr\/wp-content\/uploads\/2023\/10\/ornamental-masonic-dagger-zs214-1.jpg","datePublished":"2022-02-16T11:26:36+00:00","dateModified":"2025-10-25T18:54:36+00:00","description":"Entdecken Sie den Dolch Freimaurerei zum besten Preis - Klinge aus Stahl - Heft, Knauf und Scheide mit Symbolen und Emblemen der Freimaurer - L\u00e4nge: 42 cm","breadcrumb":{"@id":"https:\/\/repliquemangacine.fr\/dagues-medievales\/dague-de-decoration-franc-maconnerie\/#breadcrumb"},"inLanguage":"de","potentialAction":[{"@type":"ReadAction","target":["https:\/\/repliquemangacine.fr\/dagues-medievales\/dague-de-decoration-franc-maconnerie\/"]}]},{"@type":"ImageObject","inLanguage":"de","@id":"https:\/\/repliquemangacine.fr\/dagues-medievales\/dague-de-decoration-franc-maconnerie\/#primaryimage","url":"https:\/\/repliquemangacine.fr\/wp-content\/uploads\/2023\/10\/ornamental-masonic-dagger-zs214-1.jpg","contentUrl":"https:\/\/repliquemangacine.fr\/wp-content\/uploads\/2023\/10\/ornamental-masonic-dagger-zs214-1.jpg","width":800,"height":800,"caption":"dague des francs-ma\u00e7ons"},{"@type":"BreadcrumbList","@id":"https:\/\/repliquemangacine.fr\/dagues-medievales\/dague-de-decoration-franc-maconnerie\/#breadcrumb","itemListElement":[{"@type":"ListItem","position":1,"name":"Accueil","item":"https:\/\/repliquemangacine.fr\/"},{"@type":"ListItem","position":2,"name":"Produits","item":"https:\/\/repliquemangacine.fr\/boutique\/"},{"@type":"ListItem","position":3,"name":"Dague Franc-Ma\u00e7onnerie"}]},{"@type":"WebSite","@id":"https:\/\/repliquemangacine.fr\/#website","url":"https:\/\/repliquemangacine.fr\/","name":"R\u00e9plique Manga Cin\u00e9","description":"","publisher":{"@id":"https:\/\/repliquemangacine.fr\/#organization"},"potentialAction":[{"@type":"SearchAction","target":{"@type":"EntryPoint","urlTemplate":"https:\/\/repliquemangacine.fr\/?s={search_term_string}"},"query-input":{"@type":"PropertyValueSpecification","valueRequired":true,"valueName":"search_term_string"}}],"inLanguage":"de"},{"@type":"Organization","@id":"https:\/\/repliquemangacine.fr\/#organization","name":"R\u00e9plique Manga Cin\u00e9","url":"https:\/\/repliquemangacine.fr\/","logo":{"@type":"ImageObject","inLanguage":"de","@id":"https:\/\/repliquemangacine.fr\/#\/schema\/logo\/image\/","url":"https:\/\/repliquemangacine.fr\/wp-content\/uploads\/2023\/10\/RMC-500250.png","contentUrl":"https:\/\/repliquemangacine.fr\/wp-content\/uploads\/2023\/10\/RMC-500250.png","width":500,"height":250,"caption":"R\u00e9plique Manga Cin\u00e9"},"image":{"@id":"https:\/\/repliquemangacine.fr\/#\/schema\/logo\/image\/"},"sameAs":["https:\/\/www.facebook.com\/RepliqueMangaCine","https:\/\/www.instagram.com\/repliquemangacine.fr\/"]}]}},"_links":{"self":[{"href":"https:\/\/repliquemangacine.fr\/de\/wp-json\/wp\/v2\/product\/48282","targetHints":{"allow":["GET"]}}],"collection":[{"href":"https:\/\/repliquemangacine.fr\/de\/wp-json\/wp\/v2\/product"}],"about":[{"href":"https:\/\/repliquemangacine.fr\/de\/wp-json\/wp\/v2\/types\/product"}],"wp:featuredmedia":[{"embeddable":true,"href":"https:\/\/repliquemangacine.fr\/de\/wp-json\/wp\/v2\/media\/48283"}],"wp:attachment":[{"href":"https:\/\/repliquemangacine.fr\/de\/wp-json\/wp\/v2\/media?parent=48282"}],"wp:term":[{"taxonomy":"product_brand","embeddable":true,"href":"https:\/\/repliquemangacine.fr\/de\/wp-json\/wp\/v2\/product_brand?post=48282"},{"taxonomy":"product_cat","embeddable":true,"href":"https:\/\/repliquemangacine.fr\/de\/wp-json\/wp\/v2\/product_cat?post=48282"},{"taxonomy":"product_tag","embeddable":true,"href":"https:\/\/repliquemangacine.fr\/de\/wp-json\/wp\/v2\/product_tag?post=48282"}],"curies":[{"name":"wp","href":"https:\/\/api.w.org\/{rel}","templated":true}]}}