





{"id":47546,"date":"2022-01-20T15:55:48","date_gmt":"2022-01-20T14:55:48","guid":{"rendered":"https:\/\/repliquemangacine.fr\/?post_type=product&#038;p=47546"},"modified":"2026-01-27T16:31:09","modified_gmt":"2026-01-27T15:31:09","slug":"koffer-colt-45-poliert-4-75-zoll-1873-kolser","status":"publish","type":"product","link":"https:\/\/repliquemangacine.fr\/de\/colt-revolver-western\/coffret-colt-45-poli-4-75-pouces-1873-kolser\/","title":{"rendered":"Colt 45 Poli 4.75 - 1873"},"content":{"rendered":"<h2>Box Colt 45 Poliert 4.75 Modell 1873 - Kolser.<\/h2>\n<p>Zu Beginn die Reproduktion des K\u00e4stchens <strong>Colt 45 Poliert 4.75<\/strong> Modell 1873 Kolser, identische Nachbildung des Originals Colt 45 SAA. Historisch gesehen von Stars wie Buffalo Bill, Pat Garrett und Wild Bill Hickock verwendet.<\/p>\n<p>Dieses Kolser-Replikat zeichnet sich durch die Materialien aus, mit denen das (absichtlich gealterte) Metall von der Trommel bis zum Lauf verarbeitet wurde. Sorgf\u00e4ltig \u00fcberarbeitet in der Montage und von Hand poliert.<\/p>\n<p>Eine Montageanleitung wird mit der ausdr\u00fccklichen Empfehlung geliefert, das Ger\u00e4t nicht zu zerlegen. In diesem Fall werden keine R\u00fccksendungen akzeptiert.<\/p>\n<p>Wenn es eine Waffe gibt, deren Prestige nie nachgelassen hat, sondern im Gegenteil immer weiter gewachsen ist, dann ist es der Colt Single Action. Dieser Revolver mit seiner charakteristischen, perfekt harmonischen Form wurde zur Legende.<\/p>\n<h2>Ihr Colt 45 Poliert 4.75 zum besten Preis.<\/h2>\n<p>Wir bieten Ihnen eine gro\u00dfe Auswahl an Reproduktionen von Western Kolser Waffen zum niedrigsten Preis auf dem Markt.<\/p>\n<p>Zun\u00e4chst einmal,<\/p>\n<ul>\n<li>Der Colt <a href=\"https:\/\/repliquemangacine.fr\/de\/kolser-waffe\/coffret-colt-45-peacemaker-5-5-black-edition-kolser\/\">Peacemaker, 5,5 Zoll Black Edition.<\/a><\/li>\n<li>Sowie die <a href=\"https:\/\/repliquemangacine.fr\/de\/kolser-waffe\/6-attrappenkugeln-fur-colt-45-kolser\/\">Attrappenkugeln Kolser<\/a> f\u00fcr mehr Realismus.<\/li>\n<li>Es gibt auch <a href=\"https:\/\/repliquemangacine.fr\/de\/westernzubehor\/blister-de-96-amorces-pour-pistolet-kolser\/\">die Z\u00fcndh\u00fctchen f\u00fcr die Kolser-Halsb\u00e4nder.<\/a><\/li>\n<li>Und viele weitere Encores, die Sie in unserem Online-Shop entdecken k\u00f6nnen!<\/li>\n<\/ul>\n<p>Deshalb ist dies eine tolle Geschenkidee f\u00fcr Sammler oder Westernfans.<\/p>\n<p>Zusammenfassend l\u00e4sst sich sagen, dass Sie das Set verwenden k\u00f6nnen. <strong>Colt 45 Poliert 4.75<\/strong> Modell 1873 Kolser f\u00fcr Ihre Westernvorf\u00fchrungen oder Themenabende.<\/p>\n<p>Es muss betont werden, dass es sich nur um ungef\u00e4hrliche Attrappenwaffen handelt.<\/p>\n<p>R\u00e9plique Manga Cin\u00e9 ist ein franz\u00f6sisches Unternehmen, Vertriebspartner der Marke <a href=\"https:\/\/kolser.com\/fr\/catalogo\/\" target=\"_blank\" rel=\"noopener noreferrer\">Kolser<\/a>.<\/p>\n<h2>Wie werden Kolser-Waffen hergestellt?<\/h2>\n<p>Kolser-Waffen, die aus Metall mit speziellen Oberfl\u00e4chenbearbeitungen aus verzinktem Messing und Nickel hergestellt werden, mit Altmetall- oder Stahleffekten, die in sorgf\u00e4ltigen manuellen Verfahren erzielt werden und den St\u00fccken der Marke ein einzigartiges Aussehen verleihen.<\/p>\n<p>Auf dem h\u00f6chsten Qualit\u00e4tsniveau des Marktes angesiedelt, bewahren sie den Geist der Waffenschmiede vergangener Jahrhunderte f\u00fcr eine gut gemachte Arbeit.<\/p>\n<p>Au\u00dferdem werden die Designprotokolle f\u00fcr neue Modelle modernisiert und nach den h\u00f6chsten Standards durchgef\u00fchrt, wodurch dieser sehr reale Aspekt erreicht wird. Ebenso innovativ sind Kolsers Fertigungssysteme und handgefertigte Montageprozesse, um die h\u00f6chste Qualit\u00e4t der Teile und Materialien zu gew\u00e4hrleisten, mit denen sie Ihr <strong>Colt 45 Poliert 4.75<\/strong>.<\/p>","protected":false},"excerpt":{"rendered":"<p>Peacekeeper-Revolver 4,75 Zoll 1873.<\/p>\n<ul>\n<li>Aus Metall und Holz.<\/li>\n<li>Von Hand poliert und gealtert.<\/li>\n<li>Schaft aus Holz.<\/li>\n<li>Gravur auf dem Lauf.<\/li>\n<li>Funktionaler Mechanismus.<\/li>\n<li>Wiederaufladbare, rotierende Trommelkammer.<\/li>\n<li>Box mit 6 B\u00e4llen.<\/li>\n<li>Gesamtl\u00e4nge: 25.5 cm - Gewicht: 915 g<\/li>\n<\/ul>\n<p><a href=\"https:\/\/youtu.be\/rEPbkLd2edU\">Klicken Sie hier, um die Kolser-Demo zu finden<\/a><\/p>","protected":false},"featured_media":47547,"template":"","meta":[],"product_brand":[896],"product_cat":[100,34,33,77,28,27],"product_tag":[],"class_list":{"0":"post-47546","1":"product","2":"type-product","3":"status-publish","4":"has-post-thumbnail","6":"product_brand-replique-manga-cine","7":"product_cat-arme-kolser","8":"product_cat-armes-westerns","9":"product_cat-colt-pistolet","10":"product_cat-colt-revolver-western","11":"product_cat-repliques-darmes","12":"product_cat-armes-et-accessoires-western","14":"first","15":"outofstock","16":"taxable","17":"shipping-taxable","18":"purchasable","19":"product-type-simple"},"yoast_head":"<!-- This site is optimized with the Yoast SEO plugin v27.5 - https:\/\/yoast.com\/product\/yoast-seo-wordpress\/ -->\n<title>Colt 45 Poli 4.75 - Coffret Revolver Kolser - R\u00e9plique Manga Cin\u00e9<\/title>\n<meta name=\"description\" content=\"Superbe Coffret Colt 45 Poli en 4.75 au meilleur prix - En m\u00e9tal et bois - Poli \u00e0 la main - Barillet rotatif - M\u00e9canisme fonctionnel - Longueur : 25.5 cm\" \/>\n<meta name=\"robots\" content=\"index, follow, max-snippet:-1, max-image-preview:large, max-video-preview:-1\" \/>\n<link rel=\"canonical\" href=\"https:\/\/repliquemangacine.fr\/de\/kolser-waffe\/koffer-colt-45-poliert-4-75-zoll-1873-kolser\/\" \/>\n<meta property=\"og:locale\" content=\"de_DE\" \/>\n<meta property=\"og:type\" content=\"article\" \/>\n<meta property=\"og:title\" content=\"Colt 45 Poli 4.75 - Coffret Revolver Kolser - R\u00e9plique Manga Cin\u00e9\" \/>\n<meta property=\"og:description\" content=\"Superbe Coffret Colt 45 Poli en 4.75 au meilleur prix - En m\u00e9tal et bois - Poli \u00e0 la main - Barillet rotatif - M\u00e9canisme fonctionnel - Longueur : 25.5 cm\" \/>\n<meta property=\"og:url\" content=\"https:\/\/repliquemangacine.fr\/de\/kolser-waffe\/koffer-colt-45-poliert-4-75-zoll-1873-kolser\/\" \/>\n<meta property=\"og:site_name\" content=\"R\u00e9plique Manga Cin\u00e9\" \/>\n<meta property=\"article:publisher\" content=\"https:\/\/www.facebook.com\/RepliqueMangaCine\" \/>\n<meta property=\"article:modified_time\" content=\"2026-01-27T15:31:09+00:00\" \/>\n<meta property=\"og:image\" content=\"https:\/\/repliquemangacine.fr\/wp-content\/uploads\/2023\/10\/1062WNP.jpg\" \/>\n\t<meta property=\"og:image:width\" content=\"800\" \/>\n\t<meta property=\"og:image:height\" content=\"800\" \/>\n\t<meta property=\"og:image:type\" content=\"image\/jpeg\" \/>\n<meta name=\"twitter:card\" content=\"summary_large_image\" \/>\n<meta name=\"twitter:label1\" content=\"Gesch\u00e4tzte Lesezeit\" \/>\n\t<meta name=\"twitter:data1\" content=\"2\u00a0Minuten\" \/>\n<script type=\"application\/ld+json\" class=\"yoast-schema-graph\">{\"@context\":\"https:\\\/\\\/schema.org\",\"@graph\":[{\"@type\":\"WebPage\",\"@id\":\"https:\\\/\\\/repliquemangacine.fr\\\/arme-kolser\\\/coffret-colt-45-poli-4-75-pouces-1873-kolser\\\/\",\"url\":\"https:\\\/\\\/repliquemangacine.fr\\\/arme-kolser\\\/coffret-colt-45-poli-4-75-pouces-1873-kolser\\\/\",\"name\":\"Colt 45 Poli 4.75 - Coffret Revolver Kolser - R\u00e9plique Manga Cin\u00e9\",\"isPartOf\":{\"@id\":\"https:\\\/\\\/repliquemangacine.fr\\\/#website\"},\"primaryImageOfPage\":{\"@id\":\"https:\\\/\\\/repliquemangacine.fr\\\/arme-kolser\\\/coffret-colt-45-poli-4-75-pouces-1873-kolser\\\/#primaryimage\"},\"image\":{\"@id\":\"https:\\\/\\\/repliquemangacine.fr\\\/arme-kolser\\\/coffret-colt-45-poli-4-75-pouces-1873-kolser\\\/#primaryimage\"},\"thumbnailUrl\":\"https:\\\/\\\/repliquemangacine.fr\\\/wp-content\\\/uploads\\\/2023\\\/10\\\/1062WNP.jpg\",\"datePublished\":\"2022-01-20T14:55:48+00:00\",\"dateModified\":\"2026-01-27T15:31:09+00:00\",\"description\":\"Superbe Coffret Colt 45 Poli en 4.75 au meilleur prix - En m\u00e9tal et bois - Poli \u00e0 la main - Barillet rotatif - M\u00e9canisme fonctionnel - Longueur : 25.5 cm\",\"breadcrumb\":{\"@id\":\"https:\\\/\\\/repliquemangacine.fr\\\/arme-kolser\\\/coffret-colt-45-poli-4-75-pouces-1873-kolser\\\/#breadcrumb\"},\"inLanguage\":\"de\",\"potentialAction\":[{\"@type\":\"ReadAction\",\"target\":[\"https:\\\/\\\/repliquemangacine.fr\\\/arme-kolser\\\/coffret-colt-45-poli-4-75-pouces-1873-kolser\\\/\"]}]},{\"@type\":\"ImageObject\",\"inLanguage\":\"de\",\"@id\":\"https:\\\/\\\/repliquemangacine.fr\\\/arme-kolser\\\/coffret-colt-45-poli-4-75-pouces-1873-kolser\\\/#primaryimage\",\"url\":\"https:\\\/\\\/repliquemangacine.fr\\\/wp-content\\\/uploads\\\/2023\\\/10\\\/1062WNP.jpg\",\"contentUrl\":\"https:\\\/\\\/repliquemangacine.fr\\\/wp-content\\\/uploads\\\/2023\\\/10\\\/1062WNP.jpg\",\"width\":800,\"height\":800,\"caption\":\"Coffret Colt 45 Poli Kolser 4.75 pouces\"},{\"@type\":\"BreadcrumbList\",\"@id\":\"https:\\\/\\\/repliquemangacine.fr\\\/arme-kolser\\\/coffret-colt-45-poli-4-75-pouces-1873-kolser\\\/#breadcrumb\",\"itemListElement\":[{\"@type\":\"ListItem\",\"position\":1,\"name\":\"Accueil\",\"item\":\"https:\\\/\\\/repliquemangacine.fr\\\/\"},{\"@type\":\"ListItem\",\"position\":2,\"name\":\"Produits\",\"item\":\"https:\\\/\\\/repliquemangacine.fr\\\/boutique\\\/\"},{\"@type\":\"ListItem\",\"position\":3,\"name\":\"Colt 45 Poli 4.75 &#8211; 1873\"}]},{\"@type\":\"WebSite\",\"@id\":\"https:\\\/\\\/repliquemangacine.fr\\\/#website\",\"url\":\"https:\\\/\\\/repliquemangacine.fr\\\/\",\"name\":\"R\u00e9plique Manga Cin\u00e9\",\"description\":\"\",\"publisher\":{\"@id\":\"https:\\\/\\\/repliquemangacine.fr\\\/#organization\"},\"potentialAction\":[{\"@type\":\"SearchAction\",\"target\":{\"@type\":\"EntryPoint\",\"urlTemplate\":\"https:\\\/\\\/repliquemangacine.fr\\\/?s={search_term_string}\"},\"query-input\":{\"@type\":\"PropertyValueSpecification\",\"valueRequired\":true,\"valueName\":\"search_term_string\"}}],\"inLanguage\":\"de\"},{\"@type\":\"Organization\",\"@id\":\"https:\\\/\\\/repliquemangacine.fr\\\/#organization\",\"name\":\"R\u00e9plique Manga Cin\u00e9\",\"url\":\"https:\\\/\\\/repliquemangacine.fr\\\/\",\"logo\":{\"@type\":\"ImageObject\",\"inLanguage\":\"de\",\"@id\":\"https:\\\/\\\/repliquemangacine.fr\\\/#\\\/schema\\\/logo\\\/image\\\/\",\"url\":\"https:\\\/\\\/repliquemangacine.fr\\\/wp-content\\\/uploads\\\/2023\\\/10\\\/RMC-500250.png\",\"contentUrl\":\"https:\\\/\\\/repliquemangacine.fr\\\/wp-content\\\/uploads\\\/2023\\\/10\\\/RMC-500250.png\",\"width\":500,\"height\":250,\"caption\":\"R\u00e9plique Manga Cin\u00e9\"},\"image\":{\"@id\":\"https:\\\/\\\/repliquemangacine.fr\\\/#\\\/schema\\\/logo\\\/image\\\/\"},\"sameAs\":[\"https:\\\/\\\/www.facebook.com\\\/RepliqueMangaCine\",\"https:\\\/\\\/www.instagram.com\\\/repliquemangacine.fr\\\/\"]}]}<\/script>\n<!-- \/ Yoast SEO plugin. -->","yoast_head_json":{"title":"Colt 45 Poliert 4.75 - Revolver Set Kolser - R\u00e9plique Manga Cin\u00e9","description":"Wundersch\u00f6ne Colt 45 Box Poliert in 4.75 zum besten Preis - Aus Metall und Holz - Handpoliert - Drehbarer Lauf - Funktionaler Mechanismus - L\u00e4nge: 25.5 cm","robots":{"index":"index","follow":"follow","max-snippet":"max-snippet:-1","max-image-preview":"max-image-preview:large","max-video-preview":"max-video-preview:-1"},"canonical":"https:\/\/repliquemangacine.fr\/de\/kolser-waffe\/koffer-colt-45-poliert-4-75-zoll-1873-kolser\/","og_locale":"de_DE","og_type":"article","og_title":"Colt 45 Poli 4.75 - Coffret Revolver Kolser - R\u00e9plique Manga Cin\u00e9","og_description":"Superbe Coffret Colt 45 Poli en 4.75 au meilleur prix - En m\u00e9tal et bois - Poli \u00e0 la main - Barillet rotatif - M\u00e9canisme fonctionnel - Longueur : 25.5 cm","og_url":"https:\/\/repliquemangacine.fr\/de\/kolser-waffe\/koffer-colt-45-poliert-4-75-zoll-1873-kolser\/","og_site_name":"R\u00e9plique Manga Cin\u00e9","article_publisher":"https:\/\/www.facebook.com\/RepliqueMangaCine","article_modified_time":"2026-01-27T15:31:09+00:00","og_image":[{"width":800,"height":800,"url":"https:\/\/repliquemangacine.fr\/wp-content\/uploads\/2023\/10\/1062WNP.jpg","type":"image\/jpeg"}],"twitter_card":"summary_large_image","twitter_misc":{"Gesch\u00e4tzte Lesezeit":"2\u00a0Minuten"},"schema":{"@context":"https:\/\/schema.org","@graph":[{"@type":"WebPage","@id":"https:\/\/repliquemangacine.fr\/arme-kolser\/coffret-colt-45-poli-4-75-pouces-1873-kolser\/","url":"https:\/\/repliquemangacine.fr\/arme-kolser\/coffret-colt-45-poli-4-75-pouces-1873-kolser\/","name":"Colt 45 Poliert 4.75 - Revolver Set Kolser - R\u00e9plique Manga Cin\u00e9","isPartOf":{"@id":"https:\/\/repliquemangacine.fr\/#website"},"primaryImageOfPage":{"@id":"https:\/\/repliquemangacine.fr\/arme-kolser\/coffret-colt-45-poli-4-75-pouces-1873-kolser\/#primaryimage"},"image":{"@id":"https:\/\/repliquemangacine.fr\/arme-kolser\/coffret-colt-45-poli-4-75-pouces-1873-kolser\/#primaryimage"},"thumbnailUrl":"https:\/\/repliquemangacine.fr\/wp-content\/uploads\/2023\/10\/1062WNP.jpg","datePublished":"2022-01-20T14:55:48+00:00","dateModified":"2026-01-27T15:31:09+00:00","description":"Wundersch\u00f6ne Colt 45 Box Poliert in 4.75 zum besten Preis - Aus Metall und Holz - Handpoliert - Drehbarer Lauf - Funktionaler Mechanismus - L\u00e4nge: 25.5 cm","breadcrumb":{"@id":"https:\/\/repliquemangacine.fr\/arme-kolser\/coffret-colt-45-poli-4-75-pouces-1873-kolser\/#breadcrumb"},"inLanguage":"de","potentialAction":[{"@type":"ReadAction","target":["https:\/\/repliquemangacine.fr\/arme-kolser\/coffret-colt-45-poli-4-75-pouces-1873-kolser\/"]}]},{"@type":"ImageObject","inLanguage":"de","@id":"https:\/\/repliquemangacine.fr\/arme-kolser\/coffret-colt-45-poli-4-75-pouces-1873-kolser\/#primaryimage","url":"https:\/\/repliquemangacine.fr\/wp-content\/uploads\/2023\/10\/1062WNP.jpg","contentUrl":"https:\/\/repliquemangacine.fr\/wp-content\/uploads\/2023\/10\/1062WNP.jpg","width":800,"height":800,"caption":"Coffret Colt 45 Poli Kolser 4.75 pouces"},{"@type":"BreadcrumbList","@id":"https:\/\/repliquemangacine.fr\/arme-kolser\/coffret-colt-45-poli-4-75-pouces-1873-kolser\/#breadcrumb","itemListElement":[{"@type":"ListItem","position":1,"name":"Accueil","item":"https:\/\/repliquemangacine.fr\/"},{"@type":"ListItem","position":2,"name":"Produits","item":"https:\/\/repliquemangacine.fr\/boutique\/"},{"@type":"ListItem","position":3,"name":"Colt 45 Poli 4.75 &#8211; 1873"}]},{"@type":"WebSite","@id":"https:\/\/repliquemangacine.fr\/#website","url":"https:\/\/repliquemangacine.fr\/","name":"R\u00e9plique Manga Cin\u00e9","description":"","publisher":{"@id":"https:\/\/repliquemangacine.fr\/#organization"},"potentialAction":[{"@type":"SearchAction","target":{"@type":"EntryPoint","urlTemplate":"https:\/\/repliquemangacine.fr\/?s={search_term_string}"},"query-input":{"@type":"PropertyValueSpecification","valueRequired":true,"valueName":"search_term_string"}}],"inLanguage":"de"},{"@type":"Organization","@id":"https:\/\/repliquemangacine.fr\/#organization","name":"R\u00e9plique Manga Cin\u00e9","url":"https:\/\/repliquemangacine.fr\/","logo":{"@type":"ImageObject","inLanguage":"de","@id":"https:\/\/repliquemangacine.fr\/#\/schema\/logo\/image\/","url":"https:\/\/repliquemangacine.fr\/wp-content\/uploads\/2023\/10\/RMC-500250.png","contentUrl":"https:\/\/repliquemangacine.fr\/wp-content\/uploads\/2023\/10\/RMC-500250.png","width":500,"height":250,"caption":"R\u00e9plique Manga Cin\u00e9"},"image":{"@id":"https:\/\/repliquemangacine.fr\/#\/schema\/logo\/image\/"},"sameAs":["https:\/\/www.facebook.com\/RepliqueMangaCine","https:\/\/www.instagram.com\/repliquemangacine.fr\/"]}]}},"_links":{"self":[{"href":"https:\/\/repliquemangacine.fr\/de\/wp-json\/wp\/v2\/product\/47546","targetHints":{"allow":["GET"]}}],"collection":[{"href":"https:\/\/repliquemangacine.fr\/de\/wp-json\/wp\/v2\/product"}],"about":[{"href":"https:\/\/repliquemangacine.fr\/de\/wp-json\/wp\/v2\/types\/product"}],"wp:featuredmedia":[{"embeddable":true,"href":"https:\/\/repliquemangacine.fr\/de\/wp-json\/wp\/v2\/media\/47547"}],"wp:attachment":[{"href":"https:\/\/repliquemangacine.fr\/de\/wp-json\/wp\/v2\/media?parent=47546"}],"wp:term":[{"taxonomy":"product_brand","embeddable":true,"href":"https:\/\/repliquemangacine.fr\/de\/wp-json\/wp\/v2\/product_brand?post=47546"},{"taxonomy":"product_cat","embeddable":true,"href":"https:\/\/repliquemangacine.fr\/de\/wp-json\/wp\/v2\/product_cat?post=47546"},{"taxonomy":"product_tag","embeddable":true,"href":"https:\/\/repliquemangacine.fr\/de\/wp-json\/wp\/v2\/product_tag?post=47546"}],"curies":[{"name":"wp","href":"https:\/\/api.w.org\/{rel}","templated":true}]}}