





{"id":47473,"date":"2022-01-18T13:53:43","date_gmt":"2022-01-18T12:53:43","guid":{"rendered":"https:\/\/repliquemangacine.fr\/?post_type=product&#038;p=47473"},"modified":"2026-01-09T21:57:03","modified_gmt":"2026-01-09T20:57:03","slug":"mares-leg-55cm-black-edition-kolser","status":"publish","type":"product","link":"https:\/\/repliquemangacine.fr\/de\/repliques-carabine-winchester-western\/mares-leg-55cm-black-edition-kolser\/","title":{"rendered":"Mare's Leg 55cm Schwarz - Kolser"},"content":{"rendered":"<h2>Winchester Mare's Leg 55cm Black - Kolser<\/h2>\n<p>Zu Beginn wird die <strong>Mare's Leg 55cm Schwarz<\/strong> von <a href=\"https:\/\/kolser.com\/fr\/\" target=\"_blank\" rel=\"noopener noreferrer\">Kolser<\/a> ist ein Winchester-Gewehr aus dem Jahr 1892, dessen Kolben und Lauf abges\u00e4gt wurden. Die Firma Kolser bringt das Modell in einer L\u00e4nge von 67 cm mit Kugelauswurf f\u00fcr mehr Realismus auf den Markt.<\/p>\n<p>Das Mare\u2019s Leg, verewigt in der Serie Im Namen des Gesetzes (1958), verwendet von Steve McQueen alias Josh Randall.<\/p>\n<p>Bei der Konzeption und Herstellung dieses kleinen Gewehrs wurde Wert auf mehr Realismus gelegt. Zu diesem Zweck wurde ein Mechanismus eingebaut, der das Laden simuliert und f\u00fcr mehr Realismus sorgt.<\/p>\n<p>Wurde im amerikanischen Westen verwendet, da die Cowboys eine starke Waffe wollten, die schnell gezogen werden konnte. Auch wenn diese Waffe aus der Ferne nicht wirklich pr\u00e4zise war, war sie aus der N\u00e4he nicht weniger m\u00e4chtig.<\/p>\n<h2>Ihr Mare's Leg 55cm Black zum besten Preis.<\/h2>\n<p>Wir bieten Ihnen eine gro\u00dfe Auswahl an Reproduktionen von Westernwaffen.<\/p>\n<p>Zun\u00e4chst einmal,<\/p>\n<ul>\n<li>Diese sch\u00f6ne Replik von <a href=\"https:\/\/repliquemangacine.fr\/de\/kolser-waffe\/replique-mares-leg-67cm-laiton-edition-kolser\/\">Mare's Leg Messing Ausgabe 67 cm<\/a>, hergestellt von Kolser.<\/li>\n<li>Anschlie\u00dfend wird die Reproduktion der <a href=\"https:\/\/repliquemangacine.fr\/de\/westernzubehor\/6-balles-pour-winchester-kolser\/\">Attrappenkugeln<\/a> f\u00fcr Winchester Modell 92,USA 1892.<\/li>\n<li>Sowie das gro\u00dfartige <a href=\"https:\/\/repliquemangacine.fr\/de\/holster-zubehor\/kugelhalter-fur-winchester-kolser\/\">kugelhalter ganz aus leder<\/a>Die Schrotflinte hat eine Kapazit\u00e4t von 6 Kugeln f\u00fcr Winchester Kolser Gewehre.<\/li>\n<li>Und viele andere, die es in unserem Online-Shop zu entdecken gibt!<\/li>\n<\/ul>\n<p>Deshalb ist dies eine tolle Geschenkidee f\u00fcr Fans des amerikanischen Westens.<\/p>\n<p>Abschlie\u00dfend k\u00f6nnen Sie die Winchester <strong>Mare's Leg 55cm Schwarz<\/strong> Kolser f\u00fcr Ihre historischen Rekonstruktionen und Demonstrationen. Vor allem aber ist es ein Sammler- und Dekorationsst\u00fcck.<\/p>\n<h2>Wie werden Kolser-Waffen hergestellt?<\/h2>\n<p>Kolser-Waffen, die aus Metall mit speziellen Oberfl\u00e4chenbearbeitungen aus verzinktem Messing und Nickel hergestellt werden, mit Altmetall- oder Stahleffekten, die in sorgf\u00e4ltigen manuellen Verfahren erzielt werden und den St\u00fccken der Marke ein einzigartiges Aussehen verleihen.<\/p>\n<p>Auf dem h\u00f6chsten Qualit\u00e4tsniveau des Marktes angesiedelt, bewahren sie den Geist der Waffenschmiede vergangener Jahrhunderte f\u00fcr eine gut gemachte Arbeit.<\/p>\n<p>Au\u00dferdem werden die Designprotokolle f\u00fcr neue Modelle modernisiert und nach den h\u00f6chsten Standards durchgef\u00fchrt, wodurch dieser sehr reale Aspekt erreicht wird. Ebenso innovativ sind Kolsers Fertigungssysteme und handgefertigte Montageprozesse, um die h\u00f6chste Qualit\u00e4t der Teile und Materialien zu gew\u00e4hrleisten, mit denen sie Ihr <strong>Mare's Leg 55cm Schwarz<\/strong>.<\/p>","protected":false},"excerpt":{"rendered":"<p>Mare's Leg, eine mit dem Original identische Nachbildung von Kolser.<\/p>\n<ul>\n<li>Funktionaler Mechanismus.<\/li>\n<li>Nachf\u00fcllbare Kammer.<\/li>\n<li>System zum Aussto\u00dfen von B\u00e4llen.<\/li>\n<li>Aus Metall und Holz.<\/li>\n<li>L\u00e4nge: 55 cm<\/li>\n<\/ul>\n<p>Laden und schie\u00dfen Sie bis zu sechs Mal wie eine echte Winchester!<\/p>\n<p><a href=\"https:\/\/youtu.be\/-3VM4x6B0sQ\">Klicken Sie hier, um die Kolser-Demo zu finden<\/a><\/p>","protected":false},"featured_media":47474,"template":"","meta":[],"product_brand":[896],"product_cat":[100,34,39,86,28,27],"product_tag":[],"class_list":{"0":"post-47473","1":"product","2":"type-product","3":"status-publish","4":"has-post-thumbnail","6":"product_brand-replique-manga-cine","7":"product_cat-arme-kolser","8":"product_cat-armes-westerns","9":"product_cat-carabine-winchester","10":"product_cat-repliques-carabine-winchester-western","11":"product_cat-repliques-darmes","12":"product_cat-armes-et-accessoires-western","14":"first","15":"outofstock","16":"taxable","17":"shipping-taxable","18":"purchasable","19":"product-type-simple"},"yoast_head":"<!-- This site is optimized with the Yoast SEO plugin v27.5 - https:\/\/yoast.com\/product\/yoast-seo-wordpress\/ -->\n<title>Mare&#039;s Leg 55cm Black - Kolser - Armes Kolser | R\u00e9plique Manga Cin\u00e9<\/title>\n<meta name=\"description\" content=\"Fantastique ! la Mare&#039;s Leg 55cm Black de Kolser au meilleir prix - En m\u00e9tal et bois - Syst\u00e8me d&#039;expulsion des balles - M\u00e9canisme fonctionnel - 55 cm\" \/>\n<meta name=\"robots\" content=\"index, follow, max-snippet:-1, max-image-preview:large, max-video-preview:-1\" \/>\n<link rel=\"canonical\" href=\"https:\/\/repliquemangacine.fr\/de\/kolser-waffe\/mares-leg-55cm-black-edition-kolser\/\" \/>\n<meta property=\"og:locale\" content=\"de_DE\" \/>\n<meta property=\"og:type\" content=\"article\" \/>\n<meta property=\"og:title\" content=\"Mare&#039;s Leg 55cm Black - Kolser - Armes Kolser | R\u00e9plique Manga Cin\u00e9\" \/>\n<meta property=\"og:description\" content=\"Fantastique ! la Mare&#039;s Leg 55cm Black de Kolser au meilleir prix - En m\u00e9tal et bois - Syst\u00e8me d&#039;expulsion des balles - M\u00e9canisme fonctionnel - 55 cm\" \/>\n<meta property=\"og:url\" content=\"https:\/\/repliquemangacine.fr\/de\/kolser-waffe\/mares-leg-55cm-black-edition-kolser\/\" \/>\n<meta property=\"og:site_name\" content=\"R\u00e9plique Manga Cin\u00e9\" \/>\n<meta property=\"article:publisher\" content=\"https:\/\/www.facebook.com\/RepliqueMangaCine\" \/>\n<meta property=\"article:modified_time\" content=\"2026-01-09T20:57:03+00:00\" \/>\n<meta property=\"og:image\" content=\"https:\/\/repliquemangacine.fr\/wp-content\/uploads\/2023\/10\/1057-X-1-4.jpg\" \/>\n\t<meta property=\"og:image:width\" content=\"800\" \/>\n\t<meta property=\"og:image:height\" content=\"800\" \/>\n\t<meta property=\"og:image:type\" content=\"image\/jpeg\" \/>\n<meta name=\"twitter:card\" content=\"summary_large_image\" \/>\n<meta name=\"twitter:label1\" content=\"Gesch\u00e4tzte Lesezeit\" \/>\n\t<meta name=\"twitter:data1\" content=\"3\u00a0Minuten\" \/>\n<script type=\"application\/ld+json\" class=\"yoast-schema-graph\">{\"@context\":\"https:\\\/\\\/schema.org\",\"@graph\":[{\"@type\":\"WebPage\",\"@id\":\"https:\\\/\\\/repliquemangacine.fr\\\/arme-kolser\\\/mares-leg-55cm-black-edition-kolser\\\/\",\"url\":\"https:\\\/\\\/repliquemangacine.fr\\\/arme-kolser\\\/mares-leg-55cm-black-edition-kolser\\\/\",\"name\":\"Mare's Leg 55cm Black - Kolser - Armes Kolser | R\u00e9plique Manga Cin\u00e9\",\"isPartOf\":{\"@id\":\"https:\\\/\\\/repliquemangacine.fr\\\/#website\"},\"primaryImageOfPage\":{\"@id\":\"https:\\\/\\\/repliquemangacine.fr\\\/arme-kolser\\\/mares-leg-55cm-black-edition-kolser\\\/#primaryimage\"},\"image\":{\"@id\":\"https:\\\/\\\/repliquemangacine.fr\\\/arme-kolser\\\/mares-leg-55cm-black-edition-kolser\\\/#primaryimage\"},\"thumbnailUrl\":\"https:\\\/\\\/repliquemangacine.fr\\\/wp-content\\\/uploads\\\/2023\\\/10\\\/1057-X-1-4.jpg\",\"datePublished\":\"2022-01-18T12:53:43+00:00\",\"dateModified\":\"2026-01-09T20:57:03+00:00\",\"description\":\"Fantastique ! la Mare's Leg 55cm Black de Kolser au meilleir prix - En m\u00e9tal et bois - Syst\u00e8me d'expulsion des balles - M\u00e9canisme fonctionnel - 55 cm\",\"breadcrumb\":{\"@id\":\"https:\\\/\\\/repliquemangacine.fr\\\/arme-kolser\\\/mares-leg-55cm-black-edition-kolser\\\/#breadcrumb\"},\"inLanguage\":\"de\",\"potentialAction\":[{\"@type\":\"ReadAction\",\"target\":[\"https:\\\/\\\/repliquemangacine.fr\\\/arme-kolser\\\/mares-leg-55cm-black-edition-kolser\\\/\"]}]},{\"@type\":\"ImageObject\",\"inLanguage\":\"de\",\"@id\":\"https:\\\/\\\/repliquemangacine.fr\\\/arme-kolser\\\/mares-leg-55cm-black-edition-kolser\\\/#primaryimage\",\"url\":\"https:\\\/\\\/repliquemangacine.fr\\\/wp-content\\\/uploads\\\/2023\\\/10\\\/1057-X-1-4.jpg\",\"contentUrl\":\"https:\\\/\\\/repliquemangacine.fr\\\/wp-content\\\/uploads\\\/2023\\\/10\\\/1057-X-1-4.jpg\",\"width\":800,\"height\":800,\"caption\":\"Mare's Leg 55cm Black\"},{\"@type\":\"BreadcrumbList\",\"@id\":\"https:\\\/\\\/repliquemangacine.fr\\\/arme-kolser\\\/mares-leg-55cm-black-edition-kolser\\\/#breadcrumb\",\"itemListElement\":[{\"@type\":\"ListItem\",\"position\":1,\"name\":\"Accueil\",\"item\":\"https:\\\/\\\/repliquemangacine.fr\\\/\"},{\"@type\":\"ListItem\",\"position\":2,\"name\":\"Produits\",\"item\":\"https:\\\/\\\/repliquemangacine.fr\\\/boutique\\\/\"},{\"@type\":\"ListItem\",\"position\":3,\"name\":\"Mare&#8217;s Leg 55cm Black &#8211; Kolser\"}]},{\"@type\":\"WebSite\",\"@id\":\"https:\\\/\\\/repliquemangacine.fr\\\/#website\",\"url\":\"https:\\\/\\\/repliquemangacine.fr\\\/\",\"name\":\"R\u00e9plique Manga Cin\u00e9\",\"description\":\"\",\"publisher\":{\"@id\":\"https:\\\/\\\/repliquemangacine.fr\\\/#organization\"},\"potentialAction\":[{\"@type\":\"SearchAction\",\"target\":{\"@type\":\"EntryPoint\",\"urlTemplate\":\"https:\\\/\\\/repliquemangacine.fr\\\/?s={search_term_string}\"},\"query-input\":{\"@type\":\"PropertyValueSpecification\",\"valueRequired\":true,\"valueName\":\"search_term_string\"}}],\"inLanguage\":\"de\"},{\"@type\":\"Organization\",\"@id\":\"https:\\\/\\\/repliquemangacine.fr\\\/#organization\",\"name\":\"R\u00e9plique Manga Cin\u00e9\",\"url\":\"https:\\\/\\\/repliquemangacine.fr\\\/\",\"logo\":{\"@type\":\"ImageObject\",\"inLanguage\":\"de\",\"@id\":\"https:\\\/\\\/repliquemangacine.fr\\\/#\\\/schema\\\/logo\\\/image\\\/\",\"url\":\"https:\\\/\\\/repliquemangacine.fr\\\/wp-content\\\/uploads\\\/2023\\\/10\\\/RMC-500250.png\",\"contentUrl\":\"https:\\\/\\\/repliquemangacine.fr\\\/wp-content\\\/uploads\\\/2023\\\/10\\\/RMC-500250.png\",\"width\":500,\"height\":250,\"caption\":\"R\u00e9plique Manga Cin\u00e9\"},\"image\":{\"@id\":\"https:\\\/\\\/repliquemangacine.fr\\\/#\\\/schema\\\/logo\\\/image\\\/\"},\"sameAs\":[\"https:\\\/\\\/www.facebook.com\\\/RepliqueMangaCine\",\"https:\\\/\\\/www.instagram.com\\\/repliquemangacine.fr\\\/\"]}]}<\/script>\n<!-- \/ Yoast SEO plugin. -->","yoast_head_json":{"title":"Mare's Leg 55cm Black - Kolser - Kolser Waffen | R\u00e9plique Manga Cin\u00e9","description":"Fantastisch! Kolsers Mare's Leg 55cm Black zum besten Preis - Metall und Holz - Ballwurfsystem - Funktioneller Mechanismus - 55 cm","robots":{"index":"index","follow":"follow","max-snippet":"max-snippet:-1","max-image-preview":"max-image-preview:large","max-video-preview":"max-video-preview:-1"},"canonical":"https:\/\/repliquemangacine.fr\/de\/kolser-waffe\/mares-leg-55cm-black-edition-kolser\/","og_locale":"de_DE","og_type":"article","og_title":"Mare's Leg 55cm Black - Kolser - Armes Kolser | R\u00e9plique Manga Cin\u00e9","og_description":"Fantastique ! la Mare's Leg 55cm Black de Kolser au meilleir prix - En m\u00e9tal et bois - Syst\u00e8me d'expulsion des balles - M\u00e9canisme fonctionnel - 55 cm","og_url":"https:\/\/repliquemangacine.fr\/de\/kolser-waffe\/mares-leg-55cm-black-edition-kolser\/","og_site_name":"R\u00e9plique Manga Cin\u00e9","article_publisher":"https:\/\/www.facebook.com\/RepliqueMangaCine","article_modified_time":"2026-01-09T20:57:03+00:00","og_image":[{"width":800,"height":800,"url":"https:\/\/repliquemangacine.fr\/wp-content\/uploads\/2023\/10\/1057-X-1-4.jpg","type":"image\/jpeg"}],"twitter_card":"summary_large_image","twitter_misc":{"Gesch\u00e4tzte Lesezeit":"3\u00a0Minuten"},"schema":{"@context":"https:\/\/schema.org","@graph":[{"@type":"WebPage","@id":"https:\/\/repliquemangacine.fr\/arme-kolser\/mares-leg-55cm-black-edition-kolser\/","url":"https:\/\/repliquemangacine.fr\/arme-kolser\/mares-leg-55cm-black-edition-kolser\/","name":"Mare's Leg 55cm Black - Kolser - Kolser Waffen | R\u00e9plique Manga Cin\u00e9","isPartOf":{"@id":"https:\/\/repliquemangacine.fr\/#website"},"primaryImageOfPage":{"@id":"https:\/\/repliquemangacine.fr\/arme-kolser\/mares-leg-55cm-black-edition-kolser\/#primaryimage"},"image":{"@id":"https:\/\/repliquemangacine.fr\/arme-kolser\/mares-leg-55cm-black-edition-kolser\/#primaryimage"},"thumbnailUrl":"https:\/\/repliquemangacine.fr\/wp-content\/uploads\/2023\/10\/1057-X-1-4.jpg","datePublished":"2022-01-18T12:53:43+00:00","dateModified":"2026-01-09T20:57:03+00:00","description":"Fantastisch! Kolsers Mare's Leg 55cm Black zum besten Preis - Metall und Holz - Ballwurfsystem - Funktioneller Mechanismus - 55 cm","breadcrumb":{"@id":"https:\/\/repliquemangacine.fr\/arme-kolser\/mares-leg-55cm-black-edition-kolser\/#breadcrumb"},"inLanguage":"de","potentialAction":[{"@type":"ReadAction","target":["https:\/\/repliquemangacine.fr\/arme-kolser\/mares-leg-55cm-black-edition-kolser\/"]}]},{"@type":"ImageObject","inLanguage":"de","@id":"https:\/\/repliquemangacine.fr\/arme-kolser\/mares-leg-55cm-black-edition-kolser\/#primaryimage","url":"https:\/\/repliquemangacine.fr\/wp-content\/uploads\/2023\/10\/1057-X-1-4.jpg","contentUrl":"https:\/\/repliquemangacine.fr\/wp-content\/uploads\/2023\/10\/1057-X-1-4.jpg","width":800,"height":800,"caption":"Mare's Leg 55cm Black"},{"@type":"BreadcrumbList","@id":"https:\/\/repliquemangacine.fr\/arme-kolser\/mares-leg-55cm-black-edition-kolser\/#breadcrumb","itemListElement":[{"@type":"ListItem","position":1,"name":"Accueil","item":"https:\/\/repliquemangacine.fr\/"},{"@type":"ListItem","position":2,"name":"Produits","item":"https:\/\/repliquemangacine.fr\/boutique\/"},{"@type":"ListItem","position":3,"name":"Mare&#8217;s Leg 55cm Black &#8211; Kolser"}]},{"@type":"WebSite","@id":"https:\/\/repliquemangacine.fr\/#website","url":"https:\/\/repliquemangacine.fr\/","name":"R\u00e9plique Manga Cin\u00e9","description":"","publisher":{"@id":"https:\/\/repliquemangacine.fr\/#organization"},"potentialAction":[{"@type":"SearchAction","target":{"@type":"EntryPoint","urlTemplate":"https:\/\/repliquemangacine.fr\/?s={search_term_string}"},"query-input":{"@type":"PropertyValueSpecification","valueRequired":true,"valueName":"search_term_string"}}],"inLanguage":"de"},{"@type":"Organization","@id":"https:\/\/repliquemangacine.fr\/#organization","name":"R\u00e9plique Manga Cin\u00e9","url":"https:\/\/repliquemangacine.fr\/","logo":{"@type":"ImageObject","inLanguage":"de","@id":"https:\/\/repliquemangacine.fr\/#\/schema\/logo\/image\/","url":"https:\/\/repliquemangacine.fr\/wp-content\/uploads\/2023\/10\/RMC-500250.png","contentUrl":"https:\/\/repliquemangacine.fr\/wp-content\/uploads\/2023\/10\/RMC-500250.png","width":500,"height":250,"caption":"R\u00e9plique Manga Cin\u00e9"},"image":{"@id":"https:\/\/repliquemangacine.fr\/#\/schema\/logo\/image\/"},"sameAs":["https:\/\/www.facebook.com\/RepliqueMangaCine","https:\/\/www.instagram.com\/repliquemangacine.fr\/"]}]}},"_links":{"self":[{"href":"https:\/\/repliquemangacine.fr\/de\/wp-json\/wp\/v2\/product\/47473","targetHints":{"allow":["GET"]}}],"collection":[{"href":"https:\/\/repliquemangacine.fr\/de\/wp-json\/wp\/v2\/product"}],"about":[{"href":"https:\/\/repliquemangacine.fr\/de\/wp-json\/wp\/v2\/types\/product"}],"wp:featuredmedia":[{"embeddable":true,"href":"https:\/\/repliquemangacine.fr\/de\/wp-json\/wp\/v2\/media\/47474"}],"wp:attachment":[{"href":"https:\/\/repliquemangacine.fr\/de\/wp-json\/wp\/v2\/media?parent=47473"}],"wp:term":[{"taxonomy":"product_brand","embeddable":true,"href":"https:\/\/repliquemangacine.fr\/de\/wp-json\/wp\/v2\/product_brand?post=47473"},{"taxonomy":"product_cat","embeddable":true,"href":"https:\/\/repliquemangacine.fr\/de\/wp-json\/wp\/v2\/product_cat?post=47473"},{"taxonomy":"product_tag","embeddable":true,"href":"https:\/\/repliquemangacine.fr\/de\/wp-json\/wp\/v2\/product_tag?post=47473"}],"curies":[{"name":"wp","href":"https:\/\/api.w.org\/{rel}","templated":true}]}}