





{"id":47219,"date":"2022-01-10T14:36:11","date_gmt":"2022-01-10T13:36:11","guid":{"rendered":"https:\/\/repliquemangacine.fr\/?post_type=product&#038;p=47219"},"modified":"2026-03-18T15:50:28","modified_gmt":"2026-03-18T14:50:28","slug":"maske-manager-squid-game","status":"publish","type":"product","link":"https:\/\/repliquemangacine.fr\/de\/squid-game-costumes-et-masques\/masque-managers-squid-game\/","title":{"rendered":"Squid Game Manager-Maske"},"content":{"rendered":"<h2>Squid Game Manager-Maske<\/h2>\n<p>Zu Beginn wird der <strong>Squid Game Manager-Maske<\/strong> mit der geometrischen Figur des Quadrats, das die Bedeutung hat, Manager zu identifizieren.<\/p>\n<p>Die <a href=\"https:\/\/squid-game.fandom.com\/wiki\/Guards\" target=\"_blank\" rel=\"noopener noreferrer\">Wachen<\/a> tragen alle die gleiche Grundkleidung, um ihre Anonymit\u00e4t zu wahren. Dazu geh\u00f6ren ein Overall mit Kapuze, schwarze Handschuhe und schwarze Stiefel sowie eine impr\u00e4gnierte Maske, um ihre Identit\u00e4t zu verbergen. Diese Masken haben eines von drei Symbolen, die auf ihre Klassifizierung hinweisen.<\/p>\n<p>Manager sind die Kommandeure am Boden, die unter dem direkten Befehl des Frontmanns agieren. Sie sind daf\u00fcr verantwortlich, die Wachen zu organisieren, Informationen an die Spieler weiterzuleiten und Soldaten zu disziplinieren, die aus der Reihe tanzen. Der Front Man vertraut diesen Wachen am meisten.  Zusammenfassend l\u00e4sst sich sagen, dass dies der h\u00f6chste Rang des Personals auf der Insel ist.<\/p>\n<h2>Ihre Squid Game Manager-Maske zum besten Preis.<\/h2>\n<p>Wir bieten eine gro\u00dfe Auswahl an Kost\u00fcmen aus der Fernsehserie Squid Game an.<\/p>\n<p>Zun\u00e4chst einmal,<\/p>\n<ul>\n<li>Die Nachbildung dieses <a href=\"https:\/\/repliquemangacine.fr\/de\/squidspiel\/maske-soldat-squid-game\/\">Soldatenmaske<\/a> mit der geometrischen Figur des Dreiecks.<\/li>\n<li>Es gibt auch die <a href=\"https:\/\/repliquemangacine.fr\/de\/squidspiel\/squid-game-wachterkombination\/\">Torwartkombination<\/a> die damit beauftragt sind, das Spiel zu betreuen und die Teilnehmer bei den kleinsten Fehlern zu eliminieren.<\/li>\n<li>Sowie das <a href=\"https:\/\/repliquemangacine.fr\/de\/squidspiel\/squid-game-masque-du-chef-a-facettes\/\">Maske des Oberhaupts der W\u00e4chter<\/a> mit seinen Facetten.<\/li>\n<li>Und viele andere, die es in unserem Online-Shop zu entdecken gibt!<\/li>\n<\/ul>\n<p>Deshalb ist dies eine tolle Geschenkidee f\u00fcr Fans der Netflix-Serie Squid Game.<\/p>\n<p>Abschlie\u00dfend k\u00f6nnen Sie den <strong>Squid Game Manager-Maske<\/strong> f\u00fcr Ihre Cosplay-Parade oder Ihre Themenabende. Vor allem aber ist es ein Sammlerst\u00fcck, aber nat\u00fcrlich k\u00f6nnen Sie es auch tragen.<\/p>\n<h2>Wie werden Ihre Verkleidungen hergestellt?<\/h2>\n<p>Zun\u00e4chst einmal sind alle unsere Produkte von hoher Qualit\u00e4t und werden mit besonderer Sorgfalt hergestellt. Die Herstellung erfolgt zum Teil von Hand, um jedes noch so kleine Detail zu reproduzieren. Gr\u00f6\u00dfere Teile werden von pr\u00e4zisen Maschinen bearbeitet. Die Gravuren werden in der Regel mit einer Diamantspitze oder einem Laser ausgef\u00fchrt.<\/p>\n<p>Ihre <strong>Squid Game Manager-Maske<\/strong> wurde hergestellt, um jedes Detail genau zu reproduzieren.Alles aus geformtem Kunststoff fein detailliert, mit Gummiband auf der R\u00fcckseite zum Tragen.<br \/>\nAbschlie\u00dfend sei gesagt, dass unsere Repliken, die aus China oder Spanien importiert wurden, Sie in Erstaunen versetzen werden!<\/p>\n<p>R\u00e9plique Manga Cin\u00e9 ist ein franz\u00f6sisches Familienunternehmen.<\/p>\n<p>Wir w\u00fcnschen allen einen guten Besuch.<\/p>","protected":false},"excerpt":{"rendered":"<p>Maske der Manager in der neuen Serie Squid Game, die von Netflix ausgestrahlt wird.<\/p>\n<ul>\n<li>W\u00e4chtermaske mit der geometrischen Figur des Quadrats, die die Bedeutung hat, Aufseher zu identifizieren.<\/li>\n<li>Ganz aus Plastik mit einem Gummiband auf der R\u00fcckseite, damit du es tragen kannst.<\/li>\n<li>Erwachsenengr\u00f6\u00dfe - Gr\u00f6\u00dfe des Quadrats: 8cm<\/li>\n<\/ul>","protected":false},"featured_media":47220,"template":"","meta":[],"product_brand":[896],"product_cat":[24,101,99],"product_tag":[],"class_list":{"0":"post-47219","1":"product","2":"type-product","3":"status-publish","4":"has-post-thumbnail","6":"product_brand-replique-manga-cine","7":"product_cat-films-series-tv-vente-de-katana-epee-et-produits-derives","8":"product_cat-soldes","9":"product_cat-squid-game-costumes-et-masques","11":"first","12":"instock","13":"sale","14":"taxable","15":"shipping-taxable","16":"purchasable","17":"product-type-simple"},"yoast_head":"<!-- This site is optimized with the Yoast SEO plugin v27.5 - https:\/\/yoast.com\/product\/yoast-seo-wordpress\/ -->\n<title>Masque managers Squid Game - R\u00e9plique Manga Cin\u00e9<\/title>\n<meta name=\"description\" content=\"Offrez-lui le Masque managers Squid Game au meilleur prix - Tout en plastique - Semi-rigide avec a\u00e9ration - Elastique - Taille Adulte\" \/>\n<meta name=\"robots\" content=\"index, follow, max-snippet:-1, max-image-preview:large, max-video-preview:-1\" \/>\n<link rel=\"canonical\" href=\"https:\/\/repliquemangacine.fr\/de\/ausverkauf\/maske-manager-squid-game\/\" \/>\n<meta property=\"og:locale\" content=\"de_DE\" \/>\n<meta property=\"og:type\" content=\"article\" \/>\n<meta property=\"og:title\" content=\"Masque managers Squid Game - R\u00e9plique Manga Cin\u00e9\" \/>\n<meta property=\"og:description\" content=\"Offrez-lui le Masque managers Squid Game au meilleur prix - Tout en plastique - Semi-rigide avec a\u00e9ration - Elastique - Taille Adulte\" \/>\n<meta property=\"og:url\" content=\"https:\/\/repliquemangacine.fr\/de\/ausverkauf\/maske-manager-squid-game\/\" \/>\n<meta property=\"og:site_name\" content=\"R\u00e9plique Manga Cin\u00e9\" \/>\n<meta property=\"article:publisher\" content=\"https:\/\/www.facebook.com\/RepliqueMangaCine\" \/>\n<meta property=\"article:modified_time\" content=\"2026-03-18T14:50:28+00:00\" \/>\n<meta property=\"og:image\" content=\"https:\/\/repliquemangacine.fr\/wp-content\/uploads\/2023\/10\/masque-carre.jpg\" \/>\n\t<meta property=\"og:image:width\" content=\"800\" \/>\n\t<meta property=\"og:image:height\" content=\"800\" \/>\n\t<meta property=\"og:image:type\" content=\"image\/jpeg\" \/>\n<meta name=\"twitter:card\" content=\"summary_large_image\" \/>\n<meta name=\"twitter:label1\" content=\"Gesch\u00e4tzte Lesezeit\" \/>\n\t<meta name=\"twitter:data1\" content=\"2\u00a0Minuten\" \/>\n<script type=\"application\/ld+json\" class=\"yoast-schema-graph\">{\"@context\":\"https:\\\/\\\/schema.org\",\"@graph\":[{\"@type\":\"WebPage\",\"@id\":\"https:\\\/\\\/repliquemangacine.fr\\\/soldes\\\/masque-managers-squid-game\\\/\",\"url\":\"https:\\\/\\\/repliquemangacine.fr\\\/soldes\\\/masque-managers-squid-game\\\/\",\"name\":\"Masque managers Squid Game - R\u00e9plique Manga Cin\u00e9\",\"isPartOf\":{\"@id\":\"https:\\\/\\\/repliquemangacine.fr\\\/#website\"},\"primaryImageOfPage\":{\"@id\":\"https:\\\/\\\/repliquemangacine.fr\\\/soldes\\\/masque-managers-squid-game\\\/#primaryimage\"},\"image\":{\"@id\":\"https:\\\/\\\/repliquemangacine.fr\\\/soldes\\\/masque-managers-squid-game\\\/#primaryimage\"},\"thumbnailUrl\":\"https:\\\/\\\/repliquemangacine.fr\\\/wp-content\\\/uploads\\\/2023\\\/10\\\/masque-carre.jpg\",\"datePublished\":\"2022-01-10T13:36:11+00:00\",\"dateModified\":\"2026-03-18T14:50:28+00:00\",\"description\":\"Offrez-lui le Masque managers Squid Game au meilleur prix - Tout en plastique - Semi-rigide avec a\u00e9ration - Elastique - Taille Adulte\",\"breadcrumb\":{\"@id\":\"https:\\\/\\\/repliquemangacine.fr\\\/soldes\\\/masque-managers-squid-game\\\/#breadcrumb\"},\"inLanguage\":\"de\",\"potentialAction\":[{\"@type\":\"ReadAction\",\"target\":[\"https:\\\/\\\/repliquemangacine.fr\\\/soldes\\\/masque-managers-squid-game\\\/\"]}]},{\"@type\":\"ImageObject\",\"inLanguage\":\"de\",\"@id\":\"https:\\\/\\\/repliquemangacine.fr\\\/soldes\\\/masque-managers-squid-game\\\/#primaryimage\",\"url\":\"https:\\\/\\\/repliquemangacine.fr\\\/wp-content\\\/uploads\\\/2023\\\/10\\\/masque-carre.jpg\",\"contentUrl\":\"https:\\\/\\\/repliquemangacine.fr\\\/wp-content\\\/uploads\\\/2023\\\/10\\\/masque-carre.jpg\",\"width\":800,\"height\":800,\"caption\":\"Masque squid game surveillant\"},{\"@type\":\"BreadcrumbList\",\"@id\":\"https:\\\/\\\/repliquemangacine.fr\\\/soldes\\\/masque-managers-squid-game\\\/#breadcrumb\",\"itemListElement\":[{\"@type\":\"ListItem\",\"position\":1,\"name\":\"Accueil\",\"item\":\"https:\\\/\\\/repliquemangacine.fr\\\/\"},{\"@type\":\"ListItem\",\"position\":2,\"name\":\"Produits\",\"item\":\"https:\\\/\\\/repliquemangacine.fr\\\/boutique\\\/\"},{\"@type\":\"ListItem\",\"position\":3,\"name\":\"Masque managers Squid Game\"}]},{\"@type\":\"WebSite\",\"@id\":\"https:\\\/\\\/repliquemangacine.fr\\\/#website\",\"url\":\"https:\\\/\\\/repliquemangacine.fr\\\/\",\"name\":\"R\u00e9plique Manga Cin\u00e9\",\"description\":\"\",\"publisher\":{\"@id\":\"https:\\\/\\\/repliquemangacine.fr\\\/#organization\"},\"potentialAction\":[{\"@type\":\"SearchAction\",\"target\":{\"@type\":\"EntryPoint\",\"urlTemplate\":\"https:\\\/\\\/repliquemangacine.fr\\\/?s={search_term_string}\"},\"query-input\":{\"@type\":\"PropertyValueSpecification\",\"valueRequired\":true,\"valueName\":\"search_term_string\"}}],\"inLanguage\":\"de\"},{\"@type\":\"Organization\",\"@id\":\"https:\\\/\\\/repliquemangacine.fr\\\/#organization\",\"name\":\"R\u00e9plique Manga Cin\u00e9\",\"url\":\"https:\\\/\\\/repliquemangacine.fr\\\/\",\"logo\":{\"@type\":\"ImageObject\",\"inLanguage\":\"de\",\"@id\":\"https:\\\/\\\/repliquemangacine.fr\\\/#\\\/schema\\\/logo\\\/image\\\/\",\"url\":\"https:\\\/\\\/repliquemangacine.fr\\\/wp-content\\\/uploads\\\/2023\\\/10\\\/RMC-500250.png\",\"contentUrl\":\"https:\\\/\\\/repliquemangacine.fr\\\/wp-content\\\/uploads\\\/2023\\\/10\\\/RMC-500250.png\",\"width\":500,\"height\":250,\"caption\":\"R\u00e9plique Manga Cin\u00e9\"},\"image\":{\"@id\":\"https:\\\/\\\/repliquemangacine.fr\\\/#\\\/schema\\\/logo\\\/image\\\/\"},\"sameAs\":[\"https:\\\/\\\/www.facebook.com\\\/RepliqueMangaCine\",\"https:\\\/\\\/www.instagram.com\\\/repliquemangacine.fr\\\/\"]}]}<\/script>\n<!-- \/ Yoast SEO plugin. -->","yoast_head_json":{"title":"Manager-Maske Squid Game - R\u00e9plique Manga Cin\u00e9","description":"Bieten Sie ihm die Squid Game Manager-Maske zum besten Preis an - Vollst\u00e4ndig aus Kunststoff - Halbsteif mit Bel\u00fcftung - Elastisch - Erwachsenengr\u00f6\u00dfe","robots":{"index":"index","follow":"follow","max-snippet":"max-snippet:-1","max-image-preview":"max-image-preview:large","max-video-preview":"max-video-preview:-1"},"canonical":"https:\/\/repliquemangacine.fr\/de\/ausverkauf\/maske-manager-squid-game\/","og_locale":"de_DE","og_type":"article","og_title":"Masque managers Squid Game - R\u00e9plique Manga Cin\u00e9","og_description":"Offrez-lui le Masque managers Squid Game au meilleur prix - Tout en plastique - Semi-rigide avec a\u00e9ration - Elastique - Taille Adulte","og_url":"https:\/\/repliquemangacine.fr\/de\/ausverkauf\/maske-manager-squid-game\/","og_site_name":"R\u00e9plique Manga Cin\u00e9","article_publisher":"https:\/\/www.facebook.com\/RepliqueMangaCine","article_modified_time":"2026-03-18T14:50:28+00:00","og_image":[{"width":800,"height":800,"url":"https:\/\/repliquemangacine.fr\/wp-content\/uploads\/2023\/10\/masque-carre.jpg","type":"image\/jpeg"}],"twitter_card":"summary_large_image","twitter_misc":{"Gesch\u00e4tzte Lesezeit":"2\u00a0Minuten"},"schema":{"@context":"https:\/\/schema.org","@graph":[{"@type":"WebPage","@id":"https:\/\/repliquemangacine.fr\/soldes\/masque-managers-squid-game\/","url":"https:\/\/repliquemangacine.fr\/soldes\/masque-managers-squid-game\/","name":"Manager-Maske Squid Game - R\u00e9plique Manga Cin\u00e9","isPartOf":{"@id":"https:\/\/repliquemangacine.fr\/#website"},"primaryImageOfPage":{"@id":"https:\/\/repliquemangacine.fr\/soldes\/masque-managers-squid-game\/#primaryimage"},"image":{"@id":"https:\/\/repliquemangacine.fr\/soldes\/masque-managers-squid-game\/#primaryimage"},"thumbnailUrl":"https:\/\/repliquemangacine.fr\/wp-content\/uploads\/2023\/10\/masque-carre.jpg","datePublished":"2022-01-10T13:36:11+00:00","dateModified":"2026-03-18T14:50:28+00:00","description":"Bieten Sie ihm die Squid Game Manager-Maske zum besten Preis an - Vollst\u00e4ndig aus Kunststoff - Halbsteif mit Bel\u00fcftung - Elastisch - Erwachsenengr\u00f6\u00dfe","breadcrumb":{"@id":"https:\/\/repliquemangacine.fr\/soldes\/masque-managers-squid-game\/#breadcrumb"},"inLanguage":"de","potentialAction":[{"@type":"ReadAction","target":["https:\/\/repliquemangacine.fr\/soldes\/masque-managers-squid-game\/"]}]},{"@type":"ImageObject","inLanguage":"de","@id":"https:\/\/repliquemangacine.fr\/soldes\/masque-managers-squid-game\/#primaryimage","url":"https:\/\/repliquemangacine.fr\/wp-content\/uploads\/2023\/10\/masque-carre.jpg","contentUrl":"https:\/\/repliquemangacine.fr\/wp-content\/uploads\/2023\/10\/masque-carre.jpg","width":800,"height":800,"caption":"Masque squid game surveillant"},{"@type":"BreadcrumbList","@id":"https:\/\/repliquemangacine.fr\/soldes\/masque-managers-squid-game\/#breadcrumb","itemListElement":[{"@type":"ListItem","position":1,"name":"Accueil","item":"https:\/\/repliquemangacine.fr\/"},{"@type":"ListItem","position":2,"name":"Produits","item":"https:\/\/repliquemangacine.fr\/boutique\/"},{"@type":"ListItem","position":3,"name":"Masque managers Squid Game"}]},{"@type":"WebSite","@id":"https:\/\/repliquemangacine.fr\/#website","url":"https:\/\/repliquemangacine.fr\/","name":"R\u00e9plique Manga Cin\u00e9","description":"","publisher":{"@id":"https:\/\/repliquemangacine.fr\/#organization"},"potentialAction":[{"@type":"SearchAction","target":{"@type":"EntryPoint","urlTemplate":"https:\/\/repliquemangacine.fr\/?s={search_term_string}"},"query-input":{"@type":"PropertyValueSpecification","valueRequired":true,"valueName":"search_term_string"}}],"inLanguage":"de"},{"@type":"Organization","@id":"https:\/\/repliquemangacine.fr\/#organization","name":"R\u00e9plique Manga Cin\u00e9","url":"https:\/\/repliquemangacine.fr\/","logo":{"@type":"ImageObject","inLanguage":"de","@id":"https:\/\/repliquemangacine.fr\/#\/schema\/logo\/image\/","url":"https:\/\/repliquemangacine.fr\/wp-content\/uploads\/2023\/10\/RMC-500250.png","contentUrl":"https:\/\/repliquemangacine.fr\/wp-content\/uploads\/2023\/10\/RMC-500250.png","width":500,"height":250,"caption":"R\u00e9plique Manga Cin\u00e9"},"image":{"@id":"https:\/\/repliquemangacine.fr\/#\/schema\/logo\/image\/"},"sameAs":["https:\/\/www.facebook.com\/RepliqueMangaCine","https:\/\/www.instagram.com\/repliquemangacine.fr\/"]}]}},"_links":{"self":[{"href":"https:\/\/repliquemangacine.fr\/de\/wp-json\/wp\/v2\/product\/47219","targetHints":{"allow":["GET"]}}],"collection":[{"href":"https:\/\/repliquemangacine.fr\/de\/wp-json\/wp\/v2\/product"}],"about":[{"href":"https:\/\/repliquemangacine.fr\/de\/wp-json\/wp\/v2\/types\/product"}],"wp:featuredmedia":[{"embeddable":true,"href":"https:\/\/repliquemangacine.fr\/de\/wp-json\/wp\/v2\/media\/47220"}],"wp:attachment":[{"href":"https:\/\/repliquemangacine.fr\/de\/wp-json\/wp\/v2\/media?parent=47219"}],"wp:term":[{"taxonomy":"product_brand","embeddable":true,"href":"https:\/\/repliquemangacine.fr\/de\/wp-json\/wp\/v2\/product_brand?post=47219"},{"taxonomy":"product_cat","embeddable":true,"href":"https:\/\/repliquemangacine.fr\/de\/wp-json\/wp\/v2\/product_cat?post=47219"},{"taxonomy":"product_tag","embeddable":true,"href":"https:\/\/repliquemangacine.fr\/de\/wp-json\/wp\/v2\/product_tag?post=47219"}],"curies":[{"name":"wp","href":"https:\/\/api.w.org\/{rel}","templated":true}]}}