





{"id":46238,"date":"2021-12-14T18:09:13","date_gmt":"2021-12-14T17:09:13","guid":{"rendered":"https:\/\/repliquemangacine.fr\/?post_type=product&#038;p=46238"},"modified":"2025-12-04T11:59:48","modified_gmt":"2025-12-04T10:59:48","slug":"englische-marinekanone-18-jahrhundert","status":"publish","type":"product","link":"https:\/\/repliquemangacine.fr\/de\/armes-de-pirates\/canon-naval-anglais-18eme-siecle\/","title":{"rendered":"Englische Marinekanone 18. Jahrhundert"},"content":{"rendered":"<h2>Miniaturreplik der englischen Marinekanone aus dem 18. Jahrhundert<\/h2>\n<p>Diese englische Marinekanone aus dem 18. Jahrhundert ist eine Reproduktion <a href=\"https:\/\/www.denix.fr\/fr\/catalogue\/colonial-et-pirate-1492-s-xviii\/canons-et-catapultes\/407\/\">Denix<\/a>.<\/p>\n<p>Die Entwicklung der Artillerie im 15. Jahrhundert und ihre Wirksamkeit auf den Schlachtfeldern Europas f\u00fchrten zu einer technologischen Revolution und einem Wettr\u00fcsten der kontinentalen M\u00e4chte.<\/p>\n<p>Ab dem Ende des 16. Jahrhunderts, als die K\u00e4mpfe an Land eher stagnierten, versuchten die Gro\u00dfm\u00e4chte, durch Seemacht und die Perfektionierung ihrer Milit\u00e4rtechniken eine Entscheidung herbeizuf\u00fchren. In dieser Zeit entstanden die ersten nationalen Kriegsflotten, die in der Lage waren, den Konflikt weit entfernt vom Mutterland fortzusetzen.<\/p>\n<p>In den folgenden Jahrhunderten wurde deutlich, dass Nationen, die sich nicht mit Tausenden von Kanonen ausstatten konnten, mit ihren Schiffen von den wichtigsten Seehandelsrouten verdr\u00e4ngt wurden, wodurch andere L\u00e4nder die Vorherrschaft auf den Ozeanen, dem neuen Hauptschauplatz der Auseinandersetzungen, \u00fcbernahmen.<\/p>\n<h3>Wir bieten Ihnen eine gro\u00dfe Auswahl an Repliken antiker Waffen an<\/h3>\n<p>Zun\u00e4chst<\/p>\n<ul>\n<li>Die <a href=\"https:\/\/repliquemangacine.fr\/de\/darmsreproduktionen\/kanone-napoleon-1857-burgerkrieg-usa-denix\/?highlight=c422\">Kanone Napoleon 1857<\/a> hergestellt von Denix<\/li>\n<li>Es gibt auch das Gewehr Land Pattern musket das <a href=\"https:\/\/repliquemangacine.fr\/de\/replik-von-waffen-1-empire\/gewehr-brown-bess-1722-land-pattern-denix\/\">Brown Bess 1722<\/a><\/li>\n<li>Sowie das <a href=\"https:\/\/repliquemangacine.fr\/de\/replik-von-waffen-1-empire\/charleville-gewehr-modell-1806-mit-bajonett\/\">Gewehr Charleville<\/a> und sein Bajonett<\/li>\n<li>Und noch viel mehr gibt es zu entdecken!<\/li>\n<\/ul>\n<p>Deshalb ist dies eine wunderbare Geschenkidee f\u00fcr alle Liebhaber alter Waffen.<\/p>\n<h3>Sie k\u00f6nnen diese Miniatur der englischen Naval Cannon kaufen, um Ihre Sammlung zu erweitern.<\/h3>\n<p>In erster Linie ist es ein Sammler- und Dekorationsst\u00fcck.<\/p>\n<p>R\u00e9plique Manga Cin\u00e9 ist ein franz\u00f6sisches Familienunternehmen.<\/p>\n<p><strong>Wir m\u00f6chten Sie darauf hinweisen, dass alle diese Nachbildungen echt aussehen. Die Strafverfolgungsbeh\u00f6rden werden sie als echte Waffen identifizieren und entsprechend reagieren. Es ist daher sehr wichtig, dass Sie sich mit diesen Nachbildungen nicht an \u00f6ffentliche Pl\u00e4tze begeben. Wir weisen Sie darauf hin, dass es sich bei den gezeigten Waffen um nicht funktionst\u00fcchtige Nachbildungen handelt, die nicht zum Schie\u00dfen geeignet sind. Diese Repliken sind f\u00fcr historische Rekonstruktionen und zur Dekoration gedacht.<\/strong><\/p>","protected":false},"excerpt":{"rendered":"<p>Wundersch\u00f6ne Replik der ber\u00fchmten Kanone der englischen Marine, 18. Jahrhundert signiert Denix.<\/p>\n<ul>\n<li>Die Kanone im Ma\u00dfstab 1:12<\/li>\n<li>Er verf\u00fcgt \u00fcber einen 25,4 cm langen Fasslifter,<\/li>\n<li>Von einem h\u00f6lzernen Kastenwagen<\/li>\n<li>Rotierende R\u00e4der mit echtem Seilriss.<\/li>\n<li>Perfekte Verarbeitung.<\/li>\n<li>Gesamtl\u00e4nge: 28cm - Gewicht: 1050g<\/li>\n<\/ul>","protected":false},"featured_media":46239,"template":"","meta":[],"product_brand":[896],"product_cat":[49,25,28],"product_tag":[],"class_list":{"0":"post-46238","1":"product","2":"type-product","3":"status-publish","4":"has-post-thumbnail","6":"product_brand-replique-manga-cine","7":"product_cat-armes-de-pirates","8":"product_cat-armes-historiques","9":"product_cat-repliques-darmes","11":"first","12":"instock","13":"sale","14":"taxable","15":"shipping-taxable","16":"purchasable","17":"product-type-simple"},"yoast_head":"<!-- This site is optimized with the Yoast SEO plugin v27.5 - https:\/\/yoast.com\/product\/yoast-seo-wordpress\/ -->\n<title>Canon Naval Anglais 18\u00e8me si\u00e8cle - R\u00e9plique Manga Cin\u00e9<\/title>\n<meta name=\"description\" content=\"Superbe r\u00e9plique du Canon Naval Anglais 18\u00e8me si\u00e8cles sign\u00e9 Denix. Fabriqu\u00e9 en bois et zamac. Finition parfaite. Longueur 28cm-Poids 1050grs\" \/>\n<meta name=\"robots\" content=\"index, follow, max-snippet:-1, max-image-preview:large, max-video-preview:-1\" \/>\n<link rel=\"canonical\" href=\"https:\/\/repliquemangacine.fr\/de\/piratenwaffen\/englische-marinekanone-18-jahrhundert\/\" \/>\n<meta property=\"og:locale\" content=\"de_DE\" \/>\n<meta property=\"og:type\" content=\"article\" \/>\n<meta property=\"og:title\" content=\"Canon Naval Anglais 18\u00e8me si\u00e8cle - R\u00e9plique Manga Cin\u00e9\" \/>\n<meta property=\"og:description\" content=\"Superbe r\u00e9plique du Canon Naval Anglais 18\u00e8me si\u00e8cles sign\u00e9 Denix. Fabriqu\u00e9 en bois et zamac. Finition parfaite. Longueur 28cm-Poids 1050grs\" \/>\n<meta property=\"og:url\" content=\"https:\/\/repliquemangacine.fr\/de\/piratenwaffen\/englische-marinekanone-18-jahrhundert\/\" \/>\n<meta property=\"og:site_name\" content=\"R\u00e9plique Manga Cin\u00e9\" \/>\n<meta property=\"article:publisher\" content=\"https:\/\/www.facebook.com\/RepliqueMangaCine\" \/>\n<meta property=\"article:modified_time\" content=\"2025-12-04T10:59:48+00:00\" \/>\n<meta property=\"og:image\" content=\"https:\/\/repliquemangacine.fr\/wp-content\/uploads\/2023\/10\/canon-denix.jpg\" \/>\n\t<meta property=\"og:image:width\" content=\"800\" \/>\n\t<meta property=\"og:image:height\" content=\"800\" \/>\n\t<meta property=\"og:image:type\" content=\"image\/jpeg\" \/>\n<meta name=\"twitter:card\" content=\"summary_large_image\" \/>\n<meta name=\"twitter:label1\" content=\"Gesch\u00e4tzte Lesezeit\" \/>\n\t<meta name=\"twitter:data1\" content=\"1\u00a0Minute\" \/>\n<script type=\"application\/ld+json\" class=\"yoast-schema-graph\">{\"@context\":\"https:\\\/\\\/schema.org\",\"@graph\":[{\"@type\":\"WebPage\",\"@id\":\"https:\\\/\\\/repliquemangacine.fr\\\/armes-de-pirates\\\/canon-naval-anglais-18eme-siecle\\\/\",\"url\":\"https:\\\/\\\/repliquemangacine.fr\\\/armes-de-pirates\\\/canon-naval-anglais-18eme-siecle\\\/\",\"name\":\"Canon Naval Anglais 18\u00e8me si\u00e8cle - R\u00e9plique Manga Cin\u00e9\",\"isPartOf\":{\"@id\":\"https:\\\/\\\/repliquemangacine.fr\\\/#website\"},\"primaryImageOfPage\":{\"@id\":\"https:\\\/\\\/repliquemangacine.fr\\\/armes-de-pirates\\\/canon-naval-anglais-18eme-siecle\\\/#primaryimage\"},\"image\":{\"@id\":\"https:\\\/\\\/repliquemangacine.fr\\\/armes-de-pirates\\\/canon-naval-anglais-18eme-siecle\\\/#primaryimage\"},\"thumbnailUrl\":\"https:\\\/\\\/repliquemangacine.fr\\\/wp-content\\\/uploads\\\/2023\\\/10\\\/canon-denix.jpg\",\"datePublished\":\"2021-12-14T17:09:13+00:00\",\"dateModified\":\"2025-12-04T10:59:48+00:00\",\"description\":\"Superbe r\u00e9plique du Canon Naval Anglais 18\u00e8me si\u00e8cles sign\u00e9 Denix. Fabriqu\u00e9 en bois et zamac. Finition parfaite. Longueur 28cm-Poids 1050grs\",\"breadcrumb\":{\"@id\":\"https:\\\/\\\/repliquemangacine.fr\\\/armes-de-pirates\\\/canon-naval-anglais-18eme-siecle\\\/#breadcrumb\"},\"inLanguage\":\"de\",\"potentialAction\":[{\"@type\":\"ReadAction\",\"target\":[\"https:\\\/\\\/repliquemangacine.fr\\\/armes-de-pirates\\\/canon-naval-anglais-18eme-siecle\\\/\"]}]},{\"@type\":\"ImageObject\",\"inLanguage\":\"de\",\"@id\":\"https:\\\/\\\/repliquemangacine.fr\\\/armes-de-pirates\\\/canon-naval-anglais-18eme-siecle\\\/#primaryimage\",\"url\":\"https:\\\/\\\/repliquemangacine.fr\\\/wp-content\\\/uploads\\\/2023\\\/10\\\/canon-denix.jpg\",\"contentUrl\":\"https:\\\/\\\/repliquemangacine.fr\\\/wp-content\\\/uploads\\\/2023\\\/10\\\/canon-denix.jpg\",\"width\":800,\"height\":800,\"caption\":\"Canon Naval Anglais 18eme siecle miniature Denix\"},{\"@type\":\"BreadcrumbList\",\"@id\":\"https:\\\/\\\/repliquemangacine.fr\\\/armes-de-pirates\\\/canon-naval-anglais-18eme-siecle\\\/#breadcrumb\",\"itemListElement\":[{\"@type\":\"ListItem\",\"position\":1,\"name\":\"Accueil\",\"item\":\"https:\\\/\\\/repliquemangacine.fr\\\/\"},{\"@type\":\"ListItem\",\"position\":2,\"name\":\"Produits\",\"item\":\"https:\\\/\\\/repliquemangacine.fr\\\/boutique\\\/\"},{\"@type\":\"ListItem\",\"position\":3,\"name\":\"Canon Naval Anglais 18\u00e8me si\u00e8cle\"}]},{\"@type\":\"WebSite\",\"@id\":\"https:\\\/\\\/repliquemangacine.fr\\\/#website\",\"url\":\"https:\\\/\\\/repliquemangacine.fr\\\/\",\"name\":\"R\u00e9plique Manga Cin\u00e9\",\"description\":\"\",\"publisher\":{\"@id\":\"https:\\\/\\\/repliquemangacine.fr\\\/#organization\"},\"potentialAction\":[{\"@type\":\"SearchAction\",\"target\":{\"@type\":\"EntryPoint\",\"urlTemplate\":\"https:\\\/\\\/repliquemangacine.fr\\\/?s={search_term_string}\"},\"query-input\":{\"@type\":\"PropertyValueSpecification\",\"valueRequired\":true,\"valueName\":\"search_term_string\"}}],\"inLanguage\":\"de\"},{\"@type\":\"Organization\",\"@id\":\"https:\\\/\\\/repliquemangacine.fr\\\/#organization\",\"name\":\"R\u00e9plique Manga Cin\u00e9\",\"url\":\"https:\\\/\\\/repliquemangacine.fr\\\/\",\"logo\":{\"@type\":\"ImageObject\",\"inLanguage\":\"de\",\"@id\":\"https:\\\/\\\/repliquemangacine.fr\\\/#\\\/schema\\\/logo\\\/image\\\/\",\"url\":\"https:\\\/\\\/repliquemangacine.fr\\\/wp-content\\\/uploads\\\/2023\\\/10\\\/RMC-500250.png\",\"contentUrl\":\"https:\\\/\\\/repliquemangacine.fr\\\/wp-content\\\/uploads\\\/2023\\\/10\\\/RMC-500250.png\",\"width\":500,\"height\":250,\"caption\":\"R\u00e9plique Manga Cin\u00e9\"},\"image\":{\"@id\":\"https:\\\/\\\/repliquemangacine.fr\\\/#\\\/schema\\\/logo\\\/image\\\/\"},\"sameAs\":[\"https:\\\/\\\/www.facebook.com\\\/RepliqueMangaCine\",\"https:\\\/\\\/www.instagram.com\\\/repliquemangacine.fr\\\/\"]}]}<\/script>\n<!-- \/ Yoast SEO plugin. -->","yoast_head_json":{"title":"Englische Marinekanone 18. Jahrhundert - R\u00e9plique Manga Cin\u00e9","description":"Wundersch\u00f6ne Replik einer englischen Marinekanone aus dem 18. Jahrhundert von Denix. Hergestellt aus Holz und Zamak. Perfekte Verarbeitung. L\u00e4nge 28cm-Gewicht 1050grs","robots":{"index":"index","follow":"follow","max-snippet":"max-snippet:-1","max-image-preview":"max-image-preview:large","max-video-preview":"max-video-preview:-1"},"canonical":"https:\/\/repliquemangacine.fr\/de\/piratenwaffen\/englische-marinekanone-18-jahrhundert\/","og_locale":"de_DE","og_type":"article","og_title":"Canon Naval Anglais 18\u00e8me si\u00e8cle - R\u00e9plique Manga Cin\u00e9","og_description":"Superbe r\u00e9plique du Canon Naval Anglais 18\u00e8me si\u00e8cles sign\u00e9 Denix. Fabriqu\u00e9 en bois et zamac. Finition parfaite. Longueur 28cm-Poids 1050grs","og_url":"https:\/\/repliquemangacine.fr\/de\/piratenwaffen\/englische-marinekanone-18-jahrhundert\/","og_site_name":"R\u00e9plique Manga Cin\u00e9","article_publisher":"https:\/\/www.facebook.com\/RepliqueMangaCine","article_modified_time":"2025-12-04T10:59:48+00:00","og_image":[{"width":800,"height":800,"url":"https:\/\/repliquemangacine.fr\/wp-content\/uploads\/2023\/10\/canon-denix.jpg","type":"image\/jpeg"}],"twitter_card":"summary_large_image","twitter_misc":{"Gesch\u00e4tzte Lesezeit":"1\u00a0Minute"},"schema":{"@context":"https:\/\/schema.org","@graph":[{"@type":"WebPage","@id":"https:\/\/repliquemangacine.fr\/armes-de-pirates\/canon-naval-anglais-18eme-siecle\/","url":"https:\/\/repliquemangacine.fr\/armes-de-pirates\/canon-naval-anglais-18eme-siecle\/","name":"Englische Marinekanone 18. Jahrhundert - R\u00e9plique Manga Cin\u00e9","isPartOf":{"@id":"https:\/\/repliquemangacine.fr\/#website"},"primaryImageOfPage":{"@id":"https:\/\/repliquemangacine.fr\/armes-de-pirates\/canon-naval-anglais-18eme-siecle\/#primaryimage"},"image":{"@id":"https:\/\/repliquemangacine.fr\/armes-de-pirates\/canon-naval-anglais-18eme-siecle\/#primaryimage"},"thumbnailUrl":"https:\/\/repliquemangacine.fr\/wp-content\/uploads\/2023\/10\/canon-denix.jpg","datePublished":"2021-12-14T17:09:13+00:00","dateModified":"2025-12-04T10:59:48+00:00","description":"Wundersch\u00f6ne Replik einer englischen Marinekanone aus dem 18. Jahrhundert von Denix. Hergestellt aus Holz und Zamak. Perfekte Verarbeitung. L\u00e4nge 28cm-Gewicht 1050grs","breadcrumb":{"@id":"https:\/\/repliquemangacine.fr\/armes-de-pirates\/canon-naval-anglais-18eme-siecle\/#breadcrumb"},"inLanguage":"de","potentialAction":[{"@type":"ReadAction","target":["https:\/\/repliquemangacine.fr\/armes-de-pirates\/canon-naval-anglais-18eme-siecle\/"]}]},{"@type":"ImageObject","inLanguage":"de","@id":"https:\/\/repliquemangacine.fr\/armes-de-pirates\/canon-naval-anglais-18eme-siecle\/#primaryimage","url":"https:\/\/repliquemangacine.fr\/wp-content\/uploads\/2023\/10\/canon-denix.jpg","contentUrl":"https:\/\/repliquemangacine.fr\/wp-content\/uploads\/2023\/10\/canon-denix.jpg","width":800,"height":800,"caption":"Canon Naval Anglais 18eme siecle miniature Denix"},{"@type":"BreadcrumbList","@id":"https:\/\/repliquemangacine.fr\/armes-de-pirates\/canon-naval-anglais-18eme-siecle\/#breadcrumb","itemListElement":[{"@type":"ListItem","position":1,"name":"Accueil","item":"https:\/\/repliquemangacine.fr\/"},{"@type":"ListItem","position":2,"name":"Produits","item":"https:\/\/repliquemangacine.fr\/boutique\/"},{"@type":"ListItem","position":3,"name":"Canon Naval Anglais 18\u00e8me si\u00e8cle"}]},{"@type":"WebSite","@id":"https:\/\/repliquemangacine.fr\/#website","url":"https:\/\/repliquemangacine.fr\/","name":"R\u00e9plique Manga Cin\u00e9","description":"","publisher":{"@id":"https:\/\/repliquemangacine.fr\/#organization"},"potentialAction":[{"@type":"SearchAction","target":{"@type":"EntryPoint","urlTemplate":"https:\/\/repliquemangacine.fr\/?s={search_term_string}"},"query-input":{"@type":"PropertyValueSpecification","valueRequired":true,"valueName":"search_term_string"}}],"inLanguage":"de"},{"@type":"Organization","@id":"https:\/\/repliquemangacine.fr\/#organization","name":"R\u00e9plique Manga Cin\u00e9","url":"https:\/\/repliquemangacine.fr\/","logo":{"@type":"ImageObject","inLanguage":"de","@id":"https:\/\/repliquemangacine.fr\/#\/schema\/logo\/image\/","url":"https:\/\/repliquemangacine.fr\/wp-content\/uploads\/2023\/10\/RMC-500250.png","contentUrl":"https:\/\/repliquemangacine.fr\/wp-content\/uploads\/2023\/10\/RMC-500250.png","width":500,"height":250,"caption":"R\u00e9plique Manga Cin\u00e9"},"image":{"@id":"https:\/\/repliquemangacine.fr\/#\/schema\/logo\/image\/"},"sameAs":["https:\/\/www.facebook.com\/RepliqueMangaCine","https:\/\/www.instagram.com\/repliquemangacine.fr\/"]}]}},"_links":{"self":[{"href":"https:\/\/repliquemangacine.fr\/de\/wp-json\/wp\/v2\/product\/46238","targetHints":{"allow":["GET"]}}],"collection":[{"href":"https:\/\/repliquemangacine.fr\/de\/wp-json\/wp\/v2\/product"}],"about":[{"href":"https:\/\/repliquemangacine.fr\/de\/wp-json\/wp\/v2\/types\/product"}],"wp:featuredmedia":[{"embeddable":true,"href":"https:\/\/repliquemangacine.fr\/de\/wp-json\/wp\/v2\/media\/46239"}],"wp:attachment":[{"href":"https:\/\/repliquemangacine.fr\/de\/wp-json\/wp\/v2\/media?parent=46238"}],"wp:term":[{"taxonomy":"product_brand","embeddable":true,"href":"https:\/\/repliquemangacine.fr\/de\/wp-json\/wp\/v2\/product_brand?post=46238"},{"taxonomy":"product_cat","embeddable":true,"href":"https:\/\/repliquemangacine.fr\/de\/wp-json\/wp\/v2\/product_cat?post=46238"},{"taxonomy":"product_tag","embeddable":true,"href":"https:\/\/repliquemangacine.fr\/de\/wp-json\/wp\/v2\/product_tag?post=46238"}],"curies":[{"name":"wp","href":"https:\/\/api.w.org\/{rel}","templated":true}]}}