





{"id":45278,"date":"2021-12-03T14:52:23","date_gmt":"2021-12-03T13:52:23","guid":{"rendered":"https:\/\/repliquemangacine.fr\/?post_type=product&#038;p=45278"},"modified":"2026-04-02T19:39:20","modified_gmt":"2026-04-02T17:39:20","slug":"piratensabel-freibeutersabel","status":"publish","type":"product","link":"https:\/\/repliquemangacine.fr\/de\/sabre-dabordage-de-pirate\/sabre-pirate-sabre-dabordage-flibustier\/","title":{"rendered":"Entermesser Flibustier"},"content":{"rendered":"<h2>Entermesser Flibustier<\/h2>\n<p>Zu Beginn wird der <strong>Entermesser Flibustier<\/strong> ist eine Blankwaffe, die in der Marine verwendet wird. Es handelt sich um eine Art Kurzs\u00e4bel mit einer dicken Klinge, der sowohl als Waffe als auch als Werkzeug (z. B. zum Durchtrennen von Tauen) dient. Wird auch als \"Pottl\u00f6ffel\" bezeichnet.<\/p>\n<p>Ein Entermesser, das von der franz\u00f6sischen Marine w\u00e4hrend des Ersten Kaiserreichs verwendet wurde, wurde auch als Pottl\u00f6ffel bezeichnet. Er war mit einer l\u00f6ffelf\u00f6rmigen Schale versehen, die die Hand sch\u00fctzen sollte. In dieser Bedeutung taucht das Objekt auch in der Redewendung \"en deux coups de cuill\u00e8re \u00e0 pot\" auf, die \"schnell\", aber auch \"gewaltsam\" oder \"auf speditive Weise\" bedeutet.<\/p>\n<h2>Ihr Entermesser Flibustier zum besten Preis.<\/h2>\n<p>Wir bieten Ihnen eine gro\u00dfe Auswahl an Reproduktionen historischer Waffen.<\/p>\n<p>Zun\u00e4chst einmal,<\/p>\n<ul>\n<li>Die Reproduktion des <a href=\"https:\/\/repliquemangacine.fr\/de\/piratenwaffen\/poignard-pirates\/\">Piratenmesser<\/a>Mit seiner breiten Stahlklinge<\/li>\n<li>Sowie das <a href=\"https:\/\/repliquemangacine.fr\/de\/piratenwaffen\/pistole-dolch-piraten-18-jahrhundert\/\">Dolchpistole<\/a> Pirat, Dolch mit Funkenpistole.<\/li>\n<li><a href=\"https:\/\/www.denix.fr\/fr\/catalogue\/colonial-et-pirate-1492-s-xviii\/maroquinerie\/715\/\" target=\"_blank\" rel=\"noopener noreferrer\">Denix<\/a> \u00fcberrascht uns erneut mit dieser kleinen <a href=\"https:\/\/repliquemangacine.fr\/de\/piratenwaffen\/bourse-de-pirates-avec-monnaie\/\">Piratenb\u00f6rse<\/a> komplett aus Leder mit Piratenlogo.<\/li>\n<li>Und noch viel mehr gibt es in unserem Online-Shop zu entdecken!<\/li>\n<\/ul>\n<p>Deshalb ist dies eine tolle Geschenkidee f\u00fcr alle Liebhaber von Piratenwaffen.<\/p>\n<p>Abschlie\u00dfend k\u00f6nnen Sie diesen <strong>Entermesser Flibustier<\/strong> f\u00fcr Ihre Reenactments und Themenabende. Vor allem aber ist diese Waffe ein Sammler- und Dekorationsst\u00fcck.<\/p>\n<h2>Wie pflegt man die Klinge seines Schwertes?<\/h2>\n<p>Sammlungs- und Dekorationsschwerter werden in vereinfachter Form hergestellt und zusammengebaut. Da sie zu Dekorationszwecken verwendet werden, fehlen ihnen die Sicherheitselemente, die ein japanisches Schwert f\u00fcr Trainingszwecke aufweisen muss.<\/p>\n<p>Allerdings ist Ihr <strong>Entermesser Flibustier<\/strong> zu einer Stahlklinge, die gepflegt werden muss, damit sie nicht mit der Zeit abgenutzt wird. Wenn du dein Schwert n\u00e4mlich ausstellst, werden deine Freunde neugierig sein, die Klinge zu sehen und sie zu ber\u00fchren. Hier ist Vorsicht geboten, denn Sie sollten wissen, dass die S\u00e4ure der Finger dem Stahl unabh\u00e4ngig von seiner Qualit\u00e4t sehr schadet.<\/p>\n<p>Wenn dies jedoch passiert, keine Panik, Sie brauchen nur ein Tuch, das mit etwas \u00d6l befeuchtet ist, und wischen die Fingerabdr\u00fccke ab. Wenn Sie dies tun, werden Sie Ihr Schwert sehr lange behalten.<\/p>","protected":false},"excerpt":{"rendered":"<p>Replik eines typischen Piratens\u00e4bels aus dem 17. und 18. Jahrhundert.<\/p>\n<ul>\n<li>Klinge aus 440er Stahl mit \u00c4tzungen.<\/li>\n<li>Garde und Topf aus Stahl in Messingoptik mit Gravur.<\/li>\n<li>Griff und Knauf aus Stahl.<\/li>\n<li>Mit schwarzem Kunstleder \u00fcberzogene Scheide.<\/li>\n<li>Klingenl\u00e4nge: 56cm - Gesamtl\u00e4nge: 79cm - Gewicht: 1190Grs<\/li>\n<\/ul>","protected":false},"featured_media":45279,"template":"","meta":[],"product_brand":[896],"product_cat":[49,25,115],"product_tag":[],"class_list":{"0":"post-45278","1":"product","2":"type-product","3":"status-publish","4":"has-post-thumbnail","6":"product_brand-replique-manga-cine","7":"product_cat-armes-de-pirates","8":"product_cat-armes-historiques","9":"product_cat-sabre-dabordage-de-pirate","11":"first","12":"instock","13":"taxable","14":"shipping-taxable","15":"purchasable","16":"product-type-simple"},"yoast_head":"<!-- This site is optimized with the Yoast SEO plugin v27.5 - https:\/\/yoast.com\/product\/yoast-seo-wordpress\/ -->\n<title>Sabre d&#039;abordage Flibustier - Vente en ligne d&#039;\u00c9p\u00e9es pirates - RMC<\/title>\n<meta name=\"description\" content=\"Offrez-lui ce Sabre d&#039;abordage Flibustier au meilleur prix - Lame en acier 440 - Fourreau bois - Cuill\u00e8re \u00e0 pot - Longueur totale : 79 cm - Envoi 24\/48h\" \/>\n<meta name=\"robots\" content=\"index, follow, max-snippet:-1, max-image-preview:large, max-video-preview:-1\" \/>\n<link rel=\"canonical\" href=\"https:\/\/repliquemangacine.fr\/de\/piratenbeiser-sabel\/piratensabel-freibeutersabel\/\" \/>\n<meta property=\"og:locale\" content=\"de_DE\" \/>\n<meta property=\"og:type\" content=\"article\" \/>\n<meta property=\"og:title\" content=\"Sabre d&#039;abordage Flibustier - Vente en ligne d&#039;\u00c9p\u00e9es pirates - RMC\" \/>\n<meta property=\"og:description\" content=\"Offrez-lui ce Sabre d&#039;abordage Flibustier au meilleur prix - Lame en acier 440 - Fourreau bois - Cuill\u00e8re \u00e0 pot - Longueur totale : 79 cm - Envoi 24\/48h\" \/>\n<meta property=\"og:url\" content=\"https:\/\/repliquemangacine.fr\/de\/piratenbeiser-sabel\/piratensabel-freibeutersabel\/\" \/>\n<meta property=\"og:site_name\" content=\"R\u00e9plique Manga Cin\u00e9\" \/>\n<meta property=\"article:publisher\" content=\"https:\/\/www.facebook.com\/RepliqueMangaCine\" \/>\n<meta property=\"article:modified_time\" content=\"2026-04-02T17:39:20+00:00\" \/>\n<meta property=\"og:image\" content=\"https:\/\/repliquemangacine.fr\/wp-content\/uploads\/2023\/10\/sabre-pirate-fourreau.jpg\" \/>\n\t<meta property=\"og:image:width\" content=\"800\" \/>\n\t<meta property=\"og:image:height\" content=\"800\" \/>\n\t<meta property=\"og:image:type\" content=\"image\/jpeg\" \/>\n<meta name=\"twitter:card\" content=\"summary_large_image\" \/>\n<meta name=\"twitter:label1\" content=\"Gesch\u00e4tzte Lesezeit\" \/>\n\t<meta name=\"twitter:data1\" content=\"2\u00a0Minuten\" \/>\n<script type=\"application\/ld+json\" class=\"yoast-schema-graph\">{\"@context\":\"https:\\\/\\\/schema.org\",\"@graph\":[{\"@type\":\"WebPage\",\"@id\":\"https:\\\/\\\/repliquemangacine.fr\\\/sabre-dabordage-de-pirate\\\/sabre-pirate-sabre-dabordage-flibustier\\\/\",\"url\":\"https:\\\/\\\/repliquemangacine.fr\\\/sabre-dabordage-de-pirate\\\/sabre-pirate-sabre-dabordage-flibustier\\\/\",\"name\":\"Sabre d'abordage Flibustier - Vente en ligne d'\u00c9p\u00e9es pirates - RMC\",\"isPartOf\":{\"@id\":\"https:\\\/\\\/repliquemangacine.fr\\\/#website\"},\"primaryImageOfPage\":{\"@id\":\"https:\\\/\\\/repliquemangacine.fr\\\/sabre-dabordage-de-pirate\\\/sabre-pirate-sabre-dabordage-flibustier\\\/#primaryimage\"},\"image\":{\"@id\":\"https:\\\/\\\/repliquemangacine.fr\\\/sabre-dabordage-de-pirate\\\/sabre-pirate-sabre-dabordage-flibustier\\\/#primaryimage\"},\"thumbnailUrl\":\"https:\\\/\\\/repliquemangacine.fr\\\/wp-content\\\/uploads\\\/2023\\\/10\\\/sabre-pirate-fourreau.jpg\",\"datePublished\":\"2021-12-03T13:52:23+00:00\",\"dateModified\":\"2026-04-02T17:39:20+00:00\",\"description\":\"Offrez-lui ce Sabre d'abordage Flibustier au meilleur prix - Lame en acier 440 - Fourreau bois - Cuill\u00e8re \u00e0 pot - Longueur totale : 79 cm - Envoi 24\\\/48h\",\"breadcrumb\":{\"@id\":\"https:\\\/\\\/repliquemangacine.fr\\\/sabre-dabordage-de-pirate\\\/sabre-pirate-sabre-dabordage-flibustier\\\/#breadcrumb\"},\"inLanguage\":\"de\",\"potentialAction\":[{\"@type\":\"ReadAction\",\"target\":[\"https:\\\/\\\/repliquemangacine.fr\\\/sabre-dabordage-de-pirate\\\/sabre-pirate-sabre-dabordage-flibustier\\\/\"]}]},{\"@type\":\"ImageObject\",\"inLanguage\":\"de\",\"@id\":\"https:\\\/\\\/repliquemangacine.fr\\\/sabre-dabordage-de-pirate\\\/sabre-pirate-sabre-dabordage-flibustier\\\/#primaryimage\",\"url\":\"https:\\\/\\\/repliquemangacine.fr\\\/wp-content\\\/uploads\\\/2023\\\/10\\\/sabre-pirate-fourreau.jpg\",\"contentUrl\":\"https:\\\/\\\/repliquemangacine.fr\\\/wp-content\\\/uploads\\\/2023\\\/10\\\/sabre-pirate-fourreau.jpg\",\"width\":800,\"height\":800,\"caption\":\"Sabre d'abordage Flibustier, lame acier\"},{\"@type\":\"BreadcrumbList\",\"@id\":\"https:\\\/\\\/repliquemangacine.fr\\\/sabre-dabordage-de-pirate\\\/sabre-pirate-sabre-dabordage-flibustier\\\/#breadcrumb\",\"itemListElement\":[{\"@type\":\"ListItem\",\"position\":1,\"name\":\"Accueil\",\"item\":\"https:\\\/\\\/repliquemangacine.fr\\\/\"},{\"@type\":\"ListItem\",\"position\":2,\"name\":\"Produits\",\"item\":\"https:\\\/\\\/repliquemangacine.fr\\\/boutique\\\/\"},{\"@type\":\"ListItem\",\"position\":3,\"name\":\"Sabre d&#8217;abordage Flibustier\"}]},{\"@type\":\"WebSite\",\"@id\":\"https:\\\/\\\/repliquemangacine.fr\\\/#website\",\"url\":\"https:\\\/\\\/repliquemangacine.fr\\\/\",\"name\":\"R\u00e9plique Manga Cin\u00e9\",\"description\":\"\",\"publisher\":{\"@id\":\"https:\\\/\\\/repliquemangacine.fr\\\/#organization\"},\"potentialAction\":[{\"@type\":\"SearchAction\",\"target\":{\"@type\":\"EntryPoint\",\"urlTemplate\":\"https:\\\/\\\/repliquemangacine.fr\\\/?s={search_term_string}\"},\"query-input\":{\"@type\":\"PropertyValueSpecification\",\"valueRequired\":true,\"valueName\":\"search_term_string\"}}],\"inLanguage\":\"de\"},{\"@type\":\"Organization\",\"@id\":\"https:\\\/\\\/repliquemangacine.fr\\\/#organization\",\"name\":\"R\u00e9plique Manga Cin\u00e9\",\"url\":\"https:\\\/\\\/repliquemangacine.fr\\\/\",\"logo\":{\"@type\":\"ImageObject\",\"inLanguage\":\"de\",\"@id\":\"https:\\\/\\\/repliquemangacine.fr\\\/#\\\/schema\\\/logo\\\/image\\\/\",\"url\":\"https:\\\/\\\/repliquemangacine.fr\\\/wp-content\\\/uploads\\\/2023\\\/10\\\/RMC-500250.png\",\"contentUrl\":\"https:\\\/\\\/repliquemangacine.fr\\\/wp-content\\\/uploads\\\/2023\\\/10\\\/RMC-500250.png\",\"width\":500,\"height\":250,\"caption\":\"R\u00e9plique Manga Cin\u00e9\"},\"image\":{\"@id\":\"https:\\\/\\\/repliquemangacine.fr\\\/#\\\/schema\\\/logo\\\/image\\\/\"},\"sameAs\":[\"https:\\\/\\\/www.facebook.com\\\/RepliqueMangaCine\",\"https:\\\/\\\/www.instagram.com\\\/repliquemangacine.fr\\\/\"]}]}<\/script>\n<!-- \/ Yoast SEO plugin. -->","yoast_head_json":{"title":"Entermesser Flibustier - Online-Verkauf von Piratenschwertern - RMC","description":"Schenken Sie ihm diesen Entermesser Flibustier zum besten Preis - Klinge aus 440er Stahl - Holzscheide - Topflappen - Gesamtl\u00e4nge: 79 cm - Versand 24\/48h","robots":{"index":"index","follow":"follow","max-snippet":"max-snippet:-1","max-image-preview":"max-image-preview:large","max-video-preview":"max-video-preview:-1"},"canonical":"https:\/\/repliquemangacine.fr\/de\/piratenbeiser-sabel\/piratensabel-freibeutersabel\/","og_locale":"de_DE","og_type":"article","og_title":"Sabre d'abordage Flibustier - Vente en ligne d'\u00c9p\u00e9es pirates - RMC","og_description":"Offrez-lui ce Sabre d'abordage Flibustier au meilleur prix - Lame en acier 440 - Fourreau bois - Cuill\u00e8re \u00e0 pot - Longueur totale : 79 cm - Envoi 24\/48h","og_url":"https:\/\/repliquemangacine.fr\/de\/piratenbeiser-sabel\/piratensabel-freibeutersabel\/","og_site_name":"R\u00e9plique Manga Cin\u00e9","article_publisher":"https:\/\/www.facebook.com\/RepliqueMangaCine","article_modified_time":"2026-04-02T17:39:20+00:00","og_image":[{"width":800,"height":800,"url":"https:\/\/repliquemangacine.fr\/wp-content\/uploads\/2023\/10\/sabre-pirate-fourreau.jpg","type":"image\/jpeg"}],"twitter_card":"summary_large_image","twitter_misc":{"Gesch\u00e4tzte Lesezeit":"2\u00a0Minuten"},"schema":{"@context":"https:\/\/schema.org","@graph":[{"@type":"WebPage","@id":"https:\/\/repliquemangacine.fr\/sabre-dabordage-de-pirate\/sabre-pirate-sabre-dabordage-flibustier\/","url":"https:\/\/repliquemangacine.fr\/sabre-dabordage-de-pirate\/sabre-pirate-sabre-dabordage-flibustier\/","name":"Entermesser Flibustier - Online-Verkauf von Piratenschwertern - RMC","isPartOf":{"@id":"https:\/\/repliquemangacine.fr\/#website"},"primaryImageOfPage":{"@id":"https:\/\/repliquemangacine.fr\/sabre-dabordage-de-pirate\/sabre-pirate-sabre-dabordage-flibustier\/#primaryimage"},"image":{"@id":"https:\/\/repliquemangacine.fr\/sabre-dabordage-de-pirate\/sabre-pirate-sabre-dabordage-flibustier\/#primaryimage"},"thumbnailUrl":"https:\/\/repliquemangacine.fr\/wp-content\/uploads\/2023\/10\/sabre-pirate-fourreau.jpg","datePublished":"2021-12-03T13:52:23+00:00","dateModified":"2026-04-02T17:39:20+00:00","description":"Schenken Sie ihm diesen Entermesser Flibustier zum besten Preis - Klinge aus 440er Stahl - Holzscheide - Topflappen - Gesamtl\u00e4nge: 79 cm - Versand 24\/48h","breadcrumb":{"@id":"https:\/\/repliquemangacine.fr\/sabre-dabordage-de-pirate\/sabre-pirate-sabre-dabordage-flibustier\/#breadcrumb"},"inLanguage":"de","potentialAction":[{"@type":"ReadAction","target":["https:\/\/repliquemangacine.fr\/sabre-dabordage-de-pirate\/sabre-pirate-sabre-dabordage-flibustier\/"]}]},{"@type":"ImageObject","inLanguage":"de","@id":"https:\/\/repliquemangacine.fr\/sabre-dabordage-de-pirate\/sabre-pirate-sabre-dabordage-flibustier\/#primaryimage","url":"https:\/\/repliquemangacine.fr\/wp-content\/uploads\/2023\/10\/sabre-pirate-fourreau.jpg","contentUrl":"https:\/\/repliquemangacine.fr\/wp-content\/uploads\/2023\/10\/sabre-pirate-fourreau.jpg","width":800,"height":800,"caption":"Sabre d'abordage Flibustier, lame acier"},{"@type":"BreadcrumbList","@id":"https:\/\/repliquemangacine.fr\/sabre-dabordage-de-pirate\/sabre-pirate-sabre-dabordage-flibustier\/#breadcrumb","itemListElement":[{"@type":"ListItem","position":1,"name":"Accueil","item":"https:\/\/repliquemangacine.fr\/"},{"@type":"ListItem","position":2,"name":"Produits","item":"https:\/\/repliquemangacine.fr\/boutique\/"},{"@type":"ListItem","position":3,"name":"Sabre d&#8217;abordage Flibustier"}]},{"@type":"WebSite","@id":"https:\/\/repliquemangacine.fr\/#website","url":"https:\/\/repliquemangacine.fr\/","name":"R\u00e9plique Manga Cin\u00e9","description":"","publisher":{"@id":"https:\/\/repliquemangacine.fr\/#organization"},"potentialAction":[{"@type":"SearchAction","target":{"@type":"EntryPoint","urlTemplate":"https:\/\/repliquemangacine.fr\/?s={search_term_string}"},"query-input":{"@type":"PropertyValueSpecification","valueRequired":true,"valueName":"search_term_string"}}],"inLanguage":"de"},{"@type":"Organization","@id":"https:\/\/repliquemangacine.fr\/#organization","name":"R\u00e9plique Manga Cin\u00e9","url":"https:\/\/repliquemangacine.fr\/","logo":{"@type":"ImageObject","inLanguage":"de","@id":"https:\/\/repliquemangacine.fr\/#\/schema\/logo\/image\/","url":"https:\/\/repliquemangacine.fr\/wp-content\/uploads\/2023\/10\/RMC-500250.png","contentUrl":"https:\/\/repliquemangacine.fr\/wp-content\/uploads\/2023\/10\/RMC-500250.png","width":500,"height":250,"caption":"R\u00e9plique Manga Cin\u00e9"},"image":{"@id":"https:\/\/repliquemangacine.fr\/#\/schema\/logo\/image\/"},"sameAs":["https:\/\/www.facebook.com\/RepliqueMangaCine","https:\/\/www.instagram.com\/repliquemangacine.fr\/"]}]}},"_links":{"self":[{"href":"https:\/\/repliquemangacine.fr\/de\/wp-json\/wp\/v2\/product\/45278","targetHints":{"allow":["GET"]}}],"collection":[{"href":"https:\/\/repliquemangacine.fr\/de\/wp-json\/wp\/v2\/product"}],"about":[{"href":"https:\/\/repliquemangacine.fr\/de\/wp-json\/wp\/v2\/types\/product"}],"wp:featuredmedia":[{"embeddable":true,"href":"https:\/\/repliquemangacine.fr\/de\/wp-json\/wp\/v2\/media\/45279"}],"wp:attachment":[{"href":"https:\/\/repliquemangacine.fr\/de\/wp-json\/wp\/v2\/media?parent=45278"}],"wp:term":[{"taxonomy":"product_brand","embeddable":true,"href":"https:\/\/repliquemangacine.fr\/de\/wp-json\/wp\/v2\/product_brand?post=45278"},{"taxonomy":"product_cat","embeddable":true,"href":"https:\/\/repliquemangacine.fr\/de\/wp-json\/wp\/v2\/product_cat?post=45278"},{"taxonomy":"product_tag","embeddable":true,"href":"https:\/\/repliquemangacine.fr\/de\/wp-json\/wp\/v2\/product_tag?post=45278"}],"curies":[{"name":"wp","href":"https:\/\/api.w.org\/{rel}","templated":true}]}}