





{"id":45265,"date":"2021-12-03T11:24:06","date_gmt":"2021-12-03T10:24:06","guid":{"rendered":"https:\/\/repliquemangacine.fr\/?post_type=product&#038;p=45265"},"modified":"2026-03-25T12:57:58","modified_gmt":"2026-03-25T11:57:58","slug":"schwert-kirito-dark-repulser-black-sao","status":"publish","type":"product","link":"https:\/\/repliquemangacine.fr\/de\/epee-sword-art-online\/epee-kirito-dark-repulser-black-sao\/","title":{"rendered":"Dark Repulsor Black SAO"},"content":{"rendered":"<h2>Dark Repulser Schwert von Kirito in Sword Art Online.<\/h2>\n<p>F\u00fcr den Anfang, <strong>Dark Repulser Schwert Kirito<\/strong> ist ein Einhandschwert, das von Lisbeth f\u00fcr Kirito geschmiedet wurde. Es ist erw\u00e4hnenswert, dass Kirito diese Waffe beim Doppelfechten als zweites Schwert neben Elucidator verwendet.<\/p>\n<p>Kirigaya Kazuto, geboren als Narusaka Kazuto, bekannt als Kirito aus \"Sword Art Online\" (SAO), \"ALfheim Online\" (ALO), \"Gun Gale Online\" (GGO), \"Project Alicization\" und \"Unital Ring\". Protagonist in der Hauptserie \"Sword Art Online\".<\/p>\n<p>Ausgew\u00e4hlt als einer von tausend Beta-Testern f\u00fcr die Closed Beta von <a href=\"https:\/\/sword-art-online.fandom.com\/fr\/wiki\/Wiki_Sword_Art_Online\" target=\"_blank\" rel=\"noopener noreferrer\">Sword Art Online<\/a>, das erste Massively Multiplayer Online Role-Playing Game in virtueller Realit\u00e4t (VRMMORPG).<\/p>\n<p>Dark Repulser wird von Kirito f\u00fcr die Fertigkeit \u201cDual Blades\u201d verwendet, er setzte sie zusammen mit \u201cElucidator\u201d ein.<\/p>\n<h2>Ihr Dark Repulser Schwert von Kirito zum besten Preis<\/h2>\n<p>Wir bieten dir alle Spr\u00fcche deiner Lieblingscharaktere in diesem Videospiel von Sword Art Online.<\/p>\n<p>Zun\u00e4chst einmal,<\/p>\n<ul>\n<li>L'<a href=\"https:\/\/repliquemangacine.fr\/de\/sword-art-epee-online\/elucidator-schwert-kirito-sao\/\">Elucidator-Schwert<\/a> Hauptwaffe von Kirito, der mit Dark Repulser hantiert.<\/li>\n<li>Sowie Asunas Rapier <a href=\"https:\/\/repliquemangacine.fr\/de\/sword-art-epee-online\/schwert-lambent-light-rapiere-asuna-sao\/\">Lambent Light<\/a>.<\/li>\n<li>Und viele andere, die es in unserem Online-Shop zu entdecken gibt!<\/li>\n<\/ul>\n<p>Deshalb sind hier einige tolle Geschenkideen f\u00fcr Fans von Sword Art Online.<\/p>\n<p>Abschlie\u00dfend k\u00f6nnen Sie auch diesen <strong>Dark Repulser Schwert von Kirito<\/strong> f\u00fcr Ihre Cosplay-Paraden oder Themenabende. Vor allem aber ist das Schwert von Kirito, auch ein Sammler- und Dekorationsst\u00fcck.<\/p>\n<p>R\u00e9plique Manga Cin\u00e9 ist ein franz\u00f6sisches Unternehmen.<\/p>\n<h2>Wie pflegt man die Klinge seines Sword Art Online-Schwerts?<\/h2>\n<p>Katanas f\u00fcr Sammlungen und Dekorationen werden auf vereinfachte Weise hergestellt und zusammengebaut. Da sie zu Dekorationszwecken verwendet werden, fehlen ihnen die Sicherheitsmerkmale, die ein japanisches Schwert f\u00fcr Trainingszwecke aufweisen muss.<\/p>\n<p>Allerdings ist Ihr <strong>Dark Repulser Schwert von Kirito<\/strong> zu einer Stahlklinge, die gepflegt werden muss, damit sie nicht mit der Zeit abgenutzt wird. Denn wenn du dein Katana ausstellst, werden deine Freunde neugierig sein, die Klinge zu sehen und sie zu ber\u00fchren. Hier ist Vorsicht geboten, denn Sie sollten wissen, dass die S\u00e4ure der Finger dem Stahl unabh\u00e4ngig von seiner Qualit\u00e4t sehr schadet.<\/p>\n<p>Wenn dies jedoch passiert, keine Panik, Sie brauchen nur ein Tuch, das mit etwas \u00d6l befeuchtet ist, und wischen die Fingerabdr\u00fccke ab. Wenn Sie dies tun, werden Sie Ihr Schwert sehr lange behalten.<\/p>\n<p><strong>\u00a0<\/strong><\/p>","protected":false},"excerpt":{"rendered":"<p>Dark Repulser Black Edition Schwert von Kirito in Sword Art Online.<\/p>\n<ul>\n<li>Klinge aus zweifarbigem Stahl.<\/li>\n<li>Garde und Griff aus Vollstahl.<\/li>\n<li>Scheide aus Kunstleder.<\/li>\n<li>L\u00e4nge der Klinge: 85 cm - Gesamtl\u00e4nge: 109cm - Gewicht: 2190 Grs<\/li>\n<\/ul>\n<p><strong>\u00a0<\/strong><\/p>","protected":false},"featured_media":45266,"template":"","meta":[],"product_brand":[896],"product_cat":[23,53],"product_tag":[],"class_list":{"0":"post-45265","1":"product","2":"type-product","3":"status-publish","4":"has-post-thumbnail","6":"product_brand-replique-manga-cine","7":"product_cat-repliques-manga-jeux-video","8":"product_cat-epee-sword-art-online","10":"first","11":"instock","12":"taxable","13":"shipping-taxable","14":"purchasable","15":"product-type-simple"},"yoast_head":"<!-- This site is optimized with the Yoast SEO plugin v27.5 - https:\/\/yoast.com\/product\/yoast-seo-wordpress\/ -->\n<title>Dark Repulser \u00e9p\u00e9e de Kirito - SAO - Boutique en ligne - RMC<\/title>\n<meta name=\"description\" content=\"Offrez-vous vite ! Dark Repulser \u00e9p\u00e9e de Kirito dans Sword Art Online au meilleur prix. Lame en acier - Echelle 1\/1 - Longueur : 109 cm - Envoi 24\/48h\" \/>\n<meta name=\"robots\" content=\"index, follow, max-snippet:-1, max-image-preview:large, max-video-preview:-1\" \/>\n<link rel=\"canonical\" href=\"https:\/\/repliquemangacine.fr\/de\/sword-art-epee-online\/schwert-kirito-dark-repulser-black-sao\/\" \/>\n<meta property=\"og:locale\" content=\"de_DE\" \/>\n<meta property=\"og:type\" content=\"article\" \/>\n<meta property=\"og:title\" content=\"Dark Repulser \u00e9p\u00e9e de Kirito - SAO - Boutique en ligne - RMC\" \/>\n<meta property=\"og:description\" content=\"Offrez-vous vite ! Dark Repulser \u00e9p\u00e9e de Kirito dans Sword Art Online au meilleur prix. Lame en acier - Echelle 1\/1 - Longueur : 109 cm - Envoi 24\/48h\" \/>\n<meta property=\"og:url\" content=\"https:\/\/repliquemangacine.fr\/de\/sword-art-epee-online\/schwert-kirito-dark-repulser-black-sao\/\" \/>\n<meta property=\"og:site_name\" content=\"R\u00e9plique Manga Cin\u00e9\" \/>\n<meta property=\"article:publisher\" content=\"https:\/\/www.facebook.com\/RepliqueMangaCine\" \/>\n<meta property=\"article:modified_time\" content=\"2026-03-25T11:57:58+00:00\" \/>\n<meta property=\"og:image\" content=\"https:\/\/repliquemangacine.fr\/wp-content\/uploads\/2023\/10\/Epee-kirito.jpg\" \/>\n\t<meta property=\"og:image:width\" content=\"800\" \/>\n\t<meta property=\"og:image:height\" content=\"800\" \/>\n\t<meta property=\"og:image:type\" content=\"image\/jpeg\" \/>\n<meta name=\"twitter:card\" content=\"summary_large_image\" \/>\n<meta name=\"twitter:label1\" content=\"Gesch\u00e4tzte Lesezeit\" \/>\n\t<meta name=\"twitter:data1\" content=\"2\u00a0Minuten\" \/>\n<script type=\"application\/ld+json\" class=\"yoast-schema-graph\">{\"@context\":\"https:\\\/\\\/schema.org\",\"@graph\":[{\"@type\":\"WebPage\",\"@id\":\"https:\\\/\\\/repliquemangacine.fr\\\/epee-sword-art-online\\\/epee-kirito-dark-repulser-black-sao\\\/\",\"url\":\"https:\\\/\\\/repliquemangacine.fr\\\/epee-sword-art-online\\\/epee-kirito-dark-repulser-black-sao\\\/\",\"name\":\"Dark Repulser \u00e9p\u00e9e de Kirito - SAO - Boutique en ligne - RMC\",\"isPartOf\":{\"@id\":\"https:\\\/\\\/repliquemangacine.fr\\\/#website\"},\"primaryImageOfPage\":{\"@id\":\"https:\\\/\\\/repliquemangacine.fr\\\/epee-sword-art-online\\\/epee-kirito-dark-repulser-black-sao\\\/#primaryimage\"},\"image\":{\"@id\":\"https:\\\/\\\/repliquemangacine.fr\\\/epee-sword-art-online\\\/epee-kirito-dark-repulser-black-sao\\\/#primaryimage\"},\"thumbnailUrl\":\"https:\\\/\\\/repliquemangacine.fr\\\/wp-content\\\/uploads\\\/2023\\\/10\\\/Epee-kirito.jpg\",\"datePublished\":\"2021-12-03T10:24:06+00:00\",\"dateModified\":\"2026-03-25T11:57:58+00:00\",\"description\":\"Offrez-vous vite ! Dark Repulser \u00e9p\u00e9e de Kirito dans Sword Art Online au meilleur prix. Lame en acier - Echelle 1\\\/1 - Longueur : 109 cm - Envoi 24\\\/48h\",\"breadcrumb\":{\"@id\":\"https:\\\/\\\/repliquemangacine.fr\\\/epee-sword-art-online\\\/epee-kirito-dark-repulser-black-sao\\\/#breadcrumb\"},\"inLanguage\":\"de\",\"potentialAction\":[{\"@type\":\"ReadAction\",\"target\":[\"https:\\\/\\\/repliquemangacine.fr\\\/epee-sword-art-online\\\/epee-kirito-dark-repulser-black-sao\\\/\"]}]},{\"@type\":\"ImageObject\",\"inLanguage\":\"de\",\"@id\":\"https:\\\/\\\/repliquemangacine.fr\\\/epee-sword-art-online\\\/epee-kirito-dark-repulser-black-sao\\\/#primaryimage\",\"url\":\"https:\\\/\\\/repliquemangacine.fr\\\/wp-content\\\/uploads\\\/2023\\\/10\\\/Epee-kirito.jpg\",\"contentUrl\":\"https:\\\/\\\/repliquemangacine.fr\\\/wp-content\\\/uploads\\\/2023\\\/10\\\/Epee-kirito.jpg\",\"width\":800,\"height\":800,\"caption\":\"Epee-kirito Dark Repulser SAO\"},{\"@type\":\"BreadcrumbList\",\"@id\":\"https:\\\/\\\/repliquemangacine.fr\\\/epee-sword-art-online\\\/epee-kirito-dark-repulser-black-sao\\\/#breadcrumb\",\"itemListElement\":[{\"@type\":\"ListItem\",\"position\":1,\"name\":\"Accueil\",\"item\":\"https:\\\/\\\/repliquemangacine.fr\\\/\"},{\"@type\":\"ListItem\",\"position\":2,\"name\":\"Produits\",\"item\":\"https:\\\/\\\/repliquemangacine.fr\\\/boutique\\\/\"},{\"@type\":\"ListItem\",\"position\":3,\"name\":\"Dark R\u00e9pulser Black SAO\"}]},{\"@type\":\"WebSite\",\"@id\":\"https:\\\/\\\/repliquemangacine.fr\\\/#website\",\"url\":\"https:\\\/\\\/repliquemangacine.fr\\\/\",\"name\":\"R\u00e9plique Manga Cin\u00e9\",\"description\":\"\",\"publisher\":{\"@id\":\"https:\\\/\\\/repliquemangacine.fr\\\/#organization\"},\"potentialAction\":[{\"@type\":\"SearchAction\",\"target\":{\"@type\":\"EntryPoint\",\"urlTemplate\":\"https:\\\/\\\/repliquemangacine.fr\\\/?s={search_term_string}\"},\"query-input\":{\"@type\":\"PropertyValueSpecification\",\"valueRequired\":true,\"valueName\":\"search_term_string\"}}],\"inLanguage\":\"de\"},{\"@type\":\"Organization\",\"@id\":\"https:\\\/\\\/repliquemangacine.fr\\\/#organization\",\"name\":\"R\u00e9plique Manga Cin\u00e9\",\"url\":\"https:\\\/\\\/repliquemangacine.fr\\\/\",\"logo\":{\"@type\":\"ImageObject\",\"inLanguage\":\"de\",\"@id\":\"https:\\\/\\\/repliquemangacine.fr\\\/#\\\/schema\\\/logo\\\/image\\\/\",\"url\":\"https:\\\/\\\/repliquemangacine.fr\\\/wp-content\\\/uploads\\\/2023\\\/10\\\/RMC-500250.png\",\"contentUrl\":\"https:\\\/\\\/repliquemangacine.fr\\\/wp-content\\\/uploads\\\/2023\\\/10\\\/RMC-500250.png\",\"width\":500,\"height\":250,\"caption\":\"R\u00e9plique Manga Cin\u00e9\"},\"image\":{\"@id\":\"https:\\\/\\\/repliquemangacine.fr\\\/#\\\/schema\\\/logo\\\/image\\\/\"},\"sameAs\":[\"https:\\\/\\\/www.facebook.com\\\/RepliqueMangaCine\",\"https:\\\/\\\/www.instagram.com\\\/repliquemangacine.fr\\\/\"]}]}<\/script>\n<!-- \/ Yoast SEO plugin. -->","yoast_head_json":{"title":"Dark Repulser Schwert von Kirito - SAO - Online-Shop - RMC","description":"Bieten Sie es schnell an! Dark Repulser Schwert von Kirito aus Sword Art Online zum besten Preis. Klinge aus Stahl - Ma\u00dfstab 1\/1 - L\u00e4nge: 109 cm - Versand 24\/48h","robots":{"index":"index","follow":"follow","max-snippet":"max-snippet:-1","max-image-preview":"max-image-preview:large","max-video-preview":"max-video-preview:-1"},"canonical":"https:\/\/repliquemangacine.fr\/de\/sword-art-epee-online\/schwert-kirito-dark-repulser-black-sao\/","og_locale":"de_DE","og_type":"article","og_title":"Dark Repulser \u00e9p\u00e9e de Kirito - SAO - Boutique en ligne - RMC","og_description":"Offrez-vous vite ! Dark Repulser \u00e9p\u00e9e de Kirito dans Sword Art Online au meilleur prix. Lame en acier - Echelle 1\/1 - Longueur : 109 cm - Envoi 24\/48h","og_url":"https:\/\/repliquemangacine.fr\/de\/sword-art-epee-online\/schwert-kirito-dark-repulser-black-sao\/","og_site_name":"R\u00e9plique Manga Cin\u00e9","article_publisher":"https:\/\/www.facebook.com\/RepliqueMangaCine","article_modified_time":"2026-03-25T11:57:58+00:00","og_image":[{"width":800,"height":800,"url":"https:\/\/repliquemangacine.fr\/wp-content\/uploads\/2023\/10\/Epee-kirito.jpg","type":"image\/jpeg"}],"twitter_card":"summary_large_image","twitter_misc":{"Gesch\u00e4tzte Lesezeit":"2\u00a0Minuten"},"schema":{"@context":"https:\/\/schema.org","@graph":[{"@type":"WebPage","@id":"https:\/\/repliquemangacine.fr\/epee-sword-art-online\/epee-kirito-dark-repulser-black-sao\/","url":"https:\/\/repliquemangacine.fr\/epee-sword-art-online\/epee-kirito-dark-repulser-black-sao\/","name":"Dark Repulser Schwert von Kirito - SAO - Online-Shop - RMC","isPartOf":{"@id":"https:\/\/repliquemangacine.fr\/#website"},"primaryImageOfPage":{"@id":"https:\/\/repliquemangacine.fr\/epee-sword-art-online\/epee-kirito-dark-repulser-black-sao\/#primaryimage"},"image":{"@id":"https:\/\/repliquemangacine.fr\/epee-sword-art-online\/epee-kirito-dark-repulser-black-sao\/#primaryimage"},"thumbnailUrl":"https:\/\/repliquemangacine.fr\/wp-content\/uploads\/2023\/10\/Epee-kirito.jpg","datePublished":"2021-12-03T10:24:06+00:00","dateModified":"2026-03-25T11:57:58+00:00","description":"Bieten Sie es schnell an! Dark Repulser Schwert von Kirito aus Sword Art Online zum besten Preis. Klinge aus Stahl - Ma\u00dfstab 1\/1 - L\u00e4nge: 109 cm - Versand 24\/48h","breadcrumb":{"@id":"https:\/\/repliquemangacine.fr\/epee-sword-art-online\/epee-kirito-dark-repulser-black-sao\/#breadcrumb"},"inLanguage":"de","potentialAction":[{"@type":"ReadAction","target":["https:\/\/repliquemangacine.fr\/epee-sword-art-online\/epee-kirito-dark-repulser-black-sao\/"]}]},{"@type":"ImageObject","inLanguage":"de","@id":"https:\/\/repliquemangacine.fr\/epee-sword-art-online\/epee-kirito-dark-repulser-black-sao\/#primaryimage","url":"https:\/\/repliquemangacine.fr\/wp-content\/uploads\/2023\/10\/Epee-kirito.jpg","contentUrl":"https:\/\/repliquemangacine.fr\/wp-content\/uploads\/2023\/10\/Epee-kirito.jpg","width":800,"height":800,"caption":"Epee-kirito Dark Repulser SAO"},{"@type":"BreadcrumbList","@id":"https:\/\/repliquemangacine.fr\/epee-sword-art-online\/epee-kirito-dark-repulser-black-sao\/#breadcrumb","itemListElement":[{"@type":"ListItem","position":1,"name":"Accueil","item":"https:\/\/repliquemangacine.fr\/"},{"@type":"ListItem","position":2,"name":"Produits","item":"https:\/\/repliquemangacine.fr\/boutique\/"},{"@type":"ListItem","position":3,"name":"Dark R\u00e9pulser Black SAO"}]},{"@type":"WebSite","@id":"https:\/\/repliquemangacine.fr\/#website","url":"https:\/\/repliquemangacine.fr\/","name":"R\u00e9plique Manga Cin\u00e9","description":"","publisher":{"@id":"https:\/\/repliquemangacine.fr\/#organization"},"potentialAction":[{"@type":"SearchAction","target":{"@type":"EntryPoint","urlTemplate":"https:\/\/repliquemangacine.fr\/?s={search_term_string}"},"query-input":{"@type":"PropertyValueSpecification","valueRequired":true,"valueName":"search_term_string"}}],"inLanguage":"de"},{"@type":"Organization","@id":"https:\/\/repliquemangacine.fr\/#organization","name":"R\u00e9plique Manga Cin\u00e9","url":"https:\/\/repliquemangacine.fr\/","logo":{"@type":"ImageObject","inLanguage":"de","@id":"https:\/\/repliquemangacine.fr\/#\/schema\/logo\/image\/","url":"https:\/\/repliquemangacine.fr\/wp-content\/uploads\/2023\/10\/RMC-500250.png","contentUrl":"https:\/\/repliquemangacine.fr\/wp-content\/uploads\/2023\/10\/RMC-500250.png","width":500,"height":250,"caption":"R\u00e9plique Manga Cin\u00e9"},"image":{"@id":"https:\/\/repliquemangacine.fr\/#\/schema\/logo\/image\/"},"sameAs":["https:\/\/www.facebook.com\/RepliqueMangaCine","https:\/\/www.instagram.com\/repliquemangacine.fr\/"]}]}},"_links":{"self":[{"href":"https:\/\/repliquemangacine.fr\/de\/wp-json\/wp\/v2\/product\/45265","targetHints":{"allow":["GET"]}}],"collection":[{"href":"https:\/\/repliquemangacine.fr\/de\/wp-json\/wp\/v2\/product"}],"about":[{"href":"https:\/\/repliquemangacine.fr\/de\/wp-json\/wp\/v2\/types\/product"}],"wp:featuredmedia":[{"embeddable":true,"href":"https:\/\/repliquemangacine.fr\/de\/wp-json\/wp\/v2\/media\/45266"}],"wp:attachment":[{"href":"https:\/\/repliquemangacine.fr\/de\/wp-json\/wp\/v2\/media?parent=45265"}],"wp:term":[{"taxonomy":"product_brand","embeddable":true,"href":"https:\/\/repliquemangacine.fr\/de\/wp-json\/wp\/v2\/product_brand?post=45265"},{"taxonomy":"product_cat","embeddable":true,"href":"https:\/\/repliquemangacine.fr\/de\/wp-json\/wp\/v2\/product_cat?post=45265"},{"taxonomy":"product_tag","embeddable":true,"href":"https:\/\/repliquemangacine.fr\/de\/wp-json\/wp\/v2\/product_tag?post=45265"}],"curies":[{"name":"wp","href":"https:\/\/api.w.org\/{rel}","templated":true}]}}