





{"id":44696,"date":"2021-11-21T14:41:14","date_gmt":"2021-11-21T13:41:14","guid":{"rendered":"https:\/\/repliquemangacine.fr\/?post_type=product&#038;p=44696"},"modified":"2026-03-04T11:04:25","modified_gmt":"2026-03-04T10:04:25","slug":"legendares-templerschwert","status":"publish","type":"product","link":"https:\/\/repliquemangacine.fr\/de\/epee-templier-medievale\/epee-templiere-legendaire\/","title":{"rendered":"Legend\u00e4res Templerschwert"},"content":{"rendered":"<h2>Legend\u00e4res Templerschwert mit Motto.<\/h2>\n<p>Zu Beginn wird die<strong>Legend\u00e4res Templerschwert<\/strong>, mit seinem Motto auf der Klinge ist von bemerkenswerter Qualit\u00e4t.<\/p>\n<p>Der Templerorden ist ein religi\u00f6ser und milit\u00e4rischer Orden, der aus dem christlichen Rittertum des Mittelalters hervorgegangen ist und dessen Mitglieder Templer genannt werden.<\/p>\n<p>Das Siegel, ein pers\u00f6nlicher Stempel, der eine Urkunde beglaubigt und eine Unterschrift belegt. \u00dcbrigens sind etwa zwanzig verschiedene Templersiegel bekannt. Die franz\u00f6sischen Templersiegel werden im Service des sceaux des <a href=\"https:\/\/www.archives-nationales.culture.gouv.fr\/\" target=\"_blank\" rel=\"noopener noreferrer\">Nationalarchive von Frankreich<\/a>.<\/p>\n<p>Das Motto, sowohl f\u00fcr den Kampf mit dem Templerschwert als auch f\u00fcr alle Hilfsaktionen f\u00fcr den N\u00e4chsten, lautete: NON NOBIS, DOMINE, NON NOBIS, SED TUO NOMINI DA GLORIAM. Der Ruhm, nicht f\u00fcr uns, Herr, nicht f\u00fcr uns, sondern f\u00fcr deinen Namen.<\/p>\n<h2>Ihr legend\u00e4res Templerschwert zum besten Preis.<\/h2>\n<p>Wir bieten Ihnen eine gro\u00dfe Auswahl an Repliken aus dem Mittelalter.<\/p>\n<p>Zun\u00e4chst einmal,<\/p>\n<ul>\n<li>L'<a href=\"https:\/\/repliquemangacine.fr\/de\/mittelalterliches-schwert\/templer-schlagschwert\/\">Templer-Schlagschwert<\/a> mit seinem Patentkreuz auf dem Knauf.<\/li>\n<li>Aber auch die Replik von <a href=\"https:\/\/repliquemangacine.fr\/de\/mittelalterliches-schwert\/schwert-der-templer-2\/\">das Zeremonienschwert<\/a> der Templer.<\/li>\n<li>Und noch viel mehr gibt es in unserem Online-Shop zu entdecken!<\/li>\n<\/ul>\n<p>Deshalb ist dies eine tolle Geschenkidee f\u00fcr alle, die sich f\u00fcr die Zeit des Mittelalters begeistern.<\/p>\n<p>Abschlie\u00dfend k\u00f6nnen Sie auch diesen <strong>Legend\u00e4res Templerschwert<\/strong> f\u00fcr Ihre historischen Reenactments oder Themenabende. Vor allem aber ist es auch ein Sammler- und Dekorationsst\u00fcck<\/p>\n<h2>Wie pflegt man die Klinge seines mittelalterlichen Schwertes?<\/h2>\n<p>Sammlungs- und Dekorationsschwerter werden in vereinfachter Form hergestellt und zusammengebaut. Da sie zu Dekorationszwecken verwendet werden, fehlen ihnen die Sicherheitselemente, die ein japanisches Schwert f\u00fcr Trainingszwecke aufweisen muss.<\/p>\n<p>Allerdings ist Ihr <strong>Legend\u00e4res Templerschwert<\/strong> zu einer Stahlklinge, die gepflegt werden muss, damit sie nicht mit der Zeit abgenutzt wird. Wenn du dein Schwert n\u00e4mlich ausstellst, werden deine Freunde neugierig sein, die Klinge zu sehen und sie zu ber\u00fchren. Hier ist Vorsicht geboten, denn Sie sollten wissen, dass die S\u00e4ure der Finger dem Stahl unabh\u00e4ngig von seiner Qualit\u00e4t sehr schadet.<\/p>\n<p>Wenn dies jedoch passiert, keine Panik, Sie brauchen nur ein Tuch, das mit etwas \u00d6l befeuchtet ist, und wischen die Fingerabdr\u00fccke ab. Wenn Sie dies tun, werden Sie Ihr Schwert sehr lange behalten.<\/p>","protected":false},"excerpt":{"rendered":"<p>Legend\u00e4res Schwert der Templer.<\/p>\n<ul>\n<li>Klinge aus rostfreiem Stahl mit goldfarbener \u00c4tzung des Ritterschwurs auf schwarzem Grund.<\/li>\n<li>Knauf und Griffst\u00fcck aus vergoldetem und gealtertem Stahl.<\/li>\n<li>Mit braunem Leder \u00fcberzogener Griff und Kette.<\/li>\n<li>Wandplatte aus Holz.<\/li>\n<li>L\u00e4nge der Klinge: 89 cm - Gesamtl\u00e4nge: 112 cm<\/li>\n<\/ul>","protected":false},"featured_media":44697,"template":"","meta":[],"product_brand":[896],"product_cat":[25,84,43],"product_tag":[],"class_list":{"0":"post-44696","1":"product","2":"type-product","3":"status-publish","4":"has-post-thumbnail","6":"product_brand-replique-manga-cine","7":"product_cat-armes-historiques","8":"product_cat-epee-templier-medievale","9":"product_cat-reproductions-d-armes-et-accessoires-medievales","11":"first","12":"instock","13":"taxable","14":"shipping-taxable","15":"purchasable","16":"product-type-simple"},"yoast_head":"<!-- This site is optimized with the Yoast SEO plugin v27.5 - https:\/\/yoast.com\/product\/yoast-seo-wordpress\/ -->\n<title>Ep\u00e9e Templi\u00e8re l\u00e9gendaire - Vente d&#039;\u00e9p\u00e9es - R\u00e9plique Manga Cin\u00e9<\/title>\n<meta name=\"description\" content=\"Offrez-vous cette Ep\u00e9e Templi\u00e8re l\u00e9gendaire au meilleur prix - Lame noire en acier 440 avec gravure - Poign\u00e9e cuir - Support - Longueur totale : 112 cm\" \/>\n<meta name=\"robots\" content=\"index, follow, max-snippet:-1, max-image-preview:large, max-video-preview:-1\" \/>\n<link rel=\"canonical\" href=\"https:\/\/repliquemangacine.fr\/de\/mittelalterliches-schwert-der-templer\/legendares-templerschwert\/\" \/>\n<meta property=\"og:locale\" content=\"de_DE\" \/>\n<meta property=\"og:type\" content=\"article\" \/>\n<meta property=\"og:title\" content=\"Ep\u00e9e Templi\u00e8re l\u00e9gendaire - Vente d&#039;\u00e9p\u00e9es - R\u00e9plique Manga Cin\u00e9\" \/>\n<meta property=\"og:description\" content=\"Offrez-vous cette Ep\u00e9e Templi\u00e8re l\u00e9gendaire au meilleur prix - Lame noire en acier 440 avec gravure - Poign\u00e9e cuir - Support - Longueur totale : 112 cm\" \/>\n<meta property=\"og:url\" content=\"https:\/\/repliquemangacine.fr\/de\/mittelalterliches-schwert-der-templer\/legendares-templerschwert\/\" \/>\n<meta property=\"og:site_name\" content=\"R\u00e9plique Manga Cin\u00e9\" \/>\n<meta property=\"article:publisher\" content=\"https:\/\/www.facebook.com\/RepliqueMangaCine\" \/>\n<meta property=\"article:modified_time\" content=\"2026-03-04T10:04:25+00:00\" \/>\n<meta property=\"og:image\" content=\"https:\/\/repliquemangacine.fr\/wp-content\/uploads\/2023\/10\/products-143021.jpg\" \/>\n\t<meta property=\"og:image:width\" content=\"800\" \/>\n\t<meta property=\"og:image:height\" content=\"800\" \/>\n\t<meta property=\"og:image:type\" content=\"image\/jpeg\" \/>\n<meta name=\"twitter:card\" content=\"summary_large_image\" \/>\n<meta name=\"twitter:label1\" content=\"Gesch\u00e4tzte Lesezeit\" \/>\n\t<meta name=\"twitter:data1\" content=\"2\u00a0Minuten\" \/>\n<script type=\"application\/ld+json\" class=\"yoast-schema-graph\">{\"@context\":\"https:\\\/\\\/schema.org\",\"@graph\":[{\"@type\":\"WebPage\",\"@id\":\"https:\\\/\\\/repliquemangacine.fr\\\/epee-templier-medievale\\\/epee-templiere-legendaire\\\/\",\"url\":\"https:\\\/\\\/repliquemangacine.fr\\\/epee-templier-medievale\\\/epee-templiere-legendaire\\\/\",\"name\":\"Ep\u00e9e Templi\u00e8re l\u00e9gendaire - Vente d'\u00e9p\u00e9es - R\u00e9plique Manga Cin\u00e9\",\"isPartOf\":{\"@id\":\"https:\\\/\\\/repliquemangacine.fr\\\/#website\"},\"primaryImageOfPage\":{\"@id\":\"https:\\\/\\\/repliquemangacine.fr\\\/epee-templier-medievale\\\/epee-templiere-legendaire\\\/#primaryimage\"},\"image\":{\"@id\":\"https:\\\/\\\/repliquemangacine.fr\\\/epee-templier-medievale\\\/epee-templiere-legendaire\\\/#primaryimage\"},\"thumbnailUrl\":\"https:\\\/\\\/repliquemangacine.fr\\\/wp-content\\\/uploads\\\/2023\\\/10\\\/products-143021.jpg\",\"datePublished\":\"2021-11-21T13:41:14+00:00\",\"dateModified\":\"2026-03-04T10:04:25+00:00\",\"description\":\"Offrez-vous cette Ep\u00e9e Templi\u00e8re l\u00e9gendaire au meilleur prix - Lame noire en acier 440 avec gravure - Poign\u00e9e cuir - Support - Longueur totale : 112 cm\",\"breadcrumb\":{\"@id\":\"https:\\\/\\\/repliquemangacine.fr\\\/epee-templier-medievale\\\/epee-templiere-legendaire\\\/#breadcrumb\"},\"inLanguage\":\"de\",\"potentialAction\":[{\"@type\":\"ReadAction\",\"target\":[\"https:\\\/\\\/repliquemangacine.fr\\\/epee-templier-medievale\\\/epee-templiere-legendaire\\\/\"]}]},{\"@type\":\"ImageObject\",\"inLanguage\":\"de\",\"@id\":\"https:\\\/\\\/repliquemangacine.fr\\\/epee-templier-medievale\\\/epee-templiere-legendaire\\\/#primaryimage\",\"url\":\"https:\\\/\\\/repliquemangacine.fr\\\/wp-content\\\/uploads\\\/2023\\\/10\\\/products-143021.jpg\",\"contentUrl\":\"https:\\\/\\\/repliquemangacine.fr\\\/wp-content\\\/uploads\\\/2023\\\/10\\\/products-143021.jpg\",\"width\":800,\"height\":800,\"caption\":\"Ep\u00e9e Templi\u00e8re l\u00e9gendaire+ support\"},{\"@type\":\"BreadcrumbList\",\"@id\":\"https:\\\/\\\/repliquemangacine.fr\\\/epee-templier-medievale\\\/epee-templiere-legendaire\\\/#breadcrumb\",\"itemListElement\":[{\"@type\":\"ListItem\",\"position\":1,\"name\":\"Accueil\",\"item\":\"https:\\\/\\\/repliquemangacine.fr\\\/\"},{\"@type\":\"ListItem\",\"position\":2,\"name\":\"Produits\",\"item\":\"https:\\\/\\\/repliquemangacine.fr\\\/boutique\\\/\"},{\"@type\":\"ListItem\",\"position\":3,\"name\":\"Ep\u00e9e Templi\u00e8re l\u00e9gendaire\"}]},{\"@type\":\"WebSite\",\"@id\":\"https:\\\/\\\/repliquemangacine.fr\\\/#website\",\"url\":\"https:\\\/\\\/repliquemangacine.fr\\\/\",\"name\":\"R\u00e9plique Manga Cin\u00e9\",\"description\":\"\",\"publisher\":{\"@id\":\"https:\\\/\\\/repliquemangacine.fr\\\/#organization\"},\"potentialAction\":[{\"@type\":\"SearchAction\",\"target\":{\"@type\":\"EntryPoint\",\"urlTemplate\":\"https:\\\/\\\/repliquemangacine.fr\\\/?s={search_term_string}\"},\"query-input\":{\"@type\":\"PropertyValueSpecification\",\"valueRequired\":true,\"valueName\":\"search_term_string\"}}],\"inLanguage\":\"de\"},{\"@type\":\"Organization\",\"@id\":\"https:\\\/\\\/repliquemangacine.fr\\\/#organization\",\"name\":\"R\u00e9plique Manga Cin\u00e9\",\"url\":\"https:\\\/\\\/repliquemangacine.fr\\\/\",\"logo\":{\"@type\":\"ImageObject\",\"inLanguage\":\"de\",\"@id\":\"https:\\\/\\\/repliquemangacine.fr\\\/#\\\/schema\\\/logo\\\/image\\\/\",\"url\":\"https:\\\/\\\/repliquemangacine.fr\\\/wp-content\\\/uploads\\\/2023\\\/10\\\/RMC-500250.png\",\"contentUrl\":\"https:\\\/\\\/repliquemangacine.fr\\\/wp-content\\\/uploads\\\/2023\\\/10\\\/RMC-500250.png\",\"width\":500,\"height\":250,\"caption\":\"R\u00e9plique Manga Cin\u00e9\"},\"image\":{\"@id\":\"https:\\\/\\\/repliquemangacine.fr\\\/#\\\/schema\\\/logo\\\/image\\\/\"},\"sameAs\":[\"https:\\\/\\\/www.facebook.com\\\/RepliqueMangaCine\",\"https:\\\/\\\/www.instagram.com\\\/repliquemangacine.fr\\\/\"]}]}<\/script>\n<!-- \/ Yoast SEO plugin. -->","yoast_head_json":{"title":"Legend\u00e4res Templerschwert - Schwerter verkaufen - R\u00e9plique Manga Cin\u00e9","description":"G\u00f6nnen Sie sich dieses legend\u00e4re Templerschwert zum besten Preis - Schwarze Klinge aus 440er Stahl mit Gravur - Ledergriff - Halterung - Gesamtl\u00e4nge: 112 cm","robots":{"index":"index","follow":"follow","max-snippet":"max-snippet:-1","max-image-preview":"max-image-preview:large","max-video-preview":"max-video-preview:-1"},"canonical":"https:\/\/repliquemangacine.fr\/de\/mittelalterliches-schwert-der-templer\/legendares-templerschwert\/","og_locale":"de_DE","og_type":"article","og_title":"Ep\u00e9e Templi\u00e8re l\u00e9gendaire - Vente d'\u00e9p\u00e9es - R\u00e9plique Manga Cin\u00e9","og_description":"Offrez-vous cette Ep\u00e9e Templi\u00e8re l\u00e9gendaire au meilleur prix - Lame noire en acier 440 avec gravure - Poign\u00e9e cuir - Support - Longueur totale : 112 cm","og_url":"https:\/\/repliquemangacine.fr\/de\/mittelalterliches-schwert-der-templer\/legendares-templerschwert\/","og_site_name":"R\u00e9plique Manga Cin\u00e9","article_publisher":"https:\/\/www.facebook.com\/RepliqueMangaCine","article_modified_time":"2026-03-04T10:04:25+00:00","og_image":[{"width":800,"height":800,"url":"https:\/\/repliquemangacine.fr\/wp-content\/uploads\/2023\/10\/products-143021.jpg","type":"image\/jpeg"}],"twitter_card":"summary_large_image","twitter_misc":{"Gesch\u00e4tzte Lesezeit":"2\u00a0Minuten"},"schema":{"@context":"https:\/\/schema.org","@graph":[{"@type":"WebPage","@id":"https:\/\/repliquemangacine.fr\/epee-templier-medievale\/epee-templiere-legendaire\/","url":"https:\/\/repliquemangacine.fr\/epee-templier-medievale\/epee-templiere-legendaire\/","name":"Legend\u00e4res Templerschwert - Schwerter verkaufen - R\u00e9plique Manga Cin\u00e9","isPartOf":{"@id":"https:\/\/repliquemangacine.fr\/#website"},"primaryImageOfPage":{"@id":"https:\/\/repliquemangacine.fr\/epee-templier-medievale\/epee-templiere-legendaire\/#primaryimage"},"image":{"@id":"https:\/\/repliquemangacine.fr\/epee-templier-medievale\/epee-templiere-legendaire\/#primaryimage"},"thumbnailUrl":"https:\/\/repliquemangacine.fr\/wp-content\/uploads\/2023\/10\/products-143021.jpg","datePublished":"2021-11-21T13:41:14+00:00","dateModified":"2026-03-04T10:04:25+00:00","description":"G\u00f6nnen Sie sich dieses legend\u00e4re Templerschwert zum besten Preis - Schwarze Klinge aus 440er Stahl mit Gravur - Ledergriff - Halterung - Gesamtl\u00e4nge: 112 cm","breadcrumb":{"@id":"https:\/\/repliquemangacine.fr\/epee-templier-medievale\/epee-templiere-legendaire\/#breadcrumb"},"inLanguage":"de","potentialAction":[{"@type":"ReadAction","target":["https:\/\/repliquemangacine.fr\/epee-templier-medievale\/epee-templiere-legendaire\/"]}]},{"@type":"ImageObject","inLanguage":"de","@id":"https:\/\/repliquemangacine.fr\/epee-templier-medievale\/epee-templiere-legendaire\/#primaryimage","url":"https:\/\/repliquemangacine.fr\/wp-content\/uploads\/2023\/10\/products-143021.jpg","contentUrl":"https:\/\/repliquemangacine.fr\/wp-content\/uploads\/2023\/10\/products-143021.jpg","width":800,"height":800,"caption":"Ep\u00e9e Templi\u00e8re l\u00e9gendaire+ support"},{"@type":"BreadcrumbList","@id":"https:\/\/repliquemangacine.fr\/epee-templier-medievale\/epee-templiere-legendaire\/#breadcrumb","itemListElement":[{"@type":"ListItem","position":1,"name":"Accueil","item":"https:\/\/repliquemangacine.fr\/"},{"@type":"ListItem","position":2,"name":"Produits","item":"https:\/\/repliquemangacine.fr\/boutique\/"},{"@type":"ListItem","position":3,"name":"Ep\u00e9e Templi\u00e8re l\u00e9gendaire"}]},{"@type":"WebSite","@id":"https:\/\/repliquemangacine.fr\/#website","url":"https:\/\/repliquemangacine.fr\/","name":"R\u00e9plique Manga Cin\u00e9","description":"","publisher":{"@id":"https:\/\/repliquemangacine.fr\/#organization"},"potentialAction":[{"@type":"SearchAction","target":{"@type":"EntryPoint","urlTemplate":"https:\/\/repliquemangacine.fr\/?s={search_term_string}"},"query-input":{"@type":"PropertyValueSpecification","valueRequired":true,"valueName":"search_term_string"}}],"inLanguage":"de"},{"@type":"Organization","@id":"https:\/\/repliquemangacine.fr\/#organization","name":"R\u00e9plique Manga Cin\u00e9","url":"https:\/\/repliquemangacine.fr\/","logo":{"@type":"ImageObject","inLanguage":"de","@id":"https:\/\/repliquemangacine.fr\/#\/schema\/logo\/image\/","url":"https:\/\/repliquemangacine.fr\/wp-content\/uploads\/2023\/10\/RMC-500250.png","contentUrl":"https:\/\/repliquemangacine.fr\/wp-content\/uploads\/2023\/10\/RMC-500250.png","width":500,"height":250,"caption":"R\u00e9plique Manga Cin\u00e9"},"image":{"@id":"https:\/\/repliquemangacine.fr\/#\/schema\/logo\/image\/"},"sameAs":["https:\/\/www.facebook.com\/RepliqueMangaCine","https:\/\/www.instagram.com\/repliquemangacine.fr\/"]}]}},"_links":{"self":[{"href":"https:\/\/repliquemangacine.fr\/de\/wp-json\/wp\/v2\/product\/44696","targetHints":{"allow":["GET"]}}],"collection":[{"href":"https:\/\/repliquemangacine.fr\/de\/wp-json\/wp\/v2\/product"}],"about":[{"href":"https:\/\/repliquemangacine.fr\/de\/wp-json\/wp\/v2\/types\/product"}],"wp:featuredmedia":[{"embeddable":true,"href":"https:\/\/repliquemangacine.fr\/de\/wp-json\/wp\/v2\/media\/44697"}],"wp:attachment":[{"href":"https:\/\/repliquemangacine.fr\/de\/wp-json\/wp\/v2\/media?parent=44696"}],"wp:term":[{"taxonomy":"product_brand","embeddable":true,"href":"https:\/\/repliquemangacine.fr\/de\/wp-json\/wp\/v2\/product_brand?post=44696"},{"taxonomy":"product_cat","embeddable":true,"href":"https:\/\/repliquemangacine.fr\/de\/wp-json\/wp\/v2\/product_cat?post=44696"},{"taxonomy":"product_tag","embeddable":true,"href":"https:\/\/repliquemangacine.fr\/de\/wp-json\/wp\/v2\/product_tag?post=44696"}],"curies":[{"name":"wp","href":"https:\/\/api.w.org\/{rel}","templated":true}]}}