





{"id":44267,"date":"2021-11-09T16:51:30","date_gmt":"2021-11-09T15:51:30","guid":{"rendered":"https:\/\/repliquemangacine.fr\/?post_type=product&#038;p=44267"},"modified":"2026-02-16T15:46:15","modified_gmt":"2026-02-16T14:46:15","slug":"gandalf-schwert-glamdring-der-herr-der-ringe","status":"publish","type":"product","link":"https:\/\/repliquemangacine.fr\/de\/epees-the-hobbit\/epee-de-gandalf-glamdring-le-seigneur-des-anneaux\/","title":{"rendered":"Gandalfs Schwert Glamdring - LOTR"},"content":{"rendered":"<h2>Gandalfs Schwert Glamdring Der Herr der Ringe<\/h2>\n<p>Zu Beginn wird die<strong>Gandalfs Schwert Glamdring<\/strong> geh\u00f6rte einst dem K\u00f6nig von Gondolin, Turgon, und sp\u00e4ter Gandalf. Wie Dard leuchtet sie blau, wenn Orks sich n\u00e4hern, denn sie ist eine Elbenklinge. Der Zauberer benutzte Glamdring, um den letzten Balrog von Morgoths Moria zu t\u00f6ten.<\/p>\n<p>Das Schwert, das Orcrists Schwester ist, wurde von Gandalf in einer Trollh\u00f6hle gefunden, als er an Thorin Eichenschilds Expedition teilnahm. Es hei\u00dft, dass es wie viele andere Schwerter von Maeglin geschmiedet wurde. Auf dem Schwert ist sein Name in Runen eingraviert.<\/p>\n<p>Gandalf der Graue, sp\u00e4ter bekannt als <a href=\"https:\/\/lotr.fandom.com\/fr\/wiki\/Gandalf\" target=\"_blank\" rel=\"noopener noreferrer\">Gandalf<\/a> der Wei\u00dfe, ist ein Zauberer. Er wurde im Dritten Zeitalter nach Mittelerde geschickt, um die Bedrohung durch Sauron zu bek\u00e4mpfen.<\/p>\n<h2>Ihr Gandalf Glamdring Schwert zum besten Preis.<\/h2>\n<p>Wir bieten Ihnen alle Schwertrepliken und Schmuckst\u00fccke aus der Trilogie \"Der Herr der Ringe\" an.<\/p>\n<p>Zun\u00e4chst einmal,<\/p>\n<ul>\n<li>Das Schwert<a href=\"https:\/\/repliquemangacine.fr\/de\/herr-der-ringe-schwerter\/theoden-schwert-herugrim-schwert\/\"> von Theoden<\/a>Es ist Gandalf, der K\u00f6nig Th\u00e9oden von Sarumans Fluch befreit.<\/li>\n<li>Es gibt auch die <a href=\"https:\/\/repliquemangacine.fr\/de\/schmuck-ringe\/brosche-halskette-blatt-der-lorien-seigneur-des-anneaux\/\">Brosche Blatt der Lorien<\/a>Der Ring ist ein Symbol, das alle Mitglieder der Ringgemeinschaft tragen.<\/li>\n<li>Sowie das Schwert von Aragorn dem Anduril, dem zuk\u00fcnftigen K\u00f6nig von Gondor.<\/li>\n<li>Und viele andere, die es in unserem Online-Shop zu entdecken gibt!<\/li>\n<\/ul>\n<p>Deshalb ist dies eine tolle Geschenkidee f\u00fcr Fans der Trilogie \"Der Herr der Ringe\".<\/p>\n<p>Abschlie\u00dfend k\u00f6nnen Sie den<strong>Gandalfs Schwert Glamdring<\/strong> in Ihren Themenpartys oder Cosplay-Paraden. Vor allem aber ist dieses Schwert ein Sammler- und Dekorationsst\u00fcck<\/p>\n<h2>Wie pflegt man die Klinge seines \"Herr der Ringe\"-Schwerts?<\/h2>\n<p>Sammlungs- und Dekorationsschwerter werden in vereinfachter Form hergestellt und zusammengebaut. Da sie zu Dekorationszwecken verwendet werden, fehlen ihnen die Sicherheitselemente, die ein japanisches Schwert f\u00fcr Trainingszwecke aufweisen muss.<\/p>\n<p>Allerdings ist Ihr <strong>Gandalfs Schwert Glamdring<\/strong> zu einer Stahlklinge, die gepflegt werden muss, damit sie nicht mit der Zeit abgenutzt wird. Denn wenn du dein Katana ausstellst, werden deine Freunde neugierig sein, die Klinge zu sehen und sie zu ber\u00fchren. Hier ist Vorsicht geboten, denn Sie sollten wissen, dass die S\u00e4ure der Finger dem Stahl unabh\u00e4ngig von seiner Qualit\u00e4t sehr schadet.<\/p>\n<p>Wenn dies jedoch passiert, keine Panik, Sie brauchen nur ein Tuch, das mit etwas \u00d6l befeuchtet ist, und wischen die Fingerabdr\u00fccke ab. Wenn Sie dies tun, werden Sie Ihr Schwert sehr lange behalten.<\/p>\n<p><strong>\u00a0<\/strong><\/p>","protected":false},"excerpt":{"rendered":"<p>Schwert von Gandalf in der Trilogie \"Der Herr der Ringe\".<\/p>\n<ul>\n<li>Klinge aus rostfreiem Stahl mit Hohlkehle, nicht scharfkantig.<\/li>\n<li>Knauf und Griffst\u00fcck aus antikisiertem Stahl.<\/li>\n<li>Elfenrunen in der Mitte der Wache.<\/li>\n<li>Mit Kunstleder \u00fcberzogener Griff.<\/li>\n<li>Wandhalterung aus Holz.<\/li>\n<li>L\u00e4nge der Klinge: 90,5 cm - Gesamtl\u00e4nge: 122 cm<\/li>\n<\/ul>","protected":false},"featured_media":44268,"template":"","meta":[],"product_brand":[896],"product_cat":[68,69,24,29,35],"product_tag":[],"class_list":{"0":"post-44267","1":"product","2":"type-product","3":"status-publish","4":"has-post-thumbnail","6":"product_brand-replique-manga-cine","7":"product_cat-epees-seigneur-des-anneaux","8":"product_cat-epees-the-hobbit","9":"product_cat-films-series-tv-vente-de-katana-epee-et-produits-derives","10":"product_cat-le-seigneur-des-anneaux","11":"product_cat-epee-et-bijoux-the-hobbit","13":"first","14":"instock","15":"sale","16":"taxable","17":"shipping-taxable","18":"purchasable","19":"product-type-simple"},"yoast_head":"<!-- This site is optimized with the Yoast SEO plugin v27.5 - https:\/\/yoast.com\/product\/yoast-seo-wordpress\/ -->\n<title>Ep\u00e9e de Gandalf Glamdring - Le Seigneur des Anneaux | RMC<\/title>\n<meta name=\"description\" content=\"Faite vous plaisir avec l&#039;Ep\u00e9e de Gandalf Glamdring Seigneur des Anneaux au meilleur prix - Lame en acier - Support - Longueur : 122 cm - Envoi 24\/48h\" \/>\n<meta name=\"robots\" content=\"index, follow, max-snippet:-1, max-image-preview:large, max-video-preview:-1\" \/>\n<link rel=\"canonical\" href=\"https:\/\/repliquemangacine.fr\/de\/schwerter-the-hobbit\/gandalf-schwert-glamdring-der-herr-der-ringe\/\" \/>\n<meta property=\"og:locale\" content=\"de_DE\" \/>\n<meta property=\"og:type\" content=\"article\" \/>\n<meta property=\"og:title\" content=\"Ep\u00e9e de Gandalf Glamdring - Le Seigneur des Anneaux | RMC\" \/>\n<meta property=\"og:description\" content=\"Faite vous plaisir avec l&#039;Ep\u00e9e de Gandalf Glamdring Seigneur des Anneaux au meilleur prix - Lame en acier - Support - Longueur : 122 cm - Envoi 24\/48h\" \/>\n<meta property=\"og:url\" content=\"https:\/\/repliquemangacine.fr\/de\/schwerter-the-hobbit\/gandalf-schwert-glamdring-der-herr-der-ringe\/\" \/>\n<meta property=\"og:site_name\" content=\"R\u00e9plique Manga Cin\u00e9\" \/>\n<meta property=\"article:publisher\" content=\"https:\/\/www.facebook.com\/RepliqueMangaCine\" \/>\n<meta property=\"article:modified_time\" content=\"2026-02-16T14:46:15+00:00\" \/>\n<meta property=\"og:image\" content=\"https:\/\/repliquemangacine.fr\/wp-content\/uploads\/2023\/10\/epee-gandalf-.jpg\" \/>\n\t<meta property=\"og:image:width\" content=\"800\" \/>\n\t<meta property=\"og:image:height\" content=\"800\" \/>\n\t<meta property=\"og:image:type\" content=\"image\/jpeg\" \/>\n<meta name=\"twitter:card\" content=\"summary_large_image\" \/>\n<meta name=\"twitter:label1\" content=\"Gesch\u00e4tzte Lesezeit\" \/>\n\t<meta name=\"twitter:data1\" content=\"2\u00a0Minuten\" \/>\n<script type=\"application\/ld+json\" class=\"yoast-schema-graph\">{\"@context\":\"https:\\\/\\\/schema.org\",\"@graph\":[{\"@type\":\"WebPage\",\"@id\":\"https:\\\/\\\/repliquemangacine.fr\\\/epees-the-hobbit\\\/epee-de-gandalf-glamdring-le-seigneur-des-anneaux\\\/\",\"url\":\"https:\\\/\\\/repliquemangacine.fr\\\/epees-the-hobbit\\\/epee-de-gandalf-glamdring-le-seigneur-des-anneaux\\\/\",\"name\":\"Ep\u00e9e de Gandalf Glamdring - Le Seigneur des Anneaux | RMC\",\"isPartOf\":{\"@id\":\"https:\\\/\\\/repliquemangacine.fr\\\/#website\"},\"primaryImageOfPage\":{\"@id\":\"https:\\\/\\\/repliquemangacine.fr\\\/epees-the-hobbit\\\/epee-de-gandalf-glamdring-le-seigneur-des-anneaux\\\/#primaryimage\"},\"image\":{\"@id\":\"https:\\\/\\\/repliquemangacine.fr\\\/epees-the-hobbit\\\/epee-de-gandalf-glamdring-le-seigneur-des-anneaux\\\/#primaryimage\"},\"thumbnailUrl\":\"https:\\\/\\\/repliquemangacine.fr\\\/wp-content\\\/uploads\\\/2023\\\/10\\\/epee-gandalf-.jpg\",\"datePublished\":\"2021-11-09T15:51:30+00:00\",\"dateModified\":\"2026-02-16T14:46:15+00:00\",\"description\":\"Faite vous plaisir avec l'Ep\u00e9e de Gandalf Glamdring Seigneur des Anneaux au meilleur prix - Lame en acier - Support - Longueur : 122 cm - Envoi 24\\\/48h\",\"breadcrumb\":{\"@id\":\"https:\\\/\\\/repliquemangacine.fr\\\/epees-the-hobbit\\\/epee-de-gandalf-glamdring-le-seigneur-des-anneaux\\\/#breadcrumb\"},\"inLanguage\":\"de\",\"potentialAction\":[{\"@type\":\"ReadAction\",\"target\":[\"https:\\\/\\\/repliquemangacine.fr\\\/epees-the-hobbit\\\/epee-de-gandalf-glamdring-le-seigneur-des-anneaux\\\/\"]}]},{\"@type\":\"ImageObject\",\"inLanguage\":\"de\",\"@id\":\"https:\\\/\\\/repliquemangacine.fr\\\/epees-the-hobbit\\\/epee-de-gandalf-glamdring-le-seigneur-des-anneaux\\\/#primaryimage\",\"url\":\"https:\\\/\\\/repliquemangacine.fr\\\/wp-content\\\/uploads\\\/2023\\\/10\\\/epee-gandalf-.jpg\",\"contentUrl\":\"https:\\\/\\\/repliquemangacine.fr\\\/wp-content\\\/uploads\\\/2023\\\/10\\\/epee-gandalf-.jpg\",\"width\":800,\"height\":800,\"caption\":\"\u00e9p\u00e9e de Gandalf Glamdring\"},{\"@type\":\"BreadcrumbList\",\"@id\":\"https:\\\/\\\/repliquemangacine.fr\\\/epees-the-hobbit\\\/epee-de-gandalf-glamdring-le-seigneur-des-anneaux\\\/#breadcrumb\",\"itemListElement\":[{\"@type\":\"ListItem\",\"position\":1,\"name\":\"Accueil\",\"item\":\"https:\\\/\\\/repliquemangacine.fr\\\/\"},{\"@type\":\"ListItem\",\"position\":2,\"name\":\"Produits\",\"item\":\"https:\\\/\\\/repliquemangacine.fr\\\/boutique\\\/\"},{\"@type\":\"ListItem\",\"position\":3,\"name\":\"Ep\u00e9e de Gandalf Glamdring &#8211; LOTR\"}]},{\"@type\":\"WebSite\",\"@id\":\"https:\\\/\\\/repliquemangacine.fr\\\/#website\",\"url\":\"https:\\\/\\\/repliquemangacine.fr\\\/\",\"name\":\"R\u00e9plique Manga Cin\u00e9\",\"description\":\"\",\"publisher\":{\"@id\":\"https:\\\/\\\/repliquemangacine.fr\\\/#organization\"},\"potentialAction\":[{\"@type\":\"SearchAction\",\"target\":{\"@type\":\"EntryPoint\",\"urlTemplate\":\"https:\\\/\\\/repliquemangacine.fr\\\/?s={search_term_string}\"},\"query-input\":{\"@type\":\"PropertyValueSpecification\",\"valueRequired\":true,\"valueName\":\"search_term_string\"}}],\"inLanguage\":\"de\"},{\"@type\":\"Organization\",\"@id\":\"https:\\\/\\\/repliquemangacine.fr\\\/#organization\",\"name\":\"R\u00e9plique Manga Cin\u00e9\",\"url\":\"https:\\\/\\\/repliquemangacine.fr\\\/\",\"logo\":{\"@type\":\"ImageObject\",\"inLanguage\":\"de\",\"@id\":\"https:\\\/\\\/repliquemangacine.fr\\\/#\\\/schema\\\/logo\\\/image\\\/\",\"url\":\"https:\\\/\\\/repliquemangacine.fr\\\/wp-content\\\/uploads\\\/2023\\\/10\\\/RMC-500250.png\",\"contentUrl\":\"https:\\\/\\\/repliquemangacine.fr\\\/wp-content\\\/uploads\\\/2023\\\/10\\\/RMC-500250.png\",\"width\":500,\"height\":250,\"caption\":\"R\u00e9plique Manga Cin\u00e9\"},\"image\":{\"@id\":\"https:\\\/\\\/repliquemangacine.fr\\\/#\\\/schema\\\/logo\\\/image\\\/\"},\"sameAs\":[\"https:\\\/\\\/www.facebook.com\\\/RepliqueMangaCine\",\"https:\\\/\\\/www.instagram.com\\\/repliquemangacine.fr\\\/\"]}]}<\/script>\n<!-- \/ Yoast SEO plugin. -->","yoast_head_json":{"title":"Gandalfs Schwert Glamdring - Der Herr der Ringe | RMC","description":"G\u00f6nnen Sie sich das Schwert von Gandalf Glamdring Herr der Ringe zum besten Preis - Klinge aus Stahl - Halterung - L\u00e4nge: 122 cm - Versand 24\/48h","robots":{"index":"index","follow":"follow","max-snippet":"max-snippet:-1","max-image-preview":"max-image-preview:large","max-video-preview":"max-video-preview:-1"},"canonical":"https:\/\/repliquemangacine.fr\/de\/schwerter-the-hobbit\/gandalf-schwert-glamdring-der-herr-der-ringe\/","og_locale":"de_DE","og_type":"article","og_title":"Ep\u00e9e de Gandalf Glamdring - Le Seigneur des Anneaux | RMC","og_description":"Faite vous plaisir avec l'Ep\u00e9e de Gandalf Glamdring Seigneur des Anneaux au meilleur prix - Lame en acier - Support - Longueur : 122 cm - Envoi 24\/48h","og_url":"https:\/\/repliquemangacine.fr\/de\/schwerter-the-hobbit\/gandalf-schwert-glamdring-der-herr-der-ringe\/","og_site_name":"R\u00e9plique Manga Cin\u00e9","article_publisher":"https:\/\/www.facebook.com\/RepliqueMangaCine","article_modified_time":"2026-02-16T14:46:15+00:00","og_image":[{"width":800,"height":800,"url":"https:\/\/repliquemangacine.fr\/wp-content\/uploads\/2023\/10\/epee-gandalf-.jpg","type":"image\/jpeg"}],"twitter_card":"summary_large_image","twitter_misc":{"Gesch\u00e4tzte Lesezeit":"2\u00a0Minuten"},"schema":{"@context":"https:\/\/schema.org","@graph":[{"@type":"WebPage","@id":"https:\/\/repliquemangacine.fr\/epees-the-hobbit\/epee-de-gandalf-glamdring-le-seigneur-des-anneaux\/","url":"https:\/\/repliquemangacine.fr\/epees-the-hobbit\/epee-de-gandalf-glamdring-le-seigneur-des-anneaux\/","name":"Gandalfs Schwert Glamdring - Der Herr der Ringe | RMC","isPartOf":{"@id":"https:\/\/repliquemangacine.fr\/#website"},"primaryImageOfPage":{"@id":"https:\/\/repliquemangacine.fr\/epees-the-hobbit\/epee-de-gandalf-glamdring-le-seigneur-des-anneaux\/#primaryimage"},"image":{"@id":"https:\/\/repliquemangacine.fr\/epees-the-hobbit\/epee-de-gandalf-glamdring-le-seigneur-des-anneaux\/#primaryimage"},"thumbnailUrl":"https:\/\/repliquemangacine.fr\/wp-content\/uploads\/2023\/10\/epee-gandalf-.jpg","datePublished":"2021-11-09T15:51:30+00:00","dateModified":"2026-02-16T14:46:15+00:00","description":"G\u00f6nnen Sie sich das Schwert von Gandalf Glamdring Herr der Ringe zum besten Preis - Klinge aus Stahl - Halterung - L\u00e4nge: 122 cm - Versand 24\/48h","breadcrumb":{"@id":"https:\/\/repliquemangacine.fr\/epees-the-hobbit\/epee-de-gandalf-glamdring-le-seigneur-des-anneaux\/#breadcrumb"},"inLanguage":"de","potentialAction":[{"@type":"ReadAction","target":["https:\/\/repliquemangacine.fr\/epees-the-hobbit\/epee-de-gandalf-glamdring-le-seigneur-des-anneaux\/"]}]},{"@type":"ImageObject","inLanguage":"de","@id":"https:\/\/repliquemangacine.fr\/epees-the-hobbit\/epee-de-gandalf-glamdring-le-seigneur-des-anneaux\/#primaryimage","url":"https:\/\/repliquemangacine.fr\/wp-content\/uploads\/2023\/10\/epee-gandalf-.jpg","contentUrl":"https:\/\/repliquemangacine.fr\/wp-content\/uploads\/2023\/10\/epee-gandalf-.jpg","width":800,"height":800,"caption":"\u00e9p\u00e9e de Gandalf Glamdring"},{"@type":"BreadcrumbList","@id":"https:\/\/repliquemangacine.fr\/epees-the-hobbit\/epee-de-gandalf-glamdring-le-seigneur-des-anneaux\/#breadcrumb","itemListElement":[{"@type":"ListItem","position":1,"name":"Accueil","item":"https:\/\/repliquemangacine.fr\/"},{"@type":"ListItem","position":2,"name":"Produits","item":"https:\/\/repliquemangacine.fr\/boutique\/"},{"@type":"ListItem","position":3,"name":"Ep\u00e9e de Gandalf Glamdring &#8211; LOTR"}]},{"@type":"WebSite","@id":"https:\/\/repliquemangacine.fr\/#website","url":"https:\/\/repliquemangacine.fr\/","name":"R\u00e9plique Manga Cin\u00e9","description":"","publisher":{"@id":"https:\/\/repliquemangacine.fr\/#organization"},"potentialAction":[{"@type":"SearchAction","target":{"@type":"EntryPoint","urlTemplate":"https:\/\/repliquemangacine.fr\/?s={search_term_string}"},"query-input":{"@type":"PropertyValueSpecification","valueRequired":true,"valueName":"search_term_string"}}],"inLanguage":"de"},{"@type":"Organization","@id":"https:\/\/repliquemangacine.fr\/#organization","name":"R\u00e9plique Manga Cin\u00e9","url":"https:\/\/repliquemangacine.fr\/","logo":{"@type":"ImageObject","inLanguage":"de","@id":"https:\/\/repliquemangacine.fr\/#\/schema\/logo\/image\/","url":"https:\/\/repliquemangacine.fr\/wp-content\/uploads\/2023\/10\/RMC-500250.png","contentUrl":"https:\/\/repliquemangacine.fr\/wp-content\/uploads\/2023\/10\/RMC-500250.png","width":500,"height":250,"caption":"R\u00e9plique Manga Cin\u00e9"},"image":{"@id":"https:\/\/repliquemangacine.fr\/#\/schema\/logo\/image\/"},"sameAs":["https:\/\/www.facebook.com\/RepliqueMangaCine","https:\/\/www.instagram.com\/repliquemangacine.fr\/"]}]}},"_links":{"self":[{"href":"https:\/\/repliquemangacine.fr\/de\/wp-json\/wp\/v2\/product\/44267","targetHints":{"allow":["GET"]}}],"collection":[{"href":"https:\/\/repliquemangacine.fr\/de\/wp-json\/wp\/v2\/product"}],"about":[{"href":"https:\/\/repliquemangacine.fr\/de\/wp-json\/wp\/v2\/types\/product"}],"wp:featuredmedia":[{"embeddable":true,"href":"https:\/\/repliquemangacine.fr\/de\/wp-json\/wp\/v2\/media\/44268"}],"wp:attachment":[{"href":"https:\/\/repliquemangacine.fr\/de\/wp-json\/wp\/v2\/media?parent=44267"}],"wp:term":[{"taxonomy":"product_brand","embeddable":true,"href":"https:\/\/repliquemangacine.fr\/de\/wp-json\/wp\/v2\/product_brand?post=44267"},{"taxonomy":"product_cat","embeddable":true,"href":"https:\/\/repliquemangacine.fr\/de\/wp-json\/wp\/v2\/product_cat?post=44267"},{"taxonomy":"product_tag","embeddable":true,"href":"https:\/\/repliquemangacine.fr\/de\/wp-json\/wp\/v2\/product_tag?post=44267"}],"curies":[{"name":"wp","href":"https:\/\/api.w.org\/{rel}","templated":true}]}}